{"id":11362,"date":"2023-09-20T08:49:04","date_gmt":"2023-09-20T08:49:04","guid":{"rendered":"https:\/\/petproducts.com.cn\/?post_type=product&#038;p=11362"},"modified":"2023-09-22T05:15:06","modified_gmt":"2023-09-22T05:15:06","slug":"adjustable-cat-tower-modern-cat-replacement-rope-furniture","status":"publish","type":"product","link":"https:\/\/petproducts.com.cn\/de\/product\/adjustable-cat-tower-modern-cat-replacement-rope-furniture\/","title":{"rendered":"Verstellbarer Katzenturm, modernes Katzenersatz-Seilm\u00f6bel"},"content":{"rendered":"<h2><strong>Merkmale des verstellbaren Katzenturms<\/strong><\/h2>\n<p><strong>1. obere Sitzstange f\u00fcr erh\u00f6htes Sitzen:<\/strong>Katzen lieben es, sich hinzusetzen und ihre Umgebung zu beobachten. Unser verstellbarer Katzenturm verf\u00fcgt \u00fcber eine ger\u00e4umige obere Sitzstange, auf der Katzen ihrer nat\u00fcrlichen Neugier fr\u00f6nen k\u00f6nnen, w\u00e4hrend sie bequem und sicher sitzen. Das weiche Kissen ist der perfekte Platz f\u00fcr sie, um sich zu entspannen und ihr Reich zu beobachten.<\/p>\n<p><strong>2. h\u00e4ngenden Korb f\u00fcr spielerischen Spa\u00df<\/strong>: Katzen sind f\u00fcr ihr verspieltes Wesen bekannt, und unser Katzenturm tr\u00e4gt dem Rechnung. Ein h\u00e4ngendes K\u00f6rbchen kann ein herrlicher Ort f\u00fcr interaktiven Spa\u00df f\u00fcr Katzen sein. Aufgeh\u00e4ngt an einem stabilen Gestell f\u00f6rdert er die Bewegung und die geistige Stimulation.<\/p>\n<p><strong>3. nat\u00fcrlicher Sisalpfosten f\u00fcr das Kratzvergn\u00fcgen:<\/strong> Kratzen ist ein instinktives Verhalten von Katzen, und unser Katzenturm bietet einen nat\u00fcrlichen Sisalpfosten, der als ideales Ventil f\u00fcr diese Aktivit\u00e4t dient. Das Sisalseil ist austauschbar und garantiert Langlebigkeit und st\u00e4ndige Unterhaltung f\u00fcr die geliebten Haustiere Ihrer Kunden.<\/p>\n<p><strong>4.Sleep Condo f\u00fcr gem\u00fctliche R\u00fcckzugsorte:<\/strong> Jede Katze braucht einen ruhigen R\u00fcckzugsort, und unsere modernen Katzenm\u00f6bel umfassen eine Schlafcouch f\u00fcr genau diesen Zweck. Darin k\u00f6nnen sich die Katzen vor neugierigen Blicken gesch\u00fctzt zusammenrollen und ungest\u00f6rt ausruhen und entspannen. Die pl\u00fcschige Innenausstattung bietet ultimativen Komfort.<\/p>\n<p><strong>5. einstellbarer Winkel zur Anpassung:<\/strong> Eines der herausragenden Merkmale unseres Katzenturms ist seine Verstellbarkeit. Der Winkel des Turms kann an verschiedene R\u00e4ume und Vorlieben angepasst werden. Diese Anpassungsf\u00e4higkeit sorgt daf\u00fcr, dass er sich nahtlos in jedes Haus einf\u00fcgt, was ihn zu einer attraktiven Option f\u00fcr Ihre Kunden macht.<\/p>\n<p><strong>6. stabile Basis f\u00fcr Sicherheit:<\/strong> Sicherheit ist das A und O bei Produkten f\u00fcr Haustiere. Unser verstellbarer Katzenturm hat einen stabilen Sockel, der ein Wackeln oder Umkippen verhindert, selbst bei den energischsten Katzenstreichen. Diese Stabilit\u00e4t garantiert sowohl den Haustieren als auch ihren Besitzern ein sicheres Gef\u00fchl.<\/p>","protected":false},"excerpt":{"rendered":"<p>Wir sind ein Hersteller von verstellbaren Katzent\u00fcrmen mit mehr als 20 Jahren Erfahrung. Wir bieten Anpassungsm\u00f6glichkeiten f\u00fcr Farbe, Gr\u00f6\u00dfe, Stoff, Muster, Logo und andere Merkmale.<\/p>","protected":false},"featured_media":11366,"template":"","meta":{"_acf_changed":false},"product_brand":[],"product_cat":[71,47],"product_tag":[88],"class_list":{"0":"post-11362","1":"product","2":"type-product","3":"status-publish","4":"has-post-thumbnail","6":"product_cat-cat-supplies","7":"product_cat-cat-trees-furniture","8":"product_tag-cat-trees-furniture","10":"first","11":"instock","12":"shipping-taxable","13":"product-type-simple"},"acf":[],"yoast_head":"<!-- This site is optimized with the Yoast SEO plugin v27.1.1 - https:\/\/yoast.com\/product\/yoast-seo-wordpress\/ -->\n<title>Adjustable Cat Tower Modern Cat Replacement Rope Furniture - Petstar<\/title>\n<meta name=\"description\" content=\"Explore Petstar adjustable cat tower- Mass Production, Customization, and Design Options Available.We are a leading global one-stop supplier.\" \/>\n<meta name=\"robots\" content=\"index, follow, max-snippet:-1, max-image-preview:large, max-video-preview:-1\" \/>\n<link rel=\"canonical\" href=\"https:\/\/petproducts.com.cn\/de\/produkt\/adjustable-cat-tower-modern-cat-replacement-rope-furniture\/\" \/>\n<meta property=\"og:locale\" content=\"de_DE\" \/>\n<meta property=\"og:type\" content=\"article\" \/>\n<meta property=\"og:title\" content=\"Adjustable Cat Tower Modern Cat Replacement Rope Furniture - Petstar\" \/>\n<meta property=\"og:description\" content=\"Explore Petstar adjustable cat tower- Mass Production, Customization, and Design Options Available.We are a leading global one-stop supplier.\" \/>\n<meta property=\"og:url\" content=\"https:\/\/petproducts.com.cn\/de\/produkt\/adjustable-cat-tower-modern-cat-replacement-rope-furniture\/\" \/>\n<meta property=\"og:site_name\" content=\"Petstar\" \/>\n<meta property=\"article:modified_time\" content=\"2023-09-22T05:15:06+00:00\" \/>\n<meta property=\"og:image\" content=\"https:\/\/petproducts.com.cn\/wp-content\/uploads\/2023\/09\/YS122274-2_webp.webp\" \/>\n\t<meta property=\"og:image:width\" content=\"1000\" \/>\n\t<meta property=\"og:image:height\" content=\"1000\" \/>\n\t<meta property=\"og:image:type\" content=\"image\/webp\" \/>\n<meta name=\"twitter:card\" content=\"summary_large_image\" \/>\n<meta name=\"twitter:label1\" content=\"Gesch\u00e4tzte Lesezeit\" \/>\n\t<meta name=\"twitter:data1\" content=\"2\u00a0Minuten\" \/>\n<script type=\"application\/ld+json\" class=\"yoast-schema-graph\">{\"@context\":\"https:\/\/schema.org\",\"@graph\":[{\"@type\":\"WebPage\",\"@id\":\"https:\/\/petproducts.com.cn\/product\/adjustable-cat-tower-modern-cat-replacement-rope-furniture\/\",\"url\":\"https:\/\/petproducts.com.cn\/product\/adjustable-cat-tower-modern-cat-replacement-rope-furniture\/\",\"name\":\"Adjustable Cat Tower Modern Cat Replacement Rope Furniture - Petstar\",\"isPartOf\":{\"@id\":\"https:\/\/petproducts.com.cn\/#website\"},\"primaryImageOfPage\":{\"@id\":\"https:\/\/petproducts.com.cn\/product\/adjustable-cat-tower-modern-cat-replacement-rope-furniture\/#primaryimage\"},\"image\":{\"@id\":\"https:\/\/petproducts.com.cn\/product\/adjustable-cat-tower-modern-cat-replacement-rope-furniture\/#primaryimage\"},\"thumbnailUrl\":\"https:\/\/petproducts.com.cn\/wp-content\/uploads\/2023\/09\/YS122274-2_webp.webp\",\"datePublished\":\"2023-09-20T08:49:04+00:00\",\"dateModified\":\"2023-09-22T05:15:06+00:00\",\"description\":\"Explore Petstar adjustable cat tower- Mass Production, Customization, and Design Options Available.We are a leading global one-stop supplier.\",\"breadcrumb\":{\"@id\":\"https:\/\/petproducts.com.cn\/product\/adjustable-cat-tower-modern-cat-replacement-rope-furniture\/#breadcrumb\"},\"inLanguage\":\"de\",\"potentialAction\":[{\"@type\":\"ReadAction\",\"target\":[\"https:\/\/petproducts.com.cn\/product\/adjustable-cat-tower-modern-cat-replacement-rope-furniture\/\"]}]},{\"@type\":\"ImageObject\",\"inLanguage\":\"de\",\"@id\":\"https:\/\/petproducts.com.cn\/product\/adjustable-cat-tower-modern-cat-replacement-rope-furniture\/#primaryimage\",\"url\":\"https:\/\/petproducts.com.cn\/wp-content\/uploads\/2023\/09\/YS122274-2_webp.webp\",\"contentUrl\":\"https:\/\/petproducts.com.cn\/wp-content\/uploads\/2023\/09\/YS122274-2_webp.webp\",\"width\":1000,\"height\":1000,\"caption\":\"adjustable cat tower\"},{\"@type\":\"BreadcrumbList\",\"@id\":\"https:\/\/petproducts.com.cn\/product\/adjustable-cat-tower-modern-cat-replacement-rope-furniture\/#breadcrumb\",\"itemListElement\":[{\"@type\":\"ListItem\",\"position\":1,\"name\":\"HOME\",\"item\":\"https:\/\/petproducts.com.cn\/\"},{\"@type\":\"ListItem\",\"position\":2,\"name\":\"Products\",\"item\":\"https:\/\/petproducts.com.cn\/shop\/\"},{\"@type\":\"ListItem\",\"position\":3,\"name\":\"Cat Trees &amp; Furniture\",\"item\":\"https:\/\/petproducts.com.cn\/product-category\/cat-trees-furniture\/\"},{\"@type\":\"ListItem\",\"position\":4,\"name\":\"Adjustable Cat Tower Modern Cat Replacement Rope Furniture\"}]},{\"@type\":\"WebSite\",\"@id\":\"https:\/\/petproducts.com.cn\/#website\",\"url\":\"https:\/\/petproducts.com.cn\/\",\"name\":\"Petstar\",\"description\":\"Leading Pet Supplies Manufacturer &amp; OEM Pet Products Supplier\",\"publisher\":{\"@id\":\"https:\/\/petproducts.com.cn\/#organization\"},\"alternateName\":\"Petstar Pet Supplies\",\"potentialAction\":[{\"@type\":\"SearchAction\",\"target\":{\"@type\":\"EntryPoint\",\"urlTemplate\":\"https:\/\/petproducts.com.cn\/?s={search_term_string}\"},\"query-input\":{\"@type\":\"PropertyValueSpecification\",\"valueRequired\":true,\"valueName\":\"search_term_string\"}}],\"inLanguage\":\"de\"},{\"@type\":\"Organization\",\"@id\":\"https:\/\/petproducts.com.cn\/#organization\",\"name\":\"Petstar\",\"url\":\"https:\/\/petproducts.com.cn\/\",\"logo\":{\"@type\":\"ImageObject\",\"inLanguage\":\"de\",\"@id\":\"https:\/\/petproducts.com.cn\/#\/schema\/logo\/image\/\",\"url\":\"https:\/\/petproducts.com.cn\/wp-content\/uploads\/2020\/02\/petstar-logo.webp\",\"contentUrl\":\"https:\/\/petproducts.com.cn\/wp-content\/uploads\/2020\/02\/petstar-logo.webp\",\"width\":779,\"height\":520,\"caption\":\"Petstar\"},\"image\":{\"@id\":\"https:\/\/petproducts.com.cn\/#\/schema\/logo\/image\/\"}}]}<\/script>\n<!-- \/ Yoast SEO plugin. -->","yoast_head_json":{"title":"Verstellbarer Katzenturm Moderne Katze Ersatz Seil M\u00f6bel - Petstar","description":"Entdecken Sie den verstellbaren Katzenturm Petstar - Massenproduktion, kundenspezifische Anpassung und Designoptionen verf\u00fcgbar Wir sind ein f\u00fchrender globaler Anbieter aus einer Hand.","robots":{"index":"index","follow":"follow","max-snippet":"max-snippet:-1","max-image-preview":"max-image-preview:large","max-video-preview":"max-video-preview:-1"},"canonical":"https:\/\/petproducts.com.cn\/de\/produkt\/adjustable-cat-tower-modern-cat-replacement-rope-furniture\/","og_locale":"de_DE","og_type":"article","og_title":"Adjustable Cat Tower Modern Cat Replacement Rope Furniture - Petstar","og_description":"Explore Petstar adjustable cat tower- Mass Production, Customization, and Design Options Available.We are a leading global one-stop supplier.","og_url":"https:\/\/petproducts.com.cn\/de\/produkt\/adjustable-cat-tower-modern-cat-replacement-rope-furniture\/","og_site_name":"Petstar","article_modified_time":"2023-09-22T05:15:06+00:00","og_image":[{"width":1000,"height":1000,"url":"https:\/\/petproducts.com.cn\/wp-content\/uploads\/2023\/09\/YS122274-2_webp.webp","type":"image\/webp"}],"twitter_card":"summary_large_image","twitter_misc":{"Gesch\u00e4tzte Lesezeit":"2\u00a0Minuten"},"schema":{"@context":"https:\/\/schema.org","@graph":[{"@type":"WebPage","@id":"https:\/\/petproducts.com.cn\/product\/adjustable-cat-tower-modern-cat-replacement-rope-furniture\/","url":"https:\/\/petproducts.com.cn\/product\/adjustable-cat-tower-modern-cat-replacement-rope-furniture\/","name":"Verstellbarer Katzenturm Moderne Katze Ersatz Seil M\u00f6bel - Petstar","isPartOf":{"@id":"https:\/\/petproducts.com.cn\/#website"},"primaryImageOfPage":{"@id":"https:\/\/petproducts.com.cn\/product\/adjustable-cat-tower-modern-cat-replacement-rope-furniture\/#primaryimage"},"image":{"@id":"https:\/\/petproducts.com.cn\/product\/adjustable-cat-tower-modern-cat-replacement-rope-furniture\/#primaryimage"},"thumbnailUrl":"https:\/\/petproducts.com.cn\/wp-content\/uploads\/2023\/09\/YS122274-2_webp.webp","datePublished":"2023-09-20T08:49:04+00:00","dateModified":"2023-09-22T05:15:06+00:00","description":"Entdecken Sie den verstellbaren Katzenturm Petstar - Massenproduktion, kundenspezifische Anpassung und Designoptionen verf\u00fcgbar Wir sind ein f\u00fchrender globaler Anbieter aus einer Hand.","breadcrumb":{"@id":"https:\/\/petproducts.com.cn\/product\/adjustable-cat-tower-modern-cat-replacement-rope-furniture\/#breadcrumb"},"inLanguage":"de","potentialAction":[{"@type":"ReadAction","target":["https:\/\/petproducts.com.cn\/product\/adjustable-cat-tower-modern-cat-replacement-rope-furniture\/"]}]},{"@type":"ImageObject","inLanguage":"de","@id":"https:\/\/petproducts.com.cn\/product\/adjustable-cat-tower-modern-cat-replacement-rope-furniture\/#primaryimage","url":"https:\/\/petproducts.com.cn\/wp-content\/uploads\/2023\/09\/YS122274-2_webp.webp","contentUrl":"https:\/\/petproducts.com.cn\/wp-content\/uploads\/2023\/09\/YS122274-2_webp.webp","width":1000,"height":1000,"caption":"adjustable cat tower"},{"@type":"BreadcrumbList","@id":"https:\/\/petproducts.com.cn\/product\/adjustable-cat-tower-modern-cat-replacement-rope-furniture\/#breadcrumb","itemListElement":[{"@type":"ListItem","position":1,"name":"HOME","item":"https:\/\/petproducts.com.cn\/"},{"@type":"ListItem","position":2,"name":"Products","item":"https:\/\/petproducts.com.cn\/shop\/"},{"@type":"ListItem","position":3,"name":"Cat Trees &amp; Furniture","item":"https:\/\/petproducts.com.cn\/product-category\/cat-trees-furniture\/"},{"@type":"ListItem","position":4,"name":"Adjustable Cat Tower Modern Cat Replacement Rope Furniture"}]},{"@type":"WebSite","@id":"https:\/\/petproducts.com.cn\/#website","url":"https:\/\/petproducts.com.cn\/","name":"Petstar","description":"F\u00fchrender Hersteller von Heimtierbedarf und OEM-Lieferant von Heimtierprodukten","publisher":{"@id":"https:\/\/petproducts.com.cn\/#organization"},"alternateName":"Petstar Pet Supplies","potentialAction":[{"@type":"SearchAction","target":{"@type":"EntryPoint","urlTemplate":"https:\/\/petproducts.com.cn\/?s={search_term_string}"},"query-input":{"@type":"PropertyValueSpecification","valueRequired":true,"valueName":"search_term_string"}}],"inLanguage":"de"},{"@type":"Organization","@id":"https:\/\/petproducts.com.cn\/#organization","name":"Petstar","url":"https:\/\/petproducts.com.cn\/","logo":{"@type":"ImageObject","inLanguage":"de","@id":"https:\/\/petproducts.com.cn\/#\/schema\/logo\/image\/","url":"https:\/\/petproducts.com.cn\/wp-content\/uploads\/2020\/02\/petstar-logo.webp","contentUrl":"https:\/\/petproducts.com.cn\/wp-content\/uploads\/2020\/02\/petstar-logo.webp","width":779,"height":520,"caption":"Petstar"},"image":{"@id":"https:\/\/petproducts.com.cn\/#\/schema\/logo\/image\/"}}]}},"_links":{"self":[{"href":"https:\/\/petproducts.com.cn\/de\/wp-json\/wp\/v2\/product\/11362","targetHints":{"allow":["GET"]}}],"collection":[{"href":"https:\/\/petproducts.com.cn\/de\/wp-json\/wp\/v2\/product"}],"about":[{"href":"https:\/\/petproducts.com.cn\/de\/wp-json\/wp\/v2\/types\/product"}],"version-history":[{"count":3,"href":"https:\/\/petproducts.com.cn\/de\/wp-json\/wp\/v2\/product\/11362\/revisions"}],"predecessor-version":[{"id":11818,"href":"https:\/\/petproducts.com.cn\/de\/wp-json\/wp\/v2\/product\/11362\/revisions\/11818"}],"wp:featuredmedia":[{"embeddable":true,"href":"https:\/\/petproducts.com.cn\/de\/wp-json\/wp\/v2\/media\/11366"}],"wp:attachment":[{"href":"https:\/\/petproducts.com.cn\/de\/wp-json\/wp\/v2\/media?parent=11362"}],"wp:term":[{"taxonomy":"product_brand","embeddable":true,"href":"https:\/\/petproducts.com.cn\/de\/wp-json\/wp\/v2\/product_brand?post=11362"},{"taxonomy":"product_cat","embeddable":true,"href":"https:\/\/petproducts.com.cn\/de\/wp-json\/wp\/v2\/product_cat?post=11362"},{"taxonomy":"product_tag","embeddable":true,"href":"https:\/\/petproducts.com.cn\/de\/wp-json\/wp\/v2\/product_tag?post=11362"}],"curies":[{"name":"wp","href":"https:\/\/api.w.org\/{rel}","templated":true}]}}