{"id":11915,"date":"2023-09-22T07:42:43","date_gmt":"2023-09-22T07:42:43","guid":{"rendered":"https:\/\/petproducts.com.cn\/?post_type=product&#038;p=11915"},"modified":"2023-09-22T07:58:43","modified_gmt":"2023-09-22T07:58:43","slug":"best-large-dog-beds-stain-resistant-dog-bed-with-pillow","status":"publish","type":"product","link":"https:\/\/petproducts.com.cn\/de\/product\/best-large-dog-beds-stain-resistant-dog-bed-with-pillow\/","title":{"rendered":"Bestes gro\u00dfes Hundebett, schmutzabweisendes Hundebett mit Kissen"},"content":{"rendered":"<h2><strong>Features Of Best Large Dog Beds<\/strong><\/h2>\n<ol>\n<li><strong>Advanced Oil Repellence<\/strong>: Bid farewell to the worry of unsightly oil stains. Our Best Large Dog Beds boast an innovative oil-repellent surface that effortlessly wards off stains, ensuring that your pet&#8217;s lounging area stays clean and pristine.<\/li>\n<li><strong>Stain-Proof Wonder<\/strong>: Accidents happen, but they don&#8217;t have to leave a lasting mark. This sofa bed is equipped with top-tier stain-repellent technology, guaranteeing that even the toughest stains vanish with ease.<\/li>\n<li><strong>Waterproof Excellence<\/strong>: Your pet&#8217;s hydration moments won&#8217;t disrupt the mood. With top-notch waterproof properties, this sofa bed provides a dry and cozy haven for your furry friend&#8217;s relaxation.<\/li>\n<li><strong>Versatile 2-in-1 Design<\/strong>: Our pet sofa bed is not just a bed; it&#8217;s a versatile 2-in-1 solution! Effortlessly transition between a luxurious sofa and a plush cushion, offering your pet a range of comfort options.<\/li>\n<li><strong>Pillow for Extra Comfort<\/strong>: Pamper your pet with the included pillow, providing extra neck and head support for maximum relaxation.<\/li>\n<li><strong>Sleek Rectangular Design<\/strong>: The rectangular style of our sofa bed adds a touch of modern elegance to any room in your home, seamlessly blending with your interior decor.<\/li>\n<li><strong>Anti-Slip Assurance<\/strong>: Safety is paramount, and our anti-slip base ensures that this sofa bed stays securely in place, even during your pet&#8217;s most playful moments.<\/li>\n<\/ol>\n<div class=\"react-scroll-to-bottom--css-gzdjd-1n7m0yu\">\n<div class=\"flex flex-col text-sm dark:bg-gray-800\">\n<div class=\"group w-full text-token-text-primary border-b border-black\/10 dark:border-gray-900\/50 bg-gray-50 dark:bg-[#444654]\" data-testid=\"conversation-turn-3\">\n<div class=\"flex flex-1 gap-4 text-base mx-auto md:gap-6 md:max-w-2xl lg:max-w-[38rem] xl:max-w-3xl }\"><\/div>\n<\/div>\n<\/div>\n<\/div>\n","protected":false},"excerpt":{"rendered":"<p>Wir sind ein Hersteller von Haustierbetten mit mehr als 20 Jahren Erfahrung. Wir bieten Anpassungsm\u00f6glichkeiten f\u00fcr Farbe, Gr\u00f6\u00dfe, Stoff, Muster, Logo und andere Merkmale.<\/p>","protected":false},"featured_media":11919,"template":"","meta":{"_acf_changed":false},"product_brand":[],"product_cat":[57,72],"product_tag":[75],"class_list":{"0":"post-11915","1":"product","2":"type-product","3":"status-publish","4":"has-post-thumbnail","6":"product_cat-dog-beds","7":"product_cat-dog-supplies","8":"product_tag-dog-beds","10":"first","11":"instock","12":"shipping-taxable","13":"product-type-simple"},"acf":[],"yoast_head":"<!-- This site is optimized with the Yoast SEO plugin v27.1.1 - https:\/\/yoast.com\/product\/yoast-seo-wordpress\/ -->\n<title>Best Large Dog Beds Stain Resistant Dog Bed With Pillow - Petstar<\/title>\n<meta name=\"description\" content=\"Explore Best Large Dog Beds- Mass Production, Customization, and Design Options Available.Petstar is a leading global one-stop pet bed supplier.\" \/>\n<meta name=\"robots\" content=\"index, follow, max-snippet:-1, max-image-preview:large, max-video-preview:-1\" \/>\n<link rel=\"canonical\" href=\"https:\/\/petproducts.com.cn\/de\/produkt\/best-large-dog-beds-stain-resistant-dog-bed-with-pillow\/\" \/>\n<meta property=\"og:locale\" content=\"de_DE\" \/>\n<meta property=\"og:type\" content=\"article\" \/>\n<meta property=\"og:title\" content=\"Best Large Dog Beds Stain Resistant Dog Bed With Pillow - Petstar\" \/>\n<meta property=\"og:description\" content=\"Explore Best Large Dog Beds- Mass Production, Customization, and Design Options Available.Petstar is a leading global one-stop pet bed supplier.\" \/>\n<meta property=\"og:url\" content=\"https:\/\/petproducts.com.cn\/de\/produkt\/best-large-dog-beds-stain-resistant-dog-bed-with-pillow\/\" \/>\n<meta property=\"og:site_name\" content=\"Petstar\" \/>\n<meta property=\"article:modified_time\" content=\"2023-09-22T07:58:43+00:00\" \/>\n<meta property=\"og:image\" content=\"https:\/\/petproducts.com.cn\/wp-content\/uploads\/2023\/09\/pet-sofa-with-bolster_\u7ed3\u679c.webp\" \/>\n\t<meta property=\"og:image:width\" content=\"1000\" \/>\n\t<meta property=\"og:image:height\" content=\"1000\" \/>\n\t<meta property=\"og:image:type\" content=\"image\/webp\" \/>\n<meta name=\"twitter:card\" content=\"summary_large_image\" \/>\n<meta name=\"twitter:label1\" content=\"Gesch\u00e4tzte Lesezeit\" \/>\n\t<meta name=\"twitter:data1\" content=\"1\u00a0Minute\" \/>\n<script type=\"application\/ld+json\" class=\"yoast-schema-graph\">{\"@context\":\"https:\/\/schema.org\",\"@graph\":[{\"@type\":\"WebPage\",\"@id\":\"https:\/\/petproducts.com.cn\/product\/best-large-dog-beds-stain-resistant-dog-bed-with-pillow\/\",\"url\":\"https:\/\/petproducts.com.cn\/product\/best-large-dog-beds-stain-resistant-dog-bed-with-pillow\/\",\"name\":\"Best Large Dog Beds Stain Resistant Dog Bed With Pillow - Petstar\",\"isPartOf\":{\"@id\":\"https:\/\/petproducts.com.cn\/#website\"},\"primaryImageOfPage\":{\"@id\":\"https:\/\/petproducts.com.cn\/product\/best-large-dog-beds-stain-resistant-dog-bed-with-pillow\/#primaryimage\"},\"image\":{\"@id\":\"https:\/\/petproducts.com.cn\/product\/best-large-dog-beds-stain-resistant-dog-bed-with-pillow\/#primaryimage\"},\"thumbnailUrl\":\"https:\/\/petproducts.com.cn\/wp-content\/uploads\/2023\/09\/pet-sofa-with-bolster_\u7ed3\u679c.webp\",\"datePublished\":\"2023-09-22T07:42:43+00:00\",\"dateModified\":\"2023-09-22T07:58:43+00:00\",\"description\":\"Explore Best Large Dog Beds- Mass Production, Customization, and Design Options Available.Petstar is a leading global one-stop pet bed supplier.\",\"breadcrumb\":{\"@id\":\"https:\/\/petproducts.com.cn\/product\/best-large-dog-beds-stain-resistant-dog-bed-with-pillow\/#breadcrumb\"},\"inLanguage\":\"de\",\"potentialAction\":[{\"@type\":\"ReadAction\",\"target\":[\"https:\/\/petproducts.com.cn\/product\/best-large-dog-beds-stain-resistant-dog-bed-with-pillow\/\"]}]},{\"@type\":\"ImageObject\",\"inLanguage\":\"de\",\"@id\":\"https:\/\/petproducts.com.cn\/product\/best-large-dog-beds-stain-resistant-dog-bed-with-pillow\/#primaryimage\",\"url\":\"https:\/\/petproducts.com.cn\/wp-content\/uploads\/2023\/09\/pet-sofa-with-bolster_\u7ed3\u679c.webp\",\"contentUrl\":\"https:\/\/petproducts.com.cn\/wp-content\/uploads\/2023\/09\/pet-sofa-with-bolster_\u7ed3\u679c.webp\",\"width\":1000,\"height\":1000,\"caption\":\"best large dog beds\"},{\"@type\":\"BreadcrumbList\",\"@id\":\"https:\/\/petproducts.com.cn\/product\/best-large-dog-beds-stain-resistant-dog-bed-with-pillow\/#breadcrumb\",\"itemListElement\":[{\"@type\":\"ListItem\",\"position\":1,\"name\":\"HOME\",\"item\":\"https:\/\/petproducts.com.cn\/\"},{\"@type\":\"ListItem\",\"position\":2,\"name\":\"Products\",\"item\":\"https:\/\/petproducts.com.cn\/shop\/\"},{\"@type\":\"ListItem\",\"position\":3,\"name\":\"Dog Beds\",\"item\":\"https:\/\/petproducts.com.cn\/product-category\/dog-beds\/\"},{\"@type\":\"ListItem\",\"position\":4,\"name\":\"Best Large Dog Beds Stain Resistant Dog Bed With Pillow\"}]},{\"@type\":\"WebSite\",\"@id\":\"https:\/\/petproducts.com.cn\/#website\",\"url\":\"https:\/\/petproducts.com.cn\/\",\"name\":\"Petstar\",\"description\":\"Leading Pet Supplies Manufacturer &amp; OEM Pet Products Supplier\",\"publisher\":{\"@id\":\"https:\/\/petproducts.com.cn\/#organization\"},\"alternateName\":\"Petstar Pet Supplies\",\"potentialAction\":[{\"@type\":\"SearchAction\",\"target\":{\"@type\":\"EntryPoint\",\"urlTemplate\":\"https:\/\/petproducts.com.cn\/?s={search_term_string}\"},\"query-input\":{\"@type\":\"PropertyValueSpecification\",\"valueRequired\":true,\"valueName\":\"search_term_string\"}}],\"inLanguage\":\"de\"},{\"@type\":\"Organization\",\"@id\":\"https:\/\/petproducts.com.cn\/#organization\",\"name\":\"Petstar\",\"url\":\"https:\/\/petproducts.com.cn\/\",\"logo\":{\"@type\":\"ImageObject\",\"inLanguage\":\"de\",\"@id\":\"https:\/\/petproducts.com.cn\/#\/schema\/logo\/image\/\",\"url\":\"https:\/\/petproducts.com.cn\/wp-content\/uploads\/2020\/02\/petstar-logo.webp\",\"contentUrl\":\"https:\/\/petproducts.com.cn\/wp-content\/uploads\/2020\/02\/petstar-logo.webp\",\"width\":779,\"height\":520,\"caption\":\"Petstar\"},\"image\":{\"@id\":\"https:\/\/petproducts.com.cn\/#\/schema\/logo\/image\/\"}}]}<\/script>\n<!-- \/ Yoast SEO plugin. -->","yoast_head_json":{"title":"Beste gro\u00dfe Hundebetten schmutzabweisende Hundebett mit Kissen - Petstar","description":"Entdecken Sie die besten gro\u00dfen Hundebetten - Massenproduktion, individuelle Anpassung und Designoptionen verf\u00fcgbar. Petstar ist ein f\u00fchrender globaler Anbieter von Haustierbetten aus einer Hand.","robots":{"index":"index","follow":"follow","max-snippet":"max-snippet:-1","max-image-preview":"max-image-preview:large","max-video-preview":"max-video-preview:-1"},"canonical":"https:\/\/petproducts.com.cn\/de\/produkt\/best-large-dog-beds-stain-resistant-dog-bed-with-pillow\/","og_locale":"de_DE","og_type":"article","og_title":"Best Large Dog Beds Stain Resistant Dog Bed With Pillow - Petstar","og_description":"Explore Best Large Dog Beds- Mass Production, Customization, and Design Options Available.Petstar is a leading global one-stop pet bed supplier.","og_url":"https:\/\/petproducts.com.cn\/de\/produkt\/best-large-dog-beds-stain-resistant-dog-bed-with-pillow\/","og_site_name":"Petstar","article_modified_time":"2023-09-22T07:58:43+00:00","og_image":[{"width":1000,"height":1000,"url":"https:\/\/petproducts.com.cn\/wp-content\/uploads\/2023\/09\/pet-sofa-with-bolster_\u7ed3\u679c.webp","type":"image\/webp"}],"twitter_card":"summary_large_image","twitter_misc":{"Gesch\u00e4tzte Lesezeit":"1\u00a0Minute"},"schema":{"@context":"https:\/\/schema.org","@graph":[{"@type":"WebPage","@id":"https:\/\/petproducts.com.cn\/product\/best-large-dog-beds-stain-resistant-dog-bed-with-pillow\/","url":"https:\/\/petproducts.com.cn\/product\/best-large-dog-beds-stain-resistant-dog-bed-with-pillow\/","name":"Beste gro\u00dfe Hundebetten schmutzabweisende Hundebett mit Kissen - Petstar","isPartOf":{"@id":"https:\/\/petproducts.com.cn\/#website"},"primaryImageOfPage":{"@id":"https:\/\/petproducts.com.cn\/product\/best-large-dog-beds-stain-resistant-dog-bed-with-pillow\/#primaryimage"},"image":{"@id":"https:\/\/petproducts.com.cn\/product\/best-large-dog-beds-stain-resistant-dog-bed-with-pillow\/#primaryimage"},"thumbnailUrl":"https:\/\/petproducts.com.cn\/wp-content\/uploads\/2023\/09\/pet-sofa-with-bolster_\u7ed3\u679c.webp","datePublished":"2023-09-22T07:42:43+00:00","dateModified":"2023-09-22T07:58:43+00:00","description":"Entdecken Sie die besten gro\u00dfen Hundebetten - Massenproduktion, individuelle Anpassung und Designoptionen verf\u00fcgbar. Petstar ist ein f\u00fchrender globaler Anbieter von Haustierbetten aus einer Hand.","breadcrumb":{"@id":"https:\/\/petproducts.com.cn\/product\/best-large-dog-beds-stain-resistant-dog-bed-with-pillow\/#breadcrumb"},"inLanguage":"de","potentialAction":[{"@type":"ReadAction","target":["https:\/\/petproducts.com.cn\/product\/best-large-dog-beds-stain-resistant-dog-bed-with-pillow\/"]}]},{"@type":"ImageObject","inLanguage":"de","@id":"https:\/\/petproducts.com.cn\/product\/best-large-dog-beds-stain-resistant-dog-bed-with-pillow\/#primaryimage","url":"https:\/\/petproducts.com.cn\/wp-content\/uploads\/2023\/09\/pet-sofa-with-bolster_\u7ed3\u679c.webp","contentUrl":"https:\/\/petproducts.com.cn\/wp-content\/uploads\/2023\/09\/pet-sofa-with-bolster_\u7ed3\u679c.webp","width":1000,"height":1000,"caption":"best large dog beds"},{"@type":"BreadcrumbList","@id":"https:\/\/petproducts.com.cn\/product\/best-large-dog-beds-stain-resistant-dog-bed-with-pillow\/#breadcrumb","itemListElement":[{"@type":"ListItem","position":1,"name":"HOME","item":"https:\/\/petproducts.com.cn\/"},{"@type":"ListItem","position":2,"name":"Products","item":"https:\/\/petproducts.com.cn\/shop\/"},{"@type":"ListItem","position":3,"name":"Dog Beds","item":"https:\/\/petproducts.com.cn\/product-category\/dog-beds\/"},{"@type":"ListItem","position":4,"name":"Best Large Dog Beds Stain Resistant Dog Bed With Pillow"}]},{"@type":"WebSite","@id":"https:\/\/petproducts.com.cn\/#website","url":"https:\/\/petproducts.com.cn\/","name":"Petstar","description":"F\u00fchrender Hersteller von Heimtierbedarf und OEM-Lieferant von Heimtierprodukten","publisher":{"@id":"https:\/\/petproducts.com.cn\/#organization"},"alternateName":"Petstar Pet Supplies","potentialAction":[{"@type":"SearchAction","target":{"@type":"EntryPoint","urlTemplate":"https:\/\/petproducts.com.cn\/?s={search_term_string}"},"query-input":{"@type":"PropertyValueSpecification","valueRequired":true,"valueName":"search_term_string"}}],"inLanguage":"de"},{"@type":"Organization","@id":"https:\/\/petproducts.com.cn\/#organization","name":"Petstar","url":"https:\/\/petproducts.com.cn\/","logo":{"@type":"ImageObject","inLanguage":"de","@id":"https:\/\/petproducts.com.cn\/#\/schema\/logo\/image\/","url":"https:\/\/petproducts.com.cn\/wp-content\/uploads\/2020\/02\/petstar-logo.webp","contentUrl":"https:\/\/petproducts.com.cn\/wp-content\/uploads\/2020\/02\/petstar-logo.webp","width":779,"height":520,"caption":"Petstar"},"image":{"@id":"https:\/\/petproducts.com.cn\/#\/schema\/logo\/image\/"}}]}},"_links":{"self":[{"href":"https:\/\/petproducts.com.cn\/de\/wp-json\/wp\/v2\/product\/11915","targetHints":{"allow":["GET"]}}],"collection":[{"href":"https:\/\/petproducts.com.cn\/de\/wp-json\/wp\/v2\/product"}],"about":[{"href":"https:\/\/petproducts.com.cn\/de\/wp-json\/wp\/v2\/types\/product"}],"version-history":[{"count":1,"href":"https:\/\/petproducts.com.cn\/de\/wp-json\/wp\/v2\/product\/11915\/revisions"}],"predecessor-version":[{"id":11923,"href":"https:\/\/petproducts.com.cn\/de\/wp-json\/wp\/v2\/product\/11915\/revisions\/11923"}],"wp:featuredmedia":[{"embeddable":true,"href":"https:\/\/petproducts.com.cn\/de\/wp-json\/wp\/v2\/media\/11919"}],"wp:attachment":[{"href":"https:\/\/petproducts.com.cn\/de\/wp-json\/wp\/v2\/media?parent=11915"}],"wp:term":[{"taxonomy":"product_brand","embeddable":true,"href":"https:\/\/petproducts.com.cn\/de\/wp-json\/wp\/v2\/product_brand?post=11915"},{"taxonomy":"product_cat","embeddable":true,"href":"https:\/\/petproducts.com.cn\/de\/wp-json\/wp\/v2\/product_cat?post=11915"},{"taxonomy":"product_tag","embeddable":true,"href":"https:\/\/petproducts.com.cn\/de\/wp-json\/wp\/v2\/product_tag?post=11915"}],"curies":[{"name":"wp","href":"https:\/\/api.w.org\/{rel}","templated":true}]}}