{"id":11984,"date":"2023-09-25T06:26:15","date_gmt":"2023-09-25T06:26:15","guid":{"rendered":"https:\/\/petproducts.com.cn\/?post_type=product&#038;p=11984"},"modified":"2023-09-25T07:18:39","modified_gmt":"2023-09-25T07:18:39","slug":"custom-luxury-dog-beds-waterproof-pet-beds","status":"publish","type":"product","link":"https:\/\/petproducts.com.cn\/de\/product\/custom-luxury-dog-beds-waterproof-pet-beds\/","title":{"rendered":"Individuelle Luxus-Hundebetten Wasserdichte Haustierbetten"},"content":{"rendered":"<h2><strong>Features Of Custom Luxury Dog Beds <\/strong><\/h2>\n<ol>\n<li><strong>Advanced Oil Repellence<\/strong>: Bid farewell to the stress of oil stains and spills. Our Custom Luxury Dog Beds feature an advanced oil-repellent surface that effortlessly resists stains, ensuring that your pet&#8217;s resting area stays clean and inviting.<\/li>\n<li><strong>Stain-Resistant Marvel<\/strong>: Accidents are a part of life, but they don&#8217;t have to leave a mark. With top-tier stain-repellent technology, these pet beds guarantee that even the toughest stains vanish with ease.<\/li>\n<li><strong>Waterproof Excellence<\/strong>: Your pet&#8217;s hydration moments won&#8217;t disrupt the tranquility. Equipped with outstanding waterproof properties, these beds provide a dry and cozy sanctuary for your furry friend&#8217;s relaxation.<\/li>\n<li><strong>3-in-1 Transformable Design<\/strong>: Our pet beds are more than just beds; they are versatile 3-in-1 solutions! Seamlessly transform them into various configurations to suit your pet&#8217;s changing preferences and needs. Whether it&#8217;s a cushion, a backrest sofa, or a full-fledged bed, these beds have you covered.<\/li>\n<li><strong>Cushion\/Backrest Sofa\/Bed Design<\/strong>: Experience the ultimate in flexibility and comfort with our cushion\/backrest sofa\/bed design. Your pet can enjoy the perfect spot for lounging, cuddling, or stretching out in style.<\/li>\n<\/ol>\n<p>In summary, our Custom Luxury Pet Beds seamlessly combine aesthetics and functionality, providing a haven for your pet that complements your interior decor.<\/p>\n<div class=\"react-scroll-to-bottom--css-gzdjd-1n7m0yu\">\n<div class=\"flex flex-col text-sm dark:bg-gray-800\">\n<div class=\"group w-full text-token-text-primary border-b border-black\/10 dark:border-gray-900\/50 bg-gray-50 dark:bg-[#444654]\" data-testid=\"conversation-turn-3\">\n<div class=\"flex flex-1 gap-4 text-base mx-auto md:gap-6 md:max-w-2xl lg:max-w-[38rem] xl:max-w-3xl }\"><\/div>\n<\/div>\n<\/div>\n<\/div>\n","protected":false},"excerpt":{"rendered":"<p>Wir sind ein Hersteller von Haustierbetten mit mehr als 20 Jahren Erfahrung. Wir bieten Anpassungsm\u00f6glichkeiten f\u00fcr Farbe, Gr\u00f6\u00dfe, Stoff, Muster, Logo und andere Merkmale.<\/p>","protected":false},"featured_media":11992,"template":"","meta":{"_acf_changed":false},"product_brand":[],"product_cat":[58,71,57,72],"product_tag":[74,75],"class_list":{"0":"post-11984","1":"product","2":"type-product","3":"status-publish","4":"has-post-thumbnail","6":"product_cat-cat-beds","7":"product_cat-cat-supplies","8":"product_cat-dog-beds","9":"product_cat-dog-supplies","10":"product_tag-cat-beds","11":"product_tag-dog-beds","13":"first","14":"instock","15":"shipping-taxable","16":"product-type-simple"},"acf":[],"yoast_head":"<!-- This site is optimized with the Yoast SEO plugin v27.1.1 - https:\/\/yoast.com\/product\/yoast-seo-wordpress\/ -->\n<title>Custom Luxury Dog Beds Waterproof Pet Beds - Petstar<\/title>\n<meta name=\"description\" content=\"Explore Custom Luxury Dog Beds- Mass Production, Customization, and Design Options Available.Petstar is a leading global one-stop pet bed supplier.\" \/>\n<meta name=\"robots\" content=\"index, follow, max-snippet:-1, max-image-preview:large, max-video-preview:-1\" \/>\n<link rel=\"canonical\" href=\"https:\/\/petproducts.com.cn\/de\/produkt\/custom-luxury-dog-beds-waterproof-pet-beds\/\" \/>\n<meta property=\"og:locale\" content=\"de_DE\" \/>\n<meta property=\"og:type\" content=\"article\" \/>\n<meta property=\"og:title\" content=\"Custom Luxury Dog Beds Waterproof Pet Beds - Petstar\" \/>\n<meta property=\"og:description\" content=\"Explore Custom Luxury Dog Beds- Mass Production, Customization, and Design Options Available.Petstar is a leading global one-stop pet bed supplier.\" \/>\n<meta property=\"og:url\" content=\"https:\/\/petproducts.com.cn\/de\/produkt\/custom-luxury-dog-beds-waterproof-pet-beds\/\" \/>\n<meta property=\"og:site_name\" content=\"Petstar\" \/>\n<meta property=\"article:modified_time\" content=\"2023-09-25T07:18:39+00:00\" \/>\n<meta property=\"og:image\" content=\"https:\/\/petproducts.com.cn\/wp-content\/uploads\/2023\/09\/\u767d\u5e951_\u7ed3\u679c.webp\" \/>\n\t<meta property=\"og:image:width\" content=\"1000\" \/>\n\t<meta property=\"og:image:height\" content=\"1000\" \/>\n\t<meta property=\"og:image:type\" content=\"image\/webp\" \/>\n<meta name=\"twitter:card\" content=\"summary_large_image\" \/>\n<meta name=\"twitter:label1\" content=\"Gesch\u00e4tzte Lesezeit\" \/>\n\t<meta name=\"twitter:data1\" content=\"1\u00a0Minute\" \/>\n<script type=\"application\/ld+json\" class=\"yoast-schema-graph\">{\"@context\":\"https:\/\/schema.org\",\"@graph\":[{\"@type\":\"WebPage\",\"@id\":\"https:\/\/petproducts.com.cn\/product\/custom-luxury-dog-beds-waterproof-pet-beds\/\",\"url\":\"https:\/\/petproducts.com.cn\/product\/custom-luxury-dog-beds-waterproof-pet-beds\/\",\"name\":\"Custom Luxury Dog Beds Waterproof Pet Beds - Petstar\",\"isPartOf\":{\"@id\":\"https:\/\/petproducts.com.cn\/#website\"},\"primaryImageOfPage\":{\"@id\":\"https:\/\/petproducts.com.cn\/product\/custom-luxury-dog-beds-waterproof-pet-beds\/#primaryimage\"},\"image\":{\"@id\":\"https:\/\/petproducts.com.cn\/product\/custom-luxury-dog-beds-waterproof-pet-beds\/#primaryimage\"},\"thumbnailUrl\":\"https:\/\/petproducts.com.cn\/wp-content\/uploads\/2023\/09\/\u767d\u5e951_\u7ed3\u679c.webp\",\"datePublished\":\"2023-09-25T06:26:15+00:00\",\"dateModified\":\"2023-09-25T07:18:39+00:00\",\"description\":\"Explore Custom Luxury Dog Beds- Mass Production, Customization, and Design Options Available.Petstar is a leading global one-stop pet bed supplier.\",\"breadcrumb\":{\"@id\":\"https:\/\/petproducts.com.cn\/product\/custom-luxury-dog-beds-waterproof-pet-beds\/#breadcrumb\"},\"inLanguage\":\"de\",\"potentialAction\":[{\"@type\":\"ReadAction\",\"target\":[\"https:\/\/petproducts.com.cn\/product\/custom-luxury-dog-beds-waterproof-pet-beds\/\"]}]},{\"@type\":\"ImageObject\",\"inLanguage\":\"de\",\"@id\":\"https:\/\/petproducts.com.cn\/product\/custom-luxury-dog-beds-waterproof-pet-beds\/#primaryimage\",\"url\":\"https:\/\/petproducts.com.cn\/wp-content\/uploads\/2023\/09\/\u767d\u5e951_\u7ed3\u679c.webp\",\"contentUrl\":\"https:\/\/petproducts.com.cn\/wp-content\/uploads\/2023\/09\/\u767d\u5e951_\u7ed3\u679c.webp\",\"width\":1000,\"height\":1000,\"caption\":\"custom luxury dog beds\"},{\"@type\":\"BreadcrumbList\",\"@id\":\"https:\/\/petproducts.com.cn\/product\/custom-luxury-dog-beds-waterproof-pet-beds\/#breadcrumb\",\"itemListElement\":[{\"@type\":\"ListItem\",\"position\":1,\"name\":\"HOME\",\"item\":\"https:\/\/petproducts.com.cn\/\"},{\"@type\":\"ListItem\",\"position\":2,\"name\":\"Products\",\"item\":\"https:\/\/petproducts.com.cn\/shop\/\"},{\"@type\":\"ListItem\",\"position\":3,\"name\":\"Dog Beds\",\"item\":\"https:\/\/petproducts.com.cn\/product-category\/dog-beds\/\"},{\"@type\":\"ListItem\",\"position\":4,\"name\":\"Custom Luxury Dog Beds Waterproof Pet Beds\"}]},{\"@type\":\"WebSite\",\"@id\":\"https:\/\/petproducts.com.cn\/#website\",\"url\":\"https:\/\/petproducts.com.cn\/\",\"name\":\"Petstar\",\"description\":\"Leading Pet Supplies Manufacturer &amp; OEM Pet Products Supplier\",\"publisher\":{\"@id\":\"https:\/\/petproducts.com.cn\/#organization\"},\"alternateName\":\"Petstar Pet Supplies\",\"potentialAction\":[{\"@type\":\"SearchAction\",\"target\":{\"@type\":\"EntryPoint\",\"urlTemplate\":\"https:\/\/petproducts.com.cn\/?s={search_term_string}\"},\"query-input\":{\"@type\":\"PropertyValueSpecification\",\"valueRequired\":true,\"valueName\":\"search_term_string\"}}],\"inLanguage\":\"de\"},{\"@type\":\"Organization\",\"@id\":\"https:\/\/petproducts.com.cn\/#organization\",\"name\":\"Petstar\",\"url\":\"https:\/\/petproducts.com.cn\/\",\"logo\":{\"@type\":\"ImageObject\",\"inLanguage\":\"de\",\"@id\":\"https:\/\/petproducts.com.cn\/#\/schema\/logo\/image\/\",\"url\":\"https:\/\/petproducts.com.cn\/wp-content\/uploads\/2020\/02\/petstar-logo.webp\",\"contentUrl\":\"https:\/\/petproducts.com.cn\/wp-content\/uploads\/2020\/02\/petstar-logo.webp\",\"width\":779,\"height\":520,\"caption\":\"Petstar\"},\"image\":{\"@id\":\"https:\/\/petproducts.com.cn\/#\/schema\/logo\/image\/\"}}]}<\/script>\n<!-- \/ Yoast SEO plugin. -->","yoast_head_json":{"title":"Ma\u00dfgeschneiderte Luxus-Hundebetten Wasserdichte Haustierbetten \u2013 Petstar","description":"Entdecken Sie ma\u00dfgeschneiderte Luxus-Hundebetten \u2013 Massenproduktion, Individualisierung und Designoptionen verf\u00fcgbar. Petstar ist ein weltweit f\u00fchrender Komplettanbieter f\u00fcr Haustierbetten.","robots":{"index":"index","follow":"follow","max-snippet":"max-snippet:-1","max-image-preview":"max-image-preview:large","max-video-preview":"max-video-preview:-1"},"canonical":"https:\/\/petproducts.com.cn\/de\/produkt\/custom-luxury-dog-beds-waterproof-pet-beds\/","og_locale":"de_DE","og_type":"article","og_title":"Custom Luxury Dog Beds Waterproof Pet Beds - Petstar","og_description":"Explore Custom Luxury Dog Beds- Mass Production, Customization, and Design Options Available.Petstar is a leading global one-stop pet bed supplier.","og_url":"https:\/\/petproducts.com.cn\/de\/produkt\/custom-luxury-dog-beds-waterproof-pet-beds\/","og_site_name":"Petstar","article_modified_time":"2023-09-25T07:18:39+00:00","og_image":[{"width":1000,"height":1000,"url":"https:\/\/petproducts.com.cn\/wp-content\/uploads\/2023\/09\/\u767d\u5e951_\u7ed3\u679c.webp","type":"image\/webp"}],"twitter_card":"summary_large_image","twitter_misc":{"Gesch\u00e4tzte Lesezeit":"1\u00a0Minute"},"schema":{"@context":"https:\/\/schema.org","@graph":[{"@type":"WebPage","@id":"https:\/\/petproducts.com.cn\/product\/custom-luxury-dog-beds-waterproof-pet-beds\/","url":"https:\/\/petproducts.com.cn\/product\/custom-luxury-dog-beds-waterproof-pet-beds\/","name":"Ma\u00dfgeschneiderte Luxus-Hundebetten Wasserdichte Haustierbetten \u2013 Petstar","isPartOf":{"@id":"https:\/\/petproducts.com.cn\/#website"},"primaryImageOfPage":{"@id":"https:\/\/petproducts.com.cn\/product\/custom-luxury-dog-beds-waterproof-pet-beds\/#primaryimage"},"image":{"@id":"https:\/\/petproducts.com.cn\/product\/custom-luxury-dog-beds-waterproof-pet-beds\/#primaryimage"},"thumbnailUrl":"https:\/\/petproducts.com.cn\/wp-content\/uploads\/2023\/09\/\u767d\u5e951_\u7ed3\u679c.webp","datePublished":"2023-09-25T06:26:15+00:00","dateModified":"2023-09-25T07:18:39+00:00","description":"Entdecken Sie ma\u00dfgeschneiderte Luxus-Hundebetten \u2013 Massenproduktion, Individualisierung und Designoptionen verf\u00fcgbar. Petstar ist ein weltweit f\u00fchrender Komplettanbieter f\u00fcr Haustierbetten.","breadcrumb":{"@id":"https:\/\/petproducts.com.cn\/product\/custom-luxury-dog-beds-waterproof-pet-beds\/#breadcrumb"},"inLanguage":"de","potentialAction":[{"@type":"ReadAction","target":["https:\/\/petproducts.com.cn\/product\/custom-luxury-dog-beds-waterproof-pet-beds\/"]}]},{"@type":"ImageObject","inLanguage":"de","@id":"https:\/\/petproducts.com.cn\/product\/custom-luxury-dog-beds-waterproof-pet-beds\/#primaryimage","url":"https:\/\/petproducts.com.cn\/wp-content\/uploads\/2023\/09\/\u767d\u5e951_\u7ed3\u679c.webp","contentUrl":"https:\/\/petproducts.com.cn\/wp-content\/uploads\/2023\/09\/\u767d\u5e951_\u7ed3\u679c.webp","width":1000,"height":1000,"caption":"custom luxury dog beds"},{"@type":"BreadcrumbList","@id":"https:\/\/petproducts.com.cn\/product\/custom-luxury-dog-beds-waterproof-pet-beds\/#breadcrumb","itemListElement":[{"@type":"ListItem","position":1,"name":"HOME","item":"https:\/\/petproducts.com.cn\/"},{"@type":"ListItem","position":2,"name":"Products","item":"https:\/\/petproducts.com.cn\/shop\/"},{"@type":"ListItem","position":3,"name":"Dog Beds","item":"https:\/\/petproducts.com.cn\/product-category\/dog-beds\/"},{"@type":"ListItem","position":4,"name":"Custom Luxury Dog Beds Waterproof Pet Beds"}]},{"@type":"WebSite","@id":"https:\/\/petproducts.com.cn\/#website","url":"https:\/\/petproducts.com.cn\/","name":"Petstar","description":"F\u00fchrender Hersteller von Heimtierbedarf und OEM-Lieferant von Heimtierprodukten","publisher":{"@id":"https:\/\/petproducts.com.cn\/#organization"},"alternateName":"Petstar Pet Supplies","potentialAction":[{"@type":"SearchAction","target":{"@type":"EntryPoint","urlTemplate":"https:\/\/petproducts.com.cn\/?s={search_term_string}"},"query-input":{"@type":"PropertyValueSpecification","valueRequired":true,"valueName":"search_term_string"}}],"inLanguage":"de"},{"@type":"Organization","@id":"https:\/\/petproducts.com.cn\/#organization","name":"Petstar","url":"https:\/\/petproducts.com.cn\/","logo":{"@type":"ImageObject","inLanguage":"de","@id":"https:\/\/petproducts.com.cn\/#\/schema\/logo\/image\/","url":"https:\/\/petproducts.com.cn\/wp-content\/uploads\/2020\/02\/petstar-logo.webp","contentUrl":"https:\/\/petproducts.com.cn\/wp-content\/uploads\/2020\/02\/petstar-logo.webp","width":779,"height":520,"caption":"Petstar"},"image":{"@id":"https:\/\/petproducts.com.cn\/#\/schema\/logo\/image\/"}}]}},"_links":{"self":[{"href":"https:\/\/petproducts.com.cn\/de\/wp-json\/wp\/v2\/product\/11984","targetHints":{"allow":["GET"]}}],"collection":[{"href":"https:\/\/petproducts.com.cn\/de\/wp-json\/wp\/v2\/product"}],"about":[{"href":"https:\/\/petproducts.com.cn\/de\/wp-json\/wp\/v2\/types\/product"}],"version-history":[{"count":1,"href":"https:\/\/petproducts.com.cn\/de\/wp-json\/wp\/v2\/product\/11984\/revisions"}],"predecessor-version":[{"id":11998,"href":"https:\/\/petproducts.com.cn\/de\/wp-json\/wp\/v2\/product\/11984\/revisions\/11998"}],"wp:featuredmedia":[{"embeddable":true,"href":"https:\/\/petproducts.com.cn\/de\/wp-json\/wp\/v2\/media\/11992"}],"wp:attachment":[{"href":"https:\/\/petproducts.com.cn\/de\/wp-json\/wp\/v2\/media?parent=11984"}],"wp:term":[{"taxonomy":"product_brand","embeddable":true,"href":"https:\/\/petproducts.com.cn\/de\/wp-json\/wp\/v2\/product_brand?post=11984"},{"taxonomy":"product_cat","embeddable":true,"href":"https:\/\/petproducts.com.cn\/de\/wp-json\/wp\/v2\/product_cat?post=11984"},{"taxonomy":"product_tag","embeddable":true,"href":"https:\/\/petproducts.com.cn\/de\/wp-json\/wp\/v2\/product_tag?post=11984"}],"curies":[{"name":"wp","href":"https:\/\/api.w.org\/{rel}","templated":true}]}}