{"id":13771,"date":"2023-10-20T06:49:30","date_gmt":"2023-10-20T06:49:30","guid":{"rendered":"https:\/\/petproducts.com.cn\/?post_type=product&#038;p=13771"},"modified":"2023-10-23T06:17:58","modified_gmt":"2023-10-23T06:17:58","slug":"cat-litter-condo-oem-modern-cat-furniture-litter-storage","status":"publish","type":"product","link":"https:\/\/petproducts.com.cn\/de\/product\/cat-litter-condo-oem-modern-cat-furniture-litter-storage\/","title":{"rendered":"Katzenstreu-Eigentumswohnung OEM Moderne Katzenstreu-Aufbewahrung"},"content":{"rendered":"<h2><strong>Merkmale der Katzentoilette<\/strong><\/h2>\n<p><strong>1.Ideale H\u00f6he (49,5cm):<\/strong> Die kompakte H\u00f6he von 49,5 cm macht die Katzentoilette zur perfekten L\u00f6sung f\u00fcr jeden Raum. Es bietet einen vielseitigen Platz f\u00fcr Katzen und ist gleichzeitig eine attraktive Erg\u00e4nzung zu jeder Wohnungseinrichtung.<\/p>\n<p><strong>2. ruhender Bereich:<\/strong> Katzen lieben es, sich hinzusetzen und ihre Umgebung zu beobachten. Unsere modernen Katzenm\u00f6bel f\u00fcr Katzen bieten einen bequemen Ruhebereich, der einen hohen Aussichtspunkt f\u00fcr Ihre Katzenfreunde darstellt.<\/p>\n<p><strong>3. multifunktionales Katzenhaus:<\/strong> Dieses raffinierte Design erf\u00fcllt mehrere Zwecke. Es ist ein schickes St\u00fcck Wohnkultur, ein gem\u00fctlicher Ruheplatz und ein diskreter Aufbewahrungsort f\u00fcr Katzenstreu in einem.<\/p>\n<p><strong>4.Datenschutz Katzenschrank:<\/strong> Der Bereich f\u00fcr die Katzentoilette ist in einem eigenen Schrank versteckt. Dieses diskrete Design sorgt daf\u00fcr, dass die Katzentoilette verborgen bleibt und ein ordentlicher und geruchsfreier Wohnraum erhalten bleibt.<\/p>\n<p><strong>5. hohe Qualit\u00e4t der Handwerkskunst:<\/strong> Unsere mit viel Liebe zum Detail gefertigten Katzenm\u00f6bel sind aus hochwertigen Materialien hergestellt, die Langlebigkeit und Stil garantieren.<\/p>\n<p>F\u00fcr den Gro\u00dfhandel mit Heimtierbedarf und den Einzelhandel mit Katzenm\u00f6beln, die mit viel Liebe zum Detail gefertigt werden. Es ist eine wertvolle Erg\u00e4nzung Ihres Produktsortiments. Es spricht Katzenbesitzer an, die nach einer stilvollen L\u00f6sung suchen, die ihr Zuhause erg\u00e4nzt und gleichzeitig einen geschlossenen und privaten Raum f\u00fcr ihre vierbeinigen Begleiter bietet.<\/p>","protected":false},"excerpt":{"rendered":"<p>Wir sind Hersteller von Katzenklos mit mehr als 20 Jahren Erfahrung. Wir bieten Anpassungsm\u00f6glichkeiten f\u00fcr Farbe, Gr\u00f6\u00dfe, Stoff, Muster, Logo und andere Merkmale.<\/p>","protected":false},"featured_media":13774,"template":"","meta":{"_acf_changed":false},"product_brand":[],"product_cat":[71,47],"product_tag":[88],"class_list":{"0":"post-13771","1":"product","2":"type-product","3":"status-publish","4":"has-post-thumbnail","6":"product_cat-cat-supplies","7":"product_cat-cat-trees-furniture","8":"product_tag-cat-trees-furniture","10":"first","11":"instock","12":"shipping-taxable","13":"product-type-simple"},"acf":[],"yoast_head":"<!-- This site is optimized with the Yoast SEO plugin v27.1.1 - https:\/\/yoast.com\/product\/yoast-seo-wordpress\/ -->\n<title>Cat Litter Condo Oem Modern Cat Furniture Litter Storage - Petstar<\/title>\n<meta name=\"description\" content=\"Explore Petstar cat litter condo - Mass Production, Customization, and Design Options Available.We are a leading global one-stop supplier.\" \/>\n<meta name=\"robots\" content=\"index, follow, max-snippet:-1, max-image-preview:large, max-video-preview:-1\" \/>\n<link rel=\"canonical\" href=\"https:\/\/petproducts.com.cn\/de\/produkt\/cat-litter-condo-oem-modern-cat-furniture-litter-storage\/\" \/>\n<meta property=\"og:locale\" content=\"de_DE\" \/>\n<meta property=\"og:type\" content=\"article\" \/>\n<meta property=\"og:title\" content=\"Cat Litter Condo Oem Modern Cat Furniture Litter Storage - Petstar\" \/>\n<meta property=\"og:description\" content=\"Explore Petstar cat litter condo - Mass Production, Customization, and Design Options Available.We are a leading global one-stop supplier.\" \/>\n<meta property=\"og:url\" content=\"https:\/\/petproducts.com.cn\/de\/produkt\/cat-litter-condo-oem-modern-cat-furniture-litter-storage\/\" \/>\n<meta property=\"og:site_name\" content=\"Petstar\" \/>\n<meta property=\"article:modified_time\" content=\"2023-10-23T06:17:58+00:00\" \/>\n<meta property=\"og:image\" content=\"https:\/\/petproducts.com.cn\/wp-content\/uploads\/2023\/10\/cat-litter-condo_webp.webp\" \/>\n\t<meta property=\"og:image:width\" content=\"1000\" \/>\n\t<meta property=\"og:image:height\" content=\"1000\" \/>\n\t<meta property=\"og:image:type\" content=\"image\/webp\" \/>\n<meta name=\"twitter:card\" content=\"summary_large_image\" \/>\n<meta name=\"twitter:label1\" content=\"Gesch\u00e4tzte Lesezeit\" \/>\n\t<meta name=\"twitter:data1\" content=\"1\u00a0Minute\" \/>\n<script type=\"application\/ld+json\" class=\"yoast-schema-graph\">{\"@context\":\"https:\/\/schema.org\",\"@graph\":[{\"@type\":\"WebPage\",\"@id\":\"https:\/\/petproducts.com.cn\/product\/cat-litter-condo-oem-modern-cat-furniture-litter-storage\/\",\"url\":\"https:\/\/petproducts.com.cn\/product\/cat-litter-condo-oem-modern-cat-furniture-litter-storage\/\",\"name\":\"Cat Litter Condo Oem Modern Cat Furniture Litter Storage - Petstar\",\"isPartOf\":{\"@id\":\"https:\/\/petproducts.com.cn\/#website\"},\"primaryImageOfPage\":{\"@id\":\"https:\/\/petproducts.com.cn\/product\/cat-litter-condo-oem-modern-cat-furniture-litter-storage\/#primaryimage\"},\"image\":{\"@id\":\"https:\/\/petproducts.com.cn\/product\/cat-litter-condo-oem-modern-cat-furniture-litter-storage\/#primaryimage\"},\"thumbnailUrl\":\"https:\/\/petproducts.com.cn\/wp-content\/uploads\/2023\/10\/cat-litter-condo_webp.webp\",\"datePublished\":\"2023-10-20T06:49:30+00:00\",\"dateModified\":\"2023-10-23T06:17:58+00:00\",\"description\":\"Explore Petstar cat litter condo - Mass Production, Customization, and Design Options Available.We are a leading global one-stop supplier.\",\"breadcrumb\":{\"@id\":\"https:\/\/petproducts.com.cn\/product\/cat-litter-condo-oem-modern-cat-furniture-litter-storage\/#breadcrumb\"},\"inLanguage\":\"de\",\"potentialAction\":[{\"@type\":\"ReadAction\",\"target\":[\"https:\/\/petproducts.com.cn\/product\/cat-litter-condo-oem-modern-cat-furniture-litter-storage\/\"]}]},{\"@type\":\"ImageObject\",\"inLanguage\":\"de\",\"@id\":\"https:\/\/petproducts.com.cn\/product\/cat-litter-condo-oem-modern-cat-furniture-litter-storage\/#primaryimage\",\"url\":\"https:\/\/petproducts.com.cn\/wp-content\/uploads\/2023\/10\/cat-litter-condo_webp.webp\",\"contentUrl\":\"https:\/\/petproducts.com.cn\/wp-content\/uploads\/2023\/10\/cat-litter-condo_webp.webp\",\"width\":1000,\"height\":1000,\"caption\":\"cat litter condo\"},{\"@type\":\"BreadcrumbList\",\"@id\":\"https:\/\/petproducts.com.cn\/product\/cat-litter-condo-oem-modern-cat-furniture-litter-storage\/#breadcrumb\",\"itemListElement\":[{\"@type\":\"ListItem\",\"position\":1,\"name\":\"HOME\",\"item\":\"https:\/\/petproducts.com.cn\/\"},{\"@type\":\"ListItem\",\"position\":2,\"name\":\"Products\",\"item\":\"https:\/\/petproducts.com.cn\/shop\/\"},{\"@type\":\"ListItem\",\"position\":3,\"name\":\"Cat Trees &amp; Furniture\",\"item\":\"https:\/\/petproducts.com.cn\/product-category\/cat-trees-furniture\/\"},{\"@type\":\"ListItem\",\"position\":4,\"name\":\"Cat Litter Condo Oem Modern Cat Furniture Litter Storage\"}]},{\"@type\":\"WebSite\",\"@id\":\"https:\/\/petproducts.com.cn\/#website\",\"url\":\"https:\/\/petproducts.com.cn\/\",\"name\":\"Petstar\",\"description\":\"Leading Pet Supplies Manufacturer &amp; OEM Pet Products Supplier\",\"publisher\":{\"@id\":\"https:\/\/petproducts.com.cn\/#organization\"},\"alternateName\":\"Petstar Pet Supplies\",\"potentialAction\":[{\"@type\":\"SearchAction\",\"target\":{\"@type\":\"EntryPoint\",\"urlTemplate\":\"https:\/\/petproducts.com.cn\/?s={search_term_string}\"},\"query-input\":{\"@type\":\"PropertyValueSpecification\",\"valueRequired\":true,\"valueName\":\"search_term_string\"}}],\"inLanguage\":\"de\"},{\"@type\":\"Organization\",\"@id\":\"https:\/\/petproducts.com.cn\/#organization\",\"name\":\"Petstar\",\"url\":\"https:\/\/petproducts.com.cn\/\",\"logo\":{\"@type\":\"ImageObject\",\"inLanguage\":\"de\",\"@id\":\"https:\/\/petproducts.com.cn\/#\/schema\/logo\/image\/\",\"url\":\"https:\/\/petproducts.com.cn\/wp-content\/uploads\/2020\/02\/petstar-logo.webp\",\"contentUrl\":\"https:\/\/petproducts.com.cn\/wp-content\/uploads\/2020\/02\/petstar-logo.webp\",\"width\":779,\"height\":520,\"caption\":\"Petstar\"},\"image\":{\"@id\":\"https:\/\/petproducts.com.cn\/#\/schema\/logo\/image\/\"}}]}<\/script>\n<!-- \/ Yoast SEO plugin. -->","yoast_head_json":{"title":"Katzenstreu Condo Oem Moderne Katzenm\u00f6bel Streu Lagerung - Petstar","description":"Entdecken Sie Petstar Katzenstreu - Massenproduktion, kundenspezifische Anpassung und Design-Optionen verf\u00fcgbar Wir sind ein f\u00fchrender globaler Anbieter aus einer Hand.","robots":{"index":"index","follow":"follow","max-snippet":"max-snippet:-1","max-image-preview":"max-image-preview:large","max-video-preview":"max-video-preview:-1"},"canonical":"https:\/\/petproducts.com.cn\/de\/produkt\/cat-litter-condo-oem-modern-cat-furniture-litter-storage\/","og_locale":"de_DE","og_type":"article","og_title":"Cat Litter Condo Oem Modern Cat Furniture Litter Storage - Petstar","og_description":"Explore Petstar cat litter condo - Mass Production, Customization, and Design Options Available.We are a leading global one-stop supplier.","og_url":"https:\/\/petproducts.com.cn\/de\/produkt\/cat-litter-condo-oem-modern-cat-furniture-litter-storage\/","og_site_name":"Petstar","article_modified_time":"2023-10-23T06:17:58+00:00","og_image":[{"width":1000,"height":1000,"url":"https:\/\/petproducts.com.cn\/wp-content\/uploads\/2023\/10\/cat-litter-condo_webp.webp","type":"image\/webp"}],"twitter_card":"summary_large_image","twitter_misc":{"Gesch\u00e4tzte Lesezeit":"1\u00a0Minute"},"schema":{"@context":"https:\/\/schema.org","@graph":[{"@type":"WebPage","@id":"https:\/\/petproducts.com.cn\/product\/cat-litter-condo-oem-modern-cat-furniture-litter-storage\/","url":"https:\/\/petproducts.com.cn\/product\/cat-litter-condo-oem-modern-cat-furniture-litter-storage\/","name":"Katzenstreu Condo Oem Moderne Katzenm\u00f6bel Streu Lagerung - Petstar","isPartOf":{"@id":"https:\/\/petproducts.com.cn\/#website"},"primaryImageOfPage":{"@id":"https:\/\/petproducts.com.cn\/product\/cat-litter-condo-oem-modern-cat-furniture-litter-storage\/#primaryimage"},"image":{"@id":"https:\/\/petproducts.com.cn\/product\/cat-litter-condo-oem-modern-cat-furniture-litter-storage\/#primaryimage"},"thumbnailUrl":"https:\/\/petproducts.com.cn\/wp-content\/uploads\/2023\/10\/cat-litter-condo_webp.webp","datePublished":"2023-10-20T06:49:30+00:00","dateModified":"2023-10-23T06:17:58+00:00","description":"Entdecken Sie Petstar Katzenstreu - Massenproduktion, kundenspezifische Anpassung und Design-Optionen verf\u00fcgbar Wir sind ein f\u00fchrender globaler Anbieter aus einer Hand.","breadcrumb":{"@id":"https:\/\/petproducts.com.cn\/product\/cat-litter-condo-oem-modern-cat-furniture-litter-storage\/#breadcrumb"},"inLanguage":"de","potentialAction":[{"@type":"ReadAction","target":["https:\/\/petproducts.com.cn\/product\/cat-litter-condo-oem-modern-cat-furniture-litter-storage\/"]}]},{"@type":"ImageObject","inLanguage":"de","@id":"https:\/\/petproducts.com.cn\/product\/cat-litter-condo-oem-modern-cat-furniture-litter-storage\/#primaryimage","url":"https:\/\/petproducts.com.cn\/wp-content\/uploads\/2023\/10\/cat-litter-condo_webp.webp","contentUrl":"https:\/\/petproducts.com.cn\/wp-content\/uploads\/2023\/10\/cat-litter-condo_webp.webp","width":1000,"height":1000,"caption":"cat litter condo"},{"@type":"BreadcrumbList","@id":"https:\/\/petproducts.com.cn\/product\/cat-litter-condo-oem-modern-cat-furniture-litter-storage\/#breadcrumb","itemListElement":[{"@type":"ListItem","position":1,"name":"HOME","item":"https:\/\/petproducts.com.cn\/"},{"@type":"ListItem","position":2,"name":"Products","item":"https:\/\/petproducts.com.cn\/shop\/"},{"@type":"ListItem","position":3,"name":"Cat Trees &amp; Furniture","item":"https:\/\/petproducts.com.cn\/product-category\/cat-trees-furniture\/"},{"@type":"ListItem","position":4,"name":"Cat Litter Condo Oem Modern Cat Furniture Litter Storage"}]},{"@type":"WebSite","@id":"https:\/\/petproducts.com.cn\/#website","url":"https:\/\/petproducts.com.cn\/","name":"Petstar","description":"F\u00fchrender Hersteller von Heimtierbedarf und OEM-Lieferant von Heimtierprodukten","publisher":{"@id":"https:\/\/petproducts.com.cn\/#organization"},"alternateName":"Petstar Pet Supplies","potentialAction":[{"@type":"SearchAction","target":{"@type":"EntryPoint","urlTemplate":"https:\/\/petproducts.com.cn\/?s={search_term_string}"},"query-input":{"@type":"PropertyValueSpecification","valueRequired":true,"valueName":"search_term_string"}}],"inLanguage":"de"},{"@type":"Organization","@id":"https:\/\/petproducts.com.cn\/#organization","name":"Petstar","url":"https:\/\/petproducts.com.cn\/","logo":{"@type":"ImageObject","inLanguage":"de","@id":"https:\/\/petproducts.com.cn\/#\/schema\/logo\/image\/","url":"https:\/\/petproducts.com.cn\/wp-content\/uploads\/2020\/02\/petstar-logo.webp","contentUrl":"https:\/\/petproducts.com.cn\/wp-content\/uploads\/2020\/02\/petstar-logo.webp","width":779,"height":520,"caption":"Petstar"},"image":{"@id":"https:\/\/petproducts.com.cn\/#\/schema\/logo\/image\/"}}]}},"_links":{"self":[{"href":"https:\/\/petproducts.com.cn\/de\/wp-json\/wp\/v2\/product\/13771","targetHints":{"allow":["GET"]}}],"collection":[{"href":"https:\/\/petproducts.com.cn\/de\/wp-json\/wp\/v2\/product"}],"about":[{"href":"https:\/\/petproducts.com.cn\/de\/wp-json\/wp\/v2\/types\/product"}],"version-history":[{"count":2,"href":"https:\/\/petproducts.com.cn\/de\/wp-json\/wp\/v2\/product\/13771\/revisions"}],"predecessor-version":[{"id":13986,"href":"https:\/\/petproducts.com.cn\/de\/wp-json\/wp\/v2\/product\/13771\/revisions\/13986"}],"wp:featuredmedia":[{"embeddable":true,"href":"https:\/\/petproducts.com.cn\/de\/wp-json\/wp\/v2\/media\/13774"}],"wp:attachment":[{"href":"https:\/\/petproducts.com.cn\/de\/wp-json\/wp\/v2\/media?parent=13771"}],"wp:term":[{"taxonomy":"product_brand","embeddable":true,"href":"https:\/\/petproducts.com.cn\/de\/wp-json\/wp\/v2\/product_brand?post=13771"},{"taxonomy":"product_cat","embeddable":true,"href":"https:\/\/petproducts.com.cn\/de\/wp-json\/wp\/v2\/product_cat?post=13771"},{"taxonomy":"product_tag","embeddable":true,"href":"https:\/\/petproducts.com.cn\/de\/wp-json\/wp\/v2\/product_tag?post=13771"}],"curies":[{"name":"wp","href":"https:\/\/api.w.org\/{rel}","templated":true}]}}