{"id":14730,"date":"2023-10-30T05:56:20","date_gmt":"2023-10-30T05:56:20","guid":{"rendered":"https:\/\/petproducts.com.cn\/?post_type=product&#038;p=14730"},"modified":"2023-10-30T06:08:58","modified_gmt":"2023-10-30T06:08:58","slug":"elegant-pet-beds-comfort-plaid-dog-cushion-beds","status":"publish","type":"product","link":"https:\/\/petproducts.com.cn\/de\/product\/elegant-pet-beds-comfort-plaid-dog-cushion-beds\/","title":{"rendered":"Elegant Pet Beds Comfort Plaid Hundekissenbetten"},"content":{"rendered":"<h2><strong>Merkmale der eleganten Haustierbetten<\/strong><\/h2>\n<ol>\n<li><strong>Zeitloser karierter Stil<\/strong>: Mit seinem klassischen Karomuster verleiht das Elegant Pet Beds Ihrer Einrichtung einen zeitlosen Charme. Sein stilvolles Design erg\u00e4nzt m\u00fchelos Ihr Interieur und bietet einen gem\u00fctlichen Platz f\u00fcr Ihren pelzigen Freund.<\/li>\n<li><strong>Hochwertiger gewebter Heimtextil-Stoff<\/strong>: Unser Haustierbett ist aus hochwertigem, farbig gewebtem Heimtextilgewebe gefertigt und zeichnet sich durch Langlebigkeit und Komfort aus. Der Stoff ist sanft zur Haut Ihres Hundes und bietet einen weichen und angenehmen Platz zum Ausruhen und Faulenzen.<\/li>\n<li><strong>W\u00e4rme und Eleganz<\/strong>: Unser Bett bietet einen warmen und eleganten R\u00fcckzugsort, der das Ambiente Ihres Zuhauses aufwertet. Ihr Hund kann sich in einem Bett, das zu Ihrer Inneneinrichtung passt, luxuri\u00f6s entspannen.<\/li>\n<li><strong>Anti-Rutsch-Boden f\u00fcr Stabilit\u00e4t<\/strong>: Da die Sicherheit Ihres Hundes an erster Stelle steht, ist unser Bett mit einem rutschfesten Boden ausgestattet, der f\u00fcr Stabilit\u00e4t sorgt und Ihrem Hund auch in spielerischen Momenten einen sicheren Schlafplatz bietet.<\/li>\n<li><strong>Abnehmbar und waschbar<\/strong>: Die abnehmbare Funktion erm\u00f6glicht eine einfache Reinigung und sorgt f\u00fcr eine frische und hygienische Umgebung f\u00fcr Ihr Haustier. Es ist praktisch und sorgt f\u00fcr einen sauberen Liegebereich.<\/li>\n<\/ol>\n<p>Zusammenfassend l\u00e4sst sich sagen, dass die Elegant Pet Beds Comfort Plaid Dog Cushion Beds sowohl durch ihren Stil als auch durch ihre Funktionalit\u00e4t bestechen. Das klassische Karomuster, der hochwertige Stoff, die W\u00e4rme, der rutschfeste Boden und die einfache Reinigung machen es zu einer au\u00dfergew\u00f6hnlichen Erg\u00e4nzung f\u00fcr Ihr Zuhause.<\/p>","protected":false},"excerpt":{"rendered":"<p>Wir sind ein Hersteller von Haustierbetten mit mehr als 20 Jahren Erfahrung. Wir bieten Anpassungsm\u00f6glichkeiten f\u00fcr Farbe, Gr\u00f6\u00dfe, Stoff, Muster, Logo und andere Merkmale.<\/p>","protected":false},"featured_media":14734,"template":"","meta":{"_acf_changed":false},"product_brand":[],"product_cat":[57,72],"product_tag":[75],"class_list":{"0":"post-14730","1":"product","2":"type-product","3":"status-publish","4":"has-post-thumbnail","6":"product_cat-dog-beds","7":"product_cat-dog-supplies","8":"product_tag-dog-beds","10":"first","11":"instock","12":"shipping-taxable","13":"product-type-simple"},"acf":[],"yoast_head":"<!-- This site is optimized with the Yoast SEO plugin v27.1.1 - https:\/\/yoast.com\/product\/yoast-seo-wordpress\/ -->\n<title>Elegant Pet Beds | Customized Plaid Dog Cushion - Petstar<\/title>\n<meta name=\"description\" content=\"Explore elegant pet beds, comfort dog beds, plaid dog cushion from the manufacturer. Your ideal business solution with Petstar.\" \/>\n<meta name=\"robots\" content=\"index, follow, max-snippet:-1, max-image-preview:large, max-video-preview:-1\" \/>\n<link rel=\"canonical\" href=\"https:\/\/petproducts.com.cn\/de\/produkt\/elegant-pet-beds-comfort-plaid-dog-cushion-beds\/\" \/>\n<meta property=\"og:locale\" content=\"de_DE\" \/>\n<meta property=\"og:type\" content=\"article\" \/>\n<meta property=\"og:title\" content=\"Elegant Pet Beds | Customized Plaid Dog Cushion - Petstar\" \/>\n<meta property=\"og:description\" content=\"Explore elegant pet beds, comfort dog beds, plaid dog cushion from the manufacturer. Your ideal business solution with Petstar.\" \/>\n<meta property=\"og:url\" content=\"https:\/\/petproducts.com.cn\/de\/produkt\/elegant-pet-beds-comfort-plaid-dog-cushion-beds\/\" \/>\n<meta property=\"og:site_name\" content=\"Petstar\" \/>\n<meta property=\"article:modified_time\" content=\"2023-10-30T06:08:58+00:00\" \/>\n<meta property=\"og:image\" content=\"https:\/\/petproducts.com.cn\/wp-content\/uploads\/2023\/10\/elegant-pet-beds.webp\" \/>\n\t<meta property=\"og:image:width\" content=\"1000\" \/>\n\t<meta property=\"og:image:height\" content=\"1000\" \/>\n\t<meta property=\"og:image:type\" content=\"image\/webp\" \/>\n<meta name=\"twitter:card\" content=\"summary_large_image\" \/>\n<meta name=\"twitter:label1\" content=\"Gesch\u00e4tzte Lesezeit\" \/>\n\t<meta name=\"twitter:data1\" content=\"1\u00a0Minute\" \/>\n<script type=\"application\/ld+json\" class=\"yoast-schema-graph\">{\"@context\":\"https:\/\/schema.org\",\"@graph\":[{\"@type\":\"WebPage\",\"@id\":\"https:\/\/petproducts.com.cn\/product\/elegant-pet-beds-comfort-plaid-dog-cushion-beds\/\",\"url\":\"https:\/\/petproducts.com.cn\/product\/elegant-pet-beds-comfort-plaid-dog-cushion-beds\/\",\"name\":\"Elegant Pet Beds | Customized Plaid Dog Cushion - Petstar\",\"isPartOf\":{\"@id\":\"https:\/\/petproducts.com.cn\/#website\"},\"primaryImageOfPage\":{\"@id\":\"https:\/\/petproducts.com.cn\/product\/elegant-pet-beds-comfort-plaid-dog-cushion-beds\/#primaryimage\"},\"image\":{\"@id\":\"https:\/\/petproducts.com.cn\/product\/elegant-pet-beds-comfort-plaid-dog-cushion-beds\/#primaryimage\"},\"thumbnailUrl\":\"https:\/\/petproducts.com.cn\/wp-content\/uploads\/2023\/10\/elegant-pet-beds.webp\",\"datePublished\":\"2023-10-30T05:56:20+00:00\",\"dateModified\":\"2023-10-30T06:08:58+00:00\",\"description\":\"Explore elegant pet beds, comfort dog beds, plaid dog cushion from the manufacturer. Your ideal business solution with Petstar.\",\"breadcrumb\":{\"@id\":\"https:\/\/petproducts.com.cn\/product\/elegant-pet-beds-comfort-plaid-dog-cushion-beds\/#breadcrumb\"},\"inLanguage\":\"de\",\"potentialAction\":[{\"@type\":\"ReadAction\",\"target\":[\"https:\/\/petproducts.com.cn\/product\/elegant-pet-beds-comfort-plaid-dog-cushion-beds\/\"]}]},{\"@type\":\"ImageObject\",\"inLanguage\":\"de\",\"@id\":\"https:\/\/petproducts.com.cn\/product\/elegant-pet-beds-comfort-plaid-dog-cushion-beds\/#primaryimage\",\"url\":\"https:\/\/petproducts.com.cn\/wp-content\/uploads\/2023\/10\/elegant-pet-beds.webp\",\"contentUrl\":\"https:\/\/petproducts.com.cn\/wp-content\/uploads\/2023\/10\/elegant-pet-beds.webp\",\"width\":1000,\"height\":1000,\"caption\":\"elegant pet beds\"},{\"@type\":\"BreadcrumbList\",\"@id\":\"https:\/\/petproducts.com.cn\/product\/elegant-pet-beds-comfort-plaid-dog-cushion-beds\/#breadcrumb\",\"itemListElement\":[{\"@type\":\"ListItem\",\"position\":1,\"name\":\"HOME\",\"item\":\"https:\/\/petproducts.com.cn\/\"},{\"@type\":\"ListItem\",\"position\":2,\"name\":\"Products\",\"item\":\"https:\/\/petproducts.com.cn\/shop\/\"},{\"@type\":\"ListItem\",\"position\":3,\"name\":\"Dog Beds\",\"item\":\"https:\/\/petproducts.com.cn\/product-category\/dog-beds\/\"},{\"@type\":\"ListItem\",\"position\":4,\"name\":\"Elegant Pet Beds Comfort Plaid Dog Cushion Beds\"}]},{\"@type\":\"WebSite\",\"@id\":\"https:\/\/petproducts.com.cn\/#website\",\"url\":\"https:\/\/petproducts.com.cn\/\",\"name\":\"Petstar\",\"description\":\"Leading Pet Supplies Manufacturer &amp; OEM Pet Products Supplier\",\"publisher\":{\"@id\":\"https:\/\/petproducts.com.cn\/#organization\"},\"alternateName\":\"Petstar Pet Supplies\",\"potentialAction\":[{\"@type\":\"SearchAction\",\"target\":{\"@type\":\"EntryPoint\",\"urlTemplate\":\"https:\/\/petproducts.com.cn\/?s={search_term_string}\"},\"query-input\":{\"@type\":\"PropertyValueSpecification\",\"valueRequired\":true,\"valueName\":\"search_term_string\"}}],\"inLanguage\":\"de\"},{\"@type\":\"Organization\",\"@id\":\"https:\/\/petproducts.com.cn\/#organization\",\"name\":\"Petstar\",\"url\":\"https:\/\/petproducts.com.cn\/\",\"logo\":{\"@type\":\"ImageObject\",\"inLanguage\":\"de\",\"@id\":\"https:\/\/petproducts.com.cn\/#\/schema\/logo\/image\/\",\"url\":\"https:\/\/petproducts.com.cn\/wp-content\/uploads\/2020\/02\/petstar-logo.webp\",\"contentUrl\":\"https:\/\/petproducts.com.cn\/wp-content\/uploads\/2020\/02\/petstar-logo.webp\",\"width\":779,\"height\":520,\"caption\":\"Petstar\"},\"image\":{\"@id\":\"https:\/\/petproducts.com.cn\/#\/schema\/logo\/image\/\"}}]}<\/script>\n<!-- \/ Yoast SEO plugin. -->","yoast_head_json":{"title":"Elegante Haustierbetten | Individuelles kariertes Hundekissen - Petstar","description":"Entdecken Sie elegante Haustierbetten, komfortable Hundebetten, karierte Hundekissen vom Hersteller. Ihre ideale Business-L\u00f6sung mit Petstar.","robots":{"index":"index","follow":"follow","max-snippet":"max-snippet:-1","max-image-preview":"max-image-preview:large","max-video-preview":"max-video-preview:-1"},"canonical":"https:\/\/petproducts.com.cn\/de\/produkt\/elegant-pet-beds-comfort-plaid-dog-cushion-beds\/","og_locale":"de_DE","og_type":"article","og_title":"Elegant Pet Beds | Customized Plaid Dog Cushion - Petstar","og_description":"Explore elegant pet beds, comfort dog beds, plaid dog cushion from the manufacturer. Your ideal business solution with Petstar.","og_url":"https:\/\/petproducts.com.cn\/de\/produkt\/elegant-pet-beds-comfort-plaid-dog-cushion-beds\/","og_site_name":"Petstar","article_modified_time":"2023-10-30T06:08:58+00:00","og_image":[{"width":1000,"height":1000,"url":"https:\/\/petproducts.com.cn\/wp-content\/uploads\/2023\/10\/elegant-pet-beds.webp","type":"image\/webp"}],"twitter_card":"summary_large_image","twitter_misc":{"Gesch\u00e4tzte Lesezeit":"1\u00a0Minute"},"schema":{"@context":"https:\/\/schema.org","@graph":[{"@type":"WebPage","@id":"https:\/\/petproducts.com.cn\/product\/elegant-pet-beds-comfort-plaid-dog-cushion-beds\/","url":"https:\/\/petproducts.com.cn\/product\/elegant-pet-beds-comfort-plaid-dog-cushion-beds\/","name":"Elegante Haustierbetten | Individuelles kariertes Hundekissen - Petstar","isPartOf":{"@id":"https:\/\/petproducts.com.cn\/#website"},"primaryImageOfPage":{"@id":"https:\/\/petproducts.com.cn\/product\/elegant-pet-beds-comfort-plaid-dog-cushion-beds\/#primaryimage"},"image":{"@id":"https:\/\/petproducts.com.cn\/product\/elegant-pet-beds-comfort-plaid-dog-cushion-beds\/#primaryimage"},"thumbnailUrl":"https:\/\/petproducts.com.cn\/wp-content\/uploads\/2023\/10\/elegant-pet-beds.webp","datePublished":"2023-10-30T05:56:20+00:00","dateModified":"2023-10-30T06:08:58+00:00","description":"Entdecken Sie elegante Haustierbetten, komfortable Hundebetten, karierte Hundekissen vom Hersteller. Ihre ideale Business-L\u00f6sung mit Petstar.","breadcrumb":{"@id":"https:\/\/petproducts.com.cn\/product\/elegant-pet-beds-comfort-plaid-dog-cushion-beds\/#breadcrumb"},"inLanguage":"de","potentialAction":[{"@type":"ReadAction","target":["https:\/\/petproducts.com.cn\/product\/elegant-pet-beds-comfort-plaid-dog-cushion-beds\/"]}]},{"@type":"ImageObject","inLanguage":"de","@id":"https:\/\/petproducts.com.cn\/product\/elegant-pet-beds-comfort-plaid-dog-cushion-beds\/#primaryimage","url":"https:\/\/petproducts.com.cn\/wp-content\/uploads\/2023\/10\/elegant-pet-beds.webp","contentUrl":"https:\/\/petproducts.com.cn\/wp-content\/uploads\/2023\/10\/elegant-pet-beds.webp","width":1000,"height":1000,"caption":"elegant pet beds"},{"@type":"BreadcrumbList","@id":"https:\/\/petproducts.com.cn\/product\/elegant-pet-beds-comfort-plaid-dog-cushion-beds\/#breadcrumb","itemListElement":[{"@type":"ListItem","position":1,"name":"HOME","item":"https:\/\/petproducts.com.cn\/"},{"@type":"ListItem","position":2,"name":"Products","item":"https:\/\/petproducts.com.cn\/shop\/"},{"@type":"ListItem","position":3,"name":"Dog Beds","item":"https:\/\/petproducts.com.cn\/product-category\/dog-beds\/"},{"@type":"ListItem","position":4,"name":"Elegant Pet Beds Comfort Plaid Dog Cushion Beds"}]},{"@type":"WebSite","@id":"https:\/\/petproducts.com.cn\/#website","url":"https:\/\/petproducts.com.cn\/","name":"Petstar","description":"F\u00fchrender Hersteller von Heimtierbedarf und OEM-Lieferant von Heimtierprodukten","publisher":{"@id":"https:\/\/petproducts.com.cn\/#organization"},"alternateName":"Petstar Pet Supplies","potentialAction":[{"@type":"SearchAction","target":{"@type":"EntryPoint","urlTemplate":"https:\/\/petproducts.com.cn\/?s={search_term_string}"},"query-input":{"@type":"PropertyValueSpecification","valueRequired":true,"valueName":"search_term_string"}}],"inLanguage":"de"},{"@type":"Organization","@id":"https:\/\/petproducts.com.cn\/#organization","name":"Petstar","url":"https:\/\/petproducts.com.cn\/","logo":{"@type":"ImageObject","inLanguage":"de","@id":"https:\/\/petproducts.com.cn\/#\/schema\/logo\/image\/","url":"https:\/\/petproducts.com.cn\/wp-content\/uploads\/2020\/02\/petstar-logo.webp","contentUrl":"https:\/\/petproducts.com.cn\/wp-content\/uploads\/2020\/02\/petstar-logo.webp","width":779,"height":520,"caption":"Petstar"},"image":{"@id":"https:\/\/petproducts.com.cn\/#\/schema\/logo\/image\/"}}]}},"_links":{"self":[{"href":"https:\/\/petproducts.com.cn\/de\/wp-json\/wp\/v2\/product\/14730","targetHints":{"allow":["GET"]}}],"collection":[{"href":"https:\/\/petproducts.com.cn\/de\/wp-json\/wp\/v2\/product"}],"about":[{"href":"https:\/\/petproducts.com.cn\/de\/wp-json\/wp\/v2\/types\/product"}],"version-history":[{"count":1,"href":"https:\/\/petproducts.com.cn\/de\/wp-json\/wp\/v2\/product\/14730\/revisions"}],"predecessor-version":[{"id":14737,"href":"https:\/\/petproducts.com.cn\/de\/wp-json\/wp\/v2\/product\/14730\/revisions\/14737"}],"wp:featuredmedia":[{"embeddable":true,"href":"https:\/\/petproducts.com.cn\/de\/wp-json\/wp\/v2\/media\/14734"}],"wp:attachment":[{"href":"https:\/\/petproducts.com.cn\/de\/wp-json\/wp\/v2\/media?parent=14730"}],"wp:term":[{"taxonomy":"product_brand","embeddable":true,"href":"https:\/\/petproducts.com.cn\/de\/wp-json\/wp\/v2\/product_brand?post=14730"},{"taxonomy":"product_cat","embeddable":true,"href":"https:\/\/petproducts.com.cn\/de\/wp-json\/wp\/v2\/product_cat?post=14730"},{"taxonomy":"product_tag","embeddable":true,"href":"https:\/\/petproducts.com.cn\/de\/wp-json\/wp\/v2\/product_tag?post=14730"}],"curies":[{"name":"wp","href":"https:\/\/api.w.org\/{rel}","templated":true}]}}