{"id":15898,"date":"2023-11-17T07:01:00","date_gmt":"2023-11-17T07:01:00","guid":{"rendered":"https:\/\/petproducts.com.cn\/?post_type=product&#038;p=15898"},"modified":"2023-11-17T07:08:20","modified_gmt":"2023-11-17T07:08:20","slug":"cozy-cat-cave-bed-winter-pet-warm-bed","status":"publish","type":"product","link":"https:\/\/petproducts.com.cn\/de\/product\/cozy-cat-cave-bed-winter-pet-warm-bed\/","title":{"rendered":"Gem\u00fctliches Katzenh\u00f6hlenbett Winter Haustier warmes Bett"},"content":{"rendered":"<h2>Features Of Cozy Cat Cave Bed<strong><br \/>\n<\/strong><\/h2>\n<div class=\"group w-full text-token-text-primary border-b border-black\/10 gizmo:border-0 dark:border-gray-900\/50 gizmo:dark:border-0 bg-gray-50 gizmo:bg-transparent dark:bg-[#444654] gizmo:dark:bg-transparent\" data-testid=\"conversation-turn-3\">\n<div class=\"p-4 gizmo:py-2 justify-center text-base md:gap-6 md:py-6 m-auto\">\n<div class=\"flex flex-1 gap-4 text-base mx-auto md:gap-6 gizmo:gap-3 gizmo:md:px-5 gizmo:lg:px-1 gizmo:xl:px-5 md:max-w-2xl lg:max-w-[38rem] gizmo:md:max-w-3xl gizmo:lg:max-w-[40rem] gizmo:xl:max-w-[48rem] xl:max-w-3xl }\">\n<div class=\"relative flex w-[calc(100%-50px)] flex-col gizmo:w-full lg:w-[calc(100%-115px)] agent-turn\">\n<div class=\"group w-full text-token-text-primary border-b border-black\/10 gizmo:border-0 dark:border-gray-900\/50 gizmo:dark:border-0 bg-gray-50 gizmo:bg-transparent dark:bg-[#444654] gizmo:dark:bg-transparent\" data-testid=\"conversation-turn-64\">\n<div class=\"p-4 gizmo:py-2 justify-center text-base md:gap-6 md:py-6 m-auto\">\n<div class=\"flex flex-1 gap-4 text-base mx-auto md:gap-6 gizmo:gap-3 gizmo:md:px-5 gizmo:lg:px-1 gizmo:xl:px-5 md:max-w-2xl lg:max-w-[38rem] gizmo:md:max-w-3xl gizmo:lg:max-w-[40rem] gizmo:xl:max-w-[48rem] xl:max-w-3xl }\">\n<div class=\"relative flex w-[calc(100%-50px)] flex-col gizmo:w-full lg:w-[calc(100%-115px)] agent-turn\">\n<div class=\"flex-col gap-1 md:gap-3\">\n<div class=\"flex flex-grow flex-col max-w-full gap-3 gizmo:gap-0\">\n<div class=\"min-h-[20px] text-message peer flex flex-col items-start gap-3 whitespace-pre-wrap break-words peer-[.text-message]:mt-5 overflow-x-auto\" data-message-author-role=\"assistant\" data-message-id=\"99121888-d952-4ced-bdb6-fbf9d004bbfc\">\n<div class=\"markdown prose w-full break-words dark:prose-invert light\">\n<div class=\"flex-1 overflow-hidden\">\n<div class=\"react-scroll-to-bottom--css-iabii-79elbk h-full\">\n<div class=\"react-scroll-to-bottom--css-iabii-1n7m0yu\">\n<div class=\"flex flex-col text-sm gizmo:pb-9 dark:bg-gray-800 gizmo:dark:bg-transparent\">\n<div class=\"group w-full text-token-text-primary border-b border-black\/10 gizmo:border-0 dark:border-gray-900\/50 gizmo:dark:border-0 bg-gray-50 gizmo:bg-transparent dark:bg-[#444654] gizmo:dark:bg-transparent\" data-testid=\"conversation-turn-78\">\n<ol>\n<li><strong>Waterproof Excellence:<\/strong> To begin with, our cozy cat cave bed boasts a material blend of flannel fleece, imitation linen fabric, PV plush, and a TPU waterproof membrane. This ensures not only warmth and comfort but also durability and resistance to water, making it a practical choice for your feline friend.<\/li>\n<li><strong>Cat Cave Design for Cozy Comfort:<\/strong> Transitioning to its unique features, this cat bed adopts a cave design, providing a plush and secluded space for your cat to snuggle in. This design aligns perfectly with a cat&#8217;s natural instincts, offering a safe and private retreat.<\/li>\n<li><strong>Removable Cushion for Easy Maintenance:<\/strong> Convenience is key, and with the cozy cat bed, maintenance is a breeze. The removable cushion, conveniently thickened for added warmth, allows for easy cleaning, ensuring a fresh and hygienic sleeping space for your cat.<\/li>\n<li><strong>Portable with Handle:<\/strong> Moreover, the cat bed features a handle on top for easy portability. This allows you to effortlessly move the cozy cat cave bed to different locations, providing your cat with a familiar and comfortable space wherever they go.<\/li>\n<li><strong>Anti-Slip Bottom for Stability:<\/strong> Ensuring safety, our cat bed boasts an anti-slip bottom design. This guarantees stability, preventing any unwanted shifting or sliding, even during your cat&#8217;s playful moments.<\/li>\n<li><strong>Customizable Sizes and Colors:<\/strong> Furthermore, choose from a variety of sizes and colors to match your cat&#8217;s size and complement your home decor. Additionally, customization options are available for a truly personalized touch.<\/li>\n<li><strong>Ideal for Wholesale, Retail, and E-commerce:<\/strong> Calling out to wholesalers, retailers, and e-commerce enthusiasts! The cozy cat bed is a versatile and sought-after product for your inventory. Elevate your pet product offerings with this blend of functionality and style.<\/li>\n<\/ol>\n<\/div>\n<\/div>\n<\/div>\n<\/div>\n<\/div>\n<\/div>\n<\/div>\n<\/div>\n<\/div>\n<\/div>\n<\/div>\n<\/div>\n<\/div>\n<\/div>\n<\/div>\n<\/div>\n<\/div>\n","protected":false},"excerpt":{"rendered":"<p>Wir sind ein Hersteller von gem\u00fctlichen Katzenh\u00f6hlenbetten mit mehr als 20 Jahren Erfahrung. Wir bieten Anpassungsm\u00f6glichkeiten f\u00fcr Farbe, Gr\u00f6\u00dfe, Stoff, Muster, Logo und andere Merkmale.<\/p>","protected":false},"featured_media":15900,"template":"","meta":{"_acf_changed":false},"product_brand":[],"product_cat":[58,71,57,72],"product_tag":[74,75],"class_list":{"0":"post-15898","1":"product","2":"type-product","3":"status-publish","4":"has-post-thumbnail","6":"product_cat-cat-beds","7":"product_cat-cat-supplies","8":"product_cat-dog-beds","9":"product_cat-dog-supplies","10":"product_tag-cat-beds","11":"product_tag-dog-beds","13":"first","14":"instock","15":"shipping-taxable","16":"product-type-simple"},"acf":[],"yoast_head":"<!-- This site is optimized with the Yoast SEO plugin v27.1.1 - https:\/\/yoast.com\/product\/yoast-seo-wordpress\/ -->\n<title>Cozy Cat Cave Bed | Wholesale Warm Pet Beds- Petstar<\/title>\n<meta name=\"description\" content=\"Explore cozy cat cave bed, wholesale kitten bed, custom winter pet bed from the manufacturer. Your ideal business solution with Petstar.\" \/>\n<meta name=\"robots\" content=\"index, follow, max-snippet:-1, max-image-preview:large, max-video-preview:-1\" \/>\n<link rel=\"canonical\" href=\"https:\/\/petproducts.com.cn\/de\/produkt\/cozy-cat-cave-bed-winter-pet-warm-bed\/\" \/>\n<meta property=\"og:locale\" content=\"de_DE\" \/>\n<meta property=\"og:type\" content=\"article\" \/>\n<meta property=\"og:title\" content=\"Cozy Cat Cave Bed | Wholesale Warm Pet Beds- Petstar\" \/>\n<meta property=\"og:description\" content=\"Explore cozy cat cave bed, wholesale kitten bed, custom winter pet bed from the manufacturer. Your ideal business solution with Petstar.\" \/>\n<meta property=\"og:url\" content=\"https:\/\/petproducts.com.cn\/de\/produkt\/cozy-cat-cave-bed-winter-pet-warm-bed\/\" \/>\n<meta property=\"og:site_name\" content=\"Petstar\" \/>\n<meta property=\"article:modified_time\" content=\"2023-11-17T07:08:20+00:00\" \/>\n<meta property=\"og:image\" content=\"https:\/\/petproducts.com.cn\/wp-content\/uploads\/2023\/11\/cozy-cat-cave-bed-1.webp\" \/>\n\t<meta property=\"og:image:width\" content=\"1000\" \/>\n\t<meta property=\"og:image:height\" content=\"1000\" \/>\n\t<meta property=\"og:image:type\" content=\"image\/webp\" \/>\n<meta name=\"twitter:card\" content=\"summary_large_image\" \/>\n<meta name=\"twitter:label1\" content=\"Gesch\u00e4tzte Lesezeit\" \/>\n\t<meta name=\"twitter:data1\" content=\"2\u00a0Minuten\" \/>\n<script type=\"application\/ld+json\" class=\"yoast-schema-graph\">{\"@context\":\"https:\/\/schema.org\",\"@graph\":[{\"@type\":\"WebPage\",\"@id\":\"https:\/\/petproducts.com.cn\/product\/cozy-cat-cave-bed-winter-pet-warm-bed\/\",\"url\":\"https:\/\/petproducts.com.cn\/product\/cozy-cat-cave-bed-winter-pet-warm-bed\/\",\"name\":\"Cozy Cat Cave Bed | Wholesale Warm Pet Beds- Petstar\",\"isPartOf\":{\"@id\":\"https:\/\/petproducts.com.cn\/#website\"},\"primaryImageOfPage\":{\"@id\":\"https:\/\/petproducts.com.cn\/product\/cozy-cat-cave-bed-winter-pet-warm-bed\/#primaryimage\"},\"image\":{\"@id\":\"https:\/\/petproducts.com.cn\/product\/cozy-cat-cave-bed-winter-pet-warm-bed\/#primaryimage\"},\"thumbnailUrl\":\"https:\/\/petproducts.com.cn\/wp-content\/uploads\/2023\/11\/cozy-cat-cave-bed-1.webp\",\"datePublished\":\"2023-11-17T07:01:00+00:00\",\"dateModified\":\"2023-11-17T07:08:20+00:00\",\"description\":\"Explore cozy cat cave bed, wholesale kitten bed, custom winter pet bed from the manufacturer. Your ideal business solution with Petstar.\",\"breadcrumb\":{\"@id\":\"https:\/\/petproducts.com.cn\/product\/cozy-cat-cave-bed-winter-pet-warm-bed\/#breadcrumb\"},\"inLanguage\":\"de\",\"potentialAction\":[{\"@type\":\"ReadAction\",\"target\":[\"https:\/\/petproducts.com.cn\/product\/cozy-cat-cave-bed-winter-pet-warm-bed\/\"]}]},{\"@type\":\"ImageObject\",\"inLanguage\":\"de\",\"@id\":\"https:\/\/petproducts.com.cn\/product\/cozy-cat-cave-bed-winter-pet-warm-bed\/#primaryimage\",\"url\":\"https:\/\/petproducts.com.cn\/wp-content\/uploads\/2023\/11\/cozy-cat-cave-bed-1.webp\",\"contentUrl\":\"https:\/\/petproducts.com.cn\/wp-content\/uploads\/2023\/11\/cozy-cat-cave-bed-1.webp\",\"width\":1000,\"height\":1000,\"caption\":\"cozy cat cave bed\"},{\"@type\":\"BreadcrumbList\",\"@id\":\"https:\/\/petproducts.com.cn\/product\/cozy-cat-cave-bed-winter-pet-warm-bed\/#breadcrumb\",\"itemListElement\":[{\"@type\":\"ListItem\",\"position\":1,\"name\":\"HOME\",\"item\":\"https:\/\/petproducts.com.cn\/\"},{\"@type\":\"ListItem\",\"position\":2,\"name\":\"Products\",\"item\":\"https:\/\/petproducts.com.cn\/shop\/\"},{\"@type\":\"ListItem\",\"position\":3,\"name\":\"Cat Beds\",\"item\":\"https:\/\/petproducts.com.cn\/product-category\/cat-beds\/\"},{\"@type\":\"ListItem\",\"position\":4,\"name\":\"Cozy Cat Cave Bed Winter Pet Warm Bed\"}]},{\"@type\":\"WebSite\",\"@id\":\"https:\/\/petproducts.com.cn\/#website\",\"url\":\"https:\/\/petproducts.com.cn\/\",\"name\":\"Petstar\",\"description\":\"Leading Pet Supplies Manufacturer &amp; OEM Pet Products Supplier\",\"publisher\":{\"@id\":\"https:\/\/petproducts.com.cn\/#organization\"},\"alternateName\":\"Petstar Pet Supplies\",\"potentialAction\":[{\"@type\":\"SearchAction\",\"target\":{\"@type\":\"EntryPoint\",\"urlTemplate\":\"https:\/\/petproducts.com.cn\/?s={search_term_string}\"},\"query-input\":{\"@type\":\"PropertyValueSpecification\",\"valueRequired\":true,\"valueName\":\"search_term_string\"}}],\"inLanguage\":\"de\"},{\"@type\":\"Organization\",\"@id\":\"https:\/\/petproducts.com.cn\/#organization\",\"name\":\"Petstar\",\"url\":\"https:\/\/petproducts.com.cn\/\",\"logo\":{\"@type\":\"ImageObject\",\"inLanguage\":\"de\",\"@id\":\"https:\/\/petproducts.com.cn\/#\/schema\/logo\/image\/\",\"url\":\"https:\/\/petproducts.com.cn\/wp-content\/uploads\/2020\/02\/petstar-logo.webp\",\"contentUrl\":\"https:\/\/petproducts.com.cn\/wp-content\/uploads\/2020\/02\/petstar-logo.webp\",\"width\":779,\"height\":520,\"caption\":\"Petstar\"},\"image\":{\"@id\":\"https:\/\/petproducts.com.cn\/#\/schema\/logo\/image\/\"}}]}<\/script>\n<!-- \/ Yoast SEO plugin. -->","yoast_head_json":{"title":"Gem\u00fctliche Katze H\u00f6hle Bett | Gro\u00dfhandel warme Haustier Betten - Petstar","description":"Entdecken Sie gem\u00fctliche Katze H\u00f6hle Bett, Gro\u00dfhandel K\u00e4tzchen Bett, benutzerdefinierte Winter Haustier Bett vom Hersteller. Ihre ideale Business-L\u00f6sung mit Petstar.","robots":{"index":"index","follow":"follow","max-snippet":"max-snippet:-1","max-image-preview":"max-image-preview:large","max-video-preview":"max-video-preview:-1"},"canonical":"https:\/\/petproducts.com.cn\/de\/produkt\/cozy-cat-cave-bed-winter-pet-warm-bed\/","og_locale":"de_DE","og_type":"article","og_title":"Cozy Cat Cave Bed | Wholesale Warm Pet Beds- Petstar","og_description":"Explore cozy cat cave bed, wholesale kitten bed, custom winter pet bed from the manufacturer. Your ideal business solution with Petstar.","og_url":"https:\/\/petproducts.com.cn\/de\/produkt\/cozy-cat-cave-bed-winter-pet-warm-bed\/","og_site_name":"Petstar","article_modified_time":"2023-11-17T07:08:20+00:00","og_image":[{"width":1000,"height":1000,"url":"https:\/\/petproducts.com.cn\/wp-content\/uploads\/2023\/11\/cozy-cat-cave-bed-1.webp","type":"image\/webp"}],"twitter_card":"summary_large_image","twitter_misc":{"Gesch\u00e4tzte Lesezeit":"2\u00a0Minuten"},"schema":{"@context":"https:\/\/schema.org","@graph":[{"@type":"WebPage","@id":"https:\/\/petproducts.com.cn\/product\/cozy-cat-cave-bed-winter-pet-warm-bed\/","url":"https:\/\/petproducts.com.cn\/product\/cozy-cat-cave-bed-winter-pet-warm-bed\/","name":"Gem\u00fctliche Katze H\u00f6hle Bett | Gro\u00dfhandel warme Haustier Betten - Petstar","isPartOf":{"@id":"https:\/\/petproducts.com.cn\/#website"},"primaryImageOfPage":{"@id":"https:\/\/petproducts.com.cn\/product\/cozy-cat-cave-bed-winter-pet-warm-bed\/#primaryimage"},"image":{"@id":"https:\/\/petproducts.com.cn\/product\/cozy-cat-cave-bed-winter-pet-warm-bed\/#primaryimage"},"thumbnailUrl":"https:\/\/petproducts.com.cn\/wp-content\/uploads\/2023\/11\/cozy-cat-cave-bed-1.webp","datePublished":"2023-11-17T07:01:00+00:00","dateModified":"2023-11-17T07:08:20+00:00","description":"Entdecken Sie gem\u00fctliche Katze H\u00f6hle Bett, Gro\u00dfhandel K\u00e4tzchen Bett, benutzerdefinierte Winter Haustier Bett vom Hersteller. Ihre ideale Business-L\u00f6sung mit Petstar.","breadcrumb":{"@id":"https:\/\/petproducts.com.cn\/product\/cozy-cat-cave-bed-winter-pet-warm-bed\/#breadcrumb"},"inLanguage":"de","potentialAction":[{"@type":"ReadAction","target":["https:\/\/petproducts.com.cn\/product\/cozy-cat-cave-bed-winter-pet-warm-bed\/"]}]},{"@type":"ImageObject","inLanguage":"de","@id":"https:\/\/petproducts.com.cn\/product\/cozy-cat-cave-bed-winter-pet-warm-bed\/#primaryimage","url":"https:\/\/petproducts.com.cn\/wp-content\/uploads\/2023\/11\/cozy-cat-cave-bed-1.webp","contentUrl":"https:\/\/petproducts.com.cn\/wp-content\/uploads\/2023\/11\/cozy-cat-cave-bed-1.webp","width":1000,"height":1000,"caption":"cozy cat cave bed"},{"@type":"BreadcrumbList","@id":"https:\/\/petproducts.com.cn\/product\/cozy-cat-cave-bed-winter-pet-warm-bed\/#breadcrumb","itemListElement":[{"@type":"ListItem","position":1,"name":"HOME","item":"https:\/\/petproducts.com.cn\/"},{"@type":"ListItem","position":2,"name":"Products","item":"https:\/\/petproducts.com.cn\/shop\/"},{"@type":"ListItem","position":3,"name":"Cat Beds","item":"https:\/\/petproducts.com.cn\/product-category\/cat-beds\/"},{"@type":"ListItem","position":4,"name":"Cozy Cat Cave Bed Winter Pet Warm Bed"}]},{"@type":"WebSite","@id":"https:\/\/petproducts.com.cn\/#website","url":"https:\/\/petproducts.com.cn\/","name":"Petstar","description":"F\u00fchrender Hersteller von Heimtierbedarf und OEM-Lieferant von Heimtierprodukten","publisher":{"@id":"https:\/\/petproducts.com.cn\/#organization"},"alternateName":"Petstar Pet Supplies","potentialAction":[{"@type":"SearchAction","target":{"@type":"EntryPoint","urlTemplate":"https:\/\/petproducts.com.cn\/?s={search_term_string}"},"query-input":{"@type":"PropertyValueSpecification","valueRequired":true,"valueName":"search_term_string"}}],"inLanguage":"de"},{"@type":"Organization","@id":"https:\/\/petproducts.com.cn\/#organization","name":"Petstar","url":"https:\/\/petproducts.com.cn\/","logo":{"@type":"ImageObject","inLanguage":"de","@id":"https:\/\/petproducts.com.cn\/#\/schema\/logo\/image\/","url":"https:\/\/petproducts.com.cn\/wp-content\/uploads\/2020\/02\/petstar-logo.webp","contentUrl":"https:\/\/petproducts.com.cn\/wp-content\/uploads\/2020\/02\/petstar-logo.webp","width":779,"height":520,"caption":"Petstar"},"image":{"@id":"https:\/\/petproducts.com.cn\/#\/schema\/logo\/image\/"}}]}},"_links":{"self":[{"href":"https:\/\/petproducts.com.cn\/de\/wp-json\/wp\/v2\/product\/15898","targetHints":{"allow":["GET"]}}],"collection":[{"href":"https:\/\/petproducts.com.cn\/de\/wp-json\/wp\/v2\/product"}],"about":[{"href":"https:\/\/petproducts.com.cn\/de\/wp-json\/wp\/v2\/types\/product"}],"version-history":[{"count":1,"href":"https:\/\/petproducts.com.cn\/de\/wp-json\/wp\/v2\/product\/15898\/revisions"}],"predecessor-version":[{"id":15911,"href":"https:\/\/petproducts.com.cn\/de\/wp-json\/wp\/v2\/product\/15898\/revisions\/15911"}],"wp:featuredmedia":[{"embeddable":true,"href":"https:\/\/petproducts.com.cn\/de\/wp-json\/wp\/v2\/media\/15900"}],"wp:attachment":[{"href":"https:\/\/petproducts.com.cn\/de\/wp-json\/wp\/v2\/media?parent=15898"}],"wp:term":[{"taxonomy":"product_brand","embeddable":true,"href":"https:\/\/petproducts.com.cn\/de\/wp-json\/wp\/v2\/product_brand?post=15898"},{"taxonomy":"product_cat","embeddable":true,"href":"https:\/\/petproducts.com.cn\/de\/wp-json\/wp\/v2\/product_cat?post=15898"},{"taxonomy":"product_tag","embeddable":true,"href":"https:\/\/petproducts.com.cn\/de\/wp-json\/wp\/v2\/product_tag?post=15898"}],"curies":[{"name":"wp","href":"https:\/\/api.w.org\/{rel}","templated":true}]}}