{"id":16141,"date":"2023-11-21T09:08:53","date_gmt":"2023-11-21T09:08:53","guid":{"rendered":"https:\/\/petproducts.com.cn\/?post_type=product&#038;p=16141"},"modified":"2023-11-22T08:26:46","modified_gmt":"2023-11-22T08:26:46","slug":"dog-luxury-bed-soft-velvet-pet-bed","status":"publish","type":"product","link":"https:\/\/petproducts.com.cn\/de\/product\/dog-luxury-bed-soft-velvet-pet-bed\/","title":{"rendered":"Luxuri\u00f6ses Hundebett, weiches Haustierbett aus Samt"},"content":{"rendered":"<h2>Eigenschaften von Dog Luxury Bed<\/h2>\n<ol>\n<li><strong>Pr\u00e4chtige samtene Eleganz<\/strong>: Tauchen Sie Ihren geliebten Vierbeiner in den Scho\u00df des Luxus ein mit dem \u00fcppigen Samtstoff unseres Hunde-Luxusbettes. Der weiche Samt ist ein wahrer Sinnesgenuss und schafft einen kuscheligen R\u00fcckzugsort, den Ihr Hund lieben wird.<\/li>\n<li><strong>Ovale Opulenz<\/strong>: Die elliptische Form des Bettes verleiht dem Raum f\u00fcr Ihr Haustier einen Hauch von Raffinesse. Dieses einzigartige Design erg\u00e4nzt nicht nur die Einrichtung Ihres Hauses, sondern bietet Ihrem Hund auch eine sichere und gem\u00fctliche Schlafumgebung.<\/li>\n<li><strong>Kokon aus W\u00e4rme und Weichheit<\/strong>: Wenn sich Ihr pelziger Begleiter auf diesem Bett zusammenrollt, schaffen die W\u00e4rme und die Weichheit des Materials einen Kokon des Komforts. Es ist mehr als nur ein Bett; es ist ein R\u00fcckzugsort, an dem sich Ihr Haustier entspannen und erholen kann.<\/li>\n<li><strong>Stabiler Anti-Rutsch-Fu\u00df<\/strong>: Verabschieden Sie sich vom Ausrutschen und Rutschen. Das Bett verf\u00fcgt \u00fcber einen zuverl\u00e4ssigen Anti-Rutsch-Boden, der f\u00fcr Stabilit\u00e4t auf jeder Oberfl\u00e4che sorgt. Egal wie verspielt oder unruhig Ihr Haustier ist, das Bett bleibt sicher an seinem Platz.<\/li>\n<li><strong>Praktischerweise abnehmbarer Deckel<\/strong>: Wir wissen, dass Haustiere unordentlich sein k\u00f6nnen. Deshalb haben wir die Reinigung zu einem Kinderspiel gemacht. Der abnehmbare Bezug l\u00e4sst sich leicht abnehmen und erm\u00f6glicht so ein m\u00fcheloses Waschen. Halten Sie den Platz Ihres Haustieres m\u00fchelos frisch und hygienisch.<\/li>\n<li><strong>Vielseitiger Stil f\u00fcr jeden Raum<\/strong>: Mit seinem schicken Design und den neutralen Farbt\u00f6nen f\u00fcgt sich das Dog Luxury Bed nahtlos in jeden Raum ein. Erh\u00f6hen Sie die \u00c4sthetik Ihres Zuhauses und geben Sie Ihrem Haustier den luxuri\u00f6sen Platz, den es verdient.<\/li>\n<\/ol>","protected":false},"excerpt":{"rendered":"<p>Wir sind ein Hersteller von Haustierbetten mit mehr als 20 Jahren Erfahrung. Wir bieten Anpassungsm\u00f6glichkeiten f\u00fcr Farbe, Gr\u00f6\u00dfe, Stoff, Muster, Logo und andere Merkmale.<\/p>","protected":false},"featured_media":16181,"template":"","meta":{"_acf_changed":false},"product_brand":[],"product_cat":[57,72],"product_tag":[75],"class_list":{"0":"post-16141","1":"product","2":"type-product","3":"status-publish","4":"has-post-thumbnail","6":"product_cat-dog-beds","7":"product_cat-dog-supplies","8":"product_tag-dog-beds","10":"first","11":"instock","12":"shipping-taxable","13":"product-type-simple"},"acf":[],"yoast_head":"<!-- This site is optimized with the Yoast SEO plugin v27.1.1 - https:\/\/yoast.com\/product\/yoast-seo-wordpress\/ -->\n<title>Dog Luxury Bed | Customized Velvet Pet Bed - Petstar<\/title>\n<meta name=\"description\" content=\"Explore dog luxury bed, velvet pet beds, soft velvet pet bed from the manufacturer. Your ideal business solution with Petstar.\" \/>\n<meta name=\"robots\" content=\"index, follow, max-snippet:-1, max-image-preview:large, max-video-preview:-1\" \/>\n<link rel=\"canonical\" href=\"https:\/\/petproducts.com.cn\/de\/produkt\/dog-luxury-bed-soft-velvet-pet-bed\/\" \/>\n<meta property=\"og:locale\" content=\"de_DE\" \/>\n<meta property=\"og:type\" content=\"article\" \/>\n<meta property=\"og:title\" content=\"Dog Luxury Bed | Customized Velvet Pet Bed - Petstar\" \/>\n<meta property=\"og:description\" content=\"Explore dog luxury bed, velvet pet beds, soft velvet pet bed from the manufacturer. Your ideal business solution with Petstar.\" \/>\n<meta property=\"og:url\" content=\"https:\/\/petproducts.com.cn\/de\/produkt\/dog-luxury-bed-soft-velvet-pet-bed\/\" \/>\n<meta property=\"og:site_name\" content=\"Petstar\" \/>\n<meta property=\"article:modified_time\" content=\"2023-11-22T08:26:46+00:00\" \/>\n<meta property=\"og:image\" content=\"https:\/\/petproducts.com.cn\/wp-content\/uploads\/2023\/11\/dog-luxury-bed.webp\" \/>\n\t<meta property=\"og:image:width\" content=\"1000\" \/>\n\t<meta property=\"og:image:height\" content=\"1000\" \/>\n\t<meta property=\"og:image:type\" content=\"image\/webp\" \/>\n<meta name=\"twitter:card\" content=\"summary_large_image\" \/>\n<meta name=\"twitter:label1\" content=\"Gesch\u00e4tzte Lesezeit\" \/>\n\t<meta name=\"twitter:data1\" content=\"1\u00a0Minute\" \/>\n<script type=\"application\/ld+json\" class=\"yoast-schema-graph\">{\"@context\":\"https:\/\/schema.org\",\"@graph\":[{\"@type\":\"WebPage\",\"@id\":\"https:\/\/petproducts.com.cn\/product\/dog-luxury-bed-soft-velvet-pet-bed\/\",\"url\":\"https:\/\/petproducts.com.cn\/product\/dog-luxury-bed-soft-velvet-pet-bed\/\",\"name\":\"Dog Luxury Bed | Customized Velvet Pet Bed - Petstar\",\"isPartOf\":{\"@id\":\"https:\/\/petproducts.com.cn\/#website\"},\"primaryImageOfPage\":{\"@id\":\"https:\/\/petproducts.com.cn\/product\/dog-luxury-bed-soft-velvet-pet-bed\/#primaryimage\"},\"image\":{\"@id\":\"https:\/\/petproducts.com.cn\/product\/dog-luxury-bed-soft-velvet-pet-bed\/#primaryimage\"},\"thumbnailUrl\":\"https:\/\/petproducts.com.cn\/wp-content\/uploads\/2023\/11\/dog-luxury-bed.webp\",\"datePublished\":\"2023-11-21T09:08:53+00:00\",\"dateModified\":\"2023-11-22T08:26:46+00:00\",\"description\":\"Explore dog luxury bed, velvet pet beds, soft velvet pet bed from the manufacturer. Your ideal business solution with Petstar.\",\"breadcrumb\":{\"@id\":\"https:\/\/petproducts.com.cn\/product\/dog-luxury-bed-soft-velvet-pet-bed\/#breadcrumb\"},\"inLanguage\":\"de\",\"potentialAction\":[{\"@type\":\"ReadAction\",\"target\":[\"https:\/\/petproducts.com.cn\/product\/dog-luxury-bed-soft-velvet-pet-bed\/\"]}]},{\"@type\":\"ImageObject\",\"inLanguage\":\"de\",\"@id\":\"https:\/\/petproducts.com.cn\/product\/dog-luxury-bed-soft-velvet-pet-bed\/#primaryimage\",\"url\":\"https:\/\/petproducts.com.cn\/wp-content\/uploads\/2023\/11\/dog-luxury-bed.webp\",\"contentUrl\":\"https:\/\/petproducts.com.cn\/wp-content\/uploads\/2023\/11\/dog-luxury-bed.webp\",\"width\":1000,\"height\":1000,\"caption\":\"dog luxury bed\"},{\"@type\":\"BreadcrumbList\",\"@id\":\"https:\/\/petproducts.com.cn\/product\/dog-luxury-bed-soft-velvet-pet-bed\/#breadcrumb\",\"itemListElement\":[{\"@type\":\"ListItem\",\"position\":1,\"name\":\"HOME\",\"item\":\"https:\/\/petproducts.com.cn\/\"},{\"@type\":\"ListItem\",\"position\":2,\"name\":\"Products\",\"item\":\"https:\/\/petproducts.com.cn\/shop\/\"},{\"@type\":\"ListItem\",\"position\":3,\"name\":\"Dog Beds\",\"item\":\"https:\/\/petproducts.com.cn\/product-category\/dog-beds\/\"},{\"@type\":\"ListItem\",\"position\":4,\"name\":\"Dog Luxury Bed Soft Velvet Pet Bed\"}]},{\"@type\":\"WebSite\",\"@id\":\"https:\/\/petproducts.com.cn\/#website\",\"url\":\"https:\/\/petproducts.com.cn\/\",\"name\":\"Petstar\",\"description\":\"Leading Pet Supplies Manufacturer &amp; OEM Pet Products Supplier\",\"publisher\":{\"@id\":\"https:\/\/petproducts.com.cn\/#organization\"},\"alternateName\":\"Petstar Pet Supplies\",\"potentialAction\":[{\"@type\":\"SearchAction\",\"target\":{\"@type\":\"EntryPoint\",\"urlTemplate\":\"https:\/\/petproducts.com.cn\/?s={search_term_string}\"},\"query-input\":{\"@type\":\"PropertyValueSpecification\",\"valueRequired\":true,\"valueName\":\"search_term_string\"}}],\"inLanguage\":\"de\"},{\"@type\":\"Organization\",\"@id\":\"https:\/\/petproducts.com.cn\/#organization\",\"name\":\"Petstar\",\"url\":\"https:\/\/petproducts.com.cn\/\",\"logo\":{\"@type\":\"ImageObject\",\"inLanguage\":\"de\",\"@id\":\"https:\/\/petproducts.com.cn\/#\/schema\/logo\/image\/\",\"url\":\"https:\/\/petproducts.com.cn\/wp-content\/uploads\/2020\/02\/petstar-logo.webp\",\"contentUrl\":\"https:\/\/petproducts.com.cn\/wp-content\/uploads\/2020\/02\/petstar-logo.webp\",\"width\":779,\"height\":520,\"caption\":\"Petstar\"},\"image\":{\"@id\":\"https:\/\/petproducts.com.cn\/#\/schema\/logo\/image\/\"}}]}<\/script>\n<!-- \/ Yoast SEO plugin. -->","yoast_head_json":{"title":"Hundeluxusbett | Individuelles Haustierbett aus Samt - Petstar","description":"Entdecken Sie Hund Luxus Bett, Samt Haustier Betten, weichen Samt Haustier Bett vom Hersteller. Ihre ideale Business-L\u00f6sung mit Petstar.","robots":{"index":"index","follow":"follow","max-snippet":"max-snippet:-1","max-image-preview":"max-image-preview:large","max-video-preview":"max-video-preview:-1"},"canonical":"https:\/\/petproducts.com.cn\/de\/produkt\/dog-luxury-bed-soft-velvet-pet-bed\/","og_locale":"de_DE","og_type":"article","og_title":"Dog Luxury Bed | Customized Velvet Pet Bed - Petstar","og_description":"Explore dog luxury bed, velvet pet beds, soft velvet pet bed from the manufacturer. Your ideal business solution with Petstar.","og_url":"https:\/\/petproducts.com.cn\/de\/produkt\/dog-luxury-bed-soft-velvet-pet-bed\/","og_site_name":"Petstar","article_modified_time":"2023-11-22T08:26:46+00:00","og_image":[{"width":1000,"height":1000,"url":"https:\/\/petproducts.com.cn\/wp-content\/uploads\/2023\/11\/dog-luxury-bed.webp","type":"image\/webp"}],"twitter_card":"summary_large_image","twitter_misc":{"Gesch\u00e4tzte Lesezeit":"1\u00a0Minute"},"schema":{"@context":"https:\/\/schema.org","@graph":[{"@type":"WebPage","@id":"https:\/\/petproducts.com.cn\/product\/dog-luxury-bed-soft-velvet-pet-bed\/","url":"https:\/\/petproducts.com.cn\/product\/dog-luxury-bed-soft-velvet-pet-bed\/","name":"Hundeluxusbett | Individuelles Haustierbett aus Samt - Petstar","isPartOf":{"@id":"https:\/\/petproducts.com.cn\/#website"},"primaryImageOfPage":{"@id":"https:\/\/petproducts.com.cn\/product\/dog-luxury-bed-soft-velvet-pet-bed\/#primaryimage"},"image":{"@id":"https:\/\/petproducts.com.cn\/product\/dog-luxury-bed-soft-velvet-pet-bed\/#primaryimage"},"thumbnailUrl":"https:\/\/petproducts.com.cn\/wp-content\/uploads\/2023\/11\/dog-luxury-bed.webp","datePublished":"2023-11-21T09:08:53+00:00","dateModified":"2023-11-22T08:26:46+00:00","description":"Entdecken Sie Hund Luxus Bett, Samt Haustier Betten, weichen Samt Haustier Bett vom Hersteller. Ihre ideale Business-L\u00f6sung mit Petstar.","breadcrumb":{"@id":"https:\/\/petproducts.com.cn\/product\/dog-luxury-bed-soft-velvet-pet-bed\/#breadcrumb"},"inLanguage":"de","potentialAction":[{"@type":"ReadAction","target":["https:\/\/petproducts.com.cn\/product\/dog-luxury-bed-soft-velvet-pet-bed\/"]}]},{"@type":"ImageObject","inLanguage":"de","@id":"https:\/\/petproducts.com.cn\/product\/dog-luxury-bed-soft-velvet-pet-bed\/#primaryimage","url":"https:\/\/petproducts.com.cn\/wp-content\/uploads\/2023\/11\/dog-luxury-bed.webp","contentUrl":"https:\/\/petproducts.com.cn\/wp-content\/uploads\/2023\/11\/dog-luxury-bed.webp","width":1000,"height":1000,"caption":"dog luxury bed"},{"@type":"BreadcrumbList","@id":"https:\/\/petproducts.com.cn\/product\/dog-luxury-bed-soft-velvet-pet-bed\/#breadcrumb","itemListElement":[{"@type":"ListItem","position":1,"name":"HOME","item":"https:\/\/petproducts.com.cn\/"},{"@type":"ListItem","position":2,"name":"Products","item":"https:\/\/petproducts.com.cn\/shop\/"},{"@type":"ListItem","position":3,"name":"Dog Beds","item":"https:\/\/petproducts.com.cn\/product-category\/dog-beds\/"},{"@type":"ListItem","position":4,"name":"Dog Luxury Bed Soft Velvet Pet Bed"}]},{"@type":"WebSite","@id":"https:\/\/petproducts.com.cn\/#website","url":"https:\/\/petproducts.com.cn\/","name":"Petstar","description":"F\u00fchrender Hersteller von Heimtierbedarf und OEM-Lieferant von Heimtierprodukten","publisher":{"@id":"https:\/\/petproducts.com.cn\/#organization"},"alternateName":"Petstar Pet Supplies","potentialAction":[{"@type":"SearchAction","target":{"@type":"EntryPoint","urlTemplate":"https:\/\/petproducts.com.cn\/?s={search_term_string}"},"query-input":{"@type":"PropertyValueSpecification","valueRequired":true,"valueName":"search_term_string"}}],"inLanguage":"de"},{"@type":"Organization","@id":"https:\/\/petproducts.com.cn\/#organization","name":"Petstar","url":"https:\/\/petproducts.com.cn\/","logo":{"@type":"ImageObject","inLanguage":"de","@id":"https:\/\/petproducts.com.cn\/#\/schema\/logo\/image\/","url":"https:\/\/petproducts.com.cn\/wp-content\/uploads\/2020\/02\/petstar-logo.webp","contentUrl":"https:\/\/petproducts.com.cn\/wp-content\/uploads\/2020\/02\/petstar-logo.webp","width":779,"height":520,"caption":"Petstar"},"image":{"@id":"https:\/\/petproducts.com.cn\/#\/schema\/logo\/image\/"}}]}},"_links":{"self":[{"href":"https:\/\/petproducts.com.cn\/de\/wp-json\/wp\/v2\/product\/16141","targetHints":{"allow":["GET"]}}],"collection":[{"href":"https:\/\/petproducts.com.cn\/de\/wp-json\/wp\/v2\/product"}],"about":[{"href":"https:\/\/petproducts.com.cn\/de\/wp-json\/wp\/v2\/types\/product"}],"version-history":[{"count":4,"href":"https:\/\/petproducts.com.cn\/de\/wp-json\/wp\/v2\/product\/16141\/revisions"}],"predecessor-version":[{"id":16195,"href":"https:\/\/petproducts.com.cn\/de\/wp-json\/wp\/v2\/product\/16141\/revisions\/16195"}],"wp:featuredmedia":[{"embeddable":true,"href":"https:\/\/petproducts.com.cn\/de\/wp-json\/wp\/v2\/media\/16181"}],"wp:attachment":[{"href":"https:\/\/petproducts.com.cn\/de\/wp-json\/wp\/v2\/media?parent=16141"}],"wp:term":[{"taxonomy":"product_brand","embeddable":true,"href":"https:\/\/petproducts.com.cn\/de\/wp-json\/wp\/v2\/product_brand?post=16141"},{"taxonomy":"product_cat","embeddable":true,"href":"https:\/\/petproducts.com.cn\/de\/wp-json\/wp\/v2\/product_cat?post=16141"},{"taxonomy":"product_tag","embeddable":true,"href":"https:\/\/petproducts.com.cn\/de\/wp-json\/wp\/v2\/product_tag?post=16141"}],"curies":[{"name":"wp","href":"https:\/\/api.w.org\/{rel}","templated":true}]}}