{"id":16346,"date":"2023-11-24T06:59:41","date_gmt":"2023-11-24T06:59:41","guid":{"rendered":"https:\/\/petproducts.com.cn\/?post_type=product&#038;p=16346"},"modified":"2023-11-24T07:26:17","modified_gmt":"2023-11-24T07:26:17","slug":"plush-tough-skunk-dog-toys-company","status":"publish","type":"product","link":"https:\/\/petproducts.com.cn\/de\/product\/plush-tough-skunk-dog-toys-company\/","title":{"rendered":"Pl\u00fcschiges robustes Stinktier-Hundespielzeug von der Firma"},"content":{"rendered":"<h2>Petstar: Hundespielzeug aus Pl\u00fcsch Tough Skunk<\/h2>\n<p>Sind Sie auf der Suche nach einem zuverl\u00e4ssigen Unternehmen, das sich auf individuelle Pl\u00fcschspielzeuge f\u00fcr Stinktiere spezialisiert hat? Dann sind Sie bei uns genau richtig! Unser Unternehmen zeichnet sich durch qualitativ hochwertige, individuell gestaltete Hundespielzeuge f\u00fcr Stinktiere aus. Hier ist, warum unsere kundenspezifische Produktion Service f\u00fcr Pl\u00fcsch Hundespielzeug steht aus:<\/p>\n<h3>Unser Vorteil:<\/h3>\n<ol>\n<li>Ma\u00dfgeschneidertes Design und individuelle Anpassung: Wir bieten ma\u00dfgeschneiderte Design- und Anpassungsoptionen f\u00fcr Pl\u00fcsch-Stinktier-Hundespielzeug. Ganz gleich, ob Sie bestimmte Gr\u00f6\u00dfen-, Farb- oder Materialw\u00fcnsche haben, unser Produktionsservice ist in der Lage, Ihre individuellen Anforderungen zu erf\u00fcllen. Durch das Angebot von personalisierten Designs stellen wir sicher, dass jedes Spielzeug die Vision Ihrer Marke widerspiegelt und Ihre Zielgruppe anspricht.<\/li>\n<li>Langlebige und sichere Materialien: Unsere Pl\u00fcsch-Stinktier-Hundespielzeuge werden aus hochwertigen, langlebigen Materialien hergestellt, die ein lang anhaltendes Spielvergn\u00fcgen f\u00fcr Haustiere garantieren. Wir legen Wert auf die Verwendung von robusten, haustiersicheren Stoffen und Materialien, um ein zuverl\u00e4ssiges und sicheres Spielerlebnis zu schaffen. Unser Engagement f\u00fcr Langlebigkeit und Sicherheit zeichnet unseren Produktionsservice aus und gibt sowohl Tierhaltern als auch Einzelh\u00e4ndlern ein sicheres Gef\u00fchl.<\/li>\n<li>Fesselnde und interaktive Eigenschaften: Unsere ma\u00dfgefertigten Pl\u00fcschspielzeuge f\u00fcr Stinktiere sind mit ansprechenden Elementen ausgestattet, die die Sinne des Hundes anregen und ein gesundes Spielverhalten f\u00f6rdern. Von verst\u00e4rkten N\u00e4hten bis hin zu versteckten Quietschern - wir integrieren interaktive Elemente, die das Spielen spannender und geistig anregender machen. Diese Eigenschaften helfen, Langeweile zu vertreiben und gesunde Bewegung zu f\u00f6rdern, was unsere Spielzeuge zu einer hervorragenden Wahl f\u00fcr aktive und intelligente Hunde macht.<\/li>\n<li>P\u00fcnktliche Lieferung und wettbewerbsf\u00e4hige Preise: Wir wissen, wie wichtig eine p\u00fcnktliche Lieferung und wettbewerbsf\u00e4hige Preise f\u00fcr unsere Kunden sind. Unser rationalisierter Produktionsprozess und unser effizientes Lieferkettenmanagement erm\u00f6glichen es uns, Bestellungen immer p\u00fcnktlich zu liefern. Dar\u00fcber hinaus ist unsere Preisgestaltung wettbewerbsf\u00e4hig, so dass unsere Kunden ihre Gewinne maximieren und gleichzeitig ihren Kunden Produkte von h\u00f6chster Qualit\u00e4t anbieten k\u00f6nnen.<\/li>\n<\/ol>\n<p>Entscheiden Sie sich f\u00fcr unseren Produktionsservice f\u00fcr Pl\u00fcschspielzeug f\u00fcr Stinktiere und profitieren Sie von ma\u00dfgeschneidertem Design, langlebigen und sicheren Materialien, ansprechenden Funktionen, p\u00fcnktlicher Lieferung und wettbewerbsf\u00e4higen Preisen. Kontaktieren Sie uns noch heute, um Ihre Produktionsanforderungen zu besprechen und zu sehen, wie Ihr individuelles Pl\u00fcschspielzeug zum Leben erweckt wird!<\/p>","protected":false},"excerpt":{"rendered":"<p>Wir sind ein Hersteller von Hundespielzeug mit mehr als 20 Jahren Erfahrung. Wir bieten Anpassungsm\u00f6glichkeiten f\u00fcr Farbe, Gr\u00f6\u00dfe, Stoff, Muster, Logo und andere Merkmale.<\/p>","protected":false},"featured_media":16350,"template":"","meta":{"_acf_changed":false},"product_brand":[],"product_cat":[72,48],"product_tag":[85],"class_list":{"0":"post-16346","1":"product","2":"type-product","3":"status-publish","4":"has-post-thumbnail","6":"product_cat-dog-supplies","7":"product_cat-dog-toys","8":"product_tag-dog-toys","10":"first","11":"instock","12":"shipping-taxable","13":"product-type-simple"},"acf":[],"yoast_head":"<!-- This site is optimized with the Yoast SEO plugin v27.1.1 - https:\/\/yoast.com\/product\/yoast-seo-wordpress\/ -->\n<title>plush tough dog toys factory | Customdog stuffed animal dog toys - Petstar<\/title>\n<meta name=\"description\" content=\"Explore plush tough dog toys,stuffed animal dog toys, dog chew toy from the manufacturer. Your ideal business solution with Petstar.\" \/>\n<meta name=\"robots\" content=\"index, follow, max-snippet:-1, max-image-preview:large, max-video-preview:-1\" \/>\n<link rel=\"canonical\" href=\"https:\/\/petproducts.com.cn\/de\/produkt\/plush-tough-skunk-dog-toys-company\/\" \/>\n<meta property=\"og:locale\" content=\"de_DE\" \/>\n<meta property=\"og:type\" content=\"article\" \/>\n<meta property=\"og:title\" content=\"plush tough dog toys factory | Customdog stuffed animal dog toys - Petstar\" \/>\n<meta property=\"og:description\" content=\"Explore plush tough dog toys,stuffed animal dog toys, dog chew toy from the manufacturer. Your ideal business solution with Petstar.\" \/>\n<meta property=\"og:url\" content=\"https:\/\/petproducts.com.cn\/de\/produkt\/plush-tough-skunk-dog-toys-company\/\" \/>\n<meta property=\"og:site_name\" content=\"Petstar\" \/>\n<meta property=\"article:modified_time\" content=\"2023-11-24T07:26:17+00:00\" \/>\n<meta property=\"og:image\" content=\"https:\/\/petproducts.com.cn\/wp-content\/uploads\/2023\/11\/plush-tough-dog-toys.webp\" \/>\n\t<meta property=\"og:image:width\" content=\"800\" \/>\n\t<meta property=\"og:image:height\" content=\"800\" \/>\n\t<meta property=\"og:image:type\" content=\"image\/webp\" \/>\n<meta name=\"twitter:card\" content=\"summary_large_image\" \/>\n<meta name=\"twitter:label1\" content=\"Gesch\u00e4tzte Lesezeit\" \/>\n\t<meta name=\"twitter:data1\" content=\"2\u00a0Minuten\" \/>\n<script type=\"application\/ld+json\" class=\"yoast-schema-graph\">{\"@context\":\"https:\/\/schema.org\",\"@graph\":[{\"@type\":\"WebPage\",\"@id\":\"https:\/\/petproducts.com.cn\/product\/plush-tough-skunk-dog-toys-company\/\",\"url\":\"https:\/\/petproducts.com.cn\/product\/plush-tough-skunk-dog-toys-company\/\",\"name\":\"plush tough dog toys factory | Customdog stuffed animal dog toys - Petstar\",\"isPartOf\":{\"@id\":\"https:\/\/petproducts.com.cn\/#website\"},\"primaryImageOfPage\":{\"@id\":\"https:\/\/petproducts.com.cn\/product\/plush-tough-skunk-dog-toys-company\/#primaryimage\"},\"image\":{\"@id\":\"https:\/\/petproducts.com.cn\/product\/plush-tough-skunk-dog-toys-company\/#primaryimage\"},\"thumbnailUrl\":\"https:\/\/petproducts.com.cn\/wp-content\/uploads\/2023\/11\/plush-tough-dog-toys.webp\",\"datePublished\":\"2023-11-24T06:59:41+00:00\",\"dateModified\":\"2023-11-24T07:26:17+00:00\",\"description\":\"Explore plush tough dog toys,stuffed animal dog toys, dog chew toy from the manufacturer. Your ideal business solution with Petstar.\",\"breadcrumb\":{\"@id\":\"https:\/\/petproducts.com.cn\/product\/plush-tough-skunk-dog-toys-company\/#breadcrumb\"},\"inLanguage\":\"de\",\"potentialAction\":[{\"@type\":\"ReadAction\",\"target\":[\"https:\/\/petproducts.com.cn\/product\/plush-tough-skunk-dog-toys-company\/\"]}]},{\"@type\":\"ImageObject\",\"inLanguage\":\"de\",\"@id\":\"https:\/\/petproducts.com.cn\/product\/plush-tough-skunk-dog-toys-company\/#primaryimage\",\"url\":\"https:\/\/petproducts.com.cn\/wp-content\/uploads\/2023\/11\/plush-tough-dog-toys.webp\",\"contentUrl\":\"https:\/\/petproducts.com.cn\/wp-content\/uploads\/2023\/11\/plush-tough-dog-toys.webp\",\"width\":800,\"height\":800,\"caption\":\"plush tough dog toys\"},{\"@type\":\"BreadcrumbList\",\"@id\":\"https:\/\/petproducts.com.cn\/product\/plush-tough-skunk-dog-toys-company\/#breadcrumb\",\"itemListElement\":[{\"@type\":\"ListItem\",\"position\":1,\"name\":\"HOME\",\"item\":\"https:\/\/petproducts.com.cn\/\"},{\"@type\":\"ListItem\",\"position\":2,\"name\":\"Products\",\"item\":\"https:\/\/petproducts.com.cn\/shop\/\"},{\"@type\":\"ListItem\",\"position\":3,\"name\":\"Dog Toys\",\"item\":\"https:\/\/petproducts.com.cn\/product-category\/dog-toys\/\"},{\"@type\":\"ListItem\",\"position\":4,\"name\":\"Plush Tough Skunk Dog Toys Company\"}]},{\"@type\":\"WebSite\",\"@id\":\"https:\/\/petproducts.com.cn\/#website\",\"url\":\"https:\/\/petproducts.com.cn\/\",\"name\":\"Petstar\",\"description\":\"Leading Pet Supplies Manufacturer &amp; OEM Pet Products Supplier\",\"publisher\":{\"@id\":\"https:\/\/petproducts.com.cn\/#organization\"},\"alternateName\":\"Petstar Pet Supplies\",\"potentialAction\":[{\"@type\":\"SearchAction\",\"target\":{\"@type\":\"EntryPoint\",\"urlTemplate\":\"https:\/\/petproducts.com.cn\/?s={search_term_string}\"},\"query-input\":{\"@type\":\"PropertyValueSpecification\",\"valueRequired\":true,\"valueName\":\"search_term_string\"}}],\"inLanguage\":\"de\"},{\"@type\":\"Organization\",\"@id\":\"https:\/\/petproducts.com.cn\/#organization\",\"name\":\"Petstar\",\"url\":\"https:\/\/petproducts.com.cn\/\",\"logo\":{\"@type\":\"ImageObject\",\"inLanguage\":\"de\",\"@id\":\"https:\/\/petproducts.com.cn\/#\/schema\/logo\/image\/\",\"url\":\"https:\/\/petproducts.com.cn\/wp-content\/uploads\/2020\/02\/petstar-logo.webp\",\"contentUrl\":\"https:\/\/petproducts.com.cn\/wp-content\/uploads\/2020\/02\/petstar-logo.webp\",\"width\":779,\"height\":520,\"caption\":\"Petstar\"},\"image\":{\"@id\":\"https:\/\/petproducts.com.cn\/#\/schema\/logo\/image\/\"}}]}<\/script>\n<!-- \/ Yoast SEO plugin. -->","yoast_head_json":{"title":"Pl\u00fcsch harte Hundespielzeug Fabrik | Customdog ausgestopfte Tier Hundespielzeug - Petstar","description":"Entdecken Sie Pl\u00fcsch robuste Hundespielzeug, ausgestopfte Tier Hundespielzeug, Hund Kauspielzeug vom Hersteller. Ihre ideale Gesch\u00e4ftsl\u00f6sung mit Petstar.","robots":{"index":"index","follow":"follow","max-snippet":"max-snippet:-1","max-image-preview":"max-image-preview:large","max-video-preview":"max-video-preview:-1"},"canonical":"https:\/\/petproducts.com.cn\/de\/produkt\/plush-tough-skunk-dog-toys-company\/","og_locale":"de_DE","og_type":"article","og_title":"plush tough dog toys factory | Customdog stuffed animal dog toys - Petstar","og_description":"Explore plush tough dog toys,stuffed animal dog toys, dog chew toy from the manufacturer. Your ideal business solution with Petstar.","og_url":"https:\/\/petproducts.com.cn\/de\/produkt\/plush-tough-skunk-dog-toys-company\/","og_site_name":"Petstar","article_modified_time":"2023-11-24T07:26:17+00:00","og_image":[{"width":800,"height":800,"url":"https:\/\/petproducts.com.cn\/wp-content\/uploads\/2023\/11\/plush-tough-dog-toys.webp","type":"image\/webp"}],"twitter_card":"summary_large_image","twitter_misc":{"Gesch\u00e4tzte Lesezeit":"2\u00a0Minuten"},"schema":{"@context":"https:\/\/schema.org","@graph":[{"@type":"WebPage","@id":"https:\/\/petproducts.com.cn\/product\/plush-tough-skunk-dog-toys-company\/","url":"https:\/\/petproducts.com.cn\/product\/plush-tough-skunk-dog-toys-company\/","name":"Pl\u00fcsch harte Hundespielzeug Fabrik | Customdog ausgestopfte Tier Hundespielzeug - Petstar","isPartOf":{"@id":"https:\/\/petproducts.com.cn\/#website"},"primaryImageOfPage":{"@id":"https:\/\/petproducts.com.cn\/product\/plush-tough-skunk-dog-toys-company\/#primaryimage"},"image":{"@id":"https:\/\/petproducts.com.cn\/product\/plush-tough-skunk-dog-toys-company\/#primaryimage"},"thumbnailUrl":"https:\/\/petproducts.com.cn\/wp-content\/uploads\/2023\/11\/plush-tough-dog-toys.webp","datePublished":"2023-11-24T06:59:41+00:00","dateModified":"2023-11-24T07:26:17+00:00","description":"Entdecken Sie Pl\u00fcsch robuste Hundespielzeug, ausgestopfte Tier Hundespielzeug, Hund Kauspielzeug vom Hersteller. Ihre ideale Gesch\u00e4ftsl\u00f6sung mit Petstar.","breadcrumb":{"@id":"https:\/\/petproducts.com.cn\/product\/plush-tough-skunk-dog-toys-company\/#breadcrumb"},"inLanguage":"de","potentialAction":[{"@type":"ReadAction","target":["https:\/\/petproducts.com.cn\/product\/plush-tough-skunk-dog-toys-company\/"]}]},{"@type":"ImageObject","inLanguage":"de","@id":"https:\/\/petproducts.com.cn\/product\/plush-tough-skunk-dog-toys-company\/#primaryimage","url":"https:\/\/petproducts.com.cn\/wp-content\/uploads\/2023\/11\/plush-tough-dog-toys.webp","contentUrl":"https:\/\/petproducts.com.cn\/wp-content\/uploads\/2023\/11\/plush-tough-dog-toys.webp","width":800,"height":800,"caption":"plush tough dog toys"},{"@type":"BreadcrumbList","@id":"https:\/\/petproducts.com.cn\/product\/plush-tough-skunk-dog-toys-company\/#breadcrumb","itemListElement":[{"@type":"ListItem","position":1,"name":"HOME","item":"https:\/\/petproducts.com.cn\/"},{"@type":"ListItem","position":2,"name":"Products","item":"https:\/\/petproducts.com.cn\/shop\/"},{"@type":"ListItem","position":3,"name":"Dog Toys","item":"https:\/\/petproducts.com.cn\/product-category\/dog-toys\/"},{"@type":"ListItem","position":4,"name":"Plush Tough Skunk Dog Toys Company"}]},{"@type":"WebSite","@id":"https:\/\/petproducts.com.cn\/#website","url":"https:\/\/petproducts.com.cn\/","name":"Petstar","description":"F\u00fchrender Hersteller von Heimtierbedarf und OEM-Lieferant von Heimtierprodukten","publisher":{"@id":"https:\/\/petproducts.com.cn\/#organization"},"alternateName":"Petstar Pet Supplies","potentialAction":[{"@type":"SearchAction","target":{"@type":"EntryPoint","urlTemplate":"https:\/\/petproducts.com.cn\/?s={search_term_string}"},"query-input":{"@type":"PropertyValueSpecification","valueRequired":true,"valueName":"search_term_string"}}],"inLanguage":"de"},{"@type":"Organization","@id":"https:\/\/petproducts.com.cn\/#organization","name":"Petstar","url":"https:\/\/petproducts.com.cn\/","logo":{"@type":"ImageObject","inLanguage":"de","@id":"https:\/\/petproducts.com.cn\/#\/schema\/logo\/image\/","url":"https:\/\/petproducts.com.cn\/wp-content\/uploads\/2020\/02\/petstar-logo.webp","contentUrl":"https:\/\/petproducts.com.cn\/wp-content\/uploads\/2020\/02\/petstar-logo.webp","width":779,"height":520,"caption":"Petstar"},"image":{"@id":"https:\/\/petproducts.com.cn\/#\/schema\/logo\/image\/"}}]}},"_links":{"self":[{"href":"https:\/\/petproducts.com.cn\/de\/wp-json\/wp\/v2\/product\/16346","targetHints":{"allow":["GET"]}}],"collection":[{"href":"https:\/\/petproducts.com.cn\/de\/wp-json\/wp\/v2\/product"}],"about":[{"href":"https:\/\/petproducts.com.cn\/de\/wp-json\/wp\/v2\/types\/product"}],"version-history":[{"count":3,"href":"https:\/\/petproducts.com.cn\/de\/wp-json\/wp\/v2\/product\/16346\/revisions"}],"predecessor-version":[{"id":16366,"href":"https:\/\/petproducts.com.cn\/de\/wp-json\/wp\/v2\/product\/16346\/revisions\/16366"}],"wp:featuredmedia":[{"embeddable":true,"href":"https:\/\/petproducts.com.cn\/de\/wp-json\/wp\/v2\/media\/16350"}],"wp:attachment":[{"href":"https:\/\/petproducts.com.cn\/de\/wp-json\/wp\/v2\/media?parent=16346"}],"wp:term":[{"taxonomy":"product_brand","embeddable":true,"href":"https:\/\/petproducts.com.cn\/de\/wp-json\/wp\/v2\/product_brand?post=16346"},{"taxonomy":"product_cat","embeddable":true,"href":"https:\/\/petproducts.com.cn\/de\/wp-json\/wp\/v2\/product_cat?post=16346"},{"taxonomy":"product_tag","embeddable":true,"href":"https:\/\/petproducts.com.cn\/de\/wp-json\/wp\/v2\/product_tag?post=16346"}],"curies":[{"name":"wp","href":"https:\/\/api.w.org\/{rel}","templated":true}]}}