{"id":16352,"date":"2023-11-24T07:04:24","date_gmt":"2023-11-24T07:04:24","guid":{"rendered":"https:\/\/petproducts.com.cn\/?post_type=product&#038;p=16352"},"modified":"2023-11-24T07:39:03","modified_gmt":"2023-11-24T07:39:03","slug":"dog-beds-mats-comfy-plush-round-dog-bed","status":"publish","type":"product","link":"https:\/\/petproducts.com.cn\/de\/product\/dog-beds-mats-comfy-plush-round-dog-bed\/","title":{"rendered":"Hundebetten, Matten, bequemes, rundes Pl\u00fcsch-Hundebett"},"content":{"rendered":"<h2>Eigenschaften von Hundebetten Matten<\/h2>\n<ol>\n<li><strong>Luxuri\u00f6ser Komfort in seinem Kern:<\/strong> Begeben Sie sich auf eine Reise in unvergleichlichen Luxus mit unseren Hundebettmatten. Diese sorgf\u00e4ltig aus Chenille-Imitat und PV-Pl\u00fcsch gefertigte Kombination schafft eine Oase, die den Komfort Ihres Haustieres in neue Dimensionen hebt.<\/li>\n<li><strong>Vielseitiges kreisf\u00f6rmiges Design:<\/strong> Die runde Matte f\u00fcr Haustiere passt sich m\u00fchelos an verschiedene Umgebungen an, egal ob sie auf Hartholzb\u00f6den oder in der Hundekiste platziert wird. Ihre Vielseitigkeit sorgt f\u00fcr einen gem\u00fctlichen R\u00fcckzugsort f\u00fcr Ihren pelzigen Freund, wo auch immer er sich ausruhen m\u00f6chte.<\/li>\n<li><strong>Umkehrbare Sch\u00f6nheit mit Logo-Optionen:<\/strong> Au\u00dferdem k\u00f6nnen Sie beide Seiten der Matte flexibel nutzen und so die Lebensdauer dieser gem\u00fctlichen Oase verdoppeln. F\u00fcgen Sie Ihr Logo hinzu und verwandeln Sie die Matte in ein pers\u00f6nliches Refugium, das die einzigartige Identit\u00e4t Ihres Haustiers widerspiegelt.<\/li>\n<li><strong>Unendliche Auswahl an Farben und Gr\u00f6\u00dfen:<\/strong> Dar\u00fcber hinaus k\u00f6nnen Sie die Matte mit unseren umfangreichen Anpassungsoptionen ganz nach Ihren W\u00fcnschen gestalten. W\u00e4hlen Sie aus einer Reihe von Farben und Gr\u00f6\u00dfen, um die Matte nahtlos in Ihr Zuhause zu integrieren. Auf diese Weise k\u00f6nnen Sie die einzigartige Pers\u00f6nlichkeit Ihres Haustiers zum Ausdruck bringen und gleichzeitig Ihren Lebensraum versch\u00f6nern.<\/li>\n<li><strong>Un\u00fcbertroffener Komfort f\u00fcr Hunde aller Gr\u00f6\u00dfen:<\/strong> Verw\u00f6hnen Sie Ihren vierbeinigen Begleiter mit dem bequemsten Hundebett auf dem Markt, bei dem die Gr\u00f6\u00dfe keine Rolle spielt. Von kleinen bis hin zu gro\u00dfen Rassen kann jeder Hund die pl\u00fcschige Umarmung unseres sorgf\u00e4ltig entworfenen Hundebettes erleben.<\/li>\n<li><strong>Handwerkliche Qualit\u00e4t f\u00fcr dauerhafte Freude:<\/strong> Unsere mit Pr\u00e4zision und Sorgfalt gefertigten Hundebetten verk\u00f6rpern dauerhafte Qualit\u00e4t. G\u00f6nnen Sie Ihrem Haustier eine luxuri\u00f6se Oase, die dem Test der Zeit standh\u00e4lt. Dies bietet nicht nur eine vor\u00fcbergehende Flucht, sondern eine dauerhafte Quelle der Freude und des Komforts f\u00fcr die kommenden Jahre.<\/li>\n<\/ol>","protected":false},"excerpt":{"rendered":"<p>Wir sind ein Hersteller von Hundebetten Matten mit mehr als 20 Jahren Erfahrung. Wir bieten Anpassungsm\u00f6glichkeiten f\u00fcr Farbe, Gr\u00f6\u00dfe, Stoff, Muster, Logo und andere Merkmale.<\/p>","protected":false},"featured_media":16353,"template":"","meta":{"_acf_changed":false},"product_brand":[],"product_cat":[57,72],"product_tag":[75],"class_list":{"0":"post-16352","1":"product","2":"type-product","3":"status-publish","4":"has-post-thumbnail","6":"product_cat-dog-beds","7":"product_cat-dog-supplies","8":"product_tag-dog-beds","10":"first","11":"instock","12":"shipping-taxable","13":"product-type-simple"},"acf":[],"yoast_head":"<!-- This site is optimized with the Yoast SEO plugin v27.1.1 - https:\/\/yoast.com\/product\/yoast-seo-wordpress\/ -->\n<title>Dog Beds Mats | Customized Comfy Dog Bed - Petstar<\/title>\n<meta name=\"description\" content=\"Explore dog beds mats, pet bed for dog, custom comfy dog bed from the manufacturer. Your ideal business solution with Petstar.\" \/>\n<meta name=\"robots\" content=\"index, follow, max-snippet:-1, max-image-preview:large, max-video-preview:-1\" \/>\n<link rel=\"canonical\" href=\"https:\/\/petproducts.com.cn\/de\/produkt\/dog-beds-mats-comfy-plush-round-dog-bed\/\" \/>\n<meta property=\"og:locale\" content=\"de_DE\" \/>\n<meta property=\"og:type\" content=\"article\" \/>\n<meta property=\"og:title\" content=\"Dog Beds Mats | Customized Comfy Dog Bed - Petstar\" \/>\n<meta property=\"og:description\" content=\"Explore dog beds mats, pet bed for dog, custom comfy dog bed from the manufacturer. Your ideal business solution with Petstar.\" \/>\n<meta property=\"og:url\" content=\"https:\/\/petproducts.com.cn\/de\/produkt\/dog-beds-mats-comfy-plush-round-dog-bed\/\" \/>\n<meta property=\"og:site_name\" content=\"Petstar\" \/>\n<meta property=\"article:modified_time\" content=\"2023-11-24T07:39:03+00:00\" \/>\n<meta property=\"og:image\" content=\"https:\/\/petproducts.com.cn\/wp-content\/uploads\/2023\/11\/dog-beds-mats.webp\" \/>\n\t<meta property=\"og:image:width\" content=\"1000\" \/>\n\t<meta property=\"og:image:height\" content=\"1000\" \/>\n\t<meta property=\"og:image:type\" content=\"image\/webp\" \/>\n<meta name=\"twitter:card\" content=\"summary_large_image\" \/>\n<meta name=\"twitter:label1\" content=\"Gesch\u00e4tzte Lesezeit\" \/>\n\t<meta name=\"twitter:data1\" content=\"2\u00a0Minuten\" \/>\n<script type=\"application\/ld+json\" class=\"yoast-schema-graph\">{\"@context\":\"https:\/\/schema.org\",\"@graph\":[{\"@type\":\"WebPage\",\"@id\":\"https:\/\/petproducts.com.cn\/product\/dog-beds-mats-comfy-plush-round-dog-bed\/\",\"url\":\"https:\/\/petproducts.com.cn\/product\/dog-beds-mats-comfy-plush-round-dog-bed\/\",\"name\":\"Dog Beds Mats | Customized Comfy Dog Bed - Petstar\",\"isPartOf\":{\"@id\":\"https:\/\/petproducts.com.cn\/#website\"},\"primaryImageOfPage\":{\"@id\":\"https:\/\/petproducts.com.cn\/product\/dog-beds-mats-comfy-plush-round-dog-bed\/#primaryimage\"},\"image\":{\"@id\":\"https:\/\/petproducts.com.cn\/product\/dog-beds-mats-comfy-plush-round-dog-bed\/#primaryimage\"},\"thumbnailUrl\":\"https:\/\/petproducts.com.cn\/wp-content\/uploads\/2023\/11\/dog-beds-mats.webp\",\"datePublished\":\"2023-11-24T07:04:24+00:00\",\"dateModified\":\"2023-11-24T07:39:03+00:00\",\"description\":\"Explore dog beds mats, pet bed for dog, custom comfy dog bed from the manufacturer. Your ideal business solution with Petstar.\",\"breadcrumb\":{\"@id\":\"https:\/\/petproducts.com.cn\/product\/dog-beds-mats-comfy-plush-round-dog-bed\/#breadcrumb\"},\"inLanguage\":\"de\",\"potentialAction\":[{\"@type\":\"ReadAction\",\"target\":[\"https:\/\/petproducts.com.cn\/product\/dog-beds-mats-comfy-plush-round-dog-bed\/\"]}]},{\"@type\":\"ImageObject\",\"inLanguage\":\"de\",\"@id\":\"https:\/\/petproducts.com.cn\/product\/dog-beds-mats-comfy-plush-round-dog-bed\/#primaryimage\",\"url\":\"https:\/\/petproducts.com.cn\/wp-content\/uploads\/2023\/11\/dog-beds-mats.webp\",\"contentUrl\":\"https:\/\/petproducts.com.cn\/wp-content\/uploads\/2023\/11\/dog-beds-mats.webp\",\"width\":1000,\"height\":1000},{\"@type\":\"BreadcrumbList\",\"@id\":\"https:\/\/petproducts.com.cn\/product\/dog-beds-mats-comfy-plush-round-dog-bed\/#breadcrumb\",\"itemListElement\":[{\"@type\":\"ListItem\",\"position\":1,\"name\":\"HOME\",\"item\":\"https:\/\/petproducts.com.cn\/\"},{\"@type\":\"ListItem\",\"position\":2,\"name\":\"Products\",\"item\":\"https:\/\/petproducts.com.cn\/shop\/\"},{\"@type\":\"ListItem\",\"position\":3,\"name\":\"Dog Beds\",\"item\":\"https:\/\/petproducts.com.cn\/product-category\/dog-beds\/\"},{\"@type\":\"ListItem\",\"position\":4,\"name\":\"Dog Beds Mats Comfy Plush Round Dog Bed\"}]},{\"@type\":\"WebSite\",\"@id\":\"https:\/\/petproducts.com.cn\/#website\",\"url\":\"https:\/\/petproducts.com.cn\/\",\"name\":\"Petstar\",\"description\":\"Leading Pet Supplies Manufacturer &amp; OEM Pet Products Supplier\",\"publisher\":{\"@id\":\"https:\/\/petproducts.com.cn\/#organization\"},\"alternateName\":\"Petstar Pet Supplies\",\"potentialAction\":[{\"@type\":\"SearchAction\",\"target\":{\"@type\":\"EntryPoint\",\"urlTemplate\":\"https:\/\/petproducts.com.cn\/?s={search_term_string}\"},\"query-input\":{\"@type\":\"PropertyValueSpecification\",\"valueRequired\":true,\"valueName\":\"search_term_string\"}}],\"inLanguage\":\"de\"},{\"@type\":\"Organization\",\"@id\":\"https:\/\/petproducts.com.cn\/#organization\",\"name\":\"Petstar\",\"url\":\"https:\/\/petproducts.com.cn\/\",\"logo\":{\"@type\":\"ImageObject\",\"inLanguage\":\"de\",\"@id\":\"https:\/\/petproducts.com.cn\/#\/schema\/logo\/image\/\",\"url\":\"https:\/\/petproducts.com.cn\/wp-content\/uploads\/2020\/02\/petstar-logo.webp\",\"contentUrl\":\"https:\/\/petproducts.com.cn\/wp-content\/uploads\/2020\/02\/petstar-logo.webp\",\"width\":779,\"height\":520,\"caption\":\"Petstar\"},\"image\":{\"@id\":\"https:\/\/petproducts.com.cn\/#\/schema\/logo\/image\/\"}}]}<\/script>\n<!-- \/ Yoast SEO plugin. -->","yoast_head_json":{"title":"Hundebetten Matten | Customized Comfy Dog Bed - Petstar","description":"Entdecken Sie Hundebetten Matten, Haustier Bett f\u00fcr Hund, benutzerdefinierte bequeme Hundebett vom Hersteller. Ihre ideale Business-L\u00f6sung mit Petstar.","robots":{"index":"index","follow":"follow","max-snippet":"max-snippet:-1","max-image-preview":"max-image-preview:large","max-video-preview":"max-video-preview:-1"},"canonical":"https:\/\/petproducts.com.cn\/de\/produkt\/dog-beds-mats-comfy-plush-round-dog-bed\/","og_locale":"de_DE","og_type":"article","og_title":"Dog Beds Mats | Customized Comfy Dog Bed - Petstar","og_description":"Explore dog beds mats, pet bed for dog, custom comfy dog bed from the manufacturer. Your ideal business solution with Petstar.","og_url":"https:\/\/petproducts.com.cn\/de\/produkt\/dog-beds-mats-comfy-plush-round-dog-bed\/","og_site_name":"Petstar","article_modified_time":"2023-11-24T07:39:03+00:00","og_image":[{"width":1000,"height":1000,"url":"https:\/\/petproducts.com.cn\/wp-content\/uploads\/2023\/11\/dog-beds-mats.webp","type":"image\/webp"}],"twitter_card":"summary_large_image","twitter_misc":{"Gesch\u00e4tzte Lesezeit":"2\u00a0Minuten"},"schema":{"@context":"https:\/\/schema.org","@graph":[{"@type":"WebPage","@id":"https:\/\/petproducts.com.cn\/product\/dog-beds-mats-comfy-plush-round-dog-bed\/","url":"https:\/\/petproducts.com.cn\/product\/dog-beds-mats-comfy-plush-round-dog-bed\/","name":"Hundebetten Matten | Customized Comfy Dog Bed - Petstar","isPartOf":{"@id":"https:\/\/petproducts.com.cn\/#website"},"primaryImageOfPage":{"@id":"https:\/\/petproducts.com.cn\/product\/dog-beds-mats-comfy-plush-round-dog-bed\/#primaryimage"},"image":{"@id":"https:\/\/petproducts.com.cn\/product\/dog-beds-mats-comfy-plush-round-dog-bed\/#primaryimage"},"thumbnailUrl":"https:\/\/petproducts.com.cn\/wp-content\/uploads\/2023\/11\/dog-beds-mats.webp","datePublished":"2023-11-24T07:04:24+00:00","dateModified":"2023-11-24T07:39:03+00:00","description":"Entdecken Sie Hundebetten Matten, Haustier Bett f\u00fcr Hund, benutzerdefinierte bequeme Hundebett vom Hersteller. Ihre ideale Business-L\u00f6sung mit Petstar.","breadcrumb":{"@id":"https:\/\/petproducts.com.cn\/product\/dog-beds-mats-comfy-plush-round-dog-bed\/#breadcrumb"},"inLanguage":"de","potentialAction":[{"@type":"ReadAction","target":["https:\/\/petproducts.com.cn\/product\/dog-beds-mats-comfy-plush-round-dog-bed\/"]}]},{"@type":"ImageObject","inLanguage":"de","@id":"https:\/\/petproducts.com.cn\/product\/dog-beds-mats-comfy-plush-round-dog-bed\/#primaryimage","url":"https:\/\/petproducts.com.cn\/wp-content\/uploads\/2023\/11\/dog-beds-mats.webp","contentUrl":"https:\/\/petproducts.com.cn\/wp-content\/uploads\/2023\/11\/dog-beds-mats.webp","width":1000,"height":1000},{"@type":"BreadcrumbList","@id":"https:\/\/petproducts.com.cn\/product\/dog-beds-mats-comfy-plush-round-dog-bed\/#breadcrumb","itemListElement":[{"@type":"ListItem","position":1,"name":"HOME","item":"https:\/\/petproducts.com.cn\/"},{"@type":"ListItem","position":2,"name":"Products","item":"https:\/\/petproducts.com.cn\/shop\/"},{"@type":"ListItem","position":3,"name":"Dog Beds","item":"https:\/\/petproducts.com.cn\/product-category\/dog-beds\/"},{"@type":"ListItem","position":4,"name":"Dog Beds Mats Comfy Plush Round Dog Bed"}]},{"@type":"WebSite","@id":"https:\/\/petproducts.com.cn\/#website","url":"https:\/\/petproducts.com.cn\/","name":"Petstar","description":"F\u00fchrender Hersteller von Heimtierbedarf und OEM-Lieferant von Heimtierprodukten","publisher":{"@id":"https:\/\/petproducts.com.cn\/#organization"},"alternateName":"Petstar Pet Supplies","potentialAction":[{"@type":"SearchAction","target":{"@type":"EntryPoint","urlTemplate":"https:\/\/petproducts.com.cn\/?s={search_term_string}"},"query-input":{"@type":"PropertyValueSpecification","valueRequired":true,"valueName":"search_term_string"}}],"inLanguage":"de"},{"@type":"Organization","@id":"https:\/\/petproducts.com.cn\/#organization","name":"Petstar","url":"https:\/\/petproducts.com.cn\/","logo":{"@type":"ImageObject","inLanguage":"de","@id":"https:\/\/petproducts.com.cn\/#\/schema\/logo\/image\/","url":"https:\/\/petproducts.com.cn\/wp-content\/uploads\/2020\/02\/petstar-logo.webp","contentUrl":"https:\/\/petproducts.com.cn\/wp-content\/uploads\/2020\/02\/petstar-logo.webp","width":779,"height":520,"caption":"Petstar"},"image":{"@id":"https:\/\/petproducts.com.cn\/#\/schema\/logo\/image\/"}}]}},"_links":{"self":[{"href":"https:\/\/petproducts.com.cn\/de\/wp-json\/wp\/v2\/product\/16352","targetHints":{"allow":["GET"]}}],"collection":[{"href":"https:\/\/petproducts.com.cn\/de\/wp-json\/wp\/v2\/product"}],"about":[{"href":"https:\/\/petproducts.com.cn\/de\/wp-json\/wp\/v2\/types\/product"}],"version-history":[{"count":1,"href":"https:\/\/petproducts.com.cn\/de\/wp-json\/wp\/v2\/product\/16352\/revisions"}],"predecessor-version":[{"id":16387,"href":"https:\/\/petproducts.com.cn\/de\/wp-json\/wp\/v2\/product\/16352\/revisions\/16387"}],"wp:featuredmedia":[{"embeddable":true,"href":"https:\/\/petproducts.com.cn\/de\/wp-json\/wp\/v2\/media\/16353"}],"wp:attachment":[{"href":"https:\/\/petproducts.com.cn\/de\/wp-json\/wp\/v2\/media?parent=16352"}],"wp:term":[{"taxonomy":"product_brand","embeddable":true,"href":"https:\/\/petproducts.com.cn\/de\/wp-json\/wp\/v2\/product_brand?post=16352"},{"taxonomy":"product_cat","embeddable":true,"href":"https:\/\/petproducts.com.cn\/de\/wp-json\/wp\/v2\/product_cat?post=16352"},{"taxonomy":"product_tag","embeddable":true,"href":"https:\/\/petproducts.com.cn\/de\/wp-json\/wp\/v2\/product_tag?post=16352"}],"curies":[{"name":"wp","href":"https:\/\/api.w.org\/{rel}","templated":true}]}}