{"id":16367,"date":"2023-11-24T07:26:37","date_gmt":"2023-11-24T07:26:37","guid":{"rendered":"https:\/\/petproducts.com.cn\/?post_type=product&#038;p=16367"},"modified":"2023-11-24T07:36:55","modified_gmt":"2023-11-24T07:36:55","slug":"red-panda-planet-dog-toy-woven-fabric","status":"publish","type":"product","link":"https:\/\/petproducts.com.cn\/de\/product\/red-panda-planet-dog-toy-woven-fabric\/","title":{"rendered":"Red Panda Planet Hundespielzeug aus gewebtem Stoff"},"content":{"rendered":"<h2>Petstar: Benutzerdefinierte Red Panda Planet Hundespielzeug<\/h2>\n<p>Sind Sie auf der Suche nach einem vertrauensw\u00fcrdigen Unternehmen, das sich auf individuelles red panda planet Hundespielzeug spezialisiert hat? Suchen Sie nicht weiter! Unser Unternehmen bietet hochwertiges, personalisiertes Hundespielzeug aus rotem Panda-Planeten, das mit Sorgfalt gewebt wird. Hier ist, warum unsere individuelle Produktion f\u00fcr rote Panda Hundespielzeug zeichnet sich aus:<\/p>\n<h3>Unser Vorteil:<\/h3>\n<ol>\n<li>Ma\u00dfgeschneidertes Design und individuelle Anpassung: Zus\u00e4tzlich zu unseren ansprechenden Funktionen bieten wir ma\u00dfgeschneiderte Design- und Anpassungsoptionen f\u00fcr Red Panda Planet Hundespielzeug. Unser Produktionsservice kann auf Ihre spezifischen Gr\u00f6\u00dfen-, Farb- und Materialpr\u00e4ferenzen eingehen und so ein einzigartiges und personalisiertes Spielzeug schaffen, das Ihre Markenvision widerspiegelt und bei Ihrer Zielgruppe Anklang findet.<\/li>\n<li>Konstruktion aus gewebtem Stoff: Unser roter Panda Planet Hundespielzeug ist aus hochwertigem gewebtem Stoff gefertigt, um Haltbarkeit und Komfort f\u00fcr Haustiere zu gew\u00e4hrleisten. Wir legen Wert auf die Verwendung von ungiftigen, haustiersicheren Materialien, um ein zuverl\u00e4ssiges und angenehmes Spielerlebnis zu schaffen. Unser Engagement f\u00fcr eine qualitativ hochwertige Gewebekonstruktion zeichnet unseren Produktionsservice aus und gibt sowohl Tierhaltern als auch Einzelh\u00e4ndlern ein beruhigendes Gef\u00fchl.<\/li>\n<li>Fesselnde Spielfunktionen: Unsere ma\u00dfgefertigten Red Panda Planet Hundespielzeuge bieten ansprechende Funktionen, die die Sinne Ihres Hundes anregen und gesunde Spielgewohnheiten f\u00f6rdern. Diese Funktionen vertreiben nicht nur die Langeweile, sondern f\u00f6rdern auch die gesunde Bewegung und machen unsere Spielzeuge perfekt f\u00fcr aktive und intelligente Hunde.<\/li>\n<li>P\u00fcnktliche Lieferung und wettbewerbsf\u00e4hige Preise: Wir wissen, wie wichtig eine p\u00fcnktliche Lieferung und wettbewerbsf\u00e4hige Preise sind, wenn es darum geht, die Bed\u00fcrfnisse unserer Kunden zu erf\u00fcllen. Unser rationalisierter Produktionsprozess und unser effizientes Lieferkettenmanagement erm\u00f6glichen es uns, Bestellungen immer p\u00fcnktlich zu liefern. Dar\u00fcber hinaus ist unsere Preisgestaltung wettbewerbsf\u00e4hig, so dass unsere Kunden ihre Gewinne maximieren und gleichzeitig ihren Kunden Produkte von h\u00f6chster Qualit\u00e4t anbieten k\u00f6nnen.<\/li>\n<\/ol>\n<p>Entscheiden Sie sich f\u00fcr unseren individuellen Produktionsservice f\u00fcr rotes Panda-Planet-Hundespielzeug und profitieren Sie von einem ma\u00dfgeschneiderten Design, einer hochwertigen Webstoffkonstruktion, ansprechenden Funktionen, einer p\u00fcnktlichen Lieferung und wettbewerbsf\u00e4higen Preisen. Kontaktieren Sie uns noch heute, um Ihre Produktionsanforderungen zu besprechen und lassen Sie uns Ihre Ideen f\u00fcr ein personalisiertes rotes Panda Planet Hundespielzeug zum Leben erwecken!<\/p>","protected":false},"excerpt":{"rendered":"<p>Wir sind ein Hersteller von Hundespielzeug mit mehr als 20 Jahren Erfahrung. Wir bieten Anpassungsm\u00f6glichkeiten f\u00fcr Farbe, Gr\u00f6\u00dfe, Stoff, Muster, Logo und andere Merkmale.<\/p>","protected":false},"featured_media":16377,"template":"","meta":{"_acf_changed":false},"product_brand":[],"product_cat":[72,48],"product_tag":[85],"class_list":{"0":"post-16367","1":"product","2":"type-product","3":"status-publish","4":"has-post-thumbnail","6":"product_cat-dog-supplies","7":"product_cat-dog-toys","8":"product_tag-dog-toys","10":"first","11":"instock","12":"shipping-taxable","13":"product-type-simple"},"acf":[],"yoast_head":"<!-- This site is optimized with the Yoast SEO plugin v27.1.1 - https:\/\/yoast.com\/product\/yoast-seo-wordpress\/ -->\n<title>red panda dog toy factory | Customdog stuffed animal dog toys - Petstar<\/title>\n<meta name=\"description\" content=\"Explore red panda dog toy,stuffed animal dog toys, dog chew toy from the manufacturer. Your ideal business solution with Petstar.\" \/>\n<meta name=\"robots\" content=\"index, follow, max-snippet:-1, max-image-preview:large, max-video-preview:-1\" \/>\n<link rel=\"canonical\" href=\"https:\/\/petproducts.com.cn\/de\/produkt\/red-panda-planet-dog-toy-woven-fabric\/\" \/>\n<meta property=\"og:locale\" content=\"de_DE\" \/>\n<meta property=\"og:type\" content=\"article\" \/>\n<meta property=\"og:title\" content=\"red panda dog toy factory | Customdog stuffed animal dog toys - Petstar\" \/>\n<meta property=\"og:description\" content=\"Explore red panda dog toy,stuffed animal dog toys, dog chew toy from the manufacturer. Your ideal business solution with Petstar.\" \/>\n<meta property=\"og:url\" content=\"https:\/\/petproducts.com.cn\/de\/produkt\/red-panda-planet-dog-toy-woven-fabric\/\" \/>\n<meta property=\"og:site_name\" content=\"Petstar\" \/>\n<meta property=\"article:modified_time\" content=\"2023-11-24T07:36:55+00:00\" \/>\n<meta property=\"og:image\" content=\"https:\/\/petproducts.com.cn\/wp-content\/uploads\/2023\/11\/red-panda-dog-toy.webp\" \/>\n\t<meta property=\"og:image:width\" content=\"800\" \/>\n\t<meta property=\"og:image:height\" content=\"800\" \/>\n\t<meta property=\"og:image:type\" content=\"image\/webp\" \/>\n<meta name=\"twitter:card\" content=\"summary_large_image\" \/>\n<meta name=\"twitter:label1\" content=\"Gesch\u00e4tzte Lesezeit\" \/>\n\t<meta name=\"twitter:data1\" content=\"2\u00a0Minuten\" \/>\n<script type=\"application\/ld+json\" class=\"yoast-schema-graph\">{\"@context\":\"https:\/\/schema.org\",\"@graph\":[{\"@type\":\"WebPage\",\"@id\":\"https:\/\/petproducts.com.cn\/product\/red-panda-planet-dog-toy-woven-fabric\/\",\"url\":\"https:\/\/petproducts.com.cn\/product\/red-panda-planet-dog-toy-woven-fabric\/\",\"name\":\"red panda dog toy factory | Customdog stuffed animal dog toys - Petstar\",\"isPartOf\":{\"@id\":\"https:\/\/petproducts.com.cn\/#website\"},\"primaryImageOfPage\":{\"@id\":\"https:\/\/petproducts.com.cn\/product\/red-panda-planet-dog-toy-woven-fabric\/#primaryimage\"},\"image\":{\"@id\":\"https:\/\/petproducts.com.cn\/product\/red-panda-planet-dog-toy-woven-fabric\/#primaryimage\"},\"thumbnailUrl\":\"https:\/\/petproducts.com.cn\/wp-content\/uploads\/2023\/11\/red-panda-dog-toy.webp\",\"datePublished\":\"2023-11-24T07:26:37+00:00\",\"dateModified\":\"2023-11-24T07:36:55+00:00\",\"description\":\"Explore red panda dog toy,stuffed animal dog toys, dog chew toy from the manufacturer. Your ideal business solution with Petstar.\",\"breadcrumb\":{\"@id\":\"https:\/\/petproducts.com.cn\/product\/red-panda-planet-dog-toy-woven-fabric\/#breadcrumb\"},\"inLanguage\":\"de\",\"potentialAction\":[{\"@type\":\"ReadAction\",\"target\":[\"https:\/\/petproducts.com.cn\/product\/red-panda-planet-dog-toy-woven-fabric\/\"]}]},{\"@type\":\"ImageObject\",\"inLanguage\":\"de\",\"@id\":\"https:\/\/petproducts.com.cn\/product\/red-panda-planet-dog-toy-woven-fabric\/#primaryimage\",\"url\":\"https:\/\/petproducts.com.cn\/wp-content\/uploads\/2023\/11\/red-panda-dog-toy.webp\",\"contentUrl\":\"https:\/\/petproducts.com.cn\/wp-content\/uploads\/2023\/11\/red-panda-dog-toy.webp\",\"width\":800,\"height\":800,\"caption\":\"red panda dog toy\"},{\"@type\":\"BreadcrumbList\",\"@id\":\"https:\/\/petproducts.com.cn\/product\/red-panda-planet-dog-toy-woven-fabric\/#breadcrumb\",\"itemListElement\":[{\"@type\":\"ListItem\",\"position\":1,\"name\":\"HOME\",\"item\":\"https:\/\/petproducts.com.cn\/\"},{\"@type\":\"ListItem\",\"position\":2,\"name\":\"Products\",\"item\":\"https:\/\/petproducts.com.cn\/shop\/\"},{\"@type\":\"ListItem\",\"position\":3,\"name\":\"Dog Toys\",\"item\":\"https:\/\/petproducts.com.cn\/product-category\/dog-toys\/\"},{\"@type\":\"ListItem\",\"position\":4,\"name\":\"Red Panda Planet Dog Toy Woven Fabric\"}]},{\"@type\":\"WebSite\",\"@id\":\"https:\/\/petproducts.com.cn\/#website\",\"url\":\"https:\/\/petproducts.com.cn\/\",\"name\":\"Petstar\",\"description\":\"Leading Pet Supplies Manufacturer &amp; OEM Pet Products Supplier\",\"publisher\":{\"@id\":\"https:\/\/petproducts.com.cn\/#organization\"},\"alternateName\":\"Petstar Pet Supplies\",\"potentialAction\":[{\"@type\":\"SearchAction\",\"target\":{\"@type\":\"EntryPoint\",\"urlTemplate\":\"https:\/\/petproducts.com.cn\/?s={search_term_string}\"},\"query-input\":{\"@type\":\"PropertyValueSpecification\",\"valueRequired\":true,\"valueName\":\"search_term_string\"}}],\"inLanguage\":\"de\"},{\"@type\":\"Organization\",\"@id\":\"https:\/\/petproducts.com.cn\/#organization\",\"name\":\"Petstar\",\"url\":\"https:\/\/petproducts.com.cn\/\",\"logo\":{\"@type\":\"ImageObject\",\"inLanguage\":\"de\",\"@id\":\"https:\/\/petproducts.com.cn\/#\/schema\/logo\/image\/\",\"url\":\"https:\/\/petproducts.com.cn\/wp-content\/uploads\/2020\/02\/petstar-logo.webp\",\"contentUrl\":\"https:\/\/petproducts.com.cn\/wp-content\/uploads\/2020\/02\/petstar-logo.webp\",\"width\":779,\"height\":520,\"caption\":\"Petstar\"},\"image\":{\"@id\":\"https:\/\/petproducts.com.cn\/#\/schema\/logo\/image\/\"}}]}<\/script>\n<!-- \/ Yoast SEO plugin. -->","yoast_head_json":{"title":"roter Panda Hundespielzeug Fabrik | Customdog ausgestopftes Tier Hundespielzeug - Petstar","description":"Entdecken Sie roter Panda Hundespielzeug, Pl\u00fcschtier Hundespielzeug, Hund Kauspielzeug vom Hersteller. Ihre ideale Gesch\u00e4ftsl\u00f6sung mit Petstar.","robots":{"index":"index","follow":"follow","max-snippet":"max-snippet:-1","max-image-preview":"max-image-preview:large","max-video-preview":"max-video-preview:-1"},"canonical":"https:\/\/petproducts.com.cn\/de\/produkt\/red-panda-planet-dog-toy-woven-fabric\/","og_locale":"de_DE","og_type":"article","og_title":"red panda dog toy factory | Customdog stuffed animal dog toys - Petstar","og_description":"Explore red panda dog toy,stuffed animal dog toys, dog chew toy from the manufacturer. Your ideal business solution with Petstar.","og_url":"https:\/\/petproducts.com.cn\/de\/produkt\/red-panda-planet-dog-toy-woven-fabric\/","og_site_name":"Petstar","article_modified_time":"2023-11-24T07:36:55+00:00","og_image":[{"width":800,"height":800,"url":"https:\/\/petproducts.com.cn\/wp-content\/uploads\/2023\/11\/red-panda-dog-toy.webp","type":"image\/webp"}],"twitter_card":"summary_large_image","twitter_misc":{"Gesch\u00e4tzte Lesezeit":"2\u00a0Minuten"},"schema":{"@context":"https:\/\/schema.org","@graph":[{"@type":"WebPage","@id":"https:\/\/petproducts.com.cn\/product\/red-panda-planet-dog-toy-woven-fabric\/","url":"https:\/\/petproducts.com.cn\/product\/red-panda-planet-dog-toy-woven-fabric\/","name":"roter Panda Hundespielzeug Fabrik | Customdog ausgestopftes Tier Hundespielzeug - Petstar","isPartOf":{"@id":"https:\/\/petproducts.com.cn\/#website"},"primaryImageOfPage":{"@id":"https:\/\/petproducts.com.cn\/product\/red-panda-planet-dog-toy-woven-fabric\/#primaryimage"},"image":{"@id":"https:\/\/petproducts.com.cn\/product\/red-panda-planet-dog-toy-woven-fabric\/#primaryimage"},"thumbnailUrl":"https:\/\/petproducts.com.cn\/wp-content\/uploads\/2023\/11\/red-panda-dog-toy.webp","datePublished":"2023-11-24T07:26:37+00:00","dateModified":"2023-11-24T07:36:55+00:00","description":"Entdecken Sie roter Panda Hundespielzeug, Pl\u00fcschtier Hundespielzeug, Hund Kauspielzeug vom Hersteller. Ihre ideale Gesch\u00e4ftsl\u00f6sung mit Petstar.","breadcrumb":{"@id":"https:\/\/petproducts.com.cn\/product\/red-panda-planet-dog-toy-woven-fabric\/#breadcrumb"},"inLanguage":"de","potentialAction":[{"@type":"ReadAction","target":["https:\/\/petproducts.com.cn\/product\/red-panda-planet-dog-toy-woven-fabric\/"]}]},{"@type":"ImageObject","inLanguage":"de","@id":"https:\/\/petproducts.com.cn\/product\/red-panda-planet-dog-toy-woven-fabric\/#primaryimage","url":"https:\/\/petproducts.com.cn\/wp-content\/uploads\/2023\/11\/red-panda-dog-toy.webp","contentUrl":"https:\/\/petproducts.com.cn\/wp-content\/uploads\/2023\/11\/red-panda-dog-toy.webp","width":800,"height":800,"caption":"red panda dog toy"},{"@type":"BreadcrumbList","@id":"https:\/\/petproducts.com.cn\/product\/red-panda-planet-dog-toy-woven-fabric\/#breadcrumb","itemListElement":[{"@type":"ListItem","position":1,"name":"HOME","item":"https:\/\/petproducts.com.cn\/"},{"@type":"ListItem","position":2,"name":"Products","item":"https:\/\/petproducts.com.cn\/shop\/"},{"@type":"ListItem","position":3,"name":"Dog Toys","item":"https:\/\/petproducts.com.cn\/product-category\/dog-toys\/"},{"@type":"ListItem","position":4,"name":"Red Panda Planet Dog Toy Woven Fabric"}]},{"@type":"WebSite","@id":"https:\/\/petproducts.com.cn\/#website","url":"https:\/\/petproducts.com.cn\/","name":"Petstar","description":"F\u00fchrender Hersteller von Heimtierbedarf und OEM-Lieferant von Heimtierprodukten","publisher":{"@id":"https:\/\/petproducts.com.cn\/#organization"},"alternateName":"Petstar Pet Supplies","potentialAction":[{"@type":"SearchAction","target":{"@type":"EntryPoint","urlTemplate":"https:\/\/petproducts.com.cn\/?s={search_term_string}"},"query-input":{"@type":"PropertyValueSpecification","valueRequired":true,"valueName":"search_term_string"}}],"inLanguage":"de"},{"@type":"Organization","@id":"https:\/\/petproducts.com.cn\/#organization","name":"Petstar","url":"https:\/\/petproducts.com.cn\/","logo":{"@type":"ImageObject","inLanguage":"de","@id":"https:\/\/petproducts.com.cn\/#\/schema\/logo\/image\/","url":"https:\/\/petproducts.com.cn\/wp-content\/uploads\/2020\/02\/petstar-logo.webp","contentUrl":"https:\/\/petproducts.com.cn\/wp-content\/uploads\/2020\/02\/petstar-logo.webp","width":779,"height":520,"caption":"Petstar"},"image":{"@id":"https:\/\/petproducts.com.cn\/#\/schema\/logo\/image\/"}}]}},"_links":{"self":[{"href":"https:\/\/petproducts.com.cn\/de\/wp-json\/wp\/v2\/product\/16367","targetHints":{"allow":["GET"]}}],"collection":[{"href":"https:\/\/petproducts.com.cn\/de\/wp-json\/wp\/v2\/product"}],"about":[{"href":"https:\/\/petproducts.com.cn\/de\/wp-json\/wp\/v2\/types\/product"}],"version-history":[{"count":1,"href":"https:\/\/petproducts.com.cn\/de\/wp-json\/wp\/v2\/product\/16367\/revisions"}],"predecessor-version":[{"id":16380,"href":"https:\/\/petproducts.com.cn\/de\/wp-json\/wp\/v2\/product\/16367\/revisions\/16380"}],"wp:featuredmedia":[{"embeddable":true,"href":"https:\/\/petproducts.com.cn\/de\/wp-json\/wp\/v2\/media\/16377"}],"wp:attachment":[{"href":"https:\/\/petproducts.com.cn\/de\/wp-json\/wp\/v2\/media?parent=16367"}],"wp:term":[{"taxonomy":"product_brand","embeddable":true,"href":"https:\/\/petproducts.com.cn\/de\/wp-json\/wp\/v2\/product_brand?post=16367"},{"taxonomy":"product_cat","embeddable":true,"href":"https:\/\/petproducts.com.cn\/de\/wp-json\/wp\/v2\/product_cat?post=16367"},{"taxonomy":"product_tag","embeddable":true,"href":"https:\/\/petproducts.com.cn\/de\/wp-json\/wp\/v2\/product_tag?post=16367"}],"curies":[{"name":"wp","href":"https:\/\/api.w.org\/{rel}","templated":true}]}}