{"id":16379,"date":"2023-11-24T07:35:48","date_gmt":"2023-11-24T07:35:48","guid":{"rendered":"https:\/\/petproducts.com.cn\/?post_type=product&#038;p=16379"},"modified":"2023-11-24T07:44:38","modified_gmt":"2023-11-24T07:44:38","slug":"cat-ladder-furniture-large-wooden-cat-tower","status":"publish","type":"product","link":"https:\/\/petproducts.com.cn\/de\/product\/cat-ladder-furniture-large-wooden-cat-tower\/","title":{"rendered":"Katzenleiterm\u00f6bel Gro\u00dfer Katzenturm aus Holz"},"content":{"rendered":"<h2>\u00a0Eigenschaften von Katzenleiterm\u00f6beln<\/h2>\n<ol>\n<li><strong>Turm zum Himmel (H\u00f6he 155 cm).<\/strong> Tauchen Sie mit unseren Katzenleiterm\u00f6beln in eine Welt der vertikalen Freude ein. Mit einer beeindruckenden H\u00f6he von 155 cm bietet dieser gro\u00dfe h\u00f6lzerne Katzenturm einen weitl\u00e4ufigen und beeindruckenden Raum f\u00fcr Ihre Katzen zum Klettern, Spielen und Sitzen mit einem Gef\u00fchl der Erhabenheit.<\/li>\n<li><strong>Interaktives Katzenspielzeug f\u00fcr spielerische Besch\u00e4ftigung:<\/strong> Erh\u00f6hen Sie die Spielzeit Ihrer Katze mit dem integrierten Katzenspielzeug. Unser Katzenturm-Spielhaus ist mit einem interaktiven Spielzeug ausgestattet, das den Spieltrieb Ihrer Katze anregt und f\u00fcr endlose Unterhaltung und Besch\u00e4ftigung in ihrem hoch aufragenden Holzspielplatz sorgt.<\/li>\n<li><strong>Sisalpfosten f\u00fcr gesundes Kratzen:<\/strong> F\u00f6rdern Sie ein gesundes Kratzverhalten mit Sisalpfosten. Die Sisalpfosten, die die Katzenleiterm\u00f6bel umschlie\u00dfen, f\u00f6rdern das Kratzen, halten die Krallen gesund und sch\u00fctzen die M\u00f6bel vor m\u00f6glichen Sch\u00e4den.<\/li>\n<li><strong>Zwei Eigentumswohnungen f\u00fcr gem\u00fctliche R\u00fcckzugsorte:<\/strong> Verw\u00f6hnen Sie Ihre Katzen nicht nur mit einer, sondern gleich mit zwei Pl\u00fcschwohnungen. Diese gem\u00fctlichen R\u00fcckzugsorte innerhalb des gro\u00dfen Katzenturms bieten Ihren Katzenfreunden sichere und warme Pl\u00e4tze zum Ausruhen und Entspannen. Die beiden Wohnungen kommen dem Wunsch Ihrer Katze nach privaten Ecken entgegen und bieten ihr mehrere komfortable M\u00f6glichkeiten.<\/li>\n<li><strong>Stabile Struktur f\u00fcr dauerhaften Spa\u00df:<\/strong> Vertrauen Sie auf die Stabilit\u00e4t und Haltbarkeit unserer Katzenleiterm\u00f6bel. Die robuste Holzstruktur sorgt daf\u00fcr, dass Ihre Katzen ohne Bedenken klettern, kratzen und spielen k\u00f6nnen. Es ist eine stabile und sichere Umgebung, die f\u00fcr dauerhaften Spa\u00df und Unterhaltung sorgt.<\/li>\n<li><strong>Anpassbarer Stil f\u00fcr Ihre \u00c4sthetik:<\/strong> Gestalten Sie den Spielplatz Ihrer Katze mit unserem anpassbaren Katzenturm aus Holz ganz individuell. W\u00e4hlen Sie Farben und Materialien, die zu Ihrer Einrichtung passen, damit sich dieser gro\u00dfe Katzenturm aus Holz nahtlos in Ihren Lebensraum einf\u00fcgt und Ihren einzigartigen Stil widerspiegelt.<\/li>\n<\/ol>","protected":false},"excerpt":{"rendered":"<p>Wir sind Hersteller von Katzenleiterm\u00f6beln mit mehr als 20 Jahren Erfahrung. Wir bieten Anpassungsm\u00f6glichkeiten f\u00fcr Farbe, Gr\u00f6\u00dfe, Stoff, Muster, Logo und andere Merkmale.<\/p>","protected":false},"featured_media":16382,"template":"","meta":{"_acf_changed":false},"product_brand":[],"product_cat":[71,47],"product_tag":[88],"class_list":{"0":"post-16379","1":"product","2":"type-product","3":"status-publish","4":"has-post-thumbnail","6":"product_cat-cat-supplies","7":"product_cat-cat-trees-furniture","8":"product_tag-cat-trees-furniture","10":"first","11":"instock","12":"shipping-taxable","13":"product-type-simple"},"acf":[],"yoast_head":"<!-- This site is optimized with the Yoast SEO plugin v27.1.1 - https:\/\/yoast.com\/product\/yoast-seo-wordpress\/ -->\n<title>Cat Ladder Furniture | OEM Cat Tower Play House - Petstar<\/title>\n<meta name=\"description\" content=\"Explore Cat Ladder Furniture, OEM Cat Tower Play House directly from the manufacturer. Your ideal business solution with Petstar.\" \/>\n<meta name=\"robots\" content=\"index, follow, max-snippet:-1, max-image-preview:large, max-video-preview:-1\" \/>\n<link rel=\"canonical\" href=\"https:\/\/petproducts.com.cn\/de\/produkt\/cat-ladder-furniture-large-wooden-cat-tower\/\" \/>\n<meta property=\"og:locale\" content=\"de_DE\" \/>\n<meta property=\"og:type\" content=\"article\" \/>\n<meta property=\"og:title\" content=\"Cat Ladder Furniture | OEM Cat Tower Play House - Petstar\" \/>\n<meta property=\"og:description\" content=\"Explore Cat Ladder Furniture, OEM Cat Tower Play House directly from the manufacturer. Your ideal business solution with Petstar.\" \/>\n<meta property=\"og:url\" content=\"https:\/\/petproducts.com.cn\/de\/produkt\/cat-ladder-furniture-large-wooden-cat-tower\/\" \/>\n<meta property=\"og:site_name\" content=\"Petstar\" \/>\n<meta property=\"article:modified_time\" content=\"2023-11-24T07:44:38+00:00\" \/>\n<meta property=\"og:image\" content=\"https:\/\/petproducts.com.cn\/wp-content\/uploads\/2023\/11\/cat-ladder-furniture.webp\" \/>\n\t<meta property=\"og:image:width\" content=\"1000\" \/>\n\t<meta property=\"og:image:height\" content=\"1000\" \/>\n\t<meta property=\"og:image:type\" content=\"image\/webp\" \/>\n<meta name=\"twitter:card\" content=\"summary_large_image\" \/>\n<meta name=\"twitter:label1\" content=\"Gesch\u00e4tzte Lesezeit\" \/>\n\t<meta name=\"twitter:data1\" content=\"2\u00a0Minuten\" \/>\n<script type=\"application\/ld+json\" class=\"yoast-schema-graph\">{\"@context\":\"https:\/\/schema.org\",\"@graph\":[{\"@type\":\"WebPage\",\"@id\":\"https:\/\/petproducts.com.cn\/product\/cat-ladder-furniture-large-wooden-cat-tower\/\",\"url\":\"https:\/\/petproducts.com.cn\/product\/cat-ladder-furniture-large-wooden-cat-tower\/\",\"name\":\"Cat Ladder Furniture | OEM Cat Tower Play House - Petstar\",\"isPartOf\":{\"@id\":\"https:\/\/petproducts.com.cn\/#website\"},\"primaryImageOfPage\":{\"@id\":\"https:\/\/petproducts.com.cn\/product\/cat-ladder-furniture-large-wooden-cat-tower\/#primaryimage\"},\"image\":{\"@id\":\"https:\/\/petproducts.com.cn\/product\/cat-ladder-furniture-large-wooden-cat-tower\/#primaryimage\"},\"thumbnailUrl\":\"https:\/\/petproducts.com.cn\/wp-content\/uploads\/2023\/11\/cat-ladder-furniture.webp\",\"datePublished\":\"2023-11-24T07:35:48+00:00\",\"dateModified\":\"2023-11-24T07:44:38+00:00\",\"description\":\"Explore Cat Ladder Furniture, OEM Cat Tower Play House directly from the manufacturer. Your ideal business solution with Petstar.\",\"breadcrumb\":{\"@id\":\"https:\/\/petproducts.com.cn\/product\/cat-ladder-furniture-large-wooden-cat-tower\/#breadcrumb\"},\"inLanguage\":\"de\",\"potentialAction\":[{\"@type\":\"ReadAction\",\"target\":[\"https:\/\/petproducts.com.cn\/product\/cat-ladder-furniture-large-wooden-cat-tower\/\"]}]},{\"@type\":\"ImageObject\",\"inLanguage\":\"de\",\"@id\":\"https:\/\/petproducts.com.cn\/product\/cat-ladder-furniture-large-wooden-cat-tower\/#primaryimage\",\"url\":\"https:\/\/petproducts.com.cn\/wp-content\/uploads\/2023\/11\/cat-ladder-furniture.webp\",\"contentUrl\":\"https:\/\/petproducts.com.cn\/wp-content\/uploads\/2023\/11\/cat-ladder-furniture.webp\",\"width\":1000,\"height\":1000,\"caption\":\"cat ladder furniture\"},{\"@type\":\"BreadcrumbList\",\"@id\":\"https:\/\/petproducts.com.cn\/product\/cat-ladder-furniture-large-wooden-cat-tower\/#breadcrumb\",\"itemListElement\":[{\"@type\":\"ListItem\",\"position\":1,\"name\":\"HOME\",\"item\":\"https:\/\/petproducts.com.cn\/\"},{\"@type\":\"ListItem\",\"position\":2,\"name\":\"Products\",\"item\":\"https:\/\/petproducts.com.cn\/shop\/\"},{\"@type\":\"ListItem\",\"position\":3,\"name\":\"Cat Trees &amp; Furniture\",\"item\":\"https:\/\/petproducts.com.cn\/product-category\/cat-trees-furniture\/\"},{\"@type\":\"ListItem\",\"position\":4,\"name\":\"Cat Ladder Furniture Large Wooden Cat Tower\"}]},{\"@type\":\"WebSite\",\"@id\":\"https:\/\/petproducts.com.cn\/#website\",\"url\":\"https:\/\/petproducts.com.cn\/\",\"name\":\"Petstar\",\"description\":\"Leading Pet Supplies Manufacturer &amp; OEM Pet Products Supplier\",\"publisher\":{\"@id\":\"https:\/\/petproducts.com.cn\/#organization\"},\"alternateName\":\"Petstar Pet Supplies\",\"potentialAction\":[{\"@type\":\"SearchAction\",\"target\":{\"@type\":\"EntryPoint\",\"urlTemplate\":\"https:\/\/petproducts.com.cn\/?s={search_term_string}\"},\"query-input\":{\"@type\":\"PropertyValueSpecification\",\"valueRequired\":true,\"valueName\":\"search_term_string\"}}],\"inLanguage\":\"de\"},{\"@type\":\"Organization\",\"@id\":\"https:\/\/petproducts.com.cn\/#organization\",\"name\":\"Petstar\",\"url\":\"https:\/\/petproducts.com.cn\/\",\"logo\":{\"@type\":\"ImageObject\",\"inLanguage\":\"de\",\"@id\":\"https:\/\/petproducts.com.cn\/#\/schema\/logo\/image\/\",\"url\":\"https:\/\/petproducts.com.cn\/wp-content\/uploads\/2020\/02\/petstar-logo.webp\",\"contentUrl\":\"https:\/\/petproducts.com.cn\/wp-content\/uploads\/2020\/02\/petstar-logo.webp\",\"width\":779,\"height\":520,\"caption\":\"Petstar\"},\"image\":{\"@id\":\"https:\/\/petproducts.com.cn\/#\/schema\/logo\/image\/\"}}]}<\/script>\n<!-- \/ Yoast SEO plugin. -->","yoast_head_json":{"title":"Katze Leiter M\u00f6bel | OEM Katze Turm spielen Haus - Petstar","description":"Entdecken Sie Katzenleiterm\u00f6bel, OEM Katzenturm Spielhaus direkt vom Hersteller. Ihre ideale Business-L\u00f6sung mit Petstar.","robots":{"index":"index","follow":"follow","max-snippet":"max-snippet:-1","max-image-preview":"max-image-preview:large","max-video-preview":"max-video-preview:-1"},"canonical":"https:\/\/petproducts.com.cn\/de\/produkt\/cat-ladder-furniture-large-wooden-cat-tower\/","og_locale":"de_DE","og_type":"article","og_title":"Cat Ladder Furniture | OEM Cat Tower Play House - Petstar","og_description":"Explore Cat Ladder Furniture, OEM Cat Tower Play House directly from the manufacturer. Your ideal business solution with Petstar.","og_url":"https:\/\/petproducts.com.cn\/de\/produkt\/cat-ladder-furniture-large-wooden-cat-tower\/","og_site_name":"Petstar","article_modified_time":"2023-11-24T07:44:38+00:00","og_image":[{"width":1000,"height":1000,"url":"https:\/\/petproducts.com.cn\/wp-content\/uploads\/2023\/11\/cat-ladder-furniture.webp","type":"image\/webp"}],"twitter_card":"summary_large_image","twitter_misc":{"Gesch\u00e4tzte Lesezeit":"2\u00a0Minuten"},"schema":{"@context":"https:\/\/schema.org","@graph":[{"@type":"WebPage","@id":"https:\/\/petproducts.com.cn\/product\/cat-ladder-furniture-large-wooden-cat-tower\/","url":"https:\/\/petproducts.com.cn\/product\/cat-ladder-furniture-large-wooden-cat-tower\/","name":"Katze Leiter M\u00f6bel | OEM Katze Turm spielen Haus - Petstar","isPartOf":{"@id":"https:\/\/petproducts.com.cn\/#website"},"primaryImageOfPage":{"@id":"https:\/\/petproducts.com.cn\/product\/cat-ladder-furniture-large-wooden-cat-tower\/#primaryimage"},"image":{"@id":"https:\/\/petproducts.com.cn\/product\/cat-ladder-furniture-large-wooden-cat-tower\/#primaryimage"},"thumbnailUrl":"https:\/\/petproducts.com.cn\/wp-content\/uploads\/2023\/11\/cat-ladder-furniture.webp","datePublished":"2023-11-24T07:35:48+00:00","dateModified":"2023-11-24T07:44:38+00:00","description":"Entdecken Sie Katzenleiterm\u00f6bel, OEM Katzenturm Spielhaus direkt vom Hersteller. Ihre ideale Business-L\u00f6sung mit Petstar.","breadcrumb":{"@id":"https:\/\/petproducts.com.cn\/product\/cat-ladder-furniture-large-wooden-cat-tower\/#breadcrumb"},"inLanguage":"de","potentialAction":[{"@type":"ReadAction","target":["https:\/\/petproducts.com.cn\/product\/cat-ladder-furniture-large-wooden-cat-tower\/"]}]},{"@type":"ImageObject","inLanguage":"de","@id":"https:\/\/petproducts.com.cn\/product\/cat-ladder-furniture-large-wooden-cat-tower\/#primaryimage","url":"https:\/\/petproducts.com.cn\/wp-content\/uploads\/2023\/11\/cat-ladder-furniture.webp","contentUrl":"https:\/\/petproducts.com.cn\/wp-content\/uploads\/2023\/11\/cat-ladder-furniture.webp","width":1000,"height":1000,"caption":"cat ladder furniture"},{"@type":"BreadcrumbList","@id":"https:\/\/petproducts.com.cn\/product\/cat-ladder-furniture-large-wooden-cat-tower\/#breadcrumb","itemListElement":[{"@type":"ListItem","position":1,"name":"HOME","item":"https:\/\/petproducts.com.cn\/"},{"@type":"ListItem","position":2,"name":"Products","item":"https:\/\/petproducts.com.cn\/shop\/"},{"@type":"ListItem","position":3,"name":"Cat Trees &amp; Furniture","item":"https:\/\/petproducts.com.cn\/product-category\/cat-trees-furniture\/"},{"@type":"ListItem","position":4,"name":"Cat Ladder Furniture Large Wooden Cat Tower"}]},{"@type":"WebSite","@id":"https:\/\/petproducts.com.cn\/#website","url":"https:\/\/petproducts.com.cn\/","name":"Petstar","description":"F\u00fchrender Hersteller von Heimtierbedarf und OEM-Lieferant von Heimtierprodukten","publisher":{"@id":"https:\/\/petproducts.com.cn\/#organization"},"alternateName":"Petstar Pet Supplies","potentialAction":[{"@type":"SearchAction","target":{"@type":"EntryPoint","urlTemplate":"https:\/\/petproducts.com.cn\/?s={search_term_string}"},"query-input":{"@type":"PropertyValueSpecification","valueRequired":true,"valueName":"search_term_string"}}],"inLanguage":"de"},{"@type":"Organization","@id":"https:\/\/petproducts.com.cn\/#organization","name":"Petstar","url":"https:\/\/petproducts.com.cn\/","logo":{"@type":"ImageObject","inLanguage":"de","@id":"https:\/\/petproducts.com.cn\/#\/schema\/logo\/image\/","url":"https:\/\/petproducts.com.cn\/wp-content\/uploads\/2020\/02\/petstar-logo.webp","contentUrl":"https:\/\/petproducts.com.cn\/wp-content\/uploads\/2020\/02\/petstar-logo.webp","width":779,"height":520,"caption":"Petstar"},"image":{"@id":"https:\/\/petproducts.com.cn\/#\/schema\/logo\/image\/"}}]}},"_links":{"self":[{"href":"https:\/\/petproducts.com.cn\/de\/wp-json\/wp\/v2\/product\/16379","targetHints":{"allow":["GET"]}}],"collection":[{"href":"https:\/\/petproducts.com.cn\/de\/wp-json\/wp\/v2\/product"}],"about":[{"href":"https:\/\/petproducts.com.cn\/de\/wp-json\/wp\/v2\/types\/product"}],"version-history":[{"count":1,"href":"https:\/\/petproducts.com.cn\/de\/wp-json\/wp\/v2\/product\/16379\/revisions"}],"predecessor-version":[{"id":16408,"href":"https:\/\/petproducts.com.cn\/de\/wp-json\/wp\/v2\/product\/16379\/revisions\/16408"}],"wp:featuredmedia":[{"embeddable":true,"href":"https:\/\/petproducts.com.cn\/de\/wp-json\/wp\/v2\/media\/16382"}],"wp:attachment":[{"href":"https:\/\/petproducts.com.cn\/de\/wp-json\/wp\/v2\/media?parent=16379"}],"wp:term":[{"taxonomy":"product_brand","embeddable":true,"href":"https:\/\/petproducts.com.cn\/de\/wp-json\/wp\/v2\/product_brand?post=16379"},{"taxonomy":"product_cat","embeddable":true,"href":"https:\/\/petproducts.com.cn\/de\/wp-json\/wp\/v2\/product_cat?post=16379"},{"taxonomy":"product_tag","embeddable":true,"href":"https:\/\/petproducts.com.cn\/de\/wp-json\/wp\/v2\/product_tag?post=16379"}],"curies":[{"name":"wp","href":"https:\/\/api.w.org\/{rel}","templated":true}]}}