{"id":16695,"date":"2023-11-28T06:36:24","date_gmt":"2023-11-28T06:36:24","guid":{"rendered":"https:\/\/petproducts.com.cn\/?post_type=product&#038;p=16695"},"modified":"2023-11-28T07:56:51","modified_gmt":"2023-11-28T07:56:51","slug":"best-cat-cave-bed-pet-bed-house","status":"publish","type":"product","link":"https:\/\/petproducts.com.cn\/de\/product\/best-cat-cave-bed-pet-bed-house\/","title":{"rendered":"Bestes Katzenh\u00f6hlenbett Haustierbett Haus"},"content":{"rendered":"<h2>Merkmale der besten Katze H\u00f6hle Bett<\/h2>\n<ol>\n<li><strong>Gem\u00fctlichkeit wie in einer H\u00f6hle:<\/strong> Das einzigartige H\u00f6hlendesign dieses Best Cat Cave Bed bietet Ihrer Katze einen privaten Zufluchtsort und befriedigt ihren nat\u00fcrlichen Instinkt, einen sicheren und geschlossenen Raum zu suchen. Beobachten Sie, wie sich Ihr Katzenfreund in den gem\u00fctlichen W\u00e4nden seines pers\u00f6nlichen R\u00fcckzugsortes zusammenrollt.<\/li>\n<li><strong>2 in 1 H\u00f6hle\/Sofa Vergn\u00fcgen:<\/strong> Mit unserem 2-in-1-H\u00f6hlen-\/Sofabett f\u00fcr Haustiere trifft Vielseitigkeit auf Komfort. Es l\u00e4sst sich m\u00fchelos von einer kuscheligen H\u00f6hle in ein bequemes Sofa verwandeln und passt sich so den Vorlieben Ihrer Katze an. Ob sie nun Einsamkeit oder einen Platz zum Faulenzen suchen, dieses Bett bietet alles.<\/li>\n<li><strong>Erstklassiger wasserdichter Schutz:<\/strong> Dieses Katzenh\u00f6hlenbett ist mit erstklassigen wasserdichten Eigenschaften ausgestattet. Unf\u00e4lle passieren, aber mit diesem wasserfesten Design k\u00f6nnen Sie Versch\u00fcttetes und Verschmutzungen einfach wegwischen und eine saubere und trockene Umgebung f\u00fcr Ihre Katze sicherstellen.<\/li>\n<li><strong>Elektrisierend antistatisch:<\/strong> Verabschieden Sie sich von unerw\u00fcnschten statischen Schocks! Unser Katzenbett ist mit antistatischen Eigenschaften ausgestattet und bietet Ihrem Katzenfreund einen ruhigen und friedlichen Platz zum Ausruhen ohne \u00fcberraschende Stromst\u00f6\u00dfe.<\/li>\n<li><strong>Elegant gen\u00e4hter Stoff:<\/strong> Das Haustierbett verf\u00fcgt \u00fcber sorgf\u00e4ltig gen\u00e4hte N\u00e4hte, die sowohl die Haltbarkeit als auch die \u00c4sthetik verbessern. Die exquisiten Details im Stoff werten das Gesamtbild auf und machen es zu einer stilvollen Erg\u00e4nzung Ihrer Einrichtung.<\/li>\n<li><strong>W\u00e4rme mit spr\u00fchgeklebter Baumwolle:<\/strong> Der Komfort Ihrer Katze ist unsere Priorit\u00e4t. Das Bett besteht aus einer Schicht warmer, spr\u00fchverfestigter Baumwolle, die f\u00fcr einen kuscheligen und gem\u00fctlichen R\u00fcckzugsort sorgt. Es ist der perfekte Ort f\u00fcr Ihre Katze, um sich zu entspannen und zu erholen, besonders an k\u00fchleren Tagen.<\/li>\n<li><strong>Unverr\u00fcckbarer Anti-Rutsch-Boden:<\/strong> Haben Sie Angst, dass das Bett herumrutscht? Das Cat Cave Bed ist mit einem rutschfesten Boden ausgestattet, der f\u00fcr Stabilit\u00e4t auf jedem Untergrund sorgt. Dank dieses durchdachten Designelements kann Ihre Katze ohne Unterbrechung spielen und ein Nickerchen machen.<\/li>\n<\/ol>","protected":false},"excerpt":{"rendered":"<p>Wir sind ein Hersteller von Haustierbetten mit mehr als 20 Jahren Erfahrung. Wir bieten Anpassungsm\u00f6glichkeiten f\u00fcr Farbe, Gr\u00f6\u00dfe, Stoff, Muster, Logo und andere Merkmale.<\/p>","protected":false},"featured_media":16721,"template":"","meta":{"_acf_changed":false},"product_brand":[],"product_cat":[58,71],"product_tag":[74],"class_list":{"0":"post-16695","1":"product","2":"type-product","3":"status-publish","4":"has-post-thumbnail","6":"product_cat-cat-beds","7":"product_cat-cat-supplies","8":"product_tag-cat-beds","10":"first","11":"instock","12":"shipping-taxable","13":"product-type-simple"},"acf":[],"yoast_head":"<!-- This site is optimized with the Yoast SEO plugin v27.1.1 - https:\/\/yoast.com\/product\/yoast-seo-wordpress\/ -->\n<title>Best Cat Cave Bed | Custom Pet Bed House - Petstar<\/title>\n<meta name=\"description\" content=\"Explore best cat cave bed, pet bed house, cat pet bed, pet cave bed from the manufacturer. Your ideal business solution with Petstar.\" \/>\n<meta name=\"robots\" content=\"index, follow, max-snippet:-1, max-image-preview:large, max-video-preview:-1\" \/>\n<link rel=\"canonical\" href=\"https:\/\/petproducts.com.cn\/de\/produkt\/best-cat-cave-bed-pet-bed-house\/\" \/>\n<meta property=\"og:locale\" content=\"de_DE\" \/>\n<meta property=\"og:type\" content=\"article\" \/>\n<meta property=\"og:title\" content=\"Best Cat Cave Bed | Custom Pet Bed House - Petstar\" \/>\n<meta property=\"og:description\" content=\"Explore best cat cave bed, pet bed house, cat pet bed, pet cave bed from the manufacturer. Your ideal business solution with Petstar.\" \/>\n<meta property=\"og:url\" content=\"https:\/\/petproducts.com.cn\/de\/produkt\/best-cat-cave-bed-pet-bed-house\/\" \/>\n<meta property=\"og:site_name\" content=\"Petstar\" \/>\n<meta property=\"article:modified_time\" content=\"2023-11-28T07:56:51+00:00\" \/>\n<meta property=\"og:image\" content=\"https:\/\/petproducts.com.cn\/wp-content\/uploads\/2023\/11\/best-cat-cave-bed.webp\" \/>\n\t<meta property=\"og:image:width\" content=\"1000\" \/>\n\t<meta property=\"og:image:height\" content=\"1000\" \/>\n\t<meta property=\"og:image:type\" content=\"image\/webp\" \/>\n<meta name=\"twitter:card\" content=\"summary_large_image\" \/>\n<meta name=\"twitter:label1\" content=\"Gesch\u00e4tzte Lesezeit\" \/>\n\t<meta name=\"twitter:data1\" content=\"2\u00a0Minuten\" \/>\n<script type=\"application\/ld+json\" class=\"yoast-schema-graph\">{\"@context\":\"https:\/\/schema.org\",\"@graph\":[{\"@type\":\"WebPage\",\"@id\":\"https:\/\/petproducts.com.cn\/product\/best-cat-cave-bed-pet-bed-house\/\",\"url\":\"https:\/\/petproducts.com.cn\/product\/best-cat-cave-bed-pet-bed-house\/\",\"name\":\"Best Cat Cave Bed | Custom Pet Bed House - Petstar\",\"isPartOf\":{\"@id\":\"https:\/\/petproducts.com.cn\/#website\"},\"primaryImageOfPage\":{\"@id\":\"https:\/\/petproducts.com.cn\/product\/best-cat-cave-bed-pet-bed-house\/#primaryimage\"},\"image\":{\"@id\":\"https:\/\/petproducts.com.cn\/product\/best-cat-cave-bed-pet-bed-house\/#primaryimage\"},\"thumbnailUrl\":\"https:\/\/petproducts.com.cn\/wp-content\/uploads\/2023\/11\/best-cat-cave-bed.webp\",\"datePublished\":\"2023-11-28T06:36:24+00:00\",\"dateModified\":\"2023-11-28T07:56:51+00:00\",\"description\":\"Explore best cat cave bed, pet bed house, cat pet bed, pet cave bed from the manufacturer. Your ideal business solution with Petstar.\",\"breadcrumb\":{\"@id\":\"https:\/\/petproducts.com.cn\/product\/best-cat-cave-bed-pet-bed-house\/#breadcrumb\"},\"inLanguage\":\"de\",\"potentialAction\":[{\"@type\":\"ReadAction\",\"target\":[\"https:\/\/petproducts.com.cn\/product\/best-cat-cave-bed-pet-bed-house\/\"]}]},{\"@type\":\"ImageObject\",\"inLanguage\":\"de\",\"@id\":\"https:\/\/petproducts.com.cn\/product\/best-cat-cave-bed-pet-bed-house\/#primaryimage\",\"url\":\"https:\/\/petproducts.com.cn\/wp-content\/uploads\/2023\/11\/best-cat-cave-bed.webp\",\"contentUrl\":\"https:\/\/petproducts.com.cn\/wp-content\/uploads\/2023\/11\/best-cat-cave-bed.webp\",\"width\":1000,\"height\":1000,\"caption\":\"best cat cave bed\"},{\"@type\":\"BreadcrumbList\",\"@id\":\"https:\/\/petproducts.com.cn\/product\/best-cat-cave-bed-pet-bed-house\/#breadcrumb\",\"itemListElement\":[{\"@type\":\"ListItem\",\"position\":1,\"name\":\"HOME\",\"item\":\"https:\/\/petproducts.com.cn\/\"},{\"@type\":\"ListItem\",\"position\":2,\"name\":\"Products\",\"item\":\"https:\/\/petproducts.com.cn\/shop\/\"},{\"@type\":\"ListItem\",\"position\":3,\"name\":\"Cat Beds\",\"item\":\"https:\/\/petproducts.com.cn\/product-category\/cat-beds\/\"},{\"@type\":\"ListItem\",\"position\":4,\"name\":\"Best Cat Cave Bed Pet Bed House\"}]},{\"@type\":\"WebSite\",\"@id\":\"https:\/\/petproducts.com.cn\/#website\",\"url\":\"https:\/\/petproducts.com.cn\/\",\"name\":\"Petstar\",\"description\":\"Leading Pet Supplies Manufacturer &amp; OEM Pet Products Supplier\",\"publisher\":{\"@id\":\"https:\/\/petproducts.com.cn\/#organization\"},\"alternateName\":\"Petstar Pet Supplies\",\"potentialAction\":[{\"@type\":\"SearchAction\",\"target\":{\"@type\":\"EntryPoint\",\"urlTemplate\":\"https:\/\/petproducts.com.cn\/?s={search_term_string}\"},\"query-input\":{\"@type\":\"PropertyValueSpecification\",\"valueRequired\":true,\"valueName\":\"search_term_string\"}}],\"inLanguage\":\"de\"},{\"@type\":\"Organization\",\"@id\":\"https:\/\/petproducts.com.cn\/#organization\",\"name\":\"Petstar\",\"url\":\"https:\/\/petproducts.com.cn\/\",\"logo\":{\"@type\":\"ImageObject\",\"inLanguage\":\"de\",\"@id\":\"https:\/\/petproducts.com.cn\/#\/schema\/logo\/image\/\",\"url\":\"https:\/\/petproducts.com.cn\/wp-content\/uploads\/2020\/02\/petstar-logo.webp\",\"contentUrl\":\"https:\/\/petproducts.com.cn\/wp-content\/uploads\/2020\/02\/petstar-logo.webp\",\"width\":779,\"height\":520,\"caption\":\"Petstar\"},\"image\":{\"@id\":\"https:\/\/petproducts.com.cn\/#\/schema\/logo\/image\/\"}}]}<\/script>\n<!-- \/ Yoast SEO plugin. -->","yoast_head_json":{"title":"Beste Katze H\u00f6hle Bett | benutzerdefinierte Haustier Bett Haus - Petstar","description":"Entdecken Sie die besten Katzenh\u00f6hlenbett, Haustier Bett Haus, Katze Haustier Bett, Haustier H\u00f6hle Bett vom Hersteller. Ihre ideale Business-L\u00f6sung mit Petstar.","robots":{"index":"index","follow":"follow","max-snippet":"max-snippet:-1","max-image-preview":"max-image-preview:large","max-video-preview":"max-video-preview:-1"},"canonical":"https:\/\/petproducts.com.cn\/de\/produkt\/best-cat-cave-bed-pet-bed-house\/","og_locale":"de_DE","og_type":"article","og_title":"Best Cat Cave Bed | Custom Pet Bed House - Petstar","og_description":"Explore best cat cave bed, pet bed house, cat pet bed, pet cave bed from the manufacturer. Your ideal business solution with Petstar.","og_url":"https:\/\/petproducts.com.cn\/de\/produkt\/best-cat-cave-bed-pet-bed-house\/","og_site_name":"Petstar","article_modified_time":"2023-11-28T07:56:51+00:00","og_image":[{"width":1000,"height":1000,"url":"https:\/\/petproducts.com.cn\/wp-content\/uploads\/2023\/11\/best-cat-cave-bed.webp","type":"image\/webp"}],"twitter_card":"summary_large_image","twitter_misc":{"Gesch\u00e4tzte Lesezeit":"2\u00a0Minuten"},"schema":{"@context":"https:\/\/schema.org","@graph":[{"@type":"WebPage","@id":"https:\/\/petproducts.com.cn\/product\/best-cat-cave-bed-pet-bed-house\/","url":"https:\/\/petproducts.com.cn\/product\/best-cat-cave-bed-pet-bed-house\/","name":"Beste Katze H\u00f6hle Bett | benutzerdefinierte Haustier Bett Haus - Petstar","isPartOf":{"@id":"https:\/\/petproducts.com.cn\/#website"},"primaryImageOfPage":{"@id":"https:\/\/petproducts.com.cn\/product\/best-cat-cave-bed-pet-bed-house\/#primaryimage"},"image":{"@id":"https:\/\/petproducts.com.cn\/product\/best-cat-cave-bed-pet-bed-house\/#primaryimage"},"thumbnailUrl":"https:\/\/petproducts.com.cn\/wp-content\/uploads\/2023\/11\/best-cat-cave-bed.webp","datePublished":"2023-11-28T06:36:24+00:00","dateModified":"2023-11-28T07:56:51+00:00","description":"Entdecken Sie die besten Katzenh\u00f6hlenbett, Haustier Bett Haus, Katze Haustier Bett, Haustier H\u00f6hle Bett vom Hersteller. Ihre ideale Business-L\u00f6sung mit Petstar.","breadcrumb":{"@id":"https:\/\/petproducts.com.cn\/product\/best-cat-cave-bed-pet-bed-house\/#breadcrumb"},"inLanguage":"de","potentialAction":[{"@type":"ReadAction","target":["https:\/\/petproducts.com.cn\/product\/best-cat-cave-bed-pet-bed-house\/"]}]},{"@type":"ImageObject","inLanguage":"de","@id":"https:\/\/petproducts.com.cn\/product\/best-cat-cave-bed-pet-bed-house\/#primaryimage","url":"https:\/\/petproducts.com.cn\/wp-content\/uploads\/2023\/11\/best-cat-cave-bed.webp","contentUrl":"https:\/\/petproducts.com.cn\/wp-content\/uploads\/2023\/11\/best-cat-cave-bed.webp","width":1000,"height":1000,"caption":"best cat cave bed"},{"@type":"BreadcrumbList","@id":"https:\/\/petproducts.com.cn\/product\/best-cat-cave-bed-pet-bed-house\/#breadcrumb","itemListElement":[{"@type":"ListItem","position":1,"name":"HOME","item":"https:\/\/petproducts.com.cn\/"},{"@type":"ListItem","position":2,"name":"Products","item":"https:\/\/petproducts.com.cn\/shop\/"},{"@type":"ListItem","position":3,"name":"Cat Beds","item":"https:\/\/petproducts.com.cn\/product-category\/cat-beds\/"},{"@type":"ListItem","position":4,"name":"Best Cat Cave Bed Pet Bed House"}]},{"@type":"WebSite","@id":"https:\/\/petproducts.com.cn\/#website","url":"https:\/\/petproducts.com.cn\/","name":"Petstar","description":"F\u00fchrender Hersteller von Heimtierbedarf und OEM-Lieferant von Heimtierprodukten","publisher":{"@id":"https:\/\/petproducts.com.cn\/#organization"},"alternateName":"Petstar Pet Supplies","potentialAction":[{"@type":"SearchAction","target":{"@type":"EntryPoint","urlTemplate":"https:\/\/petproducts.com.cn\/?s={search_term_string}"},"query-input":{"@type":"PropertyValueSpecification","valueRequired":true,"valueName":"search_term_string"}}],"inLanguage":"de"},{"@type":"Organization","@id":"https:\/\/petproducts.com.cn\/#organization","name":"Petstar","url":"https:\/\/petproducts.com.cn\/","logo":{"@type":"ImageObject","inLanguage":"de","@id":"https:\/\/petproducts.com.cn\/#\/schema\/logo\/image\/","url":"https:\/\/petproducts.com.cn\/wp-content\/uploads\/2020\/02\/petstar-logo.webp","contentUrl":"https:\/\/petproducts.com.cn\/wp-content\/uploads\/2020\/02\/petstar-logo.webp","width":779,"height":520,"caption":"Petstar"},"image":{"@id":"https:\/\/petproducts.com.cn\/#\/schema\/logo\/image\/"}}]}},"_links":{"self":[{"href":"https:\/\/petproducts.com.cn\/de\/wp-json\/wp\/v2\/product\/16695","targetHints":{"allow":["GET"]}}],"collection":[{"href":"https:\/\/petproducts.com.cn\/de\/wp-json\/wp\/v2\/product"}],"about":[{"href":"https:\/\/petproducts.com.cn\/de\/wp-json\/wp\/v2\/types\/product"}],"version-history":[{"count":2,"href":"https:\/\/petproducts.com.cn\/de\/wp-json\/wp\/v2\/product\/16695\/revisions"}],"predecessor-version":[{"id":16736,"href":"https:\/\/petproducts.com.cn\/de\/wp-json\/wp\/v2\/product\/16695\/revisions\/16736"}],"wp:featuredmedia":[{"embeddable":true,"href":"https:\/\/petproducts.com.cn\/de\/wp-json\/wp\/v2\/media\/16721"}],"wp:attachment":[{"href":"https:\/\/petproducts.com.cn\/de\/wp-json\/wp\/v2\/media?parent=16695"}],"wp:term":[{"taxonomy":"product_brand","embeddable":true,"href":"https:\/\/petproducts.com.cn\/de\/wp-json\/wp\/v2\/product_brand?post=16695"},{"taxonomy":"product_cat","embeddable":true,"href":"https:\/\/petproducts.com.cn\/de\/wp-json\/wp\/v2\/product_cat?post=16695"},{"taxonomy":"product_tag","embeddable":true,"href":"https:\/\/petproducts.com.cn\/de\/wp-json\/wp\/v2\/product_tag?post=16695"}],"curies":[{"name":"wp","href":"https:\/\/api.w.org\/{rel}","templated":true}]}}