{"id":17794,"date":"2023-12-20T06:11:19","date_gmt":"2023-12-20T06:11:19","guid":{"rendered":"https:\/\/petproducts.com.cn\/?post_type=product&#038;p=17794"},"modified":"2023-12-20T06:42:59","modified_gmt":"2023-12-20T06:42:59","slug":"best-comfort-dog-beds-durable-sofa-dog-bed","status":"publish","type":"product","link":"https:\/\/petproducts.com.cn\/de\/product\/best-comfort-dog-beds-durable-sofa-dog-bed\/","title":{"rendered":"Best Comfort Hundebetten, langlebiges Sofa-Hundebett"},"content":{"rendered":"<h2>Eigenschaften von Best Comfort Hundebetten<\/h2>\n<ol>\n<li><strong>Luxuri\u00f6ser Cord-Stoff:<\/strong> Tauchen Sie Ihr Haustier in Luxus ein mit unserem exquisiten Cordstoff der Best Comfort Hundebetten. Die pl\u00fcschige Textur sorgt nicht nur f\u00fcr einen weichen Griff, sondern schafft auch einen gro\u00dfz\u00fcgigen R\u00fcckzugsort f\u00fcr Ihren vierbeinigen Begleiter.<\/li>\n<li><strong>W\u00e4rme und Komfort ohnegleichen:<\/strong> Erleben Sie ein neues Ma\u00df an W\u00e4rme und Komfort mit unseren Comfort Dog Beds. Das speziell entwickelte Hundesofa sorgt daf\u00fcr, dass sich Ihr Haustier wohl und geborgen f\u00fchlt und bietet einen Ort der Entspannung und Erholung.<\/li>\n<li><strong>Anpassbare Gr\u00f6\u00dfen f\u00fcr jeden Welpen:<\/strong> Da es Haustiere in allen Formen und Gr\u00f6\u00dfen gibt, ist unser Durable Sofa Dog Bed in verschiedenen Gr\u00f6\u00dfen erh\u00e4ltlich. Passen Sie das Bett an die Ma\u00dfe Ihres Haustiers an, egal ob Sie einen zierlichen Hund oder einen gr\u00f6\u00dferen, majest\u00e4tischen Begleiter haben.<\/li>\n<li><strong>Anti-Rutsch-Boden f\u00fcr zus\u00e4tzliche Sicherheit:<\/strong> Sicherheit geht vor! Unser Hundesofa ist mit einem rutschfesten Boden ausgestattet, der es sicher an seinem Platz h\u00e4lt und ein unerwartetes Ausrutschen verhindert. Ihr Haustier kann unbesorgt spielen, sich ausruhen und kuscheln.<\/li>\n<li><strong>Elegantes Design und Langlebigkeit:<\/strong> Peppen Sie Ihr Zuhause mit unseren Best Dog Beds auf. Das Sofabett f\u00fcr Hunde vereint Stil und Haltbarkeit und ist eine schicke Erg\u00e4nzung f\u00fcr jeden Wohnbereich. Seien Sie beruhigt, denn unsere langlebigen Hundebetten sind so gebaut, dass sie den Test der Zeit \u00fcberstehen.<\/li>\n<li><strong>Investieren Sie in lang anhaltende Qualit\u00e4t:<\/strong> Unser Engagement f\u00fcr Qualit\u00e4t spiegelt sich in jedem Aspekt unseres Produkts wider. Investieren Sie in die Langlebigkeit des Komforts f\u00fcr Ihr Haustier mit unseren Best Comfort Pet Beds. Die strapazierf\u00e4hige Konstruktion garantiert, dass Ihr pelziger Freund den kuscheligen Hafen jahrelang genie\u00dfen wird.<\/li>\n<\/ol>","protected":false},"excerpt":{"rendered":"<p>Wir sind ein Hersteller von Haustierbetten mit mehr als 20 Jahren Erfahrung. Wir bieten Anpassungsm\u00f6glichkeiten f\u00fcr Farbe, Gr\u00f6\u00dfe, Stoff, Muster, Logo und andere Merkmale.<\/p>","protected":false},"featured_media":17795,"template":"","meta":{"_acf_changed":false},"product_brand":[],"product_cat":[57,72],"product_tag":[75],"class_list":{"0":"post-17794","1":"product","2":"type-product","3":"status-publish","4":"has-post-thumbnail","6":"product_cat-dog-beds","7":"product_cat-dog-supplies","8":"product_tag-dog-beds","10":"first","11":"instock","12":"shipping-taxable","13":"product-type-simple"},"acf":[],"yoast_head":"<!-- This site is optimized with the Yoast SEO plugin v27.1.1 - https:\/\/yoast.com\/product\/yoast-seo-wordpress\/ -->\n<title>Best Comfort Dog Beds | Custom Sofa Dog Bed - Petstar<\/title>\n<meta name=\"description\" content=\"Explore best comfort dog beds, sofa dog bed, durable dog beds from the manufacturer. Your ideal business solution with Petstar.\" \/>\n<meta name=\"robots\" content=\"index, follow, max-snippet:-1, max-image-preview:large, max-video-preview:-1\" \/>\n<link rel=\"canonical\" href=\"https:\/\/petproducts.com.cn\/de\/produkt\/best-comfort-dog-beds-durable-sofa-dog-bed\/\" \/>\n<meta property=\"og:locale\" content=\"de_DE\" \/>\n<meta property=\"og:type\" content=\"article\" \/>\n<meta property=\"og:title\" content=\"Best Comfort Dog Beds | Custom Sofa Dog Bed - Petstar\" \/>\n<meta property=\"og:description\" content=\"Explore best comfort dog beds, sofa dog bed, durable dog beds from the manufacturer. Your ideal business solution with Petstar.\" \/>\n<meta property=\"og:url\" content=\"https:\/\/petproducts.com.cn\/de\/produkt\/best-comfort-dog-beds-durable-sofa-dog-bed\/\" \/>\n<meta property=\"og:site_name\" content=\"Petstar\" \/>\n<meta property=\"article:modified_time\" content=\"2023-12-20T06:42:59+00:00\" \/>\n<meta property=\"og:image\" content=\"https:\/\/petproducts.com.cn\/wp-content\/uploads\/2023\/12\/best-comfort-dog-beds.webp\" \/>\n\t<meta property=\"og:image:width\" content=\"1000\" \/>\n\t<meta property=\"og:image:height\" content=\"1000\" \/>\n\t<meta property=\"og:image:type\" content=\"image\/webp\" \/>\n<meta name=\"twitter:card\" content=\"summary_large_image\" \/>\n<meta name=\"twitter:label1\" content=\"Gesch\u00e4tzte Lesezeit\" \/>\n\t<meta name=\"twitter:data1\" content=\"2\u00a0Minuten\" \/>\n<script type=\"application\/ld+json\" class=\"yoast-schema-graph\">{\"@context\":\"https:\/\/schema.org\",\"@graph\":[{\"@type\":\"WebPage\",\"@id\":\"https:\/\/petproducts.com.cn\/product\/best-comfort-dog-beds-durable-sofa-dog-bed\/\",\"url\":\"https:\/\/petproducts.com.cn\/product\/best-comfort-dog-beds-durable-sofa-dog-bed\/\",\"name\":\"Best Comfort Dog Beds | Custom Sofa Dog Bed - Petstar\",\"isPartOf\":{\"@id\":\"https:\/\/petproducts.com.cn\/#website\"},\"primaryImageOfPage\":{\"@id\":\"https:\/\/petproducts.com.cn\/product\/best-comfort-dog-beds-durable-sofa-dog-bed\/#primaryimage\"},\"image\":{\"@id\":\"https:\/\/petproducts.com.cn\/product\/best-comfort-dog-beds-durable-sofa-dog-bed\/#primaryimage\"},\"thumbnailUrl\":\"https:\/\/petproducts.com.cn\/wp-content\/uploads\/2023\/12\/best-comfort-dog-beds.webp\",\"datePublished\":\"2023-12-20T06:11:19+00:00\",\"dateModified\":\"2023-12-20T06:42:59+00:00\",\"description\":\"Explore best comfort dog beds, sofa dog bed, durable dog beds from the manufacturer. Your ideal business solution with Petstar.\",\"breadcrumb\":{\"@id\":\"https:\/\/petproducts.com.cn\/product\/best-comfort-dog-beds-durable-sofa-dog-bed\/#breadcrumb\"},\"inLanguage\":\"de\",\"potentialAction\":[{\"@type\":\"ReadAction\",\"target\":[\"https:\/\/petproducts.com.cn\/product\/best-comfort-dog-beds-durable-sofa-dog-bed\/\"]}]},{\"@type\":\"ImageObject\",\"inLanguage\":\"de\",\"@id\":\"https:\/\/petproducts.com.cn\/product\/best-comfort-dog-beds-durable-sofa-dog-bed\/#primaryimage\",\"url\":\"https:\/\/petproducts.com.cn\/wp-content\/uploads\/2023\/12\/best-comfort-dog-beds.webp\",\"contentUrl\":\"https:\/\/petproducts.com.cn\/wp-content\/uploads\/2023\/12\/best-comfort-dog-beds.webp\",\"width\":1000,\"height\":1000,\"caption\":\"best comfort dog beds\"},{\"@type\":\"BreadcrumbList\",\"@id\":\"https:\/\/petproducts.com.cn\/product\/best-comfort-dog-beds-durable-sofa-dog-bed\/#breadcrumb\",\"itemListElement\":[{\"@type\":\"ListItem\",\"position\":1,\"name\":\"HOME\",\"item\":\"https:\/\/petproducts.com.cn\/\"},{\"@type\":\"ListItem\",\"position\":2,\"name\":\"Products\",\"item\":\"https:\/\/petproducts.com.cn\/shop\/\"},{\"@type\":\"ListItem\",\"position\":3,\"name\":\"Dog Beds\",\"item\":\"https:\/\/petproducts.com.cn\/product-category\/dog-beds\/\"},{\"@type\":\"ListItem\",\"position\":4,\"name\":\"Best Comfort Dog Beds Durable Sofa Dog Bed\"}]},{\"@type\":\"WebSite\",\"@id\":\"https:\/\/petproducts.com.cn\/#website\",\"url\":\"https:\/\/petproducts.com.cn\/\",\"name\":\"Petstar\",\"description\":\"Leading Pet Supplies Manufacturer &amp; OEM Pet Products Supplier\",\"publisher\":{\"@id\":\"https:\/\/petproducts.com.cn\/#organization\"},\"alternateName\":\"Petstar Pet Supplies\",\"potentialAction\":[{\"@type\":\"SearchAction\",\"target\":{\"@type\":\"EntryPoint\",\"urlTemplate\":\"https:\/\/petproducts.com.cn\/?s={search_term_string}\"},\"query-input\":{\"@type\":\"PropertyValueSpecification\",\"valueRequired\":true,\"valueName\":\"search_term_string\"}}],\"inLanguage\":\"de\"},{\"@type\":\"Organization\",\"@id\":\"https:\/\/petproducts.com.cn\/#organization\",\"name\":\"Petstar\",\"url\":\"https:\/\/petproducts.com.cn\/\",\"logo\":{\"@type\":\"ImageObject\",\"inLanguage\":\"de\",\"@id\":\"https:\/\/petproducts.com.cn\/#\/schema\/logo\/image\/\",\"url\":\"https:\/\/petproducts.com.cn\/wp-content\/uploads\/2020\/02\/petstar-logo.webp\",\"contentUrl\":\"https:\/\/petproducts.com.cn\/wp-content\/uploads\/2020\/02\/petstar-logo.webp\",\"width\":779,\"height\":520,\"caption\":\"Petstar\"},\"image\":{\"@id\":\"https:\/\/petproducts.com.cn\/#\/schema\/logo\/image\/\"}}]}<\/script>\n<!-- \/ Yoast SEO plugin. -->","yoast_head_json":{"title":"Beste Komfort Hundebetten | Custom Sofa Hundebett - Petstar","description":"Entdecken Sie die besten Komfort-Hundebetten, Sofa-Hundebett, langlebige Hundebetten vom Hersteller. Ihre ideale Business-L\u00f6sung mit Petstar.","robots":{"index":"index","follow":"follow","max-snippet":"max-snippet:-1","max-image-preview":"max-image-preview:large","max-video-preview":"max-video-preview:-1"},"canonical":"https:\/\/petproducts.com.cn\/de\/produkt\/best-comfort-dog-beds-durable-sofa-dog-bed\/","og_locale":"de_DE","og_type":"article","og_title":"Best Comfort Dog Beds | Custom Sofa Dog Bed - Petstar","og_description":"Explore best comfort dog beds, sofa dog bed, durable dog beds from the manufacturer. Your ideal business solution with Petstar.","og_url":"https:\/\/petproducts.com.cn\/de\/produkt\/best-comfort-dog-beds-durable-sofa-dog-bed\/","og_site_name":"Petstar","article_modified_time":"2023-12-20T06:42:59+00:00","og_image":[{"width":1000,"height":1000,"url":"https:\/\/petproducts.com.cn\/wp-content\/uploads\/2023\/12\/best-comfort-dog-beds.webp","type":"image\/webp"}],"twitter_card":"summary_large_image","twitter_misc":{"Gesch\u00e4tzte Lesezeit":"2\u00a0Minuten"},"schema":{"@context":"https:\/\/schema.org","@graph":[{"@type":"WebPage","@id":"https:\/\/petproducts.com.cn\/product\/best-comfort-dog-beds-durable-sofa-dog-bed\/","url":"https:\/\/petproducts.com.cn\/product\/best-comfort-dog-beds-durable-sofa-dog-bed\/","name":"Beste Komfort Hundebetten | Custom Sofa Hundebett - Petstar","isPartOf":{"@id":"https:\/\/petproducts.com.cn\/#website"},"primaryImageOfPage":{"@id":"https:\/\/petproducts.com.cn\/product\/best-comfort-dog-beds-durable-sofa-dog-bed\/#primaryimage"},"image":{"@id":"https:\/\/petproducts.com.cn\/product\/best-comfort-dog-beds-durable-sofa-dog-bed\/#primaryimage"},"thumbnailUrl":"https:\/\/petproducts.com.cn\/wp-content\/uploads\/2023\/12\/best-comfort-dog-beds.webp","datePublished":"2023-12-20T06:11:19+00:00","dateModified":"2023-12-20T06:42:59+00:00","description":"Entdecken Sie die besten Komfort-Hundebetten, Sofa-Hundebett, langlebige Hundebetten vom Hersteller. Ihre ideale Business-L\u00f6sung mit Petstar.","breadcrumb":{"@id":"https:\/\/petproducts.com.cn\/product\/best-comfort-dog-beds-durable-sofa-dog-bed\/#breadcrumb"},"inLanguage":"de","potentialAction":[{"@type":"ReadAction","target":["https:\/\/petproducts.com.cn\/product\/best-comfort-dog-beds-durable-sofa-dog-bed\/"]}]},{"@type":"ImageObject","inLanguage":"de","@id":"https:\/\/petproducts.com.cn\/product\/best-comfort-dog-beds-durable-sofa-dog-bed\/#primaryimage","url":"https:\/\/petproducts.com.cn\/wp-content\/uploads\/2023\/12\/best-comfort-dog-beds.webp","contentUrl":"https:\/\/petproducts.com.cn\/wp-content\/uploads\/2023\/12\/best-comfort-dog-beds.webp","width":1000,"height":1000,"caption":"best comfort dog beds"},{"@type":"BreadcrumbList","@id":"https:\/\/petproducts.com.cn\/product\/best-comfort-dog-beds-durable-sofa-dog-bed\/#breadcrumb","itemListElement":[{"@type":"ListItem","position":1,"name":"HOME","item":"https:\/\/petproducts.com.cn\/"},{"@type":"ListItem","position":2,"name":"Products","item":"https:\/\/petproducts.com.cn\/shop\/"},{"@type":"ListItem","position":3,"name":"Dog Beds","item":"https:\/\/petproducts.com.cn\/product-category\/dog-beds\/"},{"@type":"ListItem","position":4,"name":"Best Comfort Dog Beds Durable Sofa Dog Bed"}]},{"@type":"WebSite","@id":"https:\/\/petproducts.com.cn\/#website","url":"https:\/\/petproducts.com.cn\/","name":"Petstar","description":"F\u00fchrender Hersteller von Heimtierbedarf und OEM-Lieferant von Heimtierprodukten","publisher":{"@id":"https:\/\/petproducts.com.cn\/#organization"},"alternateName":"Petstar Pet Supplies","potentialAction":[{"@type":"SearchAction","target":{"@type":"EntryPoint","urlTemplate":"https:\/\/petproducts.com.cn\/?s={search_term_string}"},"query-input":{"@type":"PropertyValueSpecification","valueRequired":true,"valueName":"search_term_string"}}],"inLanguage":"de"},{"@type":"Organization","@id":"https:\/\/petproducts.com.cn\/#organization","name":"Petstar","url":"https:\/\/petproducts.com.cn\/","logo":{"@type":"ImageObject","inLanguage":"de","@id":"https:\/\/petproducts.com.cn\/#\/schema\/logo\/image\/","url":"https:\/\/petproducts.com.cn\/wp-content\/uploads\/2020\/02\/petstar-logo.webp","contentUrl":"https:\/\/petproducts.com.cn\/wp-content\/uploads\/2020\/02\/petstar-logo.webp","width":779,"height":520,"caption":"Petstar"},"image":{"@id":"https:\/\/petproducts.com.cn\/#\/schema\/logo\/image\/"}}]}},"_links":{"self":[{"href":"https:\/\/petproducts.com.cn\/de\/wp-json\/wp\/v2\/product\/17794","targetHints":{"allow":["GET"]}}],"collection":[{"href":"https:\/\/petproducts.com.cn\/de\/wp-json\/wp\/v2\/product"}],"about":[{"href":"https:\/\/petproducts.com.cn\/de\/wp-json\/wp\/v2\/types\/product"}],"version-history":[{"count":2,"href":"https:\/\/petproducts.com.cn\/de\/wp-json\/wp\/v2\/product\/17794\/revisions"}],"predecessor-version":[{"id":17802,"href":"https:\/\/petproducts.com.cn\/de\/wp-json\/wp\/v2\/product\/17794\/revisions\/17802"}],"wp:featuredmedia":[{"embeddable":true,"href":"https:\/\/petproducts.com.cn\/de\/wp-json\/wp\/v2\/media\/17795"}],"wp:attachment":[{"href":"https:\/\/petproducts.com.cn\/de\/wp-json\/wp\/v2\/media?parent=17794"}],"wp:term":[{"taxonomy":"product_brand","embeddable":true,"href":"https:\/\/petproducts.com.cn\/de\/wp-json\/wp\/v2\/product_brand?post=17794"},{"taxonomy":"product_cat","embeddable":true,"href":"https:\/\/petproducts.com.cn\/de\/wp-json\/wp\/v2\/product_cat?post=17794"},{"taxonomy":"product_tag","embeddable":true,"href":"https:\/\/petproducts.com.cn\/de\/wp-json\/wp\/v2\/product_tag?post=17794"}],"curies":[{"name":"wp","href":"https:\/\/api.w.org\/{rel}","templated":true}]}}