{"id":17924,"date":"2023-12-20T09:00:56","date_gmt":"2023-12-20T09:00:56","guid":{"rendered":"https:\/\/petproducts.com.cn\/?post_type=product&#038;p=17924"},"modified":"2023-12-20T09:07:23","modified_gmt":"2023-12-20T09:07:23","slug":"customize-durable-soft-dog-raccoon-toys","status":"publish","type":"product","link":"https:\/\/petproducts.com.cn\/de\/product\/customize-durable-soft-dog-raccoon-toys\/","title":{"rendered":"Passen Sie langlebiges, weiches Waschb\u00e4rspielzeug f\u00fcr Hunde an"},"content":{"rendered":"<h1><strong>Customize Durable Soft Dog Raccoon Toys by PetStar<\/strong><\/h1>\n<p>Embark on a journey with PetStar, your trusted source for durable soft dog toys, offering the perfect blend of fun, durability, and safety. Moreover ,explore the advantages of our innovative and stuffing-free design, providing pets with engaging playtime experiences.<\/p>\n<p>Explore the Distinctive World of PetStar, a Leading Dog Toys Manufacturer . Boasting an extensive selection of over 30,000 thoughtfully curated items, our mission is to enhance your pet&#8217;s happiness. Take advantage of our premium services, encompassing OEM\/ODM options for tailored products, design expertise for both creative and safe toys, and sourcing solutions that guarantee quality and responsibility.<\/p>\n<div class=\"elementor-element elementor-element-a7c4552 elementor-widget elementor-widget-text-editor\" data-id=\"a7c4552\" data-element_type=\"widget\" data-widget_type=\"text-editor.default\">\n<div class=\"elementor-widget-container\">\n<div class=\"elementor-element elementor-element-d9b9340 elementor-widget elementor-widget-heading\" data-id=\"d9b9340\" data-element_type=\"widget\" data-widget_type=\"heading.default\">\n<div class=\"elementor-widget-container\">\n<div class=\"flex-1 overflow-hidden\">\n<div class=\"react-scroll-to-bottom--css-exppp-79elbk h-full\">\n<div class=\"react-scroll-to-bottom--css-exppp-1n7m0yu\">\n<div class=\"flex flex-col pb-9 text-sm\">\n<div class=\"w-full text-token-text-primary\" data-testid=\"conversation-turn-7\">\n<div class=\"px-4 py-2 justify-center text-base md:gap-6 m-auto\">\n<div class=\"flex flex-1 text-base mx-auto gap-3 md:px-5 lg:px-1 xl:px-5 md:max-w-3xl lg:max-w-[40rem] xl:max-w-[48rem] group final-completion\">\n<div class=\"relative flex w-full flex-col lg:w-[calc(100%-115px)] agent-turn\">\n<div class=\"flex-col gap-1 md:gap-3\">\n<div class=\"flex flex-grow flex-col max-w-full\">\n<div class=\"min-h-[20px] text-message flex flex-col items-start gap-3 whitespace-pre-wrap break-words [.text-message+&amp;]:mt-5 overflow-x-auto\" data-message-author-role=\"assistant\" data-message-id=\"d72ebca4-b876-462d-8a2c-dcb550962104\">\n<div class=\"markdown prose w-full break-words dark:prose-invert dark\">\n<p><strong>Our Advantages:<\/strong><\/p>\n<\/div>\n<\/div>\n<\/div>\n<\/div>\n<\/div>\n<\/div>\n<\/div>\n<\/div>\n<\/div>\n<\/div>\n<\/div>\n<\/div>\n<\/div>\n<\/div>\n<\/div>\n<\/div>\n<section class=\"elementor-section elementor-inner-section elementor-element elementor-element-f60d551 elementor-section-boxed elementor-section-height-default elementor-section-height-default\" data-id=\"f60d551\" data-element_type=\"section\">\n<div class=\"elementor-container elementor-column-gap-default\">\n<div class=\"elementor-column elementor-col-25 elementor-inner-column elementor-element elementor-element-ddcc331\" data-id=\"ddcc331\" data-element_type=\"column\">\n<div class=\"elementor-widget-wrap elementor-element-populated\">\n<div class=\"elementor-element elementor-element-7813d2a elementor-widget elementor-widget-image\" data-id=\"7813d2a\" data-element_type=\"widget\" data-widget_type=\"image.default\">\n<div class=\"flex-1 overflow-hidden\">\n<div class=\"react-scroll-to-bottom--css-oadpv-79elbk h-full\">\n<div class=\"react-scroll-to-bottom--css-oadpv-1n7m0yu\">\n<div class=\"flex flex-col pb-9 text-sm\">\n<div class=\"w-full text-token-text-primary\" data-testid=\"conversation-turn-35\">\n<div class=\"px-4 py-2 justify-center text-base md:gap-6 m-auto\">\n<div class=\"flex flex-1 text-base mx-auto gap-3 md:px-5 lg:px-1 xl:px-5 md:max-w-3xl lg:max-w-[40rem] xl:max-w-[48rem] group final-completion\">\n<div class=\"relative flex w-full flex-col lg:w-[calc(100%-115px)] agent-turn\">\n<div class=\"flex-col gap-1 md:gap-3\">\n<div class=\"flex flex-grow flex-col max-w-full\">\n<div class=\"min-h-[20px] text-message flex flex-col items-start gap-3 whitespace-pre-wrap break-words [.text-message+&amp;]:mt-5 overflow-x-auto\" data-message-author-role=\"assistant\" data-message-id=\"22e07ee2-f82a-4de0-b6bd-7dd64abd24d2\">\n<div class=\"markdown prose w-full break-words dark:prose-invert dark\">\n<ol>\n<li><strong>Personalized Playtime:<\/strong> Seamlessly transition into personalized play with PetStar&#8217;s dog raccoon toy. Customization options allow you to tailor the toy to your pet&#8217;s unique preferences, ensuring a truly individualized and engaging playtime.<\/li>\n<li><strong>Durable Softness Unleashed:<\/strong> PetStar strikes the perfect balance between durability and softness. Our customized raccoon toys boast a durable construction that withstands rigorous play while maintaining a plush softness that your pet will find irresistibly comforting.<\/li>\n<li><strong>Tailor-Made Design Excellence:<\/strong> The customizable feature extends beyond colors and patterns. Moreover PetStar&#8217;s design excellence allows you to tailor the size and features of the raccoon toy, ensuring a perfect fit for your pet&#8217;s size, play style, and preferences.<\/li>\n<li><strong>Versatile Personalization:<\/strong> Whether your pet enjoys a squeaky surprise, a rope tail for tug-of-war, or a cuddly companion, PetStar&#8217;s customizable raccoon toys offer versatile personalization to cater to various play preferences.<\/li>\n<\/ol>\n<p>Choose PetStar for the epitome of personalized playtime\u2014where durability meets softness, and customization transforms ordinary toys into cherished companions for your furry friend&#8217;s joyous moments.<\/p>\n<\/div>\n<\/div>\n<\/div>\n<\/div>\n<\/div>\n<\/div>\n<\/div>\n<\/div>\n<\/div>\n<\/div>\n<\/div>\n<\/div>\n<\/div>\n<\/div>\n<\/div>\n<\/div>\n<\/section>\n","protected":false},"excerpt":{"rendered":"<p>Wir sind ein Hersteller von Hundespielzeug mit mehr als 20 Jahren Erfahrung. Wir bieten Anpassungsm\u00f6glichkeiten f\u00fcr Farbe, Gr\u00f6\u00dfe, Stoff, Muster, Logo und andere Merkmale.<\/p>","protected":false},"featured_media":17926,"template":"","meta":{"_acf_changed":false},"product_brand":[],"product_cat":[72,48],"product_tag":[85],"class_list":{"0":"post-17924","1":"product","2":"type-product","3":"status-publish","4":"has-post-thumbnail","6":"product_cat-dog-supplies","7":"product_cat-dog-toys","8":"product_tag-dog-toys","10":"first","11":"instock","12":"shipping-taxable","13":"product-type-simple"},"acf":[],"yoast_head":"<!-- This site is optimized with the Yoast SEO plugin v27.1.1 - https:\/\/yoast.com\/product\/yoast-seo-wordpress\/ -->\n<title>durable soft dog toys manufacturer - Petstar<\/title>\n<meta name=\"description\" content=\"Explore dog rope chew toys,durable soft dog toys, interactive dog toys from the manufacturer. Your ideal business solution with Petstar.\" \/>\n<meta name=\"robots\" content=\"index, follow, max-snippet:-1, max-image-preview:large, max-video-preview:-1\" \/>\n<link rel=\"canonical\" href=\"https:\/\/petproducts.com.cn\/de\/produkt\/customize-durable-soft-dog-raccoon-toys\/\" \/>\n<meta property=\"og:locale\" content=\"de_DE\" \/>\n<meta property=\"og:type\" content=\"article\" \/>\n<meta property=\"og:title\" content=\"durable soft dog toys manufacturer - Petstar\" \/>\n<meta property=\"og:description\" content=\"Explore dog rope chew toys,durable soft dog toys, interactive dog toys from the manufacturer. Your ideal business solution with Petstar.\" \/>\n<meta property=\"og:url\" content=\"https:\/\/petproducts.com.cn\/de\/produkt\/customize-durable-soft-dog-raccoon-toys\/\" \/>\n<meta property=\"og:site_name\" content=\"Petstar\" \/>\n<meta property=\"article:modified_time\" content=\"2023-12-20T09:07:23+00:00\" \/>\n<meta property=\"og:image\" content=\"https:\/\/petproducts.com.cn\/wp-content\/uploads\/2023\/12\/durable-soft-dog-toys.webp\" \/>\n\t<meta property=\"og:image:width\" content=\"800\" \/>\n\t<meta property=\"og:image:height\" content=\"800\" \/>\n\t<meta property=\"og:image:type\" content=\"image\/webp\" \/>\n<meta name=\"twitter:card\" content=\"summary_large_image\" \/>\n<meta name=\"twitter:label1\" content=\"Gesch\u00e4tzte Lesezeit\" \/>\n\t<meta name=\"twitter:data1\" content=\"2\u00a0Minuten\" \/>\n<script type=\"application\/ld+json\" class=\"yoast-schema-graph\">{\"@context\":\"https:\/\/schema.org\",\"@graph\":[{\"@type\":\"WebPage\",\"@id\":\"https:\/\/petproducts.com.cn\/product\/customize-durable-soft-dog-raccoon-toys\/\",\"url\":\"https:\/\/petproducts.com.cn\/product\/customize-durable-soft-dog-raccoon-toys\/\",\"name\":\"durable soft dog toys manufacturer - Petstar\",\"isPartOf\":{\"@id\":\"https:\/\/petproducts.com.cn\/#website\"},\"primaryImageOfPage\":{\"@id\":\"https:\/\/petproducts.com.cn\/product\/customize-durable-soft-dog-raccoon-toys\/#primaryimage\"},\"image\":{\"@id\":\"https:\/\/petproducts.com.cn\/product\/customize-durable-soft-dog-raccoon-toys\/#primaryimage\"},\"thumbnailUrl\":\"https:\/\/petproducts.com.cn\/wp-content\/uploads\/2023\/12\/durable-soft-dog-toys.webp\",\"datePublished\":\"2023-12-20T09:00:56+00:00\",\"dateModified\":\"2023-12-20T09:07:23+00:00\",\"description\":\"Explore dog rope chew toys,durable soft dog toys, interactive dog toys from the manufacturer. Your ideal business solution with Petstar.\",\"breadcrumb\":{\"@id\":\"https:\/\/petproducts.com.cn\/product\/customize-durable-soft-dog-raccoon-toys\/#breadcrumb\"},\"inLanguage\":\"de\",\"potentialAction\":[{\"@type\":\"ReadAction\",\"target\":[\"https:\/\/petproducts.com.cn\/product\/customize-durable-soft-dog-raccoon-toys\/\"]}]},{\"@type\":\"ImageObject\",\"inLanguage\":\"de\",\"@id\":\"https:\/\/petproducts.com.cn\/product\/customize-durable-soft-dog-raccoon-toys\/#primaryimage\",\"url\":\"https:\/\/petproducts.com.cn\/wp-content\/uploads\/2023\/12\/durable-soft-dog-toys.webp\",\"contentUrl\":\"https:\/\/petproducts.com.cn\/wp-content\/uploads\/2023\/12\/durable-soft-dog-toys.webp\",\"width\":800,\"height\":800,\"caption\":\"durable soft dog toys\"},{\"@type\":\"BreadcrumbList\",\"@id\":\"https:\/\/petproducts.com.cn\/product\/customize-durable-soft-dog-raccoon-toys\/#breadcrumb\",\"itemListElement\":[{\"@type\":\"ListItem\",\"position\":1,\"name\":\"HOME\",\"item\":\"https:\/\/petproducts.com.cn\/\"},{\"@type\":\"ListItem\",\"position\":2,\"name\":\"Products\",\"item\":\"https:\/\/petproducts.com.cn\/shop\/\"},{\"@type\":\"ListItem\",\"position\":3,\"name\":\"Dog Toys\",\"item\":\"https:\/\/petproducts.com.cn\/product-category\/dog-toys\/\"},{\"@type\":\"ListItem\",\"position\":4,\"name\":\"Customize Durable Soft Dog Raccoon Toys\"}]},{\"@type\":\"WebSite\",\"@id\":\"https:\/\/petproducts.com.cn\/#website\",\"url\":\"https:\/\/petproducts.com.cn\/\",\"name\":\"Petstar\",\"description\":\"Leading Pet Supplies Manufacturer &amp; OEM Pet Products Supplier\",\"publisher\":{\"@id\":\"https:\/\/petproducts.com.cn\/#organization\"},\"alternateName\":\"Petstar Pet Supplies\",\"potentialAction\":[{\"@type\":\"SearchAction\",\"target\":{\"@type\":\"EntryPoint\",\"urlTemplate\":\"https:\/\/petproducts.com.cn\/?s={search_term_string}\"},\"query-input\":{\"@type\":\"PropertyValueSpecification\",\"valueRequired\":true,\"valueName\":\"search_term_string\"}}],\"inLanguage\":\"de\"},{\"@type\":\"Organization\",\"@id\":\"https:\/\/petproducts.com.cn\/#organization\",\"name\":\"Petstar\",\"url\":\"https:\/\/petproducts.com.cn\/\",\"logo\":{\"@type\":\"ImageObject\",\"inLanguage\":\"de\",\"@id\":\"https:\/\/petproducts.com.cn\/#\/schema\/logo\/image\/\",\"url\":\"https:\/\/petproducts.com.cn\/wp-content\/uploads\/2020\/02\/petstar-logo.webp\",\"contentUrl\":\"https:\/\/petproducts.com.cn\/wp-content\/uploads\/2020\/02\/petstar-logo.webp\",\"width\":779,\"height\":520,\"caption\":\"Petstar\"},\"image\":{\"@id\":\"https:\/\/petproducts.com.cn\/#\/schema\/logo\/image\/\"}}]}<\/script>\n<!-- \/ Yoast SEO plugin. -->","yoast_head_json":{"title":"Hersteller von langlebigen weichen Hundespielzeugen - Petstar","description":"Entdecken Sie Hundeseil Kauspielzeug, langlebige weiche Hundespielzeug, interaktive Hundespielzeug vom Hersteller. Ihre ideale Gesch\u00e4ftsl\u00f6sung mit Petstar.","robots":{"index":"index","follow":"follow","max-snippet":"max-snippet:-1","max-image-preview":"max-image-preview:large","max-video-preview":"max-video-preview:-1"},"canonical":"https:\/\/petproducts.com.cn\/de\/produkt\/customize-durable-soft-dog-raccoon-toys\/","og_locale":"de_DE","og_type":"article","og_title":"durable soft dog toys manufacturer - Petstar","og_description":"Explore dog rope chew toys,durable soft dog toys, interactive dog toys from the manufacturer. Your ideal business solution with Petstar.","og_url":"https:\/\/petproducts.com.cn\/de\/produkt\/customize-durable-soft-dog-raccoon-toys\/","og_site_name":"Petstar","article_modified_time":"2023-12-20T09:07:23+00:00","og_image":[{"width":800,"height":800,"url":"https:\/\/petproducts.com.cn\/wp-content\/uploads\/2023\/12\/durable-soft-dog-toys.webp","type":"image\/webp"}],"twitter_card":"summary_large_image","twitter_misc":{"Gesch\u00e4tzte Lesezeit":"2\u00a0Minuten"},"schema":{"@context":"https:\/\/schema.org","@graph":[{"@type":"WebPage","@id":"https:\/\/petproducts.com.cn\/product\/customize-durable-soft-dog-raccoon-toys\/","url":"https:\/\/petproducts.com.cn\/product\/customize-durable-soft-dog-raccoon-toys\/","name":"Hersteller von langlebigen weichen Hundespielzeugen - Petstar","isPartOf":{"@id":"https:\/\/petproducts.com.cn\/#website"},"primaryImageOfPage":{"@id":"https:\/\/petproducts.com.cn\/product\/customize-durable-soft-dog-raccoon-toys\/#primaryimage"},"image":{"@id":"https:\/\/petproducts.com.cn\/product\/customize-durable-soft-dog-raccoon-toys\/#primaryimage"},"thumbnailUrl":"https:\/\/petproducts.com.cn\/wp-content\/uploads\/2023\/12\/durable-soft-dog-toys.webp","datePublished":"2023-12-20T09:00:56+00:00","dateModified":"2023-12-20T09:07:23+00:00","description":"Entdecken Sie Hundeseil Kauspielzeug, langlebige weiche Hundespielzeug, interaktive Hundespielzeug vom Hersteller. Ihre ideale Gesch\u00e4ftsl\u00f6sung mit Petstar.","breadcrumb":{"@id":"https:\/\/petproducts.com.cn\/product\/customize-durable-soft-dog-raccoon-toys\/#breadcrumb"},"inLanguage":"de","potentialAction":[{"@type":"ReadAction","target":["https:\/\/petproducts.com.cn\/product\/customize-durable-soft-dog-raccoon-toys\/"]}]},{"@type":"ImageObject","inLanguage":"de","@id":"https:\/\/petproducts.com.cn\/product\/customize-durable-soft-dog-raccoon-toys\/#primaryimage","url":"https:\/\/petproducts.com.cn\/wp-content\/uploads\/2023\/12\/durable-soft-dog-toys.webp","contentUrl":"https:\/\/petproducts.com.cn\/wp-content\/uploads\/2023\/12\/durable-soft-dog-toys.webp","width":800,"height":800,"caption":"durable soft dog toys"},{"@type":"BreadcrumbList","@id":"https:\/\/petproducts.com.cn\/product\/customize-durable-soft-dog-raccoon-toys\/#breadcrumb","itemListElement":[{"@type":"ListItem","position":1,"name":"HOME","item":"https:\/\/petproducts.com.cn\/"},{"@type":"ListItem","position":2,"name":"Products","item":"https:\/\/petproducts.com.cn\/shop\/"},{"@type":"ListItem","position":3,"name":"Dog Toys","item":"https:\/\/petproducts.com.cn\/product-category\/dog-toys\/"},{"@type":"ListItem","position":4,"name":"Customize Durable Soft Dog Raccoon Toys"}]},{"@type":"WebSite","@id":"https:\/\/petproducts.com.cn\/#website","url":"https:\/\/petproducts.com.cn\/","name":"Petstar","description":"F\u00fchrender Hersteller von Heimtierbedarf und OEM-Lieferant von Heimtierprodukten","publisher":{"@id":"https:\/\/petproducts.com.cn\/#organization"},"alternateName":"Petstar Pet Supplies","potentialAction":[{"@type":"SearchAction","target":{"@type":"EntryPoint","urlTemplate":"https:\/\/petproducts.com.cn\/?s={search_term_string}"},"query-input":{"@type":"PropertyValueSpecification","valueRequired":true,"valueName":"search_term_string"}}],"inLanguage":"de"},{"@type":"Organization","@id":"https:\/\/petproducts.com.cn\/#organization","name":"Petstar","url":"https:\/\/petproducts.com.cn\/","logo":{"@type":"ImageObject","inLanguage":"de","@id":"https:\/\/petproducts.com.cn\/#\/schema\/logo\/image\/","url":"https:\/\/petproducts.com.cn\/wp-content\/uploads\/2020\/02\/petstar-logo.webp","contentUrl":"https:\/\/petproducts.com.cn\/wp-content\/uploads\/2020\/02\/petstar-logo.webp","width":779,"height":520,"caption":"Petstar"},"image":{"@id":"https:\/\/petproducts.com.cn\/#\/schema\/logo\/image\/"}}]}},"_links":{"self":[{"href":"https:\/\/petproducts.com.cn\/de\/wp-json\/wp\/v2\/product\/17924","targetHints":{"allow":["GET"]}}],"collection":[{"href":"https:\/\/petproducts.com.cn\/de\/wp-json\/wp\/v2\/product"}],"about":[{"href":"https:\/\/petproducts.com.cn\/de\/wp-json\/wp\/v2\/types\/product"}],"version-history":[{"count":1,"href":"https:\/\/petproducts.com.cn\/de\/wp-json\/wp\/v2\/product\/17924\/revisions"}],"predecessor-version":[{"id":17928,"href":"https:\/\/petproducts.com.cn\/de\/wp-json\/wp\/v2\/product\/17924\/revisions\/17928"}],"wp:featuredmedia":[{"embeddable":true,"href":"https:\/\/petproducts.com.cn\/de\/wp-json\/wp\/v2\/media\/17926"}],"wp:attachment":[{"href":"https:\/\/petproducts.com.cn\/de\/wp-json\/wp\/v2\/media?parent=17924"}],"wp:term":[{"taxonomy":"product_brand","embeddable":true,"href":"https:\/\/petproducts.com.cn\/de\/wp-json\/wp\/v2\/product_brand?post=17924"},{"taxonomy":"product_cat","embeddable":true,"href":"https:\/\/petproducts.com.cn\/de\/wp-json\/wp\/v2\/product_cat?post=17924"},{"taxonomy":"product_tag","embeddable":true,"href":"https:\/\/petproducts.com.cn\/de\/wp-json\/wp\/v2\/product_tag?post=17924"}],"curies":[{"name":"wp","href":"https:\/\/api.w.org\/{rel}","templated":true}]}}