{"id":18168,"date":"2023-12-25T06:33:34","date_gmt":"2023-12-25T06:33:34","guid":{"rendered":"https:\/\/petproducts.com.cn\/?post_type=product&#038;p=18168"},"modified":"2023-12-25T06:46:40","modified_gmt":"2023-12-25T06:46:40","slug":"modern-pet-bed-fuzzy-dog-sleep-beds","status":"publish","type":"product","link":"https:\/\/petproducts.com.cn\/de\/product\/modern-pet-bed-fuzzy-dog-sleep-beds\/","title":{"rendered":"Modern Pet Bed Fuzzy Dog Sleep Beds"},"content":{"rendered":"<h2>Eigenschaften von Modern Pet Bed<\/h2>\n<ol>\n<li><strong>Hochwertiger PV-Pl\u00fcsch-Stoff:<\/strong> Verw\u00f6hnen Sie Ihr Haustier mit dem luxuri\u00f6sen Gef\u00fchl unseres modernen Haustierbetts aus Premium-PV-Pl\u00fcsch. Dieses hochwertige Material sorgt nicht nur f\u00fcr eine weiche und sanfte Oberfl\u00e4che, sondern auch f\u00fcr Langlebigkeit und verspricht einen lang anhaltenden R\u00fcckzugsort f\u00fcr Ihren pelzigen Freund. Erleben Sie bei jedem Schl\u00e4fchen den Genuss von erstklassigem Komfort.<\/li>\n<li><strong>Gesteppte zottelige Textur:<\/strong> Erh\u00f6hen Sie das Liegeerlebnis Ihres Haustiers mit der gesteppten Zottelstruktur. Dieses einzigartige Design verleiht dem Bett nicht nur einen Hauch von Raffinesse, sondern schafft auch einen gem\u00fctlichen R\u00fcckzugsort. Ihr Haustier wird sich an dem weichen Material erfreuen und bei jeder Ruhephase in eine Welt der W\u00e4rme und Entspannung eintauchen.<\/li>\n<li><strong>W\u00e4rme und Komfort:<\/strong> Unser Bett f\u00fcr Haustiere wurde sorgf\u00e4ltig hergestellt, um unvergleichliche W\u00e4rme und Komfort zu bieten. Es ist mehr als nur ein Bett - es ist ein Zufluchtsort, an dem sich Ihr Haustier entspannen kann und der ihm ein Gef\u00fchl von Sicherheit und Wohlbefinden vermittelt. Lassen Sie Ihren pelzigen Freund ein Ma\u00df an Komfort erleben, das \u00fcber das Gew\u00f6hnliche hinausgeht.<\/li>\n<li><strong>Ideal f\u00fcr kleine Katzen und Hunde:<\/strong> Dieses perfekt zugeschnittene Haustierbett hat die ideale Gr\u00f6\u00dfe f\u00fcr kleine Katzen und Hunde. Geben Sie Ihren Haustieren einen kuscheligen und sicheren Platz, an dem sie sich zusammenrollen und Momente der Entspannung genie\u00dfen k\u00f6nnen. Es ist der perfekte R\u00fcckzugsort f\u00fcr Ihre kleinen Gef\u00e4hrten.<\/li>\n<li><strong>Non-Slip Bottom:<\/strong> Verabschieden Sie sich von der Angst vor dem Rutschen und Verrutschen! Die rutschfeste Unterseite sorgt daf\u00fcr, dass das Bett auch bei den spielerischsten Aktionen fest an seinem Platz bleibt. Ihre Haustiere k\u00f6nnen ungest\u00f6rt toben und sich w\u00e4lzen und genie\u00dfen einen stabilen und sicheren Liegeplatz.<\/li>\n<\/ol>","protected":false},"excerpt":{"rendered":"<p>Wir sind ein Hersteller von Haustierbetten mit mehr als 20 Jahren Erfahrung. Wir bieten Anpassungsm\u00f6glichkeiten f\u00fcr Farbe, Gr\u00f6\u00dfe, Stoff, Muster, Logo und andere Merkmale.<\/p>","protected":false},"featured_media":18189,"template":"","meta":{"_acf_changed":false},"product_brand":[],"product_cat":[57,72],"product_tag":[75],"class_list":{"0":"post-18168","1":"product","2":"type-product","3":"status-publish","4":"has-post-thumbnail","6":"product_cat-dog-beds","7":"product_cat-dog-supplies","8":"product_tag-dog-beds","10":"first","11":"instock","12":"shipping-taxable","13":"product-type-simple"},"acf":[],"yoast_head":"<!-- This site is optimized with the Yoast SEO plugin v27.1.1 - https:\/\/yoast.com\/product\/yoast-seo-wordpress\/ -->\n<title>Modern Pet Bed | Custom Dog Sleep Beds - Petstar<\/title>\n<meta name=\"description\" content=\"Explore modern pet bed, dog sleep bed, custom fuzzy dog beds from the manufacturer. Your ideal business solution with Petstar.\" \/>\n<meta name=\"robots\" content=\"index, follow, max-snippet:-1, max-image-preview:large, max-video-preview:-1\" \/>\n<link rel=\"canonical\" href=\"https:\/\/petproducts.com.cn\/de\/produkt\/modern-pet-bed-fuzzy-dog-sleep-beds\/\" \/>\n<meta property=\"og:locale\" content=\"de_DE\" \/>\n<meta property=\"og:type\" content=\"article\" \/>\n<meta property=\"og:title\" content=\"Modern Pet Bed | Custom Dog Sleep Beds - Petstar\" \/>\n<meta property=\"og:description\" content=\"Explore modern pet bed, dog sleep bed, custom fuzzy dog beds from the manufacturer. Your ideal business solution with Petstar.\" \/>\n<meta property=\"og:url\" content=\"https:\/\/petproducts.com.cn\/de\/produkt\/modern-pet-bed-fuzzy-dog-sleep-beds\/\" \/>\n<meta property=\"og:site_name\" content=\"Petstar\" \/>\n<meta property=\"article:modified_time\" content=\"2023-12-25T06:46:40+00:00\" \/>\n<meta property=\"og:image\" content=\"https:\/\/petproducts.com.cn\/wp-content\/uploads\/2023\/12\/modern-pet-bed.webp\" \/>\n\t<meta property=\"og:image:width\" content=\"1000\" \/>\n\t<meta property=\"og:image:height\" content=\"1000\" \/>\n\t<meta property=\"og:image:type\" content=\"image\/webp\" \/>\n<meta name=\"twitter:card\" content=\"summary_large_image\" \/>\n<meta name=\"twitter:label1\" content=\"Gesch\u00e4tzte Lesezeit\" \/>\n\t<meta name=\"twitter:data1\" content=\"2\u00a0Minuten\" \/>\n<script type=\"application\/ld+json\" class=\"yoast-schema-graph\">{\"@context\":\"https:\/\/schema.org\",\"@graph\":[{\"@type\":\"WebPage\",\"@id\":\"https:\/\/petproducts.com.cn\/product\/modern-pet-bed-fuzzy-dog-sleep-beds\/\",\"url\":\"https:\/\/petproducts.com.cn\/product\/modern-pet-bed-fuzzy-dog-sleep-beds\/\",\"name\":\"Modern Pet Bed | Custom Dog Sleep Beds - Petstar\",\"isPartOf\":{\"@id\":\"https:\/\/petproducts.com.cn\/#website\"},\"primaryImageOfPage\":{\"@id\":\"https:\/\/petproducts.com.cn\/product\/modern-pet-bed-fuzzy-dog-sleep-beds\/#primaryimage\"},\"image\":{\"@id\":\"https:\/\/petproducts.com.cn\/product\/modern-pet-bed-fuzzy-dog-sleep-beds\/#primaryimage\"},\"thumbnailUrl\":\"https:\/\/petproducts.com.cn\/wp-content\/uploads\/2023\/12\/modern-pet-bed.webp\",\"datePublished\":\"2023-12-25T06:33:34+00:00\",\"dateModified\":\"2023-12-25T06:46:40+00:00\",\"description\":\"Explore modern pet bed, dog sleep bed, custom fuzzy dog beds from the manufacturer. Your ideal business solution with Petstar.\",\"breadcrumb\":{\"@id\":\"https:\/\/petproducts.com.cn\/product\/modern-pet-bed-fuzzy-dog-sleep-beds\/#breadcrumb\"},\"inLanguage\":\"de\",\"potentialAction\":[{\"@type\":\"ReadAction\",\"target\":[\"https:\/\/petproducts.com.cn\/product\/modern-pet-bed-fuzzy-dog-sleep-beds\/\"]}]},{\"@type\":\"ImageObject\",\"inLanguage\":\"de\",\"@id\":\"https:\/\/petproducts.com.cn\/product\/modern-pet-bed-fuzzy-dog-sleep-beds\/#primaryimage\",\"url\":\"https:\/\/petproducts.com.cn\/wp-content\/uploads\/2023\/12\/modern-pet-bed.webp\",\"contentUrl\":\"https:\/\/petproducts.com.cn\/wp-content\/uploads\/2023\/12\/modern-pet-bed.webp\",\"width\":1000,\"height\":1000,\"caption\":\"modern pet bed\"},{\"@type\":\"BreadcrumbList\",\"@id\":\"https:\/\/petproducts.com.cn\/product\/modern-pet-bed-fuzzy-dog-sleep-beds\/#breadcrumb\",\"itemListElement\":[{\"@type\":\"ListItem\",\"position\":1,\"name\":\"HOME\",\"item\":\"https:\/\/petproducts.com.cn\/\"},{\"@type\":\"ListItem\",\"position\":2,\"name\":\"Products\",\"item\":\"https:\/\/petproducts.com.cn\/shop\/\"},{\"@type\":\"ListItem\",\"position\":3,\"name\":\"Dog Beds\",\"item\":\"https:\/\/petproducts.com.cn\/product-category\/dog-beds\/\"},{\"@type\":\"ListItem\",\"position\":4,\"name\":\"Modern Pet Bed Fuzzy Dog Sleep Beds\"}]},{\"@type\":\"WebSite\",\"@id\":\"https:\/\/petproducts.com.cn\/#website\",\"url\":\"https:\/\/petproducts.com.cn\/\",\"name\":\"Petstar\",\"description\":\"Leading Pet Supplies Manufacturer &amp; OEM Pet Products Supplier\",\"publisher\":{\"@id\":\"https:\/\/petproducts.com.cn\/#organization\"},\"alternateName\":\"Petstar Pet Supplies\",\"potentialAction\":[{\"@type\":\"SearchAction\",\"target\":{\"@type\":\"EntryPoint\",\"urlTemplate\":\"https:\/\/petproducts.com.cn\/?s={search_term_string}\"},\"query-input\":{\"@type\":\"PropertyValueSpecification\",\"valueRequired\":true,\"valueName\":\"search_term_string\"}}],\"inLanguage\":\"de\"},{\"@type\":\"Organization\",\"@id\":\"https:\/\/petproducts.com.cn\/#organization\",\"name\":\"Petstar\",\"url\":\"https:\/\/petproducts.com.cn\/\",\"logo\":{\"@type\":\"ImageObject\",\"inLanguage\":\"de\",\"@id\":\"https:\/\/petproducts.com.cn\/#\/schema\/logo\/image\/\",\"url\":\"https:\/\/petproducts.com.cn\/wp-content\/uploads\/2020\/02\/petstar-logo.webp\",\"contentUrl\":\"https:\/\/petproducts.com.cn\/wp-content\/uploads\/2020\/02\/petstar-logo.webp\",\"width\":779,\"height\":520,\"caption\":\"Petstar\"},\"image\":{\"@id\":\"https:\/\/petproducts.com.cn\/#\/schema\/logo\/image\/\"}}]}<\/script>\n<!-- \/ Yoast SEO plugin. -->","yoast_head_json":{"title":"Modernes Haustierbett | Individuelle Hundeschlafbetten - Petstar","description":"Entdecken Sie moderne Haustierbett, Hund schlafen Bett, benutzerdefinierte fuzzy Hundebetten vom Hersteller. Ihre ideale Business-L\u00f6sung mit Petstar.","robots":{"index":"index","follow":"follow","max-snippet":"max-snippet:-1","max-image-preview":"max-image-preview:large","max-video-preview":"max-video-preview:-1"},"canonical":"https:\/\/petproducts.com.cn\/de\/produkt\/modern-pet-bed-fuzzy-dog-sleep-beds\/","og_locale":"de_DE","og_type":"article","og_title":"Modern Pet Bed | Custom Dog Sleep Beds - Petstar","og_description":"Explore modern pet bed, dog sleep bed, custom fuzzy dog beds from the manufacturer. Your ideal business solution with Petstar.","og_url":"https:\/\/petproducts.com.cn\/de\/produkt\/modern-pet-bed-fuzzy-dog-sleep-beds\/","og_site_name":"Petstar","article_modified_time":"2023-12-25T06:46:40+00:00","og_image":[{"width":1000,"height":1000,"url":"https:\/\/petproducts.com.cn\/wp-content\/uploads\/2023\/12\/modern-pet-bed.webp","type":"image\/webp"}],"twitter_card":"summary_large_image","twitter_misc":{"Gesch\u00e4tzte Lesezeit":"2\u00a0Minuten"},"schema":{"@context":"https:\/\/schema.org","@graph":[{"@type":"WebPage","@id":"https:\/\/petproducts.com.cn\/product\/modern-pet-bed-fuzzy-dog-sleep-beds\/","url":"https:\/\/petproducts.com.cn\/product\/modern-pet-bed-fuzzy-dog-sleep-beds\/","name":"Modernes Haustierbett | Individuelle Hundeschlafbetten - Petstar","isPartOf":{"@id":"https:\/\/petproducts.com.cn\/#website"},"primaryImageOfPage":{"@id":"https:\/\/petproducts.com.cn\/product\/modern-pet-bed-fuzzy-dog-sleep-beds\/#primaryimage"},"image":{"@id":"https:\/\/petproducts.com.cn\/product\/modern-pet-bed-fuzzy-dog-sleep-beds\/#primaryimage"},"thumbnailUrl":"https:\/\/petproducts.com.cn\/wp-content\/uploads\/2023\/12\/modern-pet-bed.webp","datePublished":"2023-12-25T06:33:34+00:00","dateModified":"2023-12-25T06:46:40+00:00","description":"Entdecken Sie moderne Haustierbett, Hund schlafen Bett, benutzerdefinierte fuzzy Hundebetten vom Hersteller. Ihre ideale Business-L\u00f6sung mit Petstar.","breadcrumb":{"@id":"https:\/\/petproducts.com.cn\/product\/modern-pet-bed-fuzzy-dog-sleep-beds\/#breadcrumb"},"inLanguage":"de","potentialAction":[{"@type":"ReadAction","target":["https:\/\/petproducts.com.cn\/product\/modern-pet-bed-fuzzy-dog-sleep-beds\/"]}]},{"@type":"ImageObject","inLanguage":"de","@id":"https:\/\/petproducts.com.cn\/product\/modern-pet-bed-fuzzy-dog-sleep-beds\/#primaryimage","url":"https:\/\/petproducts.com.cn\/wp-content\/uploads\/2023\/12\/modern-pet-bed.webp","contentUrl":"https:\/\/petproducts.com.cn\/wp-content\/uploads\/2023\/12\/modern-pet-bed.webp","width":1000,"height":1000,"caption":"modern pet bed"},{"@type":"BreadcrumbList","@id":"https:\/\/petproducts.com.cn\/product\/modern-pet-bed-fuzzy-dog-sleep-beds\/#breadcrumb","itemListElement":[{"@type":"ListItem","position":1,"name":"HOME","item":"https:\/\/petproducts.com.cn\/"},{"@type":"ListItem","position":2,"name":"Products","item":"https:\/\/petproducts.com.cn\/shop\/"},{"@type":"ListItem","position":3,"name":"Dog Beds","item":"https:\/\/petproducts.com.cn\/product-category\/dog-beds\/"},{"@type":"ListItem","position":4,"name":"Modern Pet Bed Fuzzy Dog Sleep Beds"}]},{"@type":"WebSite","@id":"https:\/\/petproducts.com.cn\/#website","url":"https:\/\/petproducts.com.cn\/","name":"Petstar","description":"F\u00fchrender Hersteller von Heimtierbedarf und OEM-Lieferant von Heimtierprodukten","publisher":{"@id":"https:\/\/petproducts.com.cn\/#organization"},"alternateName":"Petstar Pet Supplies","potentialAction":[{"@type":"SearchAction","target":{"@type":"EntryPoint","urlTemplate":"https:\/\/petproducts.com.cn\/?s={search_term_string}"},"query-input":{"@type":"PropertyValueSpecification","valueRequired":true,"valueName":"search_term_string"}}],"inLanguage":"de"},{"@type":"Organization","@id":"https:\/\/petproducts.com.cn\/#organization","name":"Petstar","url":"https:\/\/petproducts.com.cn\/","logo":{"@type":"ImageObject","inLanguage":"de","@id":"https:\/\/petproducts.com.cn\/#\/schema\/logo\/image\/","url":"https:\/\/petproducts.com.cn\/wp-content\/uploads\/2020\/02\/petstar-logo.webp","contentUrl":"https:\/\/petproducts.com.cn\/wp-content\/uploads\/2020\/02\/petstar-logo.webp","width":779,"height":520,"caption":"Petstar"},"image":{"@id":"https:\/\/petproducts.com.cn\/#\/schema\/logo\/image\/"}}]}},"_links":{"self":[{"href":"https:\/\/petproducts.com.cn\/de\/wp-json\/wp\/v2\/product\/18168","targetHints":{"allow":["GET"]}}],"collection":[{"href":"https:\/\/petproducts.com.cn\/de\/wp-json\/wp\/v2\/product"}],"about":[{"href":"https:\/\/petproducts.com.cn\/de\/wp-json\/wp\/v2\/types\/product"}],"version-history":[{"count":1,"href":"https:\/\/petproducts.com.cn\/de\/wp-json\/wp\/v2\/product\/18168\/revisions"}],"predecessor-version":[{"id":18191,"href":"https:\/\/petproducts.com.cn\/de\/wp-json\/wp\/v2\/product\/18168\/revisions\/18191"}],"wp:featuredmedia":[{"embeddable":true,"href":"https:\/\/petproducts.com.cn\/de\/wp-json\/wp\/v2\/media\/18189"}],"wp:attachment":[{"href":"https:\/\/petproducts.com.cn\/de\/wp-json\/wp\/v2\/media?parent=18168"}],"wp:term":[{"taxonomy":"product_brand","embeddable":true,"href":"https:\/\/petproducts.com.cn\/de\/wp-json\/wp\/v2\/product_brand?post=18168"},{"taxonomy":"product_cat","embeddable":true,"href":"https:\/\/petproducts.com.cn\/de\/wp-json\/wp\/v2\/product_cat?post=18168"},{"taxonomy":"product_tag","embeddable":true,"href":"https:\/\/petproducts.com.cn\/de\/wp-json\/wp\/v2\/product_tag?post=18168"}],"curies":[{"name":"wp","href":"https:\/\/api.w.org\/{rel}","templated":true}]}}