{"id":19825,"date":"2024-02-18T03:12:59","date_gmt":"2024-02-18T03:12:59","guid":{"rendered":"https:\/\/petproducts.com.cn\/?post_type=product&#038;p=19825"},"modified":"2024-02-18T05:56:39","modified_gmt":"2024-02-18T05:56:39","slug":"best-round-dog-beds-canvas-pet-bed","status":"publish","type":"product","link":"https:\/\/petproducts.com.cn\/de\/product\/best-round-dog-beds-canvas-pet-bed\/","title":{"rendered":"Bestes rundes Hundebett aus Segeltuch"},"content":{"rendered":"<h2>Merkmale der besten runden Hundebetten<\/h2>\n<ol>\n<li><strong>Bohemian Paisley Stil:<\/strong> Verw\u00f6hnen Sie Ihren vierbeinigen Freund mit der lebendigen und vielseitigen Atmosph\u00e4re des b\u00f6hmischen Paisley-Stils. Unsere besten runden Hundebetten zeichnen sich durch einzigartige Designs aus, die von der b\u00f6hmischen \u00c4sthetik inspiriert sind und dem Lebensraum Ihres Haustieres einen Hauch von Pers\u00f6nlichkeit und Flair verleihen. Schaffen Sie eine gem\u00fctliche und stilvolle Ecke, die zu Ihrer Einrichtung passt und gleichzeitig die einzigartige Pers\u00f6nlichkeit Ihres Haustieres widerspiegelt.<\/li>\n<li><strong>Canvas-Stoff Komfort:<\/strong> Verw\u00f6hnen Sie Ihr Haustier mit der Weichheit und Strapazierf\u00e4higkeit von Canvas-Stoff. Unser Canvas-Haustierbett ist aus hochwertigem Canvas-Material gefertigt und bietet Ihrem Haustier eine bequeme und st\u00fctzende Oberfl\u00e4che zum Ausruhen. Investieren Sie in ein Bett, das nicht nur stilvoll aussieht, sondern auch den Komfort und das Wohlbefinden Ihres Haustieres gew\u00e4hrleistet.<\/li>\n<li><strong>Rundbett-Design:<\/strong> Genie\u00dfen Sie das gem\u00fctliche und einladende Design unseres runden Hundebettes. Die runde Form schafft eine kuschelige und sichere Schlafumgebung f\u00fcr Ihr Haustier, in der es sich bequem zusammenrollen und sicher f\u00fchlen kann. Ganz gleich, ob Ihr Haustier sich lieber ausstreckt oder zusammenrollt, unser rundes Bett bietet den perfekten Platz zum Entspannen.<\/li>\n<li><strong>Non-Slip Bottom:<\/strong> Priorisieren Sie die Sicherheit Ihres Haustieres mit der rutschfesten Unterseite unseres runden Haustierbettes aus Canvas. Das rutschfeste Design sorgt daf\u00fcr, dass das Bett auch auf glatten Oberfl\u00e4chen fest an seinem Platz bleibt und Ihrem Haustier eine stabile und bequeme Schlafumgebung bietet. Genie\u00dfen Sie die Gewissheit, dass Ihr vierbeiniger Freund sicher und geborgen ist, w\u00e4hrend er in seinem stilvollen Bett faulenzt.<\/li>\n<\/ol>","protected":false},"excerpt":{"rendered":"<p>Wir sind ein Hersteller von Haustierbetten mit mehr als 20 Jahren Erfahrung. Wir bieten Anpassungsm\u00f6glichkeiten f\u00fcr Farbe, Gr\u00f6\u00dfe, Stoff, Muster, Logo und andere Merkmale.<\/p>","protected":false},"featured_media":19826,"template":"","meta":{"_acf_changed":false},"product_brand":[],"product_cat":[58,71,57,72],"product_tag":[74,75],"class_list":{"0":"post-19825","1":"product","2":"type-product","3":"status-publish","4":"has-post-thumbnail","6":"product_cat-cat-beds","7":"product_cat-cat-supplies","8":"product_cat-dog-beds","9":"product_cat-dog-supplies","10":"product_tag-cat-beds","11":"product_tag-dog-beds","13":"first","14":"instock","15":"shipping-taxable","16":"product-type-simple"},"acf":[],"yoast_head":"<!-- This site is optimized with the Yoast SEO plugin v27.1.1 - https:\/\/yoast.com\/product\/yoast-seo-wordpress\/ -->\n<title>Best Round Dog Beds | Custom Canvas Pet Bed - Petstar<\/title>\n<meta name=\"description\" content=\"Explore best round dog beds, round canvas dog bed, canvas pet bed from the manufacturer. Your ideal business solution with Petstar.\" \/>\n<meta name=\"robots\" content=\"index, follow, max-snippet:-1, max-image-preview:large, max-video-preview:-1\" \/>\n<link rel=\"canonical\" href=\"https:\/\/petproducts.com.cn\/de\/produkt\/best-round-dog-beds-canvas-pet-bed\/\" \/>\n<meta property=\"og:locale\" content=\"de_DE\" \/>\n<meta property=\"og:type\" content=\"article\" \/>\n<meta property=\"og:title\" content=\"Best Round Dog Beds | Custom Canvas Pet Bed - Petstar\" \/>\n<meta property=\"og:description\" content=\"Explore best round dog beds, round canvas dog bed, canvas pet bed from the manufacturer. Your ideal business solution with Petstar.\" \/>\n<meta property=\"og:url\" content=\"https:\/\/petproducts.com.cn\/de\/produkt\/best-round-dog-beds-canvas-pet-bed\/\" \/>\n<meta property=\"og:site_name\" content=\"Petstar\" \/>\n<meta property=\"article:modified_time\" content=\"2024-02-18T05:56:39+00:00\" \/>\n<meta property=\"og:image\" content=\"https:\/\/petproducts.com.cn\/wp-content\/uploads\/2024\/02\/best-round-dog-beds.webp\" \/>\n\t<meta property=\"og:image:width\" content=\"1000\" \/>\n\t<meta property=\"og:image:height\" content=\"1000\" \/>\n\t<meta property=\"og:image:type\" content=\"image\/webp\" \/>\n<meta name=\"twitter:card\" content=\"summary_large_image\" \/>\n<meta name=\"twitter:label1\" content=\"Gesch\u00e4tzte Lesezeit\" \/>\n\t<meta name=\"twitter:data1\" content=\"2\u00a0Minuten\" \/>\n<script type=\"application\/ld+json\" class=\"yoast-schema-graph\">{\"@context\":\"https:\/\/schema.org\",\"@graph\":[{\"@type\":\"WebPage\",\"@id\":\"https:\/\/petproducts.com.cn\/product\/best-round-dog-beds-canvas-pet-bed\/\",\"url\":\"https:\/\/petproducts.com.cn\/product\/best-round-dog-beds-canvas-pet-bed\/\",\"name\":\"Best Round Dog Beds | Custom Canvas Pet Bed - Petstar\",\"isPartOf\":{\"@id\":\"https:\/\/petproducts.com.cn\/#website\"},\"primaryImageOfPage\":{\"@id\":\"https:\/\/petproducts.com.cn\/product\/best-round-dog-beds-canvas-pet-bed\/#primaryimage\"},\"image\":{\"@id\":\"https:\/\/petproducts.com.cn\/product\/best-round-dog-beds-canvas-pet-bed\/#primaryimage\"},\"thumbnailUrl\":\"https:\/\/petproducts.com.cn\/wp-content\/uploads\/2024\/02\/best-round-dog-beds.webp\",\"datePublished\":\"2024-02-18T03:12:59+00:00\",\"dateModified\":\"2024-02-18T05:56:39+00:00\",\"description\":\"Explore best round dog beds, round canvas dog bed, canvas pet bed from the manufacturer. Your ideal business solution with Petstar.\",\"breadcrumb\":{\"@id\":\"https:\/\/petproducts.com.cn\/product\/best-round-dog-beds-canvas-pet-bed\/#breadcrumb\"},\"inLanguage\":\"de\",\"potentialAction\":[{\"@type\":\"ReadAction\",\"target\":[\"https:\/\/petproducts.com.cn\/product\/best-round-dog-beds-canvas-pet-bed\/\"]}]},{\"@type\":\"ImageObject\",\"inLanguage\":\"de\",\"@id\":\"https:\/\/petproducts.com.cn\/product\/best-round-dog-beds-canvas-pet-bed\/#primaryimage\",\"url\":\"https:\/\/petproducts.com.cn\/wp-content\/uploads\/2024\/02\/best-round-dog-beds.webp\",\"contentUrl\":\"https:\/\/petproducts.com.cn\/wp-content\/uploads\/2024\/02\/best-round-dog-beds.webp\",\"width\":1000,\"height\":1000,\"caption\":\"best round dog beds\"},{\"@type\":\"BreadcrumbList\",\"@id\":\"https:\/\/petproducts.com.cn\/product\/best-round-dog-beds-canvas-pet-bed\/#breadcrumb\",\"itemListElement\":[{\"@type\":\"ListItem\",\"position\":1,\"name\":\"HOME\",\"item\":\"https:\/\/petproducts.com.cn\/\"},{\"@type\":\"ListItem\",\"position\":2,\"name\":\"Products\",\"item\":\"https:\/\/petproducts.com.cn\/shop\/\"},{\"@type\":\"ListItem\",\"position\":3,\"name\":\"Dog Beds\",\"item\":\"https:\/\/petproducts.com.cn\/product-category\/dog-beds\/\"},{\"@type\":\"ListItem\",\"position\":4,\"name\":\"Best Round Dog Beds Canvas Pet Bed\"}]},{\"@type\":\"WebSite\",\"@id\":\"https:\/\/petproducts.com.cn\/#website\",\"url\":\"https:\/\/petproducts.com.cn\/\",\"name\":\"Petstar\",\"description\":\"Leading Pet Supplies Manufacturer &amp; OEM Pet Products Supplier\",\"publisher\":{\"@id\":\"https:\/\/petproducts.com.cn\/#organization\"},\"alternateName\":\"Petstar Pet Supplies\",\"potentialAction\":[{\"@type\":\"SearchAction\",\"target\":{\"@type\":\"EntryPoint\",\"urlTemplate\":\"https:\/\/petproducts.com.cn\/?s={search_term_string}\"},\"query-input\":{\"@type\":\"PropertyValueSpecification\",\"valueRequired\":true,\"valueName\":\"search_term_string\"}}],\"inLanguage\":\"de\"},{\"@type\":\"Organization\",\"@id\":\"https:\/\/petproducts.com.cn\/#organization\",\"name\":\"Petstar\",\"url\":\"https:\/\/petproducts.com.cn\/\",\"logo\":{\"@type\":\"ImageObject\",\"inLanguage\":\"de\",\"@id\":\"https:\/\/petproducts.com.cn\/#\/schema\/logo\/image\/\",\"url\":\"https:\/\/petproducts.com.cn\/wp-content\/uploads\/2020\/02\/petstar-logo.webp\",\"contentUrl\":\"https:\/\/petproducts.com.cn\/wp-content\/uploads\/2020\/02\/petstar-logo.webp\",\"width\":779,\"height\":520,\"caption\":\"Petstar\"},\"image\":{\"@id\":\"https:\/\/petproducts.com.cn\/#\/schema\/logo\/image\/\"}}]}<\/script>\n<!-- \/ Yoast SEO plugin. -->","yoast_head_json":{"title":"Die besten runden Hundebetten | Individuell gestaltbares Hundebett aus Segeltuch \u2013 Petstar","description":"Entdecken Sie die besten runden Hundebetten, runde Hundebetten aus Segeltuch und Haustierbetten aus Segeltuch vom Hersteller. Ihre ideale Gesch\u00e4ftsl\u00f6sung mit Petstar.","robots":{"index":"index","follow":"follow","max-snippet":"max-snippet:-1","max-image-preview":"max-image-preview:large","max-video-preview":"max-video-preview:-1"},"canonical":"https:\/\/petproducts.com.cn\/de\/produkt\/best-round-dog-beds-canvas-pet-bed\/","og_locale":"de_DE","og_type":"article","og_title":"Best Round Dog Beds | Custom Canvas Pet Bed - Petstar","og_description":"Explore best round dog beds, round canvas dog bed, canvas pet bed from the manufacturer. Your ideal business solution with Petstar.","og_url":"https:\/\/petproducts.com.cn\/de\/produkt\/best-round-dog-beds-canvas-pet-bed\/","og_site_name":"Petstar","article_modified_time":"2024-02-18T05:56:39+00:00","og_image":[{"width":1000,"height":1000,"url":"https:\/\/petproducts.com.cn\/wp-content\/uploads\/2024\/02\/best-round-dog-beds.webp","type":"image\/webp"}],"twitter_card":"summary_large_image","twitter_misc":{"Gesch\u00e4tzte Lesezeit":"2\u00a0Minuten"},"schema":{"@context":"https:\/\/schema.org","@graph":[{"@type":"WebPage","@id":"https:\/\/petproducts.com.cn\/product\/best-round-dog-beds-canvas-pet-bed\/","url":"https:\/\/petproducts.com.cn\/product\/best-round-dog-beds-canvas-pet-bed\/","name":"Die besten runden Hundebetten | Individuell gestaltbares Hundebett aus Segeltuch \u2013 Petstar","isPartOf":{"@id":"https:\/\/petproducts.com.cn\/#website"},"primaryImageOfPage":{"@id":"https:\/\/petproducts.com.cn\/product\/best-round-dog-beds-canvas-pet-bed\/#primaryimage"},"image":{"@id":"https:\/\/petproducts.com.cn\/product\/best-round-dog-beds-canvas-pet-bed\/#primaryimage"},"thumbnailUrl":"https:\/\/petproducts.com.cn\/wp-content\/uploads\/2024\/02\/best-round-dog-beds.webp","datePublished":"2024-02-18T03:12:59+00:00","dateModified":"2024-02-18T05:56:39+00:00","description":"Entdecken Sie die besten runden Hundebetten, runde Hundebetten aus Segeltuch und Haustierbetten aus Segeltuch vom Hersteller. Ihre ideale Gesch\u00e4ftsl\u00f6sung mit Petstar.","breadcrumb":{"@id":"https:\/\/petproducts.com.cn\/product\/best-round-dog-beds-canvas-pet-bed\/#breadcrumb"},"inLanguage":"de","potentialAction":[{"@type":"ReadAction","target":["https:\/\/petproducts.com.cn\/product\/best-round-dog-beds-canvas-pet-bed\/"]}]},{"@type":"ImageObject","inLanguage":"de","@id":"https:\/\/petproducts.com.cn\/product\/best-round-dog-beds-canvas-pet-bed\/#primaryimage","url":"https:\/\/petproducts.com.cn\/wp-content\/uploads\/2024\/02\/best-round-dog-beds.webp","contentUrl":"https:\/\/petproducts.com.cn\/wp-content\/uploads\/2024\/02\/best-round-dog-beds.webp","width":1000,"height":1000,"caption":"best round dog beds"},{"@type":"BreadcrumbList","@id":"https:\/\/petproducts.com.cn\/product\/best-round-dog-beds-canvas-pet-bed\/#breadcrumb","itemListElement":[{"@type":"ListItem","position":1,"name":"HOME","item":"https:\/\/petproducts.com.cn\/"},{"@type":"ListItem","position":2,"name":"Products","item":"https:\/\/petproducts.com.cn\/shop\/"},{"@type":"ListItem","position":3,"name":"Dog Beds","item":"https:\/\/petproducts.com.cn\/product-category\/dog-beds\/"},{"@type":"ListItem","position":4,"name":"Best Round Dog Beds Canvas Pet Bed"}]},{"@type":"WebSite","@id":"https:\/\/petproducts.com.cn\/#website","url":"https:\/\/petproducts.com.cn\/","name":"Petstar","description":"F\u00fchrender Hersteller von Heimtierbedarf und OEM-Lieferant von Heimtierprodukten","publisher":{"@id":"https:\/\/petproducts.com.cn\/#organization"},"alternateName":"Petstar Pet Supplies","potentialAction":[{"@type":"SearchAction","target":{"@type":"EntryPoint","urlTemplate":"https:\/\/petproducts.com.cn\/?s={search_term_string}"},"query-input":{"@type":"PropertyValueSpecification","valueRequired":true,"valueName":"search_term_string"}}],"inLanguage":"de"},{"@type":"Organization","@id":"https:\/\/petproducts.com.cn\/#organization","name":"Petstar","url":"https:\/\/petproducts.com.cn\/","logo":{"@type":"ImageObject","inLanguage":"de","@id":"https:\/\/petproducts.com.cn\/#\/schema\/logo\/image\/","url":"https:\/\/petproducts.com.cn\/wp-content\/uploads\/2020\/02\/petstar-logo.webp","contentUrl":"https:\/\/petproducts.com.cn\/wp-content\/uploads\/2020\/02\/petstar-logo.webp","width":779,"height":520,"caption":"Petstar"},"image":{"@id":"https:\/\/petproducts.com.cn\/#\/schema\/logo\/image\/"}}]}},"_links":{"self":[{"href":"https:\/\/petproducts.com.cn\/de\/wp-json\/wp\/v2\/product\/19825","targetHints":{"allow":["GET"]}}],"collection":[{"href":"https:\/\/petproducts.com.cn\/de\/wp-json\/wp\/v2\/product"}],"about":[{"href":"https:\/\/petproducts.com.cn\/de\/wp-json\/wp\/v2\/types\/product"}],"version-history":[{"count":1,"href":"https:\/\/petproducts.com.cn\/de\/wp-json\/wp\/v2\/product\/19825\/revisions"}],"predecessor-version":[{"id":19832,"href":"https:\/\/petproducts.com.cn\/de\/wp-json\/wp\/v2\/product\/19825\/revisions\/19832"}],"wp:featuredmedia":[{"embeddable":true,"href":"https:\/\/petproducts.com.cn\/de\/wp-json\/wp\/v2\/media\/19826"}],"wp:attachment":[{"href":"https:\/\/petproducts.com.cn\/de\/wp-json\/wp\/v2\/media?parent=19825"}],"wp:term":[{"taxonomy":"product_brand","embeddable":true,"href":"https:\/\/petproducts.com.cn\/de\/wp-json\/wp\/v2\/product_brand?post=19825"},{"taxonomy":"product_cat","embeddable":true,"href":"https:\/\/petproducts.com.cn\/de\/wp-json\/wp\/v2\/product_cat?post=19825"},{"taxonomy":"product_tag","embeddable":true,"href":"https:\/\/petproducts.com.cn\/de\/wp-json\/wp\/v2\/product_tag?post=19825"}],"curies":[{"name":"wp","href":"https:\/\/api.w.org\/{rel}","templated":true}]}}