{"id":20855,"date":"2024-03-21T01:24:48","date_gmt":"2024-03-21T01:24:48","guid":{"rendered":"https:\/\/petproducts.com.cn\/?post_type=product&#038;p=20855"},"modified":"2024-08-23T01:35:57","modified_gmt":"2024-08-23T01:35:57","slug":"outdoor-dog-harness-pet-dog-harness-with-bag","status":"publish","type":"product","link":"https:\/\/petproducts.com.cn\/de\/product\/outdoor-dog-harness-pet-dog-harness-with-bag\/","title":{"rendered":"Outdoor-Hundegeschirr, Hundegeschirr mit Tasche"},"content":{"rendered":"<h2>Features Of Outdoor Dog Harness<\/h2>\n<div class=\"w-full pt-2 md:pt-0 dark:border-white\/20 md:border-transparent md:dark:border-transparent md:w-[calc(100%-.5rem)]\">\n<form class=\"stretch mx-2 flex flex-row gap-3 last:mb-2 md:mx-4 md:last:mb-6 lg:mx-auto lg:max-w-2xl xl:max-w-3xl\">\n<div class=\"relative flex h-full flex-1 flex-col\">\n<div class=\"flex w-full items-center\">\n<div class=\"overflow-hidden [&amp;:has(textarea:focus)]:border-token-border-xheavy [&amp;:has(textarea:focus)]:shadow-[0_2px_6px_rgba(0,0,0,.05)] flex flex-col w-full dark:border-token-border-medium flex-grow relative border border-token-border-medium dark:text-white rounded-2xl bg-token-main-surface-primary\">\n<div data-grammarly-part=\"button\">\n<ol>\n<li><strong>Versatile PVC Material<\/strong>: Constructed from high-quality PVC material, this Outdoor Dog Harness ensures longevity and resistance to wear and tear, perfect for all your outdoor adventures with your furry companion.<\/li>\n<li><strong>Convenient Storage Pocket<\/strong>: Equipped with a spacious storage pocket, this harness allows you to carry essentials such as treats, waste bags, or small toys, keeping your hands free during walks or hikes.<\/li>\n<li><strong>Adjustable Design for Perfect Fit<\/strong>: With adjustable straps, this harness offers a customizable fit for dogs of all sizes, ensuring maximum comfort and security during activities.<\/li>\n<li><strong>Easy-to-Use Pull Handle<\/strong>: Featuring a convenient pull handle, this harness allows you to guide or assist your pet effortlessly, providing better control and support during outings.<\/li>\n<li><strong>Enhanced Visibility with Reflective Strips<\/strong>: Designed with reflective strips, this harness enhances visibility in low-light conditions, ensuring safety during evening walks or outdoor excursions.<\/li>\n<li><strong>Stylish and Functional<\/strong>: Not only does this harness provide functionality, but its sleek design adds a touch of style to your pet&#8217;s outdoor ensemble, making them the envy of the park.<\/li>\n<li><strong>Ideal for Various Outdoor Activities<\/strong>: Whether it&#8217;s hiking, jogging, or simply strolling around the neighborhood, this harness is the perfect companion for any outdoor activity, ensuring a comfortable and enjoyable experience for both you and your pet.<\/li>\n<\/ol>\n<\/div>\n<\/div>\n<\/div>\n<\/div>\n<\/form>\n<\/div>\n","protected":false},"excerpt":{"rendered":"<p>Wir sind ein Hersteller von Haustiergeschirren mit mehr als 20 Jahren Erfahrung. Wir bieten Anpassungsm\u00f6glichkeiten f\u00fcr Farbe, Gr\u00f6\u00dfe, Stoff, Muster, Logo und andere Merkmale.<\/p>","protected":false},"featured_media":20858,"template":"","meta":{"_acf_changed":false},"product_brand":[],"product_cat":[124,72],"product_tag":[211],"class_list":{"0":"post-20855","1":"product","2":"type-product","3":"status-publish","4":"has-post-thumbnail","6":"product_cat-dog-collars-leashes-harnesses","7":"product_cat-dog-supplies","8":"product_tag-pet-harnesses","10":"first","11":"instock","12":"shipping-taxable","13":"product-type-simple"},"acf":[],"yoast_head":"<!-- This site is optimized with the Yoast SEO plugin v27.1.1 - https:\/\/yoast.com\/product\/yoast-seo-wordpress\/ -->\n<title>Outdoor Dog Harness | Custom Dog Harness With Bag - Petstar<\/title>\n<meta name=\"description\" content=\"Explore outdoor dog harness, dog harness with bag, pet harness dog from the manufacturer. Your ideal business solution with Petstar.\" \/>\n<meta name=\"robots\" content=\"index, follow, max-snippet:-1, max-image-preview:large, max-video-preview:-1\" \/>\n<link rel=\"canonical\" href=\"https:\/\/petproducts.com.cn\/de\/produkt\/outdoor-dog-harness-pet-dog-harness-with-bag\/\" \/>\n<meta property=\"og:locale\" content=\"de_DE\" \/>\n<meta property=\"og:type\" content=\"article\" \/>\n<meta property=\"og:title\" content=\"Outdoor Dog Harness | Custom Dog Harness With Bag - Petstar\" \/>\n<meta property=\"og:description\" content=\"Explore outdoor dog harness, dog harness with bag, pet harness dog from the manufacturer. Your ideal business solution with Petstar.\" \/>\n<meta property=\"og:url\" content=\"https:\/\/petproducts.com.cn\/de\/produkt\/outdoor-dog-harness-pet-dog-harness-with-bag\/\" \/>\n<meta property=\"og:site_name\" content=\"Petstar\" \/>\n<meta property=\"article:modified_time\" content=\"2024-08-23T01:35:57+00:00\" \/>\n<meta property=\"og:image\" content=\"https:\/\/petproducts.com.cn\/wp-content\/uploads\/2024\/03\/outdoor-dog-harness.webp\" \/>\n\t<meta property=\"og:image:width\" content=\"1000\" \/>\n\t<meta property=\"og:image:height\" content=\"1000\" \/>\n\t<meta property=\"og:image:type\" content=\"image\/webp\" \/>\n<meta name=\"twitter:card\" content=\"summary_large_image\" \/>\n<meta name=\"twitter:label1\" content=\"Gesch\u00e4tzte Lesezeit\" \/>\n\t<meta name=\"twitter:data1\" content=\"1\u00a0Minute\" \/>\n<script type=\"application\/ld+json\" class=\"yoast-schema-graph\">{\"@context\":\"https:\/\/schema.org\",\"@graph\":[{\"@type\":\"WebPage\",\"@id\":\"https:\/\/petproducts.com.cn\/product\/outdoor-dog-harness-pet-dog-harness-with-bag\/\",\"url\":\"https:\/\/petproducts.com.cn\/product\/outdoor-dog-harness-pet-dog-harness-with-bag\/\",\"name\":\"Outdoor Dog Harness | Custom Dog Harness With Bag - Petstar\",\"isPartOf\":{\"@id\":\"https:\/\/petproducts.com.cn\/#website\"},\"primaryImageOfPage\":{\"@id\":\"https:\/\/petproducts.com.cn\/product\/outdoor-dog-harness-pet-dog-harness-with-bag\/#primaryimage\"},\"image\":{\"@id\":\"https:\/\/petproducts.com.cn\/product\/outdoor-dog-harness-pet-dog-harness-with-bag\/#primaryimage\"},\"thumbnailUrl\":\"https:\/\/petproducts.com.cn\/wp-content\/uploads\/2024\/03\/outdoor-dog-harness.webp\",\"datePublished\":\"2024-03-21T01:24:48+00:00\",\"dateModified\":\"2024-08-23T01:35:57+00:00\",\"description\":\"Explore outdoor dog harness, dog harness with bag, pet harness dog from the manufacturer. Your ideal business solution with Petstar.\",\"breadcrumb\":{\"@id\":\"https:\/\/petproducts.com.cn\/product\/outdoor-dog-harness-pet-dog-harness-with-bag\/#breadcrumb\"},\"inLanguage\":\"de\",\"potentialAction\":[{\"@type\":\"ReadAction\",\"target\":[\"https:\/\/petproducts.com.cn\/product\/outdoor-dog-harness-pet-dog-harness-with-bag\/\"]}]},{\"@type\":\"ImageObject\",\"inLanguage\":\"de\",\"@id\":\"https:\/\/petproducts.com.cn\/product\/outdoor-dog-harness-pet-dog-harness-with-bag\/#primaryimage\",\"url\":\"https:\/\/petproducts.com.cn\/wp-content\/uploads\/2024\/03\/outdoor-dog-harness.webp\",\"contentUrl\":\"https:\/\/petproducts.com.cn\/wp-content\/uploads\/2024\/03\/outdoor-dog-harness.webp\",\"width\":1000,\"height\":1000,\"caption\":\"outdoor dog harness\"},{\"@type\":\"BreadcrumbList\",\"@id\":\"https:\/\/petproducts.com.cn\/product\/outdoor-dog-harness-pet-dog-harness-with-bag\/#breadcrumb\",\"itemListElement\":[{\"@type\":\"ListItem\",\"position\":1,\"name\":\"HOME\",\"item\":\"https:\/\/petproducts.com.cn\/\"},{\"@type\":\"ListItem\",\"position\":2,\"name\":\"Products\",\"item\":\"https:\/\/petproducts.com.cn\/shop\/\"},{\"@type\":\"ListItem\",\"position\":3,\"name\":\"Dog Collars, Leashes &amp; Harnesses\",\"item\":\"https:\/\/petproducts.com.cn\/product-category\/dog-collars-leashes-harnesses\/\"},{\"@type\":\"ListItem\",\"position\":4,\"name\":\"Outdoor Dog Harness Pet Dog Harness With Bag\"}]},{\"@type\":\"WebSite\",\"@id\":\"https:\/\/petproducts.com.cn\/#website\",\"url\":\"https:\/\/petproducts.com.cn\/\",\"name\":\"Petstar\",\"description\":\"Leading Pet Supplies Manufacturer &amp; OEM Pet Products Supplier\",\"publisher\":{\"@id\":\"https:\/\/petproducts.com.cn\/#organization\"},\"alternateName\":\"Petstar Pet Supplies\",\"potentialAction\":[{\"@type\":\"SearchAction\",\"target\":{\"@type\":\"EntryPoint\",\"urlTemplate\":\"https:\/\/petproducts.com.cn\/?s={search_term_string}\"},\"query-input\":{\"@type\":\"PropertyValueSpecification\",\"valueRequired\":true,\"valueName\":\"search_term_string\"}}],\"inLanguage\":\"de\"},{\"@type\":\"Organization\",\"@id\":\"https:\/\/petproducts.com.cn\/#organization\",\"name\":\"Petstar\",\"url\":\"https:\/\/petproducts.com.cn\/\",\"logo\":{\"@type\":\"ImageObject\",\"inLanguage\":\"de\",\"@id\":\"https:\/\/petproducts.com.cn\/#\/schema\/logo\/image\/\",\"url\":\"https:\/\/petproducts.com.cn\/wp-content\/uploads\/2020\/02\/petstar-logo.webp\",\"contentUrl\":\"https:\/\/petproducts.com.cn\/wp-content\/uploads\/2020\/02\/petstar-logo.webp\",\"width\":779,\"height\":520,\"caption\":\"Petstar\"},\"image\":{\"@id\":\"https:\/\/petproducts.com.cn\/#\/schema\/logo\/image\/\"}}]}<\/script>\n<!-- \/ Yoast SEO plugin. -->","yoast_head_json":{"title":"Outdoor-Hundegeschirr | Custom Hundegeschirr mit Tasche - Petstar","description":"Entdecken Sie Outdoor-Hundegeschirr, Hundegeschirr mit Tasche, Haustiergeschirr Hund vom Hersteller. Ihre ideale Business-L\u00f6sung mit Petstar.","robots":{"index":"index","follow":"follow","max-snippet":"max-snippet:-1","max-image-preview":"max-image-preview:large","max-video-preview":"max-video-preview:-1"},"canonical":"https:\/\/petproducts.com.cn\/de\/produkt\/outdoor-dog-harness-pet-dog-harness-with-bag\/","og_locale":"de_DE","og_type":"article","og_title":"Outdoor Dog Harness | Custom Dog Harness With Bag - Petstar","og_description":"Explore outdoor dog harness, dog harness with bag, pet harness dog from the manufacturer. Your ideal business solution with Petstar.","og_url":"https:\/\/petproducts.com.cn\/de\/produkt\/outdoor-dog-harness-pet-dog-harness-with-bag\/","og_site_name":"Petstar","article_modified_time":"2024-08-23T01:35:57+00:00","og_image":[{"width":1000,"height":1000,"url":"https:\/\/petproducts.com.cn\/wp-content\/uploads\/2024\/03\/outdoor-dog-harness.webp","type":"image\/webp"}],"twitter_card":"summary_large_image","twitter_misc":{"Gesch\u00e4tzte Lesezeit":"1\u00a0Minute"},"schema":{"@context":"https:\/\/schema.org","@graph":[{"@type":"WebPage","@id":"https:\/\/petproducts.com.cn\/product\/outdoor-dog-harness-pet-dog-harness-with-bag\/","url":"https:\/\/petproducts.com.cn\/product\/outdoor-dog-harness-pet-dog-harness-with-bag\/","name":"Outdoor-Hundegeschirr | Custom Hundegeschirr mit Tasche - Petstar","isPartOf":{"@id":"https:\/\/petproducts.com.cn\/#website"},"primaryImageOfPage":{"@id":"https:\/\/petproducts.com.cn\/product\/outdoor-dog-harness-pet-dog-harness-with-bag\/#primaryimage"},"image":{"@id":"https:\/\/petproducts.com.cn\/product\/outdoor-dog-harness-pet-dog-harness-with-bag\/#primaryimage"},"thumbnailUrl":"https:\/\/petproducts.com.cn\/wp-content\/uploads\/2024\/03\/outdoor-dog-harness.webp","datePublished":"2024-03-21T01:24:48+00:00","dateModified":"2024-08-23T01:35:57+00:00","description":"Entdecken Sie Outdoor-Hundegeschirr, Hundegeschirr mit Tasche, Haustiergeschirr Hund vom Hersteller. Ihre ideale Business-L\u00f6sung mit Petstar.","breadcrumb":{"@id":"https:\/\/petproducts.com.cn\/product\/outdoor-dog-harness-pet-dog-harness-with-bag\/#breadcrumb"},"inLanguage":"de","potentialAction":[{"@type":"ReadAction","target":["https:\/\/petproducts.com.cn\/product\/outdoor-dog-harness-pet-dog-harness-with-bag\/"]}]},{"@type":"ImageObject","inLanguage":"de","@id":"https:\/\/petproducts.com.cn\/product\/outdoor-dog-harness-pet-dog-harness-with-bag\/#primaryimage","url":"https:\/\/petproducts.com.cn\/wp-content\/uploads\/2024\/03\/outdoor-dog-harness.webp","contentUrl":"https:\/\/petproducts.com.cn\/wp-content\/uploads\/2024\/03\/outdoor-dog-harness.webp","width":1000,"height":1000,"caption":"outdoor dog harness"},{"@type":"BreadcrumbList","@id":"https:\/\/petproducts.com.cn\/product\/outdoor-dog-harness-pet-dog-harness-with-bag\/#breadcrumb","itemListElement":[{"@type":"ListItem","position":1,"name":"HOME","item":"https:\/\/petproducts.com.cn\/"},{"@type":"ListItem","position":2,"name":"Products","item":"https:\/\/petproducts.com.cn\/shop\/"},{"@type":"ListItem","position":3,"name":"Dog Collars, Leashes &amp; Harnesses","item":"https:\/\/petproducts.com.cn\/product-category\/dog-collars-leashes-harnesses\/"},{"@type":"ListItem","position":4,"name":"Outdoor Dog Harness Pet Dog Harness With Bag"}]},{"@type":"WebSite","@id":"https:\/\/petproducts.com.cn\/#website","url":"https:\/\/petproducts.com.cn\/","name":"Petstar","description":"F\u00fchrender Hersteller von Heimtierbedarf und OEM-Lieferant von Heimtierprodukten","publisher":{"@id":"https:\/\/petproducts.com.cn\/#organization"},"alternateName":"Petstar Pet Supplies","potentialAction":[{"@type":"SearchAction","target":{"@type":"EntryPoint","urlTemplate":"https:\/\/petproducts.com.cn\/?s={search_term_string}"},"query-input":{"@type":"PropertyValueSpecification","valueRequired":true,"valueName":"search_term_string"}}],"inLanguage":"de"},{"@type":"Organization","@id":"https:\/\/petproducts.com.cn\/#organization","name":"Petstar","url":"https:\/\/petproducts.com.cn\/","logo":{"@type":"ImageObject","inLanguage":"de","@id":"https:\/\/petproducts.com.cn\/#\/schema\/logo\/image\/","url":"https:\/\/petproducts.com.cn\/wp-content\/uploads\/2020\/02\/petstar-logo.webp","contentUrl":"https:\/\/petproducts.com.cn\/wp-content\/uploads\/2020\/02\/petstar-logo.webp","width":779,"height":520,"caption":"Petstar"},"image":{"@id":"https:\/\/petproducts.com.cn\/#\/schema\/logo\/image\/"}}]}},"_links":{"self":[{"href":"https:\/\/petproducts.com.cn\/de\/wp-json\/wp\/v2\/product\/20855","targetHints":{"allow":["GET"]}}],"collection":[{"href":"https:\/\/petproducts.com.cn\/de\/wp-json\/wp\/v2\/product"}],"about":[{"href":"https:\/\/petproducts.com.cn\/de\/wp-json\/wp\/v2\/types\/product"}],"version-history":[{"count":2,"href":"https:\/\/petproducts.com.cn\/de\/wp-json\/wp\/v2\/product\/20855\/revisions"}],"predecessor-version":[{"id":21648,"href":"https:\/\/petproducts.com.cn\/de\/wp-json\/wp\/v2\/product\/20855\/revisions\/21648"}],"wp:featuredmedia":[{"embeddable":true,"href":"https:\/\/petproducts.com.cn\/de\/wp-json\/wp\/v2\/media\/20858"}],"wp:attachment":[{"href":"https:\/\/petproducts.com.cn\/de\/wp-json\/wp\/v2\/media?parent=20855"}],"wp:term":[{"taxonomy":"product_brand","embeddable":true,"href":"https:\/\/petproducts.com.cn\/de\/wp-json\/wp\/v2\/product_brand?post=20855"},{"taxonomy":"product_cat","embeddable":true,"href":"https:\/\/petproducts.com.cn\/de\/wp-json\/wp\/v2\/product_cat?post=20855"},{"taxonomy":"product_tag","embeddable":true,"href":"https:\/\/petproducts.com.cn\/de\/wp-json\/wp\/v2\/product_tag?post=20855"}],"curies":[{"name":"wp","href":"https:\/\/api.w.org\/{rel}","templated":true}]}}