{"id":22176,"date":"2024-04-16T08:17:44","date_gmt":"2024-04-16T08:17:44","guid":{"rendered":"https:\/\/petproducts.com.cn\/?post_type=product&#038;p=22176"},"modified":"2024-04-16T08:31:16","modified_gmt":"2024-04-16T08:31:16","slug":"pet-car-seat-carrier-wholesale-pet-dog-carrier-for-car","status":"publish","type":"product","link":"https:\/\/petproducts.com.cn\/de\/product\/pet-car-seat-carrier-wholesale-pet-dog-carrier-for-car\/","title":{"rendered":"Haustier-Autositztr\u00e4ger Gro\u00dfhandel Haustier-Hundetr\u00e4ger f\u00fcr das Auto"},"content":{"rendered":"<h2>Merkmale des Autositztr\u00e4gers f\u00fcr Haustiere<\/h2>\n<ol>\n<li><strong>Optimierte Gr\u00f6\u00dfe und Tragbarkeit<\/strong>. Unser Pet Car Seat Carrier ist mit den Ma\u00dfen 40x30xH38cm konzipiert und bietet die perfekte Balance zwischen Ger\u00e4umigkeit und Tragbarkeit. Diese Gr\u00f6\u00dfe bietet ausreichend Platz f\u00fcr Haustiere, um bequem zu reisen, und ist gleichzeitig kompakt genug f\u00fcr einfache Handhabung und Transport.<\/li>\n<li><strong>Umweltvertr\u00e4gliche Materialien<\/strong>. Unsere Autotransporter f\u00fcr Haustiere werden aus recycelten Materialien hergestellt und sind der Nachhaltigkeit verpflichtet. Durch die Verwendung von umweltfreundlichen Materialien tragen wir zur Erhaltung der Umwelt bei und bieten Tierhaltern eine verantwortungsvolle und ethische Wahl f\u00fcr den Transport ihrer Haustiere.<\/li>\n<li><strong>Vielseitige Verwendungsm\u00f6glichkeiten<\/strong>. Unser Car Seat Carrier f\u00fcr Haustiere bietet mehrere Verwendungsm\u00f6glichkeiten, um verschiedenen Reisevorlieben und -szenarien gerecht zu werden. Ob als traditioneller Transportwagen, als Autositz oder als gem\u00fctlicher Ruheplatz f\u00fcr Haustiere - unser Transportwagen ist vielseitig und anpassungsf\u00e4hig und erf\u00fcllt die unterschiedlichsten Bed\u00fcrfnisse.<\/li>\n<li><strong>Ma\u00dfgeschneiderte Anpassungsoptionen<\/strong>. Da wir die unterschiedlichen Vorlieben von Haustierbesitzern kennen, l\u00e4sst sich unsere Hundetransporttasche f\u00fcr das Auto an individuelle Vorlieben und Anforderungen anpassen. Von der Auswahl von Farben und Mustern bis hin zum Hinzuf\u00fcgen pers\u00f6nlicher Details haben Kunden die Freiheit, eine Tasche zu kreieren, die ihren einzigartigen Stil widerspiegelt und gleichzeitig optimalen Komfort und Funktionalit\u00e4t f\u00fcr ihre pelzigen Begleiter gew\u00e4hrleistet. Dieser Schwerpunkt auf der individuellen Anpassung sorgt f\u00fcr ein pers\u00f6nliches und angenehmes Reiseerlebnis f\u00fcr Haustiere und ihre Besitzer gleicherma\u00dfen.<\/li>\n<\/ol>","protected":false},"excerpt":{"rendered":"<p>Wir sind ein Hersteller von Autokindersitzen und Hundetransportern f\u00fcr Autos mit mehr als 20 Jahren Erfahrung. Wir bieten Anpassungsm\u00f6glichkeiten f\u00fcr Farbe, Gr\u00f6\u00dfe, Stoff, Muster, Logo und andere Funktionen.<\/p>","protected":false},"featured_media":22180,"template":"","meta":{"_acf_changed":false},"product_brand":[],"product_cat":[133,71,132,72],"product_tag":[145,144],"class_list":{"0":"post-22176","1":"product","2":"type-product","3":"status-publish","4":"has-post-thumbnail","6":"product_cat-cat-carriers-car-supplies","7":"product_cat-cat-supplies","8":"product_cat-dog-carriers-car-supplies","9":"product_cat-dog-supplies","10":"product_tag-cat-carriers-car-supplies","11":"product_tag-dog-carriers-car-supplies","13":"first","14":"instock","15":"shipping-taxable","16":"product-type-simple"},"acf":[],"yoast_head":"<!-- This site is optimized with the Yoast SEO plugin v27.1.1 - https:\/\/yoast.com\/product\/yoast-seo-wordpress\/ -->\n<title>pet car seat carrier | Wholesale Pet Dog Carrier For Cat - Petstar<\/title>\n<meta name=\"description\" content=\"Explore pet car carriers, pet car seat carrier, dog carrier for car from the manufacturer. Your ideal business solution with Petstar.\" \/>\n<meta name=\"robots\" content=\"index, follow, max-snippet:-1, max-image-preview:large, max-video-preview:-1\" \/>\n<link rel=\"canonical\" href=\"https:\/\/petproducts.com.cn\/de\/produkt\/pet-car-seat-carrier-wholesale-pet-dog-carrier-for-car\/\" \/>\n<meta property=\"og:locale\" content=\"de_DE\" \/>\n<meta property=\"og:type\" content=\"article\" \/>\n<meta property=\"og:title\" content=\"pet car seat carrier | Wholesale Pet Dog Carrier For Cat - Petstar\" \/>\n<meta property=\"og:description\" content=\"Explore pet car carriers, pet car seat carrier, dog carrier for car from the manufacturer. Your ideal business solution with Petstar.\" \/>\n<meta property=\"og:url\" content=\"https:\/\/petproducts.com.cn\/de\/produkt\/pet-car-seat-carrier-wholesale-pet-dog-carrier-for-car\/\" \/>\n<meta property=\"og:site_name\" content=\"Petstar\" \/>\n<meta property=\"article:modified_time\" content=\"2024-04-16T08:31:16+00:00\" \/>\n<meta property=\"og:image\" content=\"https:\/\/petproducts.com.cn\/wp-content\/uploads\/2024\/04\/pet-car-seat-carrier.webp\" \/>\n\t<meta property=\"og:image:width\" content=\"1000\" \/>\n\t<meta property=\"og:image:height\" content=\"1000\" \/>\n\t<meta property=\"og:image:type\" content=\"image\/webp\" \/>\n<meta name=\"twitter:card\" content=\"summary_large_image\" \/>\n<meta name=\"twitter:label1\" content=\"Gesch\u00e4tzte Lesezeit\" \/>\n\t<meta name=\"twitter:data1\" content=\"1\u00a0Minute\" \/>\n<script type=\"application\/ld+json\" class=\"yoast-schema-graph\">{\"@context\":\"https:\/\/schema.org\",\"@graph\":[{\"@type\":\"WebPage\",\"@id\":\"https:\/\/petproducts.com.cn\/product\/pet-car-seat-carrier-wholesale-pet-dog-carrier-for-car\/\",\"url\":\"https:\/\/petproducts.com.cn\/product\/pet-car-seat-carrier-wholesale-pet-dog-carrier-for-car\/\",\"name\":\"pet car seat carrier | Wholesale Pet Dog Carrier For Cat - Petstar\",\"isPartOf\":{\"@id\":\"https:\/\/petproducts.com.cn\/#website\"},\"primaryImageOfPage\":{\"@id\":\"https:\/\/petproducts.com.cn\/product\/pet-car-seat-carrier-wholesale-pet-dog-carrier-for-car\/#primaryimage\"},\"image\":{\"@id\":\"https:\/\/petproducts.com.cn\/product\/pet-car-seat-carrier-wholesale-pet-dog-carrier-for-car\/#primaryimage\"},\"thumbnailUrl\":\"https:\/\/petproducts.com.cn\/wp-content\/uploads\/2024\/04\/pet-car-seat-carrier.webp\",\"datePublished\":\"2024-04-16T08:17:44+00:00\",\"dateModified\":\"2024-04-16T08:31:16+00:00\",\"description\":\"Explore pet car carriers, pet car seat carrier, dog carrier for car from the manufacturer. Your ideal business solution with Petstar.\",\"breadcrumb\":{\"@id\":\"https:\/\/petproducts.com.cn\/product\/pet-car-seat-carrier-wholesale-pet-dog-carrier-for-car\/#breadcrumb\"},\"inLanguage\":\"de\",\"potentialAction\":[{\"@type\":\"ReadAction\",\"target\":[\"https:\/\/petproducts.com.cn\/product\/pet-car-seat-carrier-wholesale-pet-dog-carrier-for-car\/\"]}]},{\"@type\":\"ImageObject\",\"inLanguage\":\"de\",\"@id\":\"https:\/\/petproducts.com.cn\/product\/pet-car-seat-carrier-wholesale-pet-dog-carrier-for-car\/#primaryimage\",\"url\":\"https:\/\/petproducts.com.cn\/wp-content\/uploads\/2024\/04\/pet-car-seat-carrier.webp\",\"contentUrl\":\"https:\/\/petproducts.com.cn\/wp-content\/uploads\/2024\/04\/pet-car-seat-carrier.webp\",\"width\":1000,\"height\":1000,\"caption\":\"pet car seat carrier\"},{\"@type\":\"BreadcrumbList\",\"@id\":\"https:\/\/petproducts.com.cn\/product\/pet-car-seat-carrier-wholesale-pet-dog-carrier-for-car\/#breadcrumb\",\"itemListElement\":[{\"@type\":\"ListItem\",\"position\":1,\"name\":\"HOME\",\"item\":\"https:\/\/petproducts.com.cn\/\"},{\"@type\":\"ListItem\",\"position\":2,\"name\":\"Products\",\"item\":\"https:\/\/petproducts.com.cn\/shop\/\"},{\"@type\":\"ListItem\",\"position\":3,\"name\":\"Dog Carriers &amp; Car Supplies\",\"item\":\"https:\/\/petproducts.com.cn\/product-category\/dog-carriers-car-supplies\/\"},{\"@type\":\"ListItem\",\"position\":4,\"name\":\"Pet Car Seat Carrier Wholesale Pet Dog Carrier For Car\"}]},{\"@type\":\"WebSite\",\"@id\":\"https:\/\/petproducts.com.cn\/#website\",\"url\":\"https:\/\/petproducts.com.cn\/\",\"name\":\"Petstar\",\"description\":\"Leading Pet Supplies Manufacturer &amp; OEM Pet Products Supplier\",\"publisher\":{\"@id\":\"https:\/\/petproducts.com.cn\/#organization\"},\"alternateName\":\"Petstar Pet Supplies\",\"potentialAction\":[{\"@type\":\"SearchAction\",\"target\":{\"@type\":\"EntryPoint\",\"urlTemplate\":\"https:\/\/petproducts.com.cn\/?s={search_term_string}\"},\"query-input\":{\"@type\":\"PropertyValueSpecification\",\"valueRequired\":true,\"valueName\":\"search_term_string\"}}],\"inLanguage\":\"de\"},{\"@type\":\"Organization\",\"@id\":\"https:\/\/petproducts.com.cn\/#organization\",\"name\":\"Petstar\",\"url\":\"https:\/\/petproducts.com.cn\/\",\"logo\":{\"@type\":\"ImageObject\",\"inLanguage\":\"de\",\"@id\":\"https:\/\/petproducts.com.cn\/#\/schema\/logo\/image\/\",\"url\":\"https:\/\/petproducts.com.cn\/wp-content\/uploads\/2020\/02\/petstar-logo.webp\",\"contentUrl\":\"https:\/\/petproducts.com.cn\/wp-content\/uploads\/2020\/02\/petstar-logo.webp\",\"width\":779,\"height\":520,\"caption\":\"Petstar\"},\"image\":{\"@id\":\"https:\/\/petproducts.com.cn\/#\/schema\/logo\/image\/\"}}]}<\/script>\n<!-- \/ Yoast SEO plugin. -->","yoast_head_json":{"title":"Haustier Autositz Tr\u00e4ger | Gro\u00dfhandel Haustier Hundetrage f\u00fcr Katze - Petstar","description":"Entdecken Sie Haustier-Autotransporter, Haustier-Autositztr\u00e4ger, Hundetransporter f\u00fcr das Auto vom Hersteller. Ihre ideale Business-L\u00f6sung mit Petstar.","robots":{"index":"index","follow":"follow","max-snippet":"max-snippet:-1","max-image-preview":"max-image-preview:large","max-video-preview":"max-video-preview:-1"},"canonical":"https:\/\/petproducts.com.cn\/de\/produkt\/pet-car-seat-carrier-wholesale-pet-dog-carrier-for-car\/","og_locale":"de_DE","og_type":"article","og_title":"pet car seat carrier | Wholesale Pet Dog Carrier For Cat - Petstar","og_description":"Explore pet car carriers, pet car seat carrier, dog carrier for car from the manufacturer. Your ideal business solution with Petstar.","og_url":"https:\/\/petproducts.com.cn\/de\/produkt\/pet-car-seat-carrier-wholesale-pet-dog-carrier-for-car\/","og_site_name":"Petstar","article_modified_time":"2024-04-16T08:31:16+00:00","og_image":[{"width":1000,"height":1000,"url":"https:\/\/petproducts.com.cn\/wp-content\/uploads\/2024\/04\/pet-car-seat-carrier.webp","type":"image\/webp"}],"twitter_card":"summary_large_image","twitter_misc":{"Gesch\u00e4tzte Lesezeit":"1\u00a0Minute"},"schema":{"@context":"https:\/\/schema.org","@graph":[{"@type":"WebPage","@id":"https:\/\/petproducts.com.cn\/product\/pet-car-seat-carrier-wholesale-pet-dog-carrier-for-car\/","url":"https:\/\/petproducts.com.cn\/product\/pet-car-seat-carrier-wholesale-pet-dog-carrier-for-car\/","name":"Haustier Autositz Tr\u00e4ger | Gro\u00dfhandel Haustier Hundetrage f\u00fcr Katze - Petstar","isPartOf":{"@id":"https:\/\/petproducts.com.cn\/#website"},"primaryImageOfPage":{"@id":"https:\/\/petproducts.com.cn\/product\/pet-car-seat-carrier-wholesale-pet-dog-carrier-for-car\/#primaryimage"},"image":{"@id":"https:\/\/petproducts.com.cn\/product\/pet-car-seat-carrier-wholesale-pet-dog-carrier-for-car\/#primaryimage"},"thumbnailUrl":"https:\/\/petproducts.com.cn\/wp-content\/uploads\/2024\/04\/pet-car-seat-carrier.webp","datePublished":"2024-04-16T08:17:44+00:00","dateModified":"2024-04-16T08:31:16+00:00","description":"Entdecken Sie Haustier-Autotransporter, Haustier-Autositztr\u00e4ger, Hundetransporter f\u00fcr das Auto vom Hersteller. Ihre ideale Business-L\u00f6sung mit Petstar.","breadcrumb":{"@id":"https:\/\/petproducts.com.cn\/product\/pet-car-seat-carrier-wholesale-pet-dog-carrier-for-car\/#breadcrumb"},"inLanguage":"de","potentialAction":[{"@type":"ReadAction","target":["https:\/\/petproducts.com.cn\/product\/pet-car-seat-carrier-wholesale-pet-dog-carrier-for-car\/"]}]},{"@type":"ImageObject","inLanguage":"de","@id":"https:\/\/petproducts.com.cn\/product\/pet-car-seat-carrier-wholesale-pet-dog-carrier-for-car\/#primaryimage","url":"https:\/\/petproducts.com.cn\/wp-content\/uploads\/2024\/04\/pet-car-seat-carrier.webp","contentUrl":"https:\/\/petproducts.com.cn\/wp-content\/uploads\/2024\/04\/pet-car-seat-carrier.webp","width":1000,"height":1000,"caption":"pet car seat carrier"},{"@type":"BreadcrumbList","@id":"https:\/\/petproducts.com.cn\/product\/pet-car-seat-carrier-wholesale-pet-dog-carrier-for-car\/#breadcrumb","itemListElement":[{"@type":"ListItem","position":1,"name":"HOME","item":"https:\/\/petproducts.com.cn\/"},{"@type":"ListItem","position":2,"name":"Products","item":"https:\/\/petproducts.com.cn\/shop\/"},{"@type":"ListItem","position":3,"name":"Dog Carriers &amp; Car Supplies","item":"https:\/\/petproducts.com.cn\/product-category\/dog-carriers-car-supplies\/"},{"@type":"ListItem","position":4,"name":"Pet Car Seat Carrier Wholesale Pet Dog Carrier For Car"}]},{"@type":"WebSite","@id":"https:\/\/petproducts.com.cn\/#website","url":"https:\/\/petproducts.com.cn\/","name":"Petstar","description":"F\u00fchrender Hersteller von Heimtierbedarf und OEM-Lieferant von Heimtierprodukten","publisher":{"@id":"https:\/\/petproducts.com.cn\/#organization"},"alternateName":"Petstar Pet Supplies","potentialAction":[{"@type":"SearchAction","target":{"@type":"EntryPoint","urlTemplate":"https:\/\/petproducts.com.cn\/?s={search_term_string}"},"query-input":{"@type":"PropertyValueSpecification","valueRequired":true,"valueName":"search_term_string"}}],"inLanguage":"de"},{"@type":"Organization","@id":"https:\/\/petproducts.com.cn\/#organization","name":"Petstar","url":"https:\/\/petproducts.com.cn\/","logo":{"@type":"ImageObject","inLanguage":"de","@id":"https:\/\/petproducts.com.cn\/#\/schema\/logo\/image\/","url":"https:\/\/petproducts.com.cn\/wp-content\/uploads\/2020\/02\/petstar-logo.webp","contentUrl":"https:\/\/petproducts.com.cn\/wp-content\/uploads\/2020\/02\/petstar-logo.webp","width":779,"height":520,"caption":"Petstar"},"image":{"@id":"https:\/\/petproducts.com.cn\/#\/schema\/logo\/image\/"}}]}},"_links":{"self":[{"href":"https:\/\/petproducts.com.cn\/de\/wp-json\/wp\/v2\/product\/22176","targetHints":{"allow":["GET"]}}],"collection":[{"href":"https:\/\/petproducts.com.cn\/de\/wp-json\/wp\/v2\/product"}],"about":[{"href":"https:\/\/petproducts.com.cn\/de\/wp-json\/wp\/v2\/types\/product"}],"version-history":[{"count":1,"href":"https:\/\/petproducts.com.cn\/de\/wp-json\/wp\/v2\/product\/22176\/revisions"}],"predecessor-version":[{"id":22183,"href":"https:\/\/petproducts.com.cn\/de\/wp-json\/wp\/v2\/product\/22176\/revisions\/22183"}],"wp:featuredmedia":[{"embeddable":true,"href":"https:\/\/petproducts.com.cn\/de\/wp-json\/wp\/v2\/media\/22180"}],"wp:attachment":[{"href":"https:\/\/petproducts.com.cn\/de\/wp-json\/wp\/v2\/media?parent=22176"}],"wp:term":[{"taxonomy":"product_brand","embeddable":true,"href":"https:\/\/petproducts.com.cn\/de\/wp-json\/wp\/v2\/product_brand?post=22176"},{"taxonomy":"product_cat","embeddable":true,"href":"https:\/\/petproducts.com.cn\/de\/wp-json\/wp\/v2\/product_cat?post=22176"},{"taxonomy":"product_tag","embeddable":true,"href":"https:\/\/petproducts.com.cn\/de\/wp-json\/wp\/v2\/product_tag?post=22176"}],"curies":[{"name":"wp","href":"https:\/\/api.w.org\/{rel}","templated":true}]}}