{"id":22484,"date":"2024-04-22T08:46:28","date_gmt":"2024-04-22T08:46:28","guid":{"rendered":"https:\/\/petproducts.com.cn\/?post_type=product&#038;p=22484"},"modified":"2024-08-23T01:37:47","modified_gmt":"2024-08-23T01:37:47","slug":"recycled-dog-collar-designer-dog-chain-collar","status":"publish","type":"product","link":"https:\/\/petproducts.com.cn\/de\/product\/recycled-dog-collar-designer-dog-chain-collar\/","title":{"rendered":"Recyceltes Hundehalsband, Designer-Hundekettenhalsband"},"content":{"rendered":"<h2>Merkmale des recycelten Hundehalsbandes<\/h2>\n<ol>\n<li><strong>Umweltfreundliches recyceltes PET-Material<\/strong>: Unser recyceltes Hundehalsband wird aus recyceltem PET (Polyethylenterephthalat) hergestellt und tr\u00e4gt so zu einer nachhaltigen und umweltfreundlichen Umgebung bei. Durch die Verwendung von recycelten Materialien helfen Sie, Abfall zu reduzieren und einen gr\u00fcneren Planeten zu f\u00f6rdern.<\/li>\n<li><strong>Einstellbare und bequeme Passform<\/strong>: Mit seinem verstellbaren Design gew\u00e4hrleistet unser Halsband eine perfekte Passform f\u00fcr Hunde verschiedener Gr\u00f6\u00dfen und Rassen. Sie k\u00f6nnen die L\u00e4nge des Halsbandes ganz einfach anpassen, um einen sicheren und bequemen Halt f\u00fcr Ihr Haustier zu gew\u00e4hrleisten.<\/li>\n<li><strong>Stilvolles und modisches Design<\/strong>: Unser Designer-Hundehalsband zeichnet sich durch einen eleganten und modernen Look aus, der dem Ensemble Ihres Haustiers einen Hauch von Stil verleiht. Mit seinem modischen Design kann Ihr Haustier in jeder Menge auffallen und bleibt dabei bequem und sicher.<\/li>\n<li><strong>Sp\u00e9cialisation dans la fabrication sur mesure de produits pour animaux de compagnie.<\/strong>: Unser Hundehalsband ist aus hochwertigem, recyceltem PET hergestellt und daher langlebig und strapazierf\u00e4hig. Es h\u00e4lt der t\u00e4glichen Beanspruchung stand und gew\u00e4hrleistet die Sicherheit Ihres Hundes bei Spazierg\u00e4ngen, Trainingseinheiten und Aktivit\u00e4ten im Freien.<\/li>\n<li><strong>Leicht zu reinigen und zu pflegen<\/strong>: Dank des recycelten PET-Materials ist unser Halsband leicht zu reinigen und zu pflegen. Wischen Sie es einfach mit einem feuchten Tuch ab oder waschen Sie es in kaltem Wasser, um es frisch und neu aussehen zu lassen, damit das Halsband Ihres Haustieres in Topform bleibt.<\/li>\n<li><strong>Vielseitig f\u00fcr verschiedene Anwendungen<\/strong>: Ob Sie mit Ihrem Hund spazieren gehen, ihn trainieren oder einfach nur Zeit im Freien verbringen, unser recyceltes Halsband f\u00fcr Haustiere ist vielseitig genug, um Ihre Bed\u00fcrfnisse zu erf\u00fcllen. Seine robuste Konstruktion und sein stilvolles Design machen es f\u00fcr alle Gelegenheiten geeignet.<\/li>\n<li><strong>Umweltbewusste Wahl<\/strong>: Wenn Sie sich f\u00fcr unser Hundehalsband entscheiden, treffen Sie eine umweltbewusste Wahl. Sie tragen dazu bei, Abfall zu reduzieren und Nachhaltigkeit zu f\u00f6rdern, w\u00e4hrend Sie Ihrem Haustier ein stilvolles und funktionelles Accessoire geben.<\/li>\n<\/ol>","protected":false},"excerpt":{"rendered":"<p>Wir sind ein Hersteller von Halsb\u00e4ndern, Leinen und Geschirren f\u00fcr Haustiere mit mehr als 20 Jahren Erfahrung. Wir bieten Anpassungsoptionen f\u00fcr Farbe, Gr\u00f6\u00dfe, Stoff, Muster, Logo und andere Funktionen.<\/p>","protected":false},"featured_media":22491,"template":"","meta":{"_acf_changed":false},"product_brand":[],"product_cat":[130,71,124,72],"product_tag":[214,212],"class_list":{"0":"post-22484","1":"product","2":"type-product","3":"status-publish","4":"has-post-thumbnail","6":"product_cat-cat-collars-leashes-harnesses","7":"product_cat-cat-supplies","8":"product_cat-dog-collars-leashes-harnesses","9":"product_cat-dog-supplies","10":"product_tag-cat-collars","11":"product_tag-pet-collars","13":"first","14":"instock","15":"shipping-taxable","16":"product-type-simple"},"acf":[],"yoast_head":"<!-- This site is optimized with the Yoast SEO plugin v27.1.1 - https:\/\/yoast.com\/product\/yoast-seo-wordpress\/ -->\n<title>Recycled Dog Collar | Dog Chain Collar Factory - Petstar<\/title>\n<meta name=\"description\" content=\"Explore recycled dog collar, designer dog collar, dog chain collar from the manufacturer. Your ideal business solution with Petstar.\" \/>\n<meta name=\"robots\" content=\"index, follow, max-snippet:-1, max-image-preview:large, max-video-preview:-1\" \/>\n<link rel=\"canonical\" href=\"https:\/\/petproducts.com.cn\/de\/produkt\/recycled-dog-collar-designer-dog-chain-collar\/\" \/>\n<meta property=\"og:locale\" content=\"de_DE\" \/>\n<meta property=\"og:type\" content=\"article\" \/>\n<meta property=\"og:title\" content=\"Recycled Dog Collar | Dog Chain Collar Factory - Petstar\" \/>\n<meta property=\"og:description\" content=\"Explore recycled dog collar, designer dog collar, dog chain collar from the manufacturer. Your ideal business solution with Petstar.\" \/>\n<meta property=\"og:url\" content=\"https:\/\/petproducts.com.cn\/de\/produkt\/recycled-dog-collar-designer-dog-chain-collar\/\" \/>\n<meta property=\"og:site_name\" content=\"Petstar\" \/>\n<meta property=\"article:modified_time\" content=\"2024-08-23T01:37:47+00:00\" \/>\n<meta property=\"og:image\" content=\"https:\/\/petproducts.com.cn\/wp-content\/uploads\/2024\/04\/recycled-dog-collar.webp\" \/>\n\t<meta property=\"og:image:width\" content=\"1000\" \/>\n\t<meta property=\"og:image:height\" content=\"1000\" \/>\n\t<meta property=\"og:image:type\" content=\"image\/webp\" \/>\n<meta name=\"twitter:card\" content=\"summary_large_image\" \/>\n<meta name=\"twitter:label1\" content=\"Gesch\u00e4tzte Lesezeit\" \/>\n\t<meta name=\"twitter:data1\" content=\"2\u00a0Minuten\" \/>\n<script type=\"application\/ld+json\" class=\"yoast-schema-graph\">{\"@context\":\"https:\/\/schema.org\",\"@graph\":[{\"@type\":\"WebPage\",\"@id\":\"https:\/\/petproducts.com.cn\/product\/recycled-dog-collar-designer-dog-chain-collar\/\",\"url\":\"https:\/\/petproducts.com.cn\/product\/recycled-dog-collar-designer-dog-chain-collar\/\",\"name\":\"Recycled Dog Collar | Dog Chain Collar Factory - Petstar\",\"isPartOf\":{\"@id\":\"https:\/\/petproducts.com.cn\/#website\"},\"primaryImageOfPage\":{\"@id\":\"https:\/\/petproducts.com.cn\/product\/recycled-dog-collar-designer-dog-chain-collar\/#primaryimage\"},\"image\":{\"@id\":\"https:\/\/petproducts.com.cn\/product\/recycled-dog-collar-designer-dog-chain-collar\/#primaryimage\"},\"thumbnailUrl\":\"https:\/\/petproducts.com.cn\/wp-content\/uploads\/2024\/04\/recycled-dog-collar.webp\",\"datePublished\":\"2024-04-22T08:46:28+00:00\",\"dateModified\":\"2024-08-23T01:37:47+00:00\",\"description\":\"Explore recycled dog collar, designer dog collar, dog chain collar from the manufacturer. Your ideal business solution with Petstar.\",\"breadcrumb\":{\"@id\":\"https:\/\/petproducts.com.cn\/product\/recycled-dog-collar-designer-dog-chain-collar\/#breadcrumb\"},\"inLanguage\":\"de\",\"potentialAction\":[{\"@type\":\"ReadAction\",\"target\":[\"https:\/\/petproducts.com.cn\/product\/recycled-dog-collar-designer-dog-chain-collar\/\"]}]},{\"@type\":\"ImageObject\",\"inLanguage\":\"de\",\"@id\":\"https:\/\/petproducts.com.cn\/product\/recycled-dog-collar-designer-dog-chain-collar\/#primaryimage\",\"url\":\"https:\/\/petproducts.com.cn\/wp-content\/uploads\/2024\/04\/recycled-dog-collar.webp\",\"contentUrl\":\"https:\/\/petproducts.com.cn\/wp-content\/uploads\/2024\/04\/recycled-dog-collar.webp\",\"width\":1000,\"height\":1000,\"caption\":\"recycled dog collar\"},{\"@type\":\"BreadcrumbList\",\"@id\":\"https:\/\/petproducts.com.cn\/product\/recycled-dog-collar-designer-dog-chain-collar\/#breadcrumb\",\"itemListElement\":[{\"@type\":\"ListItem\",\"position\":1,\"name\":\"HOME\",\"item\":\"https:\/\/petproducts.com.cn\/\"},{\"@type\":\"ListItem\",\"position\":2,\"name\":\"Products\",\"item\":\"https:\/\/petproducts.com.cn\/shop\/\"},{\"@type\":\"ListItem\",\"position\":3,\"name\":\"Dog Collars, Leashes &amp; Harnesses\",\"item\":\"https:\/\/petproducts.com.cn\/product-category\/dog-collars-leashes-harnesses\/\"},{\"@type\":\"ListItem\",\"position\":4,\"name\":\"Recycled Dog Collar Designer Dog Chain Collar\"}]},{\"@type\":\"WebSite\",\"@id\":\"https:\/\/petproducts.com.cn\/#website\",\"url\":\"https:\/\/petproducts.com.cn\/\",\"name\":\"Petstar\",\"description\":\"Leading Pet Supplies Manufacturer &amp; OEM Pet Products Supplier\",\"publisher\":{\"@id\":\"https:\/\/petproducts.com.cn\/#organization\"},\"alternateName\":\"Petstar Pet Supplies\",\"potentialAction\":[{\"@type\":\"SearchAction\",\"target\":{\"@type\":\"EntryPoint\",\"urlTemplate\":\"https:\/\/petproducts.com.cn\/?s={search_term_string}\"},\"query-input\":{\"@type\":\"PropertyValueSpecification\",\"valueRequired\":true,\"valueName\":\"search_term_string\"}}],\"inLanguage\":\"de\"},{\"@type\":\"Organization\",\"@id\":\"https:\/\/petproducts.com.cn\/#organization\",\"name\":\"Petstar\",\"url\":\"https:\/\/petproducts.com.cn\/\",\"logo\":{\"@type\":\"ImageObject\",\"inLanguage\":\"de\",\"@id\":\"https:\/\/petproducts.com.cn\/#\/schema\/logo\/image\/\",\"url\":\"https:\/\/petproducts.com.cn\/wp-content\/uploads\/2020\/02\/petstar-logo.webp\",\"contentUrl\":\"https:\/\/petproducts.com.cn\/wp-content\/uploads\/2020\/02\/petstar-logo.webp\",\"width\":779,\"height\":520,\"caption\":\"Petstar\"},\"image\":{\"@id\":\"https:\/\/petproducts.com.cn\/#\/schema\/logo\/image\/\"}}]}<\/script>\n<!-- \/ Yoast SEO plugin. -->","yoast_head_json":{"title":"Recyceltes Hundehalsband | Hundekettenhalsband Fabrik - Petstar","description":"Entdecken Sie recycelte Hundehalsband, Designer Hundehalsband, Hundekette Halsband vom Hersteller. Ihre ideale Business-L\u00f6sung mit Petstar.","robots":{"index":"index","follow":"follow","max-snippet":"max-snippet:-1","max-image-preview":"max-image-preview:large","max-video-preview":"max-video-preview:-1"},"canonical":"https:\/\/petproducts.com.cn\/de\/produkt\/recycled-dog-collar-designer-dog-chain-collar\/","og_locale":"de_DE","og_type":"article","og_title":"Recycled Dog Collar | Dog Chain Collar Factory - Petstar","og_description":"Explore recycled dog collar, designer dog collar, dog chain collar from the manufacturer. Your ideal business solution with Petstar.","og_url":"https:\/\/petproducts.com.cn\/de\/produkt\/recycled-dog-collar-designer-dog-chain-collar\/","og_site_name":"Petstar","article_modified_time":"2024-08-23T01:37:47+00:00","og_image":[{"width":1000,"height":1000,"url":"https:\/\/petproducts.com.cn\/wp-content\/uploads\/2024\/04\/recycled-dog-collar.webp","type":"image\/webp"}],"twitter_card":"summary_large_image","twitter_misc":{"Gesch\u00e4tzte Lesezeit":"2\u00a0Minuten"},"schema":{"@context":"https:\/\/schema.org","@graph":[{"@type":"WebPage","@id":"https:\/\/petproducts.com.cn\/product\/recycled-dog-collar-designer-dog-chain-collar\/","url":"https:\/\/petproducts.com.cn\/product\/recycled-dog-collar-designer-dog-chain-collar\/","name":"Recyceltes Hundehalsband | Hundekettenhalsband Fabrik - Petstar","isPartOf":{"@id":"https:\/\/petproducts.com.cn\/#website"},"primaryImageOfPage":{"@id":"https:\/\/petproducts.com.cn\/product\/recycled-dog-collar-designer-dog-chain-collar\/#primaryimage"},"image":{"@id":"https:\/\/petproducts.com.cn\/product\/recycled-dog-collar-designer-dog-chain-collar\/#primaryimage"},"thumbnailUrl":"https:\/\/petproducts.com.cn\/wp-content\/uploads\/2024\/04\/recycled-dog-collar.webp","datePublished":"2024-04-22T08:46:28+00:00","dateModified":"2024-08-23T01:37:47+00:00","description":"Entdecken Sie recycelte Hundehalsband, Designer Hundehalsband, Hundekette Halsband vom Hersteller. Ihre ideale Business-L\u00f6sung mit Petstar.","breadcrumb":{"@id":"https:\/\/petproducts.com.cn\/product\/recycled-dog-collar-designer-dog-chain-collar\/#breadcrumb"},"inLanguage":"de","potentialAction":[{"@type":"ReadAction","target":["https:\/\/petproducts.com.cn\/product\/recycled-dog-collar-designer-dog-chain-collar\/"]}]},{"@type":"ImageObject","inLanguage":"de","@id":"https:\/\/petproducts.com.cn\/product\/recycled-dog-collar-designer-dog-chain-collar\/#primaryimage","url":"https:\/\/petproducts.com.cn\/wp-content\/uploads\/2024\/04\/recycled-dog-collar.webp","contentUrl":"https:\/\/petproducts.com.cn\/wp-content\/uploads\/2024\/04\/recycled-dog-collar.webp","width":1000,"height":1000,"caption":"recycled dog collar"},{"@type":"BreadcrumbList","@id":"https:\/\/petproducts.com.cn\/product\/recycled-dog-collar-designer-dog-chain-collar\/#breadcrumb","itemListElement":[{"@type":"ListItem","position":1,"name":"HOME","item":"https:\/\/petproducts.com.cn\/"},{"@type":"ListItem","position":2,"name":"Products","item":"https:\/\/petproducts.com.cn\/shop\/"},{"@type":"ListItem","position":3,"name":"Dog Collars, Leashes &amp; Harnesses","item":"https:\/\/petproducts.com.cn\/product-category\/dog-collars-leashes-harnesses\/"},{"@type":"ListItem","position":4,"name":"Recycled Dog Collar Designer Dog Chain Collar"}]},{"@type":"WebSite","@id":"https:\/\/petproducts.com.cn\/#website","url":"https:\/\/petproducts.com.cn\/","name":"Petstar","description":"F\u00fchrender Hersteller von Heimtierbedarf und OEM-Lieferant von Heimtierprodukten","publisher":{"@id":"https:\/\/petproducts.com.cn\/#organization"},"alternateName":"Petstar Pet Supplies","potentialAction":[{"@type":"SearchAction","target":{"@type":"EntryPoint","urlTemplate":"https:\/\/petproducts.com.cn\/?s={search_term_string}"},"query-input":{"@type":"PropertyValueSpecification","valueRequired":true,"valueName":"search_term_string"}}],"inLanguage":"de"},{"@type":"Organization","@id":"https:\/\/petproducts.com.cn\/#organization","name":"Petstar","url":"https:\/\/petproducts.com.cn\/","logo":{"@type":"ImageObject","inLanguage":"de","@id":"https:\/\/petproducts.com.cn\/#\/schema\/logo\/image\/","url":"https:\/\/petproducts.com.cn\/wp-content\/uploads\/2020\/02\/petstar-logo.webp","contentUrl":"https:\/\/petproducts.com.cn\/wp-content\/uploads\/2020\/02\/petstar-logo.webp","width":779,"height":520,"caption":"Petstar"},"image":{"@id":"https:\/\/petproducts.com.cn\/#\/schema\/logo\/image\/"}}]}},"_links":{"self":[{"href":"https:\/\/petproducts.com.cn\/de\/wp-json\/wp\/v2\/product\/22484","targetHints":{"allow":["GET"]}}],"collection":[{"href":"https:\/\/petproducts.com.cn\/de\/wp-json\/wp\/v2\/product"}],"about":[{"href":"https:\/\/petproducts.com.cn\/de\/wp-json\/wp\/v2\/types\/product"}],"version-history":[{"count":2,"href":"https:\/\/petproducts.com.cn\/de\/wp-json\/wp\/v2\/product\/22484\/revisions"}],"predecessor-version":[{"id":22492,"href":"https:\/\/petproducts.com.cn\/de\/wp-json\/wp\/v2\/product\/22484\/revisions\/22492"}],"wp:featuredmedia":[{"embeddable":true,"href":"https:\/\/petproducts.com.cn\/de\/wp-json\/wp\/v2\/media\/22491"}],"wp:attachment":[{"href":"https:\/\/petproducts.com.cn\/de\/wp-json\/wp\/v2\/media?parent=22484"}],"wp:term":[{"taxonomy":"product_brand","embeddable":true,"href":"https:\/\/petproducts.com.cn\/de\/wp-json\/wp\/v2\/product_brand?post=22484"},{"taxonomy":"product_cat","embeddable":true,"href":"https:\/\/petproducts.com.cn\/de\/wp-json\/wp\/v2\/product_cat?post=22484"},{"taxonomy":"product_tag","embeddable":true,"href":"https:\/\/petproducts.com.cn\/de\/wp-json\/wp\/v2\/product_tag?post=22484"}],"curies":[{"name":"wp","href":"https:\/\/api.w.org\/{rel}","templated":true}]}}