{"id":22505,"date":"2024-04-23T02:25:27","date_gmt":"2024-04-23T02:25:27","guid":{"rendered":"https:\/\/petproducts.com.cn\/?post_type=product&#038;p=22505"},"modified":"2024-08-23T01:27:27","modified_gmt":"2024-08-23T01:27:27","slug":"recycled-rope-dog-leash-wholesale-pet-leashes","status":"publish","type":"product","link":"https:\/\/petproducts.com.cn\/de\/product\/recycled-rope-dog-leash-wholesale-pet-leashes\/","title":{"rendered":"Hundeleinen aus recyceltem Seil. Gro\u00dfhandel f\u00fcr Haustierleinen"},"content":{"rendered":"<h2>Merkmale der Recycled Rope Hundeleine<\/h2>\n<ol>\n<li><strong>Hergestellt aus recyceltem PET<\/strong>: Unsere Hundeleine aus recyceltem Seil wird aus recyceltem PET-Material hergestellt und ist somit umweltfreundlich und nachhaltig. Durch die Verwendung von recycelten Materialien reduzieren wir den Abfall und tragen zu einem gr\u00fcneren Planeten bei. So k\u00f6nnen Sie einen positiven Einfluss aus\u00fcben und gleichzeitig hochwertiges Haustierzubeh\u00f6r genie\u00dfen.<\/li>\n<li><strong>Stilvoll und trendig<\/strong>: Wer sagt, dass umweltfreundlich nicht modisch sein kann? Unsere Haustierleine aus recyceltem Seil hat ein modernes und stilvolles Design, das zu jedem Outfit passt. Ihr trendiges Aussehen macht sie zum perfekten Accessoire f\u00fcr modebewusste Tierhalter und ihre pelzigen Freunde.<\/li>\n<li><strong>Komfortabler Griff<\/strong>: Die recycelte Hundeleine hat einen bequemen Griff, der perfekt in der Hand liegt und die Belastung bei langen Spazierg\u00e4ngen oder Wanderungen verringert. Jetzt k\u00f6nnen Sie Ihre Zeit im Freien ohne Unannehmlichkeiten genie\u00dfen.<\/li>\n<li><strong>Vielseitiger Einsatz<\/strong>: Egal, ob Sie durch den Park spazieren oder neue Wege erkunden, unsere recycelte Leine f\u00fcr Haustiere ist f\u00fcr jede Aufgabe ger\u00fcstet. Dank ihres vielseitigen Designs ist sie f\u00fcr alle Arten von Outdoor-Aktivit\u00e4ten geeignet und gibt Ihnen die Freiheit, mit Ihrem Haustier an Ihrer Seite auf Entdeckungstour zu gehen.<\/li>\n<li><strong>Einfach zu s\u00e4ubern<\/strong>: Unsere Hundeleine aus Seil ist leicht zu reinigen, damit sie immer frisch und neu aussieht. Sp\u00fclen Sie sie einfach mit Wasser ab oder wischen Sie sie mit einem feuchten Tuch ab, und sie ist bereit f\u00fcr das n\u00e4chste Abenteuer.<\/li>\n<\/ol>","protected":false},"excerpt":{"rendered":"<p>Wir sind ein Hersteller von Halsb\u00e4ndern, Leinen und Geschirren f\u00fcr Haustiere mit mehr als 20 Jahren Erfahrung. Wir bieten Anpassungsoptionen f\u00fcr Farbe, Gr\u00f6\u00dfe, Stoff, Muster, Logo und andere Funktionen.<\/p>","protected":false},"featured_media":22510,"template":"","meta":{"_acf_changed":false},"product_brand":[],"product_cat":[130,71,124,72],"product_tag":[213],"class_list":{"0":"post-22505","1":"product","2":"type-product","3":"status-publish","4":"has-post-thumbnail","6":"product_cat-cat-collars-leashes-harnesses","7":"product_cat-cat-supplies","8":"product_cat-dog-collars-leashes-harnesses","9":"product_cat-dog-supplies","10":"product_tag-pet-leashes","12":"first","13":"instock","14":"shipping-taxable","15":"product-type-simple"},"acf":[],"yoast_head":"<!-- This site is optimized with the Yoast SEO plugin v27.1.1 - https:\/\/yoast.com\/product\/yoast-seo-wordpress\/ -->\n<title>Recycled Rope Dog Leash | Wholesale Pet Leashes Factory - Petstar<\/title>\n<meta name=\"description\" content=\"Explore recycled rope dog leash, pet leash, wholesale pet leashes from the manufacturer. Your ideal business solution with Petstar.\" \/>\n<meta name=\"robots\" content=\"index, follow, max-snippet:-1, max-image-preview:large, max-video-preview:-1\" \/>\n<link rel=\"canonical\" href=\"https:\/\/petproducts.com.cn\/de\/produkt\/recycled-rope-dog-leash-wholesale-pet-leashes\/\" \/>\n<meta property=\"og:locale\" content=\"de_DE\" \/>\n<meta property=\"og:type\" content=\"article\" \/>\n<meta property=\"og:title\" content=\"Recycled Rope Dog Leash | Wholesale Pet Leashes Factory - Petstar\" \/>\n<meta property=\"og:description\" content=\"Explore recycled rope dog leash, pet leash, wholesale pet leashes from the manufacturer. Your ideal business solution with Petstar.\" \/>\n<meta property=\"og:url\" content=\"https:\/\/petproducts.com.cn\/de\/produkt\/recycled-rope-dog-leash-wholesale-pet-leashes\/\" \/>\n<meta property=\"og:site_name\" content=\"Petstar\" \/>\n<meta property=\"article:modified_time\" content=\"2024-08-23T01:27:27+00:00\" \/>\n<meta property=\"og:image\" content=\"https:\/\/petproducts.com.cn\/wp-content\/uploads\/2024\/04\/rope-dog-leash.webp\" \/>\n\t<meta property=\"og:image:width\" content=\"1000\" \/>\n\t<meta property=\"og:image:height\" content=\"1000\" \/>\n\t<meta property=\"og:image:type\" content=\"image\/webp\" \/>\n<meta name=\"twitter:card\" content=\"summary_large_image\" \/>\n<meta name=\"twitter:label1\" content=\"Gesch\u00e4tzte Lesezeit\" \/>\n\t<meta name=\"twitter:data1\" content=\"1\u00a0Minute\" \/>\n<script type=\"application\/ld+json\" class=\"yoast-schema-graph\">{\"@context\":\"https:\/\/schema.org\",\"@graph\":[{\"@type\":\"WebPage\",\"@id\":\"https:\/\/petproducts.com.cn\/product\/recycled-rope-dog-leash-wholesale-pet-leashes\/\",\"url\":\"https:\/\/petproducts.com.cn\/product\/recycled-rope-dog-leash-wholesale-pet-leashes\/\",\"name\":\"Recycled Rope Dog Leash | Wholesale Pet Leashes Factory - Petstar\",\"isPartOf\":{\"@id\":\"https:\/\/petproducts.com.cn\/#website\"},\"primaryImageOfPage\":{\"@id\":\"https:\/\/petproducts.com.cn\/product\/recycled-rope-dog-leash-wholesale-pet-leashes\/#primaryimage\"},\"image\":{\"@id\":\"https:\/\/petproducts.com.cn\/product\/recycled-rope-dog-leash-wholesale-pet-leashes\/#primaryimage\"},\"thumbnailUrl\":\"https:\/\/petproducts.com.cn\/wp-content\/uploads\/2024\/04\/rope-dog-leash.webp\",\"datePublished\":\"2024-04-23T02:25:27+00:00\",\"dateModified\":\"2024-08-23T01:27:27+00:00\",\"description\":\"Explore recycled rope dog leash, pet leash, wholesale pet leashes from the manufacturer. Your ideal business solution with Petstar.\",\"breadcrumb\":{\"@id\":\"https:\/\/petproducts.com.cn\/product\/recycled-rope-dog-leash-wholesale-pet-leashes\/#breadcrumb\"},\"inLanguage\":\"de\",\"potentialAction\":[{\"@type\":\"ReadAction\",\"target\":[\"https:\/\/petproducts.com.cn\/product\/recycled-rope-dog-leash-wholesale-pet-leashes\/\"]}]},{\"@type\":\"ImageObject\",\"inLanguage\":\"de\",\"@id\":\"https:\/\/petproducts.com.cn\/product\/recycled-rope-dog-leash-wholesale-pet-leashes\/#primaryimage\",\"url\":\"https:\/\/petproducts.com.cn\/wp-content\/uploads\/2024\/04\/rope-dog-leash.webp\",\"contentUrl\":\"https:\/\/petproducts.com.cn\/wp-content\/uploads\/2024\/04\/rope-dog-leash.webp\",\"width\":1000,\"height\":1000,\"caption\":\"rope dog leash\"},{\"@type\":\"BreadcrumbList\",\"@id\":\"https:\/\/petproducts.com.cn\/product\/recycled-rope-dog-leash-wholesale-pet-leashes\/#breadcrumb\",\"itemListElement\":[{\"@type\":\"ListItem\",\"position\":1,\"name\":\"HOME\",\"item\":\"https:\/\/petproducts.com.cn\/\"},{\"@type\":\"ListItem\",\"position\":2,\"name\":\"Products\",\"item\":\"https:\/\/petproducts.com.cn\/shop\/\"},{\"@type\":\"ListItem\",\"position\":3,\"name\":\"Dog Collars, Leashes &amp; Harnesses\",\"item\":\"https:\/\/petproducts.com.cn\/product-category\/dog-collars-leashes-harnesses\/\"},{\"@type\":\"ListItem\",\"position\":4,\"name\":\"Recycled Rope Dog Leash Wholesale Pet Leashes\"}]},{\"@type\":\"WebSite\",\"@id\":\"https:\/\/petproducts.com.cn\/#website\",\"url\":\"https:\/\/petproducts.com.cn\/\",\"name\":\"Petstar\",\"description\":\"Leading Pet Supplies Manufacturer &amp; OEM Pet Products Supplier\",\"publisher\":{\"@id\":\"https:\/\/petproducts.com.cn\/#organization\"},\"alternateName\":\"Petstar Pet Supplies\",\"potentialAction\":[{\"@type\":\"SearchAction\",\"target\":{\"@type\":\"EntryPoint\",\"urlTemplate\":\"https:\/\/petproducts.com.cn\/?s={search_term_string}\"},\"query-input\":{\"@type\":\"PropertyValueSpecification\",\"valueRequired\":true,\"valueName\":\"search_term_string\"}}],\"inLanguage\":\"de\"},{\"@type\":\"Organization\",\"@id\":\"https:\/\/petproducts.com.cn\/#organization\",\"name\":\"Petstar\",\"url\":\"https:\/\/petproducts.com.cn\/\",\"logo\":{\"@type\":\"ImageObject\",\"inLanguage\":\"de\",\"@id\":\"https:\/\/petproducts.com.cn\/#\/schema\/logo\/image\/\",\"url\":\"https:\/\/petproducts.com.cn\/wp-content\/uploads\/2020\/02\/petstar-logo.webp\",\"contentUrl\":\"https:\/\/petproducts.com.cn\/wp-content\/uploads\/2020\/02\/petstar-logo.webp\",\"width\":779,\"height\":520,\"caption\":\"Petstar\"},\"image\":{\"@id\":\"https:\/\/petproducts.com.cn\/#\/schema\/logo\/image\/\"}}]}<\/script>\n<!-- \/ Yoast SEO plugin. -->","yoast_head_json":{"title":"Recycelte Seil Hundeleine | Gro\u00dfhandel Haustier Leinen Fabrik - Petstar","description":"Entdecken Sie recycelte Seil Hundeleine, Haustier Leine, Gro\u00dfhandel Haustier Leinen vom Hersteller. Ihre ideale Business-L\u00f6sung mit Petstar.","robots":{"index":"index","follow":"follow","max-snippet":"max-snippet:-1","max-image-preview":"max-image-preview:large","max-video-preview":"max-video-preview:-1"},"canonical":"https:\/\/petproducts.com.cn\/de\/produkt\/recycled-rope-dog-leash-wholesale-pet-leashes\/","og_locale":"de_DE","og_type":"article","og_title":"Recycled Rope Dog Leash | Wholesale Pet Leashes Factory - Petstar","og_description":"Explore recycled rope dog leash, pet leash, wholesale pet leashes from the manufacturer. Your ideal business solution with Petstar.","og_url":"https:\/\/petproducts.com.cn\/de\/produkt\/recycled-rope-dog-leash-wholesale-pet-leashes\/","og_site_name":"Petstar","article_modified_time":"2024-08-23T01:27:27+00:00","og_image":[{"width":1000,"height":1000,"url":"https:\/\/petproducts.com.cn\/wp-content\/uploads\/2024\/04\/rope-dog-leash.webp","type":"image\/webp"}],"twitter_card":"summary_large_image","twitter_misc":{"Gesch\u00e4tzte Lesezeit":"1\u00a0Minute"},"schema":{"@context":"https:\/\/schema.org","@graph":[{"@type":"WebPage","@id":"https:\/\/petproducts.com.cn\/product\/recycled-rope-dog-leash-wholesale-pet-leashes\/","url":"https:\/\/petproducts.com.cn\/product\/recycled-rope-dog-leash-wholesale-pet-leashes\/","name":"Recycelte Seil Hundeleine | Gro\u00dfhandel Haustier Leinen Fabrik - Petstar","isPartOf":{"@id":"https:\/\/petproducts.com.cn\/#website"},"primaryImageOfPage":{"@id":"https:\/\/petproducts.com.cn\/product\/recycled-rope-dog-leash-wholesale-pet-leashes\/#primaryimage"},"image":{"@id":"https:\/\/petproducts.com.cn\/product\/recycled-rope-dog-leash-wholesale-pet-leashes\/#primaryimage"},"thumbnailUrl":"https:\/\/petproducts.com.cn\/wp-content\/uploads\/2024\/04\/rope-dog-leash.webp","datePublished":"2024-04-23T02:25:27+00:00","dateModified":"2024-08-23T01:27:27+00:00","description":"Entdecken Sie recycelte Seil Hundeleine, Haustier Leine, Gro\u00dfhandel Haustier Leinen vom Hersteller. Ihre ideale Business-L\u00f6sung mit Petstar.","breadcrumb":{"@id":"https:\/\/petproducts.com.cn\/product\/recycled-rope-dog-leash-wholesale-pet-leashes\/#breadcrumb"},"inLanguage":"de","potentialAction":[{"@type":"ReadAction","target":["https:\/\/petproducts.com.cn\/product\/recycled-rope-dog-leash-wholesale-pet-leashes\/"]}]},{"@type":"ImageObject","inLanguage":"de","@id":"https:\/\/petproducts.com.cn\/product\/recycled-rope-dog-leash-wholesale-pet-leashes\/#primaryimage","url":"https:\/\/petproducts.com.cn\/wp-content\/uploads\/2024\/04\/rope-dog-leash.webp","contentUrl":"https:\/\/petproducts.com.cn\/wp-content\/uploads\/2024\/04\/rope-dog-leash.webp","width":1000,"height":1000,"caption":"rope dog leash"},{"@type":"BreadcrumbList","@id":"https:\/\/petproducts.com.cn\/product\/recycled-rope-dog-leash-wholesale-pet-leashes\/#breadcrumb","itemListElement":[{"@type":"ListItem","position":1,"name":"HOME","item":"https:\/\/petproducts.com.cn\/"},{"@type":"ListItem","position":2,"name":"Products","item":"https:\/\/petproducts.com.cn\/shop\/"},{"@type":"ListItem","position":3,"name":"Dog Collars, Leashes &amp; Harnesses","item":"https:\/\/petproducts.com.cn\/product-category\/dog-collars-leashes-harnesses\/"},{"@type":"ListItem","position":4,"name":"Recycled Rope Dog Leash Wholesale Pet Leashes"}]},{"@type":"WebSite","@id":"https:\/\/petproducts.com.cn\/#website","url":"https:\/\/petproducts.com.cn\/","name":"Petstar","description":"F\u00fchrender Hersteller von Heimtierbedarf und OEM-Lieferant von Heimtierprodukten","publisher":{"@id":"https:\/\/petproducts.com.cn\/#organization"},"alternateName":"Petstar Pet Supplies","potentialAction":[{"@type":"SearchAction","target":{"@type":"EntryPoint","urlTemplate":"https:\/\/petproducts.com.cn\/?s={search_term_string}"},"query-input":{"@type":"PropertyValueSpecification","valueRequired":true,"valueName":"search_term_string"}}],"inLanguage":"de"},{"@type":"Organization","@id":"https:\/\/petproducts.com.cn\/#organization","name":"Petstar","url":"https:\/\/petproducts.com.cn\/","logo":{"@type":"ImageObject","inLanguage":"de","@id":"https:\/\/petproducts.com.cn\/#\/schema\/logo\/image\/","url":"https:\/\/petproducts.com.cn\/wp-content\/uploads\/2020\/02\/petstar-logo.webp","contentUrl":"https:\/\/petproducts.com.cn\/wp-content\/uploads\/2020\/02\/petstar-logo.webp","width":779,"height":520,"caption":"Petstar"},"image":{"@id":"https:\/\/petproducts.com.cn\/#\/schema\/logo\/image\/"}}]}},"_links":{"self":[{"href":"https:\/\/petproducts.com.cn\/de\/wp-json\/wp\/v2\/product\/22505","targetHints":{"allow":["GET"]}}],"collection":[{"href":"https:\/\/petproducts.com.cn\/de\/wp-json\/wp\/v2\/product"}],"about":[{"href":"https:\/\/petproducts.com.cn\/de\/wp-json\/wp\/v2\/types\/product"}],"version-history":[{"count":2,"href":"https:\/\/petproducts.com.cn\/de\/wp-json\/wp\/v2\/product\/22505\/revisions"}],"predecessor-version":[{"id":22513,"href":"https:\/\/petproducts.com.cn\/de\/wp-json\/wp\/v2\/product\/22505\/revisions\/22513"}],"wp:featuredmedia":[{"embeddable":true,"href":"https:\/\/petproducts.com.cn\/de\/wp-json\/wp\/v2\/media\/22510"}],"wp:attachment":[{"href":"https:\/\/petproducts.com.cn\/de\/wp-json\/wp\/v2\/media?parent=22505"}],"wp:term":[{"taxonomy":"product_brand","embeddable":true,"href":"https:\/\/petproducts.com.cn\/de\/wp-json\/wp\/v2\/product_brand?post=22505"},{"taxonomy":"product_cat","embeddable":true,"href":"https:\/\/petproducts.com.cn\/de\/wp-json\/wp\/v2\/product_cat?post=22505"},{"taxonomy":"product_tag","embeddable":true,"href":"https:\/\/petproducts.com.cn\/de\/wp-json\/wp\/v2\/product_tag?post=22505"}],"curies":[{"name":"wp","href":"https:\/\/api.w.org\/{rel}","templated":true}]}}