{"id":22656,"date":"2024-04-24T08:01:45","date_gmt":"2024-04-24T08:01:45","guid":{"rendered":"https:\/\/petproducts.com.cn\/?post_type=product&#038;p=22656"},"modified":"2024-04-24T08:32:15","modified_gmt":"2024-04-24T08:32:15","slug":"cat-carrier-sling-bag-wholesale-cat-carrying-bag-for-travel","status":"publish","type":"product","link":"https:\/\/petproducts.com.cn\/de\/product\/cat-carrier-sling-bag-wholesale-cat-carrying-bag-for-travel\/","title":{"rendered":"Katzentrage-Umh\u00e4ngetasche Gro\u00dfhandel Katzentragetasche f\u00fcr die Reise"},"content":{"rendered":"<h2>Eigenschaften von Cat Carrier Sling Bag<\/h2>\n<ol>\n<li><strong>Optimale Gr\u00f6\u00dfe<\/strong>. Unsere Katzentragetasche mit den Ma\u00dfen 45x37xH45cm bietet reichlich Platz f\u00fcr Katzen, um bequem zu reisen. Diese Gr\u00f6\u00dfe stellt sicher, dass Katzen genug Platz haben, um sich zu bewegen, w\u00e4hrend sie sicher in der Tasche gehalten werden.<\/li>\n<li><strong>Vielseitige Verwendung<\/strong>. Unsere Katzentransporttasche ist flexibel einsetzbar und eignet sich sowohl f\u00fcr den Transport im Auto als auch f\u00fcr das Tragen in der Hand. Diese Vielseitigkeit erm\u00f6glicht es Tierhaltern, nahtlos zwischen verschiedenen Reiseszenarien zu wechseln und so Komfort und Benutzerfreundlichkeit zu gew\u00e4hrleisten.<\/li>\n<li><strong>Sicherheitsmerkmale<\/strong>Ausgestattet mit einer Clip-On-Sicherheitsleine und einem Kissen bietet unsere Katzentransporttasche vor allem Sicherheit und Komfort f\u00fcr Katzen auf Reisen. Die Sicherheitsleine bietet zus\u00e4tzliche Sicherheit, w\u00e4hrend das Kissen einen gem\u00fctlichen Ruheplatz f\u00fcr Katzen bietet, um sich w\u00e4hrend der Reise zu entspannen.<\/li>\n<li><strong>Strapazierf\u00e4higer Quilting-Stoff<\/strong>. Unsere Katzentransporttasche ist aus hochwertigem Steppstoff gefertigt, der Strapazierf\u00e4higkeit und Langlebigkeit garantiert. Dieser Stoff ist f\u00fcr seine St\u00e4rke und Widerstandsf\u00e4higkeit bekannt und bietet zuverl\u00e4ssigen Schutz f\u00fcr Haustiere, w\u00e4hrend er gleichzeitig ein stilvolles Aussehen bewahrt.<\/li>\n<li><strong>Anpassungsoptionen<\/strong>. Sie l\u00e4sst sich an die individuellen Vorlieben und Anforderungen anpassen. Von der Auswahl der Farben und Muster bis hin zum Hinzuf\u00fcgen pers\u00f6nlicher Details haben Kunden die Freiheit, eine Tasche zu kreieren, die ihren einzigartigen Stil widerspiegelt und gleichzeitig optimalen Komfort und Funktionalit\u00e4t f\u00fcr ihre pelzigen Begleiter gew\u00e4hrleistet.<\/li>\n<\/ol>","protected":false},"excerpt":{"rendered":"<p>Wir sind ein Hersteller von Katzentragetaschen, Katzentragetaschen mit mehr als 20 Jahren Erfahrung. Wir bieten Anpassungsm\u00f6glichkeiten f\u00fcr Farbe, Gr\u00f6\u00dfe, Stoff, Muster, Logo und andere Merkmale.<\/p>","protected":false},"featured_media":22658,"template":"","meta":{"_acf_changed":false},"product_brand":[],"product_cat":[133,71,132,72],"product_tag":[145,144],"class_list":{"0":"post-22656","1":"product","2":"type-product","3":"status-publish","4":"has-post-thumbnail","6":"product_cat-cat-carriers-car-supplies","7":"product_cat-cat-supplies","8":"product_cat-dog-carriers-car-supplies","9":"product_cat-dog-supplies","10":"product_tag-cat-carriers-car-supplies","11":"product_tag-dog-carriers-car-supplies","13":"first","14":"instock","15":"shipping-taxable","16":"product-type-simple"},"acf":[],"yoast_head":"<!-- This site is optimized with the Yoast SEO plugin v27.1.1 - https:\/\/yoast.com\/product\/yoast-seo-wordpress\/ -->\n<title>cat carrier sling bag | Wholesale Cat Carrying Bag For Travel - Petstar<\/title>\n<meta name=\"description\" content=\"Explore cat carrying bag, cat bag for travel, cat carrier sling bag from the manufacturer. Your ideal business solution with Petstar.\" \/>\n<meta name=\"robots\" content=\"index, follow, max-snippet:-1, max-image-preview:large, max-video-preview:-1\" \/>\n<link rel=\"canonical\" href=\"https:\/\/petproducts.com.cn\/de\/produkt\/cat-carrier-sling-bag-wholesale-cat-carrying-bag-for-travel\/\" \/>\n<meta property=\"og:locale\" content=\"de_DE\" \/>\n<meta property=\"og:type\" content=\"article\" \/>\n<meta property=\"og:title\" content=\"cat carrier sling bag | Wholesale Cat Carrying Bag For Travel - Petstar\" \/>\n<meta property=\"og:description\" content=\"Explore cat carrying bag, cat bag for travel, cat carrier sling bag from the manufacturer. Your ideal business solution with Petstar.\" \/>\n<meta property=\"og:url\" content=\"https:\/\/petproducts.com.cn\/de\/produkt\/cat-carrier-sling-bag-wholesale-cat-carrying-bag-for-travel\/\" \/>\n<meta property=\"og:site_name\" content=\"Petstar\" \/>\n<meta property=\"article:modified_time\" content=\"2024-04-24T08:32:15+00:00\" \/>\n<meta property=\"og:image\" content=\"https:\/\/petproducts.com.cn\/wp-content\/uploads\/2024\/04\/cat-carrier-sling-bag.webp\" \/>\n\t<meta property=\"og:image:width\" content=\"1000\" \/>\n\t<meta property=\"og:image:height\" content=\"1000\" \/>\n\t<meta property=\"og:image:type\" content=\"image\/webp\" \/>\n<meta name=\"twitter:card\" content=\"summary_large_image\" \/>\n<meta name=\"twitter:label1\" content=\"Gesch\u00e4tzte Lesezeit\" \/>\n\t<meta name=\"twitter:data1\" content=\"1\u00a0Minute\" \/>\n<script type=\"application\/ld+json\" class=\"yoast-schema-graph\">{\"@context\":\"https:\/\/schema.org\",\"@graph\":[{\"@type\":\"WebPage\",\"@id\":\"https:\/\/petproducts.com.cn\/product\/cat-carrier-sling-bag-wholesale-cat-carrying-bag-for-travel\/\",\"url\":\"https:\/\/petproducts.com.cn\/product\/cat-carrier-sling-bag-wholesale-cat-carrying-bag-for-travel\/\",\"name\":\"cat carrier sling bag | Wholesale Cat Carrying Bag For Travel - Petstar\",\"isPartOf\":{\"@id\":\"https:\/\/petproducts.com.cn\/#website\"},\"primaryImageOfPage\":{\"@id\":\"https:\/\/petproducts.com.cn\/product\/cat-carrier-sling-bag-wholesale-cat-carrying-bag-for-travel\/#primaryimage\"},\"image\":{\"@id\":\"https:\/\/petproducts.com.cn\/product\/cat-carrier-sling-bag-wholesale-cat-carrying-bag-for-travel\/#primaryimage\"},\"thumbnailUrl\":\"https:\/\/petproducts.com.cn\/wp-content\/uploads\/2024\/04\/cat-carrier-sling-bag.webp\",\"datePublished\":\"2024-04-24T08:01:45+00:00\",\"dateModified\":\"2024-04-24T08:32:15+00:00\",\"description\":\"Explore cat carrying bag, cat bag for travel, cat carrier sling bag from the manufacturer. Your ideal business solution with Petstar.\",\"breadcrumb\":{\"@id\":\"https:\/\/petproducts.com.cn\/product\/cat-carrier-sling-bag-wholesale-cat-carrying-bag-for-travel\/#breadcrumb\"},\"inLanguage\":\"de\",\"potentialAction\":[{\"@type\":\"ReadAction\",\"target\":[\"https:\/\/petproducts.com.cn\/product\/cat-carrier-sling-bag-wholesale-cat-carrying-bag-for-travel\/\"]}]},{\"@type\":\"ImageObject\",\"inLanguage\":\"de\",\"@id\":\"https:\/\/petproducts.com.cn\/product\/cat-carrier-sling-bag-wholesale-cat-carrying-bag-for-travel\/#primaryimage\",\"url\":\"https:\/\/petproducts.com.cn\/wp-content\/uploads\/2024\/04\/cat-carrier-sling-bag.webp\",\"contentUrl\":\"https:\/\/petproducts.com.cn\/wp-content\/uploads\/2024\/04\/cat-carrier-sling-bag.webp\",\"width\":1000,\"height\":1000,\"caption\":\"cat carrier sling bag\"},{\"@type\":\"BreadcrumbList\",\"@id\":\"https:\/\/petproducts.com.cn\/product\/cat-carrier-sling-bag-wholesale-cat-carrying-bag-for-travel\/#breadcrumb\",\"itemListElement\":[{\"@type\":\"ListItem\",\"position\":1,\"name\":\"HOME\",\"item\":\"https:\/\/petproducts.com.cn\/\"},{\"@type\":\"ListItem\",\"position\":2,\"name\":\"Products\",\"item\":\"https:\/\/petproducts.com.cn\/shop\/\"},{\"@type\":\"ListItem\",\"position\":3,\"name\":\"Dog Carriers &amp; Car Supplies\",\"item\":\"https:\/\/petproducts.com.cn\/product-category\/dog-carriers-car-supplies\/\"},{\"@type\":\"ListItem\",\"position\":4,\"name\":\"Cat Carrier Sling Bag Wholesale Cat Carrying Bag For Travel\"}]},{\"@type\":\"WebSite\",\"@id\":\"https:\/\/petproducts.com.cn\/#website\",\"url\":\"https:\/\/petproducts.com.cn\/\",\"name\":\"Petstar\",\"description\":\"Leading Pet Supplies Manufacturer &amp; OEM Pet Products Supplier\",\"publisher\":{\"@id\":\"https:\/\/petproducts.com.cn\/#organization\"},\"alternateName\":\"Petstar Pet Supplies\",\"potentialAction\":[{\"@type\":\"SearchAction\",\"target\":{\"@type\":\"EntryPoint\",\"urlTemplate\":\"https:\/\/petproducts.com.cn\/?s={search_term_string}\"},\"query-input\":{\"@type\":\"PropertyValueSpecification\",\"valueRequired\":true,\"valueName\":\"search_term_string\"}}],\"inLanguage\":\"de\"},{\"@type\":\"Organization\",\"@id\":\"https:\/\/petproducts.com.cn\/#organization\",\"name\":\"Petstar\",\"url\":\"https:\/\/petproducts.com.cn\/\",\"logo\":{\"@type\":\"ImageObject\",\"inLanguage\":\"de\",\"@id\":\"https:\/\/petproducts.com.cn\/#\/schema\/logo\/image\/\",\"url\":\"https:\/\/petproducts.com.cn\/wp-content\/uploads\/2020\/02\/petstar-logo.webp\",\"contentUrl\":\"https:\/\/petproducts.com.cn\/wp-content\/uploads\/2020\/02\/petstar-logo.webp\",\"width\":779,\"height\":520,\"caption\":\"Petstar\"},\"image\":{\"@id\":\"https:\/\/petproducts.com.cn\/#\/schema\/logo\/image\/\"}}]}<\/script>\n<!-- \/ Yoast SEO plugin. -->","yoast_head_json":{"title":"Katze Tr\u00e4ger Sling Bag | Gro\u00dfhandel Katze Tragetasche f\u00fcr Reisen - Petstar","description":"Entdecken Sie Katzentragetasche, Katzentasche f\u00fcr Reisen, Katzentragetasche Sling Bag vom Hersteller. Ihre ideale Business-L\u00f6sung mit Petstar.","robots":{"index":"index","follow":"follow","max-snippet":"max-snippet:-1","max-image-preview":"max-image-preview:large","max-video-preview":"max-video-preview:-1"},"canonical":"https:\/\/petproducts.com.cn\/de\/produkt\/cat-carrier-sling-bag-wholesale-cat-carrying-bag-for-travel\/","og_locale":"de_DE","og_type":"article","og_title":"cat carrier sling bag | Wholesale Cat Carrying Bag For Travel - Petstar","og_description":"Explore cat carrying bag, cat bag for travel, cat carrier sling bag from the manufacturer. Your ideal business solution with Petstar.","og_url":"https:\/\/petproducts.com.cn\/de\/produkt\/cat-carrier-sling-bag-wholesale-cat-carrying-bag-for-travel\/","og_site_name":"Petstar","article_modified_time":"2024-04-24T08:32:15+00:00","og_image":[{"width":1000,"height":1000,"url":"https:\/\/petproducts.com.cn\/wp-content\/uploads\/2024\/04\/cat-carrier-sling-bag.webp","type":"image\/webp"}],"twitter_card":"summary_large_image","twitter_misc":{"Gesch\u00e4tzte Lesezeit":"1\u00a0Minute"},"schema":{"@context":"https:\/\/schema.org","@graph":[{"@type":"WebPage","@id":"https:\/\/petproducts.com.cn\/product\/cat-carrier-sling-bag-wholesale-cat-carrying-bag-for-travel\/","url":"https:\/\/petproducts.com.cn\/product\/cat-carrier-sling-bag-wholesale-cat-carrying-bag-for-travel\/","name":"Katze Tr\u00e4ger Sling Bag | Gro\u00dfhandel Katze Tragetasche f\u00fcr Reisen - Petstar","isPartOf":{"@id":"https:\/\/petproducts.com.cn\/#website"},"primaryImageOfPage":{"@id":"https:\/\/petproducts.com.cn\/product\/cat-carrier-sling-bag-wholesale-cat-carrying-bag-for-travel\/#primaryimage"},"image":{"@id":"https:\/\/petproducts.com.cn\/product\/cat-carrier-sling-bag-wholesale-cat-carrying-bag-for-travel\/#primaryimage"},"thumbnailUrl":"https:\/\/petproducts.com.cn\/wp-content\/uploads\/2024\/04\/cat-carrier-sling-bag.webp","datePublished":"2024-04-24T08:01:45+00:00","dateModified":"2024-04-24T08:32:15+00:00","description":"Entdecken Sie Katzentragetasche, Katzentasche f\u00fcr Reisen, Katzentragetasche Sling Bag vom Hersteller. Ihre ideale Business-L\u00f6sung mit Petstar.","breadcrumb":{"@id":"https:\/\/petproducts.com.cn\/product\/cat-carrier-sling-bag-wholesale-cat-carrying-bag-for-travel\/#breadcrumb"},"inLanguage":"de","potentialAction":[{"@type":"ReadAction","target":["https:\/\/petproducts.com.cn\/product\/cat-carrier-sling-bag-wholesale-cat-carrying-bag-for-travel\/"]}]},{"@type":"ImageObject","inLanguage":"de","@id":"https:\/\/petproducts.com.cn\/product\/cat-carrier-sling-bag-wholesale-cat-carrying-bag-for-travel\/#primaryimage","url":"https:\/\/petproducts.com.cn\/wp-content\/uploads\/2024\/04\/cat-carrier-sling-bag.webp","contentUrl":"https:\/\/petproducts.com.cn\/wp-content\/uploads\/2024\/04\/cat-carrier-sling-bag.webp","width":1000,"height":1000,"caption":"cat carrier sling bag"},{"@type":"BreadcrumbList","@id":"https:\/\/petproducts.com.cn\/product\/cat-carrier-sling-bag-wholesale-cat-carrying-bag-for-travel\/#breadcrumb","itemListElement":[{"@type":"ListItem","position":1,"name":"HOME","item":"https:\/\/petproducts.com.cn\/"},{"@type":"ListItem","position":2,"name":"Products","item":"https:\/\/petproducts.com.cn\/shop\/"},{"@type":"ListItem","position":3,"name":"Dog Carriers &amp; Car Supplies","item":"https:\/\/petproducts.com.cn\/product-category\/dog-carriers-car-supplies\/"},{"@type":"ListItem","position":4,"name":"Cat Carrier Sling Bag Wholesale Cat Carrying Bag For Travel"}]},{"@type":"WebSite","@id":"https:\/\/petproducts.com.cn\/#website","url":"https:\/\/petproducts.com.cn\/","name":"Petstar","description":"F\u00fchrender Hersteller von Heimtierbedarf und OEM-Lieferant von Heimtierprodukten","publisher":{"@id":"https:\/\/petproducts.com.cn\/#organization"},"alternateName":"Petstar Pet Supplies","potentialAction":[{"@type":"SearchAction","target":{"@type":"EntryPoint","urlTemplate":"https:\/\/petproducts.com.cn\/?s={search_term_string}"},"query-input":{"@type":"PropertyValueSpecification","valueRequired":true,"valueName":"search_term_string"}}],"inLanguage":"de"},{"@type":"Organization","@id":"https:\/\/petproducts.com.cn\/#organization","name":"Petstar","url":"https:\/\/petproducts.com.cn\/","logo":{"@type":"ImageObject","inLanguage":"de","@id":"https:\/\/petproducts.com.cn\/#\/schema\/logo\/image\/","url":"https:\/\/petproducts.com.cn\/wp-content\/uploads\/2020\/02\/petstar-logo.webp","contentUrl":"https:\/\/petproducts.com.cn\/wp-content\/uploads\/2020\/02\/petstar-logo.webp","width":779,"height":520,"caption":"Petstar"},"image":{"@id":"https:\/\/petproducts.com.cn\/#\/schema\/logo\/image\/"}}]}},"_links":{"self":[{"href":"https:\/\/petproducts.com.cn\/de\/wp-json\/wp\/v2\/product\/22656","targetHints":{"allow":["GET"]}}],"collection":[{"href":"https:\/\/petproducts.com.cn\/de\/wp-json\/wp\/v2\/product"}],"about":[{"href":"https:\/\/petproducts.com.cn\/de\/wp-json\/wp\/v2\/types\/product"}],"version-history":[{"count":1,"href":"https:\/\/petproducts.com.cn\/de\/wp-json\/wp\/v2\/product\/22656\/revisions"}],"predecessor-version":[{"id":22663,"href":"https:\/\/petproducts.com.cn\/de\/wp-json\/wp\/v2\/product\/22656\/revisions\/22663"}],"wp:featuredmedia":[{"embeddable":true,"href":"https:\/\/petproducts.com.cn\/de\/wp-json\/wp\/v2\/media\/22658"}],"wp:attachment":[{"href":"https:\/\/petproducts.com.cn\/de\/wp-json\/wp\/v2\/media?parent=22656"}],"wp:term":[{"taxonomy":"product_brand","embeddable":true,"href":"https:\/\/petproducts.com.cn\/de\/wp-json\/wp\/v2\/product_brand?post=22656"},{"taxonomy":"product_cat","embeddable":true,"href":"https:\/\/petproducts.com.cn\/de\/wp-json\/wp\/v2\/product_cat?post=22656"},{"taxonomy":"product_tag","embeddable":true,"href":"https:\/\/petproducts.com.cn\/de\/wp-json\/wp\/v2\/product_tag?post=22656"}],"curies":[{"name":"wp","href":"https:\/\/api.w.org\/{rel}","templated":true}]}}