{"id":23794,"date":"2024-05-20T08:17:55","date_gmt":"2024-05-20T08:17:55","guid":{"rendered":"https:\/\/petproducts.com.cn\/?post_type=product&#038;p=23794"},"modified":"2024-05-21T09:08:56","modified_gmt":"2024-05-21T09:08:56","slug":"customized-double-sided-pet-grooming-brush","status":"publish","type":"product","link":"https:\/\/petproducts.com.cn\/de\/product\/customized-double-sided-pet-grooming-brush\/","title":{"rendered":"Individuelle doppelseitige Haustierpflegeb\u00fcrste"},"content":{"rendered":"<p>Kundenspezifische doppelseitige B\u00fcrste f\u00fcr Haustiere | OEM &amp; ODM Services<\/p>\n<p><strong>Beschreibung des Produkts:<\/strong><br \/>\nErweitern Sie Ihre Haustierpflegekollektion mit unserer individuellen doppelseitigen B\u00fcrste f\u00fcr die Haustierpflege. Diese B\u00fcrste wurde f\u00fcr Vielseitigkeit und Effizienz entwickelt und eignet sich perfekt f\u00fcr die Pflege von Haustieren aller Fellarten. Als f\u00fchrender Hersteller sind wir stolz darauf, gro\u00dfe internationale Einzelh\u00e4ndler wie Walmart, Carrefour und Kmart zu beliefern. Unser Engagement f\u00fcr Qualit\u00e4t und Kundenzufriedenheit macht uns zum idealen Partner f\u00fcr Ihren gesamten Bedarf an Tierpflegeprodukten.<\/p>\n<p><strong>Produktmerkmale:<\/strong><\/p>\n<ul>\n<li><strong>Doppelseitiges Design:<\/strong> Diese B\u00fcrste hat zwei Seiten - eine mit feinen Borsten zum Entwirren und Entfernen loser Haare und die andere mit weichen Stiften zum Gl\u00e4tten und Finishen des Fells Ihres Haustiers.<\/li>\n<li><strong>Ergonomischer Handgriff:<\/strong> Der Griff ist auf Komfort und Benutzerfreundlichkeit ausgelegt und bietet sicheren Halt, sodass die Fellpflege sowohl f\u00fcr Sie als auch f\u00fcr Ihr Haustier angenehmer wird.<\/li>\n<li><strong>Langlebig und sicher:<\/strong> Unsere B\u00fcrste besteht aus hochwertigen, haustiersicheren Materialien, ist langlebig und sanft zur Haut Ihres Haustiers.<\/li>\n<li><strong>Einfache Wartung:<\/strong> Die B\u00fcrste ist leicht zu reinigen und gew\u00e4hrleistet eine hygienische Pflege f\u00fcr Ihre Haustiere.<\/li>\n<\/ul>\n<p><strong>Warum uns w\u00e4hlen:<\/strong><\/p>\n<ul>\n<li><strong>OEM- und ODM-Dienste:<\/strong> Wir bieten ma\u00dfgeschneiderte Dienstleistungen f\u00fcr Ihre individuellen Bed\u00fcrfnisse, einschlie\u00dflich Private Labeling und individuellem Design.<\/li>\n<li><strong>Kostenlose Medienunterst\u00fctzung:<\/strong> Verbessern Sie Ihre Marketingaktivit\u00e4ten mit unseren kostenlosen Fotos und Videos.<\/li>\n<li><strong>Kundenspezifische Verpackung:<\/strong> Heben Sie sich in den Regalen des Einzelhandels mit unserem ma\u00dfgeschneiderten Design f\u00fcr farbige Verpackungen hervor.<\/li>\n<li><strong>One-Stop-Beschaffung:<\/strong> Vereinfachen Sie Ihren Beschaffungsprozess mit unserem umfassenden Beschaffungsservice aus einer Hand, der auf Ihre spezifischen Anforderungen zugeschnitten ist.<\/li>\n<\/ul>\n<p>Schlie\u00dfen Sie sich den weltweit f\u00fchrenden Einzelh\u00e4ndlern an und bieten Sie hochwertige Pflegel\u00f6sungen an. Erweitern Sie gemeinsam mit uns Ihre Produktpalette mit unserer doppelseitigen B\u00fcrste f\u00fcr die Tierpflege!<\/p>","protected":false},"excerpt":{"rendered":"<p>Wir sind Hersteller von Haustierb\u00fcrsten mit mehr als 20 Jahren Erfahrung. Wir bieten Anpassungsm\u00f6glichkeiten f\u00fcr Farbe, Gr\u00f6\u00dfe, Stoff, Muster, Logo und andere Merkmale.<\/p>","protected":false},"featured_media":23803,"template":"","meta":{"_acf_changed":false},"product_brand":[],"product_cat":[137,71,136,72],"product_tag":[139,140],"class_list":{"0":"post-23794","1":"product","2":"type-product","3":"status-publish","4":"has-post-thumbnail","6":"product_cat-cat-grooming-cleaning-supplies","7":"product_cat-cat-supplies","8":"product_cat-dog-grooming-cleaning-supplies","9":"product_cat-dog-supplies","10":"product_tag-cat-grooming-cleaning-supplies","11":"product_tag-dog-grooming-cleaning-supplies","13":"first","14":"instock","15":"shipping-taxable","16":"product-type-simple"},"acf":[],"yoast_head":"<!-- This site is optimized with the Yoast SEO plugin v27.1.1 - https:\/\/yoast.com\/product\/yoast-seo-wordpress\/ -->\n<title>Double sided pet brush wholesale - Petstar<\/title>\n<meta name=\"description\" content=\"Explore double sided pet brush, pet grooming brush,cat brush wholesale directly from the manufacturer. Your ideal business solution with Petstar.\" \/>\n<meta name=\"robots\" content=\"index, follow, max-snippet:-1, max-image-preview:large, max-video-preview:-1\" \/>\n<link rel=\"canonical\" href=\"https:\/\/petproducts.com.cn\/de\/produkt\/customized-double-sided-pet-grooming-brush\/\" \/>\n<meta property=\"og:locale\" content=\"de_DE\" \/>\n<meta property=\"og:type\" content=\"article\" \/>\n<meta property=\"og:title\" content=\"Double sided pet brush wholesale - Petstar\" \/>\n<meta property=\"og:description\" content=\"Explore double sided pet brush, pet grooming brush,cat brush wholesale directly from the manufacturer. Your ideal business solution with Petstar.\" \/>\n<meta property=\"og:url\" content=\"https:\/\/petproducts.com.cn\/de\/produkt\/customized-double-sided-pet-grooming-brush\/\" \/>\n<meta property=\"og:site_name\" content=\"Petstar\" \/>\n<meta property=\"article:modified_time\" content=\"2024-05-21T09:08:56+00:00\" \/>\n<meta property=\"og:image\" content=\"https:\/\/petproducts.com.cn\/wp-content\/uploads\/2024\/05\/double-sided-pet-brush.webp\" \/>\n\t<meta property=\"og:image:width\" content=\"1000\" \/>\n\t<meta property=\"og:image:height\" content=\"1000\" \/>\n\t<meta property=\"og:image:type\" content=\"image\/webp\" \/>\n<meta name=\"twitter:card\" content=\"summary_large_image\" \/>\n<meta name=\"twitter:label1\" content=\"Gesch\u00e4tzte Lesezeit\" \/>\n\t<meta name=\"twitter:data1\" content=\"2\u00a0Minuten\" \/>\n<script type=\"application\/ld+json\" class=\"yoast-schema-graph\">{\"@context\":\"https:\/\/schema.org\",\"@graph\":[{\"@type\":\"WebPage\",\"@id\":\"https:\/\/petproducts.com.cn\/product\/customized-double-sided-pet-grooming-brush\/\",\"url\":\"https:\/\/petproducts.com.cn\/product\/customized-double-sided-pet-grooming-brush\/\",\"name\":\"Double sided pet brush wholesale - Petstar\",\"isPartOf\":{\"@id\":\"https:\/\/petproducts.com.cn\/#website\"},\"primaryImageOfPage\":{\"@id\":\"https:\/\/petproducts.com.cn\/product\/customized-double-sided-pet-grooming-brush\/#primaryimage\"},\"image\":{\"@id\":\"https:\/\/petproducts.com.cn\/product\/customized-double-sided-pet-grooming-brush\/#primaryimage\"},\"thumbnailUrl\":\"https:\/\/petproducts.com.cn\/wp-content\/uploads\/2024\/05\/double-sided-pet-brush.webp\",\"datePublished\":\"2024-05-20T08:17:55+00:00\",\"dateModified\":\"2024-05-21T09:08:56+00:00\",\"description\":\"Explore double sided pet brush, pet grooming brush,cat brush wholesale directly from the manufacturer. Your ideal business solution with Petstar.\",\"breadcrumb\":{\"@id\":\"https:\/\/petproducts.com.cn\/product\/customized-double-sided-pet-grooming-brush\/#breadcrumb\"},\"inLanguage\":\"de\",\"potentialAction\":[{\"@type\":\"ReadAction\",\"target\":[\"https:\/\/petproducts.com.cn\/product\/customized-double-sided-pet-grooming-brush\/\"]}]},{\"@type\":\"ImageObject\",\"inLanguage\":\"de\",\"@id\":\"https:\/\/petproducts.com.cn\/product\/customized-double-sided-pet-grooming-brush\/#primaryimage\",\"url\":\"https:\/\/petproducts.com.cn\/wp-content\/uploads\/2024\/05\/double-sided-pet-brush.webp\",\"contentUrl\":\"https:\/\/petproducts.com.cn\/wp-content\/uploads\/2024\/05\/double-sided-pet-brush.webp\",\"width\":1000,\"height\":1000,\"caption\":\"double sided pet brush\"},{\"@type\":\"BreadcrumbList\",\"@id\":\"https:\/\/petproducts.com.cn\/product\/customized-double-sided-pet-grooming-brush\/#breadcrumb\",\"itemListElement\":[{\"@type\":\"ListItem\",\"position\":1,\"name\":\"HOME\",\"item\":\"https:\/\/petproducts.com.cn\/\"},{\"@type\":\"ListItem\",\"position\":2,\"name\":\"Products\",\"item\":\"https:\/\/petproducts.com.cn\/shop\/\"},{\"@type\":\"ListItem\",\"position\":3,\"name\":\"Dog Grooming &amp; Cleaning Supplies\",\"item\":\"https:\/\/petproducts.com.cn\/product-category\/dog-grooming-cleaning-supplies\/\"},{\"@type\":\"ListItem\",\"position\":4,\"name\":\"Customized Double Sided Pet Grooming Brush\"}]},{\"@type\":\"WebSite\",\"@id\":\"https:\/\/petproducts.com.cn\/#website\",\"url\":\"https:\/\/petproducts.com.cn\/\",\"name\":\"Petstar\",\"description\":\"Leading Pet Supplies Manufacturer &amp; OEM Pet Products Supplier\",\"publisher\":{\"@id\":\"https:\/\/petproducts.com.cn\/#organization\"},\"alternateName\":\"Petstar Pet Supplies\",\"potentialAction\":[{\"@type\":\"SearchAction\",\"target\":{\"@type\":\"EntryPoint\",\"urlTemplate\":\"https:\/\/petproducts.com.cn\/?s={search_term_string}\"},\"query-input\":{\"@type\":\"PropertyValueSpecification\",\"valueRequired\":true,\"valueName\":\"search_term_string\"}}],\"inLanguage\":\"de\"},{\"@type\":\"Organization\",\"@id\":\"https:\/\/petproducts.com.cn\/#organization\",\"name\":\"Petstar\",\"url\":\"https:\/\/petproducts.com.cn\/\",\"logo\":{\"@type\":\"ImageObject\",\"inLanguage\":\"de\",\"@id\":\"https:\/\/petproducts.com.cn\/#\/schema\/logo\/image\/\",\"url\":\"https:\/\/petproducts.com.cn\/wp-content\/uploads\/2020\/02\/petstar-logo.webp\",\"contentUrl\":\"https:\/\/petproducts.com.cn\/wp-content\/uploads\/2020\/02\/petstar-logo.webp\",\"width\":779,\"height\":520,\"caption\":\"Petstar\"},\"image\":{\"@id\":\"https:\/\/petproducts.com.cn\/#\/schema\/logo\/image\/\"}}]}<\/script>\n<!-- \/ Yoast SEO plugin. -->","yoast_head_json":{"title":"Doppelseitige Haustierb\u00fcrste Gro\u00dfhandel - Petstar","description":"Entdecken Sie doppelseitige Haustier B\u00fcrste, Haustier Pflege B\u00fcrste, Katze B\u00fcrste Gro\u00dfhandel direkt vom Hersteller. Ihre ideale Business-L\u00f6sung mit Petstar.","robots":{"index":"index","follow":"follow","max-snippet":"max-snippet:-1","max-image-preview":"max-image-preview:large","max-video-preview":"max-video-preview:-1"},"canonical":"https:\/\/petproducts.com.cn\/de\/produkt\/customized-double-sided-pet-grooming-brush\/","og_locale":"de_DE","og_type":"article","og_title":"Double sided pet brush wholesale - Petstar","og_description":"Explore double sided pet brush, pet grooming brush,cat brush wholesale directly from the manufacturer. Your ideal business solution with Petstar.","og_url":"https:\/\/petproducts.com.cn\/de\/produkt\/customized-double-sided-pet-grooming-brush\/","og_site_name":"Petstar","article_modified_time":"2024-05-21T09:08:56+00:00","og_image":[{"width":1000,"height":1000,"url":"https:\/\/petproducts.com.cn\/wp-content\/uploads\/2024\/05\/double-sided-pet-brush.webp","type":"image\/webp"}],"twitter_card":"summary_large_image","twitter_misc":{"Gesch\u00e4tzte Lesezeit":"2\u00a0Minuten"},"schema":{"@context":"https:\/\/schema.org","@graph":[{"@type":"WebPage","@id":"https:\/\/petproducts.com.cn\/product\/customized-double-sided-pet-grooming-brush\/","url":"https:\/\/petproducts.com.cn\/product\/customized-double-sided-pet-grooming-brush\/","name":"Doppelseitige Haustierb\u00fcrste Gro\u00dfhandel - Petstar","isPartOf":{"@id":"https:\/\/petproducts.com.cn\/#website"},"primaryImageOfPage":{"@id":"https:\/\/petproducts.com.cn\/product\/customized-double-sided-pet-grooming-brush\/#primaryimage"},"image":{"@id":"https:\/\/petproducts.com.cn\/product\/customized-double-sided-pet-grooming-brush\/#primaryimage"},"thumbnailUrl":"https:\/\/petproducts.com.cn\/wp-content\/uploads\/2024\/05\/double-sided-pet-brush.webp","datePublished":"2024-05-20T08:17:55+00:00","dateModified":"2024-05-21T09:08:56+00:00","description":"Entdecken Sie doppelseitige Haustier B\u00fcrste, Haustier Pflege B\u00fcrste, Katze B\u00fcrste Gro\u00dfhandel direkt vom Hersteller. Ihre ideale Business-L\u00f6sung mit Petstar.","breadcrumb":{"@id":"https:\/\/petproducts.com.cn\/product\/customized-double-sided-pet-grooming-brush\/#breadcrumb"},"inLanguage":"de","potentialAction":[{"@type":"ReadAction","target":["https:\/\/petproducts.com.cn\/product\/customized-double-sided-pet-grooming-brush\/"]}]},{"@type":"ImageObject","inLanguage":"de","@id":"https:\/\/petproducts.com.cn\/product\/customized-double-sided-pet-grooming-brush\/#primaryimage","url":"https:\/\/petproducts.com.cn\/wp-content\/uploads\/2024\/05\/double-sided-pet-brush.webp","contentUrl":"https:\/\/petproducts.com.cn\/wp-content\/uploads\/2024\/05\/double-sided-pet-brush.webp","width":1000,"height":1000,"caption":"double sided pet brush"},{"@type":"BreadcrumbList","@id":"https:\/\/petproducts.com.cn\/product\/customized-double-sided-pet-grooming-brush\/#breadcrumb","itemListElement":[{"@type":"ListItem","position":1,"name":"HOME","item":"https:\/\/petproducts.com.cn\/"},{"@type":"ListItem","position":2,"name":"Products","item":"https:\/\/petproducts.com.cn\/shop\/"},{"@type":"ListItem","position":3,"name":"Dog Grooming &amp; Cleaning Supplies","item":"https:\/\/petproducts.com.cn\/product-category\/dog-grooming-cleaning-supplies\/"},{"@type":"ListItem","position":4,"name":"Customized Double Sided Pet Grooming Brush"}]},{"@type":"WebSite","@id":"https:\/\/petproducts.com.cn\/#website","url":"https:\/\/petproducts.com.cn\/","name":"Petstar","description":"F\u00fchrender Hersteller von Heimtierbedarf und OEM-Lieferant von Heimtierprodukten","publisher":{"@id":"https:\/\/petproducts.com.cn\/#organization"},"alternateName":"Petstar Pet Supplies","potentialAction":[{"@type":"SearchAction","target":{"@type":"EntryPoint","urlTemplate":"https:\/\/petproducts.com.cn\/?s={search_term_string}"},"query-input":{"@type":"PropertyValueSpecification","valueRequired":true,"valueName":"search_term_string"}}],"inLanguage":"de"},{"@type":"Organization","@id":"https:\/\/petproducts.com.cn\/#organization","name":"Petstar","url":"https:\/\/petproducts.com.cn\/","logo":{"@type":"ImageObject","inLanguage":"de","@id":"https:\/\/petproducts.com.cn\/#\/schema\/logo\/image\/","url":"https:\/\/petproducts.com.cn\/wp-content\/uploads\/2020\/02\/petstar-logo.webp","contentUrl":"https:\/\/petproducts.com.cn\/wp-content\/uploads\/2020\/02\/petstar-logo.webp","width":779,"height":520,"caption":"Petstar"},"image":{"@id":"https:\/\/petproducts.com.cn\/#\/schema\/logo\/image\/"}}]}},"_links":{"self":[{"href":"https:\/\/petproducts.com.cn\/de\/wp-json\/wp\/v2\/product\/23794","targetHints":{"allow":["GET"]}}],"collection":[{"href":"https:\/\/petproducts.com.cn\/de\/wp-json\/wp\/v2\/product"}],"about":[{"href":"https:\/\/petproducts.com.cn\/de\/wp-json\/wp\/v2\/types\/product"}],"version-history":[{"count":2,"href":"https:\/\/petproducts.com.cn\/de\/wp-json\/wp\/v2\/product\/23794\/revisions"}],"predecessor-version":[{"id":23893,"href":"https:\/\/petproducts.com.cn\/de\/wp-json\/wp\/v2\/product\/23794\/revisions\/23893"}],"wp:featuredmedia":[{"embeddable":true,"href":"https:\/\/petproducts.com.cn\/de\/wp-json\/wp\/v2\/media\/23803"}],"wp:attachment":[{"href":"https:\/\/petproducts.com.cn\/de\/wp-json\/wp\/v2\/media?parent=23794"}],"wp:term":[{"taxonomy":"product_brand","embeddable":true,"href":"https:\/\/petproducts.com.cn\/de\/wp-json\/wp\/v2\/product_brand?post=23794"},{"taxonomy":"product_cat","embeddable":true,"href":"https:\/\/petproducts.com.cn\/de\/wp-json\/wp\/v2\/product_cat?post=23794"},{"taxonomy":"product_tag","embeddable":true,"href":"https:\/\/petproducts.com.cn\/de\/wp-json\/wp\/v2\/product_tag?post=23794"}],"curies":[{"name":"wp","href":"https:\/\/api.w.org\/{rel}","templated":true}]}}