{"id":24127,"date":"2024-05-27T09:00:59","date_gmt":"2024-05-27T09:00:59","guid":{"rendered":"https:\/\/petproducts.com.cn\/?post_type=product&#038;p=24127"},"modified":"2024-05-27T09:09:32","modified_gmt":"2024-05-27T09:09:32","slug":"wholesale-pet-grooming-nail-scissors","status":"publish","type":"product","link":"https:\/\/petproducts.com.cn\/de\/product\/wholesale-pet-grooming-nail-scissors\/","title":{"rendered":"Gro\u00dfhandel Nagelscheren F\u00fcr Die Tierpflege"},"content":{"rendered":"<p><strong>Untertitel:<\/strong><br \/>\nHochwertige Scheren f\u00fcr die Haustierpflege | OEM &amp; ODM Dienstleistungen<\/p>\n<p><strong>Beschreibung des Produkts:<\/strong><br \/>\nErweitern Sie Ihre Produktlinie f\u00fcr die Haustierpflege mit unserer Gro\u00dfhandelsschere f\u00fcr Haustiere. Diese pr\u00e4zisen und komfortablen Scheren f\u00fcr die Haustierpflege sind perfekt, um die N\u00e4gel Ihres Haustiers sicher und effizient zu schneiden. Als f\u00fchrender Hersteller liefern wir erstklassige Pflegewerkzeuge an gro\u00dfe globale Einzelh\u00e4ndler und gew\u00e4hrleisten so au\u00dfergew\u00f6hnliche Qualit\u00e4t und Zuverl\u00e4ssigkeit.<\/p>\n<p><strong>Produktmerkmale:<\/strong><\/p>\n<ul>\n<li><strong>Pr\u00e4zisionsschneiden:<\/strong> Die scharfen Edelstahlklingen unserer Tierpflegescheren sorgen f\u00fcr saubere und pr\u00e4zise Schnitte und verringern das Risiko, dass die N\u00e4gel splittern oder verletzt werden.<\/li>\n<li><strong>Ergonomisches Design:<\/strong> Die Schere hat einen ergonomisch geformten Griff mit einem bequemen Griff, der eine bessere Kontrolle und Leichtigkeit beim Trimmen der N\u00e4gel erm\u00f6glicht.<\/li>\n<li><strong>Sicherheitswache:<\/strong> Ausgestattet mit einem Sicherheitsschutz, der ein \u00dcberschneiden verhindert und somit ein sicheres Pflegeerlebnis f\u00fcr Ihre Haustiere gew\u00e4hrleistet.<\/li>\n<li><strong>Hochwertige Materialien:<\/strong> Unsere Scheren f\u00fcr Haustiere sind aus strapazierf\u00e4higem, rostfreiem Material gefertigt und f\u00fcr eine lange Lebensdauer und Zuverl\u00e4ssigkeit ausgelegt.<\/li>\n<li><strong>Anpassbare Optionen:<\/strong> Wir bieten umfangreiche Anpassungsm\u00f6glichkeiten, einschlie\u00dflich privater Beschriftung, Farbauswahl und einzigartiger Designs, um Ihre speziellen Anforderungen zu erf\u00fcllen.<\/li>\n<\/ul>\n<p><strong>Warum uns w\u00e4hlen:<\/strong><\/p>\n<ul>\n<li><strong>OEM- und ODM-Dienste:<\/strong> Als f\u00fchrender Hersteller von Scheren f\u00fcr Haustiere bieten wir individuelle L\u00f6sungen, die auf die Vorstellungen und Anforderungen Ihrer Marke zugeschnitten sind, einschlie\u00dflich Private Labeling und ma\u00dfgeschneiderte Designs.<\/li>\n<li><strong>Kostenlose Medienunterst\u00fctzung:<\/strong> Verbessern Sie Ihre Marketingaktivit\u00e4ten mit unseren professionellen Fotos und Videos unserer Nagelscheren f\u00fcr Haustiere.<\/li>\n<li><strong>Kundenspezifische Verpackung:<\/strong> Unsere ma\u00dfgeschneiderten Verpackungsdesigns sorgen daf\u00fcr, dass Ihre Scheren f\u00fcr Haustiere in den Verkaufsregalen auffallen und Ihre Markenidentit\u00e4t widerspiegeln.<\/li>\n<li><strong>One-Stop-Beschaffung:<\/strong> Vereinfachen Sie Ihren Beschaffungsprozess mit unseren umfassenden Dienstleistungen f\u00fcr Haustierscheren im Gro\u00dfhandel, vom Design bis zur Logistik.<\/li>\n<\/ul>\n<p><strong>Arbeiten Sie mit uns zusammen, um Ihre Produktpalette mit unseren Gro\u00dfhandels-Tierscheren zu erweitern.<\/strong> Arbeiten Sie mit uns, einem vertrauensw\u00fcrdigen Hersteller von Scheren f\u00fcr die Tierpflege, zusammen, um Zugang zu qualitativ hochwertigen Pflegewerkzeugen zu erhalten, die Tierhalter auf der ganzen Welt ansprechen. Bieten Sie \u00fcberragende Pflegeerlebnisse und sehen Sie den Unterschied in Ihrem Umsatz und der Kundenzufriedenheit.<\/p>","protected":false},"excerpt":{"rendered":"<p>Wir sind Hersteller von Haustierk\u00e4mmen mit mehr als 20 Jahren Erfahrung. Wir bieten Anpassungsm\u00f6glichkeiten f\u00fcr Farbe, Gr\u00f6\u00dfe, Stoff, Muster, Logo und andere Merkmale.<\/p>","protected":false},"featured_media":23806,"template":"","meta":{"_acf_changed":false},"product_brand":[],"product_cat":[137,71,136,72],"product_tag":[139,140],"class_list":{"0":"post-24127","1":"product","2":"type-product","3":"status-publish","4":"has-post-thumbnail","6":"product_cat-cat-grooming-cleaning-supplies","7":"product_cat-cat-supplies","8":"product_cat-dog-grooming-cleaning-supplies","9":"product_cat-dog-supplies","10":"product_tag-cat-grooming-cleaning-supplies","11":"product_tag-dog-grooming-cleaning-supplies","13":"first","14":"instock","15":"shipping-taxable","16":"product-type-simple"},"acf":[],"yoast_head":"<!-- This site is optimized with the Yoast SEO plugin v27.1.1 - https:\/\/yoast.com\/product\/yoast-seo-wordpress\/ -->\n<title>Pet grooming scissors manufacturers- Petstar<\/title>\n<meta name=\"description\" content=\"Explore pet brush manufacturers, pet grooming scissors,wholesale pet scissors directly from the manufacturer. Your ideal business solution with Petstar.\" \/>\n<meta name=\"robots\" content=\"index, follow, max-snippet:-1, max-image-preview:large, max-video-preview:-1\" \/>\n<link rel=\"canonical\" href=\"https:\/\/petproducts.com.cn\/de\/produkt\/wholesale-pet-grooming-nail-scissors\/\" \/>\n<meta property=\"og:locale\" content=\"de_DE\" \/>\n<meta property=\"og:type\" content=\"article\" \/>\n<meta property=\"og:title\" content=\"Pet grooming scissors manufacturers- Petstar\" \/>\n<meta property=\"og:description\" content=\"Explore pet brush manufacturers, pet grooming scissors,wholesale pet scissors directly from the manufacturer. Your ideal business solution with Petstar.\" \/>\n<meta property=\"og:url\" content=\"https:\/\/petproducts.com.cn\/de\/produkt\/wholesale-pet-grooming-nail-scissors\/\" \/>\n<meta property=\"og:site_name\" content=\"Petstar\" \/>\n<meta property=\"article:modified_time\" content=\"2024-05-27T09:09:32+00:00\" \/>\n<meta property=\"og:image\" content=\"https:\/\/petproducts.com.cn\/wp-content\/uploads\/2024\/05\/pet-grooming.webp\" \/>\n\t<meta property=\"og:image:width\" content=\"1000\" \/>\n\t<meta property=\"og:image:height\" content=\"1000\" \/>\n\t<meta property=\"og:image:type\" content=\"image\/webp\" \/>\n<meta name=\"twitter:card\" content=\"summary_large_image\" \/>\n<meta name=\"twitter:label1\" content=\"Gesch\u00e4tzte Lesezeit\" \/>\n\t<meta name=\"twitter:data1\" content=\"2\u00a0Minuten\" \/>\n<script type=\"application\/ld+json\" class=\"yoast-schema-graph\">{\"@context\":\"https:\/\/schema.org\",\"@graph\":[{\"@type\":\"WebPage\",\"@id\":\"https:\/\/petproducts.com.cn\/product\/wholesale-pet-grooming-nail-scissors\/\",\"url\":\"https:\/\/petproducts.com.cn\/product\/wholesale-pet-grooming-nail-scissors\/\",\"name\":\"Pet grooming scissors manufacturers- Petstar\",\"isPartOf\":{\"@id\":\"https:\/\/petproducts.com.cn\/#website\"},\"primaryImageOfPage\":{\"@id\":\"https:\/\/petproducts.com.cn\/product\/wholesale-pet-grooming-nail-scissors\/#primaryimage\"},\"image\":{\"@id\":\"https:\/\/petproducts.com.cn\/product\/wholesale-pet-grooming-nail-scissors\/#primaryimage\"},\"thumbnailUrl\":\"https:\/\/petproducts.com.cn\/wp-content\/uploads\/2024\/05\/pet-grooming.webp\",\"datePublished\":\"2024-05-27T09:00:59+00:00\",\"dateModified\":\"2024-05-27T09:09:32+00:00\",\"description\":\"Explore pet brush manufacturers, pet grooming scissors,wholesale pet scissors directly from the manufacturer. Your ideal business solution with Petstar.\",\"breadcrumb\":{\"@id\":\"https:\/\/petproducts.com.cn\/product\/wholesale-pet-grooming-nail-scissors\/#breadcrumb\"},\"inLanguage\":\"de\",\"potentialAction\":[{\"@type\":\"ReadAction\",\"target\":[\"https:\/\/petproducts.com.cn\/product\/wholesale-pet-grooming-nail-scissors\/\"]}]},{\"@type\":\"ImageObject\",\"inLanguage\":\"de\",\"@id\":\"https:\/\/petproducts.com.cn\/product\/wholesale-pet-grooming-nail-scissors\/#primaryimage\",\"url\":\"https:\/\/petproducts.com.cn\/wp-content\/uploads\/2024\/05\/pet-grooming.webp\",\"contentUrl\":\"https:\/\/petproducts.com.cn\/wp-content\/uploads\/2024\/05\/pet-grooming.webp\",\"width\":1000,\"height\":1000,\"caption\":\"pet grooming\"},{\"@type\":\"BreadcrumbList\",\"@id\":\"https:\/\/petproducts.com.cn\/product\/wholesale-pet-grooming-nail-scissors\/#breadcrumb\",\"itemListElement\":[{\"@type\":\"ListItem\",\"position\":1,\"name\":\"HOME\",\"item\":\"https:\/\/petproducts.com.cn\/\"},{\"@type\":\"ListItem\",\"position\":2,\"name\":\"Products\",\"item\":\"https:\/\/petproducts.com.cn\/shop\/\"},{\"@type\":\"ListItem\",\"position\":3,\"name\":\"Dog Grooming &amp; Cleaning Supplies\",\"item\":\"https:\/\/petproducts.com.cn\/product-category\/dog-grooming-cleaning-supplies\/\"},{\"@type\":\"ListItem\",\"position\":4,\"name\":\"Wholesale Pet Grooming Nail Scissors\"}]},{\"@type\":\"WebSite\",\"@id\":\"https:\/\/petproducts.com.cn\/#website\",\"url\":\"https:\/\/petproducts.com.cn\/\",\"name\":\"Petstar\",\"description\":\"Leading Pet Supplies Manufacturer &amp; OEM Pet Products Supplier\",\"publisher\":{\"@id\":\"https:\/\/petproducts.com.cn\/#organization\"},\"alternateName\":\"Petstar Pet Supplies\",\"potentialAction\":[{\"@type\":\"SearchAction\",\"target\":{\"@type\":\"EntryPoint\",\"urlTemplate\":\"https:\/\/petproducts.com.cn\/?s={search_term_string}\"},\"query-input\":{\"@type\":\"PropertyValueSpecification\",\"valueRequired\":true,\"valueName\":\"search_term_string\"}}],\"inLanguage\":\"de\"},{\"@type\":\"Organization\",\"@id\":\"https:\/\/petproducts.com.cn\/#organization\",\"name\":\"Petstar\",\"url\":\"https:\/\/petproducts.com.cn\/\",\"logo\":{\"@type\":\"ImageObject\",\"inLanguage\":\"de\",\"@id\":\"https:\/\/petproducts.com.cn\/#\/schema\/logo\/image\/\",\"url\":\"https:\/\/petproducts.com.cn\/wp-content\/uploads\/2020\/02\/petstar-logo.webp\",\"contentUrl\":\"https:\/\/petproducts.com.cn\/wp-content\/uploads\/2020\/02\/petstar-logo.webp\",\"width\":779,\"height\":520,\"caption\":\"Petstar\"},\"image\":{\"@id\":\"https:\/\/petproducts.com.cn\/#\/schema\/logo\/image\/\"}}]}<\/script>\n<!-- \/ Yoast SEO plugin. -->","yoast_head_json":{"title":"Hersteller von Scheren f\u00fcr die Haustierpflege - Petstar","description":"Entdecken Sie Haustierb\u00fcrste Hersteller, Tierpflege Schere, Gro\u00dfhandel Haustier Schere direkt vom Hersteller. Ihre ideale Business-L\u00f6sung mit Petstar.","robots":{"index":"index","follow":"follow","max-snippet":"max-snippet:-1","max-image-preview":"max-image-preview:large","max-video-preview":"max-video-preview:-1"},"canonical":"https:\/\/petproducts.com.cn\/de\/produkt\/wholesale-pet-grooming-nail-scissors\/","og_locale":"de_DE","og_type":"article","og_title":"Pet grooming scissors manufacturers- Petstar","og_description":"Explore pet brush manufacturers, pet grooming scissors,wholesale pet scissors directly from the manufacturer. Your ideal business solution with Petstar.","og_url":"https:\/\/petproducts.com.cn\/de\/produkt\/wholesale-pet-grooming-nail-scissors\/","og_site_name":"Petstar","article_modified_time":"2024-05-27T09:09:32+00:00","og_image":[{"width":1000,"height":1000,"url":"https:\/\/petproducts.com.cn\/wp-content\/uploads\/2024\/05\/pet-grooming.webp","type":"image\/webp"}],"twitter_card":"summary_large_image","twitter_misc":{"Gesch\u00e4tzte Lesezeit":"2\u00a0Minuten"},"schema":{"@context":"https:\/\/schema.org","@graph":[{"@type":"WebPage","@id":"https:\/\/petproducts.com.cn\/product\/wholesale-pet-grooming-nail-scissors\/","url":"https:\/\/petproducts.com.cn\/product\/wholesale-pet-grooming-nail-scissors\/","name":"Hersteller von Scheren f\u00fcr die Haustierpflege - Petstar","isPartOf":{"@id":"https:\/\/petproducts.com.cn\/#website"},"primaryImageOfPage":{"@id":"https:\/\/petproducts.com.cn\/product\/wholesale-pet-grooming-nail-scissors\/#primaryimage"},"image":{"@id":"https:\/\/petproducts.com.cn\/product\/wholesale-pet-grooming-nail-scissors\/#primaryimage"},"thumbnailUrl":"https:\/\/petproducts.com.cn\/wp-content\/uploads\/2024\/05\/pet-grooming.webp","datePublished":"2024-05-27T09:00:59+00:00","dateModified":"2024-05-27T09:09:32+00:00","description":"Entdecken Sie Haustierb\u00fcrste Hersteller, Tierpflege Schere, Gro\u00dfhandel Haustier Schere direkt vom Hersteller. Ihre ideale Business-L\u00f6sung mit Petstar.","breadcrumb":{"@id":"https:\/\/petproducts.com.cn\/product\/wholesale-pet-grooming-nail-scissors\/#breadcrumb"},"inLanguage":"de","potentialAction":[{"@type":"ReadAction","target":["https:\/\/petproducts.com.cn\/product\/wholesale-pet-grooming-nail-scissors\/"]}]},{"@type":"ImageObject","inLanguage":"de","@id":"https:\/\/petproducts.com.cn\/product\/wholesale-pet-grooming-nail-scissors\/#primaryimage","url":"https:\/\/petproducts.com.cn\/wp-content\/uploads\/2024\/05\/pet-grooming.webp","contentUrl":"https:\/\/petproducts.com.cn\/wp-content\/uploads\/2024\/05\/pet-grooming.webp","width":1000,"height":1000,"caption":"pet grooming"},{"@type":"BreadcrumbList","@id":"https:\/\/petproducts.com.cn\/product\/wholesale-pet-grooming-nail-scissors\/#breadcrumb","itemListElement":[{"@type":"ListItem","position":1,"name":"HOME","item":"https:\/\/petproducts.com.cn\/"},{"@type":"ListItem","position":2,"name":"Products","item":"https:\/\/petproducts.com.cn\/shop\/"},{"@type":"ListItem","position":3,"name":"Dog Grooming &amp; Cleaning Supplies","item":"https:\/\/petproducts.com.cn\/product-category\/dog-grooming-cleaning-supplies\/"},{"@type":"ListItem","position":4,"name":"Wholesale Pet Grooming Nail Scissors"}]},{"@type":"WebSite","@id":"https:\/\/petproducts.com.cn\/#website","url":"https:\/\/petproducts.com.cn\/","name":"Petstar","description":"F\u00fchrender Hersteller von Heimtierbedarf und OEM-Lieferant von Heimtierprodukten","publisher":{"@id":"https:\/\/petproducts.com.cn\/#organization"},"alternateName":"Petstar Pet Supplies","potentialAction":[{"@type":"SearchAction","target":{"@type":"EntryPoint","urlTemplate":"https:\/\/petproducts.com.cn\/?s={search_term_string}"},"query-input":{"@type":"PropertyValueSpecification","valueRequired":true,"valueName":"search_term_string"}}],"inLanguage":"de"},{"@type":"Organization","@id":"https:\/\/petproducts.com.cn\/#organization","name":"Petstar","url":"https:\/\/petproducts.com.cn\/","logo":{"@type":"ImageObject","inLanguage":"de","@id":"https:\/\/petproducts.com.cn\/#\/schema\/logo\/image\/","url":"https:\/\/petproducts.com.cn\/wp-content\/uploads\/2020\/02\/petstar-logo.webp","contentUrl":"https:\/\/petproducts.com.cn\/wp-content\/uploads\/2020\/02\/petstar-logo.webp","width":779,"height":520,"caption":"Petstar"},"image":{"@id":"https:\/\/petproducts.com.cn\/#\/schema\/logo\/image\/"}}]}},"_links":{"self":[{"href":"https:\/\/petproducts.com.cn\/de\/wp-json\/wp\/v2\/product\/24127","targetHints":{"allow":["GET"]}}],"collection":[{"href":"https:\/\/petproducts.com.cn\/de\/wp-json\/wp\/v2\/product"}],"about":[{"href":"https:\/\/petproducts.com.cn\/de\/wp-json\/wp\/v2\/types\/product"}],"version-history":[{"count":1,"href":"https:\/\/petproducts.com.cn\/de\/wp-json\/wp\/v2\/product\/24127\/revisions"}],"predecessor-version":[{"id":24140,"href":"https:\/\/petproducts.com.cn\/de\/wp-json\/wp\/v2\/product\/24127\/revisions\/24140"}],"wp:featuredmedia":[{"embeddable":true,"href":"https:\/\/petproducts.com.cn\/de\/wp-json\/wp\/v2\/media\/23806"}],"wp:attachment":[{"href":"https:\/\/petproducts.com.cn\/de\/wp-json\/wp\/v2\/media?parent=24127"}],"wp:term":[{"taxonomy":"product_brand","embeddable":true,"href":"https:\/\/petproducts.com.cn\/de\/wp-json\/wp\/v2\/product_brand?post=24127"},{"taxonomy":"product_cat","embeddable":true,"href":"https:\/\/petproducts.com.cn\/de\/wp-json\/wp\/v2\/product_cat?post=24127"},{"taxonomy":"product_tag","embeddable":true,"href":"https:\/\/petproducts.com.cn\/de\/wp-json\/wp\/v2\/product_tag?post=24127"}],"curies":[{"name":"wp","href":"https:\/\/api.w.org\/{rel}","templated":true}]}}