{"id":24174,"date":"2024-05-28T03:04:57","date_gmt":"2024-05-28T03:04:57","guid":{"rendered":"https:\/\/petproducts.com.cn\/?post_type=product&#038;p=24174"},"modified":"2024-05-28T03:19:39","modified_gmt":"2024-05-28T03:19:39","slug":"dog-training-pad-absorbent-pet-cat-pee-mat-45x60cm","status":"publish","type":"product","link":"https:\/\/petproducts.com.cn\/de\/product\/dog-training-pad-absorbent-pet-cat-pee-mat-45x60cm\/","title":{"rendered":"Hundetrainingsunterlage, saugf\u00e4hige Haustier-\/Katzen-Pipimatte, 45 x 60 cm"},"content":{"rendered":"<h2><strong>Eigenschaften der Hundetrainingsunterlage<\/strong><\/h2>\n<ol>\n<li><strong>F\u00fcnf-Schicht-Schutz<\/strong> Unsere Hundetrainingsunterlage verf\u00fcgt \u00fcber ein fortschrittliches f\u00fcnfschichtiges Design, das maximalen Schutz und Haltbarkeit bietet. Jede Schicht hat eine bestimmte Funktion und sorgt gemeinsam f\u00fcr eine hervorragende Absorption und Auslaufsicherheit. Diese mehrschichtige Konstruktion ist f\u00fcr ein sauberes Zuhause unerl\u00e4sslich.<\/li>\n<li><strong>Schnelle Absorption<\/strong> Sie werden von der schnellen Absorptionsf\u00e4higkeit dieser saugf\u00e4higen Matte f\u00fcr Haustiere beeindruckt sein. Die oberste Schicht ist speziell so konzipiert, dass sie Feuchtigkeit schnell aufnimmt und die Oberfl\u00e4che trocken und angenehm f\u00fcr Ihr Haustier bleibt. Diese schnelltrocknende Eigenschaft hilft, Spuren zu vermeiden und die Sauberkeit zu erhalten.<\/li>\n<li><strong>Auslaufsichere Konstruktion<\/strong> Unsere Katzenpinklermatte ist auslaufsicher und gibt Ihnen die Gewissheit. Die mehrschichtige Konstruktion f\u00e4ngt Fl\u00fcssigkeit effektiv auf und verhindert ein Versch\u00fctten oder Verschmutzen. Dadurch ist die Matte ideal f\u00fcr die Verwendung \u00fcber Nacht, auf Reisen oder f\u00fcr Haustiere mit Inkontinenzproblemen.<\/li>\n<li><strong>Einfache Beseitigung<\/strong> Sie werden feststellen, dass diese Trainingsunterlagen nach dem Gebrauch leicht entsorgt werden k\u00f6nnen. Die Materialien sind so konzipiert, dass sie zusammenhalten, ohne zu rei\u00dfen, sodass die Reinigung schnell und problemlos vonstatten geht. Falten Sie die Matte einfach zusammen, werfen Sie sie weg und das war's. So sparen Sie Zeit und M\u00fche bei der Pflege Ihres Zuhauses.<\/li>\n<\/ol>","protected":false},"excerpt":{"rendered":"<p>Wir sind ein Hersteller von Reinigungsmitteln f\u00fcr Haustiere mit mehr als 20 Jahren Erfahrung. Wir bieten Anpassungsm\u00f6glichkeiten f\u00fcr Farbe, Gr\u00f6\u00dfe, Stoff, Muster, Logo und andere Merkmale.<\/p>","protected":false},"featured_media":24182,"template":"","meta":{"_acf_changed":false},"product_brand":[],"product_cat":[137,71,136,72],"product_tag":[139,140],"class_list":{"0":"post-24174","1":"product","2":"type-product","3":"status-publish","4":"has-post-thumbnail","6":"product_cat-cat-grooming-cleaning-supplies","7":"product_cat-cat-supplies","8":"product_cat-dog-grooming-cleaning-supplies","9":"product_cat-dog-supplies","10":"product_tag-cat-grooming-cleaning-supplies","11":"product_tag-dog-grooming-cleaning-supplies","13":"first","14":"instock","15":"shipping-taxable","16":"product-type-simple"},"acf":[],"yoast_head":"<!-- This site is optimized with the Yoast SEO plugin v27.1.1 - https:\/\/yoast.com\/product\/yoast-seo-wordpress\/ -->\n<title>Dog Training Pad Factory | Cat Pee Mat Manufacturer - Petstar<\/title>\n<meta name=\"description\" content=\"Explore dog training pad, cat pee mat, absorbent pet mat directly from the manufacturer. Your ideal business solution with Petstar.\" \/>\n<meta name=\"robots\" content=\"index, follow, max-snippet:-1, max-image-preview:large, max-video-preview:-1\" \/>\n<link rel=\"canonical\" href=\"https:\/\/petproducts.com.cn\/de\/produkt\/dog-training-pad-absorbent-pet-cat-pee-mat-45x60cm\/\" \/>\n<meta property=\"og:locale\" content=\"de_DE\" \/>\n<meta property=\"og:type\" content=\"article\" \/>\n<meta property=\"og:title\" content=\"Dog Training Pad Factory | Cat Pee Mat Manufacturer - Petstar\" \/>\n<meta property=\"og:description\" content=\"Explore dog training pad, cat pee mat, absorbent pet mat directly from the manufacturer. Your ideal business solution with Petstar.\" \/>\n<meta property=\"og:url\" content=\"https:\/\/petproducts.com.cn\/de\/produkt\/dog-training-pad-absorbent-pet-cat-pee-mat-45x60cm\/\" \/>\n<meta property=\"og:site_name\" content=\"Petstar\" \/>\n<meta property=\"article:modified_time\" content=\"2024-05-28T03:19:39+00:00\" \/>\n<meta property=\"og:image\" content=\"https:\/\/petproducts.com.cn\/wp-content\/uploads\/2024\/05\/dog-training-pad.webp\" \/>\n\t<meta property=\"og:image:width\" content=\"800\" \/>\n\t<meta property=\"og:image:height\" content=\"800\" \/>\n\t<meta property=\"og:image:type\" content=\"image\/webp\" \/>\n<meta name=\"twitter:card\" content=\"summary_large_image\" \/>\n<meta name=\"twitter:label1\" content=\"Gesch\u00e4tzte Lesezeit\" \/>\n\t<meta name=\"twitter:data1\" content=\"2\u00a0Minuten\" \/>\n<script type=\"application\/ld+json\" class=\"yoast-schema-graph\">{\"@context\":\"https:\/\/schema.org\",\"@graph\":[{\"@type\":\"WebPage\",\"@id\":\"https:\/\/petproducts.com.cn\/product\/dog-training-pad-absorbent-pet-cat-pee-mat-45x60cm\/\",\"url\":\"https:\/\/petproducts.com.cn\/product\/dog-training-pad-absorbent-pet-cat-pee-mat-45x60cm\/\",\"name\":\"Dog Training Pad Factory | Cat Pee Mat Manufacturer - Petstar\",\"isPartOf\":{\"@id\":\"https:\/\/petproducts.com.cn\/#website\"},\"primaryImageOfPage\":{\"@id\":\"https:\/\/petproducts.com.cn\/product\/dog-training-pad-absorbent-pet-cat-pee-mat-45x60cm\/#primaryimage\"},\"image\":{\"@id\":\"https:\/\/petproducts.com.cn\/product\/dog-training-pad-absorbent-pet-cat-pee-mat-45x60cm\/#primaryimage\"},\"thumbnailUrl\":\"https:\/\/petproducts.com.cn\/wp-content\/uploads\/2024\/05\/dog-training-pad.webp\",\"datePublished\":\"2024-05-28T03:04:57+00:00\",\"dateModified\":\"2024-05-28T03:19:39+00:00\",\"description\":\"Explore dog training pad, cat pee mat, absorbent pet mat directly from the manufacturer. Your ideal business solution with Petstar.\",\"breadcrumb\":{\"@id\":\"https:\/\/petproducts.com.cn\/product\/dog-training-pad-absorbent-pet-cat-pee-mat-45x60cm\/#breadcrumb\"},\"inLanguage\":\"de\",\"potentialAction\":[{\"@type\":\"ReadAction\",\"target\":[\"https:\/\/petproducts.com.cn\/product\/dog-training-pad-absorbent-pet-cat-pee-mat-45x60cm\/\"]}]},{\"@type\":\"ImageObject\",\"inLanguage\":\"de\",\"@id\":\"https:\/\/petproducts.com.cn\/product\/dog-training-pad-absorbent-pet-cat-pee-mat-45x60cm\/#primaryimage\",\"url\":\"https:\/\/petproducts.com.cn\/wp-content\/uploads\/2024\/05\/dog-training-pad.webp\",\"contentUrl\":\"https:\/\/petproducts.com.cn\/wp-content\/uploads\/2024\/05\/dog-training-pad.webp\",\"width\":800,\"height\":800,\"caption\":\"dog training pad\"},{\"@type\":\"BreadcrumbList\",\"@id\":\"https:\/\/petproducts.com.cn\/product\/dog-training-pad-absorbent-pet-cat-pee-mat-45x60cm\/#breadcrumb\",\"itemListElement\":[{\"@type\":\"ListItem\",\"position\":1,\"name\":\"HOME\",\"item\":\"https:\/\/petproducts.com.cn\/\"},{\"@type\":\"ListItem\",\"position\":2,\"name\":\"Products\",\"item\":\"https:\/\/petproducts.com.cn\/shop\/\"},{\"@type\":\"ListItem\",\"position\":3,\"name\":\"Dog Grooming &amp; Cleaning Supplies\",\"item\":\"https:\/\/petproducts.com.cn\/product-category\/dog-grooming-cleaning-supplies\/\"},{\"@type\":\"ListItem\",\"position\":4,\"name\":\"Dog Training Pad Absorbent Pet Cat Pee Mat 45X60CM\"}]},{\"@type\":\"WebSite\",\"@id\":\"https:\/\/petproducts.com.cn\/#website\",\"url\":\"https:\/\/petproducts.com.cn\/\",\"name\":\"Petstar\",\"description\":\"Leading Pet Supplies Manufacturer &amp; OEM Pet Products Supplier\",\"publisher\":{\"@id\":\"https:\/\/petproducts.com.cn\/#organization\"},\"alternateName\":\"Petstar Pet Supplies\",\"potentialAction\":[{\"@type\":\"SearchAction\",\"target\":{\"@type\":\"EntryPoint\",\"urlTemplate\":\"https:\/\/petproducts.com.cn\/?s={search_term_string}\"},\"query-input\":{\"@type\":\"PropertyValueSpecification\",\"valueRequired\":true,\"valueName\":\"search_term_string\"}}],\"inLanguage\":\"de\"},{\"@type\":\"Organization\",\"@id\":\"https:\/\/petproducts.com.cn\/#organization\",\"name\":\"Petstar\",\"url\":\"https:\/\/petproducts.com.cn\/\",\"logo\":{\"@type\":\"ImageObject\",\"inLanguage\":\"de\",\"@id\":\"https:\/\/petproducts.com.cn\/#\/schema\/logo\/image\/\",\"url\":\"https:\/\/petproducts.com.cn\/wp-content\/uploads\/2020\/02\/petstar-logo.webp\",\"contentUrl\":\"https:\/\/petproducts.com.cn\/wp-content\/uploads\/2020\/02\/petstar-logo.webp\",\"width\":779,\"height\":520,\"caption\":\"Petstar\"},\"image\":{\"@id\":\"https:\/\/petproducts.com.cn\/#\/schema\/logo\/image\/\"}}]}<\/script>\n<!-- \/ Yoast SEO plugin. -->","yoast_head_json":{"title":"Hundetraining Pad Fabrik | Katze Pee Matte Hersteller - Petstar","description":"Entdecken Sie Hundetrainingsunterlage, Katzenpisse Matte, absorbierende Haustiermatte direkt vom Hersteller. Ihre ideale Gesch\u00e4ftsl\u00f6sung mit Petstar.","robots":{"index":"index","follow":"follow","max-snippet":"max-snippet:-1","max-image-preview":"max-image-preview:large","max-video-preview":"max-video-preview:-1"},"canonical":"https:\/\/petproducts.com.cn\/de\/produkt\/dog-training-pad-absorbent-pet-cat-pee-mat-45x60cm\/","og_locale":"de_DE","og_type":"article","og_title":"Dog Training Pad Factory | Cat Pee Mat Manufacturer - Petstar","og_description":"Explore dog training pad, cat pee mat, absorbent pet mat directly from the manufacturer. Your ideal business solution with Petstar.","og_url":"https:\/\/petproducts.com.cn\/de\/produkt\/dog-training-pad-absorbent-pet-cat-pee-mat-45x60cm\/","og_site_name":"Petstar","article_modified_time":"2024-05-28T03:19:39+00:00","og_image":[{"width":800,"height":800,"url":"https:\/\/petproducts.com.cn\/wp-content\/uploads\/2024\/05\/dog-training-pad.webp","type":"image\/webp"}],"twitter_card":"summary_large_image","twitter_misc":{"Gesch\u00e4tzte Lesezeit":"2\u00a0Minuten"},"schema":{"@context":"https:\/\/schema.org","@graph":[{"@type":"WebPage","@id":"https:\/\/petproducts.com.cn\/product\/dog-training-pad-absorbent-pet-cat-pee-mat-45x60cm\/","url":"https:\/\/petproducts.com.cn\/product\/dog-training-pad-absorbent-pet-cat-pee-mat-45x60cm\/","name":"Hundetraining Pad Fabrik | Katze Pee Matte Hersteller - Petstar","isPartOf":{"@id":"https:\/\/petproducts.com.cn\/#website"},"primaryImageOfPage":{"@id":"https:\/\/petproducts.com.cn\/product\/dog-training-pad-absorbent-pet-cat-pee-mat-45x60cm\/#primaryimage"},"image":{"@id":"https:\/\/petproducts.com.cn\/product\/dog-training-pad-absorbent-pet-cat-pee-mat-45x60cm\/#primaryimage"},"thumbnailUrl":"https:\/\/petproducts.com.cn\/wp-content\/uploads\/2024\/05\/dog-training-pad.webp","datePublished":"2024-05-28T03:04:57+00:00","dateModified":"2024-05-28T03:19:39+00:00","description":"Entdecken Sie Hundetrainingsunterlage, Katzenpisse Matte, absorbierende Haustiermatte direkt vom Hersteller. Ihre ideale Gesch\u00e4ftsl\u00f6sung mit Petstar.","breadcrumb":{"@id":"https:\/\/petproducts.com.cn\/product\/dog-training-pad-absorbent-pet-cat-pee-mat-45x60cm\/#breadcrumb"},"inLanguage":"de","potentialAction":[{"@type":"ReadAction","target":["https:\/\/petproducts.com.cn\/product\/dog-training-pad-absorbent-pet-cat-pee-mat-45x60cm\/"]}]},{"@type":"ImageObject","inLanguage":"de","@id":"https:\/\/petproducts.com.cn\/product\/dog-training-pad-absorbent-pet-cat-pee-mat-45x60cm\/#primaryimage","url":"https:\/\/petproducts.com.cn\/wp-content\/uploads\/2024\/05\/dog-training-pad.webp","contentUrl":"https:\/\/petproducts.com.cn\/wp-content\/uploads\/2024\/05\/dog-training-pad.webp","width":800,"height":800,"caption":"dog training pad"},{"@type":"BreadcrumbList","@id":"https:\/\/petproducts.com.cn\/product\/dog-training-pad-absorbent-pet-cat-pee-mat-45x60cm\/#breadcrumb","itemListElement":[{"@type":"ListItem","position":1,"name":"HOME","item":"https:\/\/petproducts.com.cn\/"},{"@type":"ListItem","position":2,"name":"Products","item":"https:\/\/petproducts.com.cn\/shop\/"},{"@type":"ListItem","position":3,"name":"Dog Grooming &amp; Cleaning Supplies","item":"https:\/\/petproducts.com.cn\/product-category\/dog-grooming-cleaning-supplies\/"},{"@type":"ListItem","position":4,"name":"Dog Training Pad Absorbent Pet Cat Pee Mat 45X60CM"}]},{"@type":"WebSite","@id":"https:\/\/petproducts.com.cn\/#website","url":"https:\/\/petproducts.com.cn\/","name":"Petstar","description":"F\u00fchrender Hersteller von Heimtierbedarf und OEM-Lieferant von Heimtierprodukten","publisher":{"@id":"https:\/\/petproducts.com.cn\/#organization"},"alternateName":"Petstar Pet Supplies","potentialAction":[{"@type":"SearchAction","target":{"@type":"EntryPoint","urlTemplate":"https:\/\/petproducts.com.cn\/?s={search_term_string}"},"query-input":{"@type":"PropertyValueSpecification","valueRequired":true,"valueName":"search_term_string"}}],"inLanguage":"de"},{"@type":"Organization","@id":"https:\/\/petproducts.com.cn\/#organization","name":"Petstar","url":"https:\/\/petproducts.com.cn\/","logo":{"@type":"ImageObject","inLanguage":"de","@id":"https:\/\/petproducts.com.cn\/#\/schema\/logo\/image\/","url":"https:\/\/petproducts.com.cn\/wp-content\/uploads\/2020\/02\/petstar-logo.webp","contentUrl":"https:\/\/petproducts.com.cn\/wp-content\/uploads\/2020\/02\/petstar-logo.webp","width":779,"height":520,"caption":"Petstar"},"image":{"@id":"https:\/\/petproducts.com.cn\/#\/schema\/logo\/image\/"}}]}},"_links":{"self":[{"href":"https:\/\/petproducts.com.cn\/de\/wp-json\/wp\/v2\/product\/24174","targetHints":{"allow":["GET"]}}],"collection":[{"href":"https:\/\/petproducts.com.cn\/de\/wp-json\/wp\/v2\/product"}],"about":[{"href":"https:\/\/petproducts.com.cn\/de\/wp-json\/wp\/v2\/types\/product"}],"version-history":[{"count":2,"href":"https:\/\/petproducts.com.cn\/de\/wp-json\/wp\/v2\/product\/24174\/revisions"}],"predecessor-version":[{"id":24176,"href":"https:\/\/petproducts.com.cn\/de\/wp-json\/wp\/v2\/product\/24174\/revisions\/24176"}],"wp:featuredmedia":[{"embeddable":true,"href":"https:\/\/petproducts.com.cn\/de\/wp-json\/wp\/v2\/media\/24182"}],"wp:attachment":[{"href":"https:\/\/petproducts.com.cn\/de\/wp-json\/wp\/v2\/media?parent=24174"}],"wp:term":[{"taxonomy":"product_brand","embeddable":true,"href":"https:\/\/petproducts.com.cn\/de\/wp-json\/wp\/v2\/product_brand?post=24174"},{"taxonomy":"product_cat","embeddable":true,"href":"https:\/\/petproducts.com.cn\/de\/wp-json\/wp\/v2\/product_cat?post=24174"},{"taxonomy":"product_tag","embeddable":true,"href":"https:\/\/petproducts.com.cn\/de\/wp-json\/wp\/v2\/product_tag?post=24174"}],"curies":[{"name":"wp","href":"https:\/\/api.w.org\/{rel}","templated":true}]}}