{"id":24192,"date":"2024-05-28T06:06:59","date_gmt":"2024-05-28T06:06:59","guid":{"rendered":"https:\/\/petproducts.com.cn\/?post_type=product&#038;p=24192"},"modified":"2024-05-29T03:05:06","modified_gmt":"2024-05-29T03:05:06","slug":"dog-training-pads-absorbent-dog-mat-pee-pad-56x56cm","status":"publish","type":"product","link":"https:\/\/petproducts.com.cn\/de\/product\/dog-training-pads-absorbent-dog-mat-pee-pad-56x56cm\/","title":{"rendered":"Hundetraining Pads Absorbierende Hund Matte Pee Pad 56X56CM"},"content":{"rendered":"<h2><strong>Eigenschaften von Hundetrainingsunterlagen<\/strong><\/h2>\n<ol>\n<li><strong>F\u00fcnf-Schicht-Schutz<\/strong> Die Hundetrainingsunterlagen verf\u00fcgen \u00fcber ein einzigartiges f\u00fcnfschichtiges Design, das maximalen Schutz und Haltbarkeit gew\u00e4hrleistet. Jede Schicht dient einem bestimmten Zweck und sorgt gemeinsam f\u00fcr eine hervorragende Absorption und verhindert das Auslaufen von Fl\u00fcssigkeit. Diese mehrschichtige Konstruktion ist f\u00fcr die Aufrechterhaltung einer sauberen h\u00e4uslichen Umgebung unerl\u00e4sslich und bietet Ihrem Haustier w\u00e4hrend der Trainingsphase ein sicheres Gef\u00fchl.<\/li>\n<li><strong>Schnelle Absorption<\/strong> Sie werden die schnelle Absorptionsf\u00e4higkeit unserer Hundetrainingsunterlagen zu sch\u00e4tzen wissen. Die oberste Schicht ist speziell so konzipiert, dass sie Feuchtigkeit schnell aufnimmt und die Oberfl\u00e4che trocken und angenehm f\u00fcr Ihr Haustier h\u00e4lt. Diese schnell trocknende Eigenschaft tr\u00e4gt dazu bei, Spuren zu vermeiden und die Sauberkeit in Ihrer Wohnung zu erhalten, damit Ihre B\u00f6den makellos bleiben.<\/li>\n<li><strong>Wasserdichte untere Schicht<\/strong> Die wasserdichte Bodenschicht ist ein entscheidendes Merkmal unserer saugf\u00e4higen Hundematten. Diese Schicht sorgt daf\u00fcr, dass keine Fl\u00fcssigkeit durchsickert und sch\u00fctzt Ihre B\u00f6den und Teppiche vor Flecken und Sch\u00e4den. Sie k\u00f6nnen die Matte \u00fcberall in Ihrer Wohnung aufstellen, denn Sie wissen, dass sie nicht ausl\u00e4uft und somit eine zus\u00e4tzliche Sicherheit gegen Unf\u00e4lle bietet.<\/li>\n<li><strong>Auslaufsichere Konstruktion<\/strong> Unsere Hunde-Pinkeleinlagen sind auslaufsicher und sorgen so f\u00fcr ein sicheres Gef\u00fchl. Die mehrschichtige Konstruktion f\u00e4ngt Fl\u00fcssigkeit effektiv auf und verhindert so ein Versch\u00fctten oder Verschmutzen. Dadurch ist die Unterlage ideal f\u00fcr die Verwendung \u00fcber Nacht, auf Reisen oder f\u00fcr Haustiere mit Inkontinenzproblemen. Das auslaufsichere Design sorgt daf\u00fcr, dass Ihr Zuhause sauber und geruchsfrei bleibt.<\/li>\n<li><strong>Geruchskontrolle<\/strong> Sie werden von der integrierten Geruchskontrolle unserer Hundetrainingsunterlagen profitieren. Die fortschrittlichen Materialien binden und neutralisieren unangenehme Ger\u00fcche und sorgen daf\u00fcr, dass Ihr Zuhause frisch und sauber riecht. Diese Funktion ist wichtig f\u00fcr die Aufrechterhaltung einer angenehmen Umgebung, auch w\u00e4hrend des T\u00f6pfchentrainings, so dass die Pads f\u00fcr die Verwendung in Innenr\u00e4umen geeignet sind.<\/li>\n<li><strong>Einfache Beseitigung<\/strong> Sie werden feststellen, dass diese Trainingsunterlagen nach dem Gebrauch leicht entsorgt werden k\u00f6nnen. Die Materialien sind so konzipiert, dass sie zusammenhalten, ohne zu rei\u00dfen, sodass die Reinigung schnell und m\u00fchelos vonstatten geht. Falten Sie die Einlage einfach zusammen und werfen Sie sie weg. So sparen Sie Zeit und M\u00fche bei der Instandhaltung Ihres Hauses und sorgen f\u00fcr eine hygienische Umgebung f\u00fcr Ihre Familie und Haustiere.<\/li>\n<li><strong>Kosteng\u00fcnstig<\/strong> Die Investition in unsere Hundetrainingsunterlagen ist eine kosteneffektive L\u00f6sung f\u00fcr die Entsorgung von Haustierabf\u00e4llen. Dank der hohen Absorptionskapazit\u00e4t und des langlebigen Designs verbrauchen Sie mit der Zeit weniger Pads und sparen so Geld. Au\u00dferdem tr\u00e4gt der Schutz, den sie f\u00fcr Ihre B\u00f6den und M\u00f6bel bieten, zu ihrem Gesamtwert bei und macht sie zu einer klugen Investition f\u00fcr jeden Tierhalter.<\/li>\n<\/ol>","protected":false},"excerpt":{"rendered":"<p>Wir sind ein Hersteller von Reinigungsmitteln f\u00fcr Haustiere mit mehr als 20 Jahren Erfahrung. Wir bieten Anpassungsm\u00f6glichkeiten f\u00fcr Farbe, Gr\u00f6\u00dfe, Stoff, Muster, Logo und andere Merkmale.<\/p>","protected":false},"featured_media":24199,"template":"","meta":{"_acf_changed":false},"product_brand":[],"product_cat":[137,71,136,72],"product_tag":[139,140],"class_list":{"0":"post-24192","1":"product","2":"type-product","3":"status-publish","4":"has-post-thumbnail","6":"product_cat-cat-grooming-cleaning-supplies","7":"product_cat-cat-supplies","8":"product_cat-dog-grooming-cleaning-supplies","9":"product_cat-dog-supplies","10":"product_tag-cat-grooming-cleaning-supplies","11":"product_tag-dog-grooming-cleaning-supplies","13":"first","14":"instock","15":"shipping-taxable","16":"product-type-simple"},"acf":[],"yoast_head":"<!-- This site is optimized with the Yoast SEO plugin v27.1.1 - https:\/\/yoast.com\/product\/yoast-seo-wordpress\/ -->\n<title>Dog Training Pads Factory | Dog Pee Pad Manufacturer - Petstar<\/title>\n<meta name=\"description\" content=\"Explore dog training pads, absorbent dog mat, dog pee pad directly from the manufacturer. Your ideal business solution with Petstar.\" \/>\n<meta name=\"robots\" content=\"index, follow, max-snippet:-1, max-image-preview:large, max-video-preview:-1\" \/>\n<link rel=\"canonical\" href=\"https:\/\/petproducts.com.cn\/de\/produkt\/dog-training-pads-absorbent-dog-mat-pee-pad-56x56cm\/\" \/>\n<meta property=\"og:locale\" content=\"de_DE\" \/>\n<meta property=\"og:type\" content=\"article\" \/>\n<meta property=\"og:title\" content=\"Dog Training Pads Factory | Dog Pee Pad Manufacturer - Petstar\" \/>\n<meta property=\"og:description\" content=\"Explore dog training pads, absorbent dog mat, dog pee pad directly from the manufacturer. Your ideal business solution with Petstar.\" \/>\n<meta property=\"og:url\" content=\"https:\/\/petproducts.com.cn\/de\/produkt\/dog-training-pads-absorbent-dog-mat-pee-pad-56x56cm\/\" \/>\n<meta property=\"og:site_name\" content=\"Petstar\" \/>\n<meta property=\"article:modified_time\" content=\"2024-05-29T03:05:06+00:00\" \/>\n<meta property=\"og:image\" content=\"https:\/\/petproducts.com.cn\/wp-content\/uploads\/2024\/05\/Dog-Training-Pads.webp\" \/>\n\t<meta property=\"og:image:width\" content=\"1000\" \/>\n\t<meta property=\"og:image:height\" content=\"1000\" \/>\n\t<meta property=\"og:image:type\" content=\"image\/webp\" \/>\n<meta name=\"twitter:card\" content=\"summary_large_image\" \/>\n<meta name=\"twitter:label1\" content=\"Gesch\u00e4tzte Lesezeit\" \/>\n\t<meta name=\"twitter:data1\" content=\"2\u00a0Minuten\" \/>\n<script type=\"application\/ld+json\" class=\"yoast-schema-graph\">{\"@context\":\"https:\/\/schema.org\",\"@graph\":[{\"@type\":\"WebPage\",\"@id\":\"https:\/\/petproducts.com.cn\/product\/dog-training-pads-absorbent-dog-mat-pee-pad-56x56cm\/\",\"url\":\"https:\/\/petproducts.com.cn\/product\/dog-training-pads-absorbent-dog-mat-pee-pad-56x56cm\/\",\"name\":\"Dog Training Pads Factory | Dog Pee Pad Manufacturer - Petstar\",\"isPartOf\":{\"@id\":\"https:\/\/petproducts.com.cn\/#website\"},\"primaryImageOfPage\":{\"@id\":\"https:\/\/petproducts.com.cn\/product\/dog-training-pads-absorbent-dog-mat-pee-pad-56x56cm\/#primaryimage\"},\"image\":{\"@id\":\"https:\/\/petproducts.com.cn\/product\/dog-training-pads-absorbent-dog-mat-pee-pad-56x56cm\/#primaryimage\"},\"thumbnailUrl\":\"https:\/\/petproducts.com.cn\/wp-content\/uploads\/2024\/05\/Dog-Training-Pads.webp\",\"datePublished\":\"2024-05-28T06:06:59+00:00\",\"dateModified\":\"2024-05-29T03:05:06+00:00\",\"description\":\"Explore dog training pads, absorbent dog mat, dog pee pad directly from the manufacturer. Your ideal business solution with Petstar.\",\"breadcrumb\":{\"@id\":\"https:\/\/petproducts.com.cn\/product\/dog-training-pads-absorbent-dog-mat-pee-pad-56x56cm\/#breadcrumb\"},\"inLanguage\":\"de\",\"potentialAction\":[{\"@type\":\"ReadAction\",\"target\":[\"https:\/\/petproducts.com.cn\/product\/dog-training-pads-absorbent-dog-mat-pee-pad-56x56cm\/\"]}]},{\"@type\":\"ImageObject\",\"inLanguage\":\"de\",\"@id\":\"https:\/\/petproducts.com.cn\/product\/dog-training-pads-absorbent-dog-mat-pee-pad-56x56cm\/#primaryimage\",\"url\":\"https:\/\/petproducts.com.cn\/wp-content\/uploads\/2024\/05\/Dog-Training-Pads.webp\",\"contentUrl\":\"https:\/\/petproducts.com.cn\/wp-content\/uploads\/2024\/05\/Dog-Training-Pads.webp\",\"width\":1000,\"height\":1000,\"caption\":\"Dog Training Pads\"},{\"@type\":\"BreadcrumbList\",\"@id\":\"https:\/\/petproducts.com.cn\/product\/dog-training-pads-absorbent-dog-mat-pee-pad-56x56cm\/#breadcrumb\",\"itemListElement\":[{\"@type\":\"ListItem\",\"position\":1,\"name\":\"HOME\",\"item\":\"https:\/\/petproducts.com.cn\/\"},{\"@type\":\"ListItem\",\"position\":2,\"name\":\"Products\",\"item\":\"https:\/\/petproducts.com.cn\/shop\/\"},{\"@type\":\"ListItem\",\"position\":3,\"name\":\"Dog Grooming &amp; Cleaning Supplies\",\"item\":\"https:\/\/petproducts.com.cn\/product-category\/dog-grooming-cleaning-supplies\/\"},{\"@type\":\"ListItem\",\"position\":4,\"name\":\"Dog Training Pads Absorbent Dog Mat Pee Pad 56X56CM\"}]},{\"@type\":\"WebSite\",\"@id\":\"https:\/\/petproducts.com.cn\/#website\",\"url\":\"https:\/\/petproducts.com.cn\/\",\"name\":\"Petstar\",\"description\":\"Leading Pet Supplies Manufacturer &amp; OEM Pet Products Supplier\",\"publisher\":{\"@id\":\"https:\/\/petproducts.com.cn\/#organization\"},\"alternateName\":\"Petstar Pet Supplies\",\"potentialAction\":[{\"@type\":\"SearchAction\",\"target\":{\"@type\":\"EntryPoint\",\"urlTemplate\":\"https:\/\/petproducts.com.cn\/?s={search_term_string}\"},\"query-input\":{\"@type\":\"PropertyValueSpecification\",\"valueRequired\":true,\"valueName\":\"search_term_string\"}}],\"inLanguage\":\"de\"},{\"@type\":\"Organization\",\"@id\":\"https:\/\/petproducts.com.cn\/#organization\",\"name\":\"Petstar\",\"url\":\"https:\/\/petproducts.com.cn\/\",\"logo\":{\"@type\":\"ImageObject\",\"inLanguage\":\"de\",\"@id\":\"https:\/\/petproducts.com.cn\/#\/schema\/logo\/image\/\",\"url\":\"https:\/\/petproducts.com.cn\/wp-content\/uploads\/2020\/02\/petstar-logo.webp\",\"contentUrl\":\"https:\/\/petproducts.com.cn\/wp-content\/uploads\/2020\/02\/petstar-logo.webp\",\"width\":779,\"height\":520,\"caption\":\"Petstar\"},\"image\":{\"@id\":\"https:\/\/petproducts.com.cn\/#\/schema\/logo\/image\/\"}}]}<\/script>\n<!-- \/ Yoast SEO plugin. -->","yoast_head_json":{"title":"Hundetraining Pads Fabrik | Hund Pee Pad Hersteller - Petstar","description":"Entdecken Sie Hundetrainingsmatten, saugf\u00e4hige Hundematten, Hundepinkelsteine direkt vom Hersteller. Ihre ideale Business-L\u00f6sung mit Petstar.","robots":{"index":"index","follow":"follow","max-snippet":"max-snippet:-1","max-image-preview":"max-image-preview:large","max-video-preview":"max-video-preview:-1"},"canonical":"https:\/\/petproducts.com.cn\/de\/produkt\/dog-training-pads-absorbent-dog-mat-pee-pad-56x56cm\/","og_locale":"de_DE","og_type":"article","og_title":"Dog Training Pads Factory | Dog Pee Pad Manufacturer - Petstar","og_description":"Explore dog training pads, absorbent dog mat, dog pee pad directly from the manufacturer. Your ideal business solution with Petstar.","og_url":"https:\/\/petproducts.com.cn\/de\/produkt\/dog-training-pads-absorbent-dog-mat-pee-pad-56x56cm\/","og_site_name":"Petstar","article_modified_time":"2024-05-29T03:05:06+00:00","og_image":[{"width":1000,"height":1000,"url":"https:\/\/petproducts.com.cn\/wp-content\/uploads\/2024\/05\/Dog-Training-Pads.webp","type":"image\/webp"}],"twitter_card":"summary_large_image","twitter_misc":{"Gesch\u00e4tzte Lesezeit":"2\u00a0Minuten"},"schema":{"@context":"https:\/\/schema.org","@graph":[{"@type":"WebPage","@id":"https:\/\/petproducts.com.cn\/product\/dog-training-pads-absorbent-dog-mat-pee-pad-56x56cm\/","url":"https:\/\/petproducts.com.cn\/product\/dog-training-pads-absorbent-dog-mat-pee-pad-56x56cm\/","name":"Hundetraining Pads Fabrik | Hund Pee Pad Hersteller - Petstar","isPartOf":{"@id":"https:\/\/petproducts.com.cn\/#website"},"primaryImageOfPage":{"@id":"https:\/\/petproducts.com.cn\/product\/dog-training-pads-absorbent-dog-mat-pee-pad-56x56cm\/#primaryimage"},"image":{"@id":"https:\/\/petproducts.com.cn\/product\/dog-training-pads-absorbent-dog-mat-pee-pad-56x56cm\/#primaryimage"},"thumbnailUrl":"https:\/\/petproducts.com.cn\/wp-content\/uploads\/2024\/05\/Dog-Training-Pads.webp","datePublished":"2024-05-28T06:06:59+00:00","dateModified":"2024-05-29T03:05:06+00:00","description":"Entdecken Sie Hundetrainingsmatten, saugf\u00e4hige Hundematten, Hundepinkelsteine direkt vom Hersteller. Ihre ideale Business-L\u00f6sung mit Petstar.","breadcrumb":{"@id":"https:\/\/petproducts.com.cn\/product\/dog-training-pads-absorbent-dog-mat-pee-pad-56x56cm\/#breadcrumb"},"inLanguage":"de","potentialAction":[{"@type":"ReadAction","target":["https:\/\/petproducts.com.cn\/product\/dog-training-pads-absorbent-dog-mat-pee-pad-56x56cm\/"]}]},{"@type":"ImageObject","inLanguage":"de","@id":"https:\/\/petproducts.com.cn\/product\/dog-training-pads-absorbent-dog-mat-pee-pad-56x56cm\/#primaryimage","url":"https:\/\/petproducts.com.cn\/wp-content\/uploads\/2024\/05\/Dog-Training-Pads.webp","contentUrl":"https:\/\/petproducts.com.cn\/wp-content\/uploads\/2024\/05\/Dog-Training-Pads.webp","width":1000,"height":1000,"caption":"Dog Training Pads"},{"@type":"BreadcrumbList","@id":"https:\/\/petproducts.com.cn\/product\/dog-training-pads-absorbent-dog-mat-pee-pad-56x56cm\/#breadcrumb","itemListElement":[{"@type":"ListItem","position":1,"name":"HOME","item":"https:\/\/petproducts.com.cn\/"},{"@type":"ListItem","position":2,"name":"Products","item":"https:\/\/petproducts.com.cn\/shop\/"},{"@type":"ListItem","position":3,"name":"Dog Grooming &amp; Cleaning Supplies","item":"https:\/\/petproducts.com.cn\/product-category\/dog-grooming-cleaning-supplies\/"},{"@type":"ListItem","position":4,"name":"Dog Training Pads Absorbent Dog Mat Pee Pad 56X56CM"}]},{"@type":"WebSite","@id":"https:\/\/petproducts.com.cn\/#website","url":"https:\/\/petproducts.com.cn\/","name":"Petstar","description":"F\u00fchrender Hersteller von Heimtierbedarf und OEM-Lieferant von Heimtierprodukten","publisher":{"@id":"https:\/\/petproducts.com.cn\/#organization"},"alternateName":"Petstar Pet Supplies","potentialAction":[{"@type":"SearchAction","target":{"@type":"EntryPoint","urlTemplate":"https:\/\/petproducts.com.cn\/?s={search_term_string}"},"query-input":{"@type":"PropertyValueSpecification","valueRequired":true,"valueName":"search_term_string"}}],"inLanguage":"de"},{"@type":"Organization","@id":"https:\/\/petproducts.com.cn\/#organization","name":"Petstar","url":"https:\/\/petproducts.com.cn\/","logo":{"@type":"ImageObject","inLanguage":"de","@id":"https:\/\/petproducts.com.cn\/#\/schema\/logo\/image\/","url":"https:\/\/petproducts.com.cn\/wp-content\/uploads\/2020\/02\/petstar-logo.webp","contentUrl":"https:\/\/petproducts.com.cn\/wp-content\/uploads\/2020\/02\/petstar-logo.webp","width":779,"height":520,"caption":"Petstar"},"image":{"@id":"https:\/\/petproducts.com.cn\/#\/schema\/logo\/image\/"}}]}},"_links":{"self":[{"href":"https:\/\/petproducts.com.cn\/de\/wp-json\/wp\/v2\/product\/24192","targetHints":{"allow":["GET"]}}],"collection":[{"href":"https:\/\/petproducts.com.cn\/de\/wp-json\/wp\/v2\/product"}],"about":[{"href":"https:\/\/petproducts.com.cn\/de\/wp-json\/wp\/v2\/types\/product"}],"version-history":[{"count":2,"href":"https:\/\/petproducts.com.cn\/de\/wp-json\/wp\/v2\/product\/24192\/revisions"}],"predecessor-version":[{"id":24200,"href":"https:\/\/petproducts.com.cn\/de\/wp-json\/wp\/v2\/product\/24192\/revisions\/24200"}],"wp:featuredmedia":[{"embeddable":true,"href":"https:\/\/petproducts.com.cn\/de\/wp-json\/wp\/v2\/media\/24199"}],"wp:attachment":[{"href":"https:\/\/petproducts.com.cn\/de\/wp-json\/wp\/v2\/media?parent=24192"}],"wp:term":[{"taxonomy":"product_brand","embeddable":true,"href":"https:\/\/petproducts.com.cn\/de\/wp-json\/wp\/v2\/product_brand?post=24192"},{"taxonomy":"product_cat","embeddable":true,"href":"https:\/\/petproducts.com.cn\/de\/wp-json\/wp\/v2\/product_cat?post=24192"},{"taxonomy":"product_tag","embeddable":true,"href":"https:\/\/petproducts.com.cn\/de\/wp-json\/wp\/v2\/product_tag?post=24192"}],"curies":[{"name":"wp","href":"https:\/\/api.w.org\/{rel}","templated":true}]}}