{"id":24264,"date":"2024-05-29T01:42:12","date_gmt":"2024-05-29T01:42:12","guid":{"rendered":"https:\/\/petproducts.com.cn\/?post_type=product&#038;p=24264"},"modified":"2024-05-29T02:00:23","modified_gmt":"2024-05-29T02:00:23","slug":"dog-training-mat-bulk-best-dog-pee-pad-60x60cm","status":"publish","type":"product","link":"https:\/\/petproducts.com.cn\/de\/product\/dog-training-mat-bulk-best-dog-pee-pad-60x60cm\/","title":{"rendered":"Hundetrainingsmatte Bulk Best Dog Pee Pad 60X60CM"},"content":{"rendered":"<h2><strong>Eigenschaften der Hundetrainingsmatte<\/strong><\/h2>\n<ul>\n<li><strong>F\u00fcnf-Schicht-Schutz<\/strong> Die Hundetrainingsmatte verf\u00fcgt \u00fcber ein ausgekl\u00fcgeltes f\u00fcnflagiges Design, das einen hervorragenden Schutz gegen Auslaufen und Versch\u00fctten bietet. Jede Schicht hat eine bestimmte Funktion und sorgt gemeinsam f\u00fcr maximale Absorption und Haltbarkeit. Dieses Design h\u00e4lt Ihre B\u00f6den sauber und trocken und ist somit ideal f\u00fcr den Einsatz in Innenr\u00e4umen.<\/li>\n<li><strong>Schnelle Absorption<\/strong> Sie werden von der schnellen Absorptionsf\u00e4higkeit der besten Hundekotmatte profitieren. Die oberste Schicht saugt die Feuchtigkeit schnell auf und schlie\u00dft sie ein, um die Oberfl\u00e4che trocken zu halten. Diese Eigenschaft sorgt nicht nur daf\u00fcr, dass Ihr Haustier sich wohlf\u00fchlt, sondern verhindert auch die Bildung von Spuren und sorgt daf\u00fcr, dass Ihr Zuhause sauber und frisch bleibt.<\/li>\n<li><strong>Wasserdichte untere Schicht<\/strong> Die wasserdichte Unterschicht ist ein herausragendes Merkmal unserer Hundetrainingsmatte. Diese Schicht verhindert das Durchsickern von Fl\u00fcssigkeiten und sch\u00fctzt Ihre B\u00f6den und Teppiche vor Sch\u00e4den. Sie k\u00f6nnen die Matte \u00fcberall hinlegen, denn Sie wissen, dass sie Ihr Zuhause sauber halten wird.<\/li>\n<li><strong>Auslaufsichere Konstruktion<\/strong> Die Hundetrainingsmatte verf\u00fcgt \u00fcber ein auslaufsicheres Design, das unerl\u00e4sslich ist, um Versch\u00fcttungen und Verschmutzungen zu verhindern. Die mehrschichtige Konstruktion f\u00e4ngt Fl\u00fcssigkeit effektiv auf und ist daher ideal f\u00fcr die Verwendung \u00fcber Nacht oder f\u00fcr Haustiere mit Inkontinenz. Dieses Design sorgt daf\u00fcr, dass Ihr Zuhause sauber und geruchsfrei bleibt.<\/li>\n<li><strong>Geruchskontrolle<\/strong> Die beste Hundekotmatte verf\u00fcgt \u00fcber eine integrierte Geruchskontrolle, die unangenehme Ger\u00fcche neutralisiert. Diese Funktion ist entscheidend f\u00fcr die Aufrechterhaltung einer frischen und sauberen Umgebung, auch w\u00e4hrend des T\u00f6pfchentrainings. Sie werden es zu sch\u00e4tzen wissen, dass Ihr Zuhause dadurch immer angenehm riecht.<\/li>\n<li><strong>Einfache Beseitigung<\/strong> Sie werden feststellen, dass die Hundetrainingsmatte nach dem Gebrauch leicht zu entsorgen ist. Die strapazierf\u00e4higen Materialien halten zusammen, ohne zu rei\u00dfen, so dass die Reinigung schnell und m\u00fchelos vonstatten geht. Falten Sie die Matte einfach zusammen und werfen Sie sie weg. So sparen Sie Zeit und M\u00fche und sorgen gleichzeitig f\u00fcr eine hygienische Umgebung.<\/li>\n<li><strong>Gro\u00dfe Oberfl\u00e4che<\/strong> Jede Matte misst 60x60CM und bietet damit eine gro\u00dfz\u00fcgige Oberfl\u00e4che f\u00fcr Ihr Haustier. Diese Gr\u00f6\u00dfe verringert die Wahrscheinlichkeit von Unf\u00e4llen au\u00dferhalb der Matte und bietet einen besseren Schutz f\u00fcr Ihr Zuhause. Die Matte ist perfekt f\u00fcr gr\u00f6\u00dfere Rassen oder mehrere Haustiere und bietet ihnen ausreichend Platz.<\/li>\n<li><strong>Ideal f\u00fcr Training und Reisen<\/strong> Die Hundetrainingsmatte eignet sich perfekt f\u00fcr das T\u00f6pfchentraining von Welpen, zur Unterst\u00fctzung \u00e4lterer Hunde bei Inkontinenz und als praktische L\u00f6sung f\u00fcr unterwegs. Ihre Vielseitigkeit gew\u00e4hrleistet, dass sie in jeder Situation verwendet werden kann, was sie zu einem unverzichtbaren Hilfsmittel f\u00fcr Haustierbesitzer macht. Sie k\u00f6nnen es einfach mitnehmen, wohin Sie gehen.<\/li>\n<li><strong>Kosteng\u00fcnstig<\/strong> Die Investition in gro\u00dfe Mengen an Hundepinkelbinden ist eine kosteneffektive L\u00f6sung f\u00fcr die Entsorgung von Haustierabf\u00e4llen. Dank der hohen Absorptionskapazit\u00e4t und des langlebigen Designs verbrauchen Sie mit der Zeit weniger Pads und sparen so Geld. Und der Schutz, den sie f\u00fcr Ihre B\u00f6den und M\u00f6bel bieten, tr\u00e4gt zu ihrem Gesamtwert bei.<\/li>\n<\/ul>","protected":false},"excerpt":{"rendered":"<p>Petstar ist ein Hersteller von Reinigungsmitteln f\u00fcr Haustiere mit mehr als 20 Jahren Erfahrung. Hundetrainingsmatte - Die Kombination aus f\u00fcnfschichtigem Schutz, schneller Absorption, wasserdichter Unterschicht und Geruchskontrolle macht diese Pads zu den besten auf dem Markt erh\u00e4ltlichen Hundepinkelbinden.<\/p>","protected":false},"featured_media":24272,"template":"","meta":{"_acf_changed":false},"product_brand":[],"product_cat":[137,71,136,72],"product_tag":[139,140],"class_list":{"0":"post-24264","1":"product","2":"type-product","3":"status-publish","4":"has-post-thumbnail","6":"product_cat-cat-grooming-cleaning-supplies","7":"product_cat-cat-supplies","8":"product_cat-dog-grooming-cleaning-supplies","9":"product_cat-dog-supplies","10":"product_tag-cat-grooming-cleaning-supplies","11":"product_tag-dog-grooming-cleaning-supplies","13":"first","14":"instock","15":"shipping-taxable","16":"product-type-simple"},"acf":[],"yoast_head":"<!-- This site is optimized with the Yoast SEO plugin v27.1.1 - https:\/\/yoast.com\/product\/yoast-seo-wordpress\/ -->\n<title>Dog Training Mat Factory | Best Dog Pee Pad Manufacturer - Petstar<\/title>\n<meta name=\"description\" content=\"Explore dog training mat, best dog pee pad, bulk dog pee pads directly from the manufacturer. Your ideal business solution with Petstar.\" \/>\n<meta name=\"robots\" content=\"index, follow, max-snippet:-1, max-image-preview:large, max-video-preview:-1\" \/>\n<link rel=\"canonical\" href=\"https:\/\/petproducts.com.cn\/de\/produkt\/dog-training-mat-bulk-best-dog-pee-pad-60x60cm\/\" \/>\n<meta property=\"og:locale\" content=\"de_DE\" \/>\n<meta property=\"og:type\" content=\"article\" \/>\n<meta property=\"og:title\" content=\"Dog Training Mat Factory | Best Dog Pee Pad Manufacturer - Petstar\" \/>\n<meta property=\"og:description\" content=\"Explore dog training mat, best dog pee pad, bulk dog pee pads directly from the manufacturer. Your ideal business solution with Petstar.\" \/>\n<meta property=\"og:url\" content=\"https:\/\/petproducts.com.cn\/de\/produkt\/dog-training-mat-bulk-best-dog-pee-pad-60x60cm\/\" \/>\n<meta property=\"og:site_name\" content=\"Petstar\" \/>\n<meta property=\"article:modified_time\" content=\"2024-05-29T02:00:23+00:00\" \/>\n<meta property=\"og:image\" content=\"https:\/\/petproducts.com.cn\/wp-content\/uploads\/2024\/05\/dog-training-mat.webp\" \/>\n\t<meta property=\"og:image:width\" content=\"800\" \/>\n\t<meta property=\"og:image:height\" content=\"800\" \/>\n\t<meta property=\"og:image:type\" content=\"image\/webp\" \/>\n<meta name=\"twitter:card\" content=\"summary_large_image\" \/>\n<meta name=\"twitter:label1\" content=\"Gesch\u00e4tzte Lesezeit\" \/>\n\t<meta name=\"twitter:data1\" content=\"3\u00a0Minuten\" \/>\n<script type=\"application\/ld+json\" class=\"yoast-schema-graph\">{\"@context\":\"https:\/\/schema.org\",\"@graph\":[{\"@type\":\"WebPage\",\"@id\":\"https:\/\/petproducts.com.cn\/product\/dog-training-mat-bulk-best-dog-pee-pad-60x60cm\/\",\"url\":\"https:\/\/petproducts.com.cn\/product\/dog-training-mat-bulk-best-dog-pee-pad-60x60cm\/\",\"name\":\"Dog Training Mat Factory | Best Dog Pee Pad Manufacturer - Petstar\",\"isPartOf\":{\"@id\":\"https:\/\/petproducts.com.cn\/#website\"},\"primaryImageOfPage\":{\"@id\":\"https:\/\/petproducts.com.cn\/product\/dog-training-mat-bulk-best-dog-pee-pad-60x60cm\/#primaryimage\"},\"image\":{\"@id\":\"https:\/\/petproducts.com.cn\/product\/dog-training-mat-bulk-best-dog-pee-pad-60x60cm\/#primaryimage\"},\"thumbnailUrl\":\"https:\/\/petproducts.com.cn\/wp-content\/uploads\/2024\/05\/dog-training-mat.webp\",\"datePublished\":\"2024-05-29T01:42:12+00:00\",\"dateModified\":\"2024-05-29T02:00:23+00:00\",\"description\":\"Explore dog training mat, best dog pee pad, bulk dog pee pads directly from the manufacturer. Your ideal business solution with Petstar.\",\"breadcrumb\":{\"@id\":\"https:\/\/petproducts.com.cn\/product\/dog-training-mat-bulk-best-dog-pee-pad-60x60cm\/#breadcrumb\"},\"inLanguage\":\"de\",\"potentialAction\":[{\"@type\":\"ReadAction\",\"target\":[\"https:\/\/petproducts.com.cn\/product\/dog-training-mat-bulk-best-dog-pee-pad-60x60cm\/\"]}]},{\"@type\":\"ImageObject\",\"inLanguage\":\"de\",\"@id\":\"https:\/\/petproducts.com.cn\/product\/dog-training-mat-bulk-best-dog-pee-pad-60x60cm\/#primaryimage\",\"url\":\"https:\/\/petproducts.com.cn\/wp-content\/uploads\/2024\/05\/dog-training-mat.webp\",\"contentUrl\":\"https:\/\/petproducts.com.cn\/wp-content\/uploads\/2024\/05\/dog-training-mat.webp\",\"width\":800,\"height\":800,\"caption\":\"dog training mat\"},{\"@type\":\"BreadcrumbList\",\"@id\":\"https:\/\/petproducts.com.cn\/product\/dog-training-mat-bulk-best-dog-pee-pad-60x60cm\/#breadcrumb\",\"itemListElement\":[{\"@type\":\"ListItem\",\"position\":1,\"name\":\"HOME\",\"item\":\"https:\/\/petproducts.com.cn\/\"},{\"@type\":\"ListItem\",\"position\":2,\"name\":\"Products\",\"item\":\"https:\/\/petproducts.com.cn\/shop\/\"},{\"@type\":\"ListItem\",\"position\":3,\"name\":\"Dog Grooming &amp; Cleaning Supplies\",\"item\":\"https:\/\/petproducts.com.cn\/product-category\/dog-grooming-cleaning-supplies\/\"},{\"@type\":\"ListItem\",\"position\":4,\"name\":\"Dog Training Mat Bulk Best Dog Pee Pad 60X60CM\"}]},{\"@type\":\"WebSite\",\"@id\":\"https:\/\/petproducts.com.cn\/#website\",\"url\":\"https:\/\/petproducts.com.cn\/\",\"name\":\"Petstar\",\"description\":\"Leading Pet Supplies Manufacturer &amp; OEM Pet Products Supplier\",\"publisher\":{\"@id\":\"https:\/\/petproducts.com.cn\/#organization\"},\"alternateName\":\"Petstar Pet Supplies\",\"potentialAction\":[{\"@type\":\"SearchAction\",\"target\":{\"@type\":\"EntryPoint\",\"urlTemplate\":\"https:\/\/petproducts.com.cn\/?s={search_term_string}\"},\"query-input\":{\"@type\":\"PropertyValueSpecification\",\"valueRequired\":true,\"valueName\":\"search_term_string\"}}],\"inLanguage\":\"de\"},{\"@type\":\"Organization\",\"@id\":\"https:\/\/petproducts.com.cn\/#organization\",\"name\":\"Petstar\",\"url\":\"https:\/\/petproducts.com.cn\/\",\"logo\":{\"@type\":\"ImageObject\",\"inLanguage\":\"de\",\"@id\":\"https:\/\/petproducts.com.cn\/#\/schema\/logo\/image\/\",\"url\":\"https:\/\/petproducts.com.cn\/wp-content\/uploads\/2020\/02\/petstar-logo.webp\",\"contentUrl\":\"https:\/\/petproducts.com.cn\/wp-content\/uploads\/2020\/02\/petstar-logo.webp\",\"width\":779,\"height\":520,\"caption\":\"Petstar\"},\"image\":{\"@id\":\"https:\/\/petproducts.com.cn\/#\/schema\/logo\/image\/\"}}]}<\/script>\n<!-- \/ Yoast SEO plugin. -->","yoast_head_json":{"title":"Hundetrainingsmatte Fabrik | Beste Hund Pee Pad Hersteller - Petstar","description":"Entdecken Sie die Hundetrainingsmatte, die beste Hunde-Pinkelmatte, lose Hunde-Pinkelpads direkt vom Hersteller. Ihre ideale Gesch\u00e4ftsl\u00f6sung mit Petstar.","robots":{"index":"index","follow":"follow","max-snippet":"max-snippet:-1","max-image-preview":"max-image-preview:large","max-video-preview":"max-video-preview:-1"},"canonical":"https:\/\/petproducts.com.cn\/de\/produkt\/dog-training-mat-bulk-best-dog-pee-pad-60x60cm\/","og_locale":"de_DE","og_type":"article","og_title":"Dog Training Mat Factory | Best Dog Pee Pad Manufacturer - Petstar","og_description":"Explore dog training mat, best dog pee pad, bulk dog pee pads directly from the manufacturer. Your ideal business solution with Petstar.","og_url":"https:\/\/petproducts.com.cn\/de\/produkt\/dog-training-mat-bulk-best-dog-pee-pad-60x60cm\/","og_site_name":"Petstar","article_modified_time":"2024-05-29T02:00:23+00:00","og_image":[{"width":800,"height":800,"url":"https:\/\/petproducts.com.cn\/wp-content\/uploads\/2024\/05\/dog-training-mat.webp","type":"image\/webp"}],"twitter_card":"summary_large_image","twitter_misc":{"Gesch\u00e4tzte Lesezeit":"3\u00a0Minuten"},"schema":{"@context":"https:\/\/schema.org","@graph":[{"@type":"WebPage","@id":"https:\/\/petproducts.com.cn\/product\/dog-training-mat-bulk-best-dog-pee-pad-60x60cm\/","url":"https:\/\/petproducts.com.cn\/product\/dog-training-mat-bulk-best-dog-pee-pad-60x60cm\/","name":"Hundetrainingsmatte Fabrik | Beste Hund Pee Pad Hersteller - Petstar","isPartOf":{"@id":"https:\/\/petproducts.com.cn\/#website"},"primaryImageOfPage":{"@id":"https:\/\/petproducts.com.cn\/product\/dog-training-mat-bulk-best-dog-pee-pad-60x60cm\/#primaryimage"},"image":{"@id":"https:\/\/petproducts.com.cn\/product\/dog-training-mat-bulk-best-dog-pee-pad-60x60cm\/#primaryimage"},"thumbnailUrl":"https:\/\/petproducts.com.cn\/wp-content\/uploads\/2024\/05\/dog-training-mat.webp","datePublished":"2024-05-29T01:42:12+00:00","dateModified":"2024-05-29T02:00:23+00:00","description":"Entdecken Sie die Hundetrainingsmatte, die beste Hunde-Pinkelmatte, lose Hunde-Pinkelpads direkt vom Hersteller. Ihre ideale Gesch\u00e4ftsl\u00f6sung mit Petstar.","breadcrumb":{"@id":"https:\/\/petproducts.com.cn\/product\/dog-training-mat-bulk-best-dog-pee-pad-60x60cm\/#breadcrumb"},"inLanguage":"de","potentialAction":[{"@type":"ReadAction","target":["https:\/\/petproducts.com.cn\/product\/dog-training-mat-bulk-best-dog-pee-pad-60x60cm\/"]}]},{"@type":"ImageObject","inLanguage":"de","@id":"https:\/\/petproducts.com.cn\/product\/dog-training-mat-bulk-best-dog-pee-pad-60x60cm\/#primaryimage","url":"https:\/\/petproducts.com.cn\/wp-content\/uploads\/2024\/05\/dog-training-mat.webp","contentUrl":"https:\/\/petproducts.com.cn\/wp-content\/uploads\/2024\/05\/dog-training-mat.webp","width":800,"height":800,"caption":"dog training mat"},{"@type":"BreadcrumbList","@id":"https:\/\/petproducts.com.cn\/product\/dog-training-mat-bulk-best-dog-pee-pad-60x60cm\/#breadcrumb","itemListElement":[{"@type":"ListItem","position":1,"name":"HOME","item":"https:\/\/petproducts.com.cn\/"},{"@type":"ListItem","position":2,"name":"Products","item":"https:\/\/petproducts.com.cn\/shop\/"},{"@type":"ListItem","position":3,"name":"Dog Grooming &amp; Cleaning Supplies","item":"https:\/\/petproducts.com.cn\/product-category\/dog-grooming-cleaning-supplies\/"},{"@type":"ListItem","position":4,"name":"Dog Training Mat Bulk Best Dog Pee Pad 60X60CM"}]},{"@type":"WebSite","@id":"https:\/\/petproducts.com.cn\/#website","url":"https:\/\/petproducts.com.cn\/","name":"Petstar","description":"F\u00fchrender Hersteller von Heimtierbedarf und OEM-Lieferant von Heimtierprodukten","publisher":{"@id":"https:\/\/petproducts.com.cn\/#organization"},"alternateName":"Petstar Pet Supplies","potentialAction":[{"@type":"SearchAction","target":{"@type":"EntryPoint","urlTemplate":"https:\/\/petproducts.com.cn\/?s={search_term_string}"},"query-input":{"@type":"PropertyValueSpecification","valueRequired":true,"valueName":"search_term_string"}}],"inLanguage":"de"},{"@type":"Organization","@id":"https:\/\/petproducts.com.cn\/#organization","name":"Petstar","url":"https:\/\/petproducts.com.cn\/","logo":{"@type":"ImageObject","inLanguage":"de","@id":"https:\/\/petproducts.com.cn\/#\/schema\/logo\/image\/","url":"https:\/\/petproducts.com.cn\/wp-content\/uploads\/2020\/02\/petstar-logo.webp","contentUrl":"https:\/\/petproducts.com.cn\/wp-content\/uploads\/2020\/02\/petstar-logo.webp","width":779,"height":520,"caption":"Petstar"},"image":{"@id":"https:\/\/petproducts.com.cn\/#\/schema\/logo\/image\/"}}]}},"_links":{"self":[{"href":"https:\/\/petproducts.com.cn\/de\/wp-json\/wp\/v2\/product\/24264","targetHints":{"allow":["GET"]}}],"collection":[{"href":"https:\/\/petproducts.com.cn\/de\/wp-json\/wp\/v2\/product"}],"about":[{"href":"https:\/\/petproducts.com.cn\/de\/wp-json\/wp\/v2\/types\/product"}],"version-history":[{"count":2,"href":"https:\/\/petproducts.com.cn\/de\/wp-json\/wp\/v2\/product\/24264\/revisions"}],"predecessor-version":[{"id":24266,"href":"https:\/\/petproducts.com.cn\/de\/wp-json\/wp\/v2\/product\/24264\/revisions\/24266"}],"wp:featuredmedia":[{"embeddable":true,"href":"https:\/\/petproducts.com.cn\/de\/wp-json\/wp\/v2\/media\/24272"}],"wp:attachment":[{"href":"https:\/\/petproducts.com.cn\/de\/wp-json\/wp\/v2\/media?parent=24264"}],"wp:term":[{"taxonomy":"product_brand","embeddable":true,"href":"https:\/\/petproducts.com.cn\/de\/wp-json\/wp\/v2\/product_brand?post=24264"},{"taxonomy":"product_cat","embeddable":true,"href":"https:\/\/petproducts.com.cn\/de\/wp-json\/wp\/v2\/product_cat?post=24264"},{"taxonomy":"product_tag","embeddable":true,"href":"https:\/\/petproducts.com.cn\/de\/wp-json\/wp\/v2\/product_tag?post=24264"}],"curies":[{"name":"wp","href":"https:\/\/api.w.org\/{rel}","templated":true}]}}