{"id":24273,"date":"2024-05-29T02:01:47","date_gmt":"2024-05-29T02:01:47","guid":{"rendered":"https:\/\/petproducts.com.cn\/?post_type=product&#038;p=24273"},"modified":"2024-05-29T02:18:48","modified_gmt":"2024-05-29T02:18:48","slug":"best-dog-training-pads-pet-pee-pads-mat-60x90cm","status":"publish","type":"product","link":"https:\/\/petproducts.com.cn\/de\/product\/best-dog-training-pads-pet-pee-pads-mat-60x90cm\/","title":{"rendered":"Beste Hundetrainingsunterlagen Haustier-Pipiunterlagen Matte 60X90CM"},"content":{"rendered":"<h2><strong>Merkmale der besten Hundetrainingspads<\/strong><\/h2>\n<ul>\n<li><strong>F\u00fcnf-Schicht-Schutz<\/strong> Unsere besten Hundetrainingspads zeichnen sich durch ein fortschrittliches f\u00fcnfschichtiges Design aus. Jede Schicht erf\u00fcllt einen bestimmten Zweck und sorgt in Kombination mit den anderen f\u00fcr unvergleichlichen Schutz. Diese mehrschichtige Konstruktion sorgt daf\u00fcr, dass Feuchtigkeit schnell absorbiert und zur\u00fcckgehalten wird, sodass die Oberfl\u00e4che trocken und Ihr Zuhause sauber bleibt.<\/li>\n<li><strong>Schnelle Absorption<\/strong> Die oberste Schicht unserer Haustier-Pinkelunterlage ist auf schnelle Absorption ausgelegt. Sie nimmt Fl\u00fcssigkeit schnell auf und verhindert so die Bildung von Pf\u00fctzen auf der Oberfl\u00e4che. Diese Eigenschaft ist entscheidend f\u00fcr die Aufrechterhaltung einer sauberen und trockenen Umgebung, insbesondere w\u00e4hrend der Stubenreinheit.<\/li>\n<li><strong>Wasserdichte untere Schicht<\/strong> Die wasserdichte Unterschicht unserer Haustier-Urinmatte ist f\u00fcr den Schutz Ihrer B\u00f6den unerl\u00e4sslich. Diese Schicht verhindert das Durchsickern von Fl\u00fcssigkeiten und sorgt daf\u00fcr, dass Ihre B\u00f6den trocken und unbesch\u00e4digt bleiben. Sie k\u00f6nnen die Unterlage bedenkenlos \u00fcberall in Ihrem Zuhause auslegen.<\/li>\n<li><strong>Auslaufsichere Konstruktion<\/strong> Sie werden das auslaufsichere Design unserer Hundetrainingsunterlagen zu sch\u00e4tzen wissen. Die mehrschichtige Konstruktion f\u00e4ngt Fl\u00fcssigkeit effektiv auf und verhindert, dass sie sich ausbreitet. Dieses Design eignet sich perfekt f\u00fcr die Verwendung \u00fcber Nacht oder f\u00fcr Haustiere mit Inkontinenzproblemen und sorgt daf\u00fcr, dass Ihr Zuhause sauber und geruchsfrei bleibt.<\/li>\n<li><strong>Einfache Beseitigung<\/strong> Die besten Hundetrainingsmatten sind so konzipiert, dass sie leicht entsorgt werden k\u00f6nnen. Nach dem Gebrauch falten Sie die Matte einfach zusammen und werfen sie weg. Die strapazierf\u00e4higen Materialien halten zusammen, ohne zu rei\u00dfen, sodass die Reinigung schnell und problemlos vonstattengeht. Diese Bequemlichkeit spart Ihnen Zeit und M\u00fche.<\/li>\n<li><strong>Vielseitiger Einsatz<\/strong> Unsere besten Hundepads eignen sich perfekt f\u00fcr eine Vielzahl von Verwendungszwecken. Sie sind ideal f\u00fcr das Toilettentraining von Welpen, zur Unterst\u00fctzung \u00e4lterer Hunde mit Inkontinenz und bieten eine praktische L\u00f6sung f\u00fcr Reisen. Dank ihrer Vielseitigkeit erf\u00fcllen sie alle Ihre Anforderungen an die Tierpflege.<\/li>\n<\/ul>","protected":false},"excerpt":{"rendered":"<p>Petstar ist ein Hersteller von Reinigungsmitteln f\u00fcr Haustiere mit mehr als 20 Jahren Erfahrung. Hundetrainingsmatte - Die Kombination aus f\u00fcnfschichtigem Schutz, schneller Absorption, wasserdichter Unterschicht und Geruchskontrolle macht diese Pads zu den besten auf dem Markt erh\u00e4ltlichen Hundepinkelbinden.<\/p>","protected":false},"featured_media":24275,"template":"","meta":{"_acf_changed":false},"product_brand":[],"product_cat":[137,71,136,72],"product_tag":[139,140],"class_list":{"0":"post-24273","1":"product","2":"type-product","3":"status-publish","4":"has-post-thumbnail","6":"product_cat-cat-grooming-cleaning-supplies","7":"product_cat-cat-supplies","8":"product_cat-dog-grooming-cleaning-supplies","9":"product_cat-dog-supplies","10":"product_tag-cat-grooming-cleaning-supplies","11":"product_tag-dog-grooming-cleaning-supplies","13":"first","14":"instock","15":"shipping-taxable","16":"product-type-simple"},"acf":[],"yoast_head":"<!-- This site is optimized with the Yoast SEO plugin v27.1.1 - https:\/\/yoast.com\/product\/yoast-seo-wordpress\/ -->\n<title>Best Dog Training Pads Factory | Pet Pee Pads Mat Manufacturer - Petstar<\/title>\n<meta name=\"description\" content=\"Explore best dog training pads, pet pee pads mat, pet pee mat directly from the manufacturer. Your ideal business solution with Petstar.\" \/>\n<meta name=\"robots\" content=\"index, follow, max-snippet:-1, max-image-preview:large, max-video-preview:-1\" \/>\n<link rel=\"canonical\" href=\"https:\/\/petproducts.com.cn\/de\/produkt\/best-dog-training-pads-pet-pee-pads-mat-60x90cm\/\" \/>\n<meta property=\"og:locale\" content=\"de_DE\" \/>\n<meta property=\"og:type\" content=\"article\" \/>\n<meta property=\"og:title\" content=\"Best Dog Training Pads Factory | Pet Pee Pads Mat Manufacturer - Petstar\" \/>\n<meta property=\"og:description\" content=\"Explore best dog training pads, pet pee pads mat, pet pee mat directly from the manufacturer. Your ideal business solution with Petstar.\" \/>\n<meta property=\"og:url\" content=\"https:\/\/petproducts.com.cn\/de\/produkt\/best-dog-training-pads-pet-pee-pads-mat-60x90cm\/\" \/>\n<meta property=\"og:site_name\" content=\"Petstar\" \/>\n<meta property=\"article:modified_time\" content=\"2024-05-29T02:18:48+00:00\" \/>\n<meta property=\"og:image\" content=\"https:\/\/petproducts.com.cn\/wp-content\/uploads\/2024\/05\/best-dog-training-pads-pet.webp\" \/>\n\t<meta property=\"og:image:width\" content=\"800\" \/>\n\t<meta property=\"og:image:height\" content=\"800\" \/>\n\t<meta property=\"og:image:type\" content=\"image\/webp\" \/>\n<meta name=\"twitter:card\" content=\"summary_large_image\" \/>\n<meta name=\"twitter:label1\" content=\"Gesch\u00e4tzte Lesezeit\" \/>\n\t<meta name=\"twitter:data1\" content=\"2\u00a0Minuten\" \/>\n<script type=\"application\/ld+json\" class=\"yoast-schema-graph\">{\"@context\":\"https:\/\/schema.org\",\"@graph\":[{\"@type\":\"WebPage\",\"@id\":\"https:\/\/petproducts.com.cn\/product\/best-dog-training-pads-pet-pee-pads-mat-60x90cm\/\",\"url\":\"https:\/\/petproducts.com.cn\/product\/best-dog-training-pads-pet-pee-pads-mat-60x90cm\/\",\"name\":\"Best Dog Training Pads Factory | Pet Pee Pads Mat Manufacturer - Petstar\",\"isPartOf\":{\"@id\":\"https:\/\/petproducts.com.cn\/#website\"},\"primaryImageOfPage\":{\"@id\":\"https:\/\/petproducts.com.cn\/product\/best-dog-training-pads-pet-pee-pads-mat-60x90cm\/#primaryimage\"},\"image\":{\"@id\":\"https:\/\/petproducts.com.cn\/product\/best-dog-training-pads-pet-pee-pads-mat-60x90cm\/#primaryimage\"},\"thumbnailUrl\":\"https:\/\/petproducts.com.cn\/wp-content\/uploads\/2024\/05\/best-dog-training-pads-pet.webp\",\"datePublished\":\"2024-05-29T02:01:47+00:00\",\"dateModified\":\"2024-05-29T02:18:48+00:00\",\"description\":\"Explore best dog training pads, pet pee pads mat, pet pee mat directly from the manufacturer. Your ideal business solution with Petstar.\",\"breadcrumb\":{\"@id\":\"https:\/\/petproducts.com.cn\/product\/best-dog-training-pads-pet-pee-pads-mat-60x90cm\/#breadcrumb\"},\"inLanguage\":\"de\",\"potentialAction\":[{\"@type\":\"ReadAction\",\"target\":[\"https:\/\/petproducts.com.cn\/product\/best-dog-training-pads-pet-pee-pads-mat-60x90cm\/\"]}]},{\"@type\":\"ImageObject\",\"inLanguage\":\"de\",\"@id\":\"https:\/\/petproducts.com.cn\/product\/best-dog-training-pads-pet-pee-pads-mat-60x90cm\/#primaryimage\",\"url\":\"https:\/\/petproducts.com.cn\/wp-content\/uploads\/2024\/05\/best-dog-training-pads-pet.webp\",\"contentUrl\":\"https:\/\/petproducts.com.cn\/wp-content\/uploads\/2024\/05\/best-dog-training-pads-pet.webp\",\"width\":800,\"height\":800,\"caption\":\"best dog training pads pet\"},{\"@type\":\"BreadcrumbList\",\"@id\":\"https:\/\/petproducts.com.cn\/product\/best-dog-training-pads-pet-pee-pads-mat-60x90cm\/#breadcrumb\",\"itemListElement\":[{\"@type\":\"ListItem\",\"position\":1,\"name\":\"HOME\",\"item\":\"https:\/\/petproducts.com.cn\/\"},{\"@type\":\"ListItem\",\"position\":2,\"name\":\"Products\",\"item\":\"https:\/\/petproducts.com.cn\/shop\/\"},{\"@type\":\"ListItem\",\"position\":3,\"name\":\"Dog Grooming &amp; Cleaning Supplies\",\"item\":\"https:\/\/petproducts.com.cn\/product-category\/dog-grooming-cleaning-supplies\/\"},{\"@type\":\"ListItem\",\"position\":4,\"name\":\"Best Dog Training Pads Pet Pee Pads Mat 60X90CM\"}]},{\"@type\":\"WebSite\",\"@id\":\"https:\/\/petproducts.com.cn\/#website\",\"url\":\"https:\/\/petproducts.com.cn\/\",\"name\":\"Petstar\",\"description\":\"Leading Pet Supplies Manufacturer &amp; OEM Pet Products Supplier\",\"publisher\":{\"@id\":\"https:\/\/petproducts.com.cn\/#organization\"},\"alternateName\":\"Petstar Pet Supplies\",\"potentialAction\":[{\"@type\":\"SearchAction\",\"target\":{\"@type\":\"EntryPoint\",\"urlTemplate\":\"https:\/\/petproducts.com.cn\/?s={search_term_string}\"},\"query-input\":{\"@type\":\"PropertyValueSpecification\",\"valueRequired\":true,\"valueName\":\"search_term_string\"}}],\"inLanguage\":\"de\"},{\"@type\":\"Organization\",\"@id\":\"https:\/\/petproducts.com.cn\/#organization\",\"name\":\"Petstar\",\"url\":\"https:\/\/petproducts.com.cn\/\",\"logo\":{\"@type\":\"ImageObject\",\"inLanguage\":\"de\",\"@id\":\"https:\/\/petproducts.com.cn\/#\/schema\/logo\/image\/\",\"url\":\"https:\/\/petproducts.com.cn\/wp-content\/uploads\/2020\/02\/petstar-logo.webp\",\"contentUrl\":\"https:\/\/petproducts.com.cn\/wp-content\/uploads\/2020\/02\/petstar-logo.webp\",\"width\":779,\"height\":520,\"caption\":\"Petstar\"},\"image\":{\"@id\":\"https:\/\/petproducts.com.cn\/#\/schema\/logo\/image\/\"}}]}<\/script>\n<!-- \/ Yoast SEO plugin. -->","yoast_head_json":{"title":"Beste Fabrik f\u00fcr Hundetrainingspads | Hersteller von Hundetoilettenmatten \u2013 Petstar","description":"Entdecken Sie die besten Hundetrainingspads, Haustier-Pinkelpads und Haustier-Pinkelmatten direkt vom Hersteller. Ihre ideale Gesch\u00e4ftsl\u00f6sung mit Petstar.","robots":{"index":"index","follow":"follow","max-snippet":"max-snippet:-1","max-image-preview":"max-image-preview:large","max-video-preview":"max-video-preview:-1"},"canonical":"https:\/\/petproducts.com.cn\/de\/produkt\/best-dog-training-pads-pet-pee-pads-mat-60x90cm\/","og_locale":"de_DE","og_type":"article","og_title":"Best Dog Training Pads Factory | Pet Pee Pads Mat Manufacturer - Petstar","og_description":"Explore best dog training pads, pet pee pads mat, pet pee mat directly from the manufacturer. Your ideal business solution with Petstar.","og_url":"https:\/\/petproducts.com.cn\/de\/produkt\/best-dog-training-pads-pet-pee-pads-mat-60x90cm\/","og_site_name":"Petstar","article_modified_time":"2024-05-29T02:18:48+00:00","og_image":[{"width":800,"height":800,"url":"https:\/\/petproducts.com.cn\/wp-content\/uploads\/2024\/05\/best-dog-training-pads-pet.webp","type":"image\/webp"}],"twitter_card":"summary_large_image","twitter_misc":{"Gesch\u00e4tzte Lesezeit":"2\u00a0Minuten"},"schema":{"@context":"https:\/\/schema.org","@graph":[{"@type":"WebPage","@id":"https:\/\/petproducts.com.cn\/product\/best-dog-training-pads-pet-pee-pads-mat-60x90cm\/","url":"https:\/\/petproducts.com.cn\/product\/best-dog-training-pads-pet-pee-pads-mat-60x90cm\/","name":"Beste Fabrik f\u00fcr Hundetrainingspads | Hersteller von Hundetoilettenmatten \u2013 Petstar","isPartOf":{"@id":"https:\/\/petproducts.com.cn\/#website"},"primaryImageOfPage":{"@id":"https:\/\/petproducts.com.cn\/product\/best-dog-training-pads-pet-pee-pads-mat-60x90cm\/#primaryimage"},"image":{"@id":"https:\/\/petproducts.com.cn\/product\/best-dog-training-pads-pet-pee-pads-mat-60x90cm\/#primaryimage"},"thumbnailUrl":"https:\/\/petproducts.com.cn\/wp-content\/uploads\/2024\/05\/best-dog-training-pads-pet.webp","datePublished":"2024-05-29T02:01:47+00:00","dateModified":"2024-05-29T02:18:48+00:00","description":"Entdecken Sie die besten Hundetrainingspads, Haustier-Pinkelpads und Haustier-Pinkelmatten direkt vom Hersteller. Ihre ideale Gesch\u00e4ftsl\u00f6sung mit Petstar.","breadcrumb":{"@id":"https:\/\/petproducts.com.cn\/product\/best-dog-training-pads-pet-pee-pads-mat-60x90cm\/#breadcrumb"},"inLanguage":"de","potentialAction":[{"@type":"ReadAction","target":["https:\/\/petproducts.com.cn\/product\/best-dog-training-pads-pet-pee-pads-mat-60x90cm\/"]}]},{"@type":"ImageObject","inLanguage":"de","@id":"https:\/\/petproducts.com.cn\/product\/best-dog-training-pads-pet-pee-pads-mat-60x90cm\/#primaryimage","url":"https:\/\/petproducts.com.cn\/wp-content\/uploads\/2024\/05\/best-dog-training-pads-pet.webp","contentUrl":"https:\/\/petproducts.com.cn\/wp-content\/uploads\/2024\/05\/best-dog-training-pads-pet.webp","width":800,"height":800,"caption":"best dog training pads pet"},{"@type":"BreadcrumbList","@id":"https:\/\/petproducts.com.cn\/product\/best-dog-training-pads-pet-pee-pads-mat-60x90cm\/#breadcrumb","itemListElement":[{"@type":"ListItem","position":1,"name":"HOME","item":"https:\/\/petproducts.com.cn\/"},{"@type":"ListItem","position":2,"name":"Products","item":"https:\/\/petproducts.com.cn\/shop\/"},{"@type":"ListItem","position":3,"name":"Dog Grooming &amp; Cleaning Supplies","item":"https:\/\/petproducts.com.cn\/product-category\/dog-grooming-cleaning-supplies\/"},{"@type":"ListItem","position":4,"name":"Best Dog Training Pads Pet Pee Pads Mat 60X90CM"}]},{"@type":"WebSite","@id":"https:\/\/petproducts.com.cn\/#website","url":"https:\/\/petproducts.com.cn\/","name":"Petstar","description":"F\u00fchrender Hersteller von Heimtierbedarf und OEM-Lieferant von Heimtierprodukten","publisher":{"@id":"https:\/\/petproducts.com.cn\/#organization"},"alternateName":"Petstar Pet Supplies","potentialAction":[{"@type":"SearchAction","target":{"@type":"EntryPoint","urlTemplate":"https:\/\/petproducts.com.cn\/?s={search_term_string}"},"query-input":{"@type":"PropertyValueSpecification","valueRequired":true,"valueName":"search_term_string"}}],"inLanguage":"de"},{"@type":"Organization","@id":"https:\/\/petproducts.com.cn\/#organization","name":"Petstar","url":"https:\/\/petproducts.com.cn\/","logo":{"@type":"ImageObject","inLanguage":"de","@id":"https:\/\/petproducts.com.cn\/#\/schema\/logo\/image\/","url":"https:\/\/petproducts.com.cn\/wp-content\/uploads\/2020\/02\/petstar-logo.webp","contentUrl":"https:\/\/petproducts.com.cn\/wp-content\/uploads\/2020\/02\/petstar-logo.webp","width":779,"height":520,"caption":"Petstar"},"image":{"@id":"https:\/\/petproducts.com.cn\/#\/schema\/logo\/image\/"}}]}},"_links":{"self":[{"href":"https:\/\/petproducts.com.cn\/de\/wp-json\/wp\/v2\/product\/24273","targetHints":{"allow":["GET"]}}],"collection":[{"href":"https:\/\/petproducts.com.cn\/de\/wp-json\/wp\/v2\/product"}],"about":[{"href":"https:\/\/petproducts.com.cn\/de\/wp-json\/wp\/v2\/types\/product"}],"version-history":[{"count":2,"href":"https:\/\/petproducts.com.cn\/de\/wp-json\/wp\/v2\/product\/24273\/revisions"}],"predecessor-version":[{"id":24281,"href":"https:\/\/petproducts.com.cn\/de\/wp-json\/wp\/v2\/product\/24273\/revisions\/24281"}],"wp:featuredmedia":[{"embeddable":true,"href":"https:\/\/petproducts.com.cn\/de\/wp-json\/wp\/v2\/media\/24275"}],"wp:attachment":[{"href":"https:\/\/petproducts.com.cn\/de\/wp-json\/wp\/v2\/media?parent=24273"}],"wp:term":[{"taxonomy":"product_brand","embeddable":true,"href":"https:\/\/petproducts.com.cn\/de\/wp-json\/wp\/v2\/product_brand?post=24273"},{"taxonomy":"product_cat","embeddable":true,"href":"https:\/\/petproducts.com.cn\/de\/wp-json\/wp\/v2\/product_cat?post=24273"},{"taxonomy":"product_tag","embeddable":true,"href":"https:\/\/petproducts.com.cn\/de\/wp-json\/wp\/v2\/product_tag?post=24273"}],"curies":[{"name":"wp","href":"https:\/\/api.w.org\/{rel}","templated":true}]}}