{"id":24875,"date":"2024-06-11T02:42:13","date_gmt":"2024-06-11T02:42:13","guid":{"rendered":"https:\/\/petproducts.com.cn\/?post_type=product&#038;p=24875"},"modified":"2024-06-11T03:22:19","modified_gmt":"2024-06-11T03:22:19","slug":"best-dog-shampoos-good-fresh-pet-dog-shampoo","status":"publish","type":"product","link":"https:\/\/petproducts.com.cn\/de\/product\/best-dog-shampoos-good-fresh-pet-dog-shampoo\/","title":{"rendered":"Beste Hundeshampoos Good Fresh Pet Hundeshampoo"},"content":{"rendered":"<h2><strong>Eigenschaften der besten Hundeshampoos<\/strong><\/h2>\n<ul>\n<li><strong>Sch\u00fctzt das pH-Gleichgewicht der Haut<\/strong> Unsere besten Hundeshampoos sorgen daf\u00fcr, dass das pH-Gleichgewicht der Haut Ihres Haustiers gesch\u00fctzt wird. Sie werden sehen, wie es sanft reinigt, ohne der Haut ihre nat\u00fcrlichen Fette zu entziehen. Dieser Schutz ist entscheidend f\u00fcr die Erhaltung einer gesunden und angenehmen Haut Ihres Haustiers.<\/li>\n<li><strong>Lindert den Juckreiz<\/strong> Sie werden es zu sch\u00e4tzen wissen, dass unser Shampoo Juckreiz und Reizungen wirksam lindert. Es ist so formuliert, dass es die Haut Ihres Tieres beruhigt und den Drang zum Kratzen verringert. Diese Linderung macht Ihr Haustier angenehmer und gl\u00fccklicher.<\/li>\n<li><strong>Desodoriert mit frischem Duft<\/strong> Unser gutes Hundeshampoo hat einen frischen und angenehmen Duft, den Sie lieben werden. Es beseitigt effektiv Ger\u00fcche und l\u00e4sst Ihr Haustier sauber und frisch riechen. Diese desodorierende Eigenschaft ist perfekt, damit Ihr Haustier zwischen den B\u00e4dern immer gut riecht.<\/li>\n<li><strong>Bes\u00e4nftigt Allergien<\/strong> Sie k\u00f6nnen darauf vertrauen, dass unser Shampoo die Allergien Ihres Haustiers lindert. Seine sanfte Formel beruhigt gereizte Haut und ist daher auch f\u00fcr empfindliche Haustiere geeignet. Diese beruhigende Wirkung sorgt daf\u00fcr, dass die Haut Ihres Haustieres gesund und frei von allergischen Reaktionen bleibt.<\/li>\n<li><strong>Sicher und ungiftig<\/strong> Sicherheit ist unsere oberste Priorit\u00e4t, und Sie k\u00f6nnen sicher sein, dass unser Shampoo ungiftig ist. Es besteht aus haustierfreundlichen Inhaltsstoffen, so dass keine sch\u00e4dlichen Chemikalien mit der Haut Ihres Haustiers in Ber\u00fchrung kommen. Dieses Sicherheitsmerkmal macht es ideal f\u00fcr den regelm\u00e4\u00dfigen Gebrauch.<\/li>\n<li><strong>1000ml gro\u00dfe Flasche<\/strong> Die gro\u00dfz\u00fcgige Gr\u00f6\u00dfe von 1000 ml bietet ein ausgezeichnetes Preis-Leistungs-Verh\u00e4ltnis. Sie haben genug Shampoo f\u00fcr mehrere Anwendungen, was es perfekt f\u00fcr Haushalte mit mehreren Haustieren macht. Diese gro\u00dfe Flasche sorgt daf\u00fcr, dass Sie immer f\u00fcr die Badezeit vorbereitet sind.<\/li>\n<\/ul>","protected":false},"excerpt":{"rendered":"<p>Wir sind Hersteller von Haustierb\u00fcrsten mit mehr als 20 Jahren Erfahrung. Wir bieten Anpassungsm\u00f6glichkeiten f\u00fcr Farbe, Gr\u00f6\u00dfe, Stoff, Muster, Logo und andere Merkmale.<\/p>","protected":false},"featured_media":24879,"template":"","meta":{"_acf_changed":false},"product_brand":[],"product_cat":[137,71,136,72],"product_tag":[139,140],"class_list":{"0":"post-24875","1":"product","2":"type-product","3":"status-publish","4":"has-post-thumbnail","6":"product_cat-cat-grooming-cleaning-supplies","7":"product_cat-cat-supplies","8":"product_cat-dog-grooming-cleaning-supplies","9":"product_cat-dog-supplies","10":"product_tag-cat-grooming-cleaning-supplies","11":"product_tag-dog-grooming-cleaning-supplies","13":"first","14":"instock","15":"shipping-taxable","16":"product-type-simple"},"acf":[],"yoast_head":"<!-- This site is optimized with the Yoast SEO plugin v27.1.1 - https:\/\/yoast.com\/product\/yoast-seo-wordpress\/ -->\n<title>Best Dog Shampoos | Fresh Pet Shampoo Manufacturer - Petstar - Petstar<\/title>\n<meta name=\"description\" content=\"Explore best dog shampoos, good dog shampoo, and fresh pet shampoo directly from the manufacturer. Your ideal business solution with Petstar.\" \/>\n<meta name=\"robots\" content=\"index, follow, max-snippet:-1, max-image-preview:large, max-video-preview:-1\" \/>\n<link rel=\"canonical\" href=\"https:\/\/petproducts.com.cn\/de\/produkt\/best-dog-shampoos-good-fresh-pet-dog-shampoo\/\" \/>\n<meta property=\"og:locale\" content=\"de_DE\" \/>\n<meta property=\"og:type\" content=\"article\" \/>\n<meta property=\"og:title\" content=\"Best Dog Shampoos | Fresh Pet Shampoo Manufacturer - Petstar - Petstar\" \/>\n<meta property=\"og:description\" content=\"Explore best dog shampoos, good dog shampoo, and fresh pet shampoo directly from the manufacturer. Your ideal business solution with Petstar.\" \/>\n<meta property=\"og:url\" content=\"https:\/\/petproducts.com.cn\/de\/produkt\/best-dog-shampoos-good-fresh-pet-dog-shampoo\/\" \/>\n<meta property=\"og:site_name\" content=\"Petstar\" \/>\n<meta property=\"article:modified_time\" content=\"2024-06-11T03:22:19+00:00\" \/>\n<meta property=\"og:image\" content=\"https:\/\/petproducts.com.cn\/wp-content\/uploads\/2024\/06\/Best-Dog-Shampoos.webp\" \/>\n\t<meta property=\"og:image:width\" content=\"1000\" \/>\n\t<meta property=\"og:image:height\" content=\"1000\" \/>\n\t<meta property=\"og:image:type\" content=\"image\/webp\" \/>\n<meta name=\"twitter:card\" content=\"summary_large_image\" \/>\n<meta name=\"twitter:label1\" content=\"Gesch\u00e4tzte Lesezeit\" \/>\n\t<meta name=\"twitter:data1\" content=\"2\u00a0Minuten\" \/>\n<script type=\"application\/ld+json\" class=\"yoast-schema-graph\">{\"@context\":\"https:\/\/schema.org\",\"@graph\":[{\"@type\":\"WebPage\",\"@id\":\"https:\/\/petproducts.com.cn\/product\/best-dog-shampoos-good-fresh-pet-dog-shampoo\/\",\"url\":\"https:\/\/petproducts.com.cn\/product\/best-dog-shampoos-good-fresh-pet-dog-shampoo\/\",\"name\":\"Best Dog Shampoos | Fresh Pet Shampoo Manufacturer - Petstar - Petstar\",\"isPartOf\":{\"@id\":\"https:\/\/petproducts.com.cn\/#website\"},\"primaryImageOfPage\":{\"@id\":\"https:\/\/petproducts.com.cn\/product\/best-dog-shampoos-good-fresh-pet-dog-shampoo\/#primaryimage\"},\"image\":{\"@id\":\"https:\/\/petproducts.com.cn\/product\/best-dog-shampoos-good-fresh-pet-dog-shampoo\/#primaryimage\"},\"thumbnailUrl\":\"https:\/\/petproducts.com.cn\/wp-content\/uploads\/2024\/06\/Best-Dog-Shampoos.webp\",\"datePublished\":\"2024-06-11T02:42:13+00:00\",\"dateModified\":\"2024-06-11T03:22:19+00:00\",\"description\":\"Explore best dog shampoos, good dog shampoo, and fresh pet shampoo directly from the manufacturer. Your ideal business solution with Petstar.\",\"breadcrumb\":{\"@id\":\"https:\/\/petproducts.com.cn\/product\/best-dog-shampoos-good-fresh-pet-dog-shampoo\/#breadcrumb\"},\"inLanguage\":\"de\",\"potentialAction\":[{\"@type\":\"ReadAction\",\"target\":[\"https:\/\/petproducts.com.cn\/product\/best-dog-shampoos-good-fresh-pet-dog-shampoo\/\"]}]},{\"@type\":\"ImageObject\",\"inLanguage\":\"de\",\"@id\":\"https:\/\/petproducts.com.cn\/product\/best-dog-shampoos-good-fresh-pet-dog-shampoo\/#primaryimage\",\"url\":\"https:\/\/petproducts.com.cn\/wp-content\/uploads\/2024\/06\/Best-Dog-Shampoos.webp\",\"contentUrl\":\"https:\/\/petproducts.com.cn\/wp-content\/uploads\/2024\/06\/Best-Dog-Shampoos.webp\",\"width\":1000,\"height\":1000,\"caption\":\"Best Dog Shampoos\"},{\"@type\":\"BreadcrumbList\",\"@id\":\"https:\/\/petproducts.com.cn\/product\/best-dog-shampoos-good-fresh-pet-dog-shampoo\/#breadcrumb\",\"itemListElement\":[{\"@type\":\"ListItem\",\"position\":1,\"name\":\"HOME\",\"item\":\"https:\/\/petproducts.com.cn\/\"},{\"@type\":\"ListItem\",\"position\":2,\"name\":\"Products\",\"item\":\"https:\/\/petproducts.com.cn\/shop\/\"},{\"@type\":\"ListItem\",\"position\":3,\"name\":\"Dog Grooming &amp; Cleaning Supplies\",\"item\":\"https:\/\/petproducts.com.cn\/product-category\/dog-grooming-cleaning-supplies\/\"},{\"@type\":\"ListItem\",\"position\":4,\"name\":\"Best Dog Shampoos Good Fresh Pet Dog Shampoo\"}]},{\"@type\":\"WebSite\",\"@id\":\"https:\/\/petproducts.com.cn\/#website\",\"url\":\"https:\/\/petproducts.com.cn\/\",\"name\":\"Petstar\",\"description\":\"Leading Pet Supplies Manufacturer &amp; OEM Pet Products Supplier\",\"publisher\":{\"@id\":\"https:\/\/petproducts.com.cn\/#organization\"},\"alternateName\":\"Petstar Pet Supplies\",\"potentialAction\":[{\"@type\":\"SearchAction\",\"target\":{\"@type\":\"EntryPoint\",\"urlTemplate\":\"https:\/\/petproducts.com.cn\/?s={search_term_string}\"},\"query-input\":{\"@type\":\"PropertyValueSpecification\",\"valueRequired\":true,\"valueName\":\"search_term_string\"}}],\"inLanguage\":\"de\"},{\"@type\":\"Organization\",\"@id\":\"https:\/\/petproducts.com.cn\/#organization\",\"name\":\"Petstar\",\"url\":\"https:\/\/petproducts.com.cn\/\",\"logo\":{\"@type\":\"ImageObject\",\"inLanguage\":\"de\",\"@id\":\"https:\/\/petproducts.com.cn\/#\/schema\/logo\/image\/\",\"url\":\"https:\/\/petproducts.com.cn\/wp-content\/uploads\/2020\/02\/petstar-logo.webp\",\"contentUrl\":\"https:\/\/petproducts.com.cn\/wp-content\/uploads\/2020\/02\/petstar-logo.webp\",\"width\":779,\"height\":520,\"caption\":\"Petstar\"},\"image\":{\"@id\":\"https:\/\/petproducts.com.cn\/#\/schema\/logo\/image\/\"}}]}<\/script>\n<!-- \/ Yoast SEO plugin. -->","yoast_head_json":{"title":"Beste Hundeshampoos | Fresh Pet Shampoo Hersteller - Petstar - Petstar","description":"Entdecken Sie die besten Hundeshampoos, gutes Hundeshampoo und frisches Haustiershampoo direkt vom Hersteller. Ihre ideale Gesch\u00e4ftsl\u00f6sung mit Petstar.","robots":{"index":"index","follow":"follow","max-snippet":"max-snippet:-1","max-image-preview":"max-image-preview:large","max-video-preview":"max-video-preview:-1"},"canonical":"https:\/\/petproducts.com.cn\/de\/produkt\/best-dog-shampoos-good-fresh-pet-dog-shampoo\/","og_locale":"de_DE","og_type":"article","og_title":"Best Dog Shampoos | Fresh Pet Shampoo Manufacturer - Petstar - Petstar","og_description":"Explore best dog shampoos, good dog shampoo, and fresh pet shampoo directly from the manufacturer. Your ideal business solution with Petstar.","og_url":"https:\/\/petproducts.com.cn\/de\/produkt\/best-dog-shampoos-good-fresh-pet-dog-shampoo\/","og_site_name":"Petstar","article_modified_time":"2024-06-11T03:22:19+00:00","og_image":[{"width":1000,"height":1000,"url":"https:\/\/petproducts.com.cn\/wp-content\/uploads\/2024\/06\/Best-Dog-Shampoos.webp","type":"image\/webp"}],"twitter_card":"summary_large_image","twitter_misc":{"Gesch\u00e4tzte Lesezeit":"2\u00a0Minuten"},"schema":{"@context":"https:\/\/schema.org","@graph":[{"@type":"WebPage","@id":"https:\/\/petproducts.com.cn\/product\/best-dog-shampoos-good-fresh-pet-dog-shampoo\/","url":"https:\/\/petproducts.com.cn\/product\/best-dog-shampoos-good-fresh-pet-dog-shampoo\/","name":"Beste Hundeshampoos | Fresh Pet Shampoo Hersteller - Petstar - Petstar","isPartOf":{"@id":"https:\/\/petproducts.com.cn\/#website"},"primaryImageOfPage":{"@id":"https:\/\/petproducts.com.cn\/product\/best-dog-shampoos-good-fresh-pet-dog-shampoo\/#primaryimage"},"image":{"@id":"https:\/\/petproducts.com.cn\/product\/best-dog-shampoos-good-fresh-pet-dog-shampoo\/#primaryimage"},"thumbnailUrl":"https:\/\/petproducts.com.cn\/wp-content\/uploads\/2024\/06\/Best-Dog-Shampoos.webp","datePublished":"2024-06-11T02:42:13+00:00","dateModified":"2024-06-11T03:22:19+00:00","description":"Entdecken Sie die besten Hundeshampoos, gutes Hundeshampoo und frisches Haustiershampoo direkt vom Hersteller. Ihre ideale Gesch\u00e4ftsl\u00f6sung mit Petstar.","breadcrumb":{"@id":"https:\/\/petproducts.com.cn\/product\/best-dog-shampoos-good-fresh-pet-dog-shampoo\/#breadcrumb"},"inLanguage":"de","potentialAction":[{"@type":"ReadAction","target":["https:\/\/petproducts.com.cn\/product\/best-dog-shampoos-good-fresh-pet-dog-shampoo\/"]}]},{"@type":"ImageObject","inLanguage":"de","@id":"https:\/\/petproducts.com.cn\/product\/best-dog-shampoos-good-fresh-pet-dog-shampoo\/#primaryimage","url":"https:\/\/petproducts.com.cn\/wp-content\/uploads\/2024\/06\/Best-Dog-Shampoos.webp","contentUrl":"https:\/\/petproducts.com.cn\/wp-content\/uploads\/2024\/06\/Best-Dog-Shampoos.webp","width":1000,"height":1000,"caption":"Best Dog Shampoos"},{"@type":"BreadcrumbList","@id":"https:\/\/petproducts.com.cn\/product\/best-dog-shampoos-good-fresh-pet-dog-shampoo\/#breadcrumb","itemListElement":[{"@type":"ListItem","position":1,"name":"HOME","item":"https:\/\/petproducts.com.cn\/"},{"@type":"ListItem","position":2,"name":"Products","item":"https:\/\/petproducts.com.cn\/shop\/"},{"@type":"ListItem","position":3,"name":"Dog Grooming &amp; Cleaning Supplies","item":"https:\/\/petproducts.com.cn\/product-category\/dog-grooming-cleaning-supplies\/"},{"@type":"ListItem","position":4,"name":"Best Dog Shampoos Good Fresh Pet Dog Shampoo"}]},{"@type":"WebSite","@id":"https:\/\/petproducts.com.cn\/#website","url":"https:\/\/petproducts.com.cn\/","name":"Petstar","description":"F\u00fchrender Hersteller von Heimtierbedarf und OEM-Lieferant von Heimtierprodukten","publisher":{"@id":"https:\/\/petproducts.com.cn\/#organization"},"alternateName":"Petstar Pet Supplies","potentialAction":[{"@type":"SearchAction","target":{"@type":"EntryPoint","urlTemplate":"https:\/\/petproducts.com.cn\/?s={search_term_string}"},"query-input":{"@type":"PropertyValueSpecification","valueRequired":true,"valueName":"search_term_string"}}],"inLanguage":"de"},{"@type":"Organization","@id":"https:\/\/petproducts.com.cn\/#organization","name":"Petstar","url":"https:\/\/petproducts.com.cn\/","logo":{"@type":"ImageObject","inLanguage":"de","@id":"https:\/\/petproducts.com.cn\/#\/schema\/logo\/image\/","url":"https:\/\/petproducts.com.cn\/wp-content\/uploads\/2020\/02\/petstar-logo.webp","contentUrl":"https:\/\/petproducts.com.cn\/wp-content\/uploads\/2020\/02\/petstar-logo.webp","width":779,"height":520,"caption":"Petstar"},"image":{"@id":"https:\/\/petproducts.com.cn\/#\/schema\/logo\/image\/"}}]}},"_links":{"self":[{"href":"https:\/\/petproducts.com.cn\/de\/wp-json\/wp\/v2\/product\/24875","targetHints":{"allow":["GET"]}}],"collection":[{"href":"https:\/\/petproducts.com.cn\/de\/wp-json\/wp\/v2\/product"}],"about":[{"href":"https:\/\/petproducts.com.cn\/de\/wp-json\/wp\/v2\/types\/product"}],"version-history":[{"count":2,"href":"https:\/\/petproducts.com.cn\/de\/wp-json\/wp\/v2\/product\/24875\/revisions"}],"predecessor-version":[{"id":24877,"href":"https:\/\/petproducts.com.cn\/de\/wp-json\/wp\/v2\/product\/24875\/revisions\/24877"}],"wp:featuredmedia":[{"embeddable":true,"href":"https:\/\/petproducts.com.cn\/de\/wp-json\/wp\/v2\/media\/24879"}],"wp:attachment":[{"href":"https:\/\/petproducts.com.cn\/de\/wp-json\/wp\/v2\/media?parent=24875"}],"wp:term":[{"taxonomy":"product_brand","embeddable":true,"href":"https:\/\/petproducts.com.cn\/de\/wp-json\/wp\/v2\/product_brand?post=24875"},{"taxonomy":"product_cat","embeddable":true,"href":"https:\/\/petproducts.com.cn\/de\/wp-json\/wp\/v2\/product_cat?post=24875"},{"taxonomy":"product_tag","embeddable":true,"href":"https:\/\/petproducts.com.cn\/de\/wp-json\/wp\/v2\/product_tag?post=24875"}],"curies":[{"name":"wp","href":"https:\/\/api.w.org\/{rel}","templated":true}]}}