{"id":24884,"date":"2024-06-11T05:06:03","date_gmt":"2024-06-11T05:06:03","guid":{"rendered":"https:\/\/petproducts.com.cn\/?post_type=product&#038;p=24884"},"modified":"2024-06-11T05:41:58","modified_gmt":"2024-06-11T05:41:58","slug":"best-dog-conditioner-good-safe-pet-dog-conditioner","status":"publish","type":"product","link":"https:\/\/petproducts.com.cn\/de\/product\/best-dog-conditioner-good-safe-pet-dog-conditioner\/","title":{"rendered":"Bester Hunde-Conditioner Guter, sicherer Hunde-Conditioner"},"content":{"rendered":"<h2><strong>Eigenschaften des besten Hunde-Conditioners<\/strong><\/h2>\n<ul>\n<li><strong>Sch\u00fctzt das pH-Gleichgewicht der Haut<\/strong> Unser Best Dog Conditioner sorgt daf\u00fcr, dass das pH-Gleichgewicht der Haut Ihres Haustieres gesch\u00fctzt wird. Sie werden bemerken, wie er die Haut sanft pflegt, ohne den nat\u00fcrlichen pH-Wert zu beeintr\u00e4chtigen. Dieser Schutz tr\u00e4gt zur Erhaltung gesunder Haut bei und verhindert Trockenheit oder Reizungen.<\/li>\n<li><strong>Lindert den Juckreiz<\/strong> Sie werden es zu sch\u00e4tzen wissen, dass unsere Pflegesp\u00fclung Juckreiz und Unbehagen wirksam lindert. Es wurde speziell entwickelt, um die Haut Ihres Haustieres zu beruhigen und den Drang zum Kratzen zu reduzieren. So f\u00fchlt sich Ihr Haustier wohl und ist gl\u00fccklich.<\/li>\n<li><strong>Desodoriert mit frischem Duft<\/strong> Genie\u00dfen Sie den frischen, sauberen Duft unserer guten Hundesp\u00fclung. Es beseitigt unangenehme Ger\u00fcche und l\u00e4sst Ihr Haustier wunderbar duften. Diese desodorierende Eigenschaft ist perfekt, um das Fell Ihres Haustieres zwischen den B\u00e4dern frisch zu halten.<\/li>\n<li><strong>Bes\u00e4nftigt Allergien<\/strong> Unsere Pflegesp\u00fclung ist so formuliert, dass sie Allergien und empfindliche Haut beruhigt. Sie werden feststellen, dass es beruhigend und sanft ist und Reizungen und allergische Reaktionen reduziert. Diese beruhigende Wirkung sorgt daf\u00fcr, dass die Haut Ihres Haustieres gesund und angenehm bleibt.<\/li>\n<li><strong>Sicher und ungiftig<\/strong> Sicherheit steht an erster Stelle, und Sie werden sich sicher f\u00fchlen, wenn Sie unseren ungiftigen Conditioner f\u00fcr Haustiere verwenden. Sie enth\u00e4lt sichere Inhaltsstoffe, die frei von sch\u00e4dlichen Chemikalien sind. Dieses Sicherheitsmerkmal macht es ideal f\u00fcr die regelm\u00e4\u00dfige Anwendung bei Ihrem geliebten Haustier.<\/li>\n<li><strong>1000ml gro\u00dfe Flasche<\/strong> Die gro\u00dfe 1000-ml-Gr\u00f6\u00dfe bietet ein hervorragendes Preis-Leistungs-Verh\u00e4ltnis und hohen Komfort. Sie haben genug Conditioner f\u00fcr zahlreiche Anwendungen, was es perfekt f\u00fcr Haushalte mit mehreren Haustieren macht. Diese gro\u00dfz\u00fcgige Gr\u00f6\u00dfe sorgt daf\u00fcr, dass Sie immer f\u00fcr die Pflege bereit sind.<\/li>\n<\/ul>","protected":false},"excerpt":{"rendered":"<p>Wir sind Hersteller von Haustierb\u00fcrsten mit mehr als 20 Jahren Erfahrung. Wir bieten Anpassungsm\u00f6glichkeiten f\u00fcr Farbe, Gr\u00f6\u00dfe, Stoff, Muster, Logo und andere Merkmale.<\/p>","protected":false},"featured_media":24887,"template":"","meta":{"_acf_changed":false},"product_brand":[],"product_cat":[137,71,136,72],"product_tag":[139,140],"class_list":{"0":"post-24884","1":"product","2":"type-product","3":"status-publish","4":"has-post-thumbnail","6":"product_cat-cat-grooming-cleaning-supplies","7":"product_cat-cat-supplies","8":"product_cat-dog-grooming-cleaning-supplies","9":"product_cat-dog-supplies","10":"product_tag-cat-grooming-cleaning-supplies","11":"product_tag-dog-grooming-cleaning-supplies","13":"first","14":"instock","15":"shipping-taxable","16":"product-type-simple"},"acf":[],"yoast_head":"<!-- This site is optimized with the Yoast SEO plugin v27.1.1 - https:\/\/yoast.com\/product\/yoast-seo-wordpress\/ -->\n<title>Best Dog Conditioner | Pet Dog Conditioner Manufacturer - Petstar - Petstar<\/title>\n<meta name=\"description\" content=\"Explore best dog conditioner, good dog conditioner, pet safe conditioner directly from the manufacturer. Your ideal business solution with Petstar.\" \/>\n<meta name=\"robots\" content=\"index, follow, max-snippet:-1, max-image-preview:large, max-video-preview:-1\" \/>\n<link rel=\"canonical\" href=\"https:\/\/petproducts.com.cn\/de\/produkt\/best-dog-conditioner-good-safe-pet-dog-conditioner\/\" \/>\n<meta property=\"og:locale\" content=\"de_DE\" \/>\n<meta property=\"og:type\" content=\"article\" \/>\n<meta property=\"og:title\" content=\"Best Dog Conditioner | Pet Dog Conditioner Manufacturer - Petstar - Petstar\" \/>\n<meta property=\"og:description\" content=\"Explore best dog conditioner, good dog conditioner, pet safe conditioner directly from the manufacturer. Your ideal business solution with Petstar.\" \/>\n<meta property=\"og:url\" content=\"https:\/\/petproducts.com.cn\/de\/produkt\/best-dog-conditioner-good-safe-pet-dog-conditioner\/\" \/>\n<meta property=\"og:site_name\" content=\"Petstar\" \/>\n<meta property=\"article:modified_time\" content=\"2024-06-11T05:41:58+00:00\" \/>\n<meta property=\"og:image\" content=\"https:\/\/petproducts.com.cn\/wp-content\/uploads\/2024\/06\/best-dog-conditioner.webp\" \/>\n\t<meta property=\"og:image:width\" content=\"1000\" \/>\n\t<meta property=\"og:image:height\" content=\"1000\" \/>\n\t<meta property=\"og:image:type\" content=\"image\/webp\" \/>\n<meta name=\"twitter:card\" content=\"summary_large_image\" \/>\n<meta name=\"twitter:label1\" content=\"Gesch\u00e4tzte Lesezeit\" \/>\n\t<meta name=\"twitter:data1\" content=\"2\u00a0Minuten\" \/>\n<script type=\"application\/ld+json\" class=\"yoast-schema-graph\">{\"@context\":\"https:\/\/schema.org\",\"@graph\":[{\"@type\":\"WebPage\",\"@id\":\"https:\/\/petproducts.com.cn\/product\/best-dog-conditioner-good-safe-pet-dog-conditioner\/\",\"url\":\"https:\/\/petproducts.com.cn\/product\/best-dog-conditioner-good-safe-pet-dog-conditioner\/\",\"name\":\"Best Dog Conditioner | Pet Dog Conditioner Manufacturer - Petstar - Petstar\",\"isPartOf\":{\"@id\":\"https:\/\/petproducts.com.cn\/#website\"},\"primaryImageOfPage\":{\"@id\":\"https:\/\/petproducts.com.cn\/product\/best-dog-conditioner-good-safe-pet-dog-conditioner\/#primaryimage\"},\"image\":{\"@id\":\"https:\/\/petproducts.com.cn\/product\/best-dog-conditioner-good-safe-pet-dog-conditioner\/#primaryimage\"},\"thumbnailUrl\":\"https:\/\/petproducts.com.cn\/wp-content\/uploads\/2024\/06\/best-dog-conditioner.webp\",\"datePublished\":\"2024-06-11T05:06:03+00:00\",\"dateModified\":\"2024-06-11T05:41:58+00:00\",\"description\":\"Explore best dog conditioner, good dog conditioner, pet safe conditioner directly from the manufacturer. Your ideal business solution with Petstar.\",\"breadcrumb\":{\"@id\":\"https:\/\/petproducts.com.cn\/product\/best-dog-conditioner-good-safe-pet-dog-conditioner\/#breadcrumb\"},\"inLanguage\":\"de\",\"potentialAction\":[{\"@type\":\"ReadAction\",\"target\":[\"https:\/\/petproducts.com.cn\/product\/best-dog-conditioner-good-safe-pet-dog-conditioner\/\"]}]},{\"@type\":\"ImageObject\",\"inLanguage\":\"de\",\"@id\":\"https:\/\/petproducts.com.cn\/product\/best-dog-conditioner-good-safe-pet-dog-conditioner\/#primaryimage\",\"url\":\"https:\/\/petproducts.com.cn\/wp-content\/uploads\/2024\/06\/best-dog-conditioner.webp\",\"contentUrl\":\"https:\/\/petproducts.com.cn\/wp-content\/uploads\/2024\/06\/best-dog-conditioner.webp\",\"width\":1000,\"height\":1000,\"caption\":\"best dog conditioner\"},{\"@type\":\"BreadcrumbList\",\"@id\":\"https:\/\/petproducts.com.cn\/product\/best-dog-conditioner-good-safe-pet-dog-conditioner\/#breadcrumb\",\"itemListElement\":[{\"@type\":\"ListItem\",\"position\":1,\"name\":\"HOME\",\"item\":\"https:\/\/petproducts.com.cn\/\"},{\"@type\":\"ListItem\",\"position\":2,\"name\":\"Products\",\"item\":\"https:\/\/petproducts.com.cn\/shop\/\"},{\"@type\":\"ListItem\",\"position\":3,\"name\":\"Dog Grooming &amp; Cleaning Supplies\",\"item\":\"https:\/\/petproducts.com.cn\/product-category\/dog-grooming-cleaning-supplies\/\"},{\"@type\":\"ListItem\",\"position\":4,\"name\":\"Best Dog Conditioner Good Safe Pet Dog Conditioner\"}]},{\"@type\":\"WebSite\",\"@id\":\"https:\/\/petproducts.com.cn\/#website\",\"url\":\"https:\/\/petproducts.com.cn\/\",\"name\":\"Petstar\",\"description\":\"Leading Pet Supplies Manufacturer &amp; OEM Pet Products Supplier\",\"publisher\":{\"@id\":\"https:\/\/petproducts.com.cn\/#organization\"},\"alternateName\":\"Petstar Pet Supplies\",\"potentialAction\":[{\"@type\":\"SearchAction\",\"target\":{\"@type\":\"EntryPoint\",\"urlTemplate\":\"https:\/\/petproducts.com.cn\/?s={search_term_string}\"},\"query-input\":{\"@type\":\"PropertyValueSpecification\",\"valueRequired\":true,\"valueName\":\"search_term_string\"}}],\"inLanguage\":\"de\"},{\"@type\":\"Organization\",\"@id\":\"https:\/\/petproducts.com.cn\/#organization\",\"name\":\"Petstar\",\"url\":\"https:\/\/petproducts.com.cn\/\",\"logo\":{\"@type\":\"ImageObject\",\"inLanguage\":\"de\",\"@id\":\"https:\/\/petproducts.com.cn\/#\/schema\/logo\/image\/\",\"url\":\"https:\/\/petproducts.com.cn\/wp-content\/uploads\/2020\/02\/petstar-logo.webp\",\"contentUrl\":\"https:\/\/petproducts.com.cn\/wp-content\/uploads\/2020\/02\/petstar-logo.webp\",\"width\":779,\"height\":520,\"caption\":\"Petstar\"},\"image\":{\"@id\":\"https:\/\/petproducts.com.cn\/#\/schema\/logo\/image\/\"}}]}<\/script>\n<!-- \/ Yoast SEO plugin. -->","yoast_head_json":{"title":"Bester Hund Conditioner | Pet Dog Conditioner Hersteller - Petstar - Petstar","description":"Entdecken Sie den besten Hunde-Conditioner, guten Hunde-Conditioner, sicheren Conditioner f\u00fcr Haustiere direkt vom Hersteller. Ihre ideale Gesch\u00e4ftsl\u00f6sung mit Petstar.","robots":{"index":"index","follow":"follow","max-snippet":"max-snippet:-1","max-image-preview":"max-image-preview:large","max-video-preview":"max-video-preview:-1"},"canonical":"https:\/\/petproducts.com.cn\/de\/produkt\/best-dog-conditioner-good-safe-pet-dog-conditioner\/","og_locale":"de_DE","og_type":"article","og_title":"Best Dog Conditioner | Pet Dog Conditioner Manufacturer - Petstar - Petstar","og_description":"Explore best dog conditioner, good dog conditioner, pet safe conditioner directly from the manufacturer. Your ideal business solution with Petstar.","og_url":"https:\/\/petproducts.com.cn\/de\/produkt\/best-dog-conditioner-good-safe-pet-dog-conditioner\/","og_site_name":"Petstar","article_modified_time":"2024-06-11T05:41:58+00:00","og_image":[{"width":1000,"height":1000,"url":"https:\/\/petproducts.com.cn\/wp-content\/uploads\/2024\/06\/best-dog-conditioner.webp","type":"image\/webp"}],"twitter_card":"summary_large_image","twitter_misc":{"Gesch\u00e4tzte Lesezeit":"2\u00a0Minuten"},"schema":{"@context":"https:\/\/schema.org","@graph":[{"@type":"WebPage","@id":"https:\/\/petproducts.com.cn\/product\/best-dog-conditioner-good-safe-pet-dog-conditioner\/","url":"https:\/\/petproducts.com.cn\/product\/best-dog-conditioner-good-safe-pet-dog-conditioner\/","name":"Bester Hund Conditioner | Pet Dog Conditioner Hersteller - Petstar - Petstar","isPartOf":{"@id":"https:\/\/petproducts.com.cn\/#website"},"primaryImageOfPage":{"@id":"https:\/\/petproducts.com.cn\/product\/best-dog-conditioner-good-safe-pet-dog-conditioner\/#primaryimage"},"image":{"@id":"https:\/\/petproducts.com.cn\/product\/best-dog-conditioner-good-safe-pet-dog-conditioner\/#primaryimage"},"thumbnailUrl":"https:\/\/petproducts.com.cn\/wp-content\/uploads\/2024\/06\/best-dog-conditioner.webp","datePublished":"2024-06-11T05:06:03+00:00","dateModified":"2024-06-11T05:41:58+00:00","description":"Entdecken Sie den besten Hunde-Conditioner, guten Hunde-Conditioner, sicheren Conditioner f\u00fcr Haustiere direkt vom Hersteller. Ihre ideale Gesch\u00e4ftsl\u00f6sung mit Petstar.","breadcrumb":{"@id":"https:\/\/petproducts.com.cn\/product\/best-dog-conditioner-good-safe-pet-dog-conditioner\/#breadcrumb"},"inLanguage":"de","potentialAction":[{"@type":"ReadAction","target":["https:\/\/petproducts.com.cn\/product\/best-dog-conditioner-good-safe-pet-dog-conditioner\/"]}]},{"@type":"ImageObject","inLanguage":"de","@id":"https:\/\/petproducts.com.cn\/product\/best-dog-conditioner-good-safe-pet-dog-conditioner\/#primaryimage","url":"https:\/\/petproducts.com.cn\/wp-content\/uploads\/2024\/06\/best-dog-conditioner.webp","contentUrl":"https:\/\/petproducts.com.cn\/wp-content\/uploads\/2024\/06\/best-dog-conditioner.webp","width":1000,"height":1000,"caption":"best dog conditioner"},{"@type":"BreadcrumbList","@id":"https:\/\/petproducts.com.cn\/product\/best-dog-conditioner-good-safe-pet-dog-conditioner\/#breadcrumb","itemListElement":[{"@type":"ListItem","position":1,"name":"HOME","item":"https:\/\/petproducts.com.cn\/"},{"@type":"ListItem","position":2,"name":"Products","item":"https:\/\/petproducts.com.cn\/shop\/"},{"@type":"ListItem","position":3,"name":"Dog Grooming &amp; Cleaning Supplies","item":"https:\/\/petproducts.com.cn\/product-category\/dog-grooming-cleaning-supplies\/"},{"@type":"ListItem","position":4,"name":"Best Dog Conditioner Good Safe Pet Dog Conditioner"}]},{"@type":"WebSite","@id":"https:\/\/petproducts.com.cn\/#website","url":"https:\/\/petproducts.com.cn\/","name":"Petstar","description":"F\u00fchrender Hersteller von Heimtierbedarf und OEM-Lieferant von Heimtierprodukten","publisher":{"@id":"https:\/\/petproducts.com.cn\/#organization"},"alternateName":"Petstar Pet Supplies","potentialAction":[{"@type":"SearchAction","target":{"@type":"EntryPoint","urlTemplate":"https:\/\/petproducts.com.cn\/?s={search_term_string}"},"query-input":{"@type":"PropertyValueSpecification","valueRequired":true,"valueName":"search_term_string"}}],"inLanguage":"de"},{"@type":"Organization","@id":"https:\/\/petproducts.com.cn\/#organization","name":"Petstar","url":"https:\/\/petproducts.com.cn\/","logo":{"@type":"ImageObject","inLanguage":"de","@id":"https:\/\/petproducts.com.cn\/#\/schema\/logo\/image\/","url":"https:\/\/petproducts.com.cn\/wp-content\/uploads\/2020\/02\/petstar-logo.webp","contentUrl":"https:\/\/petproducts.com.cn\/wp-content\/uploads\/2020\/02\/petstar-logo.webp","width":779,"height":520,"caption":"Petstar"},"image":{"@id":"https:\/\/petproducts.com.cn\/#\/schema\/logo\/image\/"}}]}},"_links":{"self":[{"href":"https:\/\/petproducts.com.cn\/de\/wp-json\/wp\/v2\/product\/24884","targetHints":{"allow":["GET"]}}],"collection":[{"href":"https:\/\/petproducts.com.cn\/de\/wp-json\/wp\/v2\/product"}],"about":[{"href":"https:\/\/petproducts.com.cn\/de\/wp-json\/wp\/v2\/types\/product"}],"version-history":[{"count":2,"href":"https:\/\/petproducts.com.cn\/de\/wp-json\/wp\/v2\/product\/24884\/revisions"}],"predecessor-version":[{"id":24892,"href":"https:\/\/petproducts.com.cn\/de\/wp-json\/wp\/v2\/product\/24884\/revisions\/24892"}],"wp:featuredmedia":[{"embeddable":true,"href":"https:\/\/petproducts.com.cn\/de\/wp-json\/wp\/v2\/media\/24887"}],"wp:attachment":[{"href":"https:\/\/petproducts.com.cn\/de\/wp-json\/wp\/v2\/media?parent=24884"}],"wp:term":[{"taxonomy":"product_brand","embeddable":true,"href":"https:\/\/petproducts.com.cn\/de\/wp-json\/wp\/v2\/product_brand?post=24884"},{"taxonomy":"product_cat","embeddable":true,"href":"https:\/\/petproducts.com.cn\/de\/wp-json\/wp\/v2\/product_cat?post=24884"},{"taxonomy":"product_tag","embeddable":true,"href":"https:\/\/petproducts.com.cn\/de\/wp-json\/wp\/v2\/product_tag?post=24884"}],"curies":[{"name":"wp","href":"https:\/\/api.w.org\/{rel}","templated":true}]}}