{"id":24893,"date":"2024-06-11T05:52:18","date_gmt":"2024-06-11T05:52:18","guid":{"rendered":"https:\/\/petproducts.com.cn\/?post_type=product&#038;p=24893"},"modified":"2024-06-11T06:08:43","modified_gmt":"2024-06-11T06:08:43","slug":"dog-spray-natural-pet-dog-deodorizer-spray","status":"publish","type":"product","link":"https:\/\/petproducts.com.cn\/de\/product\/dog-spray-natural-pet-dog-deodorizer-spray\/","title":{"rendered":"Dog Spray Nat\u00fcrliches Desodorierungsspray f\u00fcr Hunde"},"content":{"rendered":"<h2><strong>Eigenschaften von Hundespray <\/strong><\/h2>\n<ul>\n<li><strong>Wirksame Geruchskontrolle<\/strong> Unser Hundespray bietet eine wirksame Geruchskontrolle und beseitigt unangenehme Ger\u00fcche sofort. Sie werden es zu sch\u00e4tzen wissen, dass Ihr Haustier frisch und sauber riecht. Diese Eigenschaft sorgt daf\u00fcr, dass Ihr Zuhause frei von Tierger\u00fcchen bleibt.<\/li>\n<li><strong>Frisch duftend<\/strong> Genie\u00dfen Sie den erfrischenden Duft unseres Hundedesodorierungssprays. Es hinterl\u00e4sst einen angenehmen Duft, der lange anh\u00e4lt und die Anwesenheit Ihres Haustieres noch angenehmer macht. Dieser frische Duft ist perfekt, um eine saubere und einladende Atmosph\u00e4re zu schaffen.<\/li>\n<li><strong>Sicher und ungiftig<\/strong> Sicherheit ist unsere Priorit\u00e4t, und Sie werden sich sicher f\u00fchlen, wenn Sie unser ungiftiges Hundespray verwenden. Es enth\u00e4lt nat\u00fcrliche Inhaltsstoffe, die sanft zu Haut und Fell Ihres Tieres sind. Diese Sicherheit gew\u00e4hrleistet, dass es f\u00fcr den regelm\u00e4\u00dfigen Gebrauch geeignet ist.<\/li>\n<li><strong>Antibakterielle Eigenschaften<\/strong> Unser nat\u00fcrliches Desodorierungsspray f\u00fcr Haustiere enth\u00e4lt antibakterielle Eigenschaften. Sie werden feststellen, dass es Bakterien, die Ger\u00fcche verursachen, wirksam reduziert. Diese antibakterielle Wirkung h\u00e4lt Ihr Haustier ges\u00fcnder und sauberer.<\/li>\n<li><strong>Beruhigende Formel<\/strong> Sie werden begeistert sein, wie unser Spray die Haut Ihres Haustieres beruhigt. Es ist so konzipiert, dass es sanft und beruhigend wirkt und Reizungen und Unbehagen reduziert. Diese beruhigende Formel macht es ideal f\u00fcr Haustiere mit empfindlicher Haut.<\/li>\n<\/ul>","protected":false},"excerpt":{"rendered":"<p>Wir sind Hersteller von Haustierb\u00fcrsten mit mehr als 20 Jahren Erfahrung. Wir bieten Anpassungsm\u00f6glichkeiten f\u00fcr Farbe, Gr\u00f6\u00dfe, Stoff, Muster, Logo und andere Merkmale.<\/p>","protected":false},"featured_media":24897,"template":"","meta":{"_acf_changed":false},"product_brand":[],"product_cat":[137,71,136,72],"product_tag":[139,140],"class_list":{"0":"post-24893","1":"product","2":"type-product","3":"status-publish","4":"has-post-thumbnail","6":"product_cat-cat-grooming-cleaning-supplies","7":"product_cat-cat-supplies","8":"product_cat-dog-grooming-cleaning-supplies","9":"product_cat-dog-supplies","10":"product_tag-cat-grooming-cleaning-supplies","11":"product_tag-dog-grooming-cleaning-supplies","13":"first","14":"instock","15":"shipping-taxable","16":"product-type-simple"},"acf":[],"yoast_head":"<!-- This site is optimized with the Yoast SEO plugin v27.1.1 - https:\/\/yoast.com\/product\/yoast-seo-wordpress\/ -->\n<title>Dog Spray | Dog Deodorizer Spray Manufacturer - Petstar - Petstar<\/title>\n<meta name=\"description\" content=\"Explore dog spray, dog deodorizer spray, natural pet deodorizer spray directly from the manufacturer. Your ideal business solution with Petstar.\" \/>\n<meta name=\"robots\" content=\"index, follow, max-snippet:-1, max-image-preview:large, max-video-preview:-1\" \/>\n<link rel=\"canonical\" href=\"https:\/\/petproducts.com.cn\/de\/produkt\/dog-spray-natural-pet-dog-deodorizer-spray\/\" \/>\n<meta property=\"og:locale\" content=\"de_DE\" \/>\n<meta property=\"og:type\" content=\"article\" \/>\n<meta property=\"og:title\" content=\"Dog Spray | Dog Deodorizer Spray Manufacturer - Petstar - Petstar\" \/>\n<meta property=\"og:description\" content=\"Explore dog spray, dog deodorizer spray, natural pet deodorizer spray directly from the manufacturer. Your ideal business solution with Petstar.\" \/>\n<meta property=\"og:url\" content=\"https:\/\/petproducts.com.cn\/de\/produkt\/dog-spray-natural-pet-dog-deodorizer-spray\/\" \/>\n<meta property=\"og:site_name\" content=\"Petstar\" \/>\n<meta property=\"article:modified_time\" content=\"2024-06-11T06:08:43+00:00\" \/>\n<meta property=\"og:image\" content=\"https:\/\/petproducts.com.cn\/wp-content\/uploads\/2024\/06\/Dog-Spray.webp\" \/>\n\t<meta property=\"og:image:width\" content=\"1000\" \/>\n\t<meta property=\"og:image:height\" content=\"1000\" \/>\n\t<meta property=\"og:image:type\" content=\"image\/webp\" \/>\n<meta name=\"twitter:card\" content=\"summary_large_image\" \/>\n<meta name=\"twitter:label1\" content=\"Gesch\u00e4tzte Lesezeit\" \/>\n\t<meta name=\"twitter:data1\" content=\"2\u00a0Minuten\" \/>\n<script type=\"application\/ld+json\" class=\"yoast-schema-graph\">{\"@context\":\"https:\/\/schema.org\",\"@graph\":[{\"@type\":\"WebPage\",\"@id\":\"https:\/\/petproducts.com.cn\/product\/dog-spray-natural-pet-dog-deodorizer-spray\/\",\"url\":\"https:\/\/petproducts.com.cn\/product\/dog-spray-natural-pet-dog-deodorizer-spray\/\",\"name\":\"Dog Spray | Dog Deodorizer Spray Manufacturer - Petstar - Petstar\",\"isPartOf\":{\"@id\":\"https:\/\/petproducts.com.cn\/#website\"},\"primaryImageOfPage\":{\"@id\":\"https:\/\/petproducts.com.cn\/product\/dog-spray-natural-pet-dog-deodorizer-spray\/#primaryimage\"},\"image\":{\"@id\":\"https:\/\/petproducts.com.cn\/product\/dog-spray-natural-pet-dog-deodorizer-spray\/#primaryimage\"},\"thumbnailUrl\":\"https:\/\/petproducts.com.cn\/wp-content\/uploads\/2024\/06\/Dog-Spray.webp\",\"datePublished\":\"2024-06-11T05:52:18+00:00\",\"dateModified\":\"2024-06-11T06:08:43+00:00\",\"description\":\"Explore dog spray, dog deodorizer spray, natural pet deodorizer spray directly from the manufacturer. Your ideal business solution with Petstar.\",\"breadcrumb\":{\"@id\":\"https:\/\/petproducts.com.cn\/product\/dog-spray-natural-pet-dog-deodorizer-spray\/#breadcrumb\"},\"inLanguage\":\"de\",\"potentialAction\":[{\"@type\":\"ReadAction\",\"target\":[\"https:\/\/petproducts.com.cn\/product\/dog-spray-natural-pet-dog-deodorizer-spray\/\"]}]},{\"@type\":\"ImageObject\",\"inLanguage\":\"de\",\"@id\":\"https:\/\/petproducts.com.cn\/product\/dog-spray-natural-pet-dog-deodorizer-spray\/#primaryimage\",\"url\":\"https:\/\/petproducts.com.cn\/wp-content\/uploads\/2024\/06\/Dog-Spray.webp\",\"contentUrl\":\"https:\/\/petproducts.com.cn\/wp-content\/uploads\/2024\/06\/Dog-Spray.webp\",\"width\":1000,\"height\":1000,\"caption\":\"Dog Spray\"},{\"@type\":\"BreadcrumbList\",\"@id\":\"https:\/\/petproducts.com.cn\/product\/dog-spray-natural-pet-dog-deodorizer-spray\/#breadcrumb\",\"itemListElement\":[{\"@type\":\"ListItem\",\"position\":1,\"name\":\"HOME\",\"item\":\"https:\/\/petproducts.com.cn\/\"},{\"@type\":\"ListItem\",\"position\":2,\"name\":\"Products\",\"item\":\"https:\/\/petproducts.com.cn\/shop\/\"},{\"@type\":\"ListItem\",\"position\":3,\"name\":\"Dog Grooming &amp; Cleaning Supplies\",\"item\":\"https:\/\/petproducts.com.cn\/product-category\/dog-grooming-cleaning-supplies\/\"},{\"@type\":\"ListItem\",\"position\":4,\"name\":\"Dog Spray Natural Pet Dog Deodorizer Spray\"}]},{\"@type\":\"WebSite\",\"@id\":\"https:\/\/petproducts.com.cn\/#website\",\"url\":\"https:\/\/petproducts.com.cn\/\",\"name\":\"Petstar\",\"description\":\"Leading Pet Supplies Manufacturer &amp; OEM Pet Products Supplier\",\"publisher\":{\"@id\":\"https:\/\/petproducts.com.cn\/#organization\"},\"alternateName\":\"Petstar Pet Supplies\",\"potentialAction\":[{\"@type\":\"SearchAction\",\"target\":{\"@type\":\"EntryPoint\",\"urlTemplate\":\"https:\/\/petproducts.com.cn\/?s={search_term_string}\"},\"query-input\":{\"@type\":\"PropertyValueSpecification\",\"valueRequired\":true,\"valueName\":\"search_term_string\"}}],\"inLanguage\":\"de\"},{\"@type\":\"Organization\",\"@id\":\"https:\/\/petproducts.com.cn\/#organization\",\"name\":\"Petstar\",\"url\":\"https:\/\/petproducts.com.cn\/\",\"logo\":{\"@type\":\"ImageObject\",\"inLanguage\":\"de\",\"@id\":\"https:\/\/petproducts.com.cn\/#\/schema\/logo\/image\/\",\"url\":\"https:\/\/petproducts.com.cn\/wp-content\/uploads\/2020\/02\/petstar-logo.webp\",\"contentUrl\":\"https:\/\/petproducts.com.cn\/wp-content\/uploads\/2020\/02\/petstar-logo.webp\",\"width\":779,\"height\":520,\"caption\":\"Petstar\"},\"image\":{\"@id\":\"https:\/\/petproducts.com.cn\/#\/schema\/logo\/image\/\"}}]}<\/script>\n<!-- \/ Yoast SEO plugin. -->","yoast_head_json":{"title":"Hundespray | Hundedesodorierungsspray Hersteller - Petstar - Petstar","description":"Entdecken Sie Hundespray, Hundedesodorierungsspray, nat\u00fcrliches Deodorierungsspray f\u00fcr Haustiere direkt vom Hersteller. Ihre ideale Business-L\u00f6sung mit Petstar.","robots":{"index":"index","follow":"follow","max-snippet":"max-snippet:-1","max-image-preview":"max-image-preview:large","max-video-preview":"max-video-preview:-1"},"canonical":"https:\/\/petproducts.com.cn\/de\/produkt\/dog-spray-natural-pet-dog-deodorizer-spray\/","og_locale":"de_DE","og_type":"article","og_title":"Dog Spray | Dog Deodorizer Spray Manufacturer - Petstar - Petstar","og_description":"Explore dog spray, dog deodorizer spray, natural pet deodorizer spray directly from the manufacturer. Your ideal business solution with Petstar.","og_url":"https:\/\/petproducts.com.cn\/de\/produkt\/dog-spray-natural-pet-dog-deodorizer-spray\/","og_site_name":"Petstar","article_modified_time":"2024-06-11T06:08:43+00:00","og_image":[{"width":1000,"height":1000,"url":"https:\/\/petproducts.com.cn\/wp-content\/uploads\/2024\/06\/Dog-Spray.webp","type":"image\/webp"}],"twitter_card":"summary_large_image","twitter_misc":{"Gesch\u00e4tzte Lesezeit":"2\u00a0Minuten"},"schema":{"@context":"https:\/\/schema.org","@graph":[{"@type":"WebPage","@id":"https:\/\/petproducts.com.cn\/product\/dog-spray-natural-pet-dog-deodorizer-spray\/","url":"https:\/\/petproducts.com.cn\/product\/dog-spray-natural-pet-dog-deodorizer-spray\/","name":"Hundespray | Hundedesodorierungsspray Hersteller - Petstar - Petstar","isPartOf":{"@id":"https:\/\/petproducts.com.cn\/#website"},"primaryImageOfPage":{"@id":"https:\/\/petproducts.com.cn\/product\/dog-spray-natural-pet-dog-deodorizer-spray\/#primaryimage"},"image":{"@id":"https:\/\/petproducts.com.cn\/product\/dog-spray-natural-pet-dog-deodorizer-spray\/#primaryimage"},"thumbnailUrl":"https:\/\/petproducts.com.cn\/wp-content\/uploads\/2024\/06\/Dog-Spray.webp","datePublished":"2024-06-11T05:52:18+00:00","dateModified":"2024-06-11T06:08:43+00:00","description":"Entdecken Sie Hundespray, Hundedesodorierungsspray, nat\u00fcrliches Deodorierungsspray f\u00fcr Haustiere direkt vom Hersteller. Ihre ideale Business-L\u00f6sung mit Petstar.","breadcrumb":{"@id":"https:\/\/petproducts.com.cn\/product\/dog-spray-natural-pet-dog-deodorizer-spray\/#breadcrumb"},"inLanguage":"de","potentialAction":[{"@type":"ReadAction","target":["https:\/\/petproducts.com.cn\/product\/dog-spray-natural-pet-dog-deodorizer-spray\/"]}]},{"@type":"ImageObject","inLanguage":"de","@id":"https:\/\/petproducts.com.cn\/product\/dog-spray-natural-pet-dog-deodorizer-spray\/#primaryimage","url":"https:\/\/petproducts.com.cn\/wp-content\/uploads\/2024\/06\/Dog-Spray.webp","contentUrl":"https:\/\/petproducts.com.cn\/wp-content\/uploads\/2024\/06\/Dog-Spray.webp","width":1000,"height":1000,"caption":"Dog Spray"},{"@type":"BreadcrumbList","@id":"https:\/\/petproducts.com.cn\/product\/dog-spray-natural-pet-dog-deodorizer-spray\/#breadcrumb","itemListElement":[{"@type":"ListItem","position":1,"name":"HOME","item":"https:\/\/petproducts.com.cn\/"},{"@type":"ListItem","position":2,"name":"Products","item":"https:\/\/petproducts.com.cn\/shop\/"},{"@type":"ListItem","position":3,"name":"Dog Grooming &amp; Cleaning Supplies","item":"https:\/\/petproducts.com.cn\/product-category\/dog-grooming-cleaning-supplies\/"},{"@type":"ListItem","position":4,"name":"Dog Spray Natural Pet Dog Deodorizer Spray"}]},{"@type":"WebSite","@id":"https:\/\/petproducts.com.cn\/#website","url":"https:\/\/petproducts.com.cn\/","name":"Petstar","description":"F\u00fchrender Hersteller von Heimtierbedarf und OEM-Lieferant von Heimtierprodukten","publisher":{"@id":"https:\/\/petproducts.com.cn\/#organization"},"alternateName":"Petstar Pet Supplies","potentialAction":[{"@type":"SearchAction","target":{"@type":"EntryPoint","urlTemplate":"https:\/\/petproducts.com.cn\/?s={search_term_string}"},"query-input":{"@type":"PropertyValueSpecification","valueRequired":true,"valueName":"search_term_string"}}],"inLanguage":"de"},{"@type":"Organization","@id":"https:\/\/petproducts.com.cn\/#organization","name":"Petstar","url":"https:\/\/petproducts.com.cn\/","logo":{"@type":"ImageObject","inLanguage":"de","@id":"https:\/\/petproducts.com.cn\/#\/schema\/logo\/image\/","url":"https:\/\/petproducts.com.cn\/wp-content\/uploads\/2020\/02\/petstar-logo.webp","contentUrl":"https:\/\/petproducts.com.cn\/wp-content\/uploads\/2020\/02\/petstar-logo.webp","width":779,"height":520,"caption":"Petstar"},"image":{"@id":"https:\/\/petproducts.com.cn\/#\/schema\/logo\/image\/"}}]}},"_links":{"self":[{"href":"https:\/\/petproducts.com.cn\/de\/wp-json\/wp\/v2\/product\/24893","targetHints":{"allow":["GET"]}}],"collection":[{"href":"https:\/\/petproducts.com.cn\/de\/wp-json\/wp\/v2\/product"}],"about":[{"href":"https:\/\/petproducts.com.cn\/de\/wp-json\/wp\/v2\/types\/product"}],"version-history":[{"count":2,"href":"https:\/\/petproducts.com.cn\/de\/wp-json\/wp\/v2\/product\/24893\/revisions"}],"predecessor-version":[{"id":24895,"href":"https:\/\/petproducts.com.cn\/de\/wp-json\/wp\/v2\/product\/24893\/revisions\/24895"}],"wp:featuredmedia":[{"embeddable":true,"href":"https:\/\/petproducts.com.cn\/de\/wp-json\/wp\/v2\/media\/24897"}],"wp:attachment":[{"href":"https:\/\/petproducts.com.cn\/de\/wp-json\/wp\/v2\/media?parent=24893"}],"wp:term":[{"taxonomy":"product_brand","embeddable":true,"href":"https:\/\/petproducts.com.cn\/de\/wp-json\/wp\/v2\/product_brand?post=24893"},{"taxonomy":"product_cat","embeddable":true,"href":"https:\/\/petproducts.com.cn\/de\/wp-json\/wp\/v2\/product_cat?post=24893"},{"taxonomy":"product_tag","embeddable":true,"href":"https:\/\/petproducts.com.cn\/de\/wp-json\/wp\/v2\/product_tag?post=24893"}],"curies":[{"name":"wp","href":"https:\/\/api.w.org\/{rel}","templated":true}]}}