{"id":24991,"date":"2024-06-14T02:03:42","date_gmt":"2024-06-14T02:03:42","guid":{"rendered":"https:\/\/petproducts.com.cn\/?post_type=product&#038;p=24991"},"modified":"2024-06-18T05:41:38","modified_gmt":"2024-06-18T05:41:38","slug":"stock-cat-cardboard-cheap-cat-scratch-boards","status":"publish","type":"product","link":"https:\/\/petproducts.com.cn\/de\/product\/stock-cat-cardboard-cheap-cat-scratch-boards\/","title":{"rendered":"Lager Katzenkarton G\u00fcnstige Katzenkratzbretter"},"content":{"rendered":"<h2><strong>Eigenschaften von Stock Cat Cardboard<\/strong><\/h2>\n<ul>\n<li><strong>Wellenf\u00f6rmiges Design<\/strong> Sie werden das einzigartige Wellendesign zu sch\u00e4tzen wissen, das eine anregende und stimulierende Oberfl\u00e4che f\u00fcr Ihre Katze bietet. Die gewellte Textur ahmt nat\u00fcrliche Oberfl\u00e4chen nach und ist f\u00fcr Katzen unwiderstehlich zum Kratzen und Spielen. Dieses Design von Stock Cat Cardboard bietet Ihrer Katze Unterhaltung und f\u00f6rdert gleichzeitig ein gesundes Kratzverhalten.<\/li>\n<li><strong>Hochwertiges Wellpappenpapier<\/strong> Sie werden das hochwertige Wellpapier lieben, aus dem diese Katzenkratzbretter gefertigt sind. Das strapazierf\u00e4hige Material h\u00e4lt starkem Kratzen stand und garantiert eine lange Lebensdauer. Die gewellte Textur sorgt f\u00fcr ein befriedigendes Kratzerlebnis und tr\u00e4gt dazu bei, dass die Krallen Ihrer Katze gesund und scharf bleiben.<\/li>\n<li><strong>Sch\u00fctzt M\u00f6bel<\/strong> Sie profitieren von diesen Kratzbrettern, da sie Ihre M\u00f6bel vor Krallensch\u00e4den sch\u00fctzen. Indem Sie eine geeignete Kratzfl\u00e4che zur Verf\u00fcgung stellen, k\u00f6nnen Sie den nat\u00fcrlichen Kratztrieb Ihrer Katze von Ihren wertvollen M\u00f6beln ablenken. Dies tr\u00e4gt dazu bei, das Aussehen und die Langlebigkeit Ihrer Einrichtungsgegenst\u00e4nde zu erhalten.<\/li>\n<li><strong>Leicht und tragbar<\/strong> Diese Katzenkratzbretter sind leicht und tragbar, so dass Sie sie leicht in Ihrem Haus bewegen k\u00f6nnen. Sie k\u00f6nnen sie an verschiedenen Orten aufstellen, um Ihre Katze dort zu besch\u00e4ftigen, wo sie gerne kratzt. Das tragbare Design macht es auch bequem, sie auf Reisen mitzunehmen.<\/li>\n<li><strong>Erschwingliche Preise f\u00fcr gro\u00dfe Mengen<\/strong> Sie profitieren von unseren g\u00fcnstigen Mengenpreisen f\u00fcr diese Katzenkratzbretter aus Pappe. Durch den Kauf in gro\u00dfen Mengen erhalten Sie das beste Preis-Leistungs-Verh\u00e4ltnis, was sowohl f\u00fcr einzelne Katzenbesitzer als auch f\u00fcr Einzelh\u00e4ndler eine kosteng\u00fcnstige Wahl ist. So k\u00f6nnen Sie Ihrer Katze mehrere Kratzfl\u00e4chen zur Verf\u00fcgung stellen, ohne die Bank zu sprengen.<\/li>\n<\/ul>","protected":false},"excerpt":{"rendered":"<p>Wir sind Hersteller von Haustierb\u00fcrsten mit mehr als 20 Jahren Erfahrung. Wir bieten Anpassungsm\u00f6glichkeiten f\u00fcr Farbe, Gr\u00f6\u00dfe, Stoff, Muster, Logo und andere Merkmale.<\/p>","protected":false},"featured_media":25064,"template":"","meta":{"_acf_changed":false},"product_brand":[],"product_cat":[71,81],"product_tag":[86,162],"class_list":{"0":"post-24991","1":"product","2":"type-product","3":"status-publish","4":"has-post-thumbnail","6":"product_cat-cat-supplies","7":"product_cat-cat-toys","8":"product_tag-cat-toys","9":"product_tag-stock-pet-supplies","11":"first","12":"instock","13":"shipping-taxable","14":"product-type-simple"},"acf":[],"yoast_head":"<!-- This site is optimized with the Yoast SEO plugin v27.1.1 - https:\/\/yoast.com\/product\/yoast-seo-wordpress\/ -->\n<title>Stock Cat Cardboard | Cat Scratch Boards Manufacturer - Petstar - Petstar<\/title>\n<meta name=\"description\" content=\"Explore stock cat cardboard, cat scratch boards, and cat scratch board cheap directly from the manufacturer. Your ideal business solution with Petstar.\" \/>\n<meta name=\"robots\" content=\"index, follow, max-snippet:-1, max-image-preview:large, max-video-preview:-1\" \/>\n<link rel=\"canonical\" href=\"https:\/\/petproducts.com.cn\/de\/produkt\/stock-cat-cardboard-cheap-cat-scratch-boards\/\" \/>\n<meta property=\"og:locale\" content=\"de_DE\" \/>\n<meta property=\"og:type\" content=\"article\" \/>\n<meta property=\"og:title\" content=\"Stock Cat Cardboard | Cat Scratch Boards Manufacturer - Petstar - Petstar\" \/>\n<meta property=\"og:description\" content=\"Explore stock cat cardboard, cat scratch boards, and cat scratch board cheap directly from the manufacturer. Your ideal business solution with Petstar.\" \/>\n<meta property=\"og:url\" content=\"https:\/\/petproducts.com.cn\/de\/produkt\/stock-cat-cardboard-cheap-cat-scratch-boards\/\" \/>\n<meta property=\"og:site_name\" content=\"Petstar\" \/>\n<meta property=\"article:modified_time\" content=\"2024-06-18T05:41:38+00:00\" \/>\n<meta property=\"og:image\" content=\"https:\/\/petproducts.com.cn\/wp-content\/uploads\/2024\/06\/Stock-Cat-Cardboard.webp\" \/>\n\t<meta property=\"og:image:width\" content=\"1000\" \/>\n\t<meta property=\"og:image:height\" content=\"1000\" \/>\n\t<meta property=\"og:image:type\" content=\"image\/webp\" \/>\n<meta name=\"twitter:card\" content=\"summary_large_image\" \/>\n<meta name=\"twitter:label1\" content=\"Gesch\u00e4tzte Lesezeit\" \/>\n\t<meta name=\"twitter:data1\" content=\"2\u00a0Minuten\" \/>\n<script type=\"application\/ld+json\" class=\"yoast-schema-graph\">{\"@context\":\"https:\/\/schema.org\",\"@graph\":[{\"@type\":\"WebPage\",\"@id\":\"https:\/\/petproducts.com.cn\/product\/stock-cat-cardboard-cheap-cat-scratch-boards\/\",\"url\":\"https:\/\/petproducts.com.cn\/product\/stock-cat-cardboard-cheap-cat-scratch-boards\/\",\"name\":\"Stock Cat Cardboard | Cat Scratch Boards Manufacturer - Petstar - Petstar\",\"isPartOf\":{\"@id\":\"https:\/\/petproducts.com.cn\/#website\"},\"primaryImageOfPage\":{\"@id\":\"https:\/\/petproducts.com.cn\/product\/stock-cat-cardboard-cheap-cat-scratch-boards\/#primaryimage\"},\"image\":{\"@id\":\"https:\/\/petproducts.com.cn\/product\/stock-cat-cardboard-cheap-cat-scratch-boards\/#primaryimage\"},\"thumbnailUrl\":\"https:\/\/petproducts.com.cn\/wp-content\/uploads\/2024\/06\/Stock-Cat-Cardboard.webp\",\"datePublished\":\"2024-06-14T02:03:42+00:00\",\"dateModified\":\"2024-06-18T05:41:38+00:00\",\"description\":\"Explore stock cat cardboard, cat scratch boards, and cat scratch board cheap directly from the manufacturer. Your ideal business solution with Petstar.\",\"breadcrumb\":{\"@id\":\"https:\/\/petproducts.com.cn\/product\/stock-cat-cardboard-cheap-cat-scratch-boards\/#breadcrumb\"},\"inLanguage\":\"de\",\"potentialAction\":[{\"@type\":\"ReadAction\",\"target\":[\"https:\/\/petproducts.com.cn\/product\/stock-cat-cardboard-cheap-cat-scratch-boards\/\"]}]},{\"@type\":\"ImageObject\",\"inLanguage\":\"de\",\"@id\":\"https:\/\/petproducts.com.cn\/product\/stock-cat-cardboard-cheap-cat-scratch-boards\/#primaryimage\",\"url\":\"https:\/\/petproducts.com.cn\/wp-content\/uploads\/2024\/06\/Stock-Cat-Cardboard.webp\",\"contentUrl\":\"https:\/\/petproducts.com.cn\/wp-content\/uploads\/2024\/06\/Stock-Cat-Cardboard.webp\",\"width\":1000,\"height\":1000,\"caption\":\"Stock Cat Cardboard\"},{\"@type\":\"BreadcrumbList\",\"@id\":\"https:\/\/petproducts.com.cn\/product\/stock-cat-cardboard-cheap-cat-scratch-boards\/#breadcrumb\",\"itemListElement\":[{\"@type\":\"ListItem\",\"position\":1,\"name\":\"HOME\",\"item\":\"https:\/\/petproducts.com.cn\/\"},{\"@type\":\"ListItem\",\"position\":2,\"name\":\"Products\",\"item\":\"https:\/\/petproducts.com.cn\/shop\/\"},{\"@type\":\"ListItem\",\"position\":3,\"name\":\"Cat Toys\",\"item\":\"https:\/\/petproducts.com.cn\/product-category\/cat-toys\/\"},{\"@type\":\"ListItem\",\"position\":4,\"name\":\"Stock Cat Cardboard Cheap Cat Scratch Boards\"}]},{\"@type\":\"WebSite\",\"@id\":\"https:\/\/petproducts.com.cn\/#website\",\"url\":\"https:\/\/petproducts.com.cn\/\",\"name\":\"Petstar\",\"description\":\"Leading Pet Supplies Manufacturer &amp; OEM Pet Products Supplier\",\"publisher\":{\"@id\":\"https:\/\/petproducts.com.cn\/#organization\"},\"alternateName\":\"Petstar Pet Supplies\",\"potentialAction\":[{\"@type\":\"SearchAction\",\"target\":{\"@type\":\"EntryPoint\",\"urlTemplate\":\"https:\/\/petproducts.com.cn\/?s={search_term_string}\"},\"query-input\":{\"@type\":\"PropertyValueSpecification\",\"valueRequired\":true,\"valueName\":\"search_term_string\"}}],\"inLanguage\":\"de\"},{\"@type\":\"Organization\",\"@id\":\"https:\/\/petproducts.com.cn\/#organization\",\"name\":\"Petstar\",\"url\":\"https:\/\/petproducts.com.cn\/\",\"logo\":{\"@type\":\"ImageObject\",\"inLanguage\":\"de\",\"@id\":\"https:\/\/petproducts.com.cn\/#\/schema\/logo\/image\/\",\"url\":\"https:\/\/petproducts.com.cn\/wp-content\/uploads\/2020\/02\/petstar-logo.webp\",\"contentUrl\":\"https:\/\/petproducts.com.cn\/wp-content\/uploads\/2020\/02\/petstar-logo.webp\",\"width\":779,\"height\":520,\"caption\":\"Petstar\"},\"image\":{\"@id\":\"https:\/\/petproducts.com.cn\/#\/schema\/logo\/image\/\"}}]}<\/script>\n<!-- \/ Yoast SEO plugin. -->","yoast_head_json":{"title":"Lager Katze Pappe | Katze Kratzbretter Hersteller - Petstar - Petstar","description":"Entdecken Sie Lager Katze Karton, Katze Kratzbretter, und Katze Kratzbrett billig direkt vom Hersteller. Ihre ideale Business-L\u00f6sung mit Petstar.","robots":{"index":"index","follow":"follow","max-snippet":"max-snippet:-1","max-image-preview":"max-image-preview:large","max-video-preview":"max-video-preview:-1"},"canonical":"https:\/\/petproducts.com.cn\/de\/produkt\/stock-cat-cardboard-cheap-cat-scratch-boards\/","og_locale":"de_DE","og_type":"article","og_title":"Stock Cat Cardboard | Cat Scratch Boards Manufacturer - Petstar - Petstar","og_description":"Explore stock cat cardboard, cat scratch boards, and cat scratch board cheap directly from the manufacturer. Your ideal business solution with Petstar.","og_url":"https:\/\/petproducts.com.cn\/de\/produkt\/stock-cat-cardboard-cheap-cat-scratch-boards\/","og_site_name":"Petstar","article_modified_time":"2024-06-18T05:41:38+00:00","og_image":[{"width":1000,"height":1000,"url":"https:\/\/petproducts.com.cn\/wp-content\/uploads\/2024\/06\/Stock-Cat-Cardboard.webp","type":"image\/webp"}],"twitter_card":"summary_large_image","twitter_misc":{"Gesch\u00e4tzte Lesezeit":"2\u00a0Minuten"},"schema":{"@context":"https:\/\/schema.org","@graph":[{"@type":"WebPage","@id":"https:\/\/petproducts.com.cn\/product\/stock-cat-cardboard-cheap-cat-scratch-boards\/","url":"https:\/\/petproducts.com.cn\/product\/stock-cat-cardboard-cheap-cat-scratch-boards\/","name":"Lager Katze Pappe | Katze Kratzbretter Hersteller - Petstar - Petstar","isPartOf":{"@id":"https:\/\/petproducts.com.cn\/#website"},"primaryImageOfPage":{"@id":"https:\/\/petproducts.com.cn\/product\/stock-cat-cardboard-cheap-cat-scratch-boards\/#primaryimage"},"image":{"@id":"https:\/\/petproducts.com.cn\/product\/stock-cat-cardboard-cheap-cat-scratch-boards\/#primaryimage"},"thumbnailUrl":"https:\/\/petproducts.com.cn\/wp-content\/uploads\/2024\/06\/Stock-Cat-Cardboard.webp","datePublished":"2024-06-14T02:03:42+00:00","dateModified":"2024-06-18T05:41:38+00:00","description":"Entdecken Sie Lager Katze Karton, Katze Kratzbretter, und Katze Kratzbrett billig direkt vom Hersteller. Ihre ideale Business-L\u00f6sung mit Petstar.","breadcrumb":{"@id":"https:\/\/petproducts.com.cn\/product\/stock-cat-cardboard-cheap-cat-scratch-boards\/#breadcrumb"},"inLanguage":"de","potentialAction":[{"@type":"ReadAction","target":["https:\/\/petproducts.com.cn\/product\/stock-cat-cardboard-cheap-cat-scratch-boards\/"]}]},{"@type":"ImageObject","inLanguage":"de","@id":"https:\/\/petproducts.com.cn\/product\/stock-cat-cardboard-cheap-cat-scratch-boards\/#primaryimage","url":"https:\/\/petproducts.com.cn\/wp-content\/uploads\/2024\/06\/Stock-Cat-Cardboard.webp","contentUrl":"https:\/\/petproducts.com.cn\/wp-content\/uploads\/2024\/06\/Stock-Cat-Cardboard.webp","width":1000,"height":1000,"caption":"Stock Cat Cardboard"},{"@type":"BreadcrumbList","@id":"https:\/\/petproducts.com.cn\/product\/stock-cat-cardboard-cheap-cat-scratch-boards\/#breadcrumb","itemListElement":[{"@type":"ListItem","position":1,"name":"HOME","item":"https:\/\/petproducts.com.cn\/"},{"@type":"ListItem","position":2,"name":"Products","item":"https:\/\/petproducts.com.cn\/shop\/"},{"@type":"ListItem","position":3,"name":"Cat Toys","item":"https:\/\/petproducts.com.cn\/product-category\/cat-toys\/"},{"@type":"ListItem","position":4,"name":"Stock Cat Cardboard Cheap Cat Scratch Boards"}]},{"@type":"WebSite","@id":"https:\/\/petproducts.com.cn\/#website","url":"https:\/\/petproducts.com.cn\/","name":"Petstar","description":"F\u00fchrender Hersteller von Heimtierbedarf und OEM-Lieferant von Heimtierprodukten","publisher":{"@id":"https:\/\/petproducts.com.cn\/#organization"},"alternateName":"Petstar Pet Supplies","potentialAction":[{"@type":"SearchAction","target":{"@type":"EntryPoint","urlTemplate":"https:\/\/petproducts.com.cn\/?s={search_term_string}"},"query-input":{"@type":"PropertyValueSpecification","valueRequired":true,"valueName":"search_term_string"}}],"inLanguage":"de"},{"@type":"Organization","@id":"https:\/\/petproducts.com.cn\/#organization","name":"Petstar","url":"https:\/\/petproducts.com.cn\/","logo":{"@type":"ImageObject","inLanguage":"de","@id":"https:\/\/petproducts.com.cn\/#\/schema\/logo\/image\/","url":"https:\/\/petproducts.com.cn\/wp-content\/uploads\/2020\/02\/petstar-logo.webp","contentUrl":"https:\/\/petproducts.com.cn\/wp-content\/uploads\/2020\/02\/petstar-logo.webp","width":779,"height":520,"caption":"Petstar"},"image":{"@id":"https:\/\/petproducts.com.cn\/#\/schema\/logo\/image\/"}}]}},"_links":{"self":[{"href":"https:\/\/petproducts.com.cn\/de\/wp-json\/wp\/v2\/product\/24991","targetHints":{"allow":["GET"]}}],"collection":[{"href":"https:\/\/petproducts.com.cn\/de\/wp-json\/wp\/v2\/product"}],"about":[{"href":"https:\/\/petproducts.com.cn\/de\/wp-json\/wp\/v2\/types\/product"}],"version-history":[{"count":2,"href":"https:\/\/petproducts.com.cn\/de\/wp-json\/wp\/v2\/product\/24991\/revisions"}],"predecessor-version":[{"id":25066,"href":"https:\/\/petproducts.com.cn\/de\/wp-json\/wp\/v2\/product\/24991\/revisions\/25066"}],"wp:featuredmedia":[{"embeddable":true,"href":"https:\/\/petproducts.com.cn\/de\/wp-json\/wp\/v2\/media\/25064"}],"wp:attachment":[{"href":"https:\/\/petproducts.com.cn\/de\/wp-json\/wp\/v2\/media?parent=24991"}],"wp:term":[{"taxonomy":"product_brand","embeddable":true,"href":"https:\/\/petproducts.com.cn\/de\/wp-json\/wp\/v2\/product_brand?post=24991"},{"taxonomy":"product_cat","embeddable":true,"href":"https:\/\/petproducts.com.cn\/de\/wp-json\/wp\/v2\/product_cat?post=24991"},{"taxonomy":"product_tag","embeddable":true,"href":"https:\/\/petproducts.com.cn\/de\/wp-json\/wp\/v2\/product_tag?post=24991"}],"curies":[{"name":"wp","href":"https:\/\/api.w.org\/{rel}","templated":true}]}}