{"id":25331,"date":"2024-06-21T03:19:17","date_gmt":"2024-06-21T03:19:17","guid":{"rendered":"https:\/\/petproducts.com.cn\/?post_type=product&#038;p=25331"},"modified":"2024-06-21T05:30:07","modified_gmt":"2024-06-21T05:30:07","slug":"best-pet-deodorant-pet-fresh-deodorant-spray","status":"publish","type":"product","link":"https:\/\/petproducts.com.cn\/de\/product\/best-pet-deodorant-pet-fresh-deodorant-spray\/","title":{"rendered":"Bestes Haustier-Deodorant Pet Fresh Deodorant Spray"},"content":{"rendered":"<h2><strong>Eigenschaften von Best Pet Deodorant <\/strong><\/h2>\n<ul>\n<li><strong>Wirksame Geruchskontrolle<\/strong> Sie werden feststellen, dass unser Deospray f\u00fcr Haustiere unangenehme Ger\u00fcche hochwirksam neutralisiert. Es bek\u00e4mpft die Ursachen f\u00fcr schlechte Ger\u00fcche und sorgt daf\u00fcr, dass Ihr Haustier frisch und sauber bleibt. Diese Eigenschaft ist besonders n\u00fctzlich nach Aktivit\u00e4ten im Freien oder zwischen den B\u00e4dern.<\/li>\n<li><strong>Frischer, lang anhaltender Duft<\/strong> Sie werden den frischen und belebenden Duft sch\u00e4tzen, den unser Deospray f\u00fcr Haustiere bietet. Der Duft ist langanhaltend und sorgt daf\u00fcr, dass Ihr Haustier \u00fcber einen l\u00e4ngeren Zeitraum hinweg gut riecht. Dies sorgt f\u00fcr ein angenehmes Aroma in Ihrem Zuhause und verbessert die gesamte Umgebung.<\/li>\n<li><strong>Sichere und ungiftige Inhaltsstoffe<\/strong> Sie haben die Gewissheit, dass unser Deospray f\u00fcr Haustiere aus sicheren und ungiftigen Inhaltsstoffen hergestellt wird. Es ist sanft zu Haut und Fell Ihres Haustiers und vermeidet m\u00f6gliche Reizungen oder allergische Reaktionen. Daher ist es f\u00fcr Haustiere aller Rassen und jeden Alters geeignet.<\/li>\n<li><strong>Einfach zu benutzen<\/strong> Unser Deospray f\u00fcr Haustiere l\u00e4sst sich leicht auftragen. Die praktische Spr\u00fchflasche erm\u00f6glicht ein schnelles und gleichm\u00e4\u00dfiges Auftragen und sorgt f\u00fcr eine vollst\u00e4ndige Abdeckung, ohne dass es zu Problemen kommt. Das macht es einfach, Ihr Haustier unterwegs oder nach dem Spielen zu erfrischen.<\/li>\n<li><strong>Vielseitiger Einsatz<\/strong> Sie werden feststellen, dass unser Deospray f\u00fcr Hunde vielseitig und f\u00fcr verschiedene Zwecke geeignet ist. Ganz gleich, ob Sie die Einstreu, den Wohnbereich oder das Auto Ihres Haustiers auffrischen m\u00f6chten, dieses Spray beseitigt Ger\u00fcche effektiv. Seine Vielseitigkeit macht es zu einem unverzichtbaren Artikel f\u00fcr jeden Haustierbesitzer.<\/li>\n<li><strong>Kompakt und tragbar<\/strong> Unser Deospray f\u00fcr Hunde ist kompakt und tragbar, so dass Sie es leicht mitnehmen k\u00f6nnen. Ob zu Hause oder unterwegs, Sie k\u00f6nnen Ihr Haustier bequem frisch und sauber riechen lassen. Diese Tragbarkeit macht das Produkt noch praktischer und bequemer.<\/li>\n<\/ul>","protected":false},"excerpt":{"rendered":"<p>Wir sind Hersteller von Haustierb\u00fcrsten mit mehr als 20 Jahren Erfahrung. Wir bieten Anpassungsm\u00f6glichkeiten f\u00fcr Farbe, Gr\u00f6\u00dfe, Stoff, Muster, Logo und andere Merkmale.<\/p>","protected":false},"featured_media":25335,"template":"","meta":{"_acf_changed":false},"product_brand":[],"product_cat":[137,71,136,72],"product_tag":[139,140],"class_list":{"0":"post-25331","1":"product","2":"type-product","3":"status-publish","4":"has-post-thumbnail","6":"product_cat-cat-grooming-cleaning-supplies","7":"product_cat-cat-supplies","8":"product_cat-dog-grooming-cleaning-supplies","9":"product_cat-dog-supplies","10":"product_tag-cat-grooming-cleaning-supplies","11":"product_tag-dog-grooming-cleaning-supplies","13":"first","14":"instock","15":"shipping-taxable","16":"product-type-simple"},"acf":[],"yoast_head":"<!-- This site is optimized with the Yoast SEO plugin v27.1.1 - https:\/\/yoast.com\/product\/yoast-seo-wordpress\/ -->\n<title>Best Pet Deodorant | Pet Deodorant Spray Manufacturer - Petstar - Petstar<\/title>\n<meta name=\"description\" content=\"Explore best pet deodorant and pet fresh deodorant spray directly from the manufacturer. Your ideal business solution with Petstar.\" \/>\n<meta name=\"robots\" content=\"index, follow, max-snippet:-1, max-image-preview:large, max-video-preview:-1\" \/>\n<link rel=\"canonical\" href=\"https:\/\/petproducts.com.cn\/de\/produkt\/best-pet-deodorant-pet-fresh-deodorant-spray\/\" \/>\n<meta property=\"og:locale\" content=\"de_DE\" \/>\n<meta property=\"og:type\" content=\"article\" \/>\n<meta property=\"og:title\" content=\"Best Pet Deodorant | Pet Deodorant Spray Manufacturer - Petstar - Petstar\" \/>\n<meta property=\"og:description\" content=\"Explore best pet deodorant and pet fresh deodorant spray directly from the manufacturer. Your ideal business solution with Petstar.\" \/>\n<meta property=\"og:url\" content=\"https:\/\/petproducts.com.cn\/de\/produkt\/best-pet-deodorant-pet-fresh-deodorant-spray\/\" \/>\n<meta property=\"og:site_name\" content=\"Petstar\" \/>\n<meta property=\"article:modified_time\" content=\"2024-06-21T05:30:07+00:00\" \/>\n<meta property=\"og:image\" content=\"https:\/\/petproducts.com.cn\/wp-content\/uploads\/2024\/06\/best-pet-deodorant.webp\" \/>\n\t<meta property=\"og:image:width\" content=\"800\" \/>\n\t<meta property=\"og:image:height\" content=\"800\" \/>\n\t<meta property=\"og:image:type\" content=\"image\/webp\" \/>\n<meta name=\"twitter:card\" content=\"summary_large_image\" \/>\n<meta name=\"twitter:label1\" content=\"Gesch\u00e4tzte Lesezeit\" \/>\n\t<meta name=\"twitter:data1\" content=\"2\u00a0Minuten\" \/>\n<script type=\"application\/ld+json\" class=\"yoast-schema-graph\">{\"@context\":\"https:\/\/schema.org\",\"@graph\":[{\"@type\":\"WebPage\",\"@id\":\"https:\/\/petproducts.com.cn\/product\/best-pet-deodorant-pet-fresh-deodorant-spray\/\",\"url\":\"https:\/\/petproducts.com.cn\/product\/best-pet-deodorant-pet-fresh-deodorant-spray\/\",\"name\":\"Best Pet Deodorant | Pet Deodorant Spray Manufacturer - Petstar - Petstar\",\"isPartOf\":{\"@id\":\"https:\/\/petproducts.com.cn\/#website\"},\"primaryImageOfPage\":{\"@id\":\"https:\/\/petproducts.com.cn\/product\/best-pet-deodorant-pet-fresh-deodorant-spray\/#primaryimage\"},\"image\":{\"@id\":\"https:\/\/petproducts.com.cn\/product\/best-pet-deodorant-pet-fresh-deodorant-spray\/#primaryimage\"},\"thumbnailUrl\":\"https:\/\/petproducts.com.cn\/wp-content\/uploads\/2024\/06\/best-pet-deodorant.webp\",\"datePublished\":\"2024-06-21T03:19:17+00:00\",\"dateModified\":\"2024-06-21T05:30:07+00:00\",\"description\":\"Explore best pet deodorant and pet fresh deodorant spray directly from the manufacturer. Your ideal business solution with Petstar.\",\"breadcrumb\":{\"@id\":\"https:\/\/petproducts.com.cn\/product\/best-pet-deodorant-pet-fresh-deodorant-spray\/#breadcrumb\"},\"inLanguage\":\"de\",\"potentialAction\":[{\"@type\":\"ReadAction\",\"target\":[\"https:\/\/petproducts.com.cn\/product\/best-pet-deodorant-pet-fresh-deodorant-spray\/\"]}]},{\"@type\":\"ImageObject\",\"inLanguage\":\"de\",\"@id\":\"https:\/\/petproducts.com.cn\/product\/best-pet-deodorant-pet-fresh-deodorant-spray\/#primaryimage\",\"url\":\"https:\/\/petproducts.com.cn\/wp-content\/uploads\/2024\/06\/best-pet-deodorant.webp\",\"contentUrl\":\"https:\/\/petproducts.com.cn\/wp-content\/uploads\/2024\/06\/best-pet-deodorant.webp\",\"width\":800,\"height\":800,\"caption\":\"best pet deodorant\"},{\"@type\":\"BreadcrumbList\",\"@id\":\"https:\/\/petproducts.com.cn\/product\/best-pet-deodorant-pet-fresh-deodorant-spray\/#breadcrumb\",\"itemListElement\":[{\"@type\":\"ListItem\",\"position\":1,\"name\":\"HOME\",\"item\":\"https:\/\/petproducts.com.cn\/\"},{\"@type\":\"ListItem\",\"position\":2,\"name\":\"Products\",\"item\":\"https:\/\/petproducts.com.cn\/shop\/\"},{\"@type\":\"ListItem\",\"position\":3,\"name\":\"Dog Grooming &amp; Cleaning Supplies\",\"item\":\"https:\/\/petproducts.com.cn\/product-category\/dog-grooming-cleaning-supplies\/\"},{\"@type\":\"ListItem\",\"position\":4,\"name\":\"Best Pet Deodorant Pet Fresh Deodorant Spray\"}]},{\"@type\":\"WebSite\",\"@id\":\"https:\/\/petproducts.com.cn\/#website\",\"url\":\"https:\/\/petproducts.com.cn\/\",\"name\":\"Petstar\",\"description\":\"Leading Pet Supplies Manufacturer &amp; OEM Pet Products Supplier\",\"publisher\":{\"@id\":\"https:\/\/petproducts.com.cn\/#organization\"},\"alternateName\":\"Petstar Pet Supplies\",\"potentialAction\":[{\"@type\":\"SearchAction\",\"target\":{\"@type\":\"EntryPoint\",\"urlTemplate\":\"https:\/\/petproducts.com.cn\/?s={search_term_string}\"},\"query-input\":{\"@type\":\"PropertyValueSpecification\",\"valueRequired\":true,\"valueName\":\"search_term_string\"}}],\"inLanguage\":\"de\"},{\"@type\":\"Organization\",\"@id\":\"https:\/\/petproducts.com.cn\/#organization\",\"name\":\"Petstar\",\"url\":\"https:\/\/petproducts.com.cn\/\",\"logo\":{\"@type\":\"ImageObject\",\"inLanguage\":\"de\",\"@id\":\"https:\/\/petproducts.com.cn\/#\/schema\/logo\/image\/\",\"url\":\"https:\/\/petproducts.com.cn\/wp-content\/uploads\/2020\/02\/petstar-logo.webp\",\"contentUrl\":\"https:\/\/petproducts.com.cn\/wp-content\/uploads\/2020\/02\/petstar-logo.webp\",\"width\":779,\"height\":520,\"caption\":\"Petstar\"},\"image\":{\"@id\":\"https:\/\/petproducts.com.cn\/#\/schema\/logo\/image\/\"}}]}<\/script>\n<!-- \/ Yoast SEO plugin. -->","yoast_head_json":{"title":"Beste Haustier Deodorant | Haustier Deodorant Spray Hersteller - Petstar - Petstar","description":"Entdecken Sie das beste Deodorant f\u00fcr Haustiere und das beste Deospray f\u00fcr frische Haustiere direkt vom Hersteller. Ihre ideale Gesch\u00e4ftsl\u00f6sung mit Petstar.","robots":{"index":"index","follow":"follow","max-snippet":"max-snippet:-1","max-image-preview":"max-image-preview:large","max-video-preview":"max-video-preview:-1"},"canonical":"https:\/\/petproducts.com.cn\/de\/produkt\/best-pet-deodorant-pet-fresh-deodorant-spray\/","og_locale":"de_DE","og_type":"article","og_title":"Best Pet Deodorant | Pet Deodorant Spray Manufacturer - Petstar - Petstar","og_description":"Explore best pet deodorant and pet fresh deodorant spray directly from the manufacturer. Your ideal business solution with Petstar.","og_url":"https:\/\/petproducts.com.cn\/de\/produkt\/best-pet-deodorant-pet-fresh-deodorant-spray\/","og_site_name":"Petstar","article_modified_time":"2024-06-21T05:30:07+00:00","og_image":[{"width":800,"height":800,"url":"https:\/\/petproducts.com.cn\/wp-content\/uploads\/2024\/06\/best-pet-deodorant.webp","type":"image\/webp"}],"twitter_card":"summary_large_image","twitter_misc":{"Gesch\u00e4tzte Lesezeit":"2\u00a0Minuten"},"schema":{"@context":"https:\/\/schema.org","@graph":[{"@type":"WebPage","@id":"https:\/\/petproducts.com.cn\/product\/best-pet-deodorant-pet-fresh-deodorant-spray\/","url":"https:\/\/petproducts.com.cn\/product\/best-pet-deodorant-pet-fresh-deodorant-spray\/","name":"Beste Haustier Deodorant | Haustier Deodorant Spray Hersteller - Petstar - Petstar","isPartOf":{"@id":"https:\/\/petproducts.com.cn\/#website"},"primaryImageOfPage":{"@id":"https:\/\/petproducts.com.cn\/product\/best-pet-deodorant-pet-fresh-deodorant-spray\/#primaryimage"},"image":{"@id":"https:\/\/petproducts.com.cn\/product\/best-pet-deodorant-pet-fresh-deodorant-spray\/#primaryimage"},"thumbnailUrl":"https:\/\/petproducts.com.cn\/wp-content\/uploads\/2024\/06\/best-pet-deodorant.webp","datePublished":"2024-06-21T03:19:17+00:00","dateModified":"2024-06-21T05:30:07+00:00","description":"Entdecken Sie das beste Deodorant f\u00fcr Haustiere und das beste Deospray f\u00fcr frische Haustiere direkt vom Hersteller. Ihre ideale Gesch\u00e4ftsl\u00f6sung mit Petstar.","breadcrumb":{"@id":"https:\/\/petproducts.com.cn\/product\/best-pet-deodorant-pet-fresh-deodorant-spray\/#breadcrumb"},"inLanguage":"de","potentialAction":[{"@type":"ReadAction","target":["https:\/\/petproducts.com.cn\/product\/best-pet-deodorant-pet-fresh-deodorant-spray\/"]}]},{"@type":"ImageObject","inLanguage":"de","@id":"https:\/\/petproducts.com.cn\/product\/best-pet-deodorant-pet-fresh-deodorant-spray\/#primaryimage","url":"https:\/\/petproducts.com.cn\/wp-content\/uploads\/2024\/06\/best-pet-deodorant.webp","contentUrl":"https:\/\/petproducts.com.cn\/wp-content\/uploads\/2024\/06\/best-pet-deodorant.webp","width":800,"height":800,"caption":"best pet deodorant"},{"@type":"BreadcrumbList","@id":"https:\/\/petproducts.com.cn\/product\/best-pet-deodorant-pet-fresh-deodorant-spray\/#breadcrumb","itemListElement":[{"@type":"ListItem","position":1,"name":"HOME","item":"https:\/\/petproducts.com.cn\/"},{"@type":"ListItem","position":2,"name":"Products","item":"https:\/\/petproducts.com.cn\/shop\/"},{"@type":"ListItem","position":3,"name":"Dog Grooming &amp; Cleaning Supplies","item":"https:\/\/petproducts.com.cn\/product-category\/dog-grooming-cleaning-supplies\/"},{"@type":"ListItem","position":4,"name":"Best Pet Deodorant Pet Fresh Deodorant Spray"}]},{"@type":"WebSite","@id":"https:\/\/petproducts.com.cn\/#website","url":"https:\/\/petproducts.com.cn\/","name":"Petstar","description":"F\u00fchrender Hersteller von Heimtierbedarf und OEM-Lieferant von Heimtierprodukten","publisher":{"@id":"https:\/\/petproducts.com.cn\/#organization"},"alternateName":"Petstar Pet Supplies","potentialAction":[{"@type":"SearchAction","target":{"@type":"EntryPoint","urlTemplate":"https:\/\/petproducts.com.cn\/?s={search_term_string}"},"query-input":{"@type":"PropertyValueSpecification","valueRequired":true,"valueName":"search_term_string"}}],"inLanguage":"de"},{"@type":"Organization","@id":"https:\/\/petproducts.com.cn\/#organization","name":"Petstar","url":"https:\/\/petproducts.com.cn\/","logo":{"@type":"ImageObject","inLanguage":"de","@id":"https:\/\/petproducts.com.cn\/#\/schema\/logo\/image\/","url":"https:\/\/petproducts.com.cn\/wp-content\/uploads\/2020\/02\/petstar-logo.webp","contentUrl":"https:\/\/petproducts.com.cn\/wp-content\/uploads\/2020\/02\/petstar-logo.webp","width":779,"height":520,"caption":"Petstar"},"image":{"@id":"https:\/\/petproducts.com.cn\/#\/schema\/logo\/image\/"}}]}},"_links":{"self":[{"href":"https:\/\/petproducts.com.cn\/de\/wp-json\/wp\/v2\/product\/25331","targetHints":{"allow":["GET"]}}],"collection":[{"href":"https:\/\/petproducts.com.cn\/de\/wp-json\/wp\/v2\/product"}],"about":[{"href":"https:\/\/petproducts.com.cn\/de\/wp-json\/wp\/v2\/types\/product"}],"version-history":[{"count":2,"href":"https:\/\/petproducts.com.cn\/de\/wp-json\/wp\/v2\/product\/25331\/revisions"}],"predecessor-version":[{"id":25341,"href":"https:\/\/petproducts.com.cn\/de\/wp-json\/wp\/v2\/product\/25331\/revisions\/25341"}],"wp:featuredmedia":[{"embeddable":true,"href":"https:\/\/petproducts.com.cn\/de\/wp-json\/wp\/v2\/media\/25335"}],"wp:attachment":[{"href":"https:\/\/petproducts.com.cn\/de\/wp-json\/wp\/v2\/media?parent=25331"}],"wp:term":[{"taxonomy":"product_brand","embeddable":true,"href":"https:\/\/petproducts.com.cn\/de\/wp-json\/wp\/v2\/product_brand?post=25331"},{"taxonomy":"product_cat","embeddable":true,"href":"https:\/\/petproducts.com.cn\/de\/wp-json\/wp\/v2\/product_cat?post=25331"},{"taxonomy":"product_tag","embeddable":true,"href":"https:\/\/petproducts.com.cn\/de\/wp-json\/wp\/v2\/product_tag?post=25331"}],"curies":[{"name":"wp","href":"https:\/\/api.w.org\/{rel}","templated":true}]}}