{"id":25407,"date":"2024-06-22T07:11:24","date_gmt":"2024-06-22T07:11:24","guid":{"rendered":"https:\/\/petproducts.com.cn\/?post_type=product&#038;p=25407"},"modified":"2024-06-22T07:32:50","modified_gmt":"2024-06-22T07:32:50","slug":"pet-dishwashing-detergent-dog-safe-detergent","status":"publish","type":"product","link":"https:\/\/petproducts.com.cn\/de\/product\/pet-dishwashing-detergent-dog-safe-detergent\/","title":{"rendered":"Haustier-Geschirrsp\u00fclmittel Hundesicheres Waschmittel"},"content":{"rendered":"<h2><strong>Eigenschaften von Haustiergeschirrsp\u00fclmittel<\/strong><\/h2>\n<ul>\n<li><strong>Effektive R\u00fcckstandsentfernung<\/strong> Sie werden feststellen, dass unser Sp\u00fclmittel f\u00fcr Haustiere alle Arten von R\u00fcckst\u00e4nden hochwirksam entfernt. Egal, ob es sich um Essensreste, Fett oder Schmutz handelt, dieses Sp\u00fclmittel sorgt daf\u00fcr, dass das Geschirr Ihres Haustieres makellos ist. Durch die gr\u00fcndliche Reinigung wird die Ansammlung sch\u00e4dlicher Bakterien verhindert.<\/li>\n<li><strong>Sichere und ungiftige Formel<\/strong> Cuencos de cer\u00e1mica para perros<\/li>\n<li><strong>Antibakterielle Eigenschaften<\/strong> Sie werden von den starken antibakteriellen Eigenschaften unseres Hundesp\u00fclmittels profitieren. Es t\u00f6tet effektiv Bakterien und Keime ab, die sich auf dem Geschirr von Haustieren befinden k\u00f6nnen, und f\u00f6rdert so ein ges\u00fcnderes Essumfeld. Diese Eigenschaft ist besonders wichtig f\u00fcr das allgemeine Wohlbefinden Ihres Haustieres.<\/li>\n<li><strong>Geruchsneutralisierung<\/strong> Sie werden feststellen, dass unser Geschirrsp\u00fclmittel f\u00fcr Hunde auch bei der Geruchsneutralisierung hervorragend abschneidet. Es entfernt unangenehme Ger\u00fcche aus dem Geschirr und hinterl\u00e4sst es frisch und sauber. Diese Eigenschaft verbessert das Esserlebnis f\u00fcr Ihr Haustier und sorgt f\u00fcr einen angenehmen Geruch in Ihrem Zuhause.<\/li>\n<li><strong>Einfach zu benutzen<\/strong> Unser Geschirrsp\u00fclmittel f\u00fcr Haustiere ist einfach zu verwenden. Das praktische Flaschendesign erm\u00f6glicht ein pr\u00e4zises Ausgie\u00dfen und stellt sicher, dass Sie jedes Mal die richtige Menge verwenden. Die Formel ist selbst bei einer kleinen Menge wirksam und macht das Geschirrsp\u00fclen zu einem Kinderspiel.<\/li>\n<\/ul>","protected":false},"excerpt":{"rendered":"<p>Wir sind Hersteller von Haustierb\u00fcrsten mit mehr als 20 Jahren Erfahrung. Wir bieten Anpassungsm\u00f6glichkeiten f\u00fcr Farbe, Gr\u00f6\u00dfe, Stoff, Muster, Logo und andere Merkmale.<\/p>","protected":false},"featured_media":25413,"template":"","meta":{"_acf_changed":false},"product_brand":[],"product_cat":[137,71,136,72],"product_tag":[139,140],"class_list":{"0":"post-25407","1":"product","2":"type-product","3":"status-publish","4":"has-post-thumbnail","6":"product_cat-cat-grooming-cleaning-supplies","7":"product_cat-cat-supplies","8":"product_cat-dog-grooming-cleaning-supplies","9":"product_cat-dog-supplies","10":"product_tag-cat-grooming-cleaning-supplies","11":"product_tag-dog-grooming-cleaning-supplies","13":"first","14":"instock","15":"shipping-taxable","16":"product-type-simple"},"acf":[],"yoast_head":"<!-- This site is optimized with the Yoast SEO plugin v27.1.1 - https:\/\/yoast.com\/product\/yoast-seo-wordpress\/ -->\n<title>Pet Dishwashing Detergent | Dog Safe Detergent Manufacturer - Petstar - Petstar<\/title>\n<meta name=\"description\" content=\"Explore pet dishwashing detergent, dog safe detergent, dog detergent directly from the manufacturer. Your ideal business solution with Petstar.\" \/>\n<meta name=\"robots\" content=\"index, follow, max-snippet:-1, max-image-preview:large, max-video-preview:-1\" \/>\n<link rel=\"canonical\" href=\"https:\/\/petproducts.com.cn\/de\/produkt\/pet-dishwashing-detergent-dog-safe-detergent\/\" \/>\n<meta property=\"og:locale\" content=\"de_DE\" \/>\n<meta property=\"og:type\" content=\"article\" \/>\n<meta property=\"og:title\" content=\"Pet Dishwashing Detergent | Dog Safe Detergent Manufacturer - Petstar - Petstar\" \/>\n<meta property=\"og:description\" content=\"Explore pet dishwashing detergent, dog safe detergent, dog detergent directly from the manufacturer. Your ideal business solution with Petstar.\" \/>\n<meta property=\"og:url\" content=\"https:\/\/petproducts.com.cn\/de\/produkt\/pet-dishwashing-detergent-dog-safe-detergent\/\" \/>\n<meta property=\"og:site_name\" content=\"Petstar\" \/>\n<meta property=\"article:modified_time\" content=\"2024-06-22T07:32:50+00:00\" \/>\n<meta property=\"og:image\" content=\"https:\/\/petproducts.com.cn\/wp-content\/uploads\/2024\/06\/pet-dishwashing-detergent.webp\" \/>\n\t<meta property=\"og:image:width\" content=\"800\" \/>\n\t<meta property=\"og:image:height\" content=\"800\" \/>\n\t<meta property=\"og:image:type\" content=\"image\/webp\" \/>\n<meta name=\"twitter:card\" content=\"summary_large_image\" \/>\n<meta name=\"twitter:label1\" content=\"Gesch\u00e4tzte Lesezeit\" \/>\n\t<meta name=\"twitter:data1\" content=\"2\u00a0Minuten\" \/>\n<script type=\"application\/ld+json\" class=\"yoast-schema-graph\">{\"@context\":\"https:\/\/schema.org\",\"@graph\":[{\"@type\":\"WebPage\",\"@id\":\"https:\/\/petproducts.com.cn\/product\/pet-dishwashing-detergent-dog-safe-detergent\/\",\"url\":\"https:\/\/petproducts.com.cn\/product\/pet-dishwashing-detergent-dog-safe-detergent\/\",\"name\":\"Pet Dishwashing Detergent | Dog Safe Detergent Manufacturer - Petstar - Petstar\",\"isPartOf\":{\"@id\":\"https:\/\/petproducts.com.cn\/#website\"},\"primaryImageOfPage\":{\"@id\":\"https:\/\/petproducts.com.cn\/product\/pet-dishwashing-detergent-dog-safe-detergent\/#primaryimage\"},\"image\":{\"@id\":\"https:\/\/petproducts.com.cn\/product\/pet-dishwashing-detergent-dog-safe-detergent\/#primaryimage\"},\"thumbnailUrl\":\"https:\/\/petproducts.com.cn\/wp-content\/uploads\/2024\/06\/pet-dishwashing-detergent.webp\",\"datePublished\":\"2024-06-22T07:11:24+00:00\",\"dateModified\":\"2024-06-22T07:32:50+00:00\",\"description\":\"Explore pet dishwashing detergent, dog safe detergent, dog detergent directly from the manufacturer. Your ideal business solution with Petstar.\",\"breadcrumb\":{\"@id\":\"https:\/\/petproducts.com.cn\/product\/pet-dishwashing-detergent-dog-safe-detergent\/#breadcrumb\"},\"inLanguage\":\"de\",\"potentialAction\":[{\"@type\":\"ReadAction\",\"target\":[\"https:\/\/petproducts.com.cn\/product\/pet-dishwashing-detergent-dog-safe-detergent\/\"]}]},{\"@type\":\"ImageObject\",\"inLanguage\":\"de\",\"@id\":\"https:\/\/petproducts.com.cn\/product\/pet-dishwashing-detergent-dog-safe-detergent\/#primaryimage\",\"url\":\"https:\/\/petproducts.com.cn\/wp-content\/uploads\/2024\/06\/pet-dishwashing-detergent.webp\",\"contentUrl\":\"https:\/\/petproducts.com.cn\/wp-content\/uploads\/2024\/06\/pet-dishwashing-detergent.webp\",\"width\":800,\"height\":800,\"caption\":\"pet dishwashing detergent\"},{\"@type\":\"BreadcrumbList\",\"@id\":\"https:\/\/petproducts.com.cn\/product\/pet-dishwashing-detergent-dog-safe-detergent\/#breadcrumb\",\"itemListElement\":[{\"@type\":\"ListItem\",\"position\":1,\"name\":\"HOME\",\"item\":\"https:\/\/petproducts.com.cn\/\"},{\"@type\":\"ListItem\",\"position\":2,\"name\":\"Products\",\"item\":\"https:\/\/petproducts.com.cn\/shop\/\"},{\"@type\":\"ListItem\",\"position\":3,\"name\":\"Dog Grooming &amp; Cleaning Supplies\",\"item\":\"https:\/\/petproducts.com.cn\/product-category\/dog-grooming-cleaning-supplies\/\"},{\"@type\":\"ListItem\",\"position\":4,\"name\":\"Pet Dishwashing Detergent Dog Safe Detergent\"}]},{\"@type\":\"WebSite\",\"@id\":\"https:\/\/petproducts.com.cn\/#website\",\"url\":\"https:\/\/petproducts.com.cn\/\",\"name\":\"Petstar\",\"description\":\"Leading Pet Supplies Manufacturer &amp; OEM Pet Products Supplier\",\"publisher\":{\"@id\":\"https:\/\/petproducts.com.cn\/#organization\"},\"alternateName\":\"Petstar Pet Supplies\",\"potentialAction\":[{\"@type\":\"SearchAction\",\"target\":{\"@type\":\"EntryPoint\",\"urlTemplate\":\"https:\/\/petproducts.com.cn\/?s={search_term_string}\"},\"query-input\":{\"@type\":\"PropertyValueSpecification\",\"valueRequired\":true,\"valueName\":\"search_term_string\"}}],\"inLanguage\":\"de\"},{\"@type\":\"Organization\",\"@id\":\"https:\/\/petproducts.com.cn\/#organization\",\"name\":\"Petstar\",\"url\":\"https:\/\/petproducts.com.cn\/\",\"logo\":{\"@type\":\"ImageObject\",\"inLanguage\":\"de\",\"@id\":\"https:\/\/petproducts.com.cn\/#\/schema\/logo\/image\/\",\"url\":\"https:\/\/petproducts.com.cn\/wp-content\/uploads\/2020\/02\/petstar-logo.webp\",\"contentUrl\":\"https:\/\/petproducts.com.cn\/wp-content\/uploads\/2020\/02\/petstar-logo.webp\",\"width\":779,\"height\":520,\"caption\":\"Petstar\"},\"image\":{\"@id\":\"https:\/\/petproducts.com.cn\/#\/schema\/logo\/image\/\"}}]}<\/script>\n<!-- \/ Yoast SEO plugin. -->","yoast_head_json":{"title":"Geschirrsp\u00fclmittel f\u00fcr Haustiere | Hersteller von hundesicherem Reinigungsmittel - Petstar - Petstar","description":"Entdecken Sie Tiergeschirrsp\u00fclmittel, hundesicheres Waschmittel, Hundewaschmittel direkt vom Hersteller. Ihre ideale Gesch\u00e4ftsl\u00f6sung mit Petstar.","robots":{"index":"index","follow":"follow","max-snippet":"max-snippet:-1","max-image-preview":"max-image-preview:large","max-video-preview":"max-video-preview:-1"},"canonical":"https:\/\/petproducts.com.cn\/de\/produkt\/pet-dishwashing-detergent-dog-safe-detergent\/","og_locale":"de_DE","og_type":"article","og_title":"Pet Dishwashing Detergent | Dog Safe Detergent Manufacturer - Petstar - Petstar","og_description":"Explore pet dishwashing detergent, dog safe detergent, dog detergent directly from the manufacturer. Your ideal business solution with Petstar.","og_url":"https:\/\/petproducts.com.cn\/de\/produkt\/pet-dishwashing-detergent-dog-safe-detergent\/","og_site_name":"Petstar","article_modified_time":"2024-06-22T07:32:50+00:00","og_image":[{"width":800,"height":800,"url":"https:\/\/petproducts.com.cn\/wp-content\/uploads\/2024\/06\/pet-dishwashing-detergent.webp","type":"image\/webp"}],"twitter_card":"summary_large_image","twitter_misc":{"Gesch\u00e4tzte Lesezeit":"2\u00a0Minuten"},"schema":{"@context":"https:\/\/schema.org","@graph":[{"@type":"WebPage","@id":"https:\/\/petproducts.com.cn\/product\/pet-dishwashing-detergent-dog-safe-detergent\/","url":"https:\/\/petproducts.com.cn\/product\/pet-dishwashing-detergent-dog-safe-detergent\/","name":"Geschirrsp\u00fclmittel f\u00fcr Haustiere | Hersteller von hundesicherem Reinigungsmittel - Petstar - Petstar","isPartOf":{"@id":"https:\/\/petproducts.com.cn\/#website"},"primaryImageOfPage":{"@id":"https:\/\/petproducts.com.cn\/product\/pet-dishwashing-detergent-dog-safe-detergent\/#primaryimage"},"image":{"@id":"https:\/\/petproducts.com.cn\/product\/pet-dishwashing-detergent-dog-safe-detergent\/#primaryimage"},"thumbnailUrl":"https:\/\/petproducts.com.cn\/wp-content\/uploads\/2024\/06\/pet-dishwashing-detergent.webp","datePublished":"2024-06-22T07:11:24+00:00","dateModified":"2024-06-22T07:32:50+00:00","description":"Entdecken Sie Tiergeschirrsp\u00fclmittel, hundesicheres Waschmittel, Hundewaschmittel direkt vom Hersteller. Ihre ideale Gesch\u00e4ftsl\u00f6sung mit Petstar.","breadcrumb":{"@id":"https:\/\/petproducts.com.cn\/product\/pet-dishwashing-detergent-dog-safe-detergent\/#breadcrumb"},"inLanguage":"de","potentialAction":[{"@type":"ReadAction","target":["https:\/\/petproducts.com.cn\/product\/pet-dishwashing-detergent-dog-safe-detergent\/"]}]},{"@type":"ImageObject","inLanguage":"de","@id":"https:\/\/petproducts.com.cn\/product\/pet-dishwashing-detergent-dog-safe-detergent\/#primaryimage","url":"https:\/\/petproducts.com.cn\/wp-content\/uploads\/2024\/06\/pet-dishwashing-detergent.webp","contentUrl":"https:\/\/petproducts.com.cn\/wp-content\/uploads\/2024\/06\/pet-dishwashing-detergent.webp","width":800,"height":800,"caption":"pet dishwashing detergent"},{"@type":"BreadcrumbList","@id":"https:\/\/petproducts.com.cn\/product\/pet-dishwashing-detergent-dog-safe-detergent\/#breadcrumb","itemListElement":[{"@type":"ListItem","position":1,"name":"HOME","item":"https:\/\/petproducts.com.cn\/"},{"@type":"ListItem","position":2,"name":"Products","item":"https:\/\/petproducts.com.cn\/shop\/"},{"@type":"ListItem","position":3,"name":"Dog Grooming &amp; Cleaning Supplies","item":"https:\/\/petproducts.com.cn\/product-category\/dog-grooming-cleaning-supplies\/"},{"@type":"ListItem","position":4,"name":"Pet Dishwashing Detergent Dog Safe Detergent"}]},{"@type":"WebSite","@id":"https:\/\/petproducts.com.cn\/#website","url":"https:\/\/petproducts.com.cn\/","name":"Petstar","description":"F\u00fchrender Hersteller von Heimtierbedarf und OEM-Lieferant von Heimtierprodukten","publisher":{"@id":"https:\/\/petproducts.com.cn\/#organization"},"alternateName":"Petstar Pet Supplies","potentialAction":[{"@type":"SearchAction","target":{"@type":"EntryPoint","urlTemplate":"https:\/\/petproducts.com.cn\/?s={search_term_string}"},"query-input":{"@type":"PropertyValueSpecification","valueRequired":true,"valueName":"search_term_string"}}],"inLanguage":"de"},{"@type":"Organization","@id":"https:\/\/petproducts.com.cn\/#organization","name":"Petstar","url":"https:\/\/petproducts.com.cn\/","logo":{"@type":"ImageObject","inLanguage":"de","@id":"https:\/\/petproducts.com.cn\/#\/schema\/logo\/image\/","url":"https:\/\/petproducts.com.cn\/wp-content\/uploads\/2020\/02\/petstar-logo.webp","contentUrl":"https:\/\/petproducts.com.cn\/wp-content\/uploads\/2020\/02\/petstar-logo.webp","width":779,"height":520,"caption":"Petstar"},"image":{"@id":"https:\/\/petproducts.com.cn\/#\/schema\/logo\/image\/"}}]}},"_links":{"self":[{"href":"https:\/\/petproducts.com.cn\/de\/wp-json\/wp\/v2\/product\/25407","targetHints":{"allow":["GET"]}}],"collection":[{"href":"https:\/\/petproducts.com.cn\/de\/wp-json\/wp\/v2\/product"}],"about":[{"href":"https:\/\/petproducts.com.cn\/de\/wp-json\/wp\/v2\/types\/product"}],"version-history":[{"count":1,"href":"https:\/\/petproducts.com.cn\/de\/wp-json\/wp\/v2\/product\/25407\/revisions"}],"predecessor-version":[{"id":25408,"href":"https:\/\/petproducts.com.cn\/de\/wp-json\/wp\/v2\/product\/25407\/revisions\/25408"}],"wp:featuredmedia":[{"embeddable":true,"href":"https:\/\/petproducts.com.cn\/de\/wp-json\/wp\/v2\/media\/25413"}],"wp:attachment":[{"href":"https:\/\/petproducts.com.cn\/de\/wp-json\/wp\/v2\/media?parent=25407"}],"wp:term":[{"taxonomy":"product_brand","embeddable":true,"href":"https:\/\/petproducts.com.cn\/de\/wp-json\/wp\/v2\/product_brand?post=25407"},{"taxonomy":"product_cat","embeddable":true,"href":"https:\/\/petproducts.com.cn\/de\/wp-json\/wp\/v2\/product_cat?post=25407"},{"taxonomy":"product_tag","embeddable":true,"href":"https:\/\/petproducts.com.cn\/de\/wp-json\/wp\/v2\/product_tag?post=25407"}],"curies":[{"name":"wp","href":"https:\/\/api.w.org\/{rel}","templated":true}]}}