{"id":25458,"date":"2024-06-24T03:11:35","date_gmt":"2024-06-24T03:11:35","guid":{"rendered":"https:\/\/petproducts.com.cn\/?post_type=product&#038;p=25458"},"modified":"2024-06-24T05:05:44","modified_gmt":"2024-06-24T05:05:44","slug":"pet-ear-wipes-dog-cat-ear-cleaning-wipes","status":"publish","type":"product","link":"https:\/\/petproducts.com.cn\/de\/product\/pet-ear-wipes-dog-cat-ear-cleaning-wipes\/","title":{"rendered":"Ohrent\u00fccher f\u00fcr Haustiere Ohrreinigungst\u00fccher f\u00fcr Hunde und Katzen"},"content":{"rendered":"<h2><strong>Eigenschaften von Pet Ear Wipes <\/strong><\/h2>\n<ul>\n<li><strong>Alkoholfreie Formel<\/strong>: Unsere Ohrent\u00fccher f\u00fcr Haustiere sind alkoholfrei und gew\u00e4hrleisten eine sanfte und nicht reizende Reinigung. Sie k\u00f6nnen sie getrost f\u00fcr den empfindlichen Ohrbereich Ihres Haustieres verwenden, ohne dass sie Unbehagen oder Trockenheit verursachen.<\/li>\n<li><strong>Weicher Vliesstoff<\/strong>: Diese T\u00fccher aus weichem Vliesstoff sind sowohl sanft als auch effektiv. Sie bieten eine sanfte Reinigung und entfernen Schmutz und Wachs, ohne die empfindliche Haut Ihres Haustieres zu reiben.<\/li>\n<li><strong>Biologisch abbaubar und umweltvertr\u00e4glich<\/strong>: Diese T\u00fccher sind biologisch abbaubar und damit eine umweltbewusste Wahl. Sie k\u00f6nnen die Ohren Ihres Haustieres sauber halten und gleichzeitig Ihren Teil zum Schutz unseres Planeten beitragen.<\/li>\n<li><strong>Wirksame Sterilisation<\/strong>: Diese T\u00fccher wurden f\u00fcr eine wirksame Sterilisation entwickelt und helfen, Bakterien und Keime in den Ohren Ihres Haustiers zu beseitigen. Die regelm\u00e4\u00dfige Anwendung kann Infektionen verhindern und die Gesundheit der Ohren Ihrer pelzigen Freunde f\u00f6rdern.<\/li>\n<li><strong>Leistungsstarke Desodorierung<\/strong>: Mit ihren stark desodorierenden Eigenschaften neutralisieren diese T\u00fccher unangenehme Ger\u00fcche in den Ohren Ihres Haustiers. Ihr Haustier wird frisch riechende Ohren haben, was seine allgemeine Hygiene und seinen Komfort verbessert.<\/li>\n<li><strong>Ideal f\u00fcr Hunde und Katzen<\/strong>: Diese T\u00fccher sind sowohl f\u00fcr Hunde als auch f\u00fcr Katzen geeignet und sind vielseitig und praktisch. Sie erf\u00fcllen die spezifischen Bed\u00fcrfnisse der verschiedenen Haustiere bei der Ohrenreinigung und sind daher ein Muss f\u00fcr jeden Haustierhaushalt.<\/li>\n<li><strong>Einfache und bequeme Handhabung<\/strong>: Diese T\u00fccher sind einfach zu benutzen und reinigen die Ohren schnell und effektiv. Halten Sie eine Packung zu Hause griffbereit oder nehmen Sie sie mit auf Reisen, damit die Ohren Ihres Haustieres sauber und gesund bleiben, egal wohin Sie gehen.<\/li>\n<li><strong>Sichere und ungiftige Inhaltsstoffe<\/strong>: Diese T\u00fccher sind mit sicheren und ungiftigen Inhaltsstoffen formuliert und sanft genug f\u00fcr den regelm\u00e4\u00dfigen Gebrauch. Sie k\u00f6nnen sie mit ruhigem Gewissen verwenden, da sie frei von sch\u00e4dlichen Chemikalien sind.<\/li>\n<li><strong>Gro\u00dfer Wert Pack<\/strong>: Unsere Ohrent\u00fccher werden in einer gro\u00dfz\u00fcgigen Packung geliefert und bieten ein hervorragendes Preis-Leistungs-Verh\u00e4ltnis. Sie haben gen\u00fcgend T\u00fccher, um die Ohren Ihres Haustieres \u00fcber einen l\u00e4ngeren Zeitraum sauber und gesund zu halten.<\/li>\n<\/ul>","protected":false},"excerpt":{"rendered":"<p>Wir sind Hersteller von Haustierb\u00fcrsten mit mehr als 20 Jahren Erfahrung. Wir bieten Anpassungsm\u00f6glichkeiten f\u00fcr Farbe, Gr\u00f6\u00dfe, Stoff, Muster, Logo und andere Merkmale.<\/p>","protected":false},"featured_media":25465,"template":"","meta":{"_acf_changed":false},"product_brand":[],"product_cat":[137,71,136,72],"product_tag":[139,140],"class_list":{"0":"post-25458","1":"product","2":"type-product","3":"status-publish","4":"has-post-thumbnail","6":"product_cat-cat-grooming-cleaning-supplies","7":"product_cat-cat-supplies","8":"product_cat-dog-grooming-cleaning-supplies","9":"product_cat-dog-supplies","10":"product_tag-cat-grooming-cleaning-supplies","11":"product_tag-dog-grooming-cleaning-supplies","13":"first","14":"instock","15":"shipping-taxable","16":"product-type-simple"},"acf":[],"yoast_head":"<!-- This site is optimized with the Yoast SEO plugin v27.1.1 - https:\/\/yoast.com\/product\/yoast-seo-wordpress\/ -->\n<title>Pet Ear Wipes | Cat Ear Cleaning Wipes Manufacturer - Petstar - Petstar<\/title>\n<meta name=\"description\" content=\"Explore pet ear wipes, dog ear wipes, and cat ear cleaning wipes directly from the manufacturer. Your ideal business solution with Petstar.\" \/>\n<meta name=\"robots\" content=\"index, follow, max-snippet:-1, max-image-preview:large, max-video-preview:-1\" \/>\n<link rel=\"canonical\" href=\"https:\/\/petproducts.com.cn\/de\/produkt\/pet-ear-wipes-dog-cat-ear-cleaning-wipes\/\" \/>\n<meta property=\"og:locale\" content=\"de_DE\" \/>\n<meta property=\"og:type\" content=\"article\" \/>\n<meta property=\"og:title\" content=\"Pet Ear Wipes | Cat Ear Cleaning Wipes Manufacturer - Petstar - Petstar\" \/>\n<meta property=\"og:description\" content=\"Explore pet ear wipes, dog ear wipes, and cat ear cleaning wipes directly from the manufacturer. Your ideal business solution with Petstar.\" \/>\n<meta property=\"og:url\" content=\"https:\/\/petproducts.com.cn\/de\/produkt\/pet-ear-wipes-dog-cat-ear-cleaning-wipes\/\" \/>\n<meta property=\"og:site_name\" content=\"Petstar\" \/>\n<meta property=\"article:modified_time\" content=\"2024-06-24T05:05:44+00:00\" \/>\n<meta property=\"og:image\" content=\"https:\/\/petproducts.com.cn\/wp-content\/uploads\/2024\/06\/pet-ear-wipes.webp\" \/>\n\t<meta property=\"og:image:width\" content=\"800\" \/>\n\t<meta property=\"og:image:height\" content=\"800\" \/>\n\t<meta property=\"og:image:type\" content=\"image\/webp\" \/>\n<meta name=\"twitter:card\" content=\"summary_large_image\" \/>\n<meta name=\"twitter:label1\" content=\"Gesch\u00e4tzte Lesezeit\" \/>\n\t<meta name=\"twitter:data1\" content=\"2\u00a0Minuten\" \/>\n<script type=\"application\/ld+json\" class=\"yoast-schema-graph\">{\"@context\":\"https:\/\/schema.org\",\"@graph\":[{\"@type\":\"WebPage\",\"@id\":\"https:\/\/petproducts.com.cn\/product\/pet-ear-wipes-dog-cat-ear-cleaning-wipes\/\",\"url\":\"https:\/\/petproducts.com.cn\/product\/pet-ear-wipes-dog-cat-ear-cleaning-wipes\/\",\"name\":\"Pet Ear Wipes | Cat Ear Cleaning Wipes Manufacturer - Petstar - Petstar\",\"isPartOf\":{\"@id\":\"https:\/\/petproducts.com.cn\/#website\"},\"primaryImageOfPage\":{\"@id\":\"https:\/\/petproducts.com.cn\/product\/pet-ear-wipes-dog-cat-ear-cleaning-wipes\/#primaryimage\"},\"image\":{\"@id\":\"https:\/\/petproducts.com.cn\/product\/pet-ear-wipes-dog-cat-ear-cleaning-wipes\/#primaryimage\"},\"thumbnailUrl\":\"https:\/\/petproducts.com.cn\/wp-content\/uploads\/2024\/06\/pet-ear-wipes.webp\",\"datePublished\":\"2024-06-24T03:11:35+00:00\",\"dateModified\":\"2024-06-24T05:05:44+00:00\",\"description\":\"Explore pet ear wipes, dog ear wipes, and cat ear cleaning wipes directly from the manufacturer. Your ideal business solution with Petstar.\",\"breadcrumb\":{\"@id\":\"https:\/\/petproducts.com.cn\/product\/pet-ear-wipes-dog-cat-ear-cleaning-wipes\/#breadcrumb\"},\"inLanguage\":\"de\",\"potentialAction\":[{\"@type\":\"ReadAction\",\"target\":[\"https:\/\/petproducts.com.cn\/product\/pet-ear-wipes-dog-cat-ear-cleaning-wipes\/\"]}]},{\"@type\":\"ImageObject\",\"inLanguage\":\"de\",\"@id\":\"https:\/\/petproducts.com.cn\/product\/pet-ear-wipes-dog-cat-ear-cleaning-wipes\/#primaryimage\",\"url\":\"https:\/\/petproducts.com.cn\/wp-content\/uploads\/2024\/06\/pet-ear-wipes.webp\",\"contentUrl\":\"https:\/\/petproducts.com.cn\/wp-content\/uploads\/2024\/06\/pet-ear-wipes.webp\",\"width\":800,\"height\":800,\"caption\":\"pet ear wipes\"},{\"@type\":\"BreadcrumbList\",\"@id\":\"https:\/\/petproducts.com.cn\/product\/pet-ear-wipes-dog-cat-ear-cleaning-wipes\/#breadcrumb\",\"itemListElement\":[{\"@type\":\"ListItem\",\"position\":1,\"name\":\"HOME\",\"item\":\"https:\/\/petproducts.com.cn\/\"},{\"@type\":\"ListItem\",\"position\":2,\"name\":\"Products\",\"item\":\"https:\/\/petproducts.com.cn\/shop\/\"},{\"@type\":\"ListItem\",\"position\":3,\"name\":\"Dog Grooming &amp; Cleaning Supplies\",\"item\":\"https:\/\/petproducts.com.cn\/product-category\/dog-grooming-cleaning-supplies\/\"},{\"@type\":\"ListItem\",\"position\":4,\"name\":\"Pet Ear Wipes Dog Cat Ear Cleaning Wipes\"}]},{\"@type\":\"WebSite\",\"@id\":\"https:\/\/petproducts.com.cn\/#website\",\"url\":\"https:\/\/petproducts.com.cn\/\",\"name\":\"Petstar\",\"description\":\"Leading Pet Supplies Manufacturer &amp; OEM Pet Products Supplier\",\"publisher\":{\"@id\":\"https:\/\/petproducts.com.cn\/#organization\"},\"alternateName\":\"Petstar Pet Supplies\",\"potentialAction\":[{\"@type\":\"SearchAction\",\"target\":{\"@type\":\"EntryPoint\",\"urlTemplate\":\"https:\/\/petproducts.com.cn\/?s={search_term_string}\"},\"query-input\":{\"@type\":\"PropertyValueSpecification\",\"valueRequired\":true,\"valueName\":\"search_term_string\"}}],\"inLanguage\":\"de\"},{\"@type\":\"Organization\",\"@id\":\"https:\/\/petproducts.com.cn\/#organization\",\"name\":\"Petstar\",\"url\":\"https:\/\/petproducts.com.cn\/\",\"logo\":{\"@type\":\"ImageObject\",\"inLanguage\":\"de\",\"@id\":\"https:\/\/petproducts.com.cn\/#\/schema\/logo\/image\/\",\"url\":\"https:\/\/petproducts.com.cn\/wp-content\/uploads\/2020\/02\/petstar-logo.webp\",\"contentUrl\":\"https:\/\/petproducts.com.cn\/wp-content\/uploads\/2020\/02\/petstar-logo.webp\",\"width\":779,\"height\":520,\"caption\":\"Petstar\"},\"image\":{\"@id\":\"https:\/\/petproducts.com.cn\/#\/schema\/logo\/image\/\"}}]}<\/script>\n<!-- \/ Yoast SEO plugin. -->","yoast_head_json":{"title":"Haustier Ohrent\u00fccher | Katze Ohr Reinigungst\u00fccher Hersteller - Petstar - Petstar","description":"Entdecken Sie Ohrent\u00fccher f\u00fcr Haustiere, Ohrent\u00fccher f\u00fcr Hunde und Ohrent\u00fccher f\u00fcr Katzen direkt vom Hersteller. Ihre ideale Gesch\u00e4ftsl\u00f6sung mit Petstar.","robots":{"index":"index","follow":"follow","max-snippet":"max-snippet:-1","max-image-preview":"max-image-preview:large","max-video-preview":"max-video-preview:-1"},"canonical":"https:\/\/petproducts.com.cn\/de\/produkt\/pet-ear-wipes-dog-cat-ear-cleaning-wipes\/","og_locale":"de_DE","og_type":"article","og_title":"Pet Ear Wipes | Cat Ear Cleaning Wipes Manufacturer - Petstar - Petstar","og_description":"Explore pet ear wipes, dog ear wipes, and cat ear cleaning wipes directly from the manufacturer. Your ideal business solution with Petstar.","og_url":"https:\/\/petproducts.com.cn\/de\/produkt\/pet-ear-wipes-dog-cat-ear-cleaning-wipes\/","og_site_name":"Petstar","article_modified_time":"2024-06-24T05:05:44+00:00","og_image":[{"width":800,"height":800,"url":"https:\/\/petproducts.com.cn\/wp-content\/uploads\/2024\/06\/pet-ear-wipes.webp","type":"image\/webp"}],"twitter_card":"summary_large_image","twitter_misc":{"Gesch\u00e4tzte Lesezeit":"2\u00a0Minuten"},"schema":{"@context":"https:\/\/schema.org","@graph":[{"@type":"WebPage","@id":"https:\/\/petproducts.com.cn\/product\/pet-ear-wipes-dog-cat-ear-cleaning-wipes\/","url":"https:\/\/petproducts.com.cn\/product\/pet-ear-wipes-dog-cat-ear-cleaning-wipes\/","name":"Haustier Ohrent\u00fccher | Katze Ohr Reinigungst\u00fccher Hersteller - Petstar - Petstar","isPartOf":{"@id":"https:\/\/petproducts.com.cn\/#website"},"primaryImageOfPage":{"@id":"https:\/\/petproducts.com.cn\/product\/pet-ear-wipes-dog-cat-ear-cleaning-wipes\/#primaryimage"},"image":{"@id":"https:\/\/petproducts.com.cn\/product\/pet-ear-wipes-dog-cat-ear-cleaning-wipes\/#primaryimage"},"thumbnailUrl":"https:\/\/petproducts.com.cn\/wp-content\/uploads\/2024\/06\/pet-ear-wipes.webp","datePublished":"2024-06-24T03:11:35+00:00","dateModified":"2024-06-24T05:05:44+00:00","description":"Entdecken Sie Ohrent\u00fccher f\u00fcr Haustiere, Ohrent\u00fccher f\u00fcr Hunde und Ohrent\u00fccher f\u00fcr Katzen direkt vom Hersteller. Ihre ideale Gesch\u00e4ftsl\u00f6sung mit Petstar.","breadcrumb":{"@id":"https:\/\/petproducts.com.cn\/product\/pet-ear-wipes-dog-cat-ear-cleaning-wipes\/#breadcrumb"},"inLanguage":"de","potentialAction":[{"@type":"ReadAction","target":["https:\/\/petproducts.com.cn\/product\/pet-ear-wipes-dog-cat-ear-cleaning-wipes\/"]}]},{"@type":"ImageObject","inLanguage":"de","@id":"https:\/\/petproducts.com.cn\/product\/pet-ear-wipes-dog-cat-ear-cleaning-wipes\/#primaryimage","url":"https:\/\/petproducts.com.cn\/wp-content\/uploads\/2024\/06\/pet-ear-wipes.webp","contentUrl":"https:\/\/petproducts.com.cn\/wp-content\/uploads\/2024\/06\/pet-ear-wipes.webp","width":800,"height":800,"caption":"pet ear wipes"},{"@type":"BreadcrumbList","@id":"https:\/\/petproducts.com.cn\/product\/pet-ear-wipes-dog-cat-ear-cleaning-wipes\/#breadcrumb","itemListElement":[{"@type":"ListItem","position":1,"name":"HOME","item":"https:\/\/petproducts.com.cn\/"},{"@type":"ListItem","position":2,"name":"Products","item":"https:\/\/petproducts.com.cn\/shop\/"},{"@type":"ListItem","position":3,"name":"Dog Grooming &amp; Cleaning Supplies","item":"https:\/\/petproducts.com.cn\/product-category\/dog-grooming-cleaning-supplies\/"},{"@type":"ListItem","position":4,"name":"Pet Ear Wipes Dog Cat Ear Cleaning Wipes"}]},{"@type":"WebSite","@id":"https:\/\/petproducts.com.cn\/#website","url":"https:\/\/petproducts.com.cn\/","name":"Petstar","description":"F\u00fchrender Hersteller von Heimtierbedarf und OEM-Lieferant von Heimtierprodukten","publisher":{"@id":"https:\/\/petproducts.com.cn\/#organization"},"alternateName":"Petstar Pet Supplies","potentialAction":[{"@type":"SearchAction","target":{"@type":"EntryPoint","urlTemplate":"https:\/\/petproducts.com.cn\/?s={search_term_string}"},"query-input":{"@type":"PropertyValueSpecification","valueRequired":true,"valueName":"search_term_string"}}],"inLanguage":"de"},{"@type":"Organization","@id":"https:\/\/petproducts.com.cn\/#organization","name":"Petstar","url":"https:\/\/petproducts.com.cn\/","logo":{"@type":"ImageObject","inLanguage":"de","@id":"https:\/\/petproducts.com.cn\/#\/schema\/logo\/image\/","url":"https:\/\/petproducts.com.cn\/wp-content\/uploads\/2020\/02\/petstar-logo.webp","contentUrl":"https:\/\/petproducts.com.cn\/wp-content\/uploads\/2020\/02\/petstar-logo.webp","width":779,"height":520,"caption":"Petstar"},"image":{"@id":"https:\/\/petproducts.com.cn\/#\/schema\/logo\/image\/"}}]}},"_links":{"self":[{"href":"https:\/\/petproducts.com.cn\/de\/wp-json\/wp\/v2\/product\/25458","targetHints":{"allow":["GET"]}}],"collection":[{"href":"https:\/\/petproducts.com.cn\/de\/wp-json\/wp\/v2\/product"}],"about":[{"href":"https:\/\/petproducts.com.cn\/de\/wp-json\/wp\/v2\/types\/product"}],"version-history":[{"count":2,"href":"https:\/\/petproducts.com.cn\/de\/wp-json\/wp\/v2\/product\/25458\/revisions"}],"predecessor-version":[{"id":25466,"href":"https:\/\/petproducts.com.cn\/de\/wp-json\/wp\/v2\/product\/25458\/revisions\/25466"}],"wp:featuredmedia":[{"embeddable":true,"href":"https:\/\/petproducts.com.cn\/de\/wp-json\/wp\/v2\/media\/25465"}],"wp:attachment":[{"href":"https:\/\/petproducts.com.cn\/de\/wp-json\/wp\/v2\/media?parent=25458"}],"wp:term":[{"taxonomy":"product_brand","embeddable":true,"href":"https:\/\/petproducts.com.cn\/de\/wp-json\/wp\/v2\/product_brand?post=25458"},{"taxonomy":"product_cat","embeddable":true,"href":"https:\/\/petproducts.com.cn\/de\/wp-json\/wp\/v2\/product_cat?post=25458"},{"taxonomy":"product_tag","embeddable":true,"href":"https:\/\/petproducts.com.cn\/de\/wp-json\/wp\/v2\/product_tag?post=25458"}],"curies":[{"name":"wp","href":"https:\/\/api.w.org\/{rel}","templated":true}]}}