{"id":25467,"date":"2024-06-24T05:07:41","date_gmt":"2024-06-24T05:07:41","guid":{"rendered":"https:\/\/petproducts.com.cn\/?post_type=product&#038;p=25467"},"modified":"2024-06-24T05:19:25","modified_gmt":"2024-06-24T05:19:25","slug":"pet-eye-wipes-best-cat-dog-eye-cleaning-wipes","status":"publish","type":"product","link":"https:\/\/petproducts.com.cn\/de\/product\/pet-eye-wipes-best-cat-dog-eye-cleaning-wipes\/","title":{"rendered":"Augent\u00fccher f\u00fcr Haustiere Beste Augenreinigungst\u00fccher f\u00fcr Katzen und Hunde"},"content":{"rendered":"<h2><strong>Eigenschaften von Pet Eye Wipes<\/strong><\/h2>\n<ul>\n<li><strong>Alkoholfreie Formel<\/strong>: Unsere Augent\u00fccher f\u00fcr Haustiere sind v\u00f6llig alkoholfrei, was eine sanfte und nicht reizende Erfahrung f\u00fcr Ihr Haustier gew\u00e4hrleistet. Sie k\u00f6nnen die Augen Ihres Haustieres beruhigt reinigen, ohne sich Sorgen zu machen, dass sie austrocknen oder unangenehm werden.<\/li>\n<li><strong>Weicher Vliesstoff<\/strong>: Diese T\u00fccher aus weichem Vliesstoff sind sanft zu der empfindlichen Augenpartie Ihres Haustiers. Sie entfernen effektiv Schmutz, Ausfluss und Tr\u00e4nenflecken, so dass die Augen Ihres Haustieres sauber und gesund bleiben.<\/li>\n<li><strong>Biologisch abbaubar und umweltvertr\u00e4glich<\/strong>: Diese T\u00fccher sind biologisch abbaubar und damit eine umweltfreundliche Wahl. Sie k\u00f6nnen die Augen Ihres Haustieres pflegen und gleichzeitig den Planeten schonen, indem Sie Ihren \u00f6kologischen Fu\u00dfabdruck verringern.<\/li>\n<li><strong>Wirksame Sterilisation<\/strong>: Diese T\u00fccher wurden f\u00fcr eine wirksame Sterilisation entwickelt und helfen, Bakterien und Keime rund um die Augen Ihres Haustiers zu beseitigen. Die regelm\u00e4\u00dfige Anwendung f\u00f6rdert die Gesundheit der Augen und beugt Infektionen vor.<\/li>\n<li><strong>Ideal f\u00fcr Katzen und Hunde<\/strong>: Diese T\u00fccher sind sowohl f\u00fcr Katzen als auch f\u00fcr Hunde geeignet, was sie vielseitig und praktisch macht. Sie sind auf die spezifischen Augenreinigungsbed\u00fcrfnisse der verschiedenen Haustiere abgestimmt und gew\u00e4hrleisten eine umfassende Pflege f\u00fcr Ihre pelzigen Freunde.<\/li>\n<li><strong>Einfache und bequeme Handhabung<\/strong>: Diese T\u00fccher sind f\u00fcr die schnelle und einfache Reinigung der Augen gedacht. Halten Sie eine Packung zu Hause griffbereit oder nehmen Sie sie mit auf Reisen, um sicherzustellen, dass die Augen Ihres Haustieres sauber und gesund bleiben, wo immer Sie sind.<\/li>\n<li><strong>Sichere und ungiftige Inhaltsstoffe<\/strong>: Diese T\u00fccher sind mit sicheren und ungiftigen Inhaltsstoffen formuliert und sanft genug f\u00fcr den regelm\u00e4\u00dfigen Gebrauch. Sie k\u00f6nnen sie mit ruhigem Gewissen verwenden, da sie frei von sch\u00e4dlichen Chemikalien sind.<\/li>\n<\/ul>","protected":false},"excerpt":{"rendered":"<p>Wir sind Hersteller von Haustierb\u00fcrsten mit mehr als 20 Jahren Erfahrung. Wir bieten Anpassungsm\u00f6glichkeiten f\u00fcr Farbe, Gr\u00f6\u00dfe, Stoff, Muster, Logo und andere Merkmale.<\/p>","protected":false},"featured_media":25475,"template":"","meta":{"_acf_changed":false},"product_brand":[],"product_cat":[137,71,136,72],"product_tag":[139,140],"class_list":{"0":"post-25467","1":"product","2":"type-product","3":"status-publish","4":"has-post-thumbnail","6":"product_cat-cat-grooming-cleaning-supplies","7":"product_cat-cat-supplies","8":"product_cat-dog-grooming-cleaning-supplies","9":"product_cat-dog-supplies","10":"product_tag-cat-grooming-cleaning-supplies","11":"product_tag-dog-grooming-cleaning-supplies","13":"first","14":"instock","15":"shipping-taxable","16":"product-type-simple"},"acf":[],"yoast_head":"<!-- This site is optimized with the Yoast SEO plugin v27.1.1 - https:\/\/yoast.com\/product\/yoast-seo-wordpress\/ -->\n<title>Pet Eye Wipes | Dog Eye Cleaning Wipes Manufacturer - Petstar - Petstar<\/title>\n<meta name=\"description\" content=\"Explore pet eye wipes, best cat eye wipes, dog eye cleaning wipes directly from the manufacturer. Your ideal business solution with Petstar.\" \/>\n<meta name=\"robots\" content=\"index, follow, max-snippet:-1, max-image-preview:large, max-video-preview:-1\" \/>\n<link rel=\"canonical\" href=\"https:\/\/petproducts.com.cn\/de\/produkt\/pet-eye-wipes-best-cat-dog-eye-cleaning-wipes\/\" \/>\n<meta property=\"og:locale\" content=\"de_DE\" \/>\n<meta property=\"og:type\" content=\"article\" \/>\n<meta property=\"og:title\" content=\"Pet Eye Wipes | Dog Eye Cleaning Wipes Manufacturer - Petstar - Petstar\" \/>\n<meta property=\"og:description\" content=\"Explore pet eye wipes, best cat eye wipes, dog eye cleaning wipes directly from the manufacturer. Your ideal business solution with Petstar.\" \/>\n<meta property=\"og:url\" content=\"https:\/\/petproducts.com.cn\/de\/produkt\/pet-eye-wipes-best-cat-dog-eye-cleaning-wipes\/\" \/>\n<meta property=\"og:site_name\" content=\"Petstar\" \/>\n<meta property=\"article:modified_time\" content=\"2024-06-24T05:19:25+00:00\" \/>\n<meta property=\"og:image\" content=\"https:\/\/petproducts.com.cn\/wp-content\/uploads\/2024\/06\/pet-eye-wipes.webp\" \/>\n\t<meta property=\"og:image:width\" content=\"800\" \/>\n\t<meta property=\"og:image:height\" content=\"800\" \/>\n\t<meta property=\"og:image:type\" content=\"image\/webp\" \/>\n<meta name=\"twitter:card\" content=\"summary_large_image\" \/>\n<meta name=\"twitter:label1\" content=\"Gesch\u00e4tzte Lesezeit\" \/>\n\t<meta name=\"twitter:data1\" content=\"2\u00a0Minuten\" \/>\n<script type=\"application\/ld+json\" class=\"yoast-schema-graph\">{\"@context\":\"https:\/\/schema.org\",\"@graph\":[{\"@type\":\"WebPage\",\"@id\":\"https:\/\/petproducts.com.cn\/product\/pet-eye-wipes-best-cat-dog-eye-cleaning-wipes\/\",\"url\":\"https:\/\/petproducts.com.cn\/product\/pet-eye-wipes-best-cat-dog-eye-cleaning-wipes\/\",\"name\":\"Pet Eye Wipes | Dog Eye Cleaning Wipes Manufacturer - Petstar - Petstar\",\"isPartOf\":{\"@id\":\"https:\/\/petproducts.com.cn\/#website\"},\"primaryImageOfPage\":{\"@id\":\"https:\/\/petproducts.com.cn\/product\/pet-eye-wipes-best-cat-dog-eye-cleaning-wipes\/#primaryimage\"},\"image\":{\"@id\":\"https:\/\/petproducts.com.cn\/product\/pet-eye-wipes-best-cat-dog-eye-cleaning-wipes\/#primaryimage\"},\"thumbnailUrl\":\"https:\/\/petproducts.com.cn\/wp-content\/uploads\/2024\/06\/pet-eye-wipes.webp\",\"datePublished\":\"2024-06-24T05:07:41+00:00\",\"dateModified\":\"2024-06-24T05:19:25+00:00\",\"description\":\"Explore pet eye wipes, best cat eye wipes, dog eye cleaning wipes directly from the manufacturer. Your ideal business solution with Petstar.\",\"breadcrumb\":{\"@id\":\"https:\/\/petproducts.com.cn\/product\/pet-eye-wipes-best-cat-dog-eye-cleaning-wipes\/#breadcrumb\"},\"inLanguage\":\"de\",\"potentialAction\":[{\"@type\":\"ReadAction\",\"target\":[\"https:\/\/petproducts.com.cn\/product\/pet-eye-wipes-best-cat-dog-eye-cleaning-wipes\/\"]}]},{\"@type\":\"ImageObject\",\"inLanguage\":\"de\",\"@id\":\"https:\/\/petproducts.com.cn\/product\/pet-eye-wipes-best-cat-dog-eye-cleaning-wipes\/#primaryimage\",\"url\":\"https:\/\/petproducts.com.cn\/wp-content\/uploads\/2024\/06\/pet-eye-wipes.webp\",\"contentUrl\":\"https:\/\/petproducts.com.cn\/wp-content\/uploads\/2024\/06\/pet-eye-wipes.webp\",\"width\":800,\"height\":800,\"caption\":\"pet eye wipes\"},{\"@type\":\"BreadcrumbList\",\"@id\":\"https:\/\/petproducts.com.cn\/product\/pet-eye-wipes-best-cat-dog-eye-cleaning-wipes\/#breadcrumb\",\"itemListElement\":[{\"@type\":\"ListItem\",\"position\":1,\"name\":\"HOME\",\"item\":\"https:\/\/petproducts.com.cn\/\"},{\"@type\":\"ListItem\",\"position\":2,\"name\":\"Products\",\"item\":\"https:\/\/petproducts.com.cn\/shop\/\"},{\"@type\":\"ListItem\",\"position\":3,\"name\":\"Dog Grooming &amp; Cleaning Supplies\",\"item\":\"https:\/\/petproducts.com.cn\/product-category\/dog-grooming-cleaning-supplies\/\"},{\"@type\":\"ListItem\",\"position\":4,\"name\":\"Pet Eye Wipes Best Cat Dog Eye Cleaning Wipes\"}]},{\"@type\":\"WebSite\",\"@id\":\"https:\/\/petproducts.com.cn\/#website\",\"url\":\"https:\/\/petproducts.com.cn\/\",\"name\":\"Petstar\",\"description\":\"Leading Pet Supplies Manufacturer &amp; OEM Pet Products Supplier\",\"publisher\":{\"@id\":\"https:\/\/petproducts.com.cn\/#organization\"},\"alternateName\":\"Petstar Pet Supplies\",\"potentialAction\":[{\"@type\":\"SearchAction\",\"target\":{\"@type\":\"EntryPoint\",\"urlTemplate\":\"https:\/\/petproducts.com.cn\/?s={search_term_string}\"},\"query-input\":{\"@type\":\"PropertyValueSpecification\",\"valueRequired\":true,\"valueName\":\"search_term_string\"}}],\"inLanguage\":\"de\"},{\"@type\":\"Organization\",\"@id\":\"https:\/\/petproducts.com.cn\/#organization\",\"name\":\"Petstar\",\"url\":\"https:\/\/petproducts.com.cn\/\",\"logo\":{\"@type\":\"ImageObject\",\"inLanguage\":\"de\",\"@id\":\"https:\/\/petproducts.com.cn\/#\/schema\/logo\/image\/\",\"url\":\"https:\/\/petproducts.com.cn\/wp-content\/uploads\/2020\/02\/petstar-logo.webp\",\"contentUrl\":\"https:\/\/petproducts.com.cn\/wp-content\/uploads\/2020\/02\/petstar-logo.webp\",\"width\":779,\"height\":520,\"caption\":\"Petstar\"},\"image\":{\"@id\":\"https:\/\/petproducts.com.cn\/#\/schema\/logo\/image\/\"}}]}<\/script>\n<!-- \/ Yoast SEO plugin. -->","yoast_head_json":{"title":"Pet Eye Wipes | Hundeaugen-Reinigungst\u00fccher Hersteller - Petstar - Petstar","description":"Entdecken Sie Augenreinigungst\u00fccher f\u00fcr Haustiere, die besten Augenreinigungst\u00fccher f\u00fcr Katzen, Augenreinigungst\u00fccher f\u00fcr Hunde direkt vom Hersteller. Ihre ideale Gesch\u00e4ftsl\u00f6sung mit Petstar.","robots":{"index":"index","follow":"follow","max-snippet":"max-snippet:-1","max-image-preview":"max-image-preview:large","max-video-preview":"max-video-preview:-1"},"canonical":"https:\/\/petproducts.com.cn\/de\/produkt\/pet-eye-wipes-best-cat-dog-eye-cleaning-wipes\/","og_locale":"de_DE","og_type":"article","og_title":"Pet Eye Wipes | Dog Eye Cleaning Wipes Manufacturer - Petstar - Petstar","og_description":"Explore pet eye wipes, best cat eye wipes, dog eye cleaning wipes directly from the manufacturer. Your ideal business solution with Petstar.","og_url":"https:\/\/petproducts.com.cn\/de\/produkt\/pet-eye-wipes-best-cat-dog-eye-cleaning-wipes\/","og_site_name":"Petstar","article_modified_time":"2024-06-24T05:19:25+00:00","og_image":[{"width":800,"height":800,"url":"https:\/\/petproducts.com.cn\/wp-content\/uploads\/2024\/06\/pet-eye-wipes.webp","type":"image\/webp"}],"twitter_card":"summary_large_image","twitter_misc":{"Gesch\u00e4tzte Lesezeit":"2\u00a0Minuten"},"schema":{"@context":"https:\/\/schema.org","@graph":[{"@type":"WebPage","@id":"https:\/\/petproducts.com.cn\/product\/pet-eye-wipes-best-cat-dog-eye-cleaning-wipes\/","url":"https:\/\/petproducts.com.cn\/product\/pet-eye-wipes-best-cat-dog-eye-cleaning-wipes\/","name":"Pet Eye Wipes | Hundeaugen-Reinigungst\u00fccher Hersteller - Petstar - Petstar","isPartOf":{"@id":"https:\/\/petproducts.com.cn\/#website"},"primaryImageOfPage":{"@id":"https:\/\/petproducts.com.cn\/product\/pet-eye-wipes-best-cat-dog-eye-cleaning-wipes\/#primaryimage"},"image":{"@id":"https:\/\/petproducts.com.cn\/product\/pet-eye-wipes-best-cat-dog-eye-cleaning-wipes\/#primaryimage"},"thumbnailUrl":"https:\/\/petproducts.com.cn\/wp-content\/uploads\/2024\/06\/pet-eye-wipes.webp","datePublished":"2024-06-24T05:07:41+00:00","dateModified":"2024-06-24T05:19:25+00:00","description":"Entdecken Sie Augenreinigungst\u00fccher f\u00fcr Haustiere, die besten Augenreinigungst\u00fccher f\u00fcr Katzen, Augenreinigungst\u00fccher f\u00fcr Hunde direkt vom Hersteller. Ihre ideale Gesch\u00e4ftsl\u00f6sung mit Petstar.","breadcrumb":{"@id":"https:\/\/petproducts.com.cn\/product\/pet-eye-wipes-best-cat-dog-eye-cleaning-wipes\/#breadcrumb"},"inLanguage":"de","potentialAction":[{"@type":"ReadAction","target":["https:\/\/petproducts.com.cn\/product\/pet-eye-wipes-best-cat-dog-eye-cleaning-wipes\/"]}]},{"@type":"ImageObject","inLanguage":"de","@id":"https:\/\/petproducts.com.cn\/product\/pet-eye-wipes-best-cat-dog-eye-cleaning-wipes\/#primaryimage","url":"https:\/\/petproducts.com.cn\/wp-content\/uploads\/2024\/06\/pet-eye-wipes.webp","contentUrl":"https:\/\/petproducts.com.cn\/wp-content\/uploads\/2024\/06\/pet-eye-wipes.webp","width":800,"height":800,"caption":"pet eye wipes"},{"@type":"BreadcrumbList","@id":"https:\/\/petproducts.com.cn\/product\/pet-eye-wipes-best-cat-dog-eye-cleaning-wipes\/#breadcrumb","itemListElement":[{"@type":"ListItem","position":1,"name":"HOME","item":"https:\/\/petproducts.com.cn\/"},{"@type":"ListItem","position":2,"name":"Products","item":"https:\/\/petproducts.com.cn\/shop\/"},{"@type":"ListItem","position":3,"name":"Dog Grooming &amp; Cleaning Supplies","item":"https:\/\/petproducts.com.cn\/product-category\/dog-grooming-cleaning-supplies\/"},{"@type":"ListItem","position":4,"name":"Pet Eye Wipes Best Cat Dog Eye Cleaning Wipes"}]},{"@type":"WebSite","@id":"https:\/\/petproducts.com.cn\/#website","url":"https:\/\/petproducts.com.cn\/","name":"Petstar","description":"F\u00fchrender Hersteller von Heimtierbedarf und OEM-Lieferant von Heimtierprodukten","publisher":{"@id":"https:\/\/petproducts.com.cn\/#organization"},"alternateName":"Petstar Pet Supplies","potentialAction":[{"@type":"SearchAction","target":{"@type":"EntryPoint","urlTemplate":"https:\/\/petproducts.com.cn\/?s={search_term_string}"},"query-input":{"@type":"PropertyValueSpecification","valueRequired":true,"valueName":"search_term_string"}}],"inLanguage":"de"},{"@type":"Organization","@id":"https:\/\/petproducts.com.cn\/#organization","name":"Petstar","url":"https:\/\/petproducts.com.cn\/","logo":{"@type":"ImageObject","inLanguage":"de","@id":"https:\/\/petproducts.com.cn\/#\/schema\/logo\/image\/","url":"https:\/\/petproducts.com.cn\/wp-content\/uploads\/2020\/02\/petstar-logo.webp","contentUrl":"https:\/\/petproducts.com.cn\/wp-content\/uploads\/2020\/02\/petstar-logo.webp","width":779,"height":520,"caption":"Petstar"},"image":{"@id":"https:\/\/petproducts.com.cn\/#\/schema\/logo\/image\/"}}]}},"_links":{"self":[{"href":"https:\/\/petproducts.com.cn\/de\/wp-json\/wp\/v2\/product\/25467","targetHints":{"allow":["GET"]}}],"collection":[{"href":"https:\/\/petproducts.com.cn\/de\/wp-json\/wp\/v2\/product"}],"about":[{"href":"https:\/\/petproducts.com.cn\/de\/wp-json\/wp\/v2\/types\/product"}],"version-history":[{"count":2,"href":"https:\/\/petproducts.com.cn\/de\/wp-json\/wp\/v2\/product\/25467\/revisions"}],"predecessor-version":[{"id":25469,"href":"https:\/\/petproducts.com.cn\/de\/wp-json\/wp\/v2\/product\/25467\/revisions\/25469"}],"wp:featuredmedia":[{"embeddable":true,"href":"https:\/\/petproducts.com.cn\/de\/wp-json\/wp\/v2\/media\/25475"}],"wp:attachment":[{"href":"https:\/\/petproducts.com.cn\/de\/wp-json\/wp\/v2\/media?parent=25467"}],"wp:term":[{"taxonomy":"product_brand","embeddable":true,"href":"https:\/\/petproducts.com.cn\/de\/wp-json\/wp\/v2\/product_brand?post=25467"},{"taxonomy":"product_cat","embeddable":true,"href":"https:\/\/petproducts.com.cn\/de\/wp-json\/wp\/v2\/product_cat?post=25467"},{"taxonomy":"product_tag","embeddable":true,"href":"https:\/\/petproducts.com.cn\/de\/wp-json\/wp\/v2\/product_tag?post=25467"}],"curies":[{"name":"wp","href":"https:\/\/api.w.org\/{rel}","templated":true}]}}