{"id":25476,"date":"2024-06-24T05:19:47","date_gmt":"2024-06-24T05:19:47","guid":{"rendered":"https:\/\/petproducts.com.cn\/?post_type=product&#038;p=25476"},"modified":"2024-06-24T05:30:55","modified_gmt":"2024-06-24T05:30:55","slug":"pet-glove-wipes-cat-dog-glove-wipes","status":"publish","type":"product","link":"https:\/\/petproducts.com.cn\/de\/product\/pet-glove-wipes-cat-dog-glove-wipes\/","title":{"rendered":"Handschuht\u00fccher f\u00fcr Haustiere Handschuht\u00fccher f\u00fcr Katzen und Hunde"},"content":{"rendered":"<h2><strong>Eigenschaften von Pet Glove Wipes<\/strong><\/h2>\n<ul>\n<li><strong>Alkoholfreie Formel<\/strong>: Unsere Handschuht\u00fccher f\u00fcr Haustiere sind v\u00f6llig alkoholfrei und somit sanft zur Haut Ihres Tieres. Sie k\u00f6nnen sie t\u00e4glich verwenden, ohne sich \u00fcber Reizungen oder Trockenheit Gedanken zu machen.<\/li>\n<li><strong>Weicher Vliesstoff<\/strong>: Diese aus weichem Vliesstoff gefertigten T\u00fccher bieten ein komfortables und effektives Reinigungserlebnis. Ihr Haustier wird die sanfte Ber\u00fchrung lieben, und Sie werden die gr\u00fcndliche Reinigung zu sch\u00e4tzen wissen.<\/li>\n<li><strong>Biologisch abbaubar und umweltvertr\u00e4glich<\/strong>: Diese T\u00fccher sind biologisch abbaubar und damit eine umweltfreundliche Wahl. Sie k\u00f6nnen Ihr Haustier pflegen und gleichzeitig etwas f\u00fcr die Umwelt tun, indem Sie Ihren CO2-Fu\u00dfabdruck verringern.<\/li>\n<li><strong>Wirksame Sterilisation<\/strong>: Diese sterilisierenden Handschuht\u00fccher helfen, Bakterien und Keime aus dem Fell Ihres Haustiers zu entfernen. Die regelm\u00e4\u00dfige Anwendung h\u00e4lt Ihr Haustier gesund und sauber und beugt Infektionen vor.<\/li>\n<li><strong>Perfekt f\u00fcr Katzen und Hunde<\/strong>: Ob Sie eine Katze oder einen Hund haben, diese Handschuht\u00fccher sind f\u00fcr beide ideal. Sie sind vielseitig und praktisch und machen die Fellpflege f\u00fcr alle Tierbesitzer zum Kinderspiel.<\/li>\n<li><strong>Bequem und einfach zu bedienen<\/strong>: Diese Handschuht\u00fccher sind unglaublich einfach zu benutzen. Ziehen Sie einfach den Handschuh an und wischen Sie das Fell Ihres Haustieres ab. Halten Sie eine Packung zu Hause griffbereit oder nehmen Sie sie f\u00fcr eine schnelle und effiziente Fellpflege mit auf Reisen.<\/li>\n<li><strong>Sichere und ungiftige Inhaltsstoffe<\/strong>: Diese T\u00fccher werden aus sicheren und ungiftigen Inhaltsstoffen hergestellt und sind sanft genug f\u00fcr den regelm\u00e4\u00dfigen Gebrauch. Sie k\u00f6nnen sie getrost verwenden, da sie frei von sch\u00e4dlichen Chemikalien sind.<\/li>\n<\/ul>","protected":false},"excerpt":{"rendered":"<p>Wir sind Hersteller von Haustierb\u00fcrsten mit mehr als 20 Jahren Erfahrung. Wir bieten Anpassungsm\u00f6glichkeiten f\u00fcr Farbe, Gr\u00f6\u00dfe, Stoff, Muster, Logo und andere Merkmale.<\/p>","protected":false},"featured_media":25485,"template":"","meta":{"_acf_changed":false},"product_brand":[],"product_cat":[137,71,136,72],"product_tag":[139,140],"class_list":{"0":"post-25476","1":"product","2":"type-product","3":"status-publish","4":"has-post-thumbnail","6":"product_cat-cat-grooming-cleaning-supplies","7":"product_cat-cat-supplies","8":"product_cat-dog-grooming-cleaning-supplies","9":"product_cat-dog-supplies","10":"product_tag-cat-grooming-cleaning-supplies","11":"product_tag-dog-grooming-cleaning-supplies","13":"first","14":"instock","15":"shipping-taxable","16":"product-type-simple"},"acf":[],"yoast_head":"<!-- This site is optimized with the Yoast SEO plugin v27.1.1 - https:\/\/yoast.com\/product\/yoast-seo-wordpress\/ -->\n<title>Pet Glove Wipes | Dog Glove Wipes Manufacturer - Petstar - Petstar<\/title>\n<meta name=\"description\" content=\"Explore pet glove wipes, cat glove wipes, and dog glove wipes directly from the manufacturer. Your ideal business solution with Petstar.\" \/>\n<meta name=\"robots\" content=\"index, follow, max-snippet:-1, max-image-preview:large, max-video-preview:-1\" \/>\n<link rel=\"canonical\" href=\"https:\/\/petproducts.com.cn\/de\/produkt\/pet-glove-wipes-cat-dog-glove-wipes\/\" \/>\n<meta property=\"og:locale\" content=\"de_DE\" \/>\n<meta property=\"og:type\" content=\"article\" \/>\n<meta property=\"og:title\" content=\"Pet Glove Wipes | Dog Glove Wipes Manufacturer - Petstar - Petstar\" \/>\n<meta property=\"og:description\" content=\"Explore pet glove wipes, cat glove wipes, and dog glove wipes directly from the manufacturer. Your ideal business solution with Petstar.\" \/>\n<meta property=\"og:url\" content=\"https:\/\/petproducts.com.cn\/de\/produkt\/pet-glove-wipes-cat-dog-glove-wipes\/\" \/>\n<meta property=\"og:site_name\" content=\"Petstar\" \/>\n<meta property=\"article:modified_time\" content=\"2024-06-24T05:30:55+00:00\" \/>\n<meta property=\"og:image\" content=\"https:\/\/petproducts.com.cn\/wp-content\/uploads\/2024\/06\/pet-glove-wipes.webp\" \/>\n\t<meta property=\"og:image:width\" content=\"800\" \/>\n\t<meta property=\"og:image:height\" content=\"800\" \/>\n\t<meta property=\"og:image:type\" content=\"image\/webp\" \/>\n<meta name=\"twitter:card\" content=\"summary_large_image\" \/>\n<meta name=\"twitter:label1\" content=\"Gesch\u00e4tzte Lesezeit\" \/>\n\t<meta name=\"twitter:data1\" content=\"2\u00a0Minuten\" \/>\n<script type=\"application\/ld+json\" class=\"yoast-schema-graph\">{\"@context\":\"https:\/\/schema.org\",\"@graph\":[{\"@type\":\"WebPage\",\"@id\":\"https:\/\/petproducts.com.cn\/product\/pet-glove-wipes-cat-dog-glove-wipes\/\",\"url\":\"https:\/\/petproducts.com.cn\/product\/pet-glove-wipes-cat-dog-glove-wipes\/\",\"name\":\"Pet Glove Wipes | Dog Glove Wipes Manufacturer - Petstar - Petstar\",\"isPartOf\":{\"@id\":\"https:\/\/petproducts.com.cn\/#website\"},\"primaryImageOfPage\":{\"@id\":\"https:\/\/petproducts.com.cn\/product\/pet-glove-wipes-cat-dog-glove-wipes\/#primaryimage\"},\"image\":{\"@id\":\"https:\/\/petproducts.com.cn\/product\/pet-glove-wipes-cat-dog-glove-wipes\/#primaryimage\"},\"thumbnailUrl\":\"https:\/\/petproducts.com.cn\/wp-content\/uploads\/2024\/06\/pet-glove-wipes.webp\",\"datePublished\":\"2024-06-24T05:19:47+00:00\",\"dateModified\":\"2024-06-24T05:30:55+00:00\",\"description\":\"Explore pet glove wipes, cat glove wipes, and dog glove wipes directly from the manufacturer. Your ideal business solution with Petstar.\",\"breadcrumb\":{\"@id\":\"https:\/\/petproducts.com.cn\/product\/pet-glove-wipes-cat-dog-glove-wipes\/#breadcrumb\"},\"inLanguage\":\"de\",\"potentialAction\":[{\"@type\":\"ReadAction\",\"target\":[\"https:\/\/petproducts.com.cn\/product\/pet-glove-wipes-cat-dog-glove-wipes\/\"]}]},{\"@type\":\"ImageObject\",\"inLanguage\":\"de\",\"@id\":\"https:\/\/petproducts.com.cn\/product\/pet-glove-wipes-cat-dog-glove-wipes\/#primaryimage\",\"url\":\"https:\/\/petproducts.com.cn\/wp-content\/uploads\/2024\/06\/pet-glove-wipes.webp\",\"contentUrl\":\"https:\/\/petproducts.com.cn\/wp-content\/uploads\/2024\/06\/pet-glove-wipes.webp\",\"width\":800,\"height\":800,\"caption\":\"pet glove wipes\"},{\"@type\":\"BreadcrumbList\",\"@id\":\"https:\/\/petproducts.com.cn\/product\/pet-glove-wipes-cat-dog-glove-wipes\/#breadcrumb\",\"itemListElement\":[{\"@type\":\"ListItem\",\"position\":1,\"name\":\"HOME\",\"item\":\"https:\/\/petproducts.com.cn\/\"},{\"@type\":\"ListItem\",\"position\":2,\"name\":\"Products\",\"item\":\"https:\/\/petproducts.com.cn\/shop\/\"},{\"@type\":\"ListItem\",\"position\":3,\"name\":\"Dog Grooming &amp; Cleaning Supplies\",\"item\":\"https:\/\/petproducts.com.cn\/product-category\/dog-grooming-cleaning-supplies\/\"},{\"@type\":\"ListItem\",\"position\":4,\"name\":\"Pet Glove Wipes Cat Dog Glove Wipes\"}]},{\"@type\":\"WebSite\",\"@id\":\"https:\/\/petproducts.com.cn\/#website\",\"url\":\"https:\/\/petproducts.com.cn\/\",\"name\":\"Petstar\",\"description\":\"Leading Pet Supplies Manufacturer &amp; OEM Pet Products Supplier\",\"publisher\":{\"@id\":\"https:\/\/petproducts.com.cn\/#organization\"},\"alternateName\":\"Petstar Pet Supplies\",\"potentialAction\":[{\"@type\":\"SearchAction\",\"target\":{\"@type\":\"EntryPoint\",\"urlTemplate\":\"https:\/\/petproducts.com.cn\/?s={search_term_string}\"},\"query-input\":{\"@type\":\"PropertyValueSpecification\",\"valueRequired\":true,\"valueName\":\"search_term_string\"}}],\"inLanguage\":\"de\"},{\"@type\":\"Organization\",\"@id\":\"https:\/\/petproducts.com.cn\/#organization\",\"name\":\"Petstar\",\"url\":\"https:\/\/petproducts.com.cn\/\",\"logo\":{\"@type\":\"ImageObject\",\"inLanguage\":\"de\",\"@id\":\"https:\/\/petproducts.com.cn\/#\/schema\/logo\/image\/\",\"url\":\"https:\/\/petproducts.com.cn\/wp-content\/uploads\/2020\/02\/petstar-logo.webp\",\"contentUrl\":\"https:\/\/petproducts.com.cn\/wp-content\/uploads\/2020\/02\/petstar-logo.webp\",\"width\":779,\"height\":520,\"caption\":\"Petstar\"},\"image\":{\"@id\":\"https:\/\/petproducts.com.cn\/#\/schema\/logo\/image\/\"}}]}<\/script>\n<!-- \/ Yoast SEO plugin. -->","yoast_head_json":{"title":"Haustier Handschuh Wipes | Hund Handschuh Wipes Hersteller - Petstar - Petstar","description":"Entdecken Sie Handschuht\u00fccher f\u00fcr Haustiere, Handschuht\u00fccher f\u00fcr Katzen und Handschuht\u00fccher f\u00fcr Hunde direkt vom Hersteller. Ihre ideale Gesch\u00e4ftsl\u00f6sung mit Petstar.","robots":{"index":"index","follow":"follow","max-snippet":"max-snippet:-1","max-image-preview":"max-image-preview:large","max-video-preview":"max-video-preview:-1"},"canonical":"https:\/\/petproducts.com.cn\/de\/produkt\/pet-glove-wipes-cat-dog-glove-wipes\/","og_locale":"de_DE","og_type":"article","og_title":"Pet Glove Wipes | Dog Glove Wipes Manufacturer - Petstar - Petstar","og_description":"Explore pet glove wipes, cat glove wipes, and dog glove wipes directly from the manufacturer. Your ideal business solution with Petstar.","og_url":"https:\/\/petproducts.com.cn\/de\/produkt\/pet-glove-wipes-cat-dog-glove-wipes\/","og_site_name":"Petstar","article_modified_time":"2024-06-24T05:30:55+00:00","og_image":[{"width":800,"height":800,"url":"https:\/\/petproducts.com.cn\/wp-content\/uploads\/2024\/06\/pet-glove-wipes.webp","type":"image\/webp"}],"twitter_card":"summary_large_image","twitter_misc":{"Gesch\u00e4tzte Lesezeit":"2\u00a0Minuten"},"schema":{"@context":"https:\/\/schema.org","@graph":[{"@type":"WebPage","@id":"https:\/\/petproducts.com.cn\/product\/pet-glove-wipes-cat-dog-glove-wipes\/","url":"https:\/\/petproducts.com.cn\/product\/pet-glove-wipes-cat-dog-glove-wipes\/","name":"Haustier Handschuh Wipes | Hund Handschuh Wipes Hersteller - Petstar - Petstar","isPartOf":{"@id":"https:\/\/petproducts.com.cn\/#website"},"primaryImageOfPage":{"@id":"https:\/\/petproducts.com.cn\/product\/pet-glove-wipes-cat-dog-glove-wipes\/#primaryimage"},"image":{"@id":"https:\/\/petproducts.com.cn\/product\/pet-glove-wipes-cat-dog-glove-wipes\/#primaryimage"},"thumbnailUrl":"https:\/\/petproducts.com.cn\/wp-content\/uploads\/2024\/06\/pet-glove-wipes.webp","datePublished":"2024-06-24T05:19:47+00:00","dateModified":"2024-06-24T05:30:55+00:00","description":"Entdecken Sie Handschuht\u00fccher f\u00fcr Haustiere, Handschuht\u00fccher f\u00fcr Katzen und Handschuht\u00fccher f\u00fcr Hunde direkt vom Hersteller. Ihre ideale Gesch\u00e4ftsl\u00f6sung mit Petstar.","breadcrumb":{"@id":"https:\/\/petproducts.com.cn\/product\/pet-glove-wipes-cat-dog-glove-wipes\/#breadcrumb"},"inLanguage":"de","potentialAction":[{"@type":"ReadAction","target":["https:\/\/petproducts.com.cn\/product\/pet-glove-wipes-cat-dog-glove-wipes\/"]}]},{"@type":"ImageObject","inLanguage":"de","@id":"https:\/\/petproducts.com.cn\/product\/pet-glove-wipes-cat-dog-glove-wipes\/#primaryimage","url":"https:\/\/petproducts.com.cn\/wp-content\/uploads\/2024\/06\/pet-glove-wipes.webp","contentUrl":"https:\/\/petproducts.com.cn\/wp-content\/uploads\/2024\/06\/pet-glove-wipes.webp","width":800,"height":800,"caption":"pet glove wipes"},{"@type":"BreadcrumbList","@id":"https:\/\/petproducts.com.cn\/product\/pet-glove-wipes-cat-dog-glove-wipes\/#breadcrumb","itemListElement":[{"@type":"ListItem","position":1,"name":"HOME","item":"https:\/\/petproducts.com.cn\/"},{"@type":"ListItem","position":2,"name":"Products","item":"https:\/\/petproducts.com.cn\/shop\/"},{"@type":"ListItem","position":3,"name":"Dog Grooming &amp; Cleaning Supplies","item":"https:\/\/petproducts.com.cn\/product-category\/dog-grooming-cleaning-supplies\/"},{"@type":"ListItem","position":4,"name":"Pet Glove Wipes Cat Dog Glove Wipes"}]},{"@type":"WebSite","@id":"https:\/\/petproducts.com.cn\/#website","url":"https:\/\/petproducts.com.cn\/","name":"Petstar","description":"F\u00fchrender Hersteller von Heimtierbedarf und OEM-Lieferant von Heimtierprodukten","publisher":{"@id":"https:\/\/petproducts.com.cn\/#organization"},"alternateName":"Petstar Pet Supplies","potentialAction":[{"@type":"SearchAction","target":{"@type":"EntryPoint","urlTemplate":"https:\/\/petproducts.com.cn\/?s={search_term_string}"},"query-input":{"@type":"PropertyValueSpecification","valueRequired":true,"valueName":"search_term_string"}}],"inLanguage":"de"},{"@type":"Organization","@id":"https:\/\/petproducts.com.cn\/#organization","name":"Petstar","url":"https:\/\/petproducts.com.cn\/","logo":{"@type":"ImageObject","inLanguage":"de","@id":"https:\/\/petproducts.com.cn\/#\/schema\/logo\/image\/","url":"https:\/\/petproducts.com.cn\/wp-content\/uploads\/2020\/02\/petstar-logo.webp","contentUrl":"https:\/\/petproducts.com.cn\/wp-content\/uploads\/2020\/02\/petstar-logo.webp","width":779,"height":520,"caption":"Petstar"},"image":{"@id":"https:\/\/petproducts.com.cn\/#\/schema\/logo\/image\/"}}]}},"_links":{"self":[{"href":"https:\/\/petproducts.com.cn\/de\/wp-json\/wp\/v2\/product\/25476","targetHints":{"allow":["GET"]}}],"collection":[{"href":"https:\/\/petproducts.com.cn\/de\/wp-json\/wp\/v2\/product"}],"about":[{"href":"https:\/\/petproducts.com.cn\/de\/wp-json\/wp\/v2\/types\/product"}],"version-history":[{"count":2,"href":"https:\/\/petproducts.com.cn\/de\/wp-json\/wp\/v2\/product\/25476\/revisions"}],"predecessor-version":[{"id":25478,"href":"https:\/\/petproducts.com.cn\/de\/wp-json\/wp\/v2\/product\/25476\/revisions\/25478"}],"wp:featuredmedia":[{"embeddable":true,"href":"https:\/\/petproducts.com.cn\/de\/wp-json\/wp\/v2\/media\/25485"}],"wp:attachment":[{"href":"https:\/\/petproducts.com.cn\/de\/wp-json\/wp\/v2\/media?parent=25476"}],"wp:term":[{"taxonomy":"product_brand","embeddable":true,"href":"https:\/\/petproducts.com.cn\/de\/wp-json\/wp\/v2\/product_brand?post=25476"},{"taxonomy":"product_cat","embeddable":true,"href":"https:\/\/petproducts.com.cn\/de\/wp-json\/wp\/v2\/product_cat?post=25476"},{"taxonomy":"product_tag","embeddable":true,"href":"https:\/\/petproducts.com.cn\/de\/wp-json\/wp\/v2\/product_tag?post=25476"}],"curies":[{"name":"wp","href":"https:\/\/api.w.org\/{rel}","templated":true}]}}