{"id":25565,"date":"2024-06-25T03:17:49","date_gmt":"2024-06-25T03:17:49","guid":{"rendered":"https:\/\/petproducts.com.cn\/?post_type=product&#038;p=25565"},"modified":"2024-07-23T02:20:56","modified_gmt":"2024-07-23T02:20:56","slug":"wooden-cat-condo-luxury-cat-furniture-footstool-cat-house","status":"publish","type":"product","link":"https:\/\/petproducts.com.cn\/de\/product\/wooden-cat-condo-luxury-cat-furniture-footstool-cat-house\/","title":{"rendered":"H\u00f6lzerne Katzenwohnung Luxuri\u00f6se Katzenm\u00f6bel Fu\u00dfbank Katzenhaus"},"content":{"rendered":"<h2><strong>Merkmale der h\u00f6lzernen Katze Condo<\/strong><\/h2>\n<ul>\n<li><strong>Stilvolles Fu\u00dfhocker-Design<\/strong> Sie werden es lieben, wie unser h\u00f6lzernes Katzendomizil gleichzeitig als stilvoller Fu\u00dfhocker dient. Das elegante Design stellt sicher, dass es Ihre Einrichtung erg\u00e4nzt und eine praktische und attraktive Erg\u00e4nzung f\u00fcr jeden Raum ist. Dieses multifunktionale St\u00fcck dient sowohl als M\u00f6belst\u00fcck f\u00fcr Sie als auch als gem\u00fctlicher Platz f\u00fcr Ihre Katze.<\/li>\n<li><strong>Ger\u00e4umige Katzenwohnung<\/strong> Die ger\u00e4umige Katzenwohnung in der Mitte des Hockers ist perfekt f\u00fcr Ihre Katze. Dieses gem\u00fctliche Versteck bietet einen privaten Raum, in dem sich Ihre Katze entspannen, ein Nickerchen machen und sich sicher f\u00fchlen kann. Das gut bel\u00fcftete Design sorgt daf\u00fcr, dass sich Ihre Katze wohl und gl\u00fccklich f\u00fchlt.<\/li>\n<li><strong>Pl\u00fcsch-Polsterung<\/strong> Sie werden die pl\u00fcschige Polsterung in unseren Luxus-Katzenm\u00f6beln zu sch\u00e4tzen wissen. Die weiche, bequeme Polsterung im Inneren des Katzenapartments sorgt daf\u00fcr, dass Ihre Katze in ultimativem Komfort faulenzen kann. Das pl\u00fcschige Interieur macht es zu einem einladenden Ort f\u00fcr Ihre Katze.<\/li>\n<li><strong>Langlebige Holzkonstruktion<\/strong> Sie werden die langlebige Holzkonstruktion unserer Holzkatzenkoje bemerken. Dieses robuste M\u00f6belst\u00fcck kann den t\u00e4glichen Aktivit\u00e4ten Ihrer Katze standhalten. Die hochwertigen Materialien gew\u00e4hrleisten eine lange Nutzungsdauer und bieten Ihnen und Ihrer Katze ein zuverl\u00e4ssiges und robustes M\u00f6belst\u00fcck.<\/li>\n<li><strong>Vielseitiger Einsatz<\/strong> Sie profitieren von der vielseitigen Verwendbarkeit unseres Fu\u00dfhockers Katzenhaus. Es dient nicht nur als Katzendomizil, sondern auch als zus\u00e4tzliche Sitzgelegenheit oder Fu\u00dfbank f\u00fcr Sie. Diese Doppelnutzung macht es zu einer wertvollen Erg\u00e4nzung f\u00fcr Ihr Zuhause, denn es spart Platz und bietet Funktionalit\u00e4t.<\/li>\n<li><strong>Sichere und ungiftige Materialien<\/strong> Sie k\u00f6nnen sicher sein, dass unsere Luxus-Katzenm\u00f6bel aus sicheren und ungiftigen Materialien hergestellt sind. Das hochwertige Holz und die Pl\u00fcschmaterialien sind sicher f\u00fcr Ihre Katze und gew\u00e4hrleisten ihre Gesundheit und ihr Wohlbefinden. Dieses Sicherheitsmerkmal macht sie zu einer vertrauensw\u00fcrdigen Wahl f\u00fcr Haustierbesitzer.<\/li>\n<\/ul>","protected":false},"excerpt":{"rendered":"<p>Wir sind ein Hersteller von Kratzb\u00e4umen mit mehr als 20 Jahren Erfahrung. Wir bieten Anpassungsm\u00f6glichkeiten f\u00fcr Farbe, Gr\u00f6\u00dfe, Stoff, Muster, Logo und andere Merkmale.<\/p>","protected":false},"featured_media":25592,"template":"","meta":{"_acf_changed":false},"product_brand":[],"product_cat":[71,47],"product_tag":[88],"class_list":{"0":"post-25565","1":"product","2":"type-product","3":"status-publish","4":"has-post-thumbnail","6":"product_cat-cat-supplies","7":"product_cat-cat-trees-furniture","8":"product_tag-cat-trees-furniture","10":"first","11":"instock","12":"shipping-taxable","13":"product-type-simple"},"acf":[],"yoast_head":"<!-- This site is optimized with the Yoast SEO plugin v27.1.1 - https:\/\/yoast.com\/product\/yoast-seo-wordpress\/ -->\n<title>Wooden Cat Condo | Footstool Cat House Manufacturer - Petstar - Petstar<\/title>\n<meta name=\"description\" content=\"Explore wooden cat condo, luxury cat furniture, footstool cat house irectly from the manufacturer. Your ideal business solution with Petstar.\" \/>\n<meta name=\"robots\" content=\"index, follow, max-snippet:-1, max-image-preview:large, max-video-preview:-1\" \/>\n<link rel=\"canonical\" href=\"https:\/\/petproducts.com.cn\/de\/produkt\/wooden-cat-condo-luxury-cat-furniture-footstool-cat-house\/\" \/>\n<meta property=\"og:locale\" content=\"de_DE\" \/>\n<meta property=\"og:type\" content=\"article\" \/>\n<meta property=\"og:title\" content=\"Wooden Cat Condo | Footstool Cat House Manufacturer - Petstar - Petstar\" \/>\n<meta property=\"og:description\" content=\"Explore wooden cat condo, luxury cat furniture, footstool cat house irectly from the manufacturer. Your ideal business solution with Petstar.\" \/>\n<meta property=\"og:url\" content=\"https:\/\/petproducts.com.cn\/de\/produkt\/wooden-cat-condo-luxury-cat-furniture-footstool-cat-house\/\" \/>\n<meta property=\"og:site_name\" content=\"Petstar\" \/>\n<meta property=\"article:modified_time\" content=\"2024-07-23T02:20:56+00:00\" \/>\n<meta property=\"og:image\" content=\"https:\/\/petproducts.com.cn\/wp-content\/uploads\/2024\/06\/wooden-cat-condo-2.webp\" \/>\n\t<meta property=\"og:image:width\" content=\"1000\" \/>\n\t<meta property=\"og:image:height\" content=\"1000\" \/>\n\t<meta property=\"og:image:type\" content=\"image\/webp\" \/>\n<meta name=\"twitter:card\" content=\"summary_large_image\" \/>\n<meta name=\"twitter:label1\" content=\"Gesch\u00e4tzte Lesezeit\" \/>\n\t<meta name=\"twitter:data1\" content=\"2\u00a0Minuten\" \/>\n<script type=\"application\/ld+json\" class=\"yoast-schema-graph\">{\"@context\":\"https:\/\/schema.org\",\"@graph\":[{\"@type\":\"WebPage\",\"@id\":\"https:\/\/petproducts.com.cn\/product\/wooden-cat-condo-luxury-cat-furniture-footstool-cat-house\/\",\"url\":\"https:\/\/petproducts.com.cn\/product\/wooden-cat-condo-luxury-cat-furniture-footstool-cat-house\/\",\"name\":\"Wooden Cat Condo | Footstool Cat House Manufacturer - Petstar - Petstar\",\"isPartOf\":{\"@id\":\"https:\/\/petproducts.com.cn\/#website\"},\"primaryImageOfPage\":{\"@id\":\"https:\/\/petproducts.com.cn\/product\/wooden-cat-condo-luxury-cat-furniture-footstool-cat-house\/#primaryimage\"},\"image\":{\"@id\":\"https:\/\/petproducts.com.cn\/product\/wooden-cat-condo-luxury-cat-furniture-footstool-cat-house\/#primaryimage\"},\"thumbnailUrl\":\"https:\/\/petproducts.com.cn\/wp-content\/uploads\/2024\/06\/wooden-cat-condo-2.webp\",\"datePublished\":\"2024-06-25T03:17:49+00:00\",\"dateModified\":\"2024-07-23T02:20:56+00:00\",\"description\":\"Explore wooden cat condo, luxury cat furniture, footstool cat house irectly from the manufacturer. Your ideal business solution with Petstar.\",\"breadcrumb\":{\"@id\":\"https:\/\/petproducts.com.cn\/product\/wooden-cat-condo-luxury-cat-furniture-footstool-cat-house\/#breadcrumb\"},\"inLanguage\":\"de\",\"potentialAction\":[{\"@type\":\"ReadAction\",\"target\":[\"https:\/\/petproducts.com.cn\/product\/wooden-cat-condo-luxury-cat-furniture-footstool-cat-house\/\"]}]},{\"@type\":\"ImageObject\",\"inLanguage\":\"de\",\"@id\":\"https:\/\/petproducts.com.cn\/product\/wooden-cat-condo-luxury-cat-furniture-footstool-cat-house\/#primaryimage\",\"url\":\"https:\/\/petproducts.com.cn\/wp-content\/uploads\/2024\/06\/wooden-cat-condo-2.webp\",\"contentUrl\":\"https:\/\/petproducts.com.cn\/wp-content\/uploads\/2024\/06\/wooden-cat-condo-2.webp\",\"width\":1000,\"height\":1000,\"caption\":\"wooden cat condo\"},{\"@type\":\"BreadcrumbList\",\"@id\":\"https:\/\/petproducts.com.cn\/product\/wooden-cat-condo-luxury-cat-furniture-footstool-cat-house\/#breadcrumb\",\"itemListElement\":[{\"@type\":\"ListItem\",\"position\":1,\"name\":\"HOME\",\"item\":\"https:\/\/petproducts.com.cn\/\"},{\"@type\":\"ListItem\",\"position\":2,\"name\":\"Products\",\"item\":\"https:\/\/petproducts.com.cn\/shop\/\"},{\"@type\":\"ListItem\",\"position\":3,\"name\":\"Cat Trees &amp; Furniture\",\"item\":\"https:\/\/petproducts.com.cn\/product-category\/cat-trees-furniture\/\"},{\"@type\":\"ListItem\",\"position\":4,\"name\":\"Wooden Cat Condo Luxury Cat Furniture Footstool Cat House\"}]},{\"@type\":\"WebSite\",\"@id\":\"https:\/\/petproducts.com.cn\/#website\",\"url\":\"https:\/\/petproducts.com.cn\/\",\"name\":\"Petstar\",\"description\":\"Leading Pet Supplies Manufacturer &amp; OEM Pet Products Supplier\",\"publisher\":{\"@id\":\"https:\/\/petproducts.com.cn\/#organization\"},\"alternateName\":\"Petstar Pet Supplies\",\"potentialAction\":[{\"@type\":\"SearchAction\",\"target\":{\"@type\":\"EntryPoint\",\"urlTemplate\":\"https:\/\/petproducts.com.cn\/?s={search_term_string}\"},\"query-input\":{\"@type\":\"PropertyValueSpecification\",\"valueRequired\":true,\"valueName\":\"search_term_string\"}}],\"inLanguage\":\"de\"},{\"@type\":\"Organization\",\"@id\":\"https:\/\/petproducts.com.cn\/#organization\",\"name\":\"Petstar\",\"url\":\"https:\/\/petproducts.com.cn\/\",\"logo\":{\"@type\":\"ImageObject\",\"inLanguage\":\"de\",\"@id\":\"https:\/\/petproducts.com.cn\/#\/schema\/logo\/image\/\",\"url\":\"https:\/\/petproducts.com.cn\/wp-content\/uploads\/2020\/02\/petstar-logo.webp\",\"contentUrl\":\"https:\/\/petproducts.com.cn\/wp-content\/uploads\/2020\/02\/petstar-logo.webp\",\"width\":779,\"height\":520,\"caption\":\"Petstar\"},\"image\":{\"@id\":\"https:\/\/petproducts.com.cn\/#\/schema\/logo\/image\/\"}}]}<\/script>\n<!-- \/ Yoast SEO plugin. -->","yoast_head_json":{"title":"H\u00f6lzerne Katze Condo | Footstool Katze Haus Hersteller - Petstar - Petstar","description":"Entdecken Sie Holzkatzenwohnungen, Luxus-Katzenm\u00f6bel, Fu\u00dfhocker Katzenhaus direkt vom Hersteller. Ihre ideale Business-L\u00f6sung mit Petstar.","robots":{"index":"index","follow":"follow","max-snippet":"max-snippet:-1","max-image-preview":"max-image-preview:large","max-video-preview":"max-video-preview:-1"},"canonical":"https:\/\/petproducts.com.cn\/de\/produkt\/wooden-cat-condo-luxury-cat-furniture-footstool-cat-house\/","og_locale":"de_DE","og_type":"article","og_title":"Wooden Cat Condo | Footstool Cat House Manufacturer - Petstar - Petstar","og_description":"Explore wooden cat condo, luxury cat furniture, footstool cat house irectly from the manufacturer. Your ideal business solution with Petstar.","og_url":"https:\/\/petproducts.com.cn\/de\/produkt\/wooden-cat-condo-luxury-cat-furniture-footstool-cat-house\/","og_site_name":"Petstar","article_modified_time":"2024-07-23T02:20:56+00:00","og_image":[{"width":1000,"height":1000,"url":"https:\/\/petproducts.com.cn\/wp-content\/uploads\/2024\/06\/wooden-cat-condo-2.webp","type":"image\/webp"}],"twitter_card":"summary_large_image","twitter_misc":{"Gesch\u00e4tzte Lesezeit":"2\u00a0Minuten"},"schema":{"@context":"https:\/\/schema.org","@graph":[{"@type":"WebPage","@id":"https:\/\/petproducts.com.cn\/product\/wooden-cat-condo-luxury-cat-furniture-footstool-cat-house\/","url":"https:\/\/petproducts.com.cn\/product\/wooden-cat-condo-luxury-cat-furniture-footstool-cat-house\/","name":"H\u00f6lzerne Katze Condo | Footstool Katze Haus Hersteller - Petstar - Petstar","isPartOf":{"@id":"https:\/\/petproducts.com.cn\/#website"},"primaryImageOfPage":{"@id":"https:\/\/petproducts.com.cn\/product\/wooden-cat-condo-luxury-cat-furniture-footstool-cat-house\/#primaryimage"},"image":{"@id":"https:\/\/petproducts.com.cn\/product\/wooden-cat-condo-luxury-cat-furniture-footstool-cat-house\/#primaryimage"},"thumbnailUrl":"https:\/\/petproducts.com.cn\/wp-content\/uploads\/2024\/06\/wooden-cat-condo-2.webp","datePublished":"2024-06-25T03:17:49+00:00","dateModified":"2024-07-23T02:20:56+00:00","description":"Entdecken Sie Holzkatzenwohnungen, Luxus-Katzenm\u00f6bel, Fu\u00dfhocker Katzenhaus direkt vom Hersteller. Ihre ideale Business-L\u00f6sung mit Petstar.","breadcrumb":{"@id":"https:\/\/petproducts.com.cn\/product\/wooden-cat-condo-luxury-cat-furniture-footstool-cat-house\/#breadcrumb"},"inLanguage":"de","potentialAction":[{"@type":"ReadAction","target":["https:\/\/petproducts.com.cn\/product\/wooden-cat-condo-luxury-cat-furniture-footstool-cat-house\/"]}]},{"@type":"ImageObject","inLanguage":"de","@id":"https:\/\/petproducts.com.cn\/product\/wooden-cat-condo-luxury-cat-furniture-footstool-cat-house\/#primaryimage","url":"https:\/\/petproducts.com.cn\/wp-content\/uploads\/2024\/06\/wooden-cat-condo-2.webp","contentUrl":"https:\/\/petproducts.com.cn\/wp-content\/uploads\/2024\/06\/wooden-cat-condo-2.webp","width":1000,"height":1000,"caption":"wooden cat condo"},{"@type":"BreadcrumbList","@id":"https:\/\/petproducts.com.cn\/product\/wooden-cat-condo-luxury-cat-furniture-footstool-cat-house\/#breadcrumb","itemListElement":[{"@type":"ListItem","position":1,"name":"HOME","item":"https:\/\/petproducts.com.cn\/"},{"@type":"ListItem","position":2,"name":"Products","item":"https:\/\/petproducts.com.cn\/shop\/"},{"@type":"ListItem","position":3,"name":"Cat Trees &amp; Furniture","item":"https:\/\/petproducts.com.cn\/product-category\/cat-trees-furniture\/"},{"@type":"ListItem","position":4,"name":"Wooden Cat Condo Luxury Cat Furniture Footstool Cat House"}]},{"@type":"WebSite","@id":"https:\/\/petproducts.com.cn\/#website","url":"https:\/\/petproducts.com.cn\/","name":"Petstar","description":"F\u00fchrender Hersteller von Heimtierbedarf und OEM-Lieferant von Heimtierprodukten","publisher":{"@id":"https:\/\/petproducts.com.cn\/#organization"},"alternateName":"Petstar Pet Supplies","potentialAction":[{"@type":"SearchAction","target":{"@type":"EntryPoint","urlTemplate":"https:\/\/petproducts.com.cn\/?s={search_term_string}"},"query-input":{"@type":"PropertyValueSpecification","valueRequired":true,"valueName":"search_term_string"}}],"inLanguage":"de"},{"@type":"Organization","@id":"https:\/\/petproducts.com.cn\/#organization","name":"Petstar","url":"https:\/\/petproducts.com.cn\/","logo":{"@type":"ImageObject","inLanguage":"de","@id":"https:\/\/petproducts.com.cn\/#\/schema\/logo\/image\/","url":"https:\/\/petproducts.com.cn\/wp-content\/uploads\/2020\/02\/petstar-logo.webp","contentUrl":"https:\/\/petproducts.com.cn\/wp-content\/uploads\/2020\/02\/petstar-logo.webp","width":779,"height":520,"caption":"Petstar"},"image":{"@id":"https:\/\/petproducts.com.cn\/#\/schema\/logo\/image\/"}}]}},"_links":{"self":[{"href":"https:\/\/petproducts.com.cn\/de\/wp-json\/wp\/v2\/product\/25565","targetHints":{"allow":["GET"]}}],"collection":[{"href":"https:\/\/petproducts.com.cn\/de\/wp-json\/wp\/v2\/product"}],"about":[{"href":"https:\/\/petproducts.com.cn\/de\/wp-json\/wp\/v2\/types\/product"}],"version-history":[{"count":3,"href":"https:\/\/petproducts.com.cn\/de\/wp-json\/wp\/v2\/product\/25565\/revisions"}],"predecessor-version":[{"id":27287,"href":"https:\/\/petproducts.com.cn\/de\/wp-json\/wp\/v2\/product\/25565\/revisions\/27287"}],"wp:featuredmedia":[{"embeddable":true,"href":"https:\/\/petproducts.com.cn\/de\/wp-json\/wp\/v2\/media\/25592"}],"wp:attachment":[{"href":"https:\/\/petproducts.com.cn\/de\/wp-json\/wp\/v2\/media?parent=25565"}],"wp:term":[{"taxonomy":"product_brand","embeddable":true,"href":"https:\/\/petproducts.com.cn\/de\/wp-json\/wp\/v2\/product_brand?post=25565"},{"taxonomy":"product_cat","embeddable":true,"href":"https:\/\/petproducts.com.cn\/de\/wp-json\/wp\/v2\/product_cat?post=25565"},{"taxonomy":"product_tag","embeddable":true,"href":"https:\/\/petproducts.com.cn\/de\/wp-json\/wp\/v2\/product_tag?post=25565"}],"curies":[{"name":"wp","href":"https:\/\/api.w.org\/{rel}","templated":true}]}}