{"id":26659,"date":"2024-07-05T05:15:51","date_gmt":"2024-07-05T05:15:51","guid":{"rendered":"https:\/\/petproducts.com.cn\/?post_type=product&#038;p=26659"},"modified":"2024-07-05T05:49:20","modified_gmt":"2024-07-05T05:49:20","slug":"rabbit-bedding-pet-bunny-rabbit-bed","status":"publish","type":"product","link":"https:\/\/petproducts.com.cn\/de\/product\/rabbit-bedding-pet-bunny-rabbit-bed\/","title":{"rendered":"Kaninchenbettw\u00e4sche Haustier Hase Kaninchenbett"},"content":{"rendered":"<h2>Eigenschaften von Kaninchenstreu<\/h2>\n<ul>\n<li><strong>Einzigartige runde Baumstumpfform<\/strong> Sie werden die einzigartige runde Baumstumpfform unserer Kanincheneinstreu lieben. Dieses unverwechselbare Design bringt einen Hauch von Natur in den Lebensraum Ihres Tieres und macht es zu einer ansprechenden und funktionalen Erg\u00e4nzung f\u00fcr jedes Zuhause. Die Baumstumpfform bietet Ihrem Kaninchen au\u00dferdem eine gem\u00fctliche und sichere Umgebung.<\/li>\n<li><strong>Hochwertiges Polyester-Pl\u00fcsch-Material<\/strong> Sie werden das hochwertige Vollpolyester-Pl\u00fcschmaterial zu sch\u00e4tzen wissen, aus dem unser Kaninchenbett gefertigt ist. Dieser Stoff f\u00fchlt sich weich an und ist unglaublich bequem, sodass Ihr Kaninchen einen warmen und einladenden Platz zum Ausruhen hat. Das Pl\u00fcschmaterial sorgt au\u00dferdem f\u00fcr ein luxuri\u00f6ses Gef\u00fchl und macht es zu einer erstklassigen Wahl f\u00fcr Ihr Haustier.<\/li>\n<li><strong>Weich und bequem<\/strong> Sie werden von der Weichheit und dem Komfort, den unser Kaninchenbett bietet, beeindruckt sein. Das pl\u00fcschige Innere bietet einen gem\u00fctlichen und gepolsterten Raum, in dem sich Ihr Kaninchen entspannt und sicher f\u00fchlt. Dieser Komfort ist entscheidend f\u00fcr das Wohlbefinden Ihres Tieres, denn er f\u00f6rdert einen erholsamen Schlaf und reduziert Stress.<\/li>\n<li><strong>Stilvoll und ansprechend<\/strong> Sie werden unser rundes, baumstumpff\u00f6rmiges Hasenbett stilvoll und attraktiv finden. Das nat\u00fcrliche Design und die sanften Farben passen zu jeder Wohnungseinrichtung und machen es zu einem sch\u00f6nen Accessoire und gleichzeitig zu einem funktionalen Bett f\u00fcr Ihr Haustier. Das Bett f\u00fcr Ihr Kaninchen sieht in jedem Raum toll aus.<\/li>\n<\/ul>","protected":false},"excerpt":{"rendered":"<p>Wir sind ein Hersteller von Kaninchenzubeh\u00f6r f\u00fcr Haustiere mit mehr als 20 Jahren Erfahrung. Wir bieten Anpassungsm\u00f6glichkeiten f\u00fcr Farbe, Gr\u00f6\u00dfe, Stoff, Muster, Logo und andere Merkmale.<\/p>","protected":false},"featured_media":26669,"template":"","meta":{"_acf_changed":false},"product_brand":[],"product_cat":[158,164,156],"product_tag":[165,160],"class_list":{"0":"post-26659","1":"product","2":"type-product","3":"status-publish","4":"has-post-thumbnail","6":"product_cat-other-animal-supplies","7":"product_cat-rabbit-supplies","8":"product_cat-small-animal-supplies","9":"product_tag-rabbit-supplies","10":"product_tag-small-animal-supplies","12":"first","13":"instock","14":"shipping-taxable","15":"product-type-simple"},"acf":[],"yoast_head":"<!-- This site is optimized with the Yoast SEO plugin v27.1.1 - https:\/\/yoast.com\/product\/yoast-seo-wordpress\/ -->\n<title>Rabbit Bedding | Pet Bunny Rabbit Bed Manufacturer - Petstar<\/title>\n<meta name=\"description\" content=\"Explore rabbit bedding, pet rabbit bed, bunny rabbit bed from the rabbit supplies manufacturer. Your ideal business solution with Petstar.\" \/>\n<meta name=\"robots\" content=\"index, follow, max-snippet:-1, max-image-preview:large, max-video-preview:-1\" \/>\n<link rel=\"canonical\" href=\"https:\/\/petproducts.com.cn\/de\/produkt\/rabbit-bedding-pet-bunny-rabbit-bed\/\" \/>\n<meta property=\"og:locale\" content=\"de_DE\" \/>\n<meta property=\"og:type\" content=\"article\" \/>\n<meta property=\"og:title\" content=\"Rabbit Bedding | Pet Bunny Rabbit Bed Manufacturer - Petstar\" \/>\n<meta property=\"og:description\" content=\"Explore rabbit bedding, pet rabbit bed, bunny rabbit bed from the rabbit supplies manufacturer. Your ideal business solution with Petstar.\" \/>\n<meta property=\"og:url\" content=\"https:\/\/petproducts.com.cn\/de\/produkt\/rabbit-bedding-pet-bunny-rabbit-bed\/\" \/>\n<meta property=\"og:site_name\" content=\"Petstar\" \/>\n<meta property=\"article:modified_time\" content=\"2024-07-05T05:49:20+00:00\" \/>\n<meta property=\"og:image\" content=\"https:\/\/petproducts.com.cn\/wp-content\/uploads\/2024\/07\/rabbit-bedding.webp\" \/>\n\t<meta property=\"og:image:width\" content=\"800\" \/>\n\t<meta property=\"og:image:height\" content=\"800\" \/>\n\t<meta property=\"og:image:type\" content=\"image\/webp\" \/>\n<meta name=\"twitter:card\" content=\"summary_large_image\" \/>\n<meta name=\"twitter:label1\" content=\"Gesch\u00e4tzte Lesezeit\" \/>\n\t<meta name=\"twitter:data1\" content=\"2\u00a0Minuten\" \/>\n<script type=\"application\/ld+json\" class=\"yoast-schema-graph\">{\"@context\":\"https:\/\/schema.org\",\"@graph\":[{\"@type\":\"WebPage\",\"@id\":\"https:\/\/petproducts.com.cn\/product\/rabbit-bedding-pet-bunny-rabbit-bed\/\",\"url\":\"https:\/\/petproducts.com.cn\/product\/rabbit-bedding-pet-bunny-rabbit-bed\/\",\"name\":\"Rabbit Bedding | Pet Bunny Rabbit Bed Manufacturer - Petstar\",\"isPartOf\":{\"@id\":\"https:\/\/petproducts.com.cn\/#website\"},\"primaryImageOfPage\":{\"@id\":\"https:\/\/petproducts.com.cn\/product\/rabbit-bedding-pet-bunny-rabbit-bed\/#primaryimage\"},\"image\":{\"@id\":\"https:\/\/petproducts.com.cn\/product\/rabbit-bedding-pet-bunny-rabbit-bed\/#primaryimage\"},\"thumbnailUrl\":\"https:\/\/petproducts.com.cn\/wp-content\/uploads\/2024\/07\/rabbit-bedding.webp\",\"datePublished\":\"2024-07-05T05:15:51+00:00\",\"dateModified\":\"2024-07-05T05:49:20+00:00\",\"description\":\"Explore rabbit bedding, pet rabbit bed, bunny rabbit bed from the rabbit supplies manufacturer. Your ideal business solution with Petstar.\",\"breadcrumb\":{\"@id\":\"https:\/\/petproducts.com.cn\/product\/rabbit-bedding-pet-bunny-rabbit-bed\/#breadcrumb\"},\"inLanguage\":\"de\",\"potentialAction\":[{\"@type\":\"ReadAction\",\"target\":[\"https:\/\/petproducts.com.cn\/product\/rabbit-bedding-pet-bunny-rabbit-bed\/\"]}]},{\"@type\":\"ImageObject\",\"inLanguage\":\"de\",\"@id\":\"https:\/\/petproducts.com.cn\/product\/rabbit-bedding-pet-bunny-rabbit-bed\/#primaryimage\",\"url\":\"https:\/\/petproducts.com.cn\/wp-content\/uploads\/2024\/07\/rabbit-bedding.webp\",\"contentUrl\":\"https:\/\/petproducts.com.cn\/wp-content\/uploads\/2024\/07\/rabbit-bedding.webp\",\"width\":800,\"height\":800,\"caption\":\"rabbit bedding\"},{\"@type\":\"BreadcrumbList\",\"@id\":\"https:\/\/petproducts.com.cn\/product\/rabbit-bedding-pet-bunny-rabbit-bed\/#breadcrumb\",\"itemListElement\":[{\"@type\":\"ListItem\",\"position\":1,\"name\":\"HOME\",\"item\":\"https:\/\/petproducts.com.cn\/\"},{\"@type\":\"ListItem\",\"position\":2,\"name\":\"Products\",\"item\":\"https:\/\/petproducts.com.cn\/shop\/\"},{\"@type\":\"ListItem\",\"position\":3,\"name\":\"Rabbit Supplies\",\"item\":\"https:\/\/petproducts.com.cn\/product-category\/rabbit-supplies\/\"},{\"@type\":\"ListItem\",\"position\":4,\"name\":\"Rabbit Bedding Pet Bunny Rabbit Bed\"}]},{\"@type\":\"WebSite\",\"@id\":\"https:\/\/petproducts.com.cn\/#website\",\"url\":\"https:\/\/petproducts.com.cn\/\",\"name\":\"Petstar\",\"description\":\"Leading Pet Supplies Manufacturer &amp; OEM Pet Products Supplier\",\"publisher\":{\"@id\":\"https:\/\/petproducts.com.cn\/#organization\"},\"alternateName\":\"Petstar Pet Supplies\",\"potentialAction\":[{\"@type\":\"SearchAction\",\"target\":{\"@type\":\"EntryPoint\",\"urlTemplate\":\"https:\/\/petproducts.com.cn\/?s={search_term_string}\"},\"query-input\":{\"@type\":\"PropertyValueSpecification\",\"valueRequired\":true,\"valueName\":\"search_term_string\"}}],\"inLanguage\":\"de\"},{\"@type\":\"Organization\",\"@id\":\"https:\/\/petproducts.com.cn\/#organization\",\"name\":\"Petstar\",\"url\":\"https:\/\/petproducts.com.cn\/\",\"logo\":{\"@type\":\"ImageObject\",\"inLanguage\":\"de\",\"@id\":\"https:\/\/petproducts.com.cn\/#\/schema\/logo\/image\/\",\"url\":\"https:\/\/petproducts.com.cn\/wp-content\/uploads\/2020\/02\/petstar-logo.webp\",\"contentUrl\":\"https:\/\/petproducts.com.cn\/wp-content\/uploads\/2020\/02\/petstar-logo.webp\",\"width\":779,\"height\":520,\"caption\":\"Petstar\"},\"image\":{\"@id\":\"https:\/\/petproducts.com.cn\/#\/schema\/logo\/image\/\"}}]}<\/script>\n<!-- \/ Yoast SEO plugin. -->","yoast_head_json":{"title":"Kaninchen-Bettw\u00e4sche | Pet Bunny Kaninchenbett Hersteller - Petstar","description":"Entdecken Sie Kaninchenbetten, Kaninchenbetten f\u00fcr Haustiere, Kaninchenbetten vom Hersteller f\u00fcr Kaninchenbedarf. Ihre ideale Business-L\u00f6sung mit Petstar.","robots":{"index":"index","follow":"follow","max-snippet":"max-snippet:-1","max-image-preview":"max-image-preview:large","max-video-preview":"max-video-preview:-1"},"canonical":"https:\/\/petproducts.com.cn\/de\/produkt\/rabbit-bedding-pet-bunny-rabbit-bed\/","og_locale":"de_DE","og_type":"article","og_title":"Rabbit Bedding | Pet Bunny Rabbit Bed Manufacturer - Petstar","og_description":"Explore rabbit bedding, pet rabbit bed, bunny rabbit bed from the rabbit supplies manufacturer. Your ideal business solution with Petstar.","og_url":"https:\/\/petproducts.com.cn\/de\/produkt\/rabbit-bedding-pet-bunny-rabbit-bed\/","og_site_name":"Petstar","article_modified_time":"2024-07-05T05:49:20+00:00","og_image":[{"width":800,"height":800,"url":"https:\/\/petproducts.com.cn\/wp-content\/uploads\/2024\/07\/rabbit-bedding.webp","type":"image\/webp"}],"twitter_card":"summary_large_image","twitter_misc":{"Gesch\u00e4tzte Lesezeit":"2\u00a0Minuten"},"schema":{"@context":"https:\/\/schema.org","@graph":[{"@type":"WebPage","@id":"https:\/\/petproducts.com.cn\/product\/rabbit-bedding-pet-bunny-rabbit-bed\/","url":"https:\/\/petproducts.com.cn\/product\/rabbit-bedding-pet-bunny-rabbit-bed\/","name":"Kaninchen-Bettw\u00e4sche | Pet Bunny Kaninchenbett Hersteller - Petstar","isPartOf":{"@id":"https:\/\/petproducts.com.cn\/#website"},"primaryImageOfPage":{"@id":"https:\/\/petproducts.com.cn\/product\/rabbit-bedding-pet-bunny-rabbit-bed\/#primaryimage"},"image":{"@id":"https:\/\/petproducts.com.cn\/product\/rabbit-bedding-pet-bunny-rabbit-bed\/#primaryimage"},"thumbnailUrl":"https:\/\/petproducts.com.cn\/wp-content\/uploads\/2024\/07\/rabbit-bedding.webp","datePublished":"2024-07-05T05:15:51+00:00","dateModified":"2024-07-05T05:49:20+00:00","description":"Entdecken Sie Kaninchenbetten, Kaninchenbetten f\u00fcr Haustiere, Kaninchenbetten vom Hersteller f\u00fcr Kaninchenbedarf. Ihre ideale Business-L\u00f6sung mit Petstar.","breadcrumb":{"@id":"https:\/\/petproducts.com.cn\/product\/rabbit-bedding-pet-bunny-rabbit-bed\/#breadcrumb"},"inLanguage":"de","potentialAction":[{"@type":"ReadAction","target":["https:\/\/petproducts.com.cn\/product\/rabbit-bedding-pet-bunny-rabbit-bed\/"]}]},{"@type":"ImageObject","inLanguage":"de","@id":"https:\/\/petproducts.com.cn\/product\/rabbit-bedding-pet-bunny-rabbit-bed\/#primaryimage","url":"https:\/\/petproducts.com.cn\/wp-content\/uploads\/2024\/07\/rabbit-bedding.webp","contentUrl":"https:\/\/petproducts.com.cn\/wp-content\/uploads\/2024\/07\/rabbit-bedding.webp","width":800,"height":800,"caption":"rabbit bedding"},{"@type":"BreadcrumbList","@id":"https:\/\/petproducts.com.cn\/product\/rabbit-bedding-pet-bunny-rabbit-bed\/#breadcrumb","itemListElement":[{"@type":"ListItem","position":1,"name":"HOME","item":"https:\/\/petproducts.com.cn\/"},{"@type":"ListItem","position":2,"name":"Products","item":"https:\/\/petproducts.com.cn\/shop\/"},{"@type":"ListItem","position":3,"name":"Rabbit Supplies","item":"https:\/\/petproducts.com.cn\/product-category\/rabbit-supplies\/"},{"@type":"ListItem","position":4,"name":"Rabbit Bedding Pet Bunny Rabbit Bed"}]},{"@type":"WebSite","@id":"https:\/\/petproducts.com.cn\/#website","url":"https:\/\/petproducts.com.cn\/","name":"Petstar","description":"F\u00fchrender Hersteller von Heimtierbedarf und OEM-Lieferant von Heimtierprodukten","publisher":{"@id":"https:\/\/petproducts.com.cn\/#organization"},"alternateName":"Petstar Pet Supplies","potentialAction":[{"@type":"SearchAction","target":{"@type":"EntryPoint","urlTemplate":"https:\/\/petproducts.com.cn\/?s={search_term_string}"},"query-input":{"@type":"PropertyValueSpecification","valueRequired":true,"valueName":"search_term_string"}}],"inLanguage":"de"},{"@type":"Organization","@id":"https:\/\/petproducts.com.cn\/#organization","name":"Petstar","url":"https:\/\/petproducts.com.cn\/","logo":{"@type":"ImageObject","inLanguage":"de","@id":"https:\/\/petproducts.com.cn\/#\/schema\/logo\/image\/","url":"https:\/\/petproducts.com.cn\/wp-content\/uploads\/2020\/02\/petstar-logo.webp","contentUrl":"https:\/\/petproducts.com.cn\/wp-content\/uploads\/2020\/02\/petstar-logo.webp","width":779,"height":520,"caption":"Petstar"},"image":{"@id":"https:\/\/petproducts.com.cn\/#\/schema\/logo\/image\/"}}]}},"_links":{"self":[{"href":"https:\/\/petproducts.com.cn\/de\/wp-json\/wp\/v2\/product\/26659","targetHints":{"allow":["GET"]}}],"collection":[{"href":"https:\/\/petproducts.com.cn\/de\/wp-json\/wp\/v2\/product"}],"about":[{"href":"https:\/\/petproducts.com.cn\/de\/wp-json\/wp\/v2\/types\/product"}],"version-history":[{"count":1,"href":"https:\/\/petproducts.com.cn\/de\/wp-json\/wp\/v2\/product\/26659\/revisions"}],"predecessor-version":[{"id":26663,"href":"https:\/\/petproducts.com.cn\/de\/wp-json\/wp\/v2\/product\/26659\/revisions\/26663"}],"wp:featuredmedia":[{"embeddable":true,"href":"https:\/\/petproducts.com.cn\/de\/wp-json\/wp\/v2\/media\/26669"}],"wp:attachment":[{"href":"https:\/\/petproducts.com.cn\/de\/wp-json\/wp\/v2\/media?parent=26659"}],"wp:term":[{"taxonomy":"product_brand","embeddable":true,"href":"https:\/\/petproducts.com.cn\/de\/wp-json\/wp\/v2\/product_brand?post=26659"},{"taxonomy":"product_cat","embeddable":true,"href":"https:\/\/petproducts.com.cn\/de\/wp-json\/wp\/v2\/product_cat?post=26659"},{"taxonomy":"product_tag","embeddable":true,"href":"https:\/\/petproducts.com.cn\/de\/wp-json\/wp\/v2\/product_tag?post=26659"}],"curies":[{"name":"wp","href":"https:\/\/api.w.org\/{rel}","templated":true}]}}