{"id":26877,"date":"2024-07-11T02:33:48","date_gmt":"2024-07-11T02:33:48","guid":{"rendered":"https:\/\/petproducts.com.cn\/?post_type=product&#038;p=26877"},"modified":"2024-07-11T02:52:41","modified_gmt":"2024-07-11T02:52:41","slug":"rabbit-bag-bunny-tote-bag-rabbit-carrier-bag","status":"publish","type":"product","link":"https:\/\/petproducts.com.cn\/de\/product\/rabbit-bag-bunny-tote-bag-rabbit-carrier-bag\/","title":{"rendered":"Kaninchentasche Bunny Tote Bag Kaninchentragetasche"},"content":{"rendered":"<h2>Merkmale der Kaninchentasche<\/h2>\n<ul>\n<li><strong>Ger\u00e4umiges Interieur<\/strong> Sie werden den gro\u00dfen Raum im Inneren der Kaninchentasche zu sch\u00e4tzen wissen, der Ihrem Kaninchen ausreichend Platz bietet, um sich bequem zu bewegen. Dieses ger\u00e4umige Design sorgt daf\u00fcr, dass sich Ihr Kaninchen entspannt und weniger eingeengt f\u00fchlt, was das Reisen zu einem angenehmen Erlebnis macht.<\/li>\n<li><strong>Praktisches Tote-Design<\/strong> Diese Kaninchentasche l\u00e4sst sich dank ihrer bequemen Griffe leicht tragen. Dank des Tote-Designs k\u00f6nnen Sie Ihr Kaninchen m\u00fchelos transportieren, egal ob Sie zum Tierarzt, in den Park oder auf eine Reise gehen.<\/li>\n<li><strong>Atmungsaktive Mesh-Paneele<\/strong> Ihr Kaninchen wird von den atmungsaktiven Mesh-Eins\u00e4tzen profitieren, die f\u00fcr eine hervorragende Bel\u00fcftung sorgen. Sie sorgen f\u00fcr eine konstante Frischluftzufuhr und halten Ihr Tier auf Reisen k\u00fchl und komfortabel, was f\u00fcr sein Wohlbefinden unerl\u00e4sslich ist.<\/li>\n<li><strong>Langlebige Konstruktion<\/strong> Diese Kaninchentragetasche ist aus hochwertigen, langlebigen Materialien gefertigt. Die robuste Konstruktion sorgt f\u00fcr eine lange Nutzungsdauer und bietet Ihrem Kaninchen eine sichere und gesch\u00fctzte Umgebung.<\/li>\n<li><strong>Einfacher Zugriff<\/strong> Durch die breite, sichere \u00d6ffnung k\u00f6nnen Sie Ihr Kaninchen einfach in die Transportbox setzen oder herausnehmen. Dieses Design erm\u00f6glicht einen problemlosen Zugang und macht den Vorgang sowohl f\u00fcr Sie als auch f\u00fcr Ihr Tier reibungslos und stressfrei.<\/li>\n<li><strong>Stilvoll und funktionell<\/strong> Sie werden das stilvolle Design dieser Hasentasche lieben, die Funktionalit\u00e4t mit \u00c4sthetik verbindet. Der schlichte Look macht diese Tragetasche zu einem modischen Accessoire, das gleichzeitig alle Ihre praktischen Bed\u00fcrfnisse erf\u00fcllt.<\/li>\n<\/ul>","protected":false},"excerpt":{"rendered":"<p>Die Kaninchentasche Bunny Tote Bag Rabbit Carrier Bag YF202206013 ist eine hervorragende Wahl f\u00fcr Kaninchenbesitzer, die eine zuverl\u00e4ssige, stilvolle und bequeme M\u00f6glichkeit suchen, ihre Tiere zu transportieren.<\/p>","protected":false},"featured_media":26882,"template":"","meta":{"_acf_changed":false},"product_brand":[],"product_cat":[158,164,156],"product_tag":[165,160],"class_list":{"0":"post-26877","1":"product","2":"type-product","3":"status-publish","4":"has-post-thumbnail","6":"product_cat-other-animal-supplies","7":"product_cat-rabbit-supplies","8":"product_cat-small-animal-supplies","9":"product_tag-rabbit-supplies","10":"product_tag-small-animal-supplies","12":"first","13":"instock","14":"shipping-taxable","15":"product-type-simple"},"acf":[],"yoast_head":"<!-- This site is optimized with the Yoast SEO plugin v27.1.1 - https:\/\/yoast.com\/product\/yoast-seo-wordpress\/ -->\n<title>Rabbit Bag | Rabbit Carrier Bag Manufacturer - Petstar<\/title>\n<meta name=\"description\" content=\"Explorerabbit bag, rabbit carrier bag, bunny tote bag from the rabbit supplies manufacturer. Your ideal business solution with Petstar.\" \/>\n<meta name=\"robots\" content=\"index, follow, max-snippet:-1, max-image-preview:large, max-video-preview:-1\" \/>\n<link rel=\"canonical\" href=\"https:\/\/petproducts.com.cn\/de\/produkt\/rabbit-bag-bunny-tote-bag-rabbit-carrier-bag\/\" \/>\n<meta property=\"og:locale\" content=\"de_DE\" \/>\n<meta property=\"og:type\" content=\"article\" \/>\n<meta property=\"og:title\" content=\"Rabbit Bag | Rabbit Carrier Bag Manufacturer - Petstar\" \/>\n<meta property=\"og:description\" content=\"Explorerabbit bag, rabbit carrier bag, bunny tote bag from the rabbit supplies manufacturer. Your ideal business solution with Petstar.\" \/>\n<meta property=\"og:url\" content=\"https:\/\/petproducts.com.cn\/de\/produkt\/rabbit-bag-bunny-tote-bag-rabbit-carrier-bag\/\" \/>\n<meta property=\"og:site_name\" content=\"Petstar\" \/>\n<meta property=\"article:modified_time\" content=\"2024-07-11T02:52:41+00:00\" \/>\n<meta property=\"og:image\" content=\"https:\/\/petproducts.com.cn\/wp-content\/uploads\/2024\/07\/Rabbit-Bag.webp\" \/>\n\t<meta property=\"og:image:width\" content=\"800\" \/>\n\t<meta property=\"og:image:height\" content=\"800\" \/>\n\t<meta property=\"og:image:type\" content=\"image\/webp\" \/>\n<meta name=\"twitter:card\" content=\"summary_large_image\" \/>\n<meta name=\"twitter:label1\" content=\"Gesch\u00e4tzte Lesezeit\" \/>\n\t<meta name=\"twitter:data1\" content=\"2\u00a0Minuten\" \/>\n<script type=\"application\/ld+json\" class=\"yoast-schema-graph\">{\"@context\":\"https:\/\/schema.org\",\"@graph\":[{\"@type\":\"WebPage\",\"@id\":\"https:\/\/petproducts.com.cn\/product\/rabbit-bag-bunny-tote-bag-rabbit-carrier-bag\/\",\"url\":\"https:\/\/petproducts.com.cn\/product\/rabbit-bag-bunny-tote-bag-rabbit-carrier-bag\/\",\"name\":\"Rabbit Bag | Rabbit Carrier Bag Manufacturer - Petstar\",\"isPartOf\":{\"@id\":\"https:\/\/petproducts.com.cn\/#website\"},\"primaryImageOfPage\":{\"@id\":\"https:\/\/petproducts.com.cn\/product\/rabbit-bag-bunny-tote-bag-rabbit-carrier-bag\/#primaryimage\"},\"image\":{\"@id\":\"https:\/\/petproducts.com.cn\/product\/rabbit-bag-bunny-tote-bag-rabbit-carrier-bag\/#primaryimage\"},\"thumbnailUrl\":\"https:\/\/petproducts.com.cn\/wp-content\/uploads\/2024\/07\/Rabbit-Bag.webp\",\"datePublished\":\"2024-07-11T02:33:48+00:00\",\"dateModified\":\"2024-07-11T02:52:41+00:00\",\"description\":\"Explorerabbit bag, rabbit carrier bag, bunny tote bag from the rabbit supplies manufacturer. Your ideal business solution with Petstar.\",\"breadcrumb\":{\"@id\":\"https:\/\/petproducts.com.cn\/product\/rabbit-bag-bunny-tote-bag-rabbit-carrier-bag\/#breadcrumb\"},\"inLanguage\":\"de\",\"potentialAction\":[{\"@type\":\"ReadAction\",\"target\":[\"https:\/\/petproducts.com.cn\/product\/rabbit-bag-bunny-tote-bag-rabbit-carrier-bag\/\"]}]},{\"@type\":\"ImageObject\",\"inLanguage\":\"de\",\"@id\":\"https:\/\/petproducts.com.cn\/product\/rabbit-bag-bunny-tote-bag-rabbit-carrier-bag\/#primaryimage\",\"url\":\"https:\/\/petproducts.com.cn\/wp-content\/uploads\/2024\/07\/Rabbit-Bag.webp\",\"contentUrl\":\"https:\/\/petproducts.com.cn\/wp-content\/uploads\/2024\/07\/Rabbit-Bag.webp\",\"width\":800,\"height\":800,\"caption\":\"Rabbit Bag\"},{\"@type\":\"BreadcrumbList\",\"@id\":\"https:\/\/petproducts.com.cn\/product\/rabbit-bag-bunny-tote-bag-rabbit-carrier-bag\/#breadcrumb\",\"itemListElement\":[{\"@type\":\"ListItem\",\"position\":1,\"name\":\"HOME\",\"item\":\"https:\/\/petproducts.com.cn\/\"},{\"@type\":\"ListItem\",\"position\":2,\"name\":\"Products\",\"item\":\"https:\/\/petproducts.com.cn\/shop\/\"},{\"@type\":\"ListItem\",\"position\":3,\"name\":\"Rabbit Supplies\",\"item\":\"https:\/\/petproducts.com.cn\/product-category\/rabbit-supplies\/\"},{\"@type\":\"ListItem\",\"position\":4,\"name\":\"Rabbit Bag Bunny Tote Bag Rabbit Carrier Bag\"}]},{\"@type\":\"WebSite\",\"@id\":\"https:\/\/petproducts.com.cn\/#website\",\"url\":\"https:\/\/petproducts.com.cn\/\",\"name\":\"Petstar\",\"description\":\"Leading Pet Supplies Manufacturer &amp; OEM Pet Products Supplier\",\"publisher\":{\"@id\":\"https:\/\/petproducts.com.cn\/#organization\"},\"alternateName\":\"Petstar Pet Supplies\",\"potentialAction\":[{\"@type\":\"SearchAction\",\"target\":{\"@type\":\"EntryPoint\",\"urlTemplate\":\"https:\/\/petproducts.com.cn\/?s={search_term_string}\"},\"query-input\":{\"@type\":\"PropertyValueSpecification\",\"valueRequired\":true,\"valueName\":\"search_term_string\"}}],\"inLanguage\":\"de\"},{\"@type\":\"Organization\",\"@id\":\"https:\/\/petproducts.com.cn\/#organization\",\"name\":\"Petstar\",\"url\":\"https:\/\/petproducts.com.cn\/\",\"logo\":{\"@type\":\"ImageObject\",\"inLanguage\":\"de\",\"@id\":\"https:\/\/petproducts.com.cn\/#\/schema\/logo\/image\/\",\"url\":\"https:\/\/petproducts.com.cn\/wp-content\/uploads\/2020\/02\/petstar-logo.webp\",\"contentUrl\":\"https:\/\/petproducts.com.cn\/wp-content\/uploads\/2020\/02\/petstar-logo.webp\",\"width\":779,\"height\":520,\"caption\":\"Petstar\"},\"image\":{\"@id\":\"https:\/\/petproducts.com.cn\/#\/schema\/logo\/image\/\"}}]}<\/script>\n<!-- \/ Yoast SEO plugin. -->","yoast_head_json":{"title":"Kaninchentasche | Kaninchentragetasche Hersteller - Petstar","description":"Entdecken Sie Kaninchentasche, Kaninchentragetasche, Kaninchentragetasche vom Hersteller f\u00fcr Kaninchenbedarf. Ihre ideale Business-L\u00f6sung mit Petstar.","robots":{"index":"index","follow":"follow","max-snippet":"max-snippet:-1","max-image-preview":"max-image-preview:large","max-video-preview":"max-video-preview:-1"},"canonical":"https:\/\/petproducts.com.cn\/de\/produkt\/rabbit-bag-bunny-tote-bag-rabbit-carrier-bag\/","og_locale":"de_DE","og_type":"article","og_title":"Rabbit Bag | Rabbit Carrier Bag Manufacturer - Petstar","og_description":"Explorerabbit bag, rabbit carrier bag, bunny tote bag from the rabbit supplies manufacturer. Your ideal business solution with Petstar.","og_url":"https:\/\/petproducts.com.cn\/de\/produkt\/rabbit-bag-bunny-tote-bag-rabbit-carrier-bag\/","og_site_name":"Petstar","article_modified_time":"2024-07-11T02:52:41+00:00","og_image":[{"width":800,"height":800,"url":"https:\/\/petproducts.com.cn\/wp-content\/uploads\/2024\/07\/Rabbit-Bag.webp","type":"image\/webp"}],"twitter_card":"summary_large_image","twitter_misc":{"Gesch\u00e4tzte Lesezeit":"2\u00a0Minuten"},"schema":{"@context":"https:\/\/schema.org","@graph":[{"@type":"WebPage","@id":"https:\/\/petproducts.com.cn\/product\/rabbit-bag-bunny-tote-bag-rabbit-carrier-bag\/","url":"https:\/\/petproducts.com.cn\/product\/rabbit-bag-bunny-tote-bag-rabbit-carrier-bag\/","name":"Kaninchentasche | Kaninchentragetasche Hersteller - Petstar","isPartOf":{"@id":"https:\/\/petproducts.com.cn\/#website"},"primaryImageOfPage":{"@id":"https:\/\/petproducts.com.cn\/product\/rabbit-bag-bunny-tote-bag-rabbit-carrier-bag\/#primaryimage"},"image":{"@id":"https:\/\/petproducts.com.cn\/product\/rabbit-bag-bunny-tote-bag-rabbit-carrier-bag\/#primaryimage"},"thumbnailUrl":"https:\/\/petproducts.com.cn\/wp-content\/uploads\/2024\/07\/Rabbit-Bag.webp","datePublished":"2024-07-11T02:33:48+00:00","dateModified":"2024-07-11T02:52:41+00:00","description":"Entdecken Sie Kaninchentasche, Kaninchentragetasche, Kaninchentragetasche vom Hersteller f\u00fcr Kaninchenbedarf. Ihre ideale Business-L\u00f6sung mit Petstar.","breadcrumb":{"@id":"https:\/\/petproducts.com.cn\/product\/rabbit-bag-bunny-tote-bag-rabbit-carrier-bag\/#breadcrumb"},"inLanguage":"de","potentialAction":[{"@type":"ReadAction","target":["https:\/\/petproducts.com.cn\/product\/rabbit-bag-bunny-tote-bag-rabbit-carrier-bag\/"]}]},{"@type":"ImageObject","inLanguage":"de","@id":"https:\/\/petproducts.com.cn\/product\/rabbit-bag-bunny-tote-bag-rabbit-carrier-bag\/#primaryimage","url":"https:\/\/petproducts.com.cn\/wp-content\/uploads\/2024\/07\/Rabbit-Bag.webp","contentUrl":"https:\/\/petproducts.com.cn\/wp-content\/uploads\/2024\/07\/Rabbit-Bag.webp","width":800,"height":800,"caption":"Rabbit Bag"},{"@type":"BreadcrumbList","@id":"https:\/\/petproducts.com.cn\/product\/rabbit-bag-bunny-tote-bag-rabbit-carrier-bag\/#breadcrumb","itemListElement":[{"@type":"ListItem","position":1,"name":"HOME","item":"https:\/\/petproducts.com.cn\/"},{"@type":"ListItem","position":2,"name":"Products","item":"https:\/\/petproducts.com.cn\/shop\/"},{"@type":"ListItem","position":3,"name":"Rabbit Supplies","item":"https:\/\/petproducts.com.cn\/product-category\/rabbit-supplies\/"},{"@type":"ListItem","position":4,"name":"Rabbit Bag Bunny Tote Bag Rabbit Carrier Bag"}]},{"@type":"WebSite","@id":"https:\/\/petproducts.com.cn\/#website","url":"https:\/\/petproducts.com.cn\/","name":"Petstar","description":"F\u00fchrender Hersteller von Heimtierbedarf und OEM-Lieferant von Heimtierprodukten","publisher":{"@id":"https:\/\/petproducts.com.cn\/#organization"},"alternateName":"Petstar Pet Supplies","potentialAction":[{"@type":"SearchAction","target":{"@type":"EntryPoint","urlTemplate":"https:\/\/petproducts.com.cn\/?s={search_term_string}"},"query-input":{"@type":"PropertyValueSpecification","valueRequired":true,"valueName":"search_term_string"}}],"inLanguage":"de"},{"@type":"Organization","@id":"https:\/\/petproducts.com.cn\/#organization","name":"Petstar","url":"https:\/\/petproducts.com.cn\/","logo":{"@type":"ImageObject","inLanguage":"de","@id":"https:\/\/petproducts.com.cn\/#\/schema\/logo\/image\/","url":"https:\/\/petproducts.com.cn\/wp-content\/uploads\/2020\/02\/petstar-logo.webp","contentUrl":"https:\/\/petproducts.com.cn\/wp-content\/uploads\/2020\/02\/petstar-logo.webp","width":779,"height":520,"caption":"Petstar"},"image":{"@id":"https:\/\/petproducts.com.cn\/#\/schema\/logo\/image\/"}}]}},"_links":{"self":[{"href":"https:\/\/petproducts.com.cn\/de\/wp-json\/wp\/v2\/product\/26877","targetHints":{"allow":["GET"]}}],"collection":[{"href":"https:\/\/petproducts.com.cn\/de\/wp-json\/wp\/v2\/product"}],"about":[{"href":"https:\/\/petproducts.com.cn\/de\/wp-json\/wp\/v2\/types\/product"}],"version-history":[{"count":3,"href":"https:\/\/petproducts.com.cn\/de\/wp-json\/wp\/v2\/product\/26877\/revisions"}],"predecessor-version":[{"id":26888,"href":"https:\/\/petproducts.com.cn\/de\/wp-json\/wp\/v2\/product\/26877\/revisions\/26888"}],"wp:featuredmedia":[{"embeddable":true,"href":"https:\/\/petproducts.com.cn\/de\/wp-json\/wp\/v2\/media\/26882"}],"wp:attachment":[{"href":"https:\/\/petproducts.com.cn\/de\/wp-json\/wp\/v2\/media?parent=26877"}],"wp:term":[{"taxonomy":"product_brand","embeddable":true,"href":"https:\/\/petproducts.com.cn\/de\/wp-json\/wp\/v2\/product_brand?post=26877"},{"taxonomy":"product_cat","embeddable":true,"href":"https:\/\/petproducts.com.cn\/de\/wp-json\/wp\/v2\/product_cat?post=26877"},{"taxonomy":"product_tag","embeddable":true,"href":"https:\/\/petproducts.com.cn\/de\/wp-json\/wp\/v2\/product_tag?post=26877"}],"curies":[{"name":"wp","href":"https:\/\/api.w.org\/{rel}","templated":true}]}}