{"id":27895,"date":"2024-08-09T05:55:50","date_gmt":"2024-08-09T05:55:50","guid":{"rendered":"https:\/\/petproducts.com.cn\/?post_type=product&#038;p=27895"},"modified":"2024-08-09T06:42:23","modified_gmt":"2024-08-09T06:42:23","slug":"hamburger-cat-bed-cute-3-in-1-pet-cat-caves-beds","status":"publish","type":"product","link":"https:\/\/petproducts.com.cn\/de\/product\/hamburger-cat-bed-cute-3-in-1-pet-cat-caves-beds\/","title":{"rendered":"Hamburger Katze Bett niedlich 3 in 1 Haustier Katze H\u00f6hlen Betten"},"content":{"rendered":"<h2>Eigenschaften von Hamburger Cat Bed<\/h2>\n<p>Der <strong>Hamburger Katzenbett<\/strong> ist eine bezaubernde 3-in-1-Haustierh\u00f6hle, die Komfort, Vielseitigkeit und ein lustiges Design bietet und damit der perfekte R\u00fcckzugsort f\u00fcr Ihr Haustier ist.<\/p>\n<ul>\n<li><strong>Charmantes Hamburger Design:<\/strong> Das Bett hat die verspielte Form eines Hamburgers und ist damit ein einzigartiger Blickfang in jedem Raum. Dieses Design erfreut nicht nur Haustiere, sondern bringt auch ein lustiges, skurriles Element in Ihr Zuhause.<\/li>\n<\/ul>\n<ul>\n<li><strong>3-in-1-Funktionalit\u00e4t:<\/strong> Das Bett bietet drei vielseitige Verwendungsm\u00f6glichkeiten in einem Produkt. Ihr Haustier kann es als kuschelige H\u00f6hle, als bequemes Sofabett oder als flaches Kissen nutzen und sich so an seine wechselnden Vorlieben anpassen.<\/li>\n<li><strong>Abnehmbare obere Abdeckung:<\/strong> Die obere Abdeckung des Bettes, die als \"Top Bun\" bezeichnet wird, ist abnehmbar, so dass Sie die H\u00f6hle in eine flache Matte verwandeln k\u00f6nnen. Dadurch kann das Bett je nach den Bed\u00fcrfnissen Ihres Tieres flexibel genutzt werden.<\/li>\n<li><strong>Umwandelbares Schlafsofa:<\/strong> Der mittlere Teil des Bettes kann heruntergeklappt werden, um ein Bett im Sofastil zu schaffen. Diese Option ist perfekt f\u00fcr Haustiere, die gerne etwas erh\u00f6ht liegen und bietet zus\u00e4tzlichen Halt und Komfort.<\/li>\n<li><strong>Niedliche und gem\u00fctliche H\u00f6hle:<\/strong> Die h\u00f6hlenartige Struktur bietet ein Gef\u00fchl der Sicherheit und Privatsph\u00e4re f\u00fcr Ihr Haustier. Es ist das perfekte Versteck f\u00fcr Katzen oder kleine Hunde, die sich gerne in einem sicheren und geschlossenen Raum zusammenrollen.<\/li>\n<\/ul>\n<p>&nbsp;<\/p>","protected":false},"excerpt":{"rendered":"<p>Das Hamburger Cat Bed YF128090 ist eine charmante 3-in-1-H\u00f6hle f\u00fcr Haustiere, die Komfort, Vielseitigkeit und ein lustiges Design bietet und somit der perfekte R\u00fcckzugsort f\u00fcr Ihr Haustier ist.<\/p>","protected":false},"featured_media":27901,"template":"","meta":{"_acf_changed":false},"product_brand":[],"product_cat":[58,71,57,72],"product_tag":[203,197],"class_list":{"0":"post-27895","1":"product","2":"type-product","3":"status-publish","4":"has-post-thumbnail","6":"product_cat-cat-beds","7":"product_cat-cat-supplies","8":"product_cat-dog-beds","9":"product_cat-dog-supplies","10":"product_tag-pet-beds","11":"product_tag-pet-cave-beds","13":"first","14":"instock","15":"shipping-taxable","16":"product-type-simple"},"acf":[],"yoast_head":"<!-- This site is optimized with the Yoast SEO plugin v27.1.1 - https:\/\/yoast.com\/product\/yoast-seo-wordpress\/ -->\n<title>Hamburger Cat Bed | Cat Caves Beds Manufacturer- Petstar<\/title>\n<meta name=\"description\" content=\"Explore Hamburger Cat Bed from the best pet products supplier. Petstar is a global pet supplies manufacturer. Your ideal business solution with Petstar.\" \/>\n<meta name=\"robots\" content=\"index, follow, max-snippet:-1, max-image-preview:large, max-video-preview:-1\" \/>\n<link rel=\"canonical\" href=\"https:\/\/petproducts.com.cn\/de\/produkt\/hamburger-cat-bed-cute-3-in-1-pet-cat-caves-beds\/\" \/>\n<meta property=\"og:locale\" content=\"de_DE\" \/>\n<meta property=\"og:type\" content=\"article\" \/>\n<meta property=\"og:title\" content=\"Hamburger Cat Bed | Cat Caves Beds Manufacturer- Petstar\" \/>\n<meta property=\"og:description\" content=\"Explore Hamburger Cat Bed from the best pet products supplier. Petstar is a global pet supplies manufacturer. Your ideal business solution with Petstar.\" \/>\n<meta property=\"og:url\" content=\"https:\/\/petproducts.com.cn\/de\/produkt\/hamburger-cat-bed-cute-3-in-1-pet-cat-caves-beds\/\" \/>\n<meta property=\"og:site_name\" content=\"Petstar\" \/>\n<meta property=\"article:modified_time\" content=\"2024-08-09T06:42:23+00:00\" \/>\n<meta property=\"og:image\" content=\"https:\/\/petproducts.com.cn\/wp-content\/uploads\/2024\/08\/Hamburger-Cat-Bed.webp\" \/>\n\t<meta property=\"og:image:width\" content=\"1000\" \/>\n\t<meta property=\"og:image:height\" content=\"1000\" \/>\n\t<meta property=\"og:image:type\" content=\"image\/webp\" \/>\n<meta name=\"twitter:card\" content=\"summary_large_image\" \/>\n<meta name=\"twitter:label1\" content=\"Gesch\u00e4tzte Lesezeit\" \/>\n\t<meta name=\"twitter:data1\" content=\"2\u00a0Minuten\" \/>\n<script type=\"application\/ld+json\" class=\"yoast-schema-graph\">{\"@context\":\"https:\/\/schema.org\",\"@graph\":[{\"@type\":\"WebPage\",\"@id\":\"https:\/\/petproducts.com.cn\/product\/hamburger-cat-bed-cute-3-in-1-pet-cat-caves-beds\/\",\"url\":\"https:\/\/petproducts.com.cn\/product\/hamburger-cat-bed-cute-3-in-1-pet-cat-caves-beds\/\",\"name\":\"Hamburger Cat Bed | Cat Caves Beds Manufacturer- Petstar\",\"isPartOf\":{\"@id\":\"https:\/\/petproducts.com.cn\/#website\"},\"primaryImageOfPage\":{\"@id\":\"https:\/\/petproducts.com.cn\/product\/hamburger-cat-bed-cute-3-in-1-pet-cat-caves-beds\/#primaryimage\"},\"image\":{\"@id\":\"https:\/\/petproducts.com.cn\/product\/hamburger-cat-bed-cute-3-in-1-pet-cat-caves-beds\/#primaryimage\"},\"thumbnailUrl\":\"https:\/\/petproducts.com.cn\/wp-content\/uploads\/2024\/08\/Hamburger-Cat-Bed.webp\",\"datePublished\":\"2024-08-09T05:55:50+00:00\",\"dateModified\":\"2024-08-09T06:42:23+00:00\",\"description\":\"Explore Hamburger Cat Bed from the best pet products supplier. Petstar is a global pet supplies manufacturer. Your ideal business solution with Petstar.\",\"breadcrumb\":{\"@id\":\"https:\/\/petproducts.com.cn\/product\/hamburger-cat-bed-cute-3-in-1-pet-cat-caves-beds\/#breadcrumb\"},\"inLanguage\":\"de\",\"potentialAction\":[{\"@type\":\"ReadAction\",\"target\":[\"https:\/\/petproducts.com.cn\/product\/hamburger-cat-bed-cute-3-in-1-pet-cat-caves-beds\/\"]}]},{\"@type\":\"ImageObject\",\"inLanguage\":\"de\",\"@id\":\"https:\/\/petproducts.com.cn\/product\/hamburger-cat-bed-cute-3-in-1-pet-cat-caves-beds\/#primaryimage\",\"url\":\"https:\/\/petproducts.com.cn\/wp-content\/uploads\/2024\/08\/Hamburger-Cat-Bed.webp\",\"contentUrl\":\"https:\/\/petproducts.com.cn\/wp-content\/uploads\/2024\/08\/Hamburger-Cat-Bed.webp\",\"width\":1000,\"height\":1000,\"caption\":\"Hamburger Cat Bed\"},{\"@type\":\"BreadcrumbList\",\"@id\":\"https:\/\/petproducts.com.cn\/product\/hamburger-cat-bed-cute-3-in-1-pet-cat-caves-beds\/#breadcrumb\",\"itemListElement\":[{\"@type\":\"ListItem\",\"position\":1,\"name\":\"HOME\",\"item\":\"https:\/\/petproducts.com.cn\/\"},{\"@type\":\"ListItem\",\"position\":2,\"name\":\"Products\",\"item\":\"https:\/\/petproducts.com.cn\/shop\/\"},{\"@type\":\"ListItem\",\"position\":3,\"name\":\"Cat Beds\",\"item\":\"https:\/\/petproducts.com.cn\/product-category\/cat-beds\/\"},{\"@type\":\"ListItem\",\"position\":4,\"name\":\"Hamburger Cat Bed Cute 3 In 1 Pet Cat Caves Beds\"}]},{\"@type\":\"WebSite\",\"@id\":\"https:\/\/petproducts.com.cn\/#website\",\"url\":\"https:\/\/petproducts.com.cn\/\",\"name\":\"Petstar\",\"description\":\"Leading Pet Supplies Manufacturer &amp; OEM Pet Products Supplier\",\"publisher\":{\"@id\":\"https:\/\/petproducts.com.cn\/#organization\"},\"alternateName\":\"Petstar Pet Supplies\",\"potentialAction\":[{\"@type\":\"SearchAction\",\"target\":{\"@type\":\"EntryPoint\",\"urlTemplate\":\"https:\/\/petproducts.com.cn\/?s={search_term_string}\"},\"query-input\":{\"@type\":\"PropertyValueSpecification\",\"valueRequired\":true,\"valueName\":\"search_term_string\"}}],\"inLanguage\":\"de\"},{\"@type\":\"Organization\",\"@id\":\"https:\/\/petproducts.com.cn\/#organization\",\"name\":\"Petstar\",\"url\":\"https:\/\/petproducts.com.cn\/\",\"logo\":{\"@type\":\"ImageObject\",\"inLanguage\":\"de\",\"@id\":\"https:\/\/petproducts.com.cn\/#\/schema\/logo\/image\/\",\"url\":\"https:\/\/petproducts.com.cn\/wp-content\/uploads\/2020\/02\/petstar-logo.webp\",\"contentUrl\":\"https:\/\/petproducts.com.cn\/wp-content\/uploads\/2020\/02\/petstar-logo.webp\",\"width\":779,\"height\":520,\"caption\":\"Petstar\"},\"image\":{\"@id\":\"https:\/\/petproducts.com.cn\/#\/schema\/logo\/image\/\"}}]}<\/script>\n<!-- \/ Yoast SEO plugin. -->","yoast_head_json":{"title":"Hamburger Katzenbett | Katzenh\u00f6hlen Betten Hersteller- Petstar","description":"Entdecken Sie das Hamburger Katzenbett vom besten Anbieter f\u00fcr Haustierprodukte. Petstar ist ein globaler Hersteller von Haustierbedarf. Ihre ideale Gesch\u00e4ftsl\u00f6sung mit Petstar.","robots":{"index":"index","follow":"follow","max-snippet":"max-snippet:-1","max-image-preview":"max-image-preview:large","max-video-preview":"max-video-preview:-1"},"canonical":"https:\/\/petproducts.com.cn\/de\/produkt\/hamburger-cat-bed-cute-3-in-1-pet-cat-caves-beds\/","og_locale":"de_DE","og_type":"article","og_title":"Hamburger Cat Bed | Cat Caves Beds Manufacturer- Petstar","og_description":"Explore Hamburger Cat Bed from the best pet products supplier. Petstar is a global pet supplies manufacturer. Your ideal business solution with Petstar.","og_url":"https:\/\/petproducts.com.cn\/de\/produkt\/hamburger-cat-bed-cute-3-in-1-pet-cat-caves-beds\/","og_site_name":"Petstar","article_modified_time":"2024-08-09T06:42:23+00:00","og_image":[{"width":1000,"height":1000,"url":"https:\/\/petproducts.com.cn\/wp-content\/uploads\/2024\/08\/Hamburger-Cat-Bed.webp","type":"image\/webp"}],"twitter_card":"summary_large_image","twitter_misc":{"Gesch\u00e4tzte Lesezeit":"2\u00a0Minuten"},"schema":{"@context":"https:\/\/schema.org","@graph":[{"@type":"WebPage","@id":"https:\/\/petproducts.com.cn\/product\/hamburger-cat-bed-cute-3-in-1-pet-cat-caves-beds\/","url":"https:\/\/petproducts.com.cn\/product\/hamburger-cat-bed-cute-3-in-1-pet-cat-caves-beds\/","name":"Hamburger Katzenbett | Katzenh\u00f6hlen Betten Hersteller- Petstar","isPartOf":{"@id":"https:\/\/petproducts.com.cn\/#website"},"primaryImageOfPage":{"@id":"https:\/\/petproducts.com.cn\/product\/hamburger-cat-bed-cute-3-in-1-pet-cat-caves-beds\/#primaryimage"},"image":{"@id":"https:\/\/petproducts.com.cn\/product\/hamburger-cat-bed-cute-3-in-1-pet-cat-caves-beds\/#primaryimage"},"thumbnailUrl":"https:\/\/petproducts.com.cn\/wp-content\/uploads\/2024\/08\/Hamburger-Cat-Bed.webp","datePublished":"2024-08-09T05:55:50+00:00","dateModified":"2024-08-09T06:42:23+00:00","description":"Entdecken Sie das Hamburger Katzenbett vom besten Anbieter f\u00fcr Haustierprodukte. Petstar ist ein globaler Hersteller von Haustierbedarf. Ihre ideale Gesch\u00e4ftsl\u00f6sung mit Petstar.","breadcrumb":{"@id":"https:\/\/petproducts.com.cn\/product\/hamburger-cat-bed-cute-3-in-1-pet-cat-caves-beds\/#breadcrumb"},"inLanguage":"de","potentialAction":[{"@type":"ReadAction","target":["https:\/\/petproducts.com.cn\/product\/hamburger-cat-bed-cute-3-in-1-pet-cat-caves-beds\/"]}]},{"@type":"ImageObject","inLanguage":"de","@id":"https:\/\/petproducts.com.cn\/product\/hamburger-cat-bed-cute-3-in-1-pet-cat-caves-beds\/#primaryimage","url":"https:\/\/petproducts.com.cn\/wp-content\/uploads\/2024\/08\/Hamburger-Cat-Bed.webp","contentUrl":"https:\/\/petproducts.com.cn\/wp-content\/uploads\/2024\/08\/Hamburger-Cat-Bed.webp","width":1000,"height":1000,"caption":"Hamburger Cat Bed"},{"@type":"BreadcrumbList","@id":"https:\/\/petproducts.com.cn\/product\/hamburger-cat-bed-cute-3-in-1-pet-cat-caves-beds\/#breadcrumb","itemListElement":[{"@type":"ListItem","position":1,"name":"HOME","item":"https:\/\/petproducts.com.cn\/"},{"@type":"ListItem","position":2,"name":"Products","item":"https:\/\/petproducts.com.cn\/shop\/"},{"@type":"ListItem","position":3,"name":"Cat Beds","item":"https:\/\/petproducts.com.cn\/product-category\/cat-beds\/"},{"@type":"ListItem","position":4,"name":"Hamburger Cat Bed Cute 3 In 1 Pet Cat Caves Beds"}]},{"@type":"WebSite","@id":"https:\/\/petproducts.com.cn\/#website","url":"https:\/\/petproducts.com.cn\/","name":"Petstar","description":"F\u00fchrender Hersteller von Heimtierbedarf und OEM-Lieferant von Heimtierprodukten","publisher":{"@id":"https:\/\/petproducts.com.cn\/#organization"},"alternateName":"Petstar Pet Supplies","potentialAction":[{"@type":"SearchAction","target":{"@type":"EntryPoint","urlTemplate":"https:\/\/petproducts.com.cn\/?s={search_term_string}"},"query-input":{"@type":"PropertyValueSpecification","valueRequired":true,"valueName":"search_term_string"}}],"inLanguage":"de"},{"@type":"Organization","@id":"https:\/\/petproducts.com.cn\/#organization","name":"Petstar","url":"https:\/\/petproducts.com.cn\/","logo":{"@type":"ImageObject","inLanguage":"de","@id":"https:\/\/petproducts.com.cn\/#\/schema\/logo\/image\/","url":"https:\/\/petproducts.com.cn\/wp-content\/uploads\/2020\/02\/petstar-logo.webp","contentUrl":"https:\/\/petproducts.com.cn\/wp-content\/uploads\/2020\/02\/petstar-logo.webp","width":779,"height":520,"caption":"Petstar"},"image":{"@id":"https:\/\/petproducts.com.cn\/#\/schema\/logo\/image\/"}}]}},"_links":{"self":[{"href":"https:\/\/petproducts.com.cn\/de\/wp-json\/wp\/v2\/product\/27895","targetHints":{"allow":["GET"]}}],"collection":[{"href":"https:\/\/petproducts.com.cn\/de\/wp-json\/wp\/v2\/product"}],"about":[{"href":"https:\/\/petproducts.com.cn\/de\/wp-json\/wp\/v2\/types\/product"}],"version-history":[{"count":2,"href":"https:\/\/petproducts.com.cn\/de\/wp-json\/wp\/v2\/product\/27895\/revisions"}],"predecessor-version":[{"id":27903,"href":"https:\/\/petproducts.com.cn\/de\/wp-json\/wp\/v2\/product\/27895\/revisions\/27903"}],"wp:featuredmedia":[{"embeddable":true,"href":"https:\/\/petproducts.com.cn\/de\/wp-json\/wp\/v2\/media\/27901"}],"wp:attachment":[{"href":"https:\/\/petproducts.com.cn\/de\/wp-json\/wp\/v2\/media?parent=27895"}],"wp:term":[{"taxonomy":"product_brand","embeddable":true,"href":"https:\/\/petproducts.com.cn\/de\/wp-json\/wp\/v2\/product_brand?post=27895"},{"taxonomy":"product_cat","embeddable":true,"href":"https:\/\/petproducts.com.cn\/de\/wp-json\/wp\/v2\/product_cat?post=27895"},{"taxonomy":"product_tag","embeddable":true,"href":"https:\/\/petproducts.com.cn\/de\/wp-json\/wp\/v2\/product_tag?post=27895"}],"curies":[{"name":"wp","href":"https:\/\/api.w.org\/{rel}","templated":true}]}}