{"id":28246,"date":"2024-08-22T05:22:50","date_gmt":"2024-08-22T05:22:50","guid":{"rendered":"https:\/\/petproducts.com.cn\/?post_type=product&#038;p=28246"},"modified":"2024-08-26T02:29:09","modified_gmt":"2024-08-26T02:29:09","slug":"luminous-dog-collar-safe-night-pet-best-reflective-dog-collar","status":"publish","type":"product","link":"https:\/\/petproducts.com.cn\/de\/product\/luminous-dog-collar-safe-night-pet-best-reflective-dog-collar\/","title":{"rendered":"Leuchtendes Hundehalsband Safe Night Pet Best Reflective Dog Collar"},"content":{"rendered":"<h2><strong>Eigenschaften des leuchtenden Hundehalsbandes<\/strong><\/h2>\n<ul>\n<li><strong>Leuchtendes Gl\u00fchen:<\/strong> Das leuchtende Hundehalsband strahlt bei schlechten Lichtverh\u00e4ltnissen ein sanftes Leuchten aus, um die Sichtbarkeit Ihres Hundes bei Nachtspazierg\u00e4ngen zu erh\u00f6hen. Diese Funktion sorgt daf\u00fcr, dass Ihr Haustier auch im Dunkeln gesehen wird.<\/li>\n<li><strong>Reflektierende Streifen:<\/strong> Das Halsband ist mit reflektierenden Streifen ausgestattet, die Licht einfangen und reflektieren und Ihren Hund aus allen Richtungen sichtbar machen. Dieses reflektierende Design ist wichtig f\u00fcr die Sicherheit, besonders in der N\u00e4he von Stra\u00dfen oder in schwach beleuchteten Bereichen.<\/li>\n<li><strong>Einstellbare Gr\u00f6\u00dfe:<\/strong> Sie k\u00f6nnen das Halsband ganz einfach so einstellen, dass es bequem am Hals Ihres Hundes anliegt. Dank dieser Flexibilit\u00e4t kann das Halsband an wachsende Welpen oder mehrere Haustiere angepasst werden und gew\u00e4hrleistet einen festen und sicheren Sitz.<\/li>\n<li><strong>Sicherheit bei Nacht:<\/strong> Die Kombination aus leuchtendem und reflektierendem Material sorgt daf\u00fcr, dass Ihr Hund bei n\u00e4chtlichen Aktivit\u00e4ten sicher bleibt. Sie k\u00f6nnen getrost mit Ihrem Hund spazieren gehen und wissen, dass er f\u00fcr andere sichtbar ist.<\/li>\n<li><strong>Durable Construction:<\/strong> Das aus hochwertigen Materialien gefertigte Halsband ist f\u00fcr die t\u00e4gliche Beanspruchung ausgelegt. Sein strapazierf\u00e4higes Design sorgt f\u00fcr eine lange Nutzungsdauer, selbst bei den aktivsten Hunden.<\/li>\n<li><strong>Schnellverschluss-Schnalle:<\/strong> Das Halsband ist mit einer Schnellverschlussschnalle ausgestattet, die ein einfaches An- und Ablegen erm\u00f6glicht. Diese Funktion ist besonders n\u00fctzlich f\u00fcr viel besch\u00e4ftigte Tierhalter, die das Halsband schnell abnehmen m\u00fcssen.<\/li>\n<li><strong>Leichtes Design:<\/strong> Das Halsband ist leicht, so dass sich Ihr Hund beim Tragen nicht belastet f\u00fchlt. Dies gew\u00e4hrleistet den Komfort und die Bewegungsfreiheit Ihres Hundes bei Spazierg\u00e4ngen oder beim Spielen.<\/li>\n<li><strong>Stilvolles Erscheinungsbild:<\/strong> Das Halsband zeichnet sich durch ein elegantes und modernes Design aus, das das Erscheinungsbild Ihres Hundes erg\u00e4nzt. Sein stilvolles Aussehen macht es zu einem gro\u00dfartigen Accessoire f\u00fcr Hunde aller Rassen und Gr\u00f6\u00dfen.<\/li>\n<\/ul>\n<p style=\"text-align: center;\"><em><strong>F\u00fcr mehr <a href=\"https:\/\/petproducts.com.cn\/de\/dog-collar-manufacturer\/\">Hundehalsband<\/a>, Bitte <a href=\"https:\/\/petproducts.com.cn\/de\/kontaktieren-sie-uns\/\">kontaktiere uns<\/a>!<\/strong><\/em><\/p>\n<p>&nbsp;<\/p>","protected":false},"excerpt":{"rendered":"<p>Sorgen Sie daf\u00fcr, dass Ihr Hund bei n\u00e4chtlichen Spazierg\u00e4ngen sicher und gut sichtbar ist, mit diesem leuchtenden Hundehalsband, das mit reflektierenden Materialien und einer verstellbaren Passform f\u00fcr optimalen Komfort ausgestattet ist.<\/p>","protected":false},"featured_media":28254,"template":"","meta":{"_acf_changed":false},"product_brand":[],"product_cat":[124,72],"product_tag":[212],"class_list":{"0":"post-28246","1":"product","2":"type-product","3":"status-publish","4":"has-post-thumbnail","6":"product_cat-dog-collars-leashes-harnesses","7":"product_cat-dog-supplies","8":"product_tag-pet-collars","10":"first","11":"instock","12":"shipping-taxable","13":"product-type-simple"},"acf":[],"yoast_head":"<!-- This site is optimized with the Yoast SEO plugin v27.1.1 - https:\/\/yoast.com\/product\/yoast-seo-wordpress\/ -->\n<title>Luminous Dog Collar | Best Reflective Dog Collar Manufacturer - Petstar<\/title>\n<meta name=\"description\" content=\"Explore Luminous Dog Collar from the best pet collar supplier. Petstar is a global pet supplies manufacturer. Your ideal business solution with Petstar.\" \/>\n<meta name=\"robots\" content=\"index, follow, max-snippet:-1, max-image-preview:large, max-video-preview:-1\" \/>\n<link rel=\"canonical\" href=\"https:\/\/petproducts.com.cn\/de\/produkt\/luminous-dog-collar-safe-night-pet-best-reflective-dog-collar\/\" \/>\n<meta property=\"og:locale\" content=\"de_DE\" \/>\n<meta property=\"og:type\" content=\"article\" \/>\n<meta property=\"og:title\" content=\"Luminous Dog Collar | Best Reflective Dog Collar Manufacturer - Petstar\" \/>\n<meta property=\"og:description\" content=\"Explore Luminous Dog Collar from the best pet collar supplier. Petstar is a global pet supplies manufacturer. Your ideal business solution with Petstar.\" \/>\n<meta property=\"og:url\" content=\"https:\/\/petproducts.com.cn\/de\/produkt\/luminous-dog-collar-safe-night-pet-best-reflective-dog-collar\/\" \/>\n<meta property=\"og:site_name\" content=\"Petstar\" \/>\n<meta property=\"article:modified_time\" content=\"2024-08-26T02:29:09+00:00\" \/>\n<meta property=\"og:image\" content=\"https:\/\/petproducts.com.cn\/wp-content\/uploads\/2024\/08\/wholesale-Luminous-Dog-Collar.webp\" \/>\n\t<meta property=\"og:image:width\" content=\"1000\" \/>\n\t<meta property=\"og:image:height\" content=\"1000\" \/>\n\t<meta property=\"og:image:type\" content=\"image\/webp\" \/>\n<meta name=\"twitter:card\" content=\"summary_large_image\" \/>\n<meta name=\"twitter:label1\" content=\"Gesch\u00e4tzte Lesezeit\" \/>\n\t<meta name=\"twitter:data1\" content=\"2\u00a0Minuten\" \/>\n<script type=\"application\/ld+json\" class=\"yoast-schema-graph\">{\"@context\":\"https:\/\/schema.org\",\"@graph\":[{\"@type\":\"WebPage\",\"@id\":\"https:\/\/petproducts.com.cn\/product\/luminous-dog-collar-safe-night-pet-best-reflective-dog-collar\/\",\"url\":\"https:\/\/petproducts.com.cn\/product\/luminous-dog-collar-safe-night-pet-best-reflective-dog-collar\/\",\"name\":\"Luminous Dog Collar | Best Reflective Dog Collar Manufacturer - Petstar\",\"isPartOf\":{\"@id\":\"https:\/\/petproducts.com.cn\/#website\"},\"primaryImageOfPage\":{\"@id\":\"https:\/\/petproducts.com.cn\/product\/luminous-dog-collar-safe-night-pet-best-reflective-dog-collar\/#primaryimage\"},\"image\":{\"@id\":\"https:\/\/petproducts.com.cn\/product\/luminous-dog-collar-safe-night-pet-best-reflective-dog-collar\/#primaryimage\"},\"thumbnailUrl\":\"https:\/\/petproducts.com.cn\/wp-content\/uploads\/2024\/08\/wholesale-Luminous-Dog-Collar.webp\",\"datePublished\":\"2024-08-22T05:22:50+00:00\",\"dateModified\":\"2024-08-26T02:29:09+00:00\",\"description\":\"Explore Luminous Dog Collar from the best pet collar supplier. Petstar is a global pet supplies manufacturer. Your ideal business solution with Petstar.\",\"breadcrumb\":{\"@id\":\"https:\/\/petproducts.com.cn\/product\/luminous-dog-collar-safe-night-pet-best-reflective-dog-collar\/#breadcrumb\"},\"inLanguage\":\"de\",\"potentialAction\":[{\"@type\":\"ReadAction\",\"target\":[\"https:\/\/petproducts.com.cn\/product\/luminous-dog-collar-safe-night-pet-best-reflective-dog-collar\/\"]}]},{\"@type\":\"ImageObject\",\"inLanguage\":\"de\",\"@id\":\"https:\/\/petproducts.com.cn\/product\/luminous-dog-collar-safe-night-pet-best-reflective-dog-collar\/#primaryimage\",\"url\":\"https:\/\/petproducts.com.cn\/wp-content\/uploads\/2024\/08\/wholesale-Luminous-Dog-Collar.webp\",\"contentUrl\":\"https:\/\/petproducts.com.cn\/wp-content\/uploads\/2024\/08\/wholesale-Luminous-Dog-Collar.webp\",\"width\":1000,\"height\":1000,\"caption\":\"wholesale Luminous Dog Collar\"},{\"@type\":\"BreadcrumbList\",\"@id\":\"https:\/\/petproducts.com.cn\/product\/luminous-dog-collar-safe-night-pet-best-reflective-dog-collar\/#breadcrumb\",\"itemListElement\":[{\"@type\":\"ListItem\",\"position\":1,\"name\":\"HOME\",\"item\":\"https:\/\/petproducts.com.cn\/\"},{\"@type\":\"ListItem\",\"position\":2,\"name\":\"Products\",\"item\":\"https:\/\/petproducts.com.cn\/shop\/\"},{\"@type\":\"ListItem\",\"position\":3,\"name\":\"Dog Collars, Leashes &amp; Harnesses\",\"item\":\"https:\/\/petproducts.com.cn\/product-category\/dog-collars-leashes-harnesses\/\"},{\"@type\":\"ListItem\",\"position\":4,\"name\":\"Luminous Dog Collar Safe Night Pet Best Reflective Dog Collar\"}]},{\"@type\":\"WebSite\",\"@id\":\"https:\/\/petproducts.com.cn\/#website\",\"url\":\"https:\/\/petproducts.com.cn\/\",\"name\":\"Petstar\",\"description\":\"Leading Pet Supplies Manufacturer &amp; OEM Pet Products Supplier\",\"publisher\":{\"@id\":\"https:\/\/petproducts.com.cn\/#organization\"},\"alternateName\":\"Petstar Pet Supplies\",\"potentialAction\":[{\"@type\":\"SearchAction\",\"target\":{\"@type\":\"EntryPoint\",\"urlTemplate\":\"https:\/\/petproducts.com.cn\/?s={search_term_string}\"},\"query-input\":{\"@type\":\"PropertyValueSpecification\",\"valueRequired\":true,\"valueName\":\"search_term_string\"}}],\"inLanguage\":\"de\"},{\"@type\":\"Organization\",\"@id\":\"https:\/\/petproducts.com.cn\/#organization\",\"name\":\"Petstar\",\"url\":\"https:\/\/petproducts.com.cn\/\",\"logo\":{\"@type\":\"ImageObject\",\"inLanguage\":\"de\",\"@id\":\"https:\/\/petproducts.com.cn\/#\/schema\/logo\/image\/\",\"url\":\"https:\/\/petproducts.com.cn\/wp-content\/uploads\/2020\/02\/petstar-logo.webp\",\"contentUrl\":\"https:\/\/petproducts.com.cn\/wp-content\/uploads\/2020\/02\/petstar-logo.webp\",\"width\":779,\"height\":520,\"caption\":\"Petstar\"},\"image\":{\"@id\":\"https:\/\/petproducts.com.cn\/#\/schema\/logo\/image\/\"}}]}<\/script>\n<!-- \/ Yoast SEO plugin. -->","yoast_head_json":{"title":"Leuchtendes Hundehalsband | Bestes reflektierendes Hundehalsband Hersteller - Petstar","description":"Entdecken Sie das leuchtende Hundehalsband vom besten Anbieter f\u00fcr Haustierhalsb\u00e4nder. Petstar ist ein globaler Hersteller von Haustierbedarf. Ihre ideale Business-L\u00f6sung mit Petstar.","robots":{"index":"index","follow":"follow","max-snippet":"max-snippet:-1","max-image-preview":"max-image-preview:large","max-video-preview":"max-video-preview:-1"},"canonical":"https:\/\/petproducts.com.cn\/de\/produkt\/luminous-dog-collar-safe-night-pet-best-reflective-dog-collar\/","og_locale":"de_DE","og_type":"article","og_title":"Luminous Dog Collar | Best Reflective Dog Collar Manufacturer - Petstar","og_description":"Explore Luminous Dog Collar from the best pet collar supplier. Petstar is a global pet supplies manufacturer. Your ideal business solution with Petstar.","og_url":"https:\/\/petproducts.com.cn\/de\/produkt\/luminous-dog-collar-safe-night-pet-best-reflective-dog-collar\/","og_site_name":"Petstar","article_modified_time":"2024-08-26T02:29:09+00:00","og_image":[{"width":1000,"height":1000,"url":"https:\/\/petproducts.com.cn\/wp-content\/uploads\/2024\/08\/wholesale-Luminous-Dog-Collar.webp","type":"image\/webp"}],"twitter_card":"summary_large_image","twitter_misc":{"Gesch\u00e4tzte Lesezeit":"2\u00a0Minuten"},"schema":{"@context":"https:\/\/schema.org","@graph":[{"@type":"WebPage","@id":"https:\/\/petproducts.com.cn\/product\/luminous-dog-collar-safe-night-pet-best-reflective-dog-collar\/","url":"https:\/\/petproducts.com.cn\/product\/luminous-dog-collar-safe-night-pet-best-reflective-dog-collar\/","name":"Leuchtendes Hundehalsband | Bestes reflektierendes Hundehalsband Hersteller - Petstar","isPartOf":{"@id":"https:\/\/petproducts.com.cn\/#website"},"primaryImageOfPage":{"@id":"https:\/\/petproducts.com.cn\/product\/luminous-dog-collar-safe-night-pet-best-reflective-dog-collar\/#primaryimage"},"image":{"@id":"https:\/\/petproducts.com.cn\/product\/luminous-dog-collar-safe-night-pet-best-reflective-dog-collar\/#primaryimage"},"thumbnailUrl":"https:\/\/petproducts.com.cn\/wp-content\/uploads\/2024\/08\/wholesale-Luminous-Dog-Collar.webp","datePublished":"2024-08-22T05:22:50+00:00","dateModified":"2024-08-26T02:29:09+00:00","description":"Entdecken Sie das leuchtende Hundehalsband vom besten Anbieter f\u00fcr Haustierhalsb\u00e4nder. Petstar ist ein globaler Hersteller von Haustierbedarf. Ihre ideale Business-L\u00f6sung mit Petstar.","breadcrumb":{"@id":"https:\/\/petproducts.com.cn\/product\/luminous-dog-collar-safe-night-pet-best-reflective-dog-collar\/#breadcrumb"},"inLanguage":"de","potentialAction":[{"@type":"ReadAction","target":["https:\/\/petproducts.com.cn\/product\/luminous-dog-collar-safe-night-pet-best-reflective-dog-collar\/"]}]},{"@type":"ImageObject","inLanguage":"de","@id":"https:\/\/petproducts.com.cn\/product\/luminous-dog-collar-safe-night-pet-best-reflective-dog-collar\/#primaryimage","url":"https:\/\/petproducts.com.cn\/wp-content\/uploads\/2024\/08\/wholesale-Luminous-Dog-Collar.webp","contentUrl":"https:\/\/petproducts.com.cn\/wp-content\/uploads\/2024\/08\/wholesale-Luminous-Dog-Collar.webp","width":1000,"height":1000,"caption":"wholesale Luminous Dog Collar"},{"@type":"BreadcrumbList","@id":"https:\/\/petproducts.com.cn\/product\/luminous-dog-collar-safe-night-pet-best-reflective-dog-collar\/#breadcrumb","itemListElement":[{"@type":"ListItem","position":1,"name":"HOME","item":"https:\/\/petproducts.com.cn\/"},{"@type":"ListItem","position":2,"name":"Products","item":"https:\/\/petproducts.com.cn\/shop\/"},{"@type":"ListItem","position":3,"name":"Dog Collars, Leashes &amp; Harnesses","item":"https:\/\/petproducts.com.cn\/product-category\/dog-collars-leashes-harnesses\/"},{"@type":"ListItem","position":4,"name":"Luminous Dog Collar Safe Night Pet Best Reflective Dog Collar"}]},{"@type":"WebSite","@id":"https:\/\/petproducts.com.cn\/#website","url":"https:\/\/petproducts.com.cn\/","name":"Petstar","description":"F\u00fchrender Hersteller von Heimtierbedarf und OEM-Lieferant von Heimtierprodukten","publisher":{"@id":"https:\/\/petproducts.com.cn\/#organization"},"alternateName":"Petstar Pet Supplies","potentialAction":[{"@type":"SearchAction","target":{"@type":"EntryPoint","urlTemplate":"https:\/\/petproducts.com.cn\/?s={search_term_string}"},"query-input":{"@type":"PropertyValueSpecification","valueRequired":true,"valueName":"search_term_string"}}],"inLanguage":"de"},{"@type":"Organization","@id":"https:\/\/petproducts.com.cn\/#organization","name":"Petstar","url":"https:\/\/petproducts.com.cn\/","logo":{"@type":"ImageObject","inLanguage":"de","@id":"https:\/\/petproducts.com.cn\/#\/schema\/logo\/image\/","url":"https:\/\/petproducts.com.cn\/wp-content\/uploads\/2020\/02\/petstar-logo.webp","contentUrl":"https:\/\/petproducts.com.cn\/wp-content\/uploads\/2020\/02\/petstar-logo.webp","width":779,"height":520,"caption":"Petstar"},"image":{"@id":"https:\/\/petproducts.com.cn\/#\/schema\/logo\/image\/"}}]}},"_links":{"self":[{"href":"https:\/\/petproducts.com.cn\/de\/wp-json\/wp\/v2\/product\/28246","targetHints":{"allow":["GET"]}}],"collection":[{"href":"https:\/\/petproducts.com.cn\/de\/wp-json\/wp\/v2\/product"}],"about":[{"href":"https:\/\/petproducts.com.cn\/de\/wp-json\/wp\/v2\/types\/product"}],"version-history":[{"count":2,"href":"https:\/\/petproducts.com.cn\/de\/wp-json\/wp\/v2\/product\/28246\/revisions"}],"predecessor-version":[{"id":28248,"href":"https:\/\/petproducts.com.cn\/de\/wp-json\/wp\/v2\/product\/28246\/revisions\/28248"}],"wp:featuredmedia":[{"embeddable":true,"href":"https:\/\/petproducts.com.cn\/de\/wp-json\/wp\/v2\/media\/28254"}],"wp:attachment":[{"href":"https:\/\/petproducts.com.cn\/de\/wp-json\/wp\/v2\/media?parent=28246"}],"wp:term":[{"taxonomy":"product_brand","embeddable":true,"href":"https:\/\/petproducts.com.cn\/de\/wp-json\/wp\/v2\/product_brand?post=28246"},{"taxonomy":"product_cat","embeddable":true,"href":"https:\/\/petproducts.com.cn\/de\/wp-json\/wp\/v2\/product_cat?post=28246"},{"taxonomy":"product_tag","embeddable":true,"href":"https:\/\/petproducts.com.cn\/de\/wp-json\/wp\/v2\/product_tag?post=28246"}],"curies":[{"name":"wp","href":"https:\/\/api.w.org\/{rel}","templated":true}]}}