{"id":28346,"date":"2024-08-26T02:34:01","date_gmt":"2024-08-26T02:34:01","guid":{"rendered":"https:\/\/petproducts.com.cn\/?post_type=product&#038;p=28346"},"modified":"2024-08-26T02:59:33","modified_gmt":"2024-08-26T02:59:33","slug":"reflective-dog-harness-pet-luminous-glow-in-the-dark-dog-harness","status":"publish","type":"product","link":"https:\/\/petproducts.com.cn\/de\/product\/reflective-dog-harness-pet-luminous-glow-in-the-dark-dog-harness\/","title":{"rendered":"Reflektierendes Hundegeschirr Pet Luminous Glow In The Dark Hundegeschirr"},"content":{"rendered":"<h2><strong>Merkmale des reflektierenden Hundegeschirrs<\/strong><\/h2>\n<ul>\n<li><strong>Reflektierende Streifen f\u00fcr bessere Sichtbarkeit:<\/strong> In das Geschirr sind reflektierende Streifen integriert, die daf\u00fcr sorgen, dass Ihr Hund bei schlechten Lichtverh\u00e4ltnissen sichtbar bleibt. Diese Funktion bietet zus\u00e4tzliche Sicherheit bei abendlichen oder fr\u00fchmorgendlichen Spazierg\u00e4ngen, da sie das Licht von Autoscheinwerfern und Stra\u00dfenlaternen reflektiert.<\/li>\n<li><strong>Glow In The Dark-Funktionalit\u00e4t:<\/strong> Das Geschirr absorbiert tags\u00fcber Licht und leuchtet im Dunkeln, damit Sie Ihr Haustier bei n\u00e4chtlichen Abenteuern leicht erkennen k\u00f6nnen. Diese Funktion sorgt nicht nur f\u00fcr zus\u00e4tzliche Sicherheit, sondern macht das Geschirr auch zu einer lustigen und praktischen Wahl f\u00fcr Nachtspazierg\u00e4nge.<\/li>\n<li><strong>Einstellbare Gr\u00f6\u00dfe f\u00fcr eine perfekte Passform:<\/strong> Dank der zahlreichen Verstellm\u00f6glichkeiten k\u00f6nnen Sie das Geschirr leicht an die Gr\u00f6\u00dfe und Form Ihres Hundes anpassen. Dies sorgt f\u00fcr eine bequeme Passform, die die Bewegungsfreiheit Ihres Hundes nicht einschr\u00e4nkt und sowohl Sicherheit als auch Komfort bietet.<\/li>\n<li><strong>Durable Construction:<\/strong> Dieses aus hochwertigen Materialien gefertigte Geschirr ist f\u00fcr eine lange Lebensdauer ausgelegt. Sie k\u00f6nnen sich darauf verlassen, dass die robuste Konstruktion der t\u00e4glichen Beanspruchung standh\u00e4lt und auch bei aktiven Hunden eine lange Lebensdauer gew\u00e4hrleistet.<\/li>\n<li><strong>Sicherheit bei Nacht:<\/strong> Sie k\u00f6nnen Ihren Hund getrost auf Nachtspazierg\u00e4nge mitnehmen, denn die reflektierenden und im Dunkeln leuchtenden Eigenschaften sorgen gemeinsam f\u00fcr die Sicherheit Ihres Tieres. Diese Eigenschaften erh\u00f6hen die Sichtbarkeit Ihres Hundes erheblich und verringern das Risiko von Unf\u00e4llen bei schlechten Lichtverh\u00e4ltnissen.<\/li>\n<\/ul>\n<p style=\"text-align: center;\"><em><strong>F\u00fcr mehr <a href=\"https:\/\/petproducts.com.cn\/de\/dog-harness-manufacturer\/\">Hundegeschirre<\/a>, Bitte <a href=\"https:\/\/petproducts.com.cn\/de\/kontaktieren-sie-uns\/\">kontaktiere uns<\/a>!<\/strong><\/em><\/p>\n<p>&nbsp;<\/p>","protected":false},"excerpt":{"rendered":"<p>Sorgen Sie f\u00fcr die Sicherheit Ihres Haustieres bei n\u00e4chtlichen Spazierg\u00e4ngen mit dem Reflective Dog Harness, einem im Dunkeln leuchtenden Hundegeschirr, das bessere Sichtbarkeit und eine bequeme Passform bietet.<\/p>","protected":false},"featured_media":28351,"template":"","meta":{"_acf_changed":false},"product_brand":[],"product_cat":[124,72],"product_tag":[211],"class_list":{"0":"post-28346","1":"product","2":"type-product","3":"status-publish","4":"has-post-thumbnail","6":"product_cat-dog-collars-leashes-harnesses","7":"product_cat-dog-supplies","8":"product_tag-pet-harnesses","10":"first","11":"instock","12":"shipping-taxable","13":"product-type-simple"},"acf":[],"yoast_head":"<!-- This site is optimized with the Yoast SEO plugin v27.1.1 - https:\/\/yoast.com\/product\/yoast-seo-wordpress\/ -->\n<title>Reflective Dog Harness | Pet Dog Harness Manufacturer - Petstar<\/title>\n<meta name=\"description\" content=\"Explore Reflective Dog Harness from the best pet product supplier. Petstar is a global pet supplies manufacturer. Your ideal business solution with Petstar.\" \/>\n<meta name=\"robots\" content=\"index, follow, max-snippet:-1, max-image-preview:large, max-video-preview:-1\" \/>\n<link rel=\"canonical\" href=\"https:\/\/petproducts.com.cn\/de\/produkt\/reflective-dog-harness-pet-luminous-glow-in-the-dark-dog-harness\/\" \/>\n<meta property=\"og:locale\" content=\"de_DE\" \/>\n<meta property=\"og:type\" content=\"article\" \/>\n<meta property=\"og:title\" content=\"Reflective Dog Harness | Pet Dog Harness Manufacturer - Petstar\" \/>\n<meta property=\"og:description\" content=\"Explore Reflective Dog Harness from the best pet product supplier. Petstar is a global pet supplies manufacturer. Your ideal business solution with Petstar.\" \/>\n<meta property=\"og:url\" content=\"https:\/\/petproducts.com.cn\/de\/produkt\/reflective-dog-harness-pet-luminous-glow-in-the-dark-dog-harness\/\" \/>\n<meta property=\"og:site_name\" content=\"Petstar\" \/>\n<meta property=\"article:modified_time\" content=\"2024-08-26T02:59:33+00:00\" \/>\n<meta property=\"og:image\" content=\"https:\/\/petproducts.com.cn\/wp-content\/uploads\/2024\/08\/Reflective-Dog-Harness.webp\" \/>\n\t<meta property=\"og:image:width\" content=\"1000\" \/>\n\t<meta property=\"og:image:height\" content=\"1000\" \/>\n\t<meta property=\"og:image:type\" content=\"image\/webp\" \/>\n<meta name=\"twitter:card\" content=\"summary_large_image\" \/>\n<meta name=\"twitter:label1\" content=\"Gesch\u00e4tzte Lesezeit\" \/>\n\t<meta name=\"twitter:data1\" content=\"2\u00a0Minuten\" \/>\n<script type=\"application\/ld+json\" class=\"yoast-schema-graph\">{\"@context\":\"https:\/\/schema.org\",\"@graph\":[{\"@type\":\"WebPage\",\"@id\":\"https:\/\/petproducts.com.cn\/product\/reflective-dog-harness-pet-luminous-glow-in-the-dark-dog-harness\/\",\"url\":\"https:\/\/petproducts.com.cn\/product\/reflective-dog-harness-pet-luminous-glow-in-the-dark-dog-harness\/\",\"name\":\"Reflective Dog Harness | Pet Dog Harness Manufacturer - Petstar\",\"isPartOf\":{\"@id\":\"https:\/\/petproducts.com.cn\/#website\"},\"primaryImageOfPage\":{\"@id\":\"https:\/\/petproducts.com.cn\/product\/reflective-dog-harness-pet-luminous-glow-in-the-dark-dog-harness\/#primaryimage\"},\"image\":{\"@id\":\"https:\/\/petproducts.com.cn\/product\/reflective-dog-harness-pet-luminous-glow-in-the-dark-dog-harness\/#primaryimage\"},\"thumbnailUrl\":\"https:\/\/petproducts.com.cn\/wp-content\/uploads\/2024\/08\/Reflective-Dog-Harness.webp\",\"datePublished\":\"2024-08-26T02:34:01+00:00\",\"dateModified\":\"2024-08-26T02:59:33+00:00\",\"description\":\"Explore Reflective Dog Harness from the best pet product supplier. Petstar is a global pet supplies manufacturer. Your ideal business solution with Petstar.\",\"breadcrumb\":{\"@id\":\"https:\/\/petproducts.com.cn\/product\/reflective-dog-harness-pet-luminous-glow-in-the-dark-dog-harness\/#breadcrumb\"},\"inLanguage\":\"de\",\"potentialAction\":[{\"@type\":\"ReadAction\",\"target\":[\"https:\/\/petproducts.com.cn\/product\/reflective-dog-harness-pet-luminous-glow-in-the-dark-dog-harness\/\"]}]},{\"@type\":\"ImageObject\",\"inLanguage\":\"de\",\"@id\":\"https:\/\/petproducts.com.cn\/product\/reflective-dog-harness-pet-luminous-glow-in-the-dark-dog-harness\/#primaryimage\",\"url\":\"https:\/\/petproducts.com.cn\/wp-content\/uploads\/2024\/08\/Reflective-Dog-Harness.webp\",\"contentUrl\":\"https:\/\/petproducts.com.cn\/wp-content\/uploads\/2024\/08\/Reflective-Dog-Harness.webp\",\"width\":1000,\"height\":1000,\"caption\":\"Reflective Dog Harness\"},{\"@type\":\"BreadcrumbList\",\"@id\":\"https:\/\/petproducts.com.cn\/product\/reflective-dog-harness-pet-luminous-glow-in-the-dark-dog-harness\/#breadcrumb\",\"itemListElement\":[{\"@type\":\"ListItem\",\"position\":1,\"name\":\"HOME\",\"item\":\"https:\/\/petproducts.com.cn\/\"},{\"@type\":\"ListItem\",\"position\":2,\"name\":\"Products\",\"item\":\"https:\/\/petproducts.com.cn\/shop\/\"},{\"@type\":\"ListItem\",\"position\":3,\"name\":\"Dog Collars, Leashes &amp; Harnesses\",\"item\":\"https:\/\/petproducts.com.cn\/product-category\/dog-collars-leashes-harnesses\/\"},{\"@type\":\"ListItem\",\"position\":4,\"name\":\"Reflective Dog Harness Pet Luminous Glow In The Dark Dog Harness\"}]},{\"@type\":\"WebSite\",\"@id\":\"https:\/\/petproducts.com.cn\/#website\",\"url\":\"https:\/\/petproducts.com.cn\/\",\"name\":\"Petstar\",\"description\":\"Leading Pet Supplies Manufacturer &amp; OEM Pet Products Supplier\",\"publisher\":{\"@id\":\"https:\/\/petproducts.com.cn\/#organization\"},\"alternateName\":\"Petstar Pet Supplies\",\"potentialAction\":[{\"@type\":\"SearchAction\",\"target\":{\"@type\":\"EntryPoint\",\"urlTemplate\":\"https:\/\/petproducts.com.cn\/?s={search_term_string}\"},\"query-input\":{\"@type\":\"PropertyValueSpecification\",\"valueRequired\":true,\"valueName\":\"search_term_string\"}}],\"inLanguage\":\"de\"},{\"@type\":\"Organization\",\"@id\":\"https:\/\/petproducts.com.cn\/#organization\",\"name\":\"Petstar\",\"url\":\"https:\/\/petproducts.com.cn\/\",\"logo\":{\"@type\":\"ImageObject\",\"inLanguage\":\"de\",\"@id\":\"https:\/\/petproducts.com.cn\/#\/schema\/logo\/image\/\",\"url\":\"https:\/\/petproducts.com.cn\/wp-content\/uploads\/2020\/02\/petstar-logo.webp\",\"contentUrl\":\"https:\/\/petproducts.com.cn\/wp-content\/uploads\/2020\/02\/petstar-logo.webp\",\"width\":779,\"height\":520,\"caption\":\"Petstar\"},\"image\":{\"@id\":\"https:\/\/petproducts.com.cn\/#\/schema\/logo\/image\/\"}}]}<\/script>\n<!-- \/ Yoast SEO plugin. -->","yoast_head_json":{"title":"Reflektierendes Hundegeschirr | Haustier Hundegeschirr Hersteller - Petstar","description":"Entdecken Sie Reflektierendes Hundegeschirr vom besten Anbieter f\u00fcr Haustierprodukte. Petstar ist ein globaler Hersteller von Haustierbedarf. Ihre ideale Gesch\u00e4ftsl\u00f6sung mit Petstar.","robots":{"index":"index","follow":"follow","max-snippet":"max-snippet:-1","max-image-preview":"max-image-preview:large","max-video-preview":"max-video-preview:-1"},"canonical":"https:\/\/petproducts.com.cn\/de\/produkt\/reflective-dog-harness-pet-luminous-glow-in-the-dark-dog-harness\/","og_locale":"de_DE","og_type":"article","og_title":"Reflective Dog Harness | Pet Dog Harness Manufacturer - Petstar","og_description":"Explore Reflective Dog Harness from the best pet product supplier. Petstar is a global pet supplies manufacturer. Your ideal business solution with Petstar.","og_url":"https:\/\/petproducts.com.cn\/de\/produkt\/reflective-dog-harness-pet-luminous-glow-in-the-dark-dog-harness\/","og_site_name":"Petstar","article_modified_time":"2024-08-26T02:59:33+00:00","og_image":[{"width":1000,"height":1000,"url":"https:\/\/petproducts.com.cn\/wp-content\/uploads\/2024\/08\/Reflective-Dog-Harness.webp","type":"image\/webp"}],"twitter_card":"summary_large_image","twitter_misc":{"Gesch\u00e4tzte Lesezeit":"2\u00a0Minuten"},"schema":{"@context":"https:\/\/schema.org","@graph":[{"@type":"WebPage","@id":"https:\/\/petproducts.com.cn\/product\/reflective-dog-harness-pet-luminous-glow-in-the-dark-dog-harness\/","url":"https:\/\/petproducts.com.cn\/product\/reflective-dog-harness-pet-luminous-glow-in-the-dark-dog-harness\/","name":"Reflektierendes Hundegeschirr | Haustier Hundegeschirr Hersteller - Petstar","isPartOf":{"@id":"https:\/\/petproducts.com.cn\/#website"},"primaryImageOfPage":{"@id":"https:\/\/petproducts.com.cn\/product\/reflective-dog-harness-pet-luminous-glow-in-the-dark-dog-harness\/#primaryimage"},"image":{"@id":"https:\/\/petproducts.com.cn\/product\/reflective-dog-harness-pet-luminous-glow-in-the-dark-dog-harness\/#primaryimage"},"thumbnailUrl":"https:\/\/petproducts.com.cn\/wp-content\/uploads\/2024\/08\/Reflective-Dog-Harness.webp","datePublished":"2024-08-26T02:34:01+00:00","dateModified":"2024-08-26T02:59:33+00:00","description":"Entdecken Sie Reflektierendes Hundegeschirr vom besten Anbieter f\u00fcr Haustierprodukte. Petstar ist ein globaler Hersteller von Haustierbedarf. Ihre ideale Gesch\u00e4ftsl\u00f6sung mit Petstar.","breadcrumb":{"@id":"https:\/\/petproducts.com.cn\/product\/reflective-dog-harness-pet-luminous-glow-in-the-dark-dog-harness\/#breadcrumb"},"inLanguage":"de","potentialAction":[{"@type":"ReadAction","target":["https:\/\/petproducts.com.cn\/product\/reflective-dog-harness-pet-luminous-glow-in-the-dark-dog-harness\/"]}]},{"@type":"ImageObject","inLanguage":"de","@id":"https:\/\/petproducts.com.cn\/product\/reflective-dog-harness-pet-luminous-glow-in-the-dark-dog-harness\/#primaryimage","url":"https:\/\/petproducts.com.cn\/wp-content\/uploads\/2024\/08\/Reflective-Dog-Harness.webp","contentUrl":"https:\/\/petproducts.com.cn\/wp-content\/uploads\/2024\/08\/Reflective-Dog-Harness.webp","width":1000,"height":1000,"caption":"Reflective Dog Harness"},{"@type":"BreadcrumbList","@id":"https:\/\/petproducts.com.cn\/product\/reflective-dog-harness-pet-luminous-glow-in-the-dark-dog-harness\/#breadcrumb","itemListElement":[{"@type":"ListItem","position":1,"name":"HOME","item":"https:\/\/petproducts.com.cn\/"},{"@type":"ListItem","position":2,"name":"Products","item":"https:\/\/petproducts.com.cn\/shop\/"},{"@type":"ListItem","position":3,"name":"Dog Collars, Leashes &amp; Harnesses","item":"https:\/\/petproducts.com.cn\/product-category\/dog-collars-leashes-harnesses\/"},{"@type":"ListItem","position":4,"name":"Reflective Dog Harness Pet Luminous Glow In The Dark Dog Harness"}]},{"@type":"WebSite","@id":"https:\/\/petproducts.com.cn\/#website","url":"https:\/\/petproducts.com.cn\/","name":"Petstar","description":"F\u00fchrender Hersteller von Heimtierbedarf und OEM-Lieferant von Heimtierprodukten","publisher":{"@id":"https:\/\/petproducts.com.cn\/#organization"},"alternateName":"Petstar Pet Supplies","potentialAction":[{"@type":"SearchAction","target":{"@type":"EntryPoint","urlTemplate":"https:\/\/petproducts.com.cn\/?s={search_term_string}"},"query-input":{"@type":"PropertyValueSpecification","valueRequired":true,"valueName":"search_term_string"}}],"inLanguage":"de"},{"@type":"Organization","@id":"https:\/\/petproducts.com.cn\/#organization","name":"Petstar","url":"https:\/\/petproducts.com.cn\/","logo":{"@type":"ImageObject","inLanguage":"de","@id":"https:\/\/petproducts.com.cn\/#\/schema\/logo\/image\/","url":"https:\/\/petproducts.com.cn\/wp-content\/uploads\/2020\/02\/petstar-logo.webp","contentUrl":"https:\/\/petproducts.com.cn\/wp-content\/uploads\/2020\/02\/petstar-logo.webp","width":779,"height":520,"caption":"Petstar"},"image":{"@id":"https:\/\/petproducts.com.cn\/#\/schema\/logo\/image\/"}}]}},"_links":{"self":[{"href":"https:\/\/petproducts.com.cn\/de\/wp-json\/wp\/v2\/product\/28346","targetHints":{"allow":["GET"]}}],"collection":[{"href":"https:\/\/petproducts.com.cn\/de\/wp-json\/wp\/v2\/product"}],"about":[{"href":"https:\/\/petproducts.com.cn\/de\/wp-json\/wp\/v2\/types\/product"}],"version-history":[{"count":2,"href":"https:\/\/petproducts.com.cn\/de\/wp-json\/wp\/v2\/product\/28346\/revisions"}],"predecessor-version":[{"id":28348,"href":"https:\/\/petproducts.com.cn\/de\/wp-json\/wp\/v2\/product\/28346\/revisions\/28348"}],"wp:featuredmedia":[{"embeddable":true,"href":"https:\/\/petproducts.com.cn\/de\/wp-json\/wp\/v2\/media\/28351"}],"wp:attachment":[{"href":"https:\/\/petproducts.com.cn\/de\/wp-json\/wp\/v2\/media?parent=28346"}],"wp:term":[{"taxonomy":"product_brand","embeddable":true,"href":"https:\/\/petproducts.com.cn\/de\/wp-json\/wp\/v2\/product_brand?post=28346"},{"taxonomy":"product_cat","embeddable":true,"href":"https:\/\/petproducts.com.cn\/de\/wp-json\/wp\/v2\/product_cat?post=28346"},{"taxonomy":"product_tag","embeddable":true,"href":"https:\/\/petproducts.com.cn\/de\/wp-json\/wp\/v2\/product_tag?post=28346"}],"curies":[{"name":"wp","href":"https:\/\/api.w.org\/{rel}","templated":true}]}}