{"id":28640,"date":"2024-09-03T05:38:00","date_gmt":"2024-09-03T05:38:00","guid":{"rendered":"https:\/\/petproducts.com.cn\/?post_type=product&#038;p=28640"},"modified":"2024-09-03T05:52:22","modified_gmt":"2024-09-03T05:52:22","slug":"cardboard-cat-house-scratcher-cardboard-box-cat-toys","status":"publish","type":"product","link":"https:\/\/petproducts.com.cn\/de\/product\/cardboard-cat-house-scratcher-cardboard-box-cat-toys\/","title":{"rendered":"Pappkarton Katzenhaus Kratzer Pappkarton Katzenspielzeug"},"content":{"rendered":"<h2>Eigenschaften von Karton Katze Haus<\/h2>\n<ul>\n<li><strong>Hausf\u00f6rmiges Design:<\/strong> Sie werden das charmante hausf\u00f6rmige Design dieses Katzenhauses aus Pappe lieben, das Ihrer Katze einen privaten, komfortablen Raum zum Entspannen, Spielen und Schlafen bietet. Das realistische Design verleiht Ihrem Zuhause einen dekorativen Touch und kommt gleichzeitig den Instinkten Ihrer Katze entgegen.<\/li>\n<li><strong>Abnehmbar und einfach zu montieren:<\/strong> Sie werden feststellen, dass der Aufbau dieses Katzenhauses ein Kinderspiel ist. Das Design verf\u00fcgt \u00fcber abnehmbare Paneele, die sich leicht zusammenstecken lassen, sodass Sie es in wenigen Minuten auf- oder abbauen k\u00f6nnen. Diese Funktion erleichtert die Aufbewahrung oder den Transport nach Bedarf.<\/li>\n<li><strong>Enth\u00e4lt ein Kratzbrett:<\/strong> Sie werden das integrierte Kratzbrett zu sch\u00e4tzen wissen, das im Lieferumfang des Katzenhauses enthalten ist. Die robuste Kratzfl\u00e4che hilft dabei, die Krallen Ihrer Katze gesund zu halten und befriedigt ihren nat\u00fcrlichen Kratzdrang, wodurch Ihre M\u00f6bel vor Besch\u00e4digungen gesch\u00fctzt werden.<\/li>\n<li><strong>Strapazierf\u00e4higes Pappmaterial:<\/strong> Sie k\u00f6nnen sich darauf verlassen, dass das Katzenhaus aus hochwertiger, umweltfreundlicher Pappe hergestellt ist, die stark genug ist, um den spielerischen Aktivit\u00e4ten Ihrer Katze standzuhalten. Die robuste Konstruktion sorgt daf\u00fcr, dass es dem regelm\u00e4\u00dfigen Gebrauch standh\u00e4lt und Ihrer Katze einen dauerhaften Spielplatz bietet.<\/li>\n<li><strong>Leicht und tragbar:<\/strong> Das Katzenhaus ist leicht und l\u00e4sst sich problemlos in Ihrem Zuhause aufstellen. Dank seines tragbaren Designs k\u00f6nnen Sie es in verschiedenen R\u00e4umen aufstellen, sodass Ihre Katze immer ein gem\u00fctliches Pl\u00e4tzchen in der N\u00e4he hat.<\/li>\n<li><strong>Perfekt f\u00fcr alle Katzen:<\/strong> Egal ob Sie ein K\u00e4tzchen oder eine ausgewachsene Katze haben, dieses Papphaus ist f\u00fcr Katzen aller Gr\u00f6\u00dfen geeignet. Der ger\u00e4umige Innenraum bietet Ihrer Katze viel Platz, um sich zusammenzurollen, sich auszustrecken oder mit ihrem Lieblingsspielzeug zu spielen.<\/li>\n<li><strong>Ermutigt zum Spielen und Entspannen:<\/strong> Sie werden merken, wie dieses Katzenhaus zu einem Lieblingsplatz f\u00fcr Ihre Katze wird, an dem sie sich entspannen und spielen kann. Die Kombination aus einem sicheren, umschlossenen Raum und einer kratzbaren Oberfl\u00e4che macht es ideal f\u00fcr Ruhe und Erholung.<\/li>\n<\/ul>\n<div id='gallery-1' class='gallery galleryid-28640 gallery-columns-3 gallery-size-medium'><figure class='gallery-item'>\n\t\t\t<div class='gallery-icon landscape'>\n\t\t\t\t<img fetchpriority=\"high\" decoding=\"async\" width=\"300\" height=\"300\" src=\"https:\/\/petproducts.com.cn\/wp-content\/uploads\/2024\/09\/Supplier-Cardboard-Cat-House-300x300.webp\" class=\"attachment-medium size-medium\" alt=\"\" srcset=\"https:\/\/petproducts.com.cn\/wp-content\/uploads\/2024\/09\/Supplier-Cardboard-Cat-House-300x300.webp 300w, https:\/\/petproducts.com.cn\/wp-content\/uploads\/2024\/09\/Supplier-Cardboard-Cat-House-150x150.webp 150w, https:\/\/petproducts.com.cn\/wp-content\/uploads\/2024\/09\/Supplier-Cardboard-Cat-House-768x768.webp 768w, https:\/\/petproducts.com.cn\/wp-content\/uploads\/2024\/09\/Supplier-Cardboard-Cat-House-12x12.webp 12w, https:\/\/petproducts.com.cn\/wp-content\/uploads\/2024\/09\/Supplier-Cardboard-Cat-House-600x600.webp 600w, https:\/\/petproducts.com.cn\/wp-content\/uploads\/2024\/09\/Supplier-Cardboard-Cat-House-100x100.webp 100w, https:\/\/petproducts.com.cn\/wp-content\/uploads\/2024\/09\/Supplier-Cardboard-Cat-House.webp 1000w\" sizes=\"(max-width: 300px) 100vw, 300px\" \/>\n\t\t\t<\/div><\/figure><figure class='gallery-item'>\n\t\t\t<div class='gallery-icon landscape'>\n\t\t\t\t<img decoding=\"async\" width=\"300\" height=\"300\" src=\"https:\/\/petproducts.com.cn\/wp-content\/uploads\/2024\/09\/Factory-Cardboard-Cat-House-300x300.webp\" class=\"attachment-medium size-medium\" alt=\"Fabrik Karton Katze Haus\" srcset=\"https:\/\/petproducts.com.cn\/wp-content\/uploads\/2024\/09\/Factory-Cardboard-Cat-House-300x300.webp 300w, https:\/\/petproducts.com.cn\/wp-content\/uploads\/2024\/09\/Factory-Cardboard-Cat-House-150x150.webp 150w, https:\/\/petproducts.com.cn\/wp-content\/uploads\/2024\/09\/Factory-Cardboard-Cat-House-768x768.webp 768w, https:\/\/petproducts.com.cn\/wp-content\/uploads\/2024\/09\/Factory-Cardboard-Cat-House-12x12.webp 12w, https:\/\/petproducts.com.cn\/wp-content\/uploads\/2024\/09\/Factory-Cardboard-Cat-House-600x600.webp 600w, https:\/\/petproducts.com.cn\/wp-content\/uploads\/2024\/09\/Factory-Cardboard-Cat-House-100x100.webp 100w, https:\/\/petproducts.com.cn\/wp-content\/uploads\/2024\/09\/Factory-Cardboard-Cat-House.webp 1000w\" sizes=\"(max-width: 300px) 100vw, 300px\" \/>\n\t\t\t<\/div><\/figure><figure class='gallery-item'>\n\t\t\t<div class='gallery-icon landscape'>\n\t\t\t\t<img decoding=\"async\" width=\"300\" height=\"300\" src=\"https:\/\/petproducts.com.cn\/wp-content\/uploads\/2024\/09\/Bulk-Cardboard-Cat-House-300x300.webp\" class=\"attachment-medium size-medium\" alt=\"Bulk-Karton-Katzenhaus\" srcset=\"https:\/\/petproducts.com.cn\/wp-content\/uploads\/2024\/09\/Bulk-Cardboard-Cat-House-300x300.webp 300w, https:\/\/petproducts.com.cn\/wp-content\/uploads\/2024\/09\/Bulk-Cardboard-Cat-House-150x150.webp 150w, https:\/\/petproducts.com.cn\/wp-content\/uploads\/2024\/09\/Bulk-Cardboard-Cat-House-768x768.webp 768w, https:\/\/petproducts.com.cn\/wp-content\/uploads\/2024\/09\/Bulk-Cardboard-Cat-House-12x12.webp 12w, https:\/\/petproducts.com.cn\/wp-content\/uploads\/2024\/09\/Bulk-Cardboard-Cat-House-600x600.webp 600w, https:\/\/petproducts.com.cn\/wp-content\/uploads\/2024\/09\/Bulk-Cardboard-Cat-House-100x100.webp 100w, https:\/\/petproducts.com.cn\/wp-content\/uploads\/2024\/09\/Bulk-Cardboard-Cat-House.webp 1000w\" sizes=\"(max-width: 300px) 100vw, 300px\" \/>\n\t\t\t<\/div><\/figure>\n\t\t<\/div>","protected":false},"excerpt":{"rendered":"<p>Geben Sie Ihrer Katze einen gem\u00fctlichen und anregenden Platz mit dem Cardboard Cat House Scratcher, einer hausf\u00f6rmigen Pappschachtel, die sich leicht zusammenbauen l\u00e4sst und mit einem eingebauten Kratzbrett ausgestattet ist.<\/p>","protected":false},"featured_media":28643,"template":"","meta":{"_acf_changed":false},"product_brand":[],"product_cat":[71,81],"product_tag":[209],"class_list":{"0":"post-28640","1":"product","2":"type-product","3":"status-publish","4":"has-post-thumbnail","6":"product_cat-cat-supplies","7":"product_cat-cat-toys","8":"product_tag-cat-cardboard","10":"first","11":"instock","12":"shipping-taxable","13":"product-type-simple"},"acf":[],"yoast_head":"<!-- This site is optimized with the Yoast SEO plugin v27.1.1 - https:\/\/yoast.com\/product\/yoast-seo-wordpress\/ -->\n<title>Cardboard Cat House | Cardboard Box Cat Toys Manufacturer - Petstar<\/title>\n<meta name=\"description\" content=\"Explore Cardboard Cat House from the best pet toys supplier. Petstar is a global pet products manufacturer. Your ideal business solution with Petstar.\" \/>\n<meta name=\"robots\" content=\"index, follow, max-snippet:-1, max-image-preview:large, max-video-preview:-1\" \/>\n<link rel=\"canonical\" href=\"https:\/\/petproducts.com.cn\/de\/produkt\/cardboard-cat-house-scratcher-cardboard-box-cat-toys\/\" \/>\n<meta property=\"og:locale\" content=\"de_DE\" \/>\n<meta property=\"og:type\" content=\"article\" \/>\n<meta property=\"og:title\" content=\"Cardboard Cat House | Cardboard Box Cat Toys Manufacturer - Petstar\" \/>\n<meta property=\"og:description\" content=\"Explore Cardboard Cat House from the best pet toys supplier. Petstar is a global pet products manufacturer. Your ideal business solution with Petstar.\" \/>\n<meta property=\"og:url\" content=\"https:\/\/petproducts.com.cn\/de\/produkt\/cardboard-cat-house-scratcher-cardboard-box-cat-toys\/\" \/>\n<meta property=\"og:site_name\" content=\"Petstar\" \/>\n<meta property=\"article:modified_time\" content=\"2024-09-03T05:52:22+00:00\" \/>\n<meta property=\"og:image\" content=\"https:\/\/petproducts.com.cn\/wp-content\/uploads\/2024\/09\/Cardboard-Cat-House.webp\" \/>\n\t<meta property=\"og:image:width\" content=\"1000\" \/>\n\t<meta property=\"og:image:height\" content=\"1000\" \/>\n\t<meta property=\"og:image:type\" content=\"image\/webp\" \/>\n<meta name=\"twitter:card\" content=\"summary_large_image\" \/>\n<meta name=\"twitter:label1\" content=\"Gesch\u00e4tzte Lesezeit\" \/>\n\t<meta name=\"twitter:data1\" content=\"2\u00a0Minuten\" \/>\n<script type=\"application\/ld+json\" class=\"yoast-schema-graph\">{\"@context\":\"https:\/\/schema.org\",\"@graph\":[{\"@type\":\"WebPage\",\"@id\":\"https:\/\/petproducts.com.cn\/product\/cardboard-cat-house-scratcher-cardboard-box-cat-toys\/\",\"url\":\"https:\/\/petproducts.com.cn\/product\/cardboard-cat-house-scratcher-cardboard-box-cat-toys\/\",\"name\":\"Cardboard Cat House | Cardboard Box Cat Toys Manufacturer - Petstar\",\"isPartOf\":{\"@id\":\"https:\/\/petproducts.com.cn\/#website\"},\"primaryImageOfPage\":{\"@id\":\"https:\/\/petproducts.com.cn\/product\/cardboard-cat-house-scratcher-cardboard-box-cat-toys\/#primaryimage\"},\"image\":{\"@id\":\"https:\/\/petproducts.com.cn\/product\/cardboard-cat-house-scratcher-cardboard-box-cat-toys\/#primaryimage\"},\"thumbnailUrl\":\"https:\/\/petproducts.com.cn\/wp-content\/uploads\/2024\/09\/Cardboard-Cat-House.webp\",\"datePublished\":\"2024-09-03T05:38:00+00:00\",\"dateModified\":\"2024-09-03T05:52:22+00:00\",\"description\":\"Explore Cardboard Cat House from the best pet toys supplier. Petstar is a global pet products manufacturer. Your ideal business solution with Petstar.\",\"breadcrumb\":{\"@id\":\"https:\/\/petproducts.com.cn\/product\/cardboard-cat-house-scratcher-cardboard-box-cat-toys\/#breadcrumb\"},\"inLanguage\":\"de\",\"potentialAction\":[{\"@type\":\"ReadAction\",\"target\":[\"https:\/\/petproducts.com.cn\/product\/cardboard-cat-house-scratcher-cardboard-box-cat-toys\/\"]}]},{\"@type\":\"ImageObject\",\"inLanguage\":\"de\",\"@id\":\"https:\/\/petproducts.com.cn\/product\/cardboard-cat-house-scratcher-cardboard-box-cat-toys\/#primaryimage\",\"url\":\"https:\/\/petproducts.com.cn\/wp-content\/uploads\/2024\/09\/Cardboard-Cat-House.webp\",\"contentUrl\":\"https:\/\/petproducts.com.cn\/wp-content\/uploads\/2024\/09\/Cardboard-Cat-House.webp\",\"width\":1000,\"height\":1000,\"caption\":\"Cardboard Cat House\"},{\"@type\":\"BreadcrumbList\",\"@id\":\"https:\/\/petproducts.com.cn\/product\/cardboard-cat-house-scratcher-cardboard-box-cat-toys\/#breadcrumb\",\"itemListElement\":[{\"@type\":\"ListItem\",\"position\":1,\"name\":\"HOME\",\"item\":\"https:\/\/petproducts.com.cn\/\"},{\"@type\":\"ListItem\",\"position\":2,\"name\":\"Products\",\"item\":\"https:\/\/petproducts.com.cn\/shop\/\"},{\"@type\":\"ListItem\",\"position\":3,\"name\":\"Cat Toys\",\"item\":\"https:\/\/petproducts.com.cn\/product-category\/cat-toys\/\"},{\"@type\":\"ListItem\",\"position\":4,\"name\":\"Cardboard Cat House Scratcher Cardboard Box Cat Toys\"}]},{\"@type\":\"WebSite\",\"@id\":\"https:\/\/petproducts.com.cn\/#website\",\"url\":\"https:\/\/petproducts.com.cn\/\",\"name\":\"Petstar\",\"description\":\"Leading Pet Supplies Manufacturer &amp; OEM Pet Products Supplier\",\"publisher\":{\"@id\":\"https:\/\/petproducts.com.cn\/#organization\"},\"alternateName\":\"Petstar Pet Supplies\",\"potentialAction\":[{\"@type\":\"SearchAction\",\"target\":{\"@type\":\"EntryPoint\",\"urlTemplate\":\"https:\/\/petproducts.com.cn\/?s={search_term_string}\"},\"query-input\":{\"@type\":\"PropertyValueSpecification\",\"valueRequired\":true,\"valueName\":\"search_term_string\"}}],\"inLanguage\":\"de\"},{\"@type\":\"Organization\",\"@id\":\"https:\/\/petproducts.com.cn\/#organization\",\"name\":\"Petstar\",\"url\":\"https:\/\/petproducts.com.cn\/\",\"logo\":{\"@type\":\"ImageObject\",\"inLanguage\":\"de\",\"@id\":\"https:\/\/petproducts.com.cn\/#\/schema\/logo\/image\/\",\"url\":\"https:\/\/petproducts.com.cn\/wp-content\/uploads\/2020\/02\/petstar-logo.webp\",\"contentUrl\":\"https:\/\/petproducts.com.cn\/wp-content\/uploads\/2020\/02\/petstar-logo.webp\",\"width\":779,\"height\":520,\"caption\":\"Petstar\"},\"image\":{\"@id\":\"https:\/\/petproducts.com.cn\/#\/schema\/logo\/image\/\"}}]}<\/script>\n<!-- \/ Yoast SEO plugin. -->","yoast_head_json":{"title":"Karton Katze Haus | Karton Box Katze Spielzeug Hersteller - Petstar","description":"Entdecken Sie Cardboard Cat House vom besten Anbieter f\u00fcr Haustierspielzeug. Petstar ist ein globaler Hersteller von Haustierprodukten. Ihre ideale Gesch\u00e4ftsl\u00f6sung mit Petstar.","robots":{"index":"index","follow":"follow","max-snippet":"max-snippet:-1","max-image-preview":"max-image-preview:large","max-video-preview":"max-video-preview:-1"},"canonical":"https:\/\/petproducts.com.cn\/de\/produkt\/cardboard-cat-house-scratcher-cardboard-box-cat-toys\/","og_locale":"de_DE","og_type":"article","og_title":"Cardboard Cat House | Cardboard Box Cat Toys Manufacturer - Petstar","og_description":"Explore Cardboard Cat House from the best pet toys supplier. Petstar is a global pet products manufacturer. Your ideal business solution with Petstar.","og_url":"https:\/\/petproducts.com.cn\/de\/produkt\/cardboard-cat-house-scratcher-cardboard-box-cat-toys\/","og_site_name":"Petstar","article_modified_time":"2024-09-03T05:52:22+00:00","og_image":[{"width":1000,"height":1000,"url":"https:\/\/petproducts.com.cn\/wp-content\/uploads\/2024\/09\/Cardboard-Cat-House.webp","type":"image\/webp"}],"twitter_card":"summary_large_image","twitter_misc":{"Gesch\u00e4tzte Lesezeit":"2\u00a0Minuten"},"schema":{"@context":"https:\/\/schema.org","@graph":[{"@type":"WebPage","@id":"https:\/\/petproducts.com.cn\/product\/cardboard-cat-house-scratcher-cardboard-box-cat-toys\/","url":"https:\/\/petproducts.com.cn\/product\/cardboard-cat-house-scratcher-cardboard-box-cat-toys\/","name":"Karton Katze Haus | Karton Box Katze Spielzeug Hersteller - Petstar","isPartOf":{"@id":"https:\/\/petproducts.com.cn\/#website"},"primaryImageOfPage":{"@id":"https:\/\/petproducts.com.cn\/product\/cardboard-cat-house-scratcher-cardboard-box-cat-toys\/#primaryimage"},"image":{"@id":"https:\/\/petproducts.com.cn\/product\/cardboard-cat-house-scratcher-cardboard-box-cat-toys\/#primaryimage"},"thumbnailUrl":"https:\/\/petproducts.com.cn\/wp-content\/uploads\/2024\/09\/Cardboard-Cat-House.webp","datePublished":"2024-09-03T05:38:00+00:00","dateModified":"2024-09-03T05:52:22+00:00","description":"Entdecken Sie Cardboard Cat House vom besten Anbieter f\u00fcr Haustierspielzeug. Petstar ist ein globaler Hersteller von Haustierprodukten. Ihre ideale Gesch\u00e4ftsl\u00f6sung mit Petstar.","breadcrumb":{"@id":"https:\/\/petproducts.com.cn\/product\/cardboard-cat-house-scratcher-cardboard-box-cat-toys\/#breadcrumb"},"inLanguage":"de","potentialAction":[{"@type":"ReadAction","target":["https:\/\/petproducts.com.cn\/product\/cardboard-cat-house-scratcher-cardboard-box-cat-toys\/"]}]},{"@type":"ImageObject","inLanguage":"de","@id":"https:\/\/petproducts.com.cn\/product\/cardboard-cat-house-scratcher-cardboard-box-cat-toys\/#primaryimage","url":"https:\/\/petproducts.com.cn\/wp-content\/uploads\/2024\/09\/Cardboard-Cat-House.webp","contentUrl":"https:\/\/petproducts.com.cn\/wp-content\/uploads\/2024\/09\/Cardboard-Cat-House.webp","width":1000,"height":1000,"caption":"Cardboard Cat House"},{"@type":"BreadcrumbList","@id":"https:\/\/petproducts.com.cn\/product\/cardboard-cat-house-scratcher-cardboard-box-cat-toys\/#breadcrumb","itemListElement":[{"@type":"ListItem","position":1,"name":"HOME","item":"https:\/\/petproducts.com.cn\/"},{"@type":"ListItem","position":2,"name":"Products","item":"https:\/\/petproducts.com.cn\/shop\/"},{"@type":"ListItem","position":3,"name":"Cat Toys","item":"https:\/\/petproducts.com.cn\/product-category\/cat-toys\/"},{"@type":"ListItem","position":4,"name":"Cardboard Cat House Scratcher Cardboard Box Cat Toys"}]},{"@type":"WebSite","@id":"https:\/\/petproducts.com.cn\/#website","url":"https:\/\/petproducts.com.cn\/","name":"Petstar","description":"F\u00fchrender Hersteller von Heimtierbedarf und OEM-Lieferant von Heimtierprodukten","publisher":{"@id":"https:\/\/petproducts.com.cn\/#organization"},"alternateName":"Petstar Pet Supplies","potentialAction":[{"@type":"SearchAction","target":{"@type":"EntryPoint","urlTemplate":"https:\/\/petproducts.com.cn\/?s={search_term_string}"},"query-input":{"@type":"PropertyValueSpecification","valueRequired":true,"valueName":"search_term_string"}}],"inLanguage":"de"},{"@type":"Organization","@id":"https:\/\/petproducts.com.cn\/#organization","name":"Petstar","url":"https:\/\/petproducts.com.cn\/","logo":{"@type":"ImageObject","inLanguage":"de","@id":"https:\/\/petproducts.com.cn\/#\/schema\/logo\/image\/","url":"https:\/\/petproducts.com.cn\/wp-content\/uploads\/2020\/02\/petstar-logo.webp","contentUrl":"https:\/\/petproducts.com.cn\/wp-content\/uploads\/2020\/02\/petstar-logo.webp","width":779,"height":520,"caption":"Petstar"},"image":{"@id":"https:\/\/petproducts.com.cn\/#\/schema\/logo\/image\/"}}]}},"_links":{"self":[{"href":"https:\/\/petproducts.com.cn\/de\/wp-json\/wp\/v2\/product\/28640","targetHints":{"allow":["GET"]}}],"collection":[{"href":"https:\/\/petproducts.com.cn\/de\/wp-json\/wp\/v2\/product"}],"about":[{"href":"https:\/\/petproducts.com.cn\/de\/wp-json\/wp\/v2\/types\/product"}],"version-history":[{"count":2,"href":"https:\/\/petproducts.com.cn\/de\/wp-json\/wp\/v2\/product\/28640\/revisions"}],"predecessor-version":[{"id":28651,"href":"https:\/\/petproducts.com.cn\/de\/wp-json\/wp\/v2\/product\/28640\/revisions\/28651"}],"wp:featuredmedia":[{"embeddable":true,"href":"https:\/\/petproducts.com.cn\/de\/wp-json\/wp\/v2\/media\/28643"}],"wp:attachment":[{"href":"https:\/\/petproducts.com.cn\/de\/wp-json\/wp\/v2\/media?parent=28640"}],"wp:term":[{"taxonomy":"product_brand","embeddable":true,"href":"https:\/\/petproducts.com.cn\/de\/wp-json\/wp\/v2\/product_brand?post=28640"},{"taxonomy":"product_cat","embeddable":true,"href":"https:\/\/petproducts.com.cn\/de\/wp-json\/wp\/v2\/product_cat?post=28640"},{"taxonomy":"product_tag","embeddable":true,"href":"https:\/\/petproducts.com.cn\/de\/wp-json\/wp\/v2\/product_tag?post=28640"}],"curies":[{"name":"wp","href":"https:\/\/api.w.org\/{rel}","templated":true}]}}