{"id":28857,"date":"2024-09-06T05:13:37","date_gmt":"2024-09-06T05:13:37","guid":{"rendered":"https:\/\/petproducts.com.cn\/?post_type=product&#038;p=28857"},"modified":"2024-09-06T05:49:03","modified_gmt":"2024-09-06T05:49:03","slug":"recycled-dog-mats-eco-friendly-recycle-pet-fabric-pet-cat-dog-mattress-beds","status":"publish","type":"product","link":"https:\/\/petproducts.com.cn\/de\/product\/recycled-dog-mats-eco-friendly-recycle-pet-fabric-pet-cat-dog-mattress-beds\/","title":{"rendered":"Recycled Dog Mats Eco Friendly Recycle PET Fabric Pet Cat Dog Mattress Beds"},"content":{"rendered":"<h2>Eigenschaften von recycelten Hundematten<\/h2>\n<ul>\n<li><strong>Doppelseitiges Design f\u00fcr Vielseitigkeit:<\/strong> Sie werden den Komfort der zweiseitigen Recycled Dog Mats lieben. Eine Seite ist weich und pl\u00fcschig, perfekt f\u00fcr kalte Tage, wenn Ihr Haustier zus\u00e4tzliche W\u00e4rme braucht, w\u00e4hrend die andere Seite glatt ist und ideal f\u00fcr w\u00e4rmeres Wetter oder wenn Ihr Haustier eine k\u00fchlere Oberfl\u00e4che bevorzugt. Diese Vielseitigkeit gew\u00e4hrleistet das ganze Jahr \u00fcber Komfort f\u00fcr Ihren Hund oder Ihre Katze.<\/li>\n<li><strong>Umweltfreundliches recyceltes PET-Gewebe:<\/strong> Sie k\u00f6nnen dieses Haustierbett mit gutem Gewissen verwenden, denn es ist aus recyceltem PET-Gewebe hergestellt. Die Global Recycle Standard (GRS)-Zertifizierung garantiert, dass die Materialien strenge Nachhaltigkeitsstandards erf\u00fcllen. So k\u00f6nnen Sie Ihren \u00f6kologischen Fu\u00dfabdruck verringern und gleichzeitig Ihrem Haustier einen bequemen Schlafplatz bieten.<\/li>\n<li><strong>Weiche Pl\u00fcschoberfl\u00e4che f\u00fcr zus\u00e4tzlichen Komfort:<\/strong> Ihr Haustier wird die kuschelige Pl\u00fcschseite zu sch\u00e4tzen wissen, die ihm einen weichen, warmen Platz zum Entspannen bietet. Egal, ob es tags\u00fcber faulenzt oder die Nacht durchschl\u00e4ft, die Pl\u00fcschtextur sorgt f\u00fcr maximalen Komfort und ein erholsames Erlebnis.<\/li>\n<li><strong>Strapazierf\u00e4hige, glatte Seite f\u00fcr den allt\u00e4glichen Gebrauch:<\/strong> Die glatte Seite bietet Langlebigkeit und einfache Reinigung und ist somit perfekt f\u00fcr den t\u00e4glichen Gebrauch. Es ist einfach abzuwischen und frisch zu halten, was es zu einer praktischen Wahl f\u00fcr Haustiere macht, die gerne spielen und unordentlich sind.<\/li>\n<li><strong>Leichtes und tragbares Design:<\/strong> Sie werden es zu sch\u00e4tzen wissen, wie einfach es ist, diese Matte f\u00fcr Haustiere im Haus oder unterwegs zu transportieren. Dank ihres geringen Gewichts k\u00f6nnen Sie sie m\u00fchelos an den Lieblingspl\u00e4tzen Ihres Haustieres platzieren, egal ob drinnen oder drau\u00dfen, und sie ist praktisch f\u00fcr unterwegs.<\/li>\n<\/ul>\n<div id='gallery-1' class='gallery galleryid-28857 gallery-columns-3 gallery-size-medium'><figure class='gallery-item'>\n\t\t\t<div class='gallery-icon landscape'>\n\t\t\t\t<img fetchpriority=\"high\" decoding=\"async\" width=\"300\" height=\"300\" src=\"https:\/\/petproducts.com.cn\/wp-content\/uploads\/2024\/09\/Hot-Recycled-Dog-Mats-300x300.jpg\" class=\"attachment-medium size-medium\" alt=\"Hei\u00dfe recycelte Hundematten\" srcset=\"https:\/\/petproducts.com.cn\/wp-content\/uploads\/2024\/09\/Hot-Recycled-Dog-Mats-300x300.jpg 300w, https:\/\/petproducts.com.cn\/wp-content\/uploads\/2024\/09\/Hot-Recycled-Dog-Mats-150x150.jpg 150w, https:\/\/petproducts.com.cn\/wp-content\/uploads\/2024\/09\/Hot-Recycled-Dog-Mats-768x768.jpg 768w, https:\/\/petproducts.com.cn\/wp-content\/uploads\/2024\/09\/Hot-Recycled-Dog-Mats-12x12.jpg 12w, https:\/\/petproducts.com.cn\/wp-content\/uploads\/2024\/09\/Hot-Recycled-Dog-Mats-600x600.jpg 600w, https:\/\/petproducts.com.cn\/wp-content\/uploads\/2024\/09\/Hot-Recycled-Dog-Mats-100x100.jpg 100w, https:\/\/petproducts.com.cn\/wp-content\/uploads\/2024\/09\/Hot-Recycled-Dog-Mats.jpg 800w\" sizes=\"(max-width: 300px) 100vw, 300px\" \/>\n\t\t\t<\/div><\/figure><figure class='gallery-item'>\n\t\t\t<div class='gallery-icon landscape'>\n\t\t\t\t<img decoding=\"async\" width=\"300\" height=\"300\" src=\"https:\/\/petproducts.com.cn\/wp-content\/uploads\/2024\/09\/Custom-Recycled-Dog-Mats-300x300.jpg\" class=\"attachment-medium size-medium\" alt=\"Individuelle recycelte Hundematten\" srcset=\"https:\/\/petproducts.com.cn\/wp-content\/uploads\/2024\/09\/Custom-Recycled-Dog-Mats-300x300.jpg 300w, https:\/\/petproducts.com.cn\/wp-content\/uploads\/2024\/09\/Custom-Recycled-Dog-Mats-150x150.jpg 150w, https:\/\/petproducts.com.cn\/wp-content\/uploads\/2024\/09\/Custom-Recycled-Dog-Mats-768x768.jpg 768w, https:\/\/petproducts.com.cn\/wp-content\/uploads\/2024\/09\/Custom-Recycled-Dog-Mats-12x12.jpg 12w, https:\/\/petproducts.com.cn\/wp-content\/uploads\/2024\/09\/Custom-Recycled-Dog-Mats-600x600.jpg 600w, https:\/\/petproducts.com.cn\/wp-content\/uploads\/2024\/09\/Custom-Recycled-Dog-Mats-100x100.jpg 100w, https:\/\/petproducts.com.cn\/wp-content\/uploads\/2024\/09\/Custom-Recycled-Dog-Mats.jpg 800w\" sizes=\"(max-width: 300px) 100vw, 300px\" \/>\n\t\t\t<\/div><\/figure><figure class='gallery-item'>\n\t\t\t<div class='gallery-icon landscape'>\n\t\t\t\t<img decoding=\"async\" width=\"300\" height=\"300\" src=\"https:\/\/petproducts.com.cn\/wp-content\/uploads\/2024\/09\/Bulk-Recycled-Dog-Mats-300x300.jpg\" class=\"attachment-medium size-medium\" alt=\"Bulk Recycelte Hundematten\" srcset=\"https:\/\/petproducts.com.cn\/wp-content\/uploads\/2024\/09\/Bulk-Recycled-Dog-Mats-300x300.jpg 300w, https:\/\/petproducts.com.cn\/wp-content\/uploads\/2024\/09\/Bulk-Recycled-Dog-Mats-150x150.jpg 150w, https:\/\/petproducts.com.cn\/wp-content\/uploads\/2024\/09\/Bulk-Recycled-Dog-Mats-768x768.jpg 768w, https:\/\/petproducts.com.cn\/wp-content\/uploads\/2024\/09\/Bulk-Recycled-Dog-Mats-12x12.jpg 12w, https:\/\/petproducts.com.cn\/wp-content\/uploads\/2024\/09\/Bulk-Recycled-Dog-Mats-600x600.jpg 600w, https:\/\/petproducts.com.cn\/wp-content\/uploads\/2024\/09\/Bulk-Recycled-Dog-Mats-100x100.jpg 100w, https:\/\/petproducts.com.cn\/wp-content\/uploads\/2024\/09\/Bulk-Recycled-Dog-Mats.jpg 800w\" sizes=\"(max-width: 300px) 100vw, 300px\" \/>\n\t\t\t<\/div><\/figure>\n\t\t<\/div>\n\n<p style=\"text-align: center;\"><em><strong>F\u00fcr mehr <a href=\"https:\/\/petproducts.com.cn\/de\/wholesale-dog-beds\/\">Hund\u00a0<\/a><\/strong><\/em><em><strong><a href=\"https:\/\/petproducts.com.cn\/de\/wholesale-dog-beds\/\">Betten<\/a>, Bitte <a href=\"https:\/\/petproducts.com.cn\/de\/kontaktieren-sie-uns\/\">kontaktiere uns<\/a>!<\/strong><\/em><\/p>","protected":false},"excerpt":{"rendered":"<p>Die Recycled Dog Mats sind ein umweltfreundliches, doppelt strukturiertes Bett f\u00fcr Ihr Haustier, mit einer weichen Seite f\u00fcr Komfort und einer glatten Seite f\u00fcr Vielseitigkeit, alles aus GRS-zertifiziertem, recyceltem PET-Gewebe.<\/p>","protected":false},"featured_media":28869,"template":"","meta":{"_acf_changed":false},"product_brand":[],"product_cat":[58,71,57,72],"product_tag":[203,243,241],"class_list":{"0":"post-28857","1":"product","2":"type-product","3":"status-publish","4":"has-post-thumbnail","6":"product_cat-cat-beds","7":"product_cat-cat-supplies","8":"product_cat-dog-beds","9":"product_cat-dog-supplies","10":"product_tag-pet-beds","11":"product_tag-pet-mats","12":"product_tag-recycled-pet-beds","14":"first","15":"instock","16":"shipping-taxable","17":"product-type-simple"},"acf":[],"yoast_head":"<!-- This site is optimized with the Yoast SEO plugin v27.1.1 - https:\/\/yoast.com\/product\/yoast-seo-wordpress\/ -->\n<title>Recycled Dog Mats | Dog Mattress Beds Manufacturer- Petstar<\/title>\n<meta name=\"description\" content=\"Explore Recycled Dog Mats from the best pet products supplier. Petstar is a global pet products manufacturer. Your ideal business solution with Petstar.\" \/>\n<meta name=\"robots\" content=\"index, follow, max-snippet:-1, max-image-preview:large, max-video-preview:-1\" \/>\n<link rel=\"canonical\" href=\"https:\/\/petproducts.com.cn\/de\/produkt\/recycled-dog-mats-eco-friendly-recycle-pet-fabric-pet-cat-dog-mattress-beds\/\" \/>\n<meta property=\"og:locale\" content=\"de_DE\" \/>\n<meta property=\"og:type\" content=\"article\" \/>\n<meta property=\"og:title\" content=\"Recycled Dog Mats | Dog Mattress Beds Manufacturer- Petstar\" \/>\n<meta property=\"og:description\" content=\"Explore Recycled Dog Mats from the best pet products supplier. Petstar is a global pet products manufacturer. Your ideal business solution with Petstar.\" \/>\n<meta property=\"og:url\" content=\"https:\/\/petproducts.com.cn\/de\/produkt\/recycled-dog-mats-eco-friendly-recycle-pet-fabric-pet-cat-dog-mattress-beds\/\" \/>\n<meta property=\"og:site_name\" content=\"Petstar\" \/>\n<meta property=\"article:modified_time\" content=\"2024-09-06T05:49:03+00:00\" \/>\n<meta property=\"og:image\" content=\"https:\/\/petproducts.com.cn\/wp-content\/uploads\/2024\/09\/Recycled-Dog-Mats.jpg\" \/>\n\t<meta property=\"og:image:width\" content=\"1000\" \/>\n\t<meta property=\"og:image:height\" content=\"1000\" \/>\n\t<meta property=\"og:image:type\" content=\"image\/jpeg\" \/>\n<meta name=\"twitter:card\" content=\"summary_large_image\" \/>\n<meta name=\"twitter:label1\" content=\"Gesch\u00e4tzte Lesezeit\" \/>\n\t<meta name=\"twitter:data1\" content=\"2\u00a0Minuten\" \/>\n<script type=\"application\/ld+json\" class=\"yoast-schema-graph\">{\"@context\":\"https:\/\/schema.org\",\"@graph\":[{\"@type\":\"WebPage\",\"@id\":\"https:\/\/petproducts.com.cn\/product\/recycled-dog-mats-eco-friendly-recycle-pet-fabric-pet-cat-dog-mattress-beds\/\",\"url\":\"https:\/\/petproducts.com.cn\/product\/recycled-dog-mats-eco-friendly-recycle-pet-fabric-pet-cat-dog-mattress-beds\/\",\"name\":\"Recycled Dog Mats | Dog Mattress Beds Manufacturer- Petstar\",\"isPartOf\":{\"@id\":\"https:\/\/petproducts.com.cn\/#website\"},\"primaryImageOfPage\":{\"@id\":\"https:\/\/petproducts.com.cn\/product\/recycled-dog-mats-eco-friendly-recycle-pet-fabric-pet-cat-dog-mattress-beds\/#primaryimage\"},\"image\":{\"@id\":\"https:\/\/petproducts.com.cn\/product\/recycled-dog-mats-eco-friendly-recycle-pet-fabric-pet-cat-dog-mattress-beds\/#primaryimage\"},\"thumbnailUrl\":\"https:\/\/petproducts.com.cn\/wp-content\/uploads\/2024\/09\/Recycled-Dog-Mats.jpg\",\"datePublished\":\"2024-09-06T05:13:37+00:00\",\"dateModified\":\"2024-09-06T05:49:03+00:00\",\"description\":\"Explore Recycled Dog Mats from the best pet products supplier. Petstar is a global pet products manufacturer. Your ideal business solution with Petstar.\",\"breadcrumb\":{\"@id\":\"https:\/\/petproducts.com.cn\/product\/recycled-dog-mats-eco-friendly-recycle-pet-fabric-pet-cat-dog-mattress-beds\/#breadcrumb\"},\"inLanguage\":\"de\",\"potentialAction\":[{\"@type\":\"ReadAction\",\"target\":[\"https:\/\/petproducts.com.cn\/product\/recycled-dog-mats-eco-friendly-recycle-pet-fabric-pet-cat-dog-mattress-beds\/\"]}]},{\"@type\":\"ImageObject\",\"inLanguage\":\"de\",\"@id\":\"https:\/\/petproducts.com.cn\/product\/recycled-dog-mats-eco-friendly-recycle-pet-fabric-pet-cat-dog-mattress-beds\/#primaryimage\",\"url\":\"https:\/\/petproducts.com.cn\/wp-content\/uploads\/2024\/09\/Recycled-Dog-Mats.jpg\",\"contentUrl\":\"https:\/\/petproducts.com.cn\/wp-content\/uploads\/2024\/09\/Recycled-Dog-Mats.jpg\",\"width\":1000,\"height\":1000,\"caption\":\"Recycled Dog Mats\"},{\"@type\":\"BreadcrumbList\",\"@id\":\"https:\/\/petproducts.com.cn\/product\/recycled-dog-mats-eco-friendly-recycle-pet-fabric-pet-cat-dog-mattress-beds\/#breadcrumb\",\"itemListElement\":[{\"@type\":\"ListItem\",\"position\":1,\"name\":\"HOME\",\"item\":\"https:\/\/petproducts.com.cn\/\"},{\"@type\":\"ListItem\",\"position\":2,\"name\":\"Products\",\"item\":\"https:\/\/petproducts.com.cn\/shop\/\"},{\"@type\":\"ListItem\",\"position\":3,\"name\":\"Dog Beds\",\"item\":\"https:\/\/petproducts.com.cn\/product-category\/dog-beds\/\"},{\"@type\":\"ListItem\",\"position\":4,\"name\":\"Recycled Dog Mats Eco Friendly Recycle PET Fabric Pet Cat Dog Mattress Beds\"}]},{\"@type\":\"WebSite\",\"@id\":\"https:\/\/petproducts.com.cn\/#website\",\"url\":\"https:\/\/petproducts.com.cn\/\",\"name\":\"Petstar\",\"description\":\"Leading Pet Supplies Manufacturer &amp; OEM Pet Products Supplier\",\"publisher\":{\"@id\":\"https:\/\/petproducts.com.cn\/#organization\"},\"alternateName\":\"Petstar Pet Supplies\",\"potentialAction\":[{\"@type\":\"SearchAction\",\"target\":{\"@type\":\"EntryPoint\",\"urlTemplate\":\"https:\/\/petproducts.com.cn\/?s={search_term_string}\"},\"query-input\":{\"@type\":\"PropertyValueSpecification\",\"valueRequired\":true,\"valueName\":\"search_term_string\"}}],\"inLanguage\":\"de\"},{\"@type\":\"Organization\",\"@id\":\"https:\/\/petproducts.com.cn\/#organization\",\"name\":\"Petstar\",\"url\":\"https:\/\/petproducts.com.cn\/\",\"logo\":{\"@type\":\"ImageObject\",\"inLanguage\":\"de\",\"@id\":\"https:\/\/petproducts.com.cn\/#\/schema\/logo\/image\/\",\"url\":\"https:\/\/petproducts.com.cn\/wp-content\/uploads\/2020\/02\/petstar-logo.webp\",\"contentUrl\":\"https:\/\/petproducts.com.cn\/wp-content\/uploads\/2020\/02\/petstar-logo.webp\",\"width\":779,\"height\":520,\"caption\":\"Petstar\"},\"image\":{\"@id\":\"https:\/\/petproducts.com.cn\/#\/schema\/logo\/image\/\"}}]}<\/script>\n<!-- \/ Yoast SEO plugin. -->","yoast_head_json":{"title":"Recycelte Hundematten | Hundematratzenbetten Hersteller- Petstar","description":"Entdecken Sie recycelte Hundematten vom besten Anbieter f\u00fcr Haustierprodukte. Petstar ist ein globaler Hersteller von Heimtierprodukten. Ihre ideale Gesch\u00e4ftsl\u00f6sung mit Petstar.","robots":{"index":"index","follow":"follow","max-snippet":"max-snippet:-1","max-image-preview":"max-image-preview:large","max-video-preview":"max-video-preview:-1"},"canonical":"https:\/\/petproducts.com.cn\/de\/produkt\/recycled-dog-mats-eco-friendly-recycle-pet-fabric-pet-cat-dog-mattress-beds\/","og_locale":"de_DE","og_type":"article","og_title":"Recycled Dog Mats | Dog Mattress Beds Manufacturer- Petstar","og_description":"Explore Recycled Dog Mats from the best pet products supplier. Petstar is a global pet products manufacturer. Your ideal business solution with Petstar.","og_url":"https:\/\/petproducts.com.cn\/de\/produkt\/recycled-dog-mats-eco-friendly-recycle-pet-fabric-pet-cat-dog-mattress-beds\/","og_site_name":"Petstar","article_modified_time":"2024-09-06T05:49:03+00:00","og_image":[{"width":1000,"height":1000,"url":"https:\/\/petproducts.com.cn\/wp-content\/uploads\/2024\/09\/Recycled-Dog-Mats.jpg","type":"image\/jpeg"}],"twitter_card":"summary_large_image","twitter_misc":{"Gesch\u00e4tzte Lesezeit":"2\u00a0Minuten"},"schema":{"@context":"https:\/\/schema.org","@graph":[{"@type":"WebPage","@id":"https:\/\/petproducts.com.cn\/product\/recycled-dog-mats-eco-friendly-recycle-pet-fabric-pet-cat-dog-mattress-beds\/","url":"https:\/\/petproducts.com.cn\/product\/recycled-dog-mats-eco-friendly-recycle-pet-fabric-pet-cat-dog-mattress-beds\/","name":"Recycelte Hundematten | Hundematratzenbetten Hersteller- Petstar","isPartOf":{"@id":"https:\/\/petproducts.com.cn\/#website"},"primaryImageOfPage":{"@id":"https:\/\/petproducts.com.cn\/product\/recycled-dog-mats-eco-friendly-recycle-pet-fabric-pet-cat-dog-mattress-beds\/#primaryimage"},"image":{"@id":"https:\/\/petproducts.com.cn\/product\/recycled-dog-mats-eco-friendly-recycle-pet-fabric-pet-cat-dog-mattress-beds\/#primaryimage"},"thumbnailUrl":"https:\/\/petproducts.com.cn\/wp-content\/uploads\/2024\/09\/Recycled-Dog-Mats.jpg","datePublished":"2024-09-06T05:13:37+00:00","dateModified":"2024-09-06T05:49:03+00:00","description":"Entdecken Sie recycelte Hundematten vom besten Anbieter f\u00fcr Haustierprodukte. Petstar ist ein globaler Hersteller von Heimtierprodukten. Ihre ideale Gesch\u00e4ftsl\u00f6sung mit Petstar.","breadcrumb":{"@id":"https:\/\/petproducts.com.cn\/product\/recycled-dog-mats-eco-friendly-recycle-pet-fabric-pet-cat-dog-mattress-beds\/#breadcrumb"},"inLanguage":"de","potentialAction":[{"@type":"ReadAction","target":["https:\/\/petproducts.com.cn\/product\/recycled-dog-mats-eco-friendly-recycle-pet-fabric-pet-cat-dog-mattress-beds\/"]}]},{"@type":"ImageObject","inLanguage":"de","@id":"https:\/\/petproducts.com.cn\/product\/recycled-dog-mats-eco-friendly-recycle-pet-fabric-pet-cat-dog-mattress-beds\/#primaryimage","url":"https:\/\/petproducts.com.cn\/wp-content\/uploads\/2024\/09\/Recycled-Dog-Mats.jpg","contentUrl":"https:\/\/petproducts.com.cn\/wp-content\/uploads\/2024\/09\/Recycled-Dog-Mats.jpg","width":1000,"height":1000,"caption":"Recycled Dog Mats"},{"@type":"BreadcrumbList","@id":"https:\/\/petproducts.com.cn\/product\/recycled-dog-mats-eco-friendly-recycle-pet-fabric-pet-cat-dog-mattress-beds\/#breadcrumb","itemListElement":[{"@type":"ListItem","position":1,"name":"HOME","item":"https:\/\/petproducts.com.cn\/"},{"@type":"ListItem","position":2,"name":"Products","item":"https:\/\/petproducts.com.cn\/shop\/"},{"@type":"ListItem","position":3,"name":"Dog Beds","item":"https:\/\/petproducts.com.cn\/product-category\/dog-beds\/"},{"@type":"ListItem","position":4,"name":"Recycled Dog Mats Eco Friendly Recycle PET Fabric Pet Cat Dog Mattress Beds"}]},{"@type":"WebSite","@id":"https:\/\/petproducts.com.cn\/#website","url":"https:\/\/petproducts.com.cn\/","name":"Petstar","description":"F\u00fchrender Hersteller von Heimtierbedarf und OEM-Lieferant von Heimtierprodukten","publisher":{"@id":"https:\/\/petproducts.com.cn\/#organization"},"alternateName":"Petstar Pet Supplies","potentialAction":[{"@type":"SearchAction","target":{"@type":"EntryPoint","urlTemplate":"https:\/\/petproducts.com.cn\/?s={search_term_string}"},"query-input":{"@type":"PropertyValueSpecification","valueRequired":true,"valueName":"search_term_string"}}],"inLanguage":"de"},{"@type":"Organization","@id":"https:\/\/petproducts.com.cn\/#organization","name":"Petstar","url":"https:\/\/petproducts.com.cn\/","logo":{"@type":"ImageObject","inLanguage":"de","@id":"https:\/\/petproducts.com.cn\/#\/schema\/logo\/image\/","url":"https:\/\/petproducts.com.cn\/wp-content\/uploads\/2020\/02\/petstar-logo.webp","contentUrl":"https:\/\/petproducts.com.cn\/wp-content\/uploads\/2020\/02\/petstar-logo.webp","width":779,"height":520,"caption":"Petstar"},"image":{"@id":"https:\/\/petproducts.com.cn\/#\/schema\/logo\/image\/"}}]}},"_links":{"self":[{"href":"https:\/\/petproducts.com.cn\/de\/wp-json\/wp\/v2\/product\/28857","targetHints":{"allow":["GET"]}}],"collection":[{"href":"https:\/\/petproducts.com.cn\/de\/wp-json\/wp\/v2\/product"}],"about":[{"href":"https:\/\/petproducts.com.cn\/de\/wp-json\/wp\/v2\/types\/product"}],"version-history":[{"count":3,"href":"https:\/\/petproducts.com.cn\/de\/wp-json\/wp\/v2\/product\/28857\/revisions"}],"predecessor-version":[{"id":28872,"href":"https:\/\/petproducts.com.cn\/de\/wp-json\/wp\/v2\/product\/28857\/revisions\/28872"}],"wp:featuredmedia":[{"embeddable":true,"href":"https:\/\/petproducts.com.cn\/de\/wp-json\/wp\/v2\/media\/28869"}],"wp:attachment":[{"href":"https:\/\/petproducts.com.cn\/de\/wp-json\/wp\/v2\/media?parent=28857"}],"wp:term":[{"taxonomy":"product_brand","embeddable":true,"href":"https:\/\/petproducts.com.cn\/de\/wp-json\/wp\/v2\/product_brand?post=28857"},{"taxonomy":"product_cat","embeddable":true,"href":"https:\/\/petproducts.com.cn\/de\/wp-json\/wp\/v2\/product_cat?post=28857"},{"taxonomy":"product_tag","embeddable":true,"href":"https:\/\/petproducts.com.cn\/de\/wp-json\/wp\/v2\/product_tag?post=28857"}],"curies":[{"name":"wp","href":"https:\/\/api.w.org\/{rel}","templated":true}]}}