{"id":29820,"date":"2024-10-22T05:44:08","date_gmt":"2024-10-22T05:44:08","guid":{"rendered":"https:\/\/petproducts.com.cn\/?post_type=product&#038;p=29820"},"modified":"2024-10-22T06:23:49","modified_gmt":"2024-10-22T06:23:49","slug":"cat-dog-carrier-bag-shoulder-bag-handbag-cute-panda-shape-pet-travel-bags","status":"publish","type":"product","link":"https:\/\/petproducts.com.cn\/de\/product\/cat-dog-carrier-bag-shoulder-bag-handbag-cute-panda-shape-pet-travel-bags\/","title":{"rendered":"Katze Hundetragetasche Umh\u00e4ngetasche Handtasche Niedlicher Panda Form Haustier Reisetaschen"},"content":{"rendered":"<h2><strong>Merkmale der Katze Hund Tragetasche<\/strong><\/h2>\n<ul>\n<li><strong>Bezauberndes Panda-Design<\/strong>: Diese Katzentragetasche hat die verspielte Form eines Pandas und ein rundes Loch in der Mitte, durch das der Kopf Ihres Haustieres hindurchstecken kann, so dass sie wie ein Pandakopf aussieht. Das niedliche und einzigartige Design macht das Reisen f\u00fcr Ihr Haustier noch lustiger.<\/li>\n<li><strong>Vielseitige Tragem\u00f6glichkeiten<\/strong>: Sie k\u00f6nnen diese Tasche entweder als Umh\u00e4ngetasche oder als Handtasche tragen, so dass Sie flexibel sind, wie Sie Ihr Haustier transportieren. Die robusten Riemen machen es einfach, je nach Komfort und Bedarf zwischen den verschiedenen Tragem\u00f6glichkeiten zu wechseln.<\/li>\n<li><strong>Weiches und bequemes Material<\/strong>: Die Tasche ist aus einem weichen Pl\u00fcschstoff gefertigt, der daf\u00fcr sorgt, dass es Ihr Haustier darin gem\u00fctlich hat. Die Pl\u00fcschtextur sorgt daf\u00fcr, dass sich Ihr Haustier bequem hinlegen kann, und bietet Ihnen gleichzeitig einen bequemen Griff.<\/li>\n<li><strong>Langlebig und leicht<\/strong>: Trotz des weichen Materials ist diese Katzentragetasche leicht und dennoch robust. Sie kann den regelm\u00e4\u00dfigen Gebrauch und die unvermeidlichen Bewegungen Ihres Haustieres aushalten, ohne ihre Form zu verlieren.<\/li>\n<li><strong>Stilvolle gr\u00fcne Farbe<\/strong>: Die gr\u00fcne Farbe l\u00e4sst die Tasche nicht nur stilvoll aussehen, sondern macht sie auch zu einem trendigen Accessoire, wenn Sie mit Ihrem Haustier unterwegs sind. Diese frische Farbe erg\u00e4nzt das Panda-Design und sorgt f\u00fcr einen einzigartigen, auff\u00e4lligen Look.<\/li>\n<\/ul>\n<p style=\"text-align: center;\"><em><strong>F\u00fcr mehr <a href=\"https:\/\/petproducts.com.cn\/de\/dog-carriers-manufacturer\/\">Tiertransporter<\/a>, Bitte <a href=\"https:\/\/petproducts.com.cn\/de\/kontaktieren-sie-uns\/\">kontaktiere uns<\/a>!<\/strong><\/em><\/p>\n<p>&nbsp;<\/p>","protected":false},"excerpt":{"rendered":"<p>Die Cat Dog Carrier Bag in niedlicher Panda-Form bietet eine stilvolle und praktische M\u00f6glichkeit, Ihr Haustier zu transportieren. Mit weichen Materialien und einem cleveren Design ist sie perfekt f\u00fcr komfortable Haustierreisen.<\/p>","protected":false},"featured_media":29823,"template":"","meta":{"_acf_changed":false},"product_brand":[],"product_cat":[133,71,132,72],"product_tag":[192,257],"class_list":{"0":"post-29820","1":"product","2":"type-product","3":"status-publish","4":"has-post-thumbnail","6":"product_cat-cat-carriers-car-supplies","7":"product_cat-cat-supplies","8":"product_cat-dog-carriers-car-supplies","9":"product_cat-dog-supplies","10":"product_tag-pet-bags","11":"product_tag-pet-carriers","13":"first","14":"instock","15":"shipping-taxable","16":"product-type-simple"},"acf":[],"yoast_head":"<!-- This site is optimized with the Yoast SEO plugin v27.1.1 - https:\/\/yoast.com\/product\/yoast-seo-wordpress\/ -->\n<title>Cat Dog Carrier Bag | Pet Travel Bags Manufacturer - Petstar<\/title>\n<meta name=\"description\" content=\"Explore Cat Dog Carrier Bag from the best pet product supplier. Petstar is a global pet supplies manufacturer. Your ideal business solution with Petstar.\" \/>\n<meta name=\"robots\" content=\"index, follow, max-snippet:-1, max-image-preview:large, max-video-preview:-1\" \/>\n<link rel=\"canonical\" href=\"https:\/\/petproducts.com.cn\/de\/produkt\/cat-dog-carrier-bag-shoulder-bag-handbag-cute-panda-shape-pet-travel-bags\/\" \/>\n<meta property=\"og:locale\" content=\"de_DE\" \/>\n<meta property=\"og:type\" content=\"article\" \/>\n<meta property=\"og:title\" content=\"Cat Dog Carrier Bag | Pet Travel Bags Manufacturer - Petstar\" \/>\n<meta property=\"og:description\" content=\"Explore Cat Dog Carrier Bag from the best pet product supplier. Petstar is a global pet supplies manufacturer. Your ideal business solution with Petstar.\" \/>\n<meta property=\"og:url\" content=\"https:\/\/petproducts.com.cn\/de\/produkt\/cat-dog-carrier-bag-shoulder-bag-handbag-cute-panda-shape-pet-travel-bags\/\" \/>\n<meta property=\"og:site_name\" content=\"Petstar\" \/>\n<meta property=\"article:modified_time\" content=\"2024-10-22T06:23:49+00:00\" \/>\n<meta property=\"og:image\" content=\"https:\/\/petproducts.com.cn\/wp-content\/uploads\/2024\/10\/Cat-Dog-Carrier-Bag.jpg\" \/>\n\t<meta property=\"og:image:width\" content=\"1000\" \/>\n\t<meta property=\"og:image:height\" content=\"1000\" \/>\n\t<meta property=\"og:image:type\" content=\"image\/jpeg\" \/>\n<meta name=\"twitter:card\" content=\"summary_large_image\" \/>\n<meta name=\"twitter:label1\" content=\"Gesch\u00e4tzte Lesezeit\" \/>\n\t<meta name=\"twitter:data1\" content=\"2\u00a0Minuten\" \/>\n<script type=\"application\/ld+json\" class=\"yoast-schema-graph\">{\"@context\":\"https:\/\/schema.org\",\"@graph\":[{\"@type\":\"WebPage\",\"@id\":\"https:\/\/petproducts.com.cn\/product\/cat-dog-carrier-bag-shoulder-bag-handbag-cute-panda-shape-pet-travel-bags\/\",\"url\":\"https:\/\/petproducts.com.cn\/product\/cat-dog-carrier-bag-shoulder-bag-handbag-cute-panda-shape-pet-travel-bags\/\",\"name\":\"Cat Dog Carrier Bag | Pet Travel Bags Manufacturer - Petstar\",\"isPartOf\":{\"@id\":\"https:\/\/petproducts.com.cn\/#website\"},\"primaryImageOfPage\":{\"@id\":\"https:\/\/petproducts.com.cn\/product\/cat-dog-carrier-bag-shoulder-bag-handbag-cute-panda-shape-pet-travel-bags\/#primaryimage\"},\"image\":{\"@id\":\"https:\/\/petproducts.com.cn\/product\/cat-dog-carrier-bag-shoulder-bag-handbag-cute-panda-shape-pet-travel-bags\/#primaryimage\"},\"thumbnailUrl\":\"https:\/\/petproducts.com.cn\/wp-content\/uploads\/2024\/10\/Cat-Dog-Carrier-Bag.jpg\",\"datePublished\":\"2024-10-22T05:44:08+00:00\",\"dateModified\":\"2024-10-22T06:23:49+00:00\",\"description\":\"Explore Cat Dog Carrier Bag from the best pet product supplier. Petstar is a global pet supplies manufacturer. Your ideal business solution with Petstar.\",\"breadcrumb\":{\"@id\":\"https:\/\/petproducts.com.cn\/product\/cat-dog-carrier-bag-shoulder-bag-handbag-cute-panda-shape-pet-travel-bags\/#breadcrumb\"},\"inLanguage\":\"de\",\"potentialAction\":[{\"@type\":\"ReadAction\",\"target\":[\"https:\/\/petproducts.com.cn\/product\/cat-dog-carrier-bag-shoulder-bag-handbag-cute-panda-shape-pet-travel-bags\/\"]}]},{\"@type\":\"ImageObject\",\"inLanguage\":\"de\",\"@id\":\"https:\/\/petproducts.com.cn\/product\/cat-dog-carrier-bag-shoulder-bag-handbag-cute-panda-shape-pet-travel-bags\/#primaryimage\",\"url\":\"https:\/\/petproducts.com.cn\/wp-content\/uploads\/2024\/10\/Cat-Dog-Carrier-Bag.jpg\",\"contentUrl\":\"https:\/\/petproducts.com.cn\/wp-content\/uploads\/2024\/10\/Cat-Dog-Carrier-Bag.jpg\",\"width\":1000,\"height\":1000,\"caption\":\"Cat Dog Carrier Bag\"},{\"@type\":\"BreadcrumbList\",\"@id\":\"https:\/\/petproducts.com.cn\/product\/cat-dog-carrier-bag-shoulder-bag-handbag-cute-panda-shape-pet-travel-bags\/#breadcrumb\",\"itemListElement\":[{\"@type\":\"ListItem\",\"position\":1,\"name\":\"HOME\",\"item\":\"https:\/\/petproducts.com.cn\/\"},{\"@type\":\"ListItem\",\"position\":2,\"name\":\"Products\",\"item\":\"https:\/\/petproducts.com.cn\/shop\/\"},{\"@type\":\"ListItem\",\"position\":3,\"name\":\"Dog Carriers &amp; Car Supplies\",\"item\":\"https:\/\/petproducts.com.cn\/product-category\/dog-carriers-car-supplies\/\"},{\"@type\":\"ListItem\",\"position\":4,\"name\":\"Cat Dog Carrier Bag Shoulder Bag Handbag Cute Panda Shape Pet Travel Bags\"}]},{\"@type\":\"WebSite\",\"@id\":\"https:\/\/petproducts.com.cn\/#website\",\"url\":\"https:\/\/petproducts.com.cn\/\",\"name\":\"Petstar\",\"description\":\"Leading Pet Supplies Manufacturer &amp; OEM Pet Products Supplier\",\"publisher\":{\"@id\":\"https:\/\/petproducts.com.cn\/#organization\"},\"alternateName\":\"Petstar Pet Supplies\",\"potentialAction\":[{\"@type\":\"SearchAction\",\"target\":{\"@type\":\"EntryPoint\",\"urlTemplate\":\"https:\/\/petproducts.com.cn\/?s={search_term_string}\"},\"query-input\":{\"@type\":\"PropertyValueSpecification\",\"valueRequired\":true,\"valueName\":\"search_term_string\"}}],\"inLanguage\":\"de\"},{\"@type\":\"Organization\",\"@id\":\"https:\/\/petproducts.com.cn\/#organization\",\"name\":\"Petstar\",\"url\":\"https:\/\/petproducts.com.cn\/\",\"logo\":{\"@type\":\"ImageObject\",\"inLanguage\":\"de\",\"@id\":\"https:\/\/petproducts.com.cn\/#\/schema\/logo\/image\/\",\"url\":\"https:\/\/petproducts.com.cn\/wp-content\/uploads\/2020\/02\/petstar-logo.webp\",\"contentUrl\":\"https:\/\/petproducts.com.cn\/wp-content\/uploads\/2020\/02\/petstar-logo.webp\",\"width\":779,\"height\":520,\"caption\":\"Petstar\"},\"image\":{\"@id\":\"https:\/\/petproducts.com.cn\/#\/schema\/logo\/image\/\"}}]}<\/script>\n<!-- \/ Yoast SEO plugin. -->","yoast_head_json":{"title":"Katze Hund Tragetasche | Haustier Reisetaschen Hersteller - Petstar","description":"Entdecken Sie Cat Dog Carrier Bag vom besten Lieferanten f\u00fcr Haustierprodukte. Petstar ist ein globaler Hersteller von Heimtierbedarf. Ihre ideale Gesch\u00e4ftsl\u00f6sung mit Petstar.","robots":{"index":"index","follow":"follow","max-snippet":"max-snippet:-1","max-image-preview":"max-image-preview:large","max-video-preview":"max-video-preview:-1"},"canonical":"https:\/\/petproducts.com.cn\/de\/produkt\/cat-dog-carrier-bag-shoulder-bag-handbag-cute-panda-shape-pet-travel-bags\/","og_locale":"de_DE","og_type":"article","og_title":"Cat Dog Carrier Bag | Pet Travel Bags Manufacturer - Petstar","og_description":"Explore Cat Dog Carrier Bag from the best pet product supplier. Petstar is a global pet supplies manufacturer. Your ideal business solution with Petstar.","og_url":"https:\/\/petproducts.com.cn\/de\/produkt\/cat-dog-carrier-bag-shoulder-bag-handbag-cute-panda-shape-pet-travel-bags\/","og_site_name":"Petstar","article_modified_time":"2024-10-22T06:23:49+00:00","og_image":[{"width":1000,"height":1000,"url":"https:\/\/petproducts.com.cn\/wp-content\/uploads\/2024\/10\/Cat-Dog-Carrier-Bag.jpg","type":"image\/jpeg"}],"twitter_card":"summary_large_image","twitter_misc":{"Gesch\u00e4tzte Lesezeit":"2\u00a0Minuten"},"schema":{"@context":"https:\/\/schema.org","@graph":[{"@type":"WebPage","@id":"https:\/\/petproducts.com.cn\/product\/cat-dog-carrier-bag-shoulder-bag-handbag-cute-panda-shape-pet-travel-bags\/","url":"https:\/\/petproducts.com.cn\/product\/cat-dog-carrier-bag-shoulder-bag-handbag-cute-panda-shape-pet-travel-bags\/","name":"Katze Hund Tragetasche | Haustier Reisetaschen Hersteller - Petstar","isPartOf":{"@id":"https:\/\/petproducts.com.cn\/#website"},"primaryImageOfPage":{"@id":"https:\/\/petproducts.com.cn\/product\/cat-dog-carrier-bag-shoulder-bag-handbag-cute-panda-shape-pet-travel-bags\/#primaryimage"},"image":{"@id":"https:\/\/petproducts.com.cn\/product\/cat-dog-carrier-bag-shoulder-bag-handbag-cute-panda-shape-pet-travel-bags\/#primaryimage"},"thumbnailUrl":"https:\/\/petproducts.com.cn\/wp-content\/uploads\/2024\/10\/Cat-Dog-Carrier-Bag.jpg","datePublished":"2024-10-22T05:44:08+00:00","dateModified":"2024-10-22T06:23:49+00:00","description":"Entdecken Sie Cat Dog Carrier Bag vom besten Lieferanten f\u00fcr Haustierprodukte. Petstar ist ein globaler Hersteller von Heimtierbedarf. Ihre ideale Gesch\u00e4ftsl\u00f6sung mit Petstar.","breadcrumb":{"@id":"https:\/\/petproducts.com.cn\/product\/cat-dog-carrier-bag-shoulder-bag-handbag-cute-panda-shape-pet-travel-bags\/#breadcrumb"},"inLanguage":"de","potentialAction":[{"@type":"ReadAction","target":["https:\/\/petproducts.com.cn\/product\/cat-dog-carrier-bag-shoulder-bag-handbag-cute-panda-shape-pet-travel-bags\/"]}]},{"@type":"ImageObject","inLanguage":"de","@id":"https:\/\/petproducts.com.cn\/product\/cat-dog-carrier-bag-shoulder-bag-handbag-cute-panda-shape-pet-travel-bags\/#primaryimage","url":"https:\/\/petproducts.com.cn\/wp-content\/uploads\/2024\/10\/Cat-Dog-Carrier-Bag.jpg","contentUrl":"https:\/\/petproducts.com.cn\/wp-content\/uploads\/2024\/10\/Cat-Dog-Carrier-Bag.jpg","width":1000,"height":1000,"caption":"Cat Dog Carrier Bag"},{"@type":"BreadcrumbList","@id":"https:\/\/petproducts.com.cn\/product\/cat-dog-carrier-bag-shoulder-bag-handbag-cute-panda-shape-pet-travel-bags\/#breadcrumb","itemListElement":[{"@type":"ListItem","position":1,"name":"HOME","item":"https:\/\/petproducts.com.cn\/"},{"@type":"ListItem","position":2,"name":"Products","item":"https:\/\/petproducts.com.cn\/shop\/"},{"@type":"ListItem","position":3,"name":"Dog Carriers &amp; Car Supplies","item":"https:\/\/petproducts.com.cn\/product-category\/dog-carriers-car-supplies\/"},{"@type":"ListItem","position":4,"name":"Cat Dog Carrier Bag Shoulder Bag Handbag Cute Panda Shape Pet Travel Bags"}]},{"@type":"WebSite","@id":"https:\/\/petproducts.com.cn\/#website","url":"https:\/\/petproducts.com.cn\/","name":"Petstar","description":"F\u00fchrender Hersteller von Heimtierbedarf und OEM-Lieferant von Heimtierprodukten","publisher":{"@id":"https:\/\/petproducts.com.cn\/#organization"},"alternateName":"Petstar Pet Supplies","potentialAction":[{"@type":"SearchAction","target":{"@type":"EntryPoint","urlTemplate":"https:\/\/petproducts.com.cn\/?s={search_term_string}"},"query-input":{"@type":"PropertyValueSpecification","valueRequired":true,"valueName":"search_term_string"}}],"inLanguage":"de"},{"@type":"Organization","@id":"https:\/\/petproducts.com.cn\/#organization","name":"Petstar","url":"https:\/\/petproducts.com.cn\/","logo":{"@type":"ImageObject","inLanguage":"de","@id":"https:\/\/petproducts.com.cn\/#\/schema\/logo\/image\/","url":"https:\/\/petproducts.com.cn\/wp-content\/uploads\/2020\/02\/petstar-logo.webp","contentUrl":"https:\/\/petproducts.com.cn\/wp-content\/uploads\/2020\/02\/petstar-logo.webp","width":779,"height":520,"caption":"Petstar"},"image":{"@id":"https:\/\/petproducts.com.cn\/#\/schema\/logo\/image\/"}}]}},"_links":{"self":[{"href":"https:\/\/petproducts.com.cn\/de\/wp-json\/wp\/v2\/product\/29820","targetHints":{"allow":["GET"]}}],"collection":[{"href":"https:\/\/petproducts.com.cn\/de\/wp-json\/wp\/v2\/product"}],"about":[{"href":"https:\/\/petproducts.com.cn\/de\/wp-json\/wp\/v2\/types\/product"}],"version-history":[{"count":2,"href":"https:\/\/petproducts.com.cn\/de\/wp-json\/wp\/v2\/product\/29820\/revisions"}],"predecessor-version":[{"id":29828,"href":"https:\/\/petproducts.com.cn\/de\/wp-json\/wp\/v2\/product\/29820\/revisions\/29828"}],"wp:featuredmedia":[{"embeddable":true,"href":"https:\/\/petproducts.com.cn\/de\/wp-json\/wp\/v2\/media\/29823"}],"wp:attachment":[{"href":"https:\/\/petproducts.com.cn\/de\/wp-json\/wp\/v2\/media?parent=29820"}],"wp:term":[{"taxonomy":"product_brand","embeddable":true,"href":"https:\/\/petproducts.com.cn\/de\/wp-json\/wp\/v2\/product_brand?post=29820"},{"taxonomy":"product_cat","embeddable":true,"href":"https:\/\/petproducts.com.cn\/de\/wp-json\/wp\/v2\/product_cat?post=29820"},{"taxonomy":"product_tag","embeddable":true,"href":"https:\/\/petproducts.com.cn\/de\/wp-json\/wp\/v2\/product_tag?post=29820"}],"curies":[{"name":"wp","href":"https:\/\/api.w.org\/{rel}","templated":true}]}}