{"id":30447,"date":"2024-11-13T07:01:20","date_gmt":"2024-11-13T07:01:20","guid":{"rendered":"https:\/\/petproducts.com.cn\/?post_type=product&#038;p=30447"},"modified":"2024-11-13T07:14:55","modified_gmt":"2024-11-13T07:14:55","slug":"birthday-cat-toy-gift-set-12-piece-value-pack-pet-holiday-cat-toys","status":"publish","type":"product","link":"https:\/\/petproducts.com.cn\/de\/product\/birthday-cat-toy-gift-set-12-piece-value-pack-pet-holiday-cat-toys\/","title":{"rendered":"Geburtstag Katze Spielzeug Geschenk Set 12 St\u00fcck Wert Pack Haustier Urlaub Katze Spielzeug"},"content":{"rendered":"<h2>Eigenschaften von Birthday Cat Toy<\/h2>\n<ul>\n<li><strong>Komplettes Geburtstagsset<\/strong> - Sie erhalten ein 12-teiliges Vorteilspaket, das mit verschiedenen und aufregenden Spielzeugen gef\u00fcllt ist, perfekt f\u00fcr einen besonderen Anlass oder einfach nur so.<\/li>\n<li><strong>Interaktiver Katzenball<\/strong>\u00a0- Die mitgelieferten Katzenb\u00e4lle machen jeden Schlag noch aufregender. Die Texturen und Ger\u00e4usche wecken die Aufmerksamkeit Ihrer Katze und halten sie aktiv und besch\u00e4ftigt.<\/li>\n<li><strong>Knitterpapier-Spielzeug<\/strong>\u00a0- Crinkle Toys bieten unwiderstehliche Ger\u00e4usche, die bei jedem spielerischen Pf\u00f6tchenklopfen die Sinne zus\u00e4tzlich anregen.<\/li>\n<li><strong>Pl\u00fcschtiere zum Kuscheln<\/strong>\u00a0- Hier finden Sie weiche Pl\u00fcschtiere, mit denen Katzen kuscheln k\u00f6nnen und die ihnen Komfort und Sicherheit geben, auch wenn sie spielen.<\/li>\n<li><strong>Teaser-Stab<\/strong>\u00a0- Der haltbare Teaser-Stab bringt interaktive Spielstunden auf eine neue Ebene. Sie k\u00f6nnen eine enge Bindung zu Ihrem Haustier aufbauen, was jede Sitzung zu einem angenehmen und unvergesslichen Erlebnis macht.<\/li>\n<li><strong>Farbenfroh und fesselnd<\/strong>\u00a0- Dieses Geburtstagsspielzeugset enth\u00e4lt leuchtende, fr\u00f6hliche Farben, die die Neugier Ihrer Katze wecken, ihre Sinne anregen und sie ermutigen, jedes Spielzeug zu erkunden.<\/li>\n<li><strong>Perfekte Geschenkidee<\/strong>\u00a0- Mit einer Mischung aus aufregenden Texturen, Ger\u00e4uschen und Formen ist dieses Geburtstagsspielzeug f\u00fcr Katzen ein tolles Geschenk f\u00fcr jeden Katzenfreund.<\/li>\n<li><strong>Gro\u00dfartig f\u00fcr alle Altersgruppen<\/strong>\u00a0- Egal, ob Ihre Katze ein verspieltes K\u00e4tzchen oder ein erwachsener Kater ist, diese Spielzeuge bringen die lebenslustige Seite jeder Katze zum Vorschein.<\/li>\n<li><strong>Perfekt f\u00fcr alle Anl\u00e4sse<\/strong>\u00a0- Dieses vielseitige Set ist ideal f\u00fcr Geburtstage, eignet sich aber auch f\u00fcr Feiertage oder als allt\u00e4glicher Leckerbissen, um Ihrem Haustier den Tag zu versch\u00f6nern.<\/li>\n<li><strong>Ermutigt zu k\u00f6rperlicher Aktivit\u00e4t<\/strong>\u00a0- Jedes Spielzeug f\u00f6rdert die gesunde Bewegung, vom Springen bis zum Jagen, damit Ihre Katze fit und gl\u00fccklich bleibt.<\/li>\n<\/ul>\n<p style=\"text-align: center;\"><em><strong>F\u00fcr mehr <a href=\"https:\/\/petproducts.com.cn\/de\/wholesale-cat-toys\/\">Commitment to Quality<\/a> &amp; <a href=\"https:\/\/petproducts.com.cn\/de\/wholesale-dog-toys\/\">Hundespielzeug<\/a>,<\/strong><\/em><em><strong>\u00a0bitte <a href=\"https:\/\/petproducts.com.cn\/de\/kontaktieren-sie-uns\/\">kontaktiere uns<\/a>!<\/strong><\/em><\/p>","protected":false},"excerpt":{"rendered":"<p>Feiern Sie den besonderen Tag Ihrer Katze mit diesem 12-teiligen\u00a0<em>Geburtstag Katzenspielzeug-Geschenkset<\/em>! Dieses Katzenspielzeug f\u00fcr den Urlaub bietet endlosen Spa\u00df und Abwechslung, so dass Ihre Katze stundenlang unterhalten wird.<\/p>","protected":false},"featured_media":30451,"template":"","meta":{"_acf_changed":false},"product_brand":[],"product_cat":[71,81],"product_tag":[271,272,268,248,230],"class_list":{"0":"post-30447","1":"product","2":"type-product","3":"status-publish","4":"has-post-thumbnail","6":"product_cat-cat-supplies","7":"product_cat-cat-toys","8":"product_tag-birthday-pet-supplies","9":"product_tag-birthday-pet-toys","10":"product_tag-cat-ball-toys","11":"product_tag-cat-toys-set","12":"product_tag-interactive-cat-toys","14":"first","15":"instock","16":"shipping-taxable","17":"product-type-simple"},"acf":[],"yoast_head":"<!-- This site is optimized with the Yoast SEO plugin v27.1.1 - https:\/\/yoast.com\/product\/yoast-seo-wordpress\/ -->\n<title>Birthday Cat Toy | Holiday Cat Toys Manufacturer- Petstar<\/title>\n<meta name=\"description\" content=\"Explore Birthday Cat Toy from the best pet products supplier. Petstar is a global pet product manufacturer. Your ideal business solution with Petstar.\" \/>\n<meta name=\"robots\" content=\"index, follow, max-snippet:-1, max-image-preview:large, max-video-preview:-1\" \/>\n<link rel=\"canonical\" href=\"https:\/\/petproducts.com.cn\/de\/produkt\/birthday-cat-toy-gift-set-12-piece-value-pack-pet-holiday-cat-toys\/\" \/>\n<meta property=\"og:locale\" content=\"de_DE\" \/>\n<meta property=\"og:type\" content=\"article\" \/>\n<meta property=\"og:title\" content=\"Birthday Cat Toy | Holiday Cat Toys Manufacturer- Petstar\" \/>\n<meta property=\"og:description\" content=\"Explore Birthday Cat Toy from the best pet products supplier. Petstar is a global pet product manufacturer. Your ideal business solution with Petstar.\" \/>\n<meta property=\"og:url\" content=\"https:\/\/petproducts.com.cn\/de\/produkt\/birthday-cat-toy-gift-set-12-piece-value-pack-pet-holiday-cat-toys\/\" \/>\n<meta property=\"og:site_name\" content=\"Petstar\" \/>\n<meta property=\"article:modified_time\" content=\"2024-11-13T07:14:55+00:00\" \/>\n<meta property=\"og:image\" content=\"https:\/\/petproducts.com.cn\/wp-content\/uploads\/2024\/11\/birthday-cat-toy.webp\" \/>\n\t<meta property=\"og:image:width\" content=\"1000\" \/>\n\t<meta property=\"og:image:height\" content=\"1000\" \/>\n\t<meta property=\"og:image:type\" content=\"image\/webp\" \/>\n<meta name=\"twitter:card\" content=\"summary_large_image\" \/>\n<meta name=\"twitter:label1\" content=\"Gesch\u00e4tzte Lesezeit\" \/>\n\t<meta name=\"twitter:data1\" content=\"2\u00a0Minuten\" \/>\n<script type=\"application\/ld+json\" class=\"yoast-schema-graph\">{\"@context\":\"https:\/\/schema.org\",\"@graph\":[{\"@type\":\"WebPage\",\"@id\":\"https:\/\/petproducts.com.cn\/product\/birthday-cat-toy-gift-set-12-piece-value-pack-pet-holiday-cat-toys\/\",\"url\":\"https:\/\/petproducts.com.cn\/product\/birthday-cat-toy-gift-set-12-piece-value-pack-pet-holiday-cat-toys\/\",\"name\":\"Birthday Cat Toy | Holiday Cat Toys Manufacturer- Petstar\",\"isPartOf\":{\"@id\":\"https:\/\/petproducts.com.cn\/#website\"},\"primaryImageOfPage\":{\"@id\":\"https:\/\/petproducts.com.cn\/product\/birthday-cat-toy-gift-set-12-piece-value-pack-pet-holiday-cat-toys\/#primaryimage\"},\"image\":{\"@id\":\"https:\/\/petproducts.com.cn\/product\/birthday-cat-toy-gift-set-12-piece-value-pack-pet-holiday-cat-toys\/#primaryimage\"},\"thumbnailUrl\":\"https:\/\/petproducts.com.cn\/wp-content\/uploads\/2024\/11\/birthday-cat-toy.webp\",\"datePublished\":\"2024-11-13T07:01:20+00:00\",\"dateModified\":\"2024-11-13T07:14:55+00:00\",\"description\":\"Explore Birthday Cat Toy from the best pet products supplier. Petstar is a global pet product manufacturer. Your ideal business solution with Petstar.\",\"breadcrumb\":{\"@id\":\"https:\/\/petproducts.com.cn\/product\/birthday-cat-toy-gift-set-12-piece-value-pack-pet-holiday-cat-toys\/#breadcrumb\"},\"inLanguage\":\"de\",\"potentialAction\":[{\"@type\":\"ReadAction\",\"target\":[\"https:\/\/petproducts.com.cn\/product\/birthday-cat-toy-gift-set-12-piece-value-pack-pet-holiday-cat-toys\/\"]}]},{\"@type\":\"ImageObject\",\"inLanguage\":\"de\",\"@id\":\"https:\/\/petproducts.com.cn\/product\/birthday-cat-toy-gift-set-12-piece-value-pack-pet-holiday-cat-toys\/#primaryimage\",\"url\":\"https:\/\/petproducts.com.cn\/wp-content\/uploads\/2024\/11\/birthday-cat-toy.webp\",\"contentUrl\":\"https:\/\/petproducts.com.cn\/wp-content\/uploads\/2024\/11\/birthday-cat-toy.webp\",\"width\":1000,\"height\":1000,\"caption\":\"birthday cat toy\"},{\"@type\":\"BreadcrumbList\",\"@id\":\"https:\/\/petproducts.com.cn\/product\/birthday-cat-toy-gift-set-12-piece-value-pack-pet-holiday-cat-toys\/#breadcrumb\",\"itemListElement\":[{\"@type\":\"ListItem\",\"position\":1,\"name\":\"HOME\",\"item\":\"https:\/\/petproducts.com.cn\/\"},{\"@type\":\"ListItem\",\"position\":2,\"name\":\"Products\",\"item\":\"https:\/\/petproducts.com.cn\/shop\/\"},{\"@type\":\"ListItem\",\"position\":3,\"name\":\"Cat Toys\",\"item\":\"https:\/\/petproducts.com.cn\/product-category\/cat-toys\/\"},{\"@type\":\"ListItem\",\"position\":4,\"name\":\"Birthday Cat Toy Gift Set 12 Piece Value Pack Pet Holiday Cat Toys\"}]},{\"@type\":\"WebSite\",\"@id\":\"https:\/\/petproducts.com.cn\/#website\",\"url\":\"https:\/\/petproducts.com.cn\/\",\"name\":\"Petstar\",\"description\":\"Leading Pet Supplies Manufacturer &amp; OEM Pet Products Supplier\",\"publisher\":{\"@id\":\"https:\/\/petproducts.com.cn\/#organization\"},\"alternateName\":\"Petstar Pet Supplies\",\"potentialAction\":[{\"@type\":\"SearchAction\",\"target\":{\"@type\":\"EntryPoint\",\"urlTemplate\":\"https:\/\/petproducts.com.cn\/?s={search_term_string}\"},\"query-input\":{\"@type\":\"PropertyValueSpecification\",\"valueRequired\":true,\"valueName\":\"search_term_string\"}}],\"inLanguage\":\"de\"},{\"@type\":\"Organization\",\"@id\":\"https:\/\/petproducts.com.cn\/#organization\",\"name\":\"Petstar\",\"url\":\"https:\/\/petproducts.com.cn\/\",\"logo\":{\"@type\":\"ImageObject\",\"inLanguage\":\"de\",\"@id\":\"https:\/\/petproducts.com.cn\/#\/schema\/logo\/image\/\",\"url\":\"https:\/\/petproducts.com.cn\/wp-content\/uploads\/2020\/02\/petstar-logo.webp\",\"contentUrl\":\"https:\/\/petproducts.com.cn\/wp-content\/uploads\/2020\/02\/petstar-logo.webp\",\"width\":779,\"height\":520,\"caption\":\"Petstar\"},\"image\":{\"@id\":\"https:\/\/petproducts.com.cn\/#\/schema\/logo\/image\/\"}}]}<\/script>\n<!-- \/ Yoast SEO plugin. -->","yoast_head_json":{"title":"Geburtstag Katzenspielzeug | Urlaub Katzenspielzeug Hersteller- Petstar","description":"Entdecken Sie Geburtstag Katzenspielzeug vom besten Anbieter f\u00fcr Haustierprodukte. Petstar ist ein globaler Hersteller von Haustierprodukten. Ihre ideale Gesch\u00e4ftsl\u00f6sung mit Petstar.","robots":{"index":"index","follow":"follow","max-snippet":"max-snippet:-1","max-image-preview":"max-image-preview:large","max-video-preview":"max-video-preview:-1"},"canonical":"https:\/\/petproducts.com.cn\/de\/produkt\/birthday-cat-toy-gift-set-12-piece-value-pack-pet-holiday-cat-toys\/","og_locale":"de_DE","og_type":"article","og_title":"Birthday Cat Toy | Holiday Cat Toys Manufacturer- Petstar","og_description":"Explore Birthday Cat Toy from the best pet products supplier. Petstar is a global pet product manufacturer. Your ideal business solution with Petstar.","og_url":"https:\/\/petproducts.com.cn\/de\/produkt\/birthday-cat-toy-gift-set-12-piece-value-pack-pet-holiday-cat-toys\/","og_site_name":"Petstar","article_modified_time":"2024-11-13T07:14:55+00:00","og_image":[{"width":1000,"height":1000,"url":"https:\/\/petproducts.com.cn\/wp-content\/uploads\/2024\/11\/birthday-cat-toy.webp","type":"image\/webp"}],"twitter_card":"summary_large_image","twitter_misc":{"Gesch\u00e4tzte Lesezeit":"2\u00a0Minuten"},"schema":{"@context":"https:\/\/schema.org","@graph":[{"@type":"WebPage","@id":"https:\/\/petproducts.com.cn\/product\/birthday-cat-toy-gift-set-12-piece-value-pack-pet-holiday-cat-toys\/","url":"https:\/\/petproducts.com.cn\/product\/birthday-cat-toy-gift-set-12-piece-value-pack-pet-holiday-cat-toys\/","name":"Geburtstag Katzenspielzeug | Urlaub Katzenspielzeug Hersteller- Petstar","isPartOf":{"@id":"https:\/\/petproducts.com.cn\/#website"},"primaryImageOfPage":{"@id":"https:\/\/petproducts.com.cn\/product\/birthday-cat-toy-gift-set-12-piece-value-pack-pet-holiday-cat-toys\/#primaryimage"},"image":{"@id":"https:\/\/petproducts.com.cn\/product\/birthday-cat-toy-gift-set-12-piece-value-pack-pet-holiday-cat-toys\/#primaryimage"},"thumbnailUrl":"https:\/\/petproducts.com.cn\/wp-content\/uploads\/2024\/11\/birthday-cat-toy.webp","datePublished":"2024-11-13T07:01:20+00:00","dateModified":"2024-11-13T07:14:55+00:00","description":"Entdecken Sie Geburtstag Katzenspielzeug vom besten Anbieter f\u00fcr Haustierprodukte. Petstar ist ein globaler Hersteller von Haustierprodukten. Ihre ideale Gesch\u00e4ftsl\u00f6sung mit Petstar.","breadcrumb":{"@id":"https:\/\/petproducts.com.cn\/product\/birthday-cat-toy-gift-set-12-piece-value-pack-pet-holiday-cat-toys\/#breadcrumb"},"inLanguage":"de","potentialAction":[{"@type":"ReadAction","target":["https:\/\/petproducts.com.cn\/product\/birthday-cat-toy-gift-set-12-piece-value-pack-pet-holiday-cat-toys\/"]}]},{"@type":"ImageObject","inLanguage":"de","@id":"https:\/\/petproducts.com.cn\/product\/birthday-cat-toy-gift-set-12-piece-value-pack-pet-holiday-cat-toys\/#primaryimage","url":"https:\/\/petproducts.com.cn\/wp-content\/uploads\/2024\/11\/birthday-cat-toy.webp","contentUrl":"https:\/\/petproducts.com.cn\/wp-content\/uploads\/2024\/11\/birthday-cat-toy.webp","width":1000,"height":1000,"caption":"birthday cat toy"},{"@type":"BreadcrumbList","@id":"https:\/\/petproducts.com.cn\/product\/birthday-cat-toy-gift-set-12-piece-value-pack-pet-holiday-cat-toys\/#breadcrumb","itemListElement":[{"@type":"ListItem","position":1,"name":"HOME","item":"https:\/\/petproducts.com.cn\/"},{"@type":"ListItem","position":2,"name":"Products","item":"https:\/\/petproducts.com.cn\/shop\/"},{"@type":"ListItem","position":3,"name":"Cat Toys","item":"https:\/\/petproducts.com.cn\/product-category\/cat-toys\/"},{"@type":"ListItem","position":4,"name":"Birthday Cat Toy Gift Set 12 Piece Value Pack Pet Holiday Cat Toys"}]},{"@type":"WebSite","@id":"https:\/\/petproducts.com.cn\/#website","url":"https:\/\/petproducts.com.cn\/","name":"Petstar","description":"F\u00fchrender Hersteller von Heimtierbedarf und OEM-Lieferant von Heimtierprodukten","publisher":{"@id":"https:\/\/petproducts.com.cn\/#organization"},"alternateName":"Petstar Pet Supplies","potentialAction":[{"@type":"SearchAction","target":{"@type":"EntryPoint","urlTemplate":"https:\/\/petproducts.com.cn\/?s={search_term_string}"},"query-input":{"@type":"PropertyValueSpecification","valueRequired":true,"valueName":"search_term_string"}}],"inLanguage":"de"},{"@type":"Organization","@id":"https:\/\/petproducts.com.cn\/#organization","name":"Petstar","url":"https:\/\/petproducts.com.cn\/","logo":{"@type":"ImageObject","inLanguage":"de","@id":"https:\/\/petproducts.com.cn\/#\/schema\/logo\/image\/","url":"https:\/\/petproducts.com.cn\/wp-content\/uploads\/2020\/02\/petstar-logo.webp","contentUrl":"https:\/\/petproducts.com.cn\/wp-content\/uploads\/2020\/02\/petstar-logo.webp","width":779,"height":520,"caption":"Petstar"},"image":{"@id":"https:\/\/petproducts.com.cn\/#\/schema\/logo\/image\/"}}]}},"_links":{"self":[{"href":"https:\/\/petproducts.com.cn\/de\/wp-json\/wp\/v2\/product\/30447","targetHints":{"allow":["GET"]}}],"collection":[{"href":"https:\/\/petproducts.com.cn\/de\/wp-json\/wp\/v2\/product"}],"about":[{"href":"https:\/\/petproducts.com.cn\/de\/wp-json\/wp\/v2\/types\/product"}],"version-history":[{"count":3,"href":"https:\/\/petproducts.com.cn\/de\/wp-json\/wp\/v2\/product\/30447\/revisions"}],"predecessor-version":[{"id":30456,"href":"https:\/\/petproducts.com.cn\/de\/wp-json\/wp\/v2\/product\/30447\/revisions\/30456"}],"wp:featuredmedia":[{"embeddable":true,"href":"https:\/\/petproducts.com.cn\/de\/wp-json\/wp\/v2\/media\/30451"}],"wp:attachment":[{"href":"https:\/\/petproducts.com.cn\/de\/wp-json\/wp\/v2\/media?parent=30447"}],"wp:term":[{"taxonomy":"product_brand","embeddable":true,"href":"https:\/\/petproducts.com.cn\/de\/wp-json\/wp\/v2\/product_brand?post=30447"},{"taxonomy":"product_cat","embeddable":true,"href":"https:\/\/petproducts.com.cn\/de\/wp-json\/wp\/v2\/product_cat?post=30447"},{"taxonomy":"product_tag","embeddable":true,"href":"https:\/\/petproducts.com.cn\/de\/wp-json\/wp\/v2\/product_tag?post=30447"}],"curies":[{"name":"wp","href":"https:\/\/api.w.org\/{rel}","templated":true}]}}