{"id":30547,"date":"2024-11-15T06:59:42","date_gmt":"2024-11-15T06:59:42","guid":{"rendered":"https:\/\/petproducts.com.cn\/?post_type=product&#038;p=30547"},"modified":"2024-11-19T08:38:50","modified_gmt":"2024-11-19T08:38:50","slug":"cat-scratched-furniture-sisal-pad-play-toy-pet-kitten-cat-scratcher-tree","status":"publish","type":"product","link":"https:\/\/petproducts.com.cn\/de\/product\/cat-scratched-furniture-sisal-pad-play-toy-pet-kitten-cat-scratcher-tree\/","title":{"rendered":"Katze zerkratzt M\u00f6bel Sisal Pad Play Toy Pet Kitten Cat Scratcher Baum"},"content":{"rendered":"<h2>Eigenschaften von Katzenkratzm\u00f6beln<\/h2>\n<p>Schenken Sie Ihrer Katze stundenlanges Spielvergn\u00fcgen mit diesem <em>Katze zerkratzt M\u00f6bel<\/em>mit einem Sisal-Kratzkissen, zwei Sisal-B\u00e4llen und einem baumelnden Pl\u00fcschball f\u00fcr interaktiven Spa\u00df.<\/p>\n<ul>\n<li><strong>Stabiles Sisal-Kratzkissen f\u00fcr gesunde Krallen<\/strong> - Die strapazierf\u00e4hige Sisalunterlage erm\u00f6glicht Ihrer Katze ein sicheres Kratzen und hilft ihr, gesunde Krallen zu behalten und Ihre M\u00f6bel kratzfrei zu halten.<\/li>\n<li><strong>Zwei Sisal-B\u00e4lle f\u00fcr zus\u00e4tzliche Spielm\u00f6glichkeiten<\/strong> - Mit zwei in Sisal eingewickelten B\u00e4llen kann Ihre Katze schlagen, rollen und jagen, was ihren nat\u00fcrlichen Jagdinstinkt befriedigt und ihr aktives Spiel f\u00f6rdert.<\/li>\n<li><strong>Interaktiver baumelnder Pl\u00fcschball<\/strong> - Der h\u00e4ngende Pl\u00fcschball ist ein lustiges, interaktives Element, das Ihre Katze zum Greifen, Pf\u00f6tchengeben und Springen anregt und sie so besch\u00e4ftigt und unterh\u00e4lt.<\/li>\n<li><strong>Weicher Pl\u00fcschbezug f\u00fcr zus\u00e4tzlichen Komfort<\/strong> - Der pl\u00fcschige Stoff, der die Struktur umgibt, bietet eine gem\u00fctliche Oberfl\u00e4che, die Katzen zum Faulenzen und Spielen einl\u00e4dt.<\/li>\n<li><strong>Kompaktes Design f\u00fcr jeden Raum<\/strong> - Mit seiner kompakten Gr\u00f6\u00dfe ist dieses Katzenm\u00f6bel perfekt f\u00fcr jeden Raum geeignet und bietet Ihrer Katze einen eigenen Spielbereich, ohne zu viel Platz zu beanspruchen.<\/li>\n<li><strong>Ermutigt zu nat\u00fcrlichen Verhaltensweisen<\/strong> - Dieses Design regt zum Kratzen, Klettern und Schlagen an, so dass Ihre Katze den ganzen Tag \u00fcber geistig und k\u00f6rperlich stimuliert wird.<\/li>\n<li><strong>Einfach zu montieren und zu warten<\/strong> - Dank des einfachen Aufbaus ist dieser Kratzbaum in wenigen Minuten einsatzbereit, und dank der langlebigen Materialien ist er leicht zu reinigen und zu pflegen.<\/li>\n<\/ul>\n<p style=\"text-align: center;\"><em><strong>F\u00fcr mehr <a href=\"https:\/\/petproducts.com.cn\/de\/wholesale-cat-trees\/\">Katzenb\u00e4ume<\/a><\/strong><\/em><em><strong>, Bitte <a href=\"https:\/\/petproducts.com.cn\/de\/kontaktieren-sie-uns\/\">kontaktiere uns<\/a>!<\/strong><\/em><\/p>","protected":false},"excerpt":{"rendered":"<p>Schenken Sie Ihrer Katze stundenlanges Spielvergn\u00fcgen mit diesem <em>Katze zerkratzt M\u00f6bel<\/em>mit einem Sisal-Kratzkissen, zwei Sisal-B\u00e4llen und einem baumelnden Pl\u00fcschball f\u00fcr interaktiven Spa\u00df.<\/p>","protected":false},"featured_media":30550,"template":"","meta":{"_acf_changed":false},"product_brand":[],"product_cat":[71,47],"product_tag":[269],"class_list":{"0":"post-30547","1":"product","2":"type-product","3":"status-publish","4":"has-post-thumbnail","6":"product_cat-cat-supplies","7":"product_cat-cat-trees-furniture","8":"product_tag-cat-furniture","10":"first","11":"instock","12":"shipping-taxable","13":"product-type-simple"},"acf":[],"yoast_head":"<!-- This site is optimized with the Yoast SEO plugin v27.1.1 - https:\/\/yoast.com\/product\/yoast-seo-wordpress\/ -->\n<title>Cat Scratched Furniture | Cat Scratcher Tree Manufacturer - Petstar<\/title>\n<meta name=\"description\" content=\"Explore Cat Scratched Furniture from pet products supplier. Petstar is a global pet supplies manufacturer. Your ideal business solution with Petstar.\" \/>\n<meta name=\"robots\" content=\"index, follow, max-snippet:-1, max-image-preview:large, max-video-preview:-1\" \/>\n<link rel=\"canonical\" href=\"https:\/\/petproducts.com.cn\/de\/produkt\/cat-scratched-furniture-sisal-pad-play-toy-pet-kitten-cat-scratcher-tree\/\" \/>\n<meta property=\"og:locale\" content=\"de_DE\" \/>\n<meta property=\"og:type\" content=\"article\" \/>\n<meta property=\"og:title\" content=\"Cat Scratched Furniture | Cat Scratcher Tree Manufacturer - Petstar\" \/>\n<meta property=\"og:description\" content=\"Explore Cat Scratched Furniture from pet products supplier. Petstar is a global pet supplies manufacturer. Your ideal business solution with Petstar.\" \/>\n<meta property=\"og:url\" content=\"https:\/\/petproducts.com.cn\/de\/produkt\/cat-scratched-furniture-sisal-pad-play-toy-pet-kitten-cat-scratcher-tree\/\" \/>\n<meta property=\"og:site_name\" content=\"Petstar\" \/>\n<meta property=\"article:modified_time\" content=\"2024-11-19T08:38:50+00:00\" \/>\n<meta property=\"og:image\" content=\"https:\/\/petproducts.com.cn\/wp-content\/uploads\/2024\/11\/cat-scratched-furniture.webp\" \/>\n\t<meta property=\"og:image:width\" content=\"1000\" \/>\n\t<meta property=\"og:image:height\" content=\"1000\" \/>\n\t<meta property=\"og:image:type\" content=\"image\/webp\" \/>\n<meta name=\"twitter:card\" content=\"summary_large_image\" \/>\n<meta name=\"twitter:label1\" content=\"Gesch\u00e4tzte Lesezeit\" \/>\n\t<meta name=\"twitter:data1\" content=\"2\u00a0Minuten\" \/>\n<script type=\"application\/ld+json\" class=\"yoast-schema-graph\">{\"@context\":\"https:\/\/schema.org\",\"@graph\":[{\"@type\":\"WebPage\",\"@id\":\"https:\/\/petproducts.com.cn\/product\/cat-scratched-furniture-sisal-pad-play-toy-pet-kitten-cat-scratcher-tree\/\",\"url\":\"https:\/\/petproducts.com.cn\/product\/cat-scratched-furniture-sisal-pad-play-toy-pet-kitten-cat-scratcher-tree\/\",\"name\":\"Cat Scratched Furniture | Cat Scratcher Tree Manufacturer - Petstar\",\"isPartOf\":{\"@id\":\"https:\/\/petproducts.com.cn\/#website\"},\"primaryImageOfPage\":{\"@id\":\"https:\/\/petproducts.com.cn\/product\/cat-scratched-furniture-sisal-pad-play-toy-pet-kitten-cat-scratcher-tree\/#primaryimage\"},\"image\":{\"@id\":\"https:\/\/petproducts.com.cn\/product\/cat-scratched-furniture-sisal-pad-play-toy-pet-kitten-cat-scratcher-tree\/#primaryimage\"},\"thumbnailUrl\":\"https:\/\/petproducts.com.cn\/wp-content\/uploads\/2024\/11\/cat-scratched-furniture.webp\",\"datePublished\":\"2024-11-15T06:59:42+00:00\",\"dateModified\":\"2024-11-19T08:38:50+00:00\",\"description\":\"Explore Cat Scratched Furniture from pet products supplier. Petstar is a global pet supplies manufacturer. Your ideal business solution with Petstar.\",\"breadcrumb\":{\"@id\":\"https:\/\/petproducts.com.cn\/product\/cat-scratched-furniture-sisal-pad-play-toy-pet-kitten-cat-scratcher-tree\/#breadcrumb\"},\"inLanguage\":\"de\",\"potentialAction\":[{\"@type\":\"ReadAction\",\"target\":[\"https:\/\/petproducts.com.cn\/product\/cat-scratched-furniture-sisal-pad-play-toy-pet-kitten-cat-scratcher-tree\/\"]}]},{\"@type\":\"ImageObject\",\"inLanguage\":\"de\",\"@id\":\"https:\/\/petproducts.com.cn\/product\/cat-scratched-furniture-sisal-pad-play-toy-pet-kitten-cat-scratcher-tree\/#primaryimage\",\"url\":\"https:\/\/petproducts.com.cn\/wp-content\/uploads\/2024\/11\/cat-scratched-furniture.webp\",\"contentUrl\":\"https:\/\/petproducts.com.cn\/wp-content\/uploads\/2024\/11\/cat-scratched-furniture.webp\",\"width\":1000,\"height\":1000,\"caption\":\"cat scratched furniture\"},{\"@type\":\"BreadcrumbList\",\"@id\":\"https:\/\/petproducts.com.cn\/product\/cat-scratched-furniture-sisal-pad-play-toy-pet-kitten-cat-scratcher-tree\/#breadcrumb\",\"itemListElement\":[{\"@type\":\"ListItem\",\"position\":1,\"name\":\"HOME\",\"item\":\"https:\/\/petproducts.com.cn\/\"},{\"@type\":\"ListItem\",\"position\":2,\"name\":\"Products\",\"item\":\"https:\/\/petproducts.com.cn\/shop\/\"},{\"@type\":\"ListItem\",\"position\":3,\"name\":\"Cat Trees &amp; Furniture\",\"item\":\"https:\/\/petproducts.com.cn\/product-category\/cat-trees-furniture\/\"},{\"@type\":\"ListItem\",\"position\":4,\"name\":\"Cat Scratched Furniture Sisal Pad Play Toy Pet Kitten Cat Scratcher Tree\"}]},{\"@type\":\"WebSite\",\"@id\":\"https:\/\/petproducts.com.cn\/#website\",\"url\":\"https:\/\/petproducts.com.cn\/\",\"name\":\"Petstar\",\"description\":\"Leading Pet Supplies Manufacturer &amp; OEM Pet Products Supplier\",\"publisher\":{\"@id\":\"https:\/\/petproducts.com.cn\/#organization\"},\"alternateName\":\"Petstar Pet Supplies\",\"potentialAction\":[{\"@type\":\"SearchAction\",\"target\":{\"@type\":\"EntryPoint\",\"urlTemplate\":\"https:\/\/petproducts.com.cn\/?s={search_term_string}\"},\"query-input\":{\"@type\":\"PropertyValueSpecification\",\"valueRequired\":true,\"valueName\":\"search_term_string\"}}],\"inLanguage\":\"de\"},{\"@type\":\"Organization\",\"@id\":\"https:\/\/petproducts.com.cn\/#organization\",\"name\":\"Petstar\",\"url\":\"https:\/\/petproducts.com.cn\/\",\"logo\":{\"@type\":\"ImageObject\",\"inLanguage\":\"de\",\"@id\":\"https:\/\/petproducts.com.cn\/#\/schema\/logo\/image\/\",\"url\":\"https:\/\/petproducts.com.cn\/wp-content\/uploads\/2020\/02\/petstar-logo.webp\",\"contentUrl\":\"https:\/\/petproducts.com.cn\/wp-content\/uploads\/2020\/02\/petstar-logo.webp\",\"width\":779,\"height\":520,\"caption\":\"Petstar\"},\"image\":{\"@id\":\"https:\/\/petproducts.com.cn\/#\/schema\/logo\/image\/\"}}]}<\/script>\n<!-- \/ Yoast SEO plugin. -->","yoast_head_json":{"title":"Katze kratzte M\u00f6bel | Kratzbaum Hersteller - Petstar","description":"Entdecken Sie Katze zerkratzt M\u00f6bel aus Haustier Produkte Lieferanten. Petstar ist ein globaler Hersteller von Haustierbedarf. Ihre ideale Gesch\u00e4ftsl\u00f6sung mit Petstar.","robots":{"index":"index","follow":"follow","max-snippet":"max-snippet:-1","max-image-preview":"max-image-preview:large","max-video-preview":"max-video-preview:-1"},"canonical":"https:\/\/petproducts.com.cn\/de\/produkt\/cat-scratched-furniture-sisal-pad-play-toy-pet-kitten-cat-scratcher-tree\/","og_locale":"de_DE","og_type":"article","og_title":"Cat Scratched Furniture | Cat Scratcher Tree Manufacturer - Petstar","og_description":"Explore Cat Scratched Furniture from pet products supplier. Petstar is a global pet supplies manufacturer. Your ideal business solution with Petstar.","og_url":"https:\/\/petproducts.com.cn\/de\/produkt\/cat-scratched-furniture-sisal-pad-play-toy-pet-kitten-cat-scratcher-tree\/","og_site_name":"Petstar","article_modified_time":"2024-11-19T08:38:50+00:00","og_image":[{"width":1000,"height":1000,"url":"https:\/\/petproducts.com.cn\/wp-content\/uploads\/2024\/11\/cat-scratched-furniture.webp","type":"image\/webp"}],"twitter_card":"summary_large_image","twitter_misc":{"Gesch\u00e4tzte Lesezeit":"2\u00a0Minuten"},"schema":{"@context":"https:\/\/schema.org","@graph":[{"@type":"WebPage","@id":"https:\/\/petproducts.com.cn\/product\/cat-scratched-furniture-sisal-pad-play-toy-pet-kitten-cat-scratcher-tree\/","url":"https:\/\/petproducts.com.cn\/product\/cat-scratched-furniture-sisal-pad-play-toy-pet-kitten-cat-scratcher-tree\/","name":"Katze kratzte M\u00f6bel | Kratzbaum Hersteller - Petstar","isPartOf":{"@id":"https:\/\/petproducts.com.cn\/#website"},"primaryImageOfPage":{"@id":"https:\/\/petproducts.com.cn\/product\/cat-scratched-furniture-sisal-pad-play-toy-pet-kitten-cat-scratcher-tree\/#primaryimage"},"image":{"@id":"https:\/\/petproducts.com.cn\/product\/cat-scratched-furniture-sisal-pad-play-toy-pet-kitten-cat-scratcher-tree\/#primaryimage"},"thumbnailUrl":"https:\/\/petproducts.com.cn\/wp-content\/uploads\/2024\/11\/cat-scratched-furniture.webp","datePublished":"2024-11-15T06:59:42+00:00","dateModified":"2024-11-19T08:38:50+00:00","description":"Entdecken Sie Katze zerkratzt M\u00f6bel aus Haustier Produkte Lieferanten. Petstar ist ein globaler Hersteller von Haustierbedarf. Ihre ideale Gesch\u00e4ftsl\u00f6sung mit Petstar.","breadcrumb":{"@id":"https:\/\/petproducts.com.cn\/product\/cat-scratched-furniture-sisal-pad-play-toy-pet-kitten-cat-scratcher-tree\/#breadcrumb"},"inLanguage":"de","potentialAction":[{"@type":"ReadAction","target":["https:\/\/petproducts.com.cn\/product\/cat-scratched-furniture-sisal-pad-play-toy-pet-kitten-cat-scratcher-tree\/"]}]},{"@type":"ImageObject","inLanguage":"de","@id":"https:\/\/petproducts.com.cn\/product\/cat-scratched-furniture-sisal-pad-play-toy-pet-kitten-cat-scratcher-tree\/#primaryimage","url":"https:\/\/petproducts.com.cn\/wp-content\/uploads\/2024\/11\/cat-scratched-furniture.webp","contentUrl":"https:\/\/petproducts.com.cn\/wp-content\/uploads\/2024\/11\/cat-scratched-furniture.webp","width":1000,"height":1000,"caption":"cat scratched furniture"},{"@type":"BreadcrumbList","@id":"https:\/\/petproducts.com.cn\/product\/cat-scratched-furniture-sisal-pad-play-toy-pet-kitten-cat-scratcher-tree\/#breadcrumb","itemListElement":[{"@type":"ListItem","position":1,"name":"HOME","item":"https:\/\/petproducts.com.cn\/"},{"@type":"ListItem","position":2,"name":"Products","item":"https:\/\/petproducts.com.cn\/shop\/"},{"@type":"ListItem","position":3,"name":"Cat Trees &amp; Furniture","item":"https:\/\/petproducts.com.cn\/product-category\/cat-trees-furniture\/"},{"@type":"ListItem","position":4,"name":"Cat Scratched Furniture Sisal Pad Play Toy Pet Kitten Cat Scratcher Tree"}]},{"@type":"WebSite","@id":"https:\/\/petproducts.com.cn\/#website","url":"https:\/\/petproducts.com.cn\/","name":"Petstar","description":"F\u00fchrender Hersteller von Heimtierbedarf und OEM-Lieferant von Heimtierprodukten","publisher":{"@id":"https:\/\/petproducts.com.cn\/#organization"},"alternateName":"Petstar Pet Supplies","potentialAction":[{"@type":"SearchAction","target":{"@type":"EntryPoint","urlTemplate":"https:\/\/petproducts.com.cn\/?s={search_term_string}"},"query-input":{"@type":"PropertyValueSpecification","valueRequired":true,"valueName":"search_term_string"}}],"inLanguage":"de"},{"@type":"Organization","@id":"https:\/\/petproducts.com.cn\/#organization","name":"Petstar","url":"https:\/\/petproducts.com.cn\/","logo":{"@type":"ImageObject","inLanguage":"de","@id":"https:\/\/petproducts.com.cn\/#\/schema\/logo\/image\/","url":"https:\/\/petproducts.com.cn\/wp-content\/uploads\/2020\/02\/petstar-logo.webp","contentUrl":"https:\/\/petproducts.com.cn\/wp-content\/uploads\/2020\/02\/petstar-logo.webp","width":779,"height":520,"caption":"Petstar"},"image":{"@id":"https:\/\/petproducts.com.cn\/#\/schema\/logo\/image\/"}}]}},"_links":{"self":[{"href":"https:\/\/petproducts.com.cn\/de\/wp-json\/wp\/v2\/product\/30547","targetHints":{"allow":["GET"]}}],"collection":[{"href":"https:\/\/petproducts.com.cn\/de\/wp-json\/wp\/v2\/product"}],"about":[{"href":"https:\/\/petproducts.com.cn\/de\/wp-json\/wp\/v2\/types\/product"}],"version-history":[{"count":2,"href":"https:\/\/petproducts.com.cn\/de\/wp-json\/wp\/v2\/product\/30547\/revisions"}],"predecessor-version":[{"id":30555,"href":"https:\/\/petproducts.com.cn\/de\/wp-json\/wp\/v2\/product\/30547\/revisions\/30555"}],"wp:featuredmedia":[{"embeddable":true,"href":"https:\/\/petproducts.com.cn\/de\/wp-json\/wp\/v2\/media\/30550"}],"wp:attachment":[{"href":"https:\/\/petproducts.com.cn\/de\/wp-json\/wp\/v2\/media?parent=30547"}],"wp:term":[{"taxonomy":"product_brand","embeddable":true,"href":"https:\/\/petproducts.com.cn\/de\/wp-json\/wp\/v2\/product_brand?post=30547"},{"taxonomy":"product_cat","embeddable":true,"href":"https:\/\/petproducts.com.cn\/de\/wp-json\/wp\/v2\/product_cat?post=30547"},{"taxonomy":"product_tag","embeddable":true,"href":"https:\/\/petproducts.com.cn\/de\/wp-json\/wp\/v2\/product_tag?post=30547"}],"curies":[{"name":"wp","href":"https:\/\/api.w.org\/{rel}","templated":true}]}}