{"id":30791,"date":"2024-11-25T07:41:48","date_gmt":"2024-11-25T07:41:48","guid":{"rendered":"https:\/\/petproducts.com.cn\/?post_type=product&#038;p=30791"},"modified":"2024-11-25T07:54:00","modified_gmt":"2024-11-25T07:54:00","slug":"cardboard-cat-bed-play-sleeping-corrugated-paper-box-pet-cat-board-with-felt-cover","status":"publish","type":"product","link":"https:\/\/petproducts.com.cn\/de\/product\/cardboard-cat-bed-play-sleeping-corrugated-paper-box-pet-cat-board-with-felt-cover\/","title":{"rendered":"Karton Katze Bett Spiel Schlafen Wellpappe Box Haustier Katze Board mit Filz Abdeckung"},"content":{"rendered":"<h2>Eigenschaften von Cardboard Cat Bed<\/h2>\n<ul>\n<li><strong>Umweltfreundliches Pappdesign<\/strong>: Dieses Katzenbett ist aus langlebiger, umweltfreundlicher Wellpappe gefertigt und bietet Ihrer Katze einen nat\u00fcrlichen, nachhaltigen Schlafplatz. Es ist leicht, aber stabil genug, um das Gewicht Ihrer Katze zu tragen und gleichzeitig eine umweltbewusste L\u00f6sung f\u00fcr Ihr Zuhause zu bieten.<\/li>\n<li><strong>Komfortabler Schlafbereich<\/strong>: Das Bett hat eine ger\u00e4umige, quadratische Form und bietet Ihrer Katze viel Platz, um sich auszustrecken und bequem zu schlafen. Die strukturierte Pappoberfl\u00e4che bietet Ihrem Haustier au\u00dferdem ein angenehmes Kratzvergn\u00fcgen.<\/li>\n<li><strong>Filzbezug f\u00fcr zus\u00e4tzlichen Komfort<\/strong>: Die Oberseite des Bettes ist mit einem weichen, pl\u00fcschigen Filzbezug versehen, der f\u00fcr zus\u00e4tzlichen Komfort sorgt. Dieser kuschelige Filzbezug sorgt daf\u00fcr, dass Ihre Katze nach dem Spielen einen warmen und bequemen Platz hat, um sich einzurollen.<\/li>\n<li><strong>Eingebauter Katzenkratzer<\/strong>: Die Wellpappe dient als nat\u00fcrliche Kratzfl\u00e4che, die gesunde Krallen f\u00f6rdert und Ihre M\u00f6bel vor Besch\u00e4digungen sch\u00fctzt. Ihre Katze wird es lieben, an diesem Bett zu kratzen, was es zu einer hervorragenden Zwei-in-Eins-Option zum Schlafen und Kratzen macht.<\/li>\n<li><strong>Platzsparend und vielseitig<\/strong>: Dieses kompakte Katzenbett passt in jeden Raum und spart Platz, ohne auf Komfort zu verzichten. Ob in einer Ecke, neben dem Sofa oder als Teil einer gr\u00f6\u00dferen Einrichtung f\u00fcr Haustiere, es f\u00fcgt sich nahtlos in Ihre Einrichtung ein.<\/li>\n<li><strong>Sp\u00e9cialisation dans la fabrication sur mesure de produits pour animaux de compagnie.<\/strong>: Die hochwertige Pappe h\u00e4lt dem t\u00e4glichen Gebrauch stand, so dass dieses Bett lange Zeit intakt bleibt und Ihrer Katze einen zuverl\u00e4ssigen Schlafplatz bietet.<\/li>\n<\/ul>\n<p style=\"text-align: center;\"><em><strong>F\u00fcr mehr <a href=\"https:\/\/petproducts.com.cn\/de\/wholesale-dog-beds\/\">Hund\u00a0<\/a><\/strong><\/em><em><strong><a href=\"https:\/\/petproducts.com.cn\/de\/wholesale-dog-beds\/\">Betten<\/a> &amp; <a href=\"https:\/\/petproducts.com.cn\/de\/wholesale-cat-beds\/\">Petstar\u2019s dedicated design team regularly introduces fresh, trend-setting products, keeping Petstar\u2019s partners ahead in the pet care market.<\/a>, Bitte <a href=\"https:\/\/petproducts.com.cn\/de\/kontaktieren-sie-uns\/\">kontaktiere uns<\/a>!<\/strong><\/em><\/p>","protected":false},"excerpt":{"rendered":"<p>Dieses Papp-Katzenbett hat ein nat\u00fcrliches, umweltfreundliches Design mit einem Pl\u00fcschbezug f\u00fcr zus\u00e4tzlichen Komfort. Es dient sowohl als Kratzbaum als auch als kuscheliges Bett und bietet eine dauerhafte, pflegeleichte L\u00f6sung f\u00fcr die Liege- und Spielbed\u00fcrfnisse Ihres Haustiers.<\/p>","protected":false},"featured_media":30796,"template":"","meta":{"_acf_changed":false},"product_brand":[],"product_cat":[58,71,81],"product_tag":[209,242,203,280],"class_list":{"0":"post-30791","1":"product","2":"type-product","3":"status-publish","4":"has-post-thumbnail","6":"product_cat-cat-beds","7":"product_cat-cat-supplies","8":"product_cat-cat-toys","9":"product_tag-cat-cardboard","10":"product_tag-multipurpose-pet-beds","11":"product_tag-pet-beds","12":"product_tag-pet-felt-beds","14":"first","15":"instock","16":"shipping-taxable","17":"product-type-simple"},"acf":[],"yoast_head":"<!-- This site is optimized with the Yoast SEO plugin v27.1.1 - https:\/\/yoast.com\/product\/yoast-seo-wordpress\/ -->\n<title>Cardboard Cat Bed | Cat Board Manufacturer - Petstar<\/title>\n<meta name=\"description\" content=\"Explore Cardboard Cat Bed from the best pet products supplier. Petstar is a global pet products manufacturer. Your ideal business solution with Petstar.\" \/>\n<meta name=\"robots\" content=\"index, follow, max-snippet:-1, max-image-preview:large, max-video-preview:-1\" \/>\n<link rel=\"canonical\" href=\"https:\/\/petproducts.com.cn\/de\/produkt\/cardboard-cat-bed-play-sleeping-corrugated-paper-box-pet-cat-board-with-felt-cover\/\" \/>\n<meta property=\"og:locale\" content=\"de_DE\" \/>\n<meta property=\"og:type\" content=\"article\" \/>\n<meta property=\"og:title\" content=\"Cardboard Cat Bed | Cat Board Manufacturer - Petstar\" \/>\n<meta property=\"og:description\" content=\"Explore Cardboard Cat Bed from the best pet products supplier. Petstar is a global pet products manufacturer. Your ideal business solution with Petstar.\" \/>\n<meta property=\"og:url\" content=\"https:\/\/petproducts.com.cn\/de\/produkt\/cardboard-cat-bed-play-sleeping-corrugated-paper-box-pet-cat-board-with-felt-cover\/\" \/>\n<meta property=\"og:site_name\" content=\"Petstar\" \/>\n<meta property=\"article:modified_time\" content=\"2024-11-25T07:54:00+00:00\" \/>\n<meta property=\"og:image\" content=\"https:\/\/petproducts.com.cn\/wp-content\/uploads\/2024\/11\/Manufacturer-Cardboard-Cat-Bed.webp\" \/>\n\t<meta property=\"og:image:width\" content=\"1000\" \/>\n\t<meta property=\"og:image:height\" content=\"1000\" \/>\n\t<meta property=\"og:image:type\" content=\"image\/webp\" \/>\n<meta name=\"twitter:card\" content=\"summary_large_image\" \/>\n<meta name=\"twitter:label1\" content=\"Gesch\u00e4tzte Lesezeit\" \/>\n\t<meta name=\"twitter:data1\" content=\"2\u00a0Minuten\" \/>\n<script type=\"application\/ld+json\" class=\"yoast-schema-graph\">{\"@context\":\"https:\/\/schema.org\",\"@graph\":[{\"@type\":\"WebPage\",\"@id\":\"https:\/\/petproducts.com.cn\/product\/cardboard-cat-bed-play-sleeping-corrugated-paper-box-pet-cat-board-with-felt-cover\/\",\"url\":\"https:\/\/petproducts.com.cn\/product\/cardboard-cat-bed-play-sleeping-corrugated-paper-box-pet-cat-board-with-felt-cover\/\",\"name\":\"Cardboard Cat Bed | Cat Board Manufacturer - Petstar\",\"isPartOf\":{\"@id\":\"https:\/\/petproducts.com.cn\/#website\"},\"primaryImageOfPage\":{\"@id\":\"https:\/\/petproducts.com.cn\/product\/cardboard-cat-bed-play-sleeping-corrugated-paper-box-pet-cat-board-with-felt-cover\/#primaryimage\"},\"image\":{\"@id\":\"https:\/\/petproducts.com.cn\/product\/cardboard-cat-bed-play-sleeping-corrugated-paper-box-pet-cat-board-with-felt-cover\/#primaryimage\"},\"thumbnailUrl\":\"https:\/\/petproducts.com.cn\/wp-content\/uploads\/2024\/11\/Manufacturer-Cardboard-Cat-Bed.webp\",\"datePublished\":\"2024-11-25T07:41:48+00:00\",\"dateModified\":\"2024-11-25T07:54:00+00:00\",\"description\":\"Explore Cardboard Cat Bed from the best pet products supplier. Petstar is a global pet products manufacturer. Your ideal business solution with Petstar.\",\"breadcrumb\":{\"@id\":\"https:\/\/petproducts.com.cn\/product\/cardboard-cat-bed-play-sleeping-corrugated-paper-box-pet-cat-board-with-felt-cover\/#breadcrumb\"},\"inLanguage\":\"de\",\"potentialAction\":[{\"@type\":\"ReadAction\",\"target\":[\"https:\/\/petproducts.com.cn\/product\/cardboard-cat-bed-play-sleeping-corrugated-paper-box-pet-cat-board-with-felt-cover\/\"]}]},{\"@type\":\"ImageObject\",\"inLanguage\":\"de\",\"@id\":\"https:\/\/petproducts.com.cn\/product\/cardboard-cat-bed-play-sleeping-corrugated-paper-box-pet-cat-board-with-felt-cover\/#primaryimage\",\"url\":\"https:\/\/petproducts.com.cn\/wp-content\/uploads\/2024\/11\/Manufacturer-Cardboard-Cat-Bed.webp\",\"contentUrl\":\"https:\/\/petproducts.com.cn\/wp-content\/uploads\/2024\/11\/Manufacturer-Cardboard-Cat-Bed.webp\",\"width\":1000,\"height\":1000,\"caption\":\"Manufacturer Cardboard Cat Bed\"},{\"@type\":\"BreadcrumbList\",\"@id\":\"https:\/\/petproducts.com.cn\/product\/cardboard-cat-bed-play-sleeping-corrugated-paper-box-pet-cat-board-with-felt-cover\/#breadcrumb\",\"itemListElement\":[{\"@type\":\"ListItem\",\"position\":1,\"name\":\"HOME\",\"item\":\"https:\/\/petproducts.com.cn\/\"},{\"@type\":\"ListItem\",\"position\":2,\"name\":\"Products\",\"item\":\"https:\/\/petproducts.com.cn\/shop\/\"},{\"@type\":\"ListItem\",\"position\":3,\"name\":\"Cat Beds\",\"item\":\"https:\/\/petproducts.com.cn\/product-category\/cat-beds\/\"},{\"@type\":\"ListItem\",\"position\":4,\"name\":\"Cardboard Cat Bed Play Sleeping Corrugated Paper Box Pet Cat Board With Felt Cover\"}]},{\"@type\":\"WebSite\",\"@id\":\"https:\/\/petproducts.com.cn\/#website\",\"url\":\"https:\/\/petproducts.com.cn\/\",\"name\":\"Petstar\",\"description\":\"Leading Pet Supplies Manufacturer &amp; OEM Pet Products Supplier\",\"publisher\":{\"@id\":\"https:\/\/petproducts.com.cn\/#organization\"},\"alternateName\":\"Petstar Pet Supplies\",\"potentialAction\":[{\"@type\":\"SearchAction\",\"target\":{\"@type\":\"EntryPoint\",\"urlTemplate\":\"https:\/\/petproducts.com.cn\/?s={search_term_string}\"},\"query-input\":{\"@type\":\"PropertyValueSpecification\",\"valueRequired\":true,\"valueName\":\"search_term_string\"}}],\"inLanguage\":\"de\"},{\"@type\":\"Organization\",\"@id\":\"https:\/\/petproducts.com.cn\/#organization\",\"name\":\"Petstar\",\"url\":\"https:\/\/petproducts.com.cn\/\",\"logo\":{\"@type\":\"ImageObject\",\"inLanguage\":\"de\",\"@id\":\"https:\/\/petproducts.com.cn\/#\/schema\/logo\/image\/\",\"url\":\"https:\/\/petproducts.com.cn\/wp-content\/uploads\/2020\/02\/petstar-logo.webp\",\"contentUrl\":\"https:\/\/petproducts.com.cn\/wp-content\/uploads\/2020\/02\/petstar-logo.webp\",\"width\":779,\"height\":520,\"caption\":\"Petstar\"},\"image\":{\"@id\":\"https:\/\/petproducts.com.cn\/#\/schema\/logo\/image\/\"}}]}<\/script>\n<!-- \/ Yoast SEO plugin. -->","yoast_head_json":{"title":"Karton Katzenbett | Katzenbrett Hersteller - Petstar","description":"Entdecken Sie Cardboard Cat Bed vom besten Anbieter f\u00fcr Haustierprodukte. Petstar ist ein globaler Hersteller von Heimtierprodukten. Ihre ideale Gesch\u00e4ftsl\u00f6sung mit Petstar.","robots":{"index":"index","follow":"follow","max-snippet":"max-snippet:-1","max-image-preview":"max-image-preview:large","max-video-preview":"max-video-preview:-1"},"canonical":"https:\/\/petproducts.com.cn\/de\/produkt\/cardboard-cat-bed-play-sleeping-corrugated-paper-box-pet-cat-board-with-felt-cover\/","og_locale":"de_DE","og_type":"article","og_title":"Cardboard Cat Bed | Cat Board Manufacturer - Petstar","og_description":"Explore Cardboard Cat Bed from the best pet products supplier. Petstar is a global pet products manufacturer. Your ideal business solution with Petstar.","og_url":"https:\/\/petproducts.com.cn\/de\/produkt\/cardboard-cat-bed-play-sleeping-corrugated-paper-box-pet-cat-board-with-felt-cover\/","og_site_name":"Petstar","article_modified_time":"2024-11-25T07:54:00+00:00","og_image":[{"width":1000,"height":1000,"url":"https:\/\/petproducts.com.cn\/wp-content\/uploads\/2024\/11\/Manufacturer-Cardboard-Cat-Bed.webp","type":"image\/webp"}],"twitter_card":"summary_large_image","twitter_misc":{"Gesch\u00e4tzte Lesezeit":"2\u00a0Minuten"},"schema":{"@context":"https:\/\/schema.org","@graph":[{"@type":"WebPage","@id":"https:\/\/petproducts.com.cn\/product\/cardboard-cat-bed-play-sleeping-corrugated-paper-box-pet-cat-board-with-felt-cover\/","url":"https:\/\/petproducts.com.cn\/product\/cardboard-cat-bed-play-sleeping-corrugated-paper-box-pet-cat-board-with-felt-cover\/","name":"Karton Katzenbett | Katzenbrett Hersteller - Petstar","isPartOf":{"@id":"https:\/\/petproducts.com.cn\/#website"},"primaryImageOfPage":{"@id":"https:\/\/petproducts.com.cn\/product\/cardboard-cat-bed-play-sleeping-corrugated-paper-box-pet-cat-board-with-felt-cover\/#primaryimage"},"image":{"@id":"https:\/\/petproducts.com.cn\/product\/cardboard-cat-bed-play-sleeping-corrugated-paper-box-pet-cat-board-with-felt-cover\/#primaryimage"},"thumbnailUrl":"https:\/\/petproducts.com.cn\/wp-content\/uploads\/2024\/11\/Manufacturer-Cardboard-Cat-Bed.webp","datePublished":"2024-11-25T07:41:48+00:00","dateModified":"2024-11-25T07:54:00+00:00","description":"Entdecken Sie Cardboard Cat Bed vom besten Anbieter f\u00fcr Haustierprodukte. Petstar ist ein globaler Hersteller von Heimtierprodukten. Ihre ideale Gesch\u00e4ftsl\u00f6sung mit Petstar.","breadcrumb":{"@id":"https:\/\/petproducts.com.cn\/product\/cardboard-cat-bed-play-sleeping-corrugated-paper-box-pet-cat-board-with-felt-cover\/#breadcrumb"},"inLanguage":"de","potentialAction":[{"@type":"ReadAction","target":["https:\/\/petproducts.com.cn\/product\/cardboard-cat-bed-play-sleeping-corrugated-paper-box-pet-cat-board-with-felt-cover\/"]}]},{"@type":"ImageObject","inLanguage":"de","@id":"https:\/\/petproducts.com.cn\/product\/cardboard-cat-bed-play-sleeping-corrugated-paper-box-pet-cat-board-with-felt-cover\/#primaryimage","url":"https:\/\/petproducts.com.cn\/wp-content\/uploads\/2024\/11\/Manufacturer-Cardboard-Cat-Bed.webp","contentUrl":"https:\/\/petproducts.com.cn\/wp-content\/uploads\/2024\/11\/Manufacturer-Cardboard-Cat-Bed.webp","width":1000,"height":1000,"caption":"Manufacturer Cardboard Cat Bed"},{"@type":"BreadcrumbList","@id":"https:\/\/petproducts.com.cn\/product\/cardboard-cat-bed-play-sleeping-corrugated-paper-box-pet-cat-board-with-felt-cover\/#breadcrumb","itemListElement":[{"@type":"ListItem","position":1,"name":"HOME","item":"https:\/\/petproducts.com.cn\/"},{"@type":"ListItem","position":2,"name":"Products","item":"https:\/\/petproducts.com.cn\/shop\/"},{"@type":"ListItem","position":3,"name":"Cat Beds","item":"https:\/\/petproducts.com.cn\/product-category\/cat-beds\/"},{"@type":"ListItem","position":4,"name":"Cardboard Cat Bed Play Sleeping Corrugated Paper Box Pet Cat Board With Felt Cover"}]},{"@type":"WebSite","@id":"https:\/\/petproducts.com.cn\/#website","url":"https:\/\/petproducts.com.cn\/","name":"Petstar","description":"F\u00fchrender Hersteller von Heimtierbedarf und OEM-Lieferant von Heimtierprodukten","publisher":{"@id":"https:\/\/petproducts.com.cn\/#organization"},"alternateName":"Petstar Pet Supplies","potentialAction":[{"@type":"SearchAction","target":{"@type":"EntryPoint","urlTemplate":"https:\/\/petproducts.com.cn\/?s={search_term_string}"},"query-input":{"@type":"PropertyValueSpecification","valueRequired":true,"valueName":"search_term_string"}}],"inLanguage":"de"},{"@type":"Organization","@id":"https:\/\/petproducts.com.cn\/#organization","name":"Petstar","url":"https:\/\/petproducts.com.cn\/","logo":{"@type":"ImageObject","inLanguage":"de","@id":"https:\/\/petproducts.com.cn\/#\/schema\/logo\/image\/","url":"https:\/\/petproducts.com.cn\/wp-content\/uploads\/2020\/02\/petstar-logo.webp","contentUrl":"https:\/\/petproducts.com.cn\/wp-content\/uploads\/2020\/02\/petstar-logo.webp","width":779,"height":520,"caption":"Petstar"},"image":{"@id":"https:\/\/petproducts.com.cn\/#\/schema\/logo\/image\/"}}]}},"_links":{"self":[{"href":"https:\/\/petproducts.com.cn\/de\/wp-json\/wp\/v2\/product\/30791","targetHints":{"allow":["GET"]}}],"collection":[{"href":"https:\/\/petproducts.com.cn\/de\/wp-json\/wp\/v2\/product"}],"about":[{"href":"https:\/\/petproducts.com.cn\/de\/wp-json\/wp\/v2\/types\/product"}],"version-history":[{"count":2,"href":"https:\/\/petproducts.com.cn\/de\/wp-json\/wp\/v2\/product\/30791\/revisions"}],"predecessor-version":[{"id":30799,"href":"https:\/\/petproducts.com.cn\/de\/wp-json\/wp\/v2\/product\/30791\/revisions\/30799"}],"wp:featuredmedia":[{"embeddable":true,"href":"https:\/\/petproducts.com.cn\/de\/wp-json\/wp\/v2\/media\/30796"}],"wp:attachment":[{"href":"https:\/\/petproducts.com.cn\/de\/wp-json\/wp\/v2\/media?parent=30791"}],"wp:term":[{"taxonomy":"product_brand","embeddable":true,"href":"https:\/\/petproducts.com.cn\/de\/wp-json\/wp\/v2\/product_brand?post=30791"},{"taxonomy":"product_cat","embeddable":true,"href":"https:\/\/petproducts.com.cn\/de\/wp-json\/wp\/v2\/product_cat?post=30791"},{"taxonomy":"product_tag","embeddable":true,"href":"https:\/\/petproducts.com.cn\/de\/wp-json\/wp\/v2\/product_tag?post=30791"}],"curies":[{"name":"wp","href":"https:\/\/api.w.org\/{rel}","templated":true}]}}