{"id":30917,"date":"2024-11-28T02:28:42","date_gmt":"2024-11-28T02:28:42","guid":{"rendered":"https:\/\/petproducts.com.cn\/?post_type=product&#038;p=30917"},"modified":"2024-11-28T03:04:34","modified_gmt":"2024-11-28T03:04:34","slug":"cat-scratching-board-tower-ball-toy-corrugated-pet-kitten-cat-cardboard","status":"publish","type":"product","link":"https:\/\/petproducts.com.cn\/de\/product\/cat-scratching-board-tower-ball-toy-corrugated-pet-kitten-cat-cardboard\/","title":{"rendered":"Katze Kratzbrett Turm Ball Spielzeug gewelltes Haustier K\u00e4tzchen Katze Pappe"},"content":{"rendered":"<h2>Eigenschaften des Kratzbretts f\u00fcr Katzen<\/h2>\n<ul>\n<li><strong>Kreisf\u00f6rmige Kratzfl\u00e4che f\u00fcr Katzen<\/strong><br \/>\nDieses Katzenkratzbrett hat ein rundes, ger\u00e4umiges Design, das Ihre Katze zum Strecken, Kratzen und Spielen anregt. Die Form bietet Ihrer Katze ausreichend Platz, um ihren nat\u00fcrlichen Kratzinstinkt zu befriedigen, und hilft, Sch\u00e4den an Ihren M\u00f6beln zu vermeiden. Das Kratzbrett ist f\u00fcr Katzen aller Gr\u00f6\u00dfen geeignet und bietet ihnen einen idealen Platz, um ihre Krallen zu sch\u00e4rfen.<\/li>\n<li><strong>Interaktive Kugelbahnen zum Spielen<\/strong><br \/>\nUm das Kratzbrett herum ist eine Kunststoffbahn mit bunten Kugeln eingebaut, die rollen, wenn Ihre Katze sie anfasst. Diese interaktive Funktion regt den Spieltrieb Ihrer Katze an und unterh\u00e4lt sie stundenlang. Au\u00dferdem sorgt es f\u00fcr k\u00f6rperliche Bewegung und f\u00f6rdert sowohl die geistige als auch die k\u00f6rperliche Stimulation, was f\u00fcr das allgemeine Wohlbefinden Ihrer Katze wichtig ist.<\/li>\n<li><strong>Auswechselbare gewellte Kratzfl\u00e4che<\/strong><br \/>\nDie geriffelte Kratzfl\u00e4che ist nicht nur langlebig, sondern auch austauschbar, damit Ihre Katze weiterhin Freude am Kratzen hat, ohne dass sie abgenutzt wird. Sie k\u00f6nnen die abgenutzte Oberfl\u00e4che einfach austauschen und so die Lebensdauer des Spielzeugs verl\u00e4ngern. Diese Eigenschaft macht es zu einer kosteneffektiven Option f\u00fcr den langfristigen Gebrauch, damit Ihr Haustier immer eine frische, zufriedenstellende Oberfl\u00e4che zum Kratzen hat.<\/li>\n<li><strong>Eingebaute Juckreizb\u00fcrste f\u00fcr zus\u00e4tzlichen Komfort<\/strong><br \/>\nIn der Mitte des Kratzbretts befindet sich eine B\u00fcrste, die die Haut Ihrer Katze sanft kratzt und beruhigt. Diese zus\u00e4tzliche Funktion hilft, loses Fell und Hautschuppen zu entfernen, und bietet ein entspannendes Pflegeerlebnis, w\u00e4hrend Ihre Katze spielt. Der Kratzbaum ist eine Zwei-in-Eins-L\u00f6sung: ein Kratzbaum und ein pers\u00f6nliches Pflegewerkzeug, was ihn zu einer All-in-One-Katzenpflegestation macht.<\/li>\n<li><strong>Langlebige und sichere Materialien<\/strong><br \/>\nDer <em>Katzenkratzbrett Turm<\/em> wird aus hochwertigen, ungiftigen Materialien hergestellt, um die Sicherheit Ihres Haustiers zu gew\u00e4hrleisten. Die Wellpappe ist stabil genug, um starkem Kratzen standzuhalten, w\u00e4hrend die Kugelbahnen aus Kunststoff so konzipiert sind, dass sie durch st\u00e4ndiges Spielen nicht besch\u00e4digt werden. Ihre Katze kann sich stundenlang mit einem Produkt vergn\u00fcgen, dem Sie vertrauen k\u00f6nnen.<\/li>\n<li><strong>Kompaktes und platzsparendes Design<\/strong><br \/>\nDas kompakte, runde Design dieses Kratzbretts macht es einfach, es \u00fcberall in Ihrem Zuhause zu platzieren. Es nimmt nicht zu viel Platz ein und bietet dennoch eine gro\u00dfe Spielfl\u00e4che f\u00fcr Ihre Katze. Ob im Wohnzimmer, im Schlafzimmer oder im Katzenspielbereich, es f\u00fcgt sich nahtlos in jede Umgebung ein und bietet Ihrem Haustier Unterhaltung, ohne zu viel Platz einzunehmen.<\/li>\n<li><strong>Ermutigt zu gesundem Spiel und Bewegung<\/strong><br \/>\nDie regelm\u00e4\u00dfige Verwendung des Kratzbretts f\u00f6rdert die gesunde Bewegung Ihrer Katze. Es erm\u00f6glicht ihr, sich zu strecken, zu kratzen und zu bewegen. So kommt keine Langeweile auf und sie bekommt die k\u00f6rperliche Aktivit\u00e4t, die sie braucht. Aktive Katzen sind ges\u00fcnder und gl\u00fccklicher, und dieser Kratzturm bietet eine gro\u00dfartige M\u00f6glichkeit, sie zu besch\u00e4ftigen.<\/li>\n<\/ul>\n<p style=\"text-align: center;\"><em><strong>F\u00fcr mehr <a href=\"https:\/\/petproducts.com.cn\/de\/wholesale-cat-toys\/\">Commitment to Quality<\/a> &amp; <a href=\"https:\/\/petproducts.com.cn\/de\/wholesale-dog-toys\/\">Hundespielzeug<\/a>,<\/strong><\/em><em><strong>\u00a0bitte <a href=\"https:\/\/petproducts.com.cn\/de\/kontaktieren-sie-uns\/\">kontaktiere uns<\/a>!<\/strong><\/em><\/p>","protected":false},"excerpt":{"rendered":"<p>Der <em>Katzenkratzbrett Turm<\/em> kombiniert Spa\u00df und Funktionalit\u00e4t mit einem runden Design, einer austauschbaren geriffelten Kratzfl\u00e4che und interaktiven Kugelbahnen, die Ihre Katze unterhalten und gesund halten.<\/p>","protected":false},"featured_media":30919,"template":"","meta":{"_acf_changed":false},"product_brand":[],"product_cat":[71,81],"product_tag":[209,230],"class_list":{"0":"post-30917","1":"product","2":"type-product","3":"status-publish","4":"has-post-thumbnail","6":"product_cat-cat-supplies","7":"product_cat-cat-toys","8":"product_tag-cat-cardboard","9":"product_tag-interactive-cat-toys","11":"first","12":"instock","13":"shipping-taxable","14":"product-type-simple"},"acf":[],"yoast_head":"<!-- This site is optimized with the Yoast SEO plugin v27.1.1 - https:\/\/yoast.com\/product\/yoast-seo-wordpress\/ -->\n<title>Cat Scratching Board | Cat Cardboard Manufacturer - Petstar<\/title>\n<meta name=\"description\" content=\"Explore Cat Scratching Board from the best cat cardboard supplier. Petstar is a global pet product manufacturer. Your ideal business solution with Petstar.\" \/>\n<meta name=\"robots\" content=\"index, follow, max-snippet:-1, max-image-preview:large, max-video-preview:-1\" \/>\n<link rel=\"canonical\" href=\"https:\/\/petproducts.com.cn\/de\/produkt\/cat-scratching-board-tower-ball-toy-corrugated-pet-kitten-cat-cardboard\/\" \/>\n<meta property=\"og:locale\" content=\"de_DE\" \/>\n<meta property=\"og:type\" content=\"article\" \/>\n<meta property=\"og:title\" content=\"Cat Scratching Board | Cat Cardboard Manufacturer - Petstar\" \/>\n<meta property=\"og:description\" content=\"Explore Cat Scratching Board from the best cat cardboard supplier. Petstar is a global pet product manufacturer. Your ideal business solution with Petstar.\" \/>\n<meta property=\"og:url\" content=\"https:\/\/petproducts.com.cn\/de\/produkt\/cat-scratching-board-tower-ball-toy-corrugated-pet-kitten-cat-cardboard\/\" \/>\n<meta property=\"og:site_name\" content=\"Petstar\" \/>\n<meta property=\"article:modified_time\" content=\"2024-11-28T03:04:34+00:00\" \/>\n<meta property=\"og:image\" content=\"https:\/\/petproducts.com.cn\/wp-content\/uploads\/2024\/11\/Best-cat-scratching-board.png\" \/>\n\t<meta property=\"og:image:width\" content=\"1000\" \/>\n\t<meta property=\"og:image:height\" content=\"1000\" \/>\n\t<meta property=\"og:image:type\" content=\"image\/png\" \/>\n<meta name=\"twitter:card\" content=\"summary_large_image\" \/>\n<meta name=\"twitter:label1\" content=\"Gesch\u00e4tzte Lesezeit\" \/>\n\t<meta name=\"twitter:data1\" content=\"1\u00a0Minute\" \/>\n<script type=\"application\/ld+json\" class=\"yoast-schema-graph\">{\"@context\":\"https:\/\/schema.org\",\"@graph\":[{\"@type\":\"WebPage\",\"@id\":\"https:\/\/petproducts.com.cn\/product\/cat-scratching-board-tower-ball-toy-corrugated-pet-kitten-cat-cardboard\/\",\"url\":\"https:\/\/petproducts.com.cn\/product\/cat-scratching-board-tower-ball-toy-corrugated-pet-kitten-cat-cardboard\/\",\"name\":\"Cat Scratching Board | Cat Cardboard Manufacturer - Petstar\",\"isPartOf\":{\"@id\":\"https:\/\/petproducts.com.cn\/#website\"},\"primaryImageOfPage\":{\"@id\":\"https:\/\/petproducts.com.cn\/product\/cat-scratching-board-tower-ball-toy-corrugated-pet-kitten-cat-cardboard\/#primaryimage\"},\"image\":{\"@id\":\"https:\/\/petproducts.com.cn\/product\/cat-scratching-board-tower-ball-toy-corrugated-pet-kitten-cat-cardboard\/#primaryimage\"},\"thumbnailUrl\":\"https:\/\/petproducts.com.cn\/wp-content\/uploads\/2024\/11\/Best-cat-scratching-board.png\",\"datePublished\":\"2024-11-28T02:28:42+00:00\",\"dateModified\":\"2024-11-28T03:04:34+00:00\",\"description\":\"Explore Cat Scratching Board from the best cat cardboard supplier. Petstar is a global pet product manufacturer. Your ideal business solution with Petstar.\",\"breadcrumb\":{\"@id\":\"https:\/\/petproducts.com.cn\/product\/cat-scratching-board-tower-ball-toy-corrugated-pet-kitten-cat-cardboard\/#breadcrumb\"},\"inLanguage\":\"de\",\"potentialAction\":[{\"@type\":\"ReadAction\",\"target\":[\"https:\/\/petproducts.com.cn\/product\/cat-scratching-board-tower-ball-toy-corrugated-pet-kitten-cat-cardboard\/\"]}]},{\"@type\":\"ImageObject\",\"inLanguage\":\"de\",\"@id\":\"https:\/\/petproducts.com.cn\/product\/cat-scratching-board-tower-ball-toy-corrugated-pet-kitten-cat-cardboard\/#primaryimage\",\"url\":\"https:\/\/petproducts.com.cn\/wp-content\/uploads\/2024\/11\/Best-cat-scratching-board.png\",\"contentUrl\":\"https:\/\/petproducts.com.cn\/wp-content\/uploads\/2024\/11\/Best-cat-scratching-board.png\",\"width\":1000,\"height\":1000,\"caption\":\"Best cat scratching board\"},{\"@type\":\"BreadcrumbList\",\"@id\":\"https:\/\/petproducts.com.cn\/product\/cat-scratching-board-tower-ball-toy-corrugated-pet-kitten-cat-cardboard\/#breadcrumb\",\"itemListElement\":[{\"@type\":\"ListItem\",\"position\":1,\"name\":\"HOME\",\"item\":\"https:\/\/petproducts.com.cn\/\"},{\"@type\":\"ListItem\",\"position\":2,\"name\":\"Products\",\"item\":\"https:\/\/petproducts.com.cn\/shop\/\"},{\"@type\":\"ListItem\",\"position\":3,\"name\":\"Cat Toys\",\"item\":\"https:\/\/petproducts.com.cn\/product-category\/cat-toys\/\"},{\"@type\":\"ListItem\",\"position\":4,\"name\":\"Cat Scratching Board Tower Ball Toy Corrugated Pet Kitten Cat Cardboard\"}]},{\"@type\":\"WebSite\",\"@id\":\"https:\/\/petproducts.com.cn\/#website\",\"url\":\"https:\/\/petproducts.com.cn\/\",\"name\":\"Petstar\",\"description\":\"Leading Pet Supplies Manufacturer &amp; OEM Pet Products Supplier\",\"publisher\":{\"@id\":\"https:\/\/petproducts.com.cn\/#organization\"},\"alternateName\":\"Petstar Pet Supplies\",\"potentialAction\":[{\"@type\":\"SearchAction\",\"target\":{\"@type\":\"EntryPoint\",\"urlTemplate\":\"https:\/\/petproducts.com.cn\/?s={search_term_string}\"},\"query-input\":{\"@type\":\"PropertyValueSpecification\",\"valueRequired\":true,\"valueName\":\"search_term_string\"}}],\"inLanguage\":\"de\"},{\"@type\":\"Organization\",\"@id\":\"https:\/\/petproducts.com.cn\/#organization\",\"name\":\"Petstar\",\"url\":\"https:\/\/petproducts.com.cn\/\",\"logo\":{\"@type\":\"ImageObject\",\"inLanguage\":\"de\",\"@id\":\"https:\/\/petproducts.com.cn\/#\/schema\/logo\/image\/\",\"url\":\"https:\/\/petproducts.com.cn\/wp-content\/uploads\/2020\/02\/petstar-logo.webp\",\"contentUrl\":\"https:\/\/petproducts.com.cn\/wp-content\/uploads\/2020\/02\/petstar-logo.webp\",\"width\":779,\"height\":520,\"caption\":\"Petstar\"},\"image\":{\"@id\":\"https:\/\/petproducts.com.cn\/#\/schema\/logo\/image\/\"}}]}<\/script>\n<!-- \/ Yoast SEO plugin. -->","yoast_head_json":{"title":"Katze Kratzbrett | Katze Karton Hersteller - Petstar","description":"Entdecken Sie das Kratzbrett f\u00fcr Katzen vom besten Anbieter f\u00fcr Katzenpappe. Petstar ist ein globaler Hersteller von Haustierprodukten. Ihre ideale Gesch\u00e4ftsl\u00f6sung mit Petstar.","robots":{"index":"index","follow":"follow","max-snippet":"max-snippet:-1","max-image-preview":"max-image-preview:large","max-video-preview":"max-video-preview:-1"},"canonical":"https:\/\/petproducts.com.cn\/de\/produkt\/cat-scratching-board-tower-ball-toy-corrugated-pet-kitten-cat-cardboard\/","og_locale":"de_DE","og_type":"article","og_title":"Cat Scratching Board | Cat Cardboard Manufacturer - Petstar","og_description":"Explore Cat Scratching Board from the best cat cardboard supplier. Petstar is a global pet product manufacturer. Your ideal business solution with Petstar.","og_url":"https:\/\/petproducts.com.cn\/de\/produkt\/cat-scratching-board-tower-ball-toy-corrugated-pet-kitten-cat-cardboard\/","og_site_name":"Petstar","article_modified_time":"2024-11-28T03:04:34+00:00","og_image":[{"width":1000,"height":1000,"url":"https:\/\/petproducts.com.cn\/wp-content\/uploads\/2024\/11\/Best-cat-scratching-board.png","type":"image\/png"}],"twitter_card":"summary_large_image","twitter_misc":{"Gesch\u00e4tzte Lesezeit":"1\u00a0Minute"},"schema":{"@context":"https:\/\/schema.org","@graph":[{"@type":"WebPage","@id":"https:\/\/petproducts.com.cn\/product\/cat-scratching-board-tower-ball-toy-corrugated-pet-kitten-cat-cardboard\/","url":"https:\/\/petproducts.com.cn\/product\/cat-scratching-board-tower-ball-toy-corrugated-pet-kitten-cat-cardboard\/","name":"Katze Kratzbrett | Katze Karton Hersteller - Petstar","isPartOf":{"@id":"https:\/\/petproducts.com.cn\/#website"},"primaryImageOfPage":{"@id":"https:\/\/petproducts.com.cn\/product\/cat-scratching-board-tower-ball-toy-corrugated-pet-kitten-cat-cardboard\/#primaryimage"},"image":{"@id":"https:\/\/petproducts.com.cn\/product\/cat-scratching-board-tower-ball-toy-corrugated-pet-kitten-cat-cardboard\/#primaryimage"},"thumbnailUrl":"https:\/\/petproducts.com.cn\/wp-content\/uploads\/2024\/11\/Best-cat-scratching-board.png","datePublished":"2024-11-28T02:28:42+00:00","dateModified":"2024-11-28T03:04:34+00:00","description":"Entdecken Sie das Kratzbrett f\u00fcr Katzen vom besten Anbieter f\u00fcr Katzenpappe. Petstar ist ein globaler Hersteller von Haustierprodukten. Ihre ideale Gesch\u00e4ftsl\u00f6sung mit Petstar.","breadcrumb":{"@id":"https:\/\/petproducts.com.cn\/product\/cat-scratching-board-tower-ball-toy-corrugated-pet-kitten-cat-cardboard\/#breadcrumb"},"inLanguage":"de","potentialAction":[{"@type":"ReadAction","target":["https:\/\/petproducts.com.cn\/product\/cat-scratching-board-tower-ball-toy-corrugated-pet-kitten-cat-cardboard\/"]}]},{"@type":"ImageObject","inLanguage":"de","@id":"https:\/\/petproducts.com.cn\/product\/cat-scratching-board-tower-ball-toy-corrugated-pet-kitten-cat-cardboard\/#primaryimage","url":"https:\/\/petproducts.com.cn\/wp-content\/uploads\/2024\/11\/Best-cat-scratching-board.png","contentUrl":"https:\/\/petproducts.com.cn\/wp-content\/uploads\/2024\/11\/Best-cat-scratching-board.png","width":1000,"height":1000,"caption":"Best cat scratching board"},{"@type":"BreadcrumbList","@id":"https:\/\/petproducts.com.cn\/product\/cat-scratching-board-tower-ball-toy-corrugated-pet-kitten-cat-cardboard\/#breadcrumb","itemListElement":[{"@type":"ListItem","position":1,"name":"HOME","item":"https:\/\/petproducts.com.cn\/"},{"@type":"ListItem","position":2,"name":"Products","item":"https:\/\/petproducts.com.cn\/shop\/"},{"@type":"ListItem","position":3,"name":"Cat Toys","item":"https:\/\/petproducts.com.cn\/product-category\/cat-toys\/"},{"@type":"ListItem","position":4,"name":"Cat Scratching Board Tower Ball Toy Corrugated Pet Kitten Cat Cardboard"}]},{"@type":"WebSite","@id":"https:\/\/petproducts.com.cn\/#website","url":"https:\/\/petproducts.com.cn\/","name":"Petstar","description":"F\u00fchrender Hersteller von Heimtierbedarf und OEM-Lieferant von Heimtierprodukten","publisher":{"@id":"https:\/\/petproducts.com.cn\/#organization"},"alternateName":"Petstar Pet Supplies","potentialAction":[{"@type":"SearchAction","target":{"@type":"EntryPoint","urlTemplate":"https:\/\/petproducts.com.cn\/?s={search_term_string}"},"query-input":{"@type":"PropertyValueSpecification","valueRequired":true,"valueName":"search_term_string"}}],"inLanguage":"de"},{"@type":"Organization","@id":"https:\/\/petproducts.com.cn\/#organization","name":"Petstar","url":"https:\/\/petproducts.com.cn\/","logo":{"@type":"ImageObject","inLanguage":"de","@id":"https:\/\/petproducts.com.cn\/#\/schema\/logo\/image\/","url":"https:\/\/petproducts.com.cn\/wp-content\/uploads\/2020\/02\/petstar-logo.webp","contentUrl":"https:\/\/petproducts.com.cn\/wp-content\/uploads\/2020\/02\/petstar-logo.webp","width":779,"height":520,"caption":"Petstar"},"image":{"@id":"https:\/\/petproducts.com.cn\/#\/schema\/logo\/image\/"}}]}},"_links":{"self":[{"href":"https:\/\/petproducts.com.cn\/de\/wp-json\/wp\/v2\/product\/30917","targetHints":{"allow":["GET"]}}],"collection":[{"href":"https:\/\/petproducts.com.cn\/de\/wp-json\/wp\/v2\/product"}],"about":[{"href":"https:\/\/petproducts.com.cn\/de\/wp-json\/wp\/v2\/types\/product"}],"version-history":[{"count":2,"href":"https:\/\/petproducts.com.cn\/de\/wp-json\/wp\/v2\/product\/30917\/revisions"}],"predecessor-version":[{"id":30925,"href":"https:\/\/petproducts.com.cn\/de\/wp-json\/wp\/v2\/product\/30917\/revisions\/30925"}],"wp:featuredmedia":[{"embeddable":true,"href":"https:\/\/petproducts.com.cn\/de\/wp-json\/wp\/v2\/media\/30919"}],"wp:attachment":[{"href":"https:\/\/petproducts.com.cn\/de\/wp-json\/wp\/v2\/media?parent=30917"}],"wp:term":[{"taxonomy":"product_brand","embeddable":true,"href":"https:\/\/petproducts.com.cn\/de\/wp-json\/wp\/v2\/product_brand?post=30917"},{"taxonomy":"product_cat","embeddable":true,"href":"https:\/\/petproducts.com.cn\/de\/wp-json\/wp\/v2\/product_cat?post=30917"},{"taxonomy":"product_tag","embeddable":true,"href":"https:\/\/petproducts.com.cn\/de\/wp-json\/wp\/v2\/product_tag?post=30917"}],"curies":[{"name":"wp","href":"https:\/\/api.w.org\/{rel}","templated":true}]}}