{"id":31075,"date":"2024-12-05T06:15:30","date_gmt":"2024-12-05T06:15:30","guid":{"rendered":"https:\/\/petproducts.com.cn\/?post_type=product&#038;p=31075"},"modified":"2024-12-12T08:48:01","modified_gmt":"2024-12-12T08:48:01","slug":"pet-cooling-beds-cat-dog-breathable-cool-quilting-odor-proof-antibacterial-pet-bed","status":"publish","type":"product","link":"https:\/\/petproducts.com.cn\/de\/product\/pet-cooling-beds-cat-dog-breathable-cool-quilting-odor-proof-antibacterial-pet-bed\/","title":{"rendered":"Haustier K\u00fchlung Betten Katze Hund Atmungsaktiv Cool Steppung Geruch-Beweis Antibakterielle Haustier Bett"},"content":{"rendered":"<h2>Eigenschaften von Haustier-K\u00fchlbetten<\/h2>\n<ul>\n<li><strong>K\u00fchlendes, atmungsaktives Gewebe<\/strong><br \/>\nDas Bett besteht aus modernem, atmungsaktivem und k\u00fchlendem Material, das die Luft zirkulieren l\u00e4sst und daf\u00fcr sorgt, dass Ihr Haustier k\u00fchl und bequem bleibt. Es tr\u00e4gt zur Regulierung der K\u00f6rpertemperatur Ihres Haustieres bei und bietet eine ideale Ruheumgebung an warmen Tagen.<\/li>\n<li><strong>Antibakteriell und geruchshemmend<\/strong><br \/>\nDas <em>Antibakterielles Haustierbett<\/em> verf\u00fcgt \u00fcber ein antibakterielles Gewebe, das die Ansammlung von Bakterien verhindert und Ihr Haustier vor m\u00f6glichen Hautinfektionen sch\u00fctzt. Dar\u00fcber hinaus ist es geruchsdicht und eignet sich daher perfekt f\u00fcr Haustiere, die zu Ger\u00fcchen neigen, um jederzeit eine frische und saubere Umgebung zu gew\u00e4hrleisten.<\/li>\n<li><strong>Anti-Rutsch-Boden<\/strong><br \/>\nDas K\u00fchlbett ist mit einer rutschfesten Unterseite ausgestattet, die es auf jeder Oberfl\u00e4che an seinem Platz h\u00e4lt. Ob auf dem Boden, in der Kiste Ihres Haustieres oder anderswo, das Bett verrutscht nicht und bietet zus\u00e4tzliche Sicherheit und Komfort.<\/li>\n<li><strong>Sp\u00e9cialisation dans la fabrication sur mesure de produits pour animaux de compagnie.<\/strong><br \/>\nDieses K\u00fchlbett f\u00fcr Haustiere wurde aus hochwertigen Materialien gefertigt und ist f\u00fcr eine lange Lebensdauer ausgelegt. Das Material ist sowohl strapazierf\u00e4hig als auch weich, sodass Ihr Haustier auch bei t\u00e4glichem Gebrauch lange Freude daran haben wird, ohne es zu verschlei\u00dfen.<\/li>\n<li><strong>Weich und bequem<\/strong><br \/>\nDie weiche Steppung des Bettes sorgt f\u00fcr zus\u00e4tzlichen Komfort und bietet Ihrem Haustier einen gem\u00fctlichen Platz zum Entspannen. Es ist sanft zur Haut Ihres Haustieres und daher eine gute Wahl f\u00fcr Haustiere, die gerne lange liegen.<\/li>\n<li><strong>Ideal f\u00fcr hei\u00dfes Wetter<\/strong><br \/>\nDieses Bett ist perfekt f\u00fcr die w\u00e4rmeren Monate und sch\u00fctzt Ihr Haustier vor \u00dcberhitzung. Dank seiner k\u00fchlenden Eigenschaften ist es ideal f\u00fcr Haustiere, die bei hei\u00dfem Wetter einen k\u00fchlen Platz zum Ausruhen und Entspannen ben\u00f6tigen, und bietet die dringend ben\u00f6tigte Erleichterung bei Hitze.<\/li>\n<li><strong>Vielseitig einsetzbar f\u00fcr Katzen und Hunde<\/strong><br \/>\nDieses K\u00fchlbett wurde sowohl f\u00fcr Katzen als auch f\u00fcr Hunde entwickelt und eignet sich f\u00fcr alle Arten von Haustieren. Sein vielseitiges Design macht es zu einer guten Wahl f\u00fcr verschiedene Rassen und Gr\u00f6\u00dfen, so dass jedes Haustier in den Genuss seiner k\u00fchlenden und komfortablen Eigenschaften kommt.<\/li>\n<\/ul>\n<p style=\"text-align: center;\"><em><strong>F\u00fcr mehr <a href=\"https:\/\/petproducts.com.cn\/de\/wholesale-dog-beds\/\">Hund\u00a0<\/a><\/strong><\/em><em><strong><a href=\"https:\/\/petproducts.com.cn\/de\/wholesale-dog-beds\/\">Betten<\/a> &amp; <a href=\"https:\/\/petproducts.com.cn\/de\/wholesale-cat-beds\/\">Petstar\u2019s dedicated design team regularly introduces fresh, trend-setting products, keeping Petstar\u2019s partners ahead in the pet care market.<\/a>, Bitte <a href=\"https:\/\/petproducts.com.cn\/de\/kontaktieren-sie-uns\/\">kontaktiere uns<\/a>!<\/strong><\/em><\/p>","protected":false},"excerpt":{"rendered":"<p>Der <em>K\u00fchlende Betten f\u00fcr Haustiere<\/em> bieten Ihrem pelzigen Freund einen k\u00fchlen, atmungsaktiven und bequemen Schlafplatz. Mit antibakteriellen, geruchshemmenden Eigenschaften und einer rutschfesten Unterseite ist dieses Bett die perfekte Wahl f\u00fcr Haustiere, die sich vor der Hitze sch\u00fctzen m\u00fcssen.<\/p>","protected":false},"featured_media":31082,"template":"","meta":{"_acf_changed":false},"product_brand":[],"product_cat":[58,71,57,72],"product_tag":[249,224,203],"class_list":{"0":"post-31075","1":"product","2":"type-product","3":"status-publish","4":"has-post-thumbnail","6":"product_cat-cat-beds","7":"product_cat-cat-supplies","8":"product_cat-dog-beds","9":"product_cat-dog-supplies","10":"product_tag-bolster-pet-beds","11":"product_tag-cooling-pet-beds","12":"product_tag-pet-beds","14":"first","15":"instock","16":"shipping-taxable","17":"product-type-simple"},"acf":[],"yoast_head":"<!-- This site is optimized with the Yoast SEO plugin v27.1.1 - https:\/\/yoast.com\/product\/yoast-seo-wordpress\/ -->\n<title>Pet Cooling Beds | Odor-proof Pet Bed Manufacturer - Petstar<\/title>\n<meta name=\"description\" content=\"Explore Pet Cooling Beds from the best pet products supplier. Petstar is a global pet products manufacturer. Your ideal business solution with Petstar.\" \/>\n<meta name=\"robots\" content=\"index, follow, max-snippet:-1, max-image-preview:large, max-video-preview:-1\" \/>\n<link rel=\"canonical\" href=\"https:\/\/petproducts.com.cn\/de\/produkt\/pet-cooling-beds-cat-dog-breathable-cool-quilting-odor-proof-antibacterial-pet-bed\/\" \/>\n<meta property=\"og:locale\" content=\"de_DE\" \/>\n<meta property=\"og:type\" content=\"article\" \/>\n<meta property=\"og:title\" content=\"Pet Cooling Beds | Odor-proof Pet Bed Manufacturer - Petstar\" \/>\n<meta property=\"og:description\" content=\"Explore Pet Cooling Beds from the best pet products supplier. Petstar is a global pet products manufacturer. Your ideal business solution with Petstar.\" \/>\n<meta property=\"og:url\" content=\"https:\/\/petproducts.com.cn\/de\/produkt\/pet-cooling-beds-cat-dog-breathable-cool-quilting-odor-proof-antibacterial-pet-bed\/\" \/>\n<meta property=\"og:site_name\" content=\"Petstar\" \/>\n<meta property=\"article:modified_time\" content=\"2024-12-12T08:48:01+00:00\" \/>\n<meta property=\"og:image\" content=\"https:\/\/petproducts.com.cn\/wp-content\/uploads\/2024\/12\/Pet-Cooling-Beds.webp\" \/>\n\t<meta property=\"og:image:width\" content=\"1000\" \/>\n\t<meta property=\"og:image:height\" content=\"1000\" \/>\n\t<meta property=\"og:image:type\" content=\"image\/webp\" \/>\n<meta name=\"twitter:card\" content=\"summary_large_image\" \/>\n<meta name=\"twitter:label1\" content=\"Gesch\u00e4tzte Lesezeit\" \/>\n\t<meta name=\"twitter:data1\" content=\"2\u00a0Minuten\" \/>\n<script type=\"application\/ld+json\" class=\"yoast-schema-graph\">{\"@context\":\"https:\/\/schema.org\",\"@graph\":[{\"@type\":\"WebPage\",\"@id\":\"https:\/\/petproducts.com.cn\/product\/pet-cooling-beds-cat-dog-breathable-cool-quilting-odor-proof-antibacterial-pet-bed\/\",\"url\":\"https:\/\/petproducts.com.cn\/product\/pet-cooling-beds-cat-dog-breathable-cool-quilting-odor-proof-antibacterial-pet-bed\/\",\"name\":\"Pet Cooling Beds | Odor-proof Pet Bed Manufacturer - Petstar\",\"isPartOf\":{\"@id\":\"https:\/\/petproducts.com.cn\/#website\"},\"primaryImageOfPage\":{\"@id\":\"https:\/\/petproducts.com.cn\/product\/pet-cooling-beds-cat-dog-breathable-cool-quilting-odor-proof-antibacterial-pet-bed\/#primaryimage\"},\"image\":{\"@id\":\"https:\/\/petproducts.com.cn\/product\/pet-cooling-beds-cat-dog-breathable-cool-quilting-odor-proof-antibacterial-pet-bed\/#primaryimage\"},\"thumbnailUrl\":\"https:\/\/petproducts.com.cn\/wp-content\/uploads\/2024\/12\/Pet-Cooling-Beds.webp\",\"datePublished\":\"2024-12-05T06:15:30+00:00\",\"dateModified\":\"2024-12-12T08:48:01+00:00\",\"description\":\"Explore Pet Cooling Beds from the best pet products supplier. Petstar is a global pet products manufacturer. Your ideal business solution with Petstar.\",\"breadcrumb\":{\"@id\":\"https:\/\/petproducts.com.cn\/product\/pet-cooling-beds-cat-dog-breathable-cool-quilting-odor-proof-antibacterial-pet-bed\/#breadcrumb\"},\"inLanguage\":\"de\",\"potentialAction\":[{\"@type\":\"ReadAction\",\"target\":[\"https:\/\/petproducts.com.cn\/product\/pet-cooling-beds-cat-dog-breathable-cool-quilting-odor-proof-antibacterial-pet-bed\/\"]}]},{\"@type\":\"ImageObject\",\"inLanguage\":\"de\",\"@id\":\"https:\/\/petproducts.com.cn\/product\/pet-cooling-beds-cat-dog-breathable-cool-quilting-odor-proof-antibacterial-pet-bed\/#primaryimage\",\"url\":\"https:\/\/petproducts.com.cn\/wp-content\/uploads\/2024\/12\/Pet-Cooling-Beds.webp\",\"contentUrl\":\"https:\/\/petproducts.com.cn\/wp-content\/uploads\/2024\/12\/Pet-Cooling-Beds.webp\",\"width\":1000,\"height\":1000,\"caption\":\"Pet Cooling Beds\"},{\"@type\":\"BreadcrumbList\",\"@id\":\"https:\/\/petproducts.com.cn\/product\/pet-cooling-beds-cat-dog-breathable-cool-quilting-odor-proof-antibacterial-pet-bed\/#breadcrumb\",\"itemListElement\":[{\"@type\":\"ListItem\",\"position\":1,\"name\":\"HOME\",\"item\":\"https:\/\/petproducts.com.cn\/\"},{\"@type\":\"ListItem\",\"position\":2,\"name\":\"Products\",\"item\":\"https:\/\/petproducts.com.cn\/shop\/\"},{\"@type\":\"ListItem\",\"position\":3,\"name\":\"Dog Beds\",\"item\":\"https:\/\/petproducts.com.cn\/product-category\/dog-beds\/\"},{\"@type\":\"ListItem\",\"position\":4,\"name\":\"Pet Cooling Beds Cat Dog Breathable Cool Quilting Odor-proof Antibacterial Pet Bed\"}]},{\"@type\":\"WebSite\",\"@id\":\"https:\/\/petproducts.com.cn\/#website\",\"url\":\"https:\/\/petproducts.com.cn\/\",\"name\":\"Petstar\",\"description\":\"Leading Pet Supplies Manufacturer &amp; OEM Pet Products Supplier\",\"publisher\":{\"@id\":\"https:\/\/petproducts.com.cn\/#organization\"},\"alternateName\":\"Petstar Pet Supplies\",\"potentialAction\":[{\"@type\":\"SearchAction\",\"target\":{\"@type\":\"EntryPoint\",\"urlTemplate\":\"https:\/\/petproducts.com.cn\/?s={search_term_string}\"},\"query-input\":{\"@type\":\"PropertyValueSpecification\",\"valueRequired\":true,\"valueName\":\"search_term_string\"}}],\"inLanguage\":\"de\"},{\"@type\":\"Organization\",\"@id\":\"https:\/\/petproducts.com.cn\/#organization\",\"name\":\"Petstar\",\"url\":\"https:\/\/petproducts.com.cn\/\",\"logo\":{\"@type\":\"ImageObject\",\"inLanguage\":\"de\",\"@id\":\"https:\/\/petproducts.com.cn\/#\/schema\/logo\/image\/\",\"url\":\"https:\/\/petproducts.com.cn\/wp-content\/uploads\/2020\/02\/petstar-logo.webp\",\"contentUrl\":\"https:\/\/petproducts.com.cn\/wp-content\/uploads\/2020\/02\/petstar-logo.webp\",\"width\":779,\"height\":520,\"caption\":\"Petstar\"},\"image\":{\"@id\":\"https:\/\/petproducts.com.cn\/#\/schema\/logo\/image\/\"}}]}<\/script>\n<!-- \/ Yoast SEO plugin. -->","yoast_head_json":{"title":"Haustier K\u00fchlung Betten | Geruchsdicht Haustier Bett Hersteller - Petstar","description":"Entdecken Sie die K\u00fchlbetten f\u00fcr Haustiere vom besten Anbieter f\u00fcr Haustierprodukte. Petstar ist ein globaler Hersteller von Haustierprodukten. Ihre ideale Gesch\u00e4ftsl\u00f6sung mit Petstar.","robots":{"index":"index","follow":"follow","max-snippet":"max-snippet:-1","max-image-preview":"max-image-preview:large","max-video-preview":"max-video-preview:-1"},"canonical":"https:\/\/petproducts.com.cn\/de\/produkt\/pet-cooling-beds-cat-dog-breathable-cool-quilting-odor-proof-antibacterial-pet-bed\/","og_locale":"de_DE","og_type":"article","og_title":"Pet Cooling Beds | Odor-proof Pet Bed Manufacturer - Petstar","og_description":"Explore Pet Cooling Beds from the best pet products supplier. Petstar is a global pet products manufacturer. Your ideal business solution with Petstar.","og_url":"https:\/\/petproducts.com.cn\/de\/produkt\/pet-cooling-beds-cat-dog-breathable-cool-quilting-odor-proof-antibacterial-pet-bed\/","og_site_name":"Petstar","article_modified_time":"2024-12-12T08:48:01+00:00","og_image":[{"width":1000,"height":1000,"url":"https:\/\/petproducts.com.cn\/wp-content\/uploads\/2024\/12\/Pet-Cooling-Beds.webp","type":"image\/webp"}],"twitter_card":"summary_large_image","twitter_misc":{"Gesch\u00e4tzte Lesezeit":"2\u00a0Minuten"},"schema":{"@context":"https:\/\/schema.org","@graph":[{"@type":"WebPage","@id":"https:\/\/petproducts.com.cn\/product\/pet-cooling-beds-cat-dog-breathable-cool-quilting-odor-proof-antibacterial-pet-bed\/","url":"https:\/\/petproducts.com.cn\/product\/pet-cooling-beds-cat-dog-breathable-cool-quilting-odor-proof-antibacterial-pet-bed\/","name":"Haustier K\u00fchlung Betten | Geruchsdicht Haustier Bett Hersteller - Petstar","isPartOf":{"@id":"https:\/\/petproducts.com.cn\/#website"},"primaryImageOfPage":{"@id":"https:\/\/petproducts.com.cn\/product\/pet-cooling-beds-cat-dog-breathable-cool-quilting-odor-proof-antibacterial-pet-bed\/#primaryimage"},"image":{"@id":"https:\/\/petproducts.com.cn\/product\/pet-cooling-beds-cat-dog-breathable-cool-quilting-odor-proof-antibacterial-pet-bed\/#primaryimage"},"thumbnailUrl":"https:\/\/petproducts.com.cn\/wp-content\/uploads\/2024\/12\/Pet-Cooling-Beds.webp","datePublished":"2024-12-05T06:15:30+00:00","dateModified":"2024-12-12T08:48:01+00:00","description":"Entdecken Sie die K\u00fchlbetten f\u00fcr Haustiere vom besten Anbieter f\u00fcr Haustierprodukte. Petstar ist ein globaler Hersteller von Haustierprodukten. Ihre ideale Gesch\u00e4ftsl\u00f6sung mit Petstar.","breadcrumb":{"@id":"https:\/\/petproducts.com.cn\/product\/pet-cooling-beds-cat-dog-breathable-cool-quilting-odor-proof-antibacterial-pet-bed\/#breadcrumb"},"inLanguage":"de","potentialAction":[{"@type":"ReadAction","target":["https:\/\/petproducts.com.cn\/product\/pet-cooling-beds-cat-dog-breathable-cool-quilting-odor-proof-antibacterial-pet-bed\/"]}]},{"@type":"ImageObject","inLanguage":"de","@id":"https:\/\/petproducts.com.cn\/product\/pet-cooling-beds-cat-dog-breathable-cool-quilting-odor-proof-antibacterial-pet-bed\/#primaryimage","url":"https:\/\/petproducts.com.cn\/wp-content\/uploads\/2024\/12\/Pet-Cooling-Beds.webp","contentUrl":"https:\/\/petproducts.com.cn\/wp-content\/uploads\/2024\/12\/Pet-Cooling-Beds.webp","width":1000,"height":1000,"caption":"Pet Cooling Beds"},{"@type":"BreadcrumbList","@id":"https:\/\/petproducts.com.cn\/product\/pet-cooling-beds-cat-dog-breathable-cool-quilting-odor-proof-antibacterial-pet-bed\/#breadcrumb","itemListElement":[{"@type":"ListItem","position":1,"name":"HOME","item":"https:\/\/petproducts.com.cn\/"},{"@type":"ListItem","position":2,"name":"Products","item":"https:\/\/petproducts.com.cn\/shop\/"},{"@type":"ListItem","position":3,"name":"Dog Beds","item":"https:\/\/petproducts.com.cn\/product-category\/dog-beds\/"},{"@type":"ListItem","position":4,"name":"Pet Cooling Beds Cat Dog Breathable Cool Quilting Odor-proof Antibacterial Pet Bed"}]},{"@type":"WebSite","@id":"https:\/\/petproducts.com.cn\/#website","url":"https:\/\/petproducts.com.cn\/","name":"Petstar","description":"F\u00fchrender Hersteller von Heimtierbedarf und OEM-Lieferant von Heimtierprodukten","publisher":{"@id":"https:\/\/petproducts.com.cn\/#organization"},"alternateName":"Petstar Pet Supplies","potentialAction":[{"@type":"SearchAction","target":{"@type":"EntryPoint","urlTemplate":"https:\/\/petproducts.com.cn\/?s={search_term_string}"},"query-input":{"@type":"PropertyValueSpecification","valueRequired":true,"valueName":"search_term_string"}}],"inLanguage":"de"},{"@type":"Organization","@id":"https:\/\/petproducts.com.cn\/#organization","name":"Petstar","url":"https:\/\/petproducts.com.cn\/","logo":{"@type":"ImageObject","inLanguage":"de","@id":"https:\/\/petproducts.com.cn\/#\/schema\/logo\/image\/","url":"https:\/\/petproducts.com.cn\/wp-content\/uploads\/2020\/02\/petstar-logo.webp","contentUrl":"https:\/\/petproducts.com.cn\/wp-content\/uploads\/2020\/02\/petstar-logo.webp","width":779,"height":520,"caption":"Petstar"},"image":{"@id":"https:\/\/petproducts.com.cn\/#\/schema\/logo\/image\/"}}]}},"_links":{"self":[{"href":"https:\/\/petproducts.com.cn\/de\/wp-json\/wp\/v2\/product\/31075","targetHints":{"allow":["GET"]}}],"collection":[{"href":"https:\/\/petproducts.com.cn\/de\/wp-json\/wp\/v2\/product"}],"about":[{"href":"https:\/\/petproducts.com.cn\/de\/wp-json\/wp\/v2\/types\/product"}],"version-history":[{"count":3,"href":"https:\/\/petproducts.com.cn\/de\/wp-json\/wp\/v2\/product\/31075\/revisions"}],"predecessor-version":[{"id":31084,"href":"https:\/\/petproducts.com.cn\/de\/wp-json\/wp\/v2\/product\/31075\/revisions\/31084"}],"wp:featuredmedia":[{"embeddable":true,"href":"https:\/\/petproducts.com.cn\/de\/wp-json\/wp\/v2\/media\/31082"}],"wp:attachment":[{"href":"https:\/\/petproducts.com.cn\/de\/wp-json\/wp\/v2\/media?parent=31075"}],"wp:term":[{"taxonomy":"product_brand","embeddable":true,"href":"https:\/\/petproducts.com.cn\/de\/wp-json\/wp\/v2\/product_brand?post=31075"},{"taxonomy":"product_cat","embeddable":true,"href":"https:\/\/petproducts.com.cn\/de\/wp-json\/wp\/v2\/product_cat?post=31075"},{"taxonomy":"product_tag","embeddable":true,"href":"https:\/\/petproducts.com.cn\/de\/wp-json\/wp\/v2\/product_tag?post=31075"}],"curies":[{"name":"wp","href":"https:\/\/api.w.org\/{rel}","templated":true}]}}